{"id":4007,"date":"2025-03-26T07:12:34","date_gmt":"2025-03-26T07:12:34","guid":{"rendered":"https:\/\/vapestornado.com\/?post_type=product&#038;p=4007"},"modified":"2025-12-08T09:42:38","modified_gmt":"2025-12-08T09:42:38","slug":"vapme-goat-40000-puff-40k-hookah-shisha-pen-price-wholesale-e-cigarette","status":"publish","type":"product","link":"https:\/\/vapestornado.com\/cs\/product\/vapme-goat-40000-puff-40k-hookah-shisha-pen-price-wholesale-e-cigarette\/","title":{"rendered":"Vapme Goat 40000 pot\u00e1hnut\u00ed 40k Hookah Shisha Pen cena velkoobchod E cigareta"},"content":{"rendered":"<h2 data-pm-slice=\"1 1 []\">Vapme Goat 40000 Puf shisha hookah jednor\u00e1zov\u00fd vaporiz\u00e9r s nastaviteln\u00fdm pr\u016ftokem vzduchu Velkoobchod EU<\/h2>\n<p data-start=\"181\" data-end=\"485\">Ten <strong data-start=\"110\" data-end=\"135\">Vapme Goat 40000 Puf<\/strong> je vysoce kapacitn\u00ed shisha-style jednor\u00e1zov\u00fd vaporiz\u00e9r ur\u010den\u00fd pro lidi, kte\u0159\u00ed \u010dasto vapuj\u00ed a cht\u011bj\u00ed za\u0159\u00edzen\u00ed, kter\u00e9 si zachov\u00e1 konzistenci v \u010dase. Dod\u00e1v\u00e1 <strong data-start=\"273\" data-end=\"295\">a\u017e 40 000 pota\u017een\u00ed<\/strong> z <strong data-start=\"303\" data-end=\"332\">30ml p\u0159ednapln\u011bn\u00fd rezervo\u00e1r<\/strong>, poh\u00e1n\u011bn\u00fd <strong data-start=\"346\" data-end=\"364\">0,4\u03a9 mesh spir\u00e1lka<\/strong> kter\u00fd tla\u010d\u00ed hust\u00fd par a plnou chu\u0165 bez tvrdnut\u00ed. Jeden <strong data-start=\"433\" data-end=\"490\">850mAh dob\u00edjec\u00ed bateri\u00ed s rychl\u00fdm nab\u00edjen\u00edm Type-C<\/strong> udr\u017euje v\u00fdkon stabiln\u00ed, zat\u00edmco <strong data-start=\"523\" data-end=\"545\">Nastaviteln\u00fd pr\u016ftok vzduchu<\/strong> umo\u017e\u0148uje nastavit tah od t\u011bsn\u00e9ho MTL po otev\u0159en\u00fd DTL. Dva nikotinov\u00e9 s\u00edly \u2014 <strong data-start=\"622\" data-end=\"635\">0% a 2%<\/strong> \u2014 zjednodu\u0161uj\u00ed volbu a jsou p\u0159\u00e1telsk\u00e9 k EU.<\/p>\n<h3><strong>Pro\u010d si vap\u00e9\u0159i vyb\u00edraj\u00ed Vapme Goat 40000 Puffs?<\/strong><\/h3>\n<ul>\n<li data-start=\"951\" data-end=\"1165\">\n<p data-start=\"953\" data-end=\"1165\"><strong data-start=\"953\" data-end=\"995\">Kapacita podpo\u0159en\u00e1 skute\u010dn\u00fdm objemem tekutiny.<\/strong> Hodnocen\u00ed 40K je podpo\u0159eno <strong data-start=\"1029\" data-end=\"1042\">30ml n\u00e1dr\u017eky<\/strong>, nikoli mal\u00fdm pouzdrem s tvrzen\u00edm o z\u00e1zrac\u00edch. To sni\u017euje probl\u00e9m \u201ena den, pak pr\u00e1zdn\u00fd\u201c b\u011b\u017en\u00fd u men\u0161\u00edch jednor\u00e1zov\u00fdch za\u0159\u00edzen\u00ed.<\/p>\n<\/li>\n<li data-start=\"1167\" data-end=\"1391\">\n<p data-start=\"1169\" data-end=\"1391\"><strong data-start=\"1169\" data-end=\"1217\">N\u00edzkoodporov\u00e1 s\u00ed\u0165ov\u00e1 c\u00edvka pro v\u00e1\u017en\u00fd par.<\/strong> Ten <strong data-start=\"1222\" data-end=\"1240\">0,4\u03a9 mesh spir\u00e1lka<\/strong> je nastavena na bohat\u0161\u00ed v\u00fdstup a siln\u011bj\u0161\u00ed p\u0159\u00edtomnost chuti. Je to typ c\u00edvky, kterou zna\u010dky pou\u017e\u00edvaj\u00ed, kdy\u017e cht\u011bj\u00ed shisha-\u0159\u00edzen\u00fd, cloudov\u00fd pocit.<\/p>\n<\/li>\n<li data-start=\"1393\" data-end=\"1595\">\n<p data-start=\"1395\" data-end=\"1595\"><strong data-start=\"1395\" data-end=\"1445\">Dob\u00edjec\u00ed, tak\u017ee za\u0159\u00edzen\u00ed nevypne brzy.<\/strong> D\u00edky <strong data-start=\"1454\" data-end=\"1472\">Baterie 850mAh<\/strong> a <strong data-start=\"1477\" data-end=\"1501\">Rychl\u00e9 nab\u00edjen\u00ed Type-C<\/strong>, m\u016f\u017eete jej dob\u00edjet podle pot\u0159eby a spot\u0159ebovat zbytek tekutiny m\u00edsto vyhozen\u00ed kv\u016fli n\u00edzk\u00e9 kapacit\u011b baterie.<\/p>\n<\/li>\n<li data-start=\"1597\" data-end=\"1778\">\n<p data-start=\"1599\" data-end=\"1778\"><strong data-start=\"1599\" data-end=\"1635\">Vzduchov\u00fd tok, kter\u00fd odpov\u00edd\u00e1 va\u0161emu stylu.<\/strong> Nastaviteln\u00fd pr\u016ftok vzduchu znamen\u00e1 t\u011bsn\u011bj\u0161\u00ed, cigaretov\u00fd styl tahu pro MTL nebo otev\u0159en\u011bj\u0161\u00ed DTL tah, kdy\u017e chcete v\u011bt\u0161\u00ed p\u00e1ru \u2014 jedno za\u0159\u00edzen\u00ed, dva zvyky.<\/p>\n<\/li>\n<li data-start=\"1780\" data-end=\"1973\">\n<p data-start=\"1782\" data-end=\"1973\"><strong data-start=\"1782\" data-end=\"1819\">P\u0159\u00edm\u00e9 mo\u017enosti nikotinu.<\/strong> <strong data-start=\"1820\" data-end=\"1843\">0% pro pouze chu\u0165<\/strong> a <strong data-start=\"1848\" data-end=\"1879\">2% pro lehk\u00fd n\u00e1raz nikotinu<\/strong> udr\u017eujte tento model v souladu s u\u017eivateli, kte\u0159\u00ed necht\u011bj\u00ed silnou s\u00edlu, ale st\u00e1le cht\u011bj\u00ed uspokojen\u00ed.<\/p>\n<\/li>\n<\/ul>\n<p>Vylep\u0161ete svou hru vapingu s\u00a0<strong>Vapme Goat 40000 Pot\u00e1hnut\u00ed<\/strong>\u2014<strong>dlouhotrvaj\u00edc\u00ed, chutnou a ultra pohodlnou<\/strong>. Ide\u00e1ln\u00ed pro\u00a0<strong>velkoobchodn\u00ed odb\u011bratele a individu\u00e1ln\u00ed vapery<\/strong>\u00a0hledaj\u00edc\u00ed\u00a0<strong>vysoce kvalitn\u00ed jednor\u00e1zovou vapku<\/strong>\u00a0za konkurenceschopnou cenu.<\/p>\n<p><strong>Nakupujte nyn\u00ed a u\u017eijte si nejjemn\u011bj\u0161\u00ed a nejuspokojiv\u011bj\u0161\u00ed pot\u00e1hnut\u00ed!<\/strong><\/p>\n<p data-start=\"666\" data-end=\"1235\"><strong style=\"font-size: 16px;\"><span style=\"color: #ff0000;\">P\u0159idejte si WhatsApp Amy a z\u00edskejte okam\u017eitou odpov\u011b\u010f a zv\u00fdhodn\u011bnou cenu!<\/span><\/strong><\/p>\n<p><img fetchpriority=\"high\" decoding=\"async\" class=\"size-full wp-image-2932\" src=\"https:\/\/vapestornado.com\/wp-content\/uploads\/2024\/12\/Vape-Wholesale.jpg\" alt=\"Velkoobchod s vape\" width=\"229\" height=\"300\" \/><\/p>\n<h3><a href=\"https:\/\/wa.me\/8617776015835\" target=\"_blank\" rel=\"noopener\"><span style=\"color: #ff0000;\"><strong>WhatsApp: +86 17776015835<\/strong><\/span><\/a><\/h3>\n<p>&nbsp;<\/p>\n<h2><strong>Vapme Goat 40000 pot\u00e1hnut\u00ed \u2013 Kl\u00ed\u010dov\u00e9 vlastnosti produktu<\/strong><\/h2>\n<table>\n<thead>\n<tr>\n<th>Funkce<\/th>\n<th>Specifikace<\/th>\n<th>Detaily<\/th>\n<\/tr>\n<\/thead>\n<tbody>\n<tr>\n<td>Typ produktu<\/td>\n<td>Jednor\u00e1zov\u00e1 vaporiz\u00e9r na shishu\/hookah<\/td>\n<td>Pocit s p\u0159ednost\u00ed oblaku s hladk\u00fdm tahem.<\/td>\n<\/tr>\n<tr>\n<td>Kapacita pot\u00e1hnut\u00ed<\/td>\n<td>A\u017e 40 000 pota\u017een\u00ed<\/td>\n<td>Vysok\u00e1 \u017eivotnost pro pravideln\u00e9 u\u017eivatele; m\u00e9n\u011b v\u00fdm\u011bn.<\/td>\n<\/tr>\n<tr>\n<td>Objem e-liquidu<\/td>\n<td>30ml p\u0159ednapln\u011bn\u00e9<\/td>\n<td>Velk\u00fd z\u00e1sobn\u00edk podporuje del\u0161\u00ed sezen\u00ed.<\/td>\n<\/tr>\n<tr>\n<td>Spir\u00e1la<\/td>\n<td>0,4\u03a9 Mesh spir\u00e1lka<\/td>\n<td>N\u00edzk\u00fd odpor pro hustou p\u00e1ru a silnou chu\u0165.<\/td>\n<\/tr>\n<tr>\n<td>Baterie<\/td>\n<td>850mAh dob\u00edjec\u00ed<\/td>\n<td>St\u00e1l\u00fd v\u00fdkon; dob\u00edjejte pro dokon\u010den\u00ed pln\u00e9 n\u00e1dr\u017ee.<\/td>\n<\/tr>\n<tr>\n<td>Nab\u00edjen\u00ed<\/td>\n<td>Rychl\u00e9 nab\u00edjen\u00ed Type-C<\/td>\n<td>Kr\u00e1tk\u00e1 doba odst\u00e1vky, modern\u00ed kompatibilita s kabelem.<\/td>\n<\/tr>\n<tr>\n<td>Pr\u016ftok vzduchu<\/td>\n<td>Nastaviteln\u00e9<\/td>\n<td>Podporuje jak MTL, tak DTL styly tahu.<\/td>\n<\/tr>\n<tr>\n<td>Mo\u017enosti nikotinu<\/td>\n<td>0% \/ 2% s\u016fl nikotinu<\/td>\n<td>Pouze chu\u0165 nebo lehk\u00e9 uspokojen\u00ed s nikotinem.<\/td>\n<\/tr>\n<tr>\n<td>P\u0159\u00edchut\u011b<\/td>\n<td>10 p\u0159\u00edchut\u00ed<\/td>\n<td>Obsahuje v\u00edce profil\u016f bobul\u00ed\/\u010derven\u00e9ho ovoce.<\/td>\n<\/tr>\n<\/tbody>\n<\/table>\n<figure id=\"attachment_4002\" aria-describedby=\"caption-attachment-4002\" style=\"width: 800px\" class=\"wp-caption alignnone\"><img decoding=\"async\" class=\"wp-image-4002 size-full\" src=\"https:\/\/vapestornado.com\/wp-content\/uploads\/2025\/03\/Original-Vapme-Goat-40000-Puffs-Hookah-Shisha-Pen.webp\" alt=\"Origin\u00e1ln\u00ed Vapme Goat 40000 Puffs Hookah Shisha Pen\" width=\"800\" height=\"800\" srcset=\"https:\/\/vapestornado.com\/wp-content\/uploads\/2025\/03\/Original-Vapme-Goat-40000-Puffs-Hookah-Shisha-Pen.webp 800w, https:\/\/vapestornado.com\/wp-content\/uploads\/2025\/03\/Original-Vapme-Goat-40000-Puffs-Hookah-Shisha-Pen-300x300.webp 300w, https:\/\/vapestornado.com\/wp-content\/uploads\/2025\/03\/Original-Vapme-Goat-40000-Puffs-Hookah-Shisha-Pen-150x150.webp 150w, https:\/\/vapestornado.com\/wp-content\/uploads\/2025\/03\/Original-Vapme-Goat-40000-Puffs-Hookah-Shisha-Pen-768x768.webp 768w, https:\/\/vapestornado.com\/wp-content\/uploads\/2025\/03\/Original-Vapme-Goat-40000-Puffs-Hookah-Shisha-Pen-600x600.webp 600w, https:\/\/vapestornado.com\/wp-content\/uploads\/2025\/03\/Original-Vapme-Goat-40000-Puffs-Hookah-Shisha-Pen-100x100.webp 100w\" sizes=\"(max-width: 800px) 100vw, 800px\" \/><figcaption id=\"caption-attachment-4002\" class=\"wp-caption-text\">Origin\u00e1ln\u00ed Vapme Goat 40000 Puffs Hookah Shisha Pen<\/figcaption><\/figure>\n<h2 class=\"product-title\"><strong>Seznam p\u0159\u00edchut\u00ed jednor\u00e1zov\u00fdch bar\u016f Vapme Goat 40000 Puffs<\/strong><\/h2>\n<article class=\"w-full text-token-text-primary focus-visible:outline-2 focus-visible:outline-offset-[-4px]\" dir=\"auto\" data-testid=\"conversation-turn-32\" data-scroll-anchor=\"false\">\n<div class=\"m-auto text-base py-[18px] px-6\">\n<div class=\"mx-auto flex flex-1 text-base gap-4 md:gap-5 lg:gap-6 md:max-w-3xl lg:max-w-[40rem] xl:max-w-[48rem]\">\n<div class=\"group\/conversation-turn relative flex w-full min-w-0 flex-col @xs\/thread:px-0 @sm\/thread:px-1.5 @md\/thread:px-4\">\n<div class=\"flex-col gap-1 md:gap-3\">\n<div class=\"flex max-w-full flex-col flex-grow\">\n<div class=\"min-h-8 text-message flex w-full flex-col items-end gap-2 whitespace-normal break-words text-start [.text-message+&amp;]:mt-5\" dir=\"auto\" data-message-author-role=\"user\" data-message-id=\"ffac41ca-1db4-431b-873a-32c4052956f1\">\n<div class=\"flex w-full flex-col gap-1 empty:hidden items-end rtl:items-start\">\n<div class=\"relative max-w-[var(--user-chat-width,70%)] rounded-3xl bg-token-message-surface px-5 py-2.5\">\n<div class=\"absolute bottom-0 right-full top-0 -mr-3.5 hidden pr-5 pt-2 [.group\/conversation-turn:hover_&amp;]:flex\">\n<div class=\"flex\">\n<article class=\"w-full text-token-text-primary focus-visible:outline-2 focus-visible:outline-offset-[-4px]\" dir=\"auto\" data-testid=\"conversation-turn-39\" data-scroll-anchor=\"true\">\n<div class=\"m-auto text-base py-[18px] px-6\">\n<div class=\"mx-auto flex flex-1 text-base gap-4 md:gap-5 lg:gap-6 md:max-w-3xl lg:max-w-[40rem] xl:max-w-[48rem]\">\n<div class=\"group\/conversation-turn relative flex w-full min-w-0 flex-col agent-turn @xs\/thread:px-0 @sm\/thread:px-1.5 @md\/thread:px-4\">\n<div class=\"flex-col gap-1 md:gap-3\">\n<div class=\"flex max-w-full flex-col flex-grow\">\n<div class=\"min-h-8 text-message flex w-full flex-col items-end gap-2 whitespace-normal break-words text-start [.text-message+&amp;]:mt-5\" dir=\"auto\" data-message-author-role=\"assistant\" data-message-id=\"55a23854-ec57-48dd-bd4f-6118f43d6241\" data-message-model-slug=\"gpt-4o\">\n<div class=\"flex w-full flex-col gap-1 empty:hidden first:pt-[3px]\">\n<div class=\"markdown prose w-full break-words dark:prose-invert light\">\n<p>1. Melounov\u00fd led<br \/>\n2. Jahodov\u00fd meloun<br \/>\n3. Bor\u016fvkov\u00fd led<br \/>\n4. Jahodov\u00e1 malina t\u0159e\u0161e\u0148<br \/>\n5. Broskvov\u00fd led<br \/>\n6. Red Bull Ice<br \/>\n7. M\u00edchan\u00e9 bobule<br \/>\n8. Trojit\u00fd melounov\u00fd led<br \/>\n9. Hroznov\u00fd led<br \/>\n10. Jahodov\u00fd ban\u00e1n<br \/>\n11. T\u0159e\u0161\u0148ov\u00e1 Cola Ice<br \/>\n12. Bor\u016fvkov\u00e1 malina<\/p>\n<\/div>\n<\/div>\n<\/div>\n<\/div>\n<\/div>\n<\/div>\n<\/div>\n<\/div>\n<\/article>\n<\/div>\n<\/div>\n<\/div>\n<\/div>\n<\/div>\n<\/div>\n<\/div>\n<\/div>\n<\/div>\n<\/div>\n<\/article>\n<h2>Pro\u010d si vybrat Vapestornado pro n\u00e1kup Vapme Goat 40k Puffs?<\/h2>\n<div class=\"flex-shrink-0 flex flex-col relative items-end\">\n<div class=\"pt-0\">\n<div class=\"gizmo-bot-avatar flex h-8 w-8 items-center justify-center overflow-hidden rounded-full\">\n<div class=\"relative p-1 rounded-sm flex items-center justify-center bg-token-main-surface-primary text-token-text-primary h-8 w-8\">\n<p>At\u00a0<strong>VapeTornado<\/strong>, jsme hrd\u00ed na to, \u017ee dod\u00e1v\u00e1me\u00a0<strong>pr\u00e9miov\u00e9 vapingov\u00e9 produkty za bezkonkuren\u010dn\u00ed ceny<\/strong>\u2014a\u00a0<strong>Vapme Goat 40000 Pot\u00e1hnut\u00ed<\/strong>\u00a0nen\u00ed v\u00fdjimkou! Zde je d\u016fvod, pro\u010d byste m\u011bli nakupovat u n\u00e1s:<\/p>\n<p><strong>Nejlep\u0161\u00ed velkoobchodn\u00ed ceny<\/strong>\u00a0\u2013 Nab\u00edz\u00edme\u00a0<strong>konkuren\u010dn\u00ed mno\u017estevn\u00ed slevy<\/strong>, d\u00edky \u010demu\u017e jsme nejlep\u0161\u00ed volbou pro prodejce a vape shopy.<br \/>\n<strong>Rychl\u00e9<\/strong>\u00a0\u2013 Nechte si doru\u010dit objedn\u00e1vku\u00a0<strong>rychle a bezpe\u010dn\u011b<\/strong>, s mo\u017enostmi celosv\u011btov\u00e9 p\u0159epravy.<br \/>\n<strong>100% Autentick\u00e9 produkty<\/strong>\u00a0\u2013 \u017d\u00e1dn\u00e9 napodobeniny \u2013 pouze\u00a0<strong>origin\u00e1ln\u00ed jednor\u00e1zov\u00e9 Vapme Goat<\/strong>\u00a0s ov\u011b\u0159enou kvalitou.<br \/>\n<strong>Vynikaj\u00edc\u00ed z\u00e1kaznick\u00e1 podpora<\/strong>\u00a0\u2013 M\u00e1te ot\u00e1zky? Na\u0161i\u00a0<strong>vape experti<\/strong> jsou p\u0159ipraveni v\u00e1m pomoci 24\/7.<\/p>\n<p><strong>Ne\u010dekejte \u2013 objednejte si Vapme Goat 40000 Puffs od VapeTornado je\u0161t\u011b dnes a za\u017eijte dokonal\u00e9 uspokojen\u00ed z vapingu!<\/strong>\u00a0\ud83d\ude80<\/p>\n<p data-start=\"559\" data-end=\"933\" data-is-last-node=\"\" data-is-only-node=\"\">M\u00e1me tak\u00e9 dal\u0161\u00ed popul\u00e1rn\u00ed vapy s displejem, jako nap\u0159\u00edklad <a href=\"https:\/\/vapestornado.com\/cs\/product\/mesii-couple-50k-disposable-shisha-hookah-50000-puffs-vape-with-digital-display\/\">Mesii p\u00e1r 50000<\/a>, <a href=\"https:\/\/vapestornado.com\/cs\/product\/vopk-cool-9000-puffs-disposable-vapes-bar-puff-9k\/\">Jednor\u00e1zov\u00e1 vape VOPK 9000 Puff<\/a>, <a href=\"https:\/\/vapestornado.com\/cs\/product\/bang-beach-22000-20k-puff-disposable-vape-pen-with-screen-reddit-hot\/\">Bang Beach 22000<\/a>, a dal\u0161\u00ed.<\/p>\n<\/div>\n<div class=\"relative p-1 rounded-sm flex items-center justify-center bg-token-main-surface-primary text-token-text-primary h-8 w-8\">\n<h2>\u010cASTO KLADEN\u00c9 DOTAZY<\/h2>\n<ol data-start=\"3754\" data-end=\"4973\">\n<li data-start=\"3754\" data-end=\"4025\">\n<p data-start=\"3757\" data-end=\"4025\"><strong data-start=\"3757\" data-end=\"3869\">Jak se li\u0161\u00ed v\u00fdstup p\u00e1ry u Vapme Goat 40000 Puff s mesh c\u00edvkou 0,4\u03a9 ve srovn\u00e1n\u00ed s vy\u0161\u0161\u00edmi ohmov\u00fdmi jednor\u00e1zov\u00fdmi za\u0159\u00edzen\u00edmi?<\/strong><br data-start=\"3869\" data-end=\"3872\" \/>A <strong data-start=\"3874\" data-end=\"3892\">0,4\u03a9 mesh spir\u00e1lka<\/strong> m\u00e1 ni\u017e\u0161\u00ed odpor, tak\u017ee tla\u010d\u00ed <strong data-start=\"3929\" data-end=\"3964\">hust\u0161\u00ed mraky a teplej\u0161\u00ed tah<\/strong>, bl\u00ed\u017ee k pocitu z d\u00fdmky ne\u017e k lehk\u00e9mu \u00fastn\u00edmu potahu na jedno pou\u017eit\u00ed.<\/p>\n<\/li>\n<li data-start=\"4027\" data-end=\"4220\">\n<p data-start=\"4030\" data-end=\"4220\"><strong data-start=\"4030\" data-end=\"4111\">Podporuje Vapme Goat 40K nastaviteln\u00e9 proud\u011bn\u00ed vzduchu spr\u00e1vn\u011b jak pro MTL, tak pro DTL?<\/strong><br data-start=\"4111\" data-end=\"4114\" \/>Ano. Uzav\u0159en\u00ed proud\u011bn\u00ed vzduchu ztuhne tah pro MTL; jeho otev\u0159en\u00ed umo\u017en\u00ed voln\u011bj\u0161\u00ed tah pro DTL s v\u00edce parou.<\/p>\n<\/li>\n<li data-start=\"4222\" data-end=\"4476\">\n<p data-start=\"4225\" data-end=\"4476\"><strong data-start=\"4225\" data-end=\"4323\">M\u016f\u017ee Vapme Goat 40000 Puf\u016f Type-C dob\u00edjec\u00ed jednor\u00e1zov\u00e1 za\u0159\u00edzen\u00ed vydr\u017eet cel\u00fd 30ml tank?<\/strong><br data-start=\"4323\" data-end=\"4326\" \/>To je \u00fa\u010del dob\u00edjecnosti. Pokud baterie klesne d\u0159\u00edve ne\u017e kapalina, <strong data-start=\"4401\" data-end=\"4423\">rychl\u00e9 dopln\u011bn\u00ed p\u0159es Type-C<\/strong> udr\u017e\u00ed za\u0159\u00edzen\u00ed v chodu, dokud nen\u00ed tank vypr\u00e1zdn\u011bn.<\/p>\n<\/li>\n<li data-start=\"4478\" data-end=\"4721\">\n<p data-start=\"4481\" data-end=\"4721\"><strong data-start=\"4481\" data-end=\"4587\">Jak\u00fd v\u00fdkon chuti lze o\u010dek\u00e1vat od Vapme Goat 40 000 puf\u016f shisha vaporiz\u00e9ru p\u0159i dlouhodob\u00e9m pou\u017e\u00edv\u00e1n\u00ed?<\/strong><br data-start=\"4587\" data-end=\"4590\" \/>Tepeln\u00e1 s\u00ed\u0165 pom\u00e1h\u00e1 udr\u017eet chu\u0165 <strong data-start=\"4622\" data-end=\"4645\">tu\u010dnou a konzistentn\u00ed<\/strong> hloub\u011bji do tanku, s men\u0161\u00edm \u00fabytkem chuti v pozdn\u00ed f\u00e1zi ne\u017e u standardn\u00edch dr\u00e1tov\u00fdch c\u00edvek.<\/p>\n<\/li>\n<li data-start=\"4723\" data-end=\"4973\">\n<p data-start=\"4726\" data-end=\"4973\"><strong data-start=\"4726\" data-end=\"4835\">Je Vapme Goat 40000 Puf\u016f 2% nikotinov\u00e9 jednor\u00e1zov\u00e9 za\u0159\u00edzen\u00ed vhodn\u00e9 pro b\u011b\u017en\u00e9 u\u017eivatele v \u010cesk\u00e9 republice, kte\u0159\u00ed cht\u011bj\u00ed leh\u010d\u00ed n\u00e1dech?<\/strong><br data-start=\"4835\" data-end=\"4838\" \/>2% je nastaveno na <strong data-start=\"4852\" data-end=\"4883\">lehk\u00fd a\u017e st\u0159edn\u00ed denn\u00ed pou\u017eit\u00ed<\/strong>, zachov\u00e1v\u00e1 n\u00e1dech bez p\u0159\u00edli\u0161n\u00e9 s\u00edly; 0% pokr\u00fdv\u00e1 preference bez nikotinu.<\/p>\n<\/li>\n<\/ol>\n<\/div>\n<\/div>\n<\/div>\n<\/div>","protected":false},"excerpt":{"rendered":"<p class=\"LC20lb MBeuO DKV0Md\">Vapme Goat 40000 Puf shisha-style jednor\u00e1zov\u00fd vaporiz\u00e9r s 30ml p\u0159ednapln\u011bnou e-liquidem, 0,4\u03a9 s\u00ed\u0165ovou c\u00edvkou, nastaviteln\u00fdm pr\u016ftokem vzduchu a 850mAh dob\u00edjec\u00ed bateri\u00ed typu-C. A\u017e 40 000 pota\u017een\u00ed, 0% nebo 2% nikotin, 10 p\u0159\u00edchut\u00ed pro dlouh\u00e9, hust\u00e9 a jemn\u00e9 sezen\u00ed.<\/p>\n<p><strong>P\u0159idejte si Amy na Whatsapp, abyste z\u00edskali spr\u00e1vnou odpov\u011b\u010f a slevu!<\/strong><\/p>\n<p><img fetchpriority=\"high\" decoding=\"async\" class=\"size-full wp-image-2932\" src=\"https:\/\/vapestornado.com\/wp-content\/uploads\/2024\/12\/Vape-Wholesale.jpg\" alt=\"Velkoobchod s vape\" width=\"229\" height=\"300\" \/><\/p>\n<h3><a href=\"https:\/\/wa.me\/8617776015835\"><span style=\"color: #ff0000;\"><strong>WhatsApp: +86 17776015835<\/strong><\/span><\/a><\/h3>\n<p>&nbsp;<\/p>","protected":false},"featured_media":4001,"comment_status":"open","ping_status":"closed","template":"","meta":{"_acf_changed":false,"_uag_custom_page_level_css":"","_lmt_disableupdate":"no","_lmt_disable":"","_monsterinsights_skip_tracking":false,"_monsterinsights_sitenote_active":false,"_monsterinsights_sitenote_note":"","_monsterinsights_sitenote_category":0,"site-sidebar-layout":"default","site-content-layout":"","ast-site-content-layout":"default","site-content-style":"default","site-sidebar-style":"default","ast-global-header-display":"","ast-banner-title-visibility":"","ast-main-header-display":"","ast-hfb-above-header-display":"","ast-hfb-below-header-display":"","ast-hfb-mobile-header-display":"","site-post-title":"","ast-breadcrumbs-content":"","ast-featured-img":"","footer-sml-layout":"","ast-disable-related-posts":"","theme-transparent-header-meta":"default","adv-header-id-meta":"","stick-header-meta":"","header-above-stick-meta":"","header-main-stick-meta":"","header-below-stick-meta":"","astra-migrate-meta-layouts":"set","ast-page-background-enabled":"default","ast-page-background-meta":{"desktop":{"background-color":"","background-image":"","background-repeat":"repeat","background-position":"center center","background-size":"auto","background-attachment":"scroll","background-type":"","background-media":"","overlay-type":"","overlay-color":"","overlay-opacity":"","overlay-gradient":""},"tablet":{"background-color":"","background-image":"","background-repeat":"repeat","background-position":"center center","background-size":"auto","background-attachment":"scroll","background-type":"","background-media":"","overlay-type":"","overlay-color":"","overlay-opacity":"","overlay-gradient":""},"mobile":{"background-color":"","background-image":"","background-repeat":"repeat","background-position":"center center","background-size":"auto","background-attachment":"scroll","background-type":"","background-media":"","overlay-type":"","overlay-color":"","overlay-opacity":"","overlay-gradient":""}},"ast-content-background-meta":{"desktop":{"background-color":"var(--ast-global-color-5)","background-image":"","background-repeat":"repeat","background-position":"center center","background-size":"auto","background-attachment":"scroll","background-type":"","background-media":"","overlay-type":"","overlay-color":"","overlay-opacity":"","overlay-gradient":""},"tablet":{"background-color":"var(--ast-global-color-5)","background-image":"","background-repeat":"repeat","background-position":"center center","background-size":"auto","background-attachment":"scroll","background-type":"","background-media":"","overlay-type":"","overlay-color":"","overlay-opacity":"","overlay-gradient":""},"mobile":{"background-color":"var(--ast-global-color-5)","background-image":"","background-repeat":"repeat","background-position":"center center","background-size":"auto","background-attachment":"scroll","background-type":"","background-media":"","overlay-type":"","overlay-color":"","overlay-opacity":"","overlay-gradient":""}},"_joinchat":{"telephone":"17776015835"}},"product_brand":[],"product_cat":[65,158,146,147,61],"product_tag":[165,291,294,94,298],"class_list":{"0":"post-4007","1":"product","2":"type-product","3":"status-publish","4":"has-post-thumbnail","6":"product_cat-40000-puff","7":"product_cat-buy-disposable-vapes-in-spain","8":"product_cat-rechargeable-disposable-vapes","9":"product_cat-shisha-hookah-disposable-vapes","10":"product_cat-vapme-shisha","11":"product_tag-cheap-vapes","12":"product_tag-disposable-shisha-hookah","13":"product_tag-puff-40k","14":"product_tag-rechargeable-disposable-vape","15":"product_tag-vapme-goat-40000","16":"desktop-align-left","17":"tablet-align-left","18":"mobile-align-left","20":"first","21":"instock","22":"sale","23":"shipping-taxable","24":"purchasable","25":"product-type-simple"},"acf":[],"uagb_featured_image_src":{"full":["https:\/\/vapestornado.com\/wp-content\/uploads\/2025\/03\/Hot-Vapme-40000-Puffs-Disposables-Price-Wholesale.webp",800,800,false],"thumbnail":["https:\/\/vapestornado.com\/wp-content\/uploads\/2025\/03\/Hot-Vapme-40000-Puffs-Disposables-Price-Wholesale-150x150.webp",150,150,true],"medium":["https:\/\/vapestornado.com\/wp-content\/uploads\/2025\/03\/Hot-Vapme-40000-Puffs-Disposables-Price-Wholesale-300x300.webp",300,300,true],"medium_large":["https:\/\/vapestornado.com\/wp-content\/uploads\/2025\/03\/Hot-Vapme-40000-Puffs-Disposables-Price-Wholesale-768x768.webp",768,768,true],"large":["https:\/\/vapestornado.com\/wp-content\/uploads\/2025\/03\/Hot-Vapme-40000-Puffs-Disposables-Price-Wholesale.webp",800,800,false],"1536x1536":["https:\/\/vapestornado.com\/wp-content\/uploads\/2025\/03\/Hot-Vapme-40000-Puffs-Disposables-Price-Wholesale.webp",800,800,false],"2048x2048":["https:\/\/vapestornado.com\/wp-content\/uploads\/2025\/03\/Hot-Vapme-40000-Puffs-Disposables-Price-Wholesale.webp",800,800,false],"trp-custom-language-flag":["https:\/\/vapestornado.com\/wp-content\/uploads\/2025\/03\/Hot-Vapme-40000-Puffs-Disposables-Price-Wholesale.webp",12,12,false],"woocommerce_thumbnail":["https:\/\/vapestornado.com\/wp-content\/uploads\/2025\/03\/Hot-Vapme-40000-Puffs-Disposables-Price-Wholesale-300x300.webp",300,300,true],"woocommerce_single":["https:\/\/vapestornado.com\/wp-content\/uploads\/2025\/03\/Hot-Vapme-40000-Puffs-Disposables-Price-Wholesale-600x600.webp",600,600,true],"woocommerce_gallery_thumbnail":["https:\/\/vapestornado.com\/wp-content\/uploads\/2025\/03\/Hot-Vapme-40000-Puffs-Disposables-Price-Wholesale-100x100.webp",100,100,true]},"uagb_author_info":{"display_name":"ESAMY","author_link":"https:\/\/vapestornado.com\/cs\/author\/"},"uagb_comment_info":0,"uagb_excerpt":"Vapme Goat 40000 Puff shisha-style disposable vape with 30ml pre-filled e-liquid, 0.4\u03a9 mesh coil, adjustable airflow, and 850mAh Type-C rechargeable battery. Up to 40,000 puffs, 0% or 2% nicotine, 10 flavours for long, dense, smooth sessions. Add Amy's whatsapp to get right reply and discount price! WhatsApp: +86 17776015835 &nbsp;","_links":{"self":[{"href":"https:\/\/vapestornado.com\/cs\/wp-json\/wp\/v2\/product\/4007","targetHints":{"allow":["GET"]}}],"collection":[{"href":"https:\/\/vapestornado.com\/cs\/wp-json\/wp\/v2\/product"}],"about":[{"href":"https:\/\/vapestornado.com\/cs\/wp-json\/wp\/v2\/types\/product"}],"replies":[{"embeddable":true,"href":"https:\/\/vapestornado.com\/cs\/wp-json\/wp\/v2\/comments?post=4007"}],"wp:featuredmedia":[{"embeddable":true,"href":"https:\/\/vapestornado.com\/cs\/wp-json\/wp\/v2\/media\/4001"}],"wp:attachment":[{"href":"https:\/\/vapestornado.com\/cs\/wp-json\/wp\/v2\/media?parent=4007"}],"wp:term":[{"taxonomy":"product_brand","embeddable":true,"href":"https:\/\/vapestornado.com\/cs\/wp-json\/wp\/v2\/product_brand?post=4007"},{"taxonomy":"product_cat","embeddable":true,"href":"https:\/\/vapestornado.com\/cs\/wp-json\/wp\/v2\/product_cat?post=4007"},{"taxonomy":"product_tag","embeddable":true,"href":"https:\/\/vapestornado.com\/cs\/wp-json\/wp\/v2\/product_tag?post=4007"}],"curies":[{"name":"wp","href":"https:\/\/api.w.org\/{rel}","templated":true}]}}