{"id":3999,"date":"2025-03-25T07:33:36","date_gmt":"2025-03-25T07:33:36","guid":{"rendered":"https:\/\/vapestornado.com\/?post_type=product&#038;p=3999"},"modified":"2025-12-11T07:26:08","modified_gmt":"2025-12-11T07:26:08","slug":"wholesale-bang-beach-38000-puff-38k-vape-disposable-vaporizer-e-cig-at-cheap-prices","status":"publish","type":"product","link":"https:\/\/vapestornado.com\/cs\/product\/wholesale-bang-beach-38000-puff-38k-vape-disposable-vaporizer-e-cig-at-cheap-prices\/","title":{"rendered":"Velkoobchod Bang Beach 38000 Pot\u00e1hnut\u00ed 38k Vape Jednor\u00e1zov\u00fd Vaporiz\u00e9r E Cig za Levn\u00e9 Ceny"},"content":{"rendered":"<h1 data-pm-slice=\"1 1 []\">Velkoobchod Bang Beach 38000 Pot\u00e1hnut\u00ed 38k Vape Jednor\u00e1zov\u00fd Vaporiz\u00e9r E Cig za Levn\u00e9 Ceny<\/h1>\n<p><strong data-start=\"94\" data-end=\"114\">Bang Beach 38000<\/strong> je vysoce kapacitn\u00ed jednor\u00e1zov\u00e1 elektronick\u00e1 cigareta ur\u010den\u00e1 pro vapery, kte\u0159\u00ed cht\u011bj\u00ed dlouhou dobu provozu, jasn\u00e9 informace o za\u0159\u00edzen\u00ed a silnou chu\u0165 od za\u010d\u00e1tku do konce. S <strong data-start=\"277\" data-end=\"299\">a\u017e 38 000 pot\u00e1hnut\u00ed<\/strong>, s <strong data-start=\"303\" data-end=\"325\">38ml n\u00e1dr\u017eku na e-liquid<\/strong>, a <strong data-start=\"334\" data-end=\"372\">850mAh Type-C dob\u00edjec\u00ed baterie<\/strong>, je navr\u017eena tak, aby vydr\u017eela dlouhou dobu bez \u010dast\u00e9 v\u00fdm\u011bny. <strong data-start=\"447\" data-end=\"470\">dvouobrazovkov\u00fd displej<\/strong> ukazuje \u00farove\u0148 baterie a oleje, zat\u00edmco <strong data-start=\"511\" data-end=\"538\">ukazuje stav e-liquidu a baterie v re\u00e1ln\u00e9m \u010dase, tak\u017ee m\u00e1te v\u017edy v\u0161e pod kontrolou. Nav\u00edc<\/strong> p\u0159id\u00e1v\u00e1 vrstvu zabezpe\u010den\u00ed pro kapsy, ta\u0161ky a cestov\u00e1n\u00ed.<\/p>\n<h3 data-start=\"825\" data-end=\"880\">Pro\u010d zvolit Bang Beach 38000 Puff<\/h3>\n<ul data-start=\"882\" data-end=\"2354\">\n<li data-start=\"882\" data-end=\"1213\">\n<p data-start=\"884\" data-end=\"1213\"><strong data-start=\"884\" data-end=\"935\">Skute\u010dn\u00e1 kapacita, kter\u00e1 m\u011bn\u00ed va\u0161i t\u00fddenn\u00ed rutinu.<\/strong> Ten <strong data-start=\"940\" data-end=\"969\">Bang Beach 38000 Puff bar<\/strong> spojuje <strong data-start=\"981\" data-end=\"1000\">hodnocen\u00ed 38K pot\u00e1hnut\u00ed<\/strong> s pln\u00fdm <strong data-start=\"1013\" data-end=\"1032\">38ml e-juice<\/strong>, tak\u017ee b\u011b\u017en\u00ed u\u017eivatel\u00e9 v \u010cesk\u00e9 republice mohou j\u00edt <strong data-start=\"1086\" data-end=\"1119\">t\u00fddny bez v\u00fdm\u011bny za\u0159\u00edzen\u00ed<\/strong>. To znamen\u00e1 m\u00e9n\u011b nouzov\u00fdch n\u00e1kup\u016f a mnohem ni\u017e\u0161\u00ed \u201edenn\u00ed\u201c n\u00e1klady ne\u017e v\u011bt\u0161ina mal\u00fdch jednor\u00e1zov\u00fdch.<\/p>\n<\/li>\n<li data-start=\"1215\" data-end=\"1490\">\n<p data-start=\"1217\" data-end=\"1490\"><strong data-start=\"1217\" data-end=\"1262\">Chu\u0165 s mesh c\u00edvkou, kter\u00e1 nezklame.<\/strong> Poh\u00e1n\u011bno pokro\u010dil\u00fdm <strong data-start=\"1283\" data-end=\"1307\">technologie mesh spir\u00e1lky<\/strong>, tento <strong data-start=\"1314\" data-end=\"1344\">Bang Beach 38K E-cigareta<\/strong> p\u0159in\u00e1\u0161\u00ed jemn\u011bj\u0161\u00ed p\u00e1ru, siln\u011bj\u0161\u00ed chu\u0165 a konzistentn\u011bj\u0161\u00ed tahy, m\u00edsto ostr\u00e9 such\u00e9 chuti, kterou z\u00edsk\u00e1te, kdy\u017e se z\u00e1kladn\u00ed c\u00edvky za\u010dnou sp\u00e1lit.<\/p>\n<\/li>\n<li data-start=\"1492\" data-end=\"1773\">\n<p data-start=\"1494\" data-end=\"1773\"><strong data-start=\"1494\" data-end=\"1537\">Dob\u00edjen\u00ed Type-C, abyste p\u0159ede\u0161li pl\u00fdtv\u00e1n\u00ed tekutinou.<\/strong> Ten <strong data-start=\"1542\" data-end=\"1589\">850mAh dob\u00edjec\u00ed Bang Beach 38000 s Type-C<\/strong> je navr\u017eena tak, aby \u0161la nab\u00edjet n\u011bkolikr\u00e1t. Kdy\u017e se baterie vybije, p\u0159ipoj\u00edte ji k rychl\u00e9mu dobit\u00ed a pokra\u010dujete, dokud nen\u00ed n\u00e1dr\u017e skute\u010dn\u011b pr\u00e1zdn\u00e1, m\u00edsto aby jste vyhodili polovinu pou\u017eit\u00e9 tekutiny.<\/p>\n<\/li>\n<li data-start=\"1775\" data-end=\"2092\">\n<p data-start=\"1777\" data-end=\"2092\"><strong data-start=\"1777\" data-end=\"1841\">Dvouobrazovkov\u00fd displej a odemyk\u00e1n\u00ed otiskem prstu pro re\u00e1ln\u00e9 pou\u017eit\u00ed.<\/strong> Ten <strong data-start=\"1846\" data-end=\"1890\">dvojobrazovkov\u00e9 za\u0159\u00edzen\u00ed na kapsle<\/strong> ukazuje e-tekutinu a baterii v re\u00e1ln\u00e9m \u010dase a odemyk\u00e1n\u00ed otiskem prstu pom\u00e1h\u00e1 zabr\u00e1nit n\u00e1hodn\u00e9mu aktivov\u00e1n\u00ed v kapse nebo ta\u0161ce \u2014 u\u017eite\u010dn\u00e9 p\u0159i doj\u00ed\u017ed\u011bn\u00ed, ve\u010d\u00edrc\u00edch nebo cestov\u00e1n\u00ed po \u010cesk\u00e9 republice a dal\u0161\u00edch zem\u00edch.<\/p>\n<\/li>\n<li data-start=\"2094\" data-end=\"2354\">\n<p data-start=\"2096\" data-end=\"2354\"><strong data-start=\"2096\" data-end=\"2153\">Velkoobchodn\u011b p\u0159\u00e1telsk\u00e9 pro jak\u00fdkoli vap shop nebo distributora.<\/strong> S <strong data-start=\"2159\" data-end=\"2190\">Velkoobchodn\u00ed ceny cigaret<\/strong> a siln\u00e1 popt\u00e1vka v <strong data-start=\"2216\" data-end=\"2230\">vap shopu<\/strong> kan\u00e1l, Bang Beach 38000 funguje jak pro koncov\u00e9 u\u017eivatele, tak pro velkoodb\u011bratele, kte\u0159\u00ed cht\u011bj\u00ed dlouhotrvaj\u00edc\u00ed za\u0159\u00edzen\u00ed, kter\u00e9 se skute\u010dn\u011b prod\u00e1v\u00e1.<\/p>\n<\/li>\n<\/ul>\n<p data-start=\"666\" data-end=\"1235\"><strong style=\"font-size: 16px;\"><span style=\"color: #ff0000;\">P\u0159idejte si WhatsApp Amy a z\u00edskejte okam\u017eitou odpov\u011b\u010f a zv\u00fdhodn\u011bnou cenu!<\/span><\/strong><\/p>\n<p><img fetchpriority=\"high\" decoding=\"async\" class=\"size-full wp-image-2932\" src=\"https:\/\/vapestornado.com\/wp-content\/uploads\/2024\/12\/Vape-Wholesale.jpg\" alt=\"Velkoobchod s vape\" width=\"229\" height=\"300\" \/><\/p>\n<h3><a href=\"https:\/\/wa.me\/8617776015835\" target=\"_blank\" rel=\"noopener\"><span style=\"color: #ff0000;\"><strong>WhatsApp: +86 17776015835<\/strong><\/span><\/a><\/h3>\n<p>&nbsp;<\/p>\n<h2><strong>Bang Beach 38000 Puff\u00a0 Bar Kl\u00ed\u010dov\u00e9 vlastnosti produktu<\/strong><\/h2>\n<table>\n<thead>\n<tr>\n<th>Funkce<\/th>\n<th>specifikace<\/th>\n<th>detaily<\/th>\n<\/tr>\n<\/thead>\n<tbody>\n<tr>\n<td>Zna\u010dka<\/td>\n<td>Bang Beach<\/td>\n<td>Vysokokapacitn\u00ed jednor\u00e1zov\u00e1 \u0159ada pro trhy Evropsk\u00e9 unie<\/td>\n<\/tr>\n<tr>\n<td>Model<\/td>\n<td>Bang Beach 38000 Puff Bar<\/td>\n<td>38K puff dob\u00edjec\u00ed E-cigareta<\/td>\n<\/tr>\n<tr>\n<td>Kapacita pot\u00e1hnut\u00ed<\/td>\n<td>A\u017e 38 000 pota\u017een\u00ed<\/td>\n<td>Navr\u017eeno pro v\u00edcedenn\u00ed ka\u017edodenn\u00ed pou\u017eit\u00ed<\/td>\n<\/tr>\n<tr>\n<td>Objem e-liquidu<\/td>\n<td>38ml e-tekutiny<\/td>\n<td>Velk\u00fd tank odpov\u00eddaj\u00edc\u00ed vysok\u00e9mu po\u010dtu pota\u017een\u00ed<\/td>\n<\/tr>\n<tr>\n<td>\u00darovn\u011b nikotinu<\/td>\n<td>0% \/ 2% \/ 3% \/ 5%<\/td>\n<td>Vhodn\u00e9 pro preference pouze s p\u0159\u00edchut\u00ed, st\u0159edn\u00ed a siln\u011bj\u0161\u00ed<\/td>\n<\/tr>\n<tr>\n<td>Baterie<\/td>\n<td>850mAh dob\u00edjec\u00ed<\/td>\n<td>Podporuje opakovan\u00e9 nab\u00edjen\u00ed b\u011bhem \u017eivotnosti za\u0159\u00edzen\u00ed<\/td>\n<\/tr>\n<tr>\n<td>Nab\u00edjen\u00ed<\/td>\n<td>dob\u00edjec\u00ed p\u0159es Type-C<\/td>\n<td>Rychl\u00e9 nab\u00edjen\u00ed pomoc\u00ed standardn\u00edch modern\u00edch kabel\u016f<\/td>\n<\/tr>\n<tr>\n<td>Typ spir\u00e1lky<\/td>\n<td>Mesh spir\u00e1lka<\/td>\n<td>Hladk\u00fd vapour a stabiln\u00ed dod\u00e1vka chuti<\/td>\n<\/tr>\n<tr>\n<td>Displej<\/td>\n<td>Dvouobrazovka (olej + baterie)<\/td>\n<td>Stav v re\u00e1ln\u00e9m \u010dase na e-liquid a baterii<\/td>\n<\/tr>\n<tr>\n<td>Zabezpe\u010den\u00ed<\/td>\n<td>Odemknut\u00ed obrazovky otiskem prstu<\/td>\n<td>Sni\u017euje n\u00e1hodn\u00e9 vyst\u0159elen\u00ed a zvy\u0161uje soukrom\u00ed<\/td>\n<\/tr>\n<tr>\n<td>Um\u00edst\u011bn\u00ed<\/td>\n<td>Velkoobchod a maloobchod<\/td>\n<td>Optimalizov\u00e1no pro velkoobchodn\u00ed ceny cigaret a prodeje vaporiz\u00e9r\u016f v obchodech<\/td>\n<\/tr>\n<\/tbody>\n<\/table>\n<h2 class=\"product-title\"><strong>Bang Beach 38000 Puff Seznam nejprod\u00e1van\u011bj\u0161\u00edch p\u0159\u00edchut\u00ed<\/strong><\/h2>\n<article class=\"w-full text-token-text-primary focus-visible:outline-2 focus-visible:outline-offset-[-4px]\" dir=\"auto\" data-testid=\"conversation-turn-32\" data-scroll-anchor=\"false\">\n<div class=\"m-auto text-base py-[18px] px-6\">\n<div class=\"mx-auto flex flex-1 text-base gap-4 md:gap-5 lg:gap-6 md:max-w-3xl lg:max-w-[40rem] xl:max-w-[48rem]\">\n<div class=\"group\/conversation-turn relative flex w-full min-w-0 flex-col @xs\/thread:px-0 @sm\/thread:px-1.5 @md\/thread:px-4\">\n<div class=\"flex-col gap-1 md:gap-3\">\n<div class=\"flex max-w-full flex-col flex-grow\">\n<div class=\"min-h-8 text-message flex w-full flex-col items-end gap-2 whitespace-normal break-words text-start [.text-message+&amp;]:mt-5\" dir=\"auto\" data-message-author-role=\"user\" data-message-id=\"ffac41ca-1db4-431b-873a-32c4052956f1\">\n<div class=\"flex w-full flex-col gap-1 empty:hidden items-end rtl:items-start\">\n<div class=\"relative max-w-[var(--user-chat-width,70%)] rounded-3xl bg-token-message-surface px-5 py-2.5\">\n<div class=\"absolute bottom-0 right-full top-0 -mr-3.5 hidden pr-5 pt-2 [.group\/conversation-turn:hover_&amp;]:flex\">\n<div class=\"flex\">\n<article class=\"w-full text-token-text-primary focus-visible:outline-2 focus-visible:outline-offset-[-4px]\" dir=\"auto\" data-testid=\"conversation-turn-39\" data-scroll-anchor=\"true\">\n<div class=\"m-auto text-base py-[18px] px-6\">\n<div class=\"mx-auto flex flex-1 text-base gap-4 md:gap-5 lg:gap-6 md:max-w-3xl lg:max-w-[40rem] xl:max-w-[48rem]\">\n<div class=\"group\/conversation-turn relative flex w-full min-w-0 flex-col agent-turn @xs\/thread:px-0 @sm\/thread:px-1.5 @md\/thread:px-4\">\n<div class=\"flex-col gap-1 md:gap-3\">\n<div class=\"flex max-w-full flex-col flex-grow\">\n<div class=\"min-h-8 text-message flex w-full flex-col items-end gap-2 whitespace-normal break-words text-start [.text-message+&amp;]:mt-5\" dir=\"auto\" data-message-author-role=\"assistant\" data-message-id=\"55a23854-ec57-48dd-bd4f-6118f43d6241\" data-message-model-slug=\"gpt-4o\">\n<div class=\"flex w-full flex-col gap-1 empty:hidden first:pt-[3px]\">\n<div class=\"markdown prose w-full break-words dark:prose-invert light\">\n<p>1.Trojit\u00e9 lesn\u00ed plody s ledem<br \/>\n2.R\u016f\u017eov\u00e1 limon\u00e1da<br \/>\n3.Bor\u016fvka Malina<br \/>\n4.Sm\u00ed\u0161en\u00e9 bobule<br \/>\n5.Jahoda Meloun<br \/>\n6.Jahodov\u00fd Led<br \/>\n7.Hroznov\u00fd led<br \/>\n8.Broskev Mango<br \/>\n9.Modr\u00fd Malina Led<br \/>\n10.T\u0159e\u0161\u0148ov\u00e1 bomba<br \/>\n11.Melounov\u00fd led<br \/>\n12. Broskev s ledem<\/p>\n<figure id=\"attachment_4000\" aria-describedby=\"caption-attachment-4000\" style=\"width: 596px\" class=\"wp-caption alignnone\"><img decoding=\"async\" class=\"wp-image-4000 size-full\" src=\"https:\/\/vapestornado.com\/wp-content\/uploads\/2025\/03\/Wholesale-Bang-38000-Puffs.png\" alt=\"Velkoobchod Bang 38000 pot\u00e1hnut\u00ed\" width=\"596\" height=\"596\" srcset=\"https:\/\/vapestornado.com\/wp-content\/uploads\/2025\/03\/Wholesale-Bang-38000-Puffs.png 596w, https:\/\/vapestornado.com\/wp-content\/uploads\/2025\/03\/Wholesale-Bang-38000-Puffs-300x300.png 300w, https:\/\/vapestornado.com\/wp-content\/uploads\/2025\/03\/Wholesale-Bang-38000-Puffs-150x150.png 150w, https:\/\/vapestornado.com\/wp-content\/uploads\/2025\/03\/Wholesale-Bang-38000-Puffs-100x100.png 100w\" sizes=\"(max-width: 596px) 100vw, 596px\" \/><figcaption id=\"caption-attachment-4000\" class=\"wp-caption-text\">Velkoobchod Bang 38000 pot\u00e1hnut\u00ed<\/figcaption><\/figure>\n<\/div>\n<\/div>\n<\/div>\n<\/div>\n<\/div>\n<\/div>\n<\/div>\n<\/div>\n<\/article>\n<\/div>\n<\/div>\n<\/div>\n<\/div>\n<\/div>\n<\/div>\n<\/div>\n<\/div>\n<\/div>\n<\/div>\n<\/article>\n<h2>Pro\u010d si vybrat Vapestornado pro n\u00e1kup Bang Beach 38000 pot\u00e1hnut\u00ed?<\/h2>\n<div class=\"flex-shrink-0 flex flex-col relative items-end\">\n<div class=\"pt-0\">\n<div class=\"gizmo-bot-avatar flex h-8 w-8 items-center justify-center overflow-hidden rounded-full\">\n<div class=\"relative p-1 rounded-sm flex items-center justify-center bg-token-main-surface-primary text-token-text-primary h-8 w-8\">\n<p data-start=\"88\" data-end=\"557\">Pokud jde o <strong data-start=\"105\" data-end=\"154\">\u00a0n\u00e1kup vysoce kvalitn\u00edch jednor\u00e1zov\u00fdch vap\u016f<\/strong>, <strong data-start=\"156\" data-end=\"172\">Vapestornado<\/strong> je spolehliv\u00fdm zdrojem bezkonkuren\u010dn\u00edch <strong data-start=\"208\" data-end=\"271\">tov\u00e1rn\u00edch cen, rychl\u00e9ho odesl\u00e1n\u00ed a prvot\u0159\u00eddn\u00edho z\u00e1kaznick\u00e9ho servisu<\/strong>. N\u00e1kup Bang Beach 38000 Puff od Vapestornado znamen\u00e1, \u017ee z\u00edsk\u00e1te <strong data-start=\"363\" data-end=\"400\">autentick\u00e9, 100% origin\u00e1ln\u00ed produkty<\/strong> s nejnov\u011bj\u0161\u00ed<strong data-start=\"417\" data-end=\"515\"> displej, dob\u00edjec\u00ed pohodl\u00ed pomoc\u00ed Type-C a kapacitu 38000 pot\u00e1hnut\u00ed<\/strong>\u2014v\u0161e za nejlep\u0161\u00ed<strong data-start=\"527\" data-end=\"554\">\u00a0velkoobchodn\u00ed ceny<\/strong>.<\/p>\n<p data-start=\"559\" data-end=\"933\" data-is-last-node=\"\" data-is-only-node=\"\">M\u00e1me tak\u00e9 dal\u0161\u00ed popul\u00e1rn\u00ed vapy s displejem, jako nap\u0159\u00edklad <a href=\"https:\/\/vapestornado.com\/cs\/product\/mesii-couple-50k-disposable-shisha-hookah-50000-puffs-vape-with-digital-display\/\">Mesii p\u00e1r 50000<\/a>, <a href=\"https:\/\/vapestornado.com\/cs\/product\/vopk-ultra-40000-puffs-2-in-1-digital-screen-rechargeable-disposable-vape\/\">Jednor\u00e1zov\u00e1 e-cigareta VOPK 40000 pot\u00e1hnut\u00ed<\/a>, <a href=\"https:\/\/vapestornado.com\/cs\/product\/bang-beach-22000-20k-puff-disposable-vape-pen-with-screen-reddit-hot\/\">Bang Beach 22000<\/a>, a dal\u0161\u00ed.<\/p>\n<\/div>\n<div class=\"relative p-1 rounded-sm flex items-center justify-center bg-token-main-surface-primary text-token-text-primary h-8 w-8\">\n<h2>\u010casto kladen\u00e9 ot\u00e1zky o Bang 38000<\/h2>\n<p data-start=\"3372\" data-end=\"3465\">1. Jak dlouho obvykle vydr\u017e\u00ed elektronick\u00e1 cigareta Bang Beach 38000 pota\u017een\u00ed pro ka\u017edodenn\u00ed u\u017eivatele?<\/p>\n<p data-start=\"3466\" data-end=\"3738\">Ten <strong data-start=\"3470\" data-end=\"3507\">Elektronick\u00e1 cigareta Bang Beach 38000 pota\u017een\u00ed<\/strong> sp\u00e1ruje se s <strong data-start=\"3516\" data-end=\"3529\">38ml tankem<\/strong> s a\u017e <strong data-start=\"3541\" data-end=\"3557\">38 000 pot\u00e1hnut\u00ed<\/strong>, tak\u017ee mnoho ka\u017edodenn\u00edch u\u017eivatel\u016f m\u016f\u017ee z\u00edskat <strong data-start=\"3590\" data-end=\"3625\">n\u011bkolik t\u00fddn\u016f pou\u017e\u00edv\u00e1n\u00ed na jedno za\u0159\u00edzen\u00ed<\/strong>. Skute\u010dn\u00e1 doba z\u00e1vis\u00ed na frekvenci pota\u017een\u00ed a d\u00e9lce n\u00e1dechu, ale jasn\u011b p\u0159ekon\u00e1v\u00e1 typick\u00e9 jednor\u00e1zov\u00e9 5K\u201310K.<\/p>\n<p data-start=\"3745\" data-end=\"3859\">2. Co m\u011bn\u00ed meshov\u00e1 c\u00edvka v Bang Beach 38000 s vysokou kapacitou vaporiz\u00e9ru z hlediska chuti a par?<\/p>\n<p data-start=\"3860\" data-end=\"4084\">Ten <strong data-start=\"3864\" data-end=\"3906\">Bang Beach 38000 meshov\u00e1 c\u00edvka e-cigareta<\/strong> rovnom\u011brn\u011b rozv\u00e1d\u00ed teplo skrze knot, co\u017e udr\u017euje hustou p\u00e1ru a konzistentn\u00ed chu\u0165. Tento design pom\u00e1h\u00e1 vyhnout se drsn\u00fdm, sp\u00e1len\u00fdm chut\u00edm, zejm\u00e9na bl\u00edzko konce kapaliny.<\/p>\n<p data-start=\"4091\" data-end=\"4184\">3. Jak pom\u00e1h\u00e1 dvojit\u00fd displej na Bang Beach 38000 Puff baru p\u0159i ka\u017edodenn\u00edm pou\u017e\u00edv\u00e1n\u00ed?<\/p>\n<p data-start=\"4185\" data-end=\"4462\">Ten <strong data-start=\"4189\" data-end=\"4230\">dvojit\u00fd displej Bang Beach 38000 Puff bar<\/strong> ukazuje \u00farove\u0148 e-liquidu a stav baterie odd\u011blen\u011b, tak\u017ee v\u017edy v\u00edte, zda je t\u0159eba dob\u00edt nebo jestli se bl\u00ed\u017e\u00edte ke konci n\u00e1dr\u017ee. Odstra\u0148uje odhadov\u00e1n\u00ed, co\u017e je d\u016fle\u017eit\u00e9, kdy\u017e se spol\u00e9h\u00e1te na jedno za\u0159\u00edzen\u00ed b\u011bhem pracovn\u00edch dn\u016f nebo cestov\u00e1n\u00ed.<\/p>\n<p data-start=\"4469\" data-end=\"4582\">4. Je Bang Beach 38000 vhodn\u00fd pro kupuj\u00edc\u00ed porovn\u00e1vaj\u00edc\u00ed za\u0159\u00edzen\u00ed z vapor shop\u016f za velkoobchodn\u00ed ceny?<\/p>\n<p data-start=\"4583\" data-end=\"4884\">Ano. Pro <strong data-start=\"4592\" data-end=\"4606\">vap shopu<\/strong> majitele a distributory, <strong data-start=\"4636\" data-end=\"4678\">Bang Beach 38000 velkoobchodn\u00ed e-cigareta<\/strong> nab\u00edz\u00ed vysok\u00fd po\u010det pota\u017een\u00ed, pokro\u010dil\u00e9 funkce (displeje + z\u00e1mek na otisk prstu) a konkurenceschopn\u00e9 <strong data-start=\"4767\" data-end=\"4798\">Velkoobchodn\u00ed ceny cigaret<\/strong>, kter\u00e9 dohromady vytv\u00e1\u0159ej\u00ed silnou hodnotovou nab\u00eddku ve srovn\u00e1n\u00ed s jin\u00fdmi dlouhodob\u011b pou\u017eiteln\u00fdmi jednor\u00e1zov\u00fdmi za\u0159\u00edzen\u00edmi.<\/p>\n<p data-start=\"4891\" data-end=\"5003\">5. Ovliv\u0148uje z\u00e1mek na otisk prstu u Bang Beach 38000 Puff e-cigarety v\u00fdkon nebo pouze bezpe\u010dnost?<\/p>\n<p data-start=\"5004\" data-end=\"5262\">Ten <strong data-start=\"5008\" data-end=\"5052\">syst\u00e9m z\u00e1mku na otisk prstu Bang Beach 38000<\/strong> je \u010dist\u011b o bezpe\u010dnosti a pohodl\u00ed. Pom\u00e1h\u00e1 zabr\u00e1nit n\u00e1hodn\u00e9mu spu\u0161t\u011bn\u00ed a neopr\u00e1vn\u011bn\u00e9mu pou\u017eit\u00ed, ale po odem\u010den\u00ed je v\u00fdkon nezm\u011bn\u011bn \u2014 st\u00e1le m\u00e1te pln\u00fd v\u00fdkon meshov\u00e9 c\u00edvky a baterie 850mAh.<\/p>\n<\/div>\n<\/div>\n<\/div>\n<\/div>","protected":false},"excerpt":{"rendered":"<p class=\"LC20lb MBeuO DKV0Md\">Bang Beach 38000 Puff jednor\u00e1zov\u00e1 elektronick\u00e1 cigareta s 38ml e-juice, mesh c\u00edvkou, 850mAh dob\u00edjec\u00ed bateri\u00ed typu-C, dvojit\u00fdm displejem a odemyk\u00e1n\u00edm otiskem prstu. Vysoce kapacitn\u00ed 38K vaporiz\u00e9r navr\u017een\u00fd pro dlouhodob\u00e9 pou\u017e\u00edv\u00e1n\u00ed, prodej v vapeshopech a konkurenceschopn\u00e9 velkoobchodn\u00ed ceny cigaret po cel\u00e9 Evrop\u011b.<\/p>\n<p><strong>P\u0159idejte si Amy na Whatsapp, abyste z\u00edskali spr\u00e1vnou odpov\u011b\u010f a slevu!<\/strong><\/p>\n<p><img fetchpriority=\"high\" decoding=\"async\" class=\"size-full wp-image-2932\" src=\"https:\/\/vapestornado.com\/wp-content\/uploads\/2024\/12\/Vape-Wholesale.jpg\" alt=\"Velkoobchod s vape\" width=\"229\" height=\"300\" \/><\/p>\n<h3><a href=\"https:\/\/wa.me\/8617776015835\"><span style=\"color: #ff0000;\"><strong>WhatsApp: +86 17776015835<\/strong><\/span><\/a><\/h3>\n<p>&nbsp;<\/p>","protected":false},"featured_media":3998,"comment_status":"open","ping_status":"closed","template":"","meta":{"_acf_changed":false,"_uag_custom_page_level_css":"","_lmt_disableupdate":"no","_lmt_disable":"","_monsterinsights_skip_tracking":false,"_monsterinsights_sitenote_active":false,"_monsterinsights_sitenote_note":"","_monsterinsights_sitenote_category":0,"site-sidebar-layout":"default","site-content-layout":"","ast-site-content-layout":"default","site-content-style":"default","site-sidebar-style":"default","ast-global-header-display":"","ast-banner-title-visibility":"","ast-main-header-display":"","ast-hfb-above-header-display":"","ast-hfb-below-header-display":"","ast-hfb-mobile-header-display":"","site-post-title":"","ast-breadcrumbs-content":"","ast-featured-img":"","footer-sml-layout":"","ast-disable-related-posts":"","theme-transparent-header-meta":"default","adv-header-id-meta":"","stick-header-meta":"","header-above-stick-meta":"","header-main-stick-meta":"","header-below-stick-meta":"","astra-migrate-meta-layouts":"set","ast-page-background-enabled":"default","ast-page-background-meta":{"desktop":{"background-color":"","background-image":"","background-repeat":"repeat","background-position":"center center","background-size":"auto","background-attachment":"scroll","background-type":"","background-media":"","overlay-type":"","overlay-color":"","overlay-opacity":"","overlay-gradient":""},"tablet":{"background-color":"","background-image":"","background-repeat":"repeat","background-position":"center center","background-size":"auto","background-attachment":"scroll","background-type":"","background-media":"","overlay-type":"","overlay-color":"","overlay-opacity":"","overlay-gradient":""},"mobile":{"background-color":"","background-image":"","background-repeat":"repeat","background-position":"center center","background-size":"auto","background-attachment":"scroll","background-type":"","background-media":"","overlay-type":"","overlay-color":"","overlay-opacity":"","overlay-gradient":""}},"ast-content-background-meta":{"desktop":{"background-color":"var(--ast-global-color-5)","background-image":"","background-repeat":"repeat","background-position":"center center","background-size":"auto","background-attachment":"scroll","background-type":"","background-media":"","overlay-type":"","overlay-color":"","overlay-opacity":"","overlay-gradient":""},"tablet":{"background-color":"var(--ast-global-color-5)","background-image":"","background-repeat":"repeat","background-position":"center center","background-size":"auto","background-attachment":"scroll","background-type":"","background-media":"","overlay-type":"","overlay-color":"","overlay-opacity":"","overlay-gradient":""},"mobile":{"background-color":"var(--ast-global-color-5)","background-image":"","background-repeat":"repeat","background-position":"center center","background-size":"auto","background-attachment":"scroll","background-type":"","background-media":"","overlay-type":"","overlay-color":"","overlay-opacity":"","overlay-gradient":""}},"_joinchat":{"telephone":"17776015835"}},"product_brand":[],"product_cat":[62,153,158,142],"product_tag":[295,297,296,491,269],"class_list":{"0":"post-3999","1":"product","2":"type-product","3":"status-publish","4":"has-post-thumbnail","6":"product_cat-bang-vape","7":"product_cat-buy-disposable-vapes-in-italy","8":"product_cat-buy-disposable-vapes-in-spain","9":"product_cat-digital-box-disposable-vapes","10":"product_tag-bang-beach-38000","11":"product_tag-fingerprint-vape","12":"product_tag-puff-bar","13":"product_tag-vape-with-digital-dispaly","14":"product_tag-vape-with-screen","15":"desktop-align-left","16":"tablet-align-left","17":"mobile-align-left","19":"first","20":"instock","21":"sale","22":"shipping-taxable","23":"purchasable","24":"product-type-simple"},"acf":[],"uagb_featured_image_src":{"full":["https:\/\/vapestornado.com\/wp-content\/uploads\/2025\/03\/Wholesale-Bang-Vape-at-Cheap-Prices.webp",800,800,false],"thumbnail":["https:\/\/vapestornado.com\/wp-content\/uploads\/2025\/03\/Wholesale-Bang-Vape-at-Cheap-Prices-150x150.webp",150,150,true],"medium":["https:\/\/vapestornado.com\/wp-content\/uploads\/2025\/03\/Wholesale-Bang-Vape-at-Cheap-Prices-300x300.webp",300,300,true],"medium_large":["https:\/\/vapestornado.com\/wp-content\/uploads\/2025\/03\/Wholesale-Bang-Vape-at-Cheap-Prices-768x768.webp",768,768,true],"large":["https:\/\/vapestornado.com\/wp-content\/uploads\/2025\/03\/Wholesale-Bang-Vape-at-Cheap-Prices.webp",800,800,false],"1536x1536":["https:\/\/vapestornado.com\/wp-content\/uploads\/2025\/03\/Wholesale-Bang-Vape-at-Cheap-Prices.webp",800,800,false],"2048x2048":["https:\/\/vapestornado.com\/wp-content\/uploads\/2025\/03\/Wholesale-Bang-Vape-at-Cheap-Prices.webp",800,800,false],"trp-custom-language-flag":["https:\/\/vapestornado.com\/wp-content\/uploads\/2025\/03\/Wholesale-Bang-Vape-at-Cheap-Prices.webp",12,12,false],"woocommerce_thumbnail":["https:\/\/vapestornado.com\/wp-content\/uploads\/2025\/03\/Wholesale-Bang-Vape-at-Cheap-Prices-300x300.webp",300,300,true],"woocommerce_single":["https:\/\/vapestornado.com\/wp-content\/uploads\/2025\/03\/Wholesale-Bang-Vape-at-Cheap-Prices-600x600.webp",600,600,true],"woocommerce_gallery_thumbnail":["https:\/\/vapestornado.com\/wp-content\/uploads\/2025\/03\/Wholesale-Bang-Vape-at-Cheap-Prices-100x100.webp",100,100,true]},"uagb_author_info":{"display_name":"ESAMY","author_link":"https:\/\/vapestornado.com\/cs\/author\/"},"uagb_comment_info":1,"uagb_excerpt":"Bang Beach 38000 Puff disposable E-cigarette with 38ml e-juice, mesh coil, 850mAh Type-C rechargeable battery, dual-screen display and fingerprint lock. High-capacity 38K vape bar designed for long use, vapor shop sales, and competitive Cigarette wholesaler prices across Europe. Add Amy's whatsapp to get right reply and discount price! WhatsApp: +86 17776015835 &nbsp;","_links":{"self":[{"href":"https:\/\/vapestornado.com\/cs\/wp-json\/wp\/v2\/product\/3999","targetHints":{"allow":["GET"]}}],"collection":[{"href":"https:\/\/vapestornado.com\/cs\/wp-json\/wp\/v2\/product"}],"about":[{"href":"https:\/\/vapestornado.com\/cs\/wp-json\/wp\/v2\/types\/product"}],"replies":[{"embeddable":true,"href":"https:\/\/vapestornado.com\/cs\/wp-json\/wp\/v2\/comments?post=3999"}],"wp:featuredmedia":[{"embeddable":true,"href":"https:\/\/vapestornado.com\/cs\/wp-json\/wp\/v2\/media\/3998"}],"wp:attachment":[{"href":"https:\/\/vapestornado.com\/cs\/wp-json\/wp\/v2\/media?parent=3999"}],"wp:term":[{"taxonomy":"product_brand","embeddable":true,"href":"https:\/\/vapestornado.com\/cs\/wp-json\/wp\/v2\/product_brand?post=3999"},{"taxonomy":"product_cat","embeddable":true,"href":"https:\/\/vapestornado.com\/cs\/wp-json\/wp\/v2\/product_cat?post=3999"},{"taxonomy":"product_tag","embeddable":true,"href":"https:\/\/vapestornado.com\/cs\/wp-json\/wp\/v2\/product_tag?post=3999"}],"curies":[{"name":"wp","href":"https:\/\/api.w.org\/{rel}","templated":true}]}}