{"id":3975,"date":"2025-03-25T07:58:28","date_gmt":"2025-03-25T07:58:28","guid":{"rendered":"https:\/\/vapestornado.com\/?post_type=product&#038;p=3975"},"modified":"2025-08-23T11:43:24","modified_gmt":"2025-08-23T11:43:24","slug":"2025-new-vopk-ultra-40000-puffs-double-flavor-disposable-vape-factory-suppliers","status":"publish","type":"product","link":"https:\/\/vapestornado.com\/cs\/product\/2025-new-vopk-ultra-40000-puffs-double-flavor-disposable-vape-factory-suppliers\/","title":{"rendered":"2025 Nov\u00ed dodavatel\u00e9 jednor\u00e1zov\u00fdch vap\u016f VOPK Ultra 40000 s dvojitou p\u0159\u00edchut\u00ed"},"content":{"rendered":"<h1 data-pm-slice=\"1 1 []\">2025 Nov\u00ed dodavatel\u00e9 jednor\u00e1zov\u00fdch vap\u016f VOPK Ultra 40000 s dvojitou p\u0159\u00edchut\u00ed<\/h1>\n<p data-start=\"140\" data-end=\"448\">Ten <strong data-start=\"144\" data-end=\"209\">Nov\u00e1 jednor\u00e1zov\u00e1 e-cigareta VOPK Ultra 40000 pot\u00e1hnut\u00ed se dv\u011bma p\u0159\u00edchut\u011bmi pro rok 2025<\/strong> je ur\u010dena pro maloobchodn\u00edky a distributory, kte\u0159\u00ed hledaj\u00ed pr\u00e9miovou a dlouhotrvaj\u00edc\u00ed variantu pro sv\u016fj invent\u00e1\u0159. S a\u017e <strong data-start=\"324\" data-end=\"340\">40 000 pot\u00e1hnut\u00ed<\/strong>, toto za\u0159\u00edzen\u00ed s vysokou kapacitou kombinuje <strong data-start=\"377\" data-end=\"409\">DTL v\u00fdkon ve stylu vodn\u00ed d\u00fdmky<\/strong> se stylov\u00fdm designem inspirovan\u00fdm SHISHA.<\/p>\n<p data-start=\"450\" data-end=\"859\">Je vybaveno <strong data-start=\"467\" data-end=\"498\">850mAh dob\u00edjec\u00ed bateri\u00ed<\/strong> a <strong data-start=\"505\" data-end=\"537\">36ml p\u0159edpln\u011bn\u00e1 n\u00e1dr\u017eka na e-liquid<\/strong>, VOPK Ultra zaji\u0161\u0165uje prodlou\u017een\u00e9 vapov\u00e1n\u00ed bez \u010dast\u00fdch v\u00fdm\u011bn. Jeho <strong data-start=\"613\" data-end=\"635\">RGB digit\u00e1ln\u00ed obrazovka<\/strong> informuje u\u017eivatele v re\u00e1ln\u00e9m \u010dase o stavu baterie, po\u010dtu pot\u00e1hnut\u00ed a nastaven\u00ed v\u00fdkonu. Nastaviteln\u00e1 regulace v\u00fdkonu umo\u017e\u0148uje z\u00e1kazn\u00edk\u016fm doladit intenzitu vapov\u00e1n\u00ed pro jemn\u00e9 chu\u0165ov\u00e9 seance nebo hust\u00e9 mraky p\u00e1ry.<\/p>\n<p data-start=\"861\" data-end=\"1210\">V\u00fdrazn\u00fdm prvkem jsou jeho <strong data-start=\"889\" data-end=\"914\">syst\u00e9mem \u010dty\u0159n\u00e1sobn\u00e9 mesh spir\u00e1lky<\/strong>, kter\u00e9 poskytuj\u00ed vylep\u0161enou chu\u0165 a produkci p\u00e1ry a z\u00e1rove\u0148 zaji\u0161\u0165uj\u00ed, \u017ee ka\u017ed\u00fd potah z\u016fstane konzistentn\u00ed. S <strong data-start=\"1015\" data-end=\"1053\">dv\u011bma p\u0159\u00edchut\u011bmi zabudovan\u00fdmi do jednoho za\u0159\u00edzen\u00ed<\/strong>, mohou u\u017eivatel\u00e9 bez n\u00e1mahy p\u0159ep\u00ednat mezi chu\u0165ov\u00fdmi profily, jako jsou <strong data-start=\"1113\" data-end=\"1165\">Jahoda Meloun<\/strong> or <strong data-start=\"1169\" data-end=\"1207\">Malina Ananas<\/strong>.<\/p>\n<p data-start=\"1212\" data-end=\"1603\">Dostupn\u00e9 v <strong data-start=\"1225\" data-end=\"1266\">0%, 2%, 3% a 5%<\/strong>, VOPK Ultra 40K uspokoj\u00ed v\u0161echny u\u017eivatelsk\u00e9 preference, od nad\u0161enc\u016f bez nikotinu a\u017e po zku\u0161en\u00e9 vapery. Rychl\u00e9 <strong data-start=\"1378\" data-end=\"1397\">Nab\u00edjen\u00ed typu C<\/strong> zaru\u010duje minim\u00e1ln\u00ed prostoje, tak\u017ee je vysoce spolehliv\u00fd pro pou\u017eit\u00ed na cest\u00e1ch. Pro velkoobchodn\u00edky tento model nab\u00edz\u00ed <strong data-start=\"1507\" data-end=\"1586\">p\u0159\u00edm\u00e9 dod\u00e1vky z tov\u00e1rny, konkurenceschopn\u00e9 velkoobchodn\u00ed ceny a silnou p\u0159ita\u017elivost pro z\u00e1kazn\u00edky<\/strong> po cel\u00e9 Evrop\u011b.<\/p>\n<p data-start=\"666\" data-end=\"1235\"><strong style=\"font-size: 16px;\"><span style=\"color: #ff0000;\">P\u0159idejte si WhatsApp Amy a z\u00edskejte okam\u017eitou odpov\u011b\u010f a zv\u00fdhodn\u011bnou cenu!<\/span><\/strong><\/p>\n<p><img fetchpriority=\"high\" decoding=\"async\" class=\"size-full wp-image-2932\" src=\"https:\/\/vapestornado.com\/wp-content\/uploads\/2024\/12\/Vape-Wholesale.jpg\" alt=\"Velkoobchod s vape\" width=\"229\" height=\"300\" \/><\/p>\n<h3><a href=\"https:\/\/wa.me\/8617776015835\" target=\"_blank\" rel=\"noopener\"><span style=\"color: #ff0000;\"><strong>WhatsApp: +86 17776015835<\/strong><\/span><\/a><\/h3>\n<p>&nbsp;<\/p>\n<h2><strong>Kl\u00ed\u010dov\u00e9 vlastnosti produktu VOPK Ultra 40000 pot\u00e1hnut\u00ed<\/strong><\/h2>\n<p>Zna\u010dka: Vopk Vapes<br \/>\nE-liquid: 36 ml p\u0159edpln\u011bn\u00e9 tekutiny<br \/>\nBaterie: 850mAh baterie<br \/>\nPort typu C<br \/>\nA\u017e 40 000 pot\u00e1hnut\u00ed<br \/>\nNastaviteln\u00fd v\u00fdkon<br \/>\nDigit\u00e1ln\u00ed displej<br \/>\nHladiny nikotinu 0% 2% 3% 5%<\/p>\n<figure id=\"attachment_3955\" aria-describedby=\"caption-attachment-3955\" style=\"width: 800px\" class=\"wp-caption alignnone\"><img decoding=\"async\" class=\"wp-image-3955 size-full\" src=\"https:\/\/vapestornado.com\/wp-content\/uploads\/2025\/03\/VOPK-Ultra-40k-40000-Puffs-Disposable-Vape-Dual-Flavors.webp\" alt=\"VOPK Ultra 40k 40000 pot\u00e1hnut\u00ed Jednor\u00e1zov\u00e1 vape 2 p\u0159\u00edchut\u011b\" width=\"800\" height=\"800\" srcset=\"https:\/\/vapestornado.com\/wp-content\/uploads\/2025\/03\/VOPK-Ultra-40k-40000-Puffs-Disposable-Vape-Dual-Flavors.webp 800w, https:\/\/vapestornado.com\/wp-content\/uploads\/2025\/03\/VOPK-Ultra-40k-40000-Puffs-Disposable-Vape-Dual-Flavors-300x300.webp 300w, https:\/\/vapestornado.com\/wp-content\/uploads\/2025\/03\/VOPK-Ultra-40k-40000-Puffs-Disposable-Vape-Dual-Flavors-150x150.webp 150w, https:\/\/vapestornado.com\/wp-content\/uploads\/2025\/03\/VOPK-Ultra-40k-40000-Puffs-Disposable-Vape-Dual-Flavors-768x768.webp 768w, https:\/\/vapestornado.com\/wp-content\/uploads\/2025\/03\/VOPK-Ultra-40k-40000-Puffs-Disposable-Vape-Dual-Flavors-600x600.webp 600w, https:\/\/vapestornado.com\/wp-content\/uploads\/2025\/03\/VOPK-Ultra-40k-40000-Puffs-Disposable-Vape-Dual-Flavors-100x100.webp 100w\" sizes=\"(max-width: 800px) 100vw, 800px\" \/><figcaption id=\"caption-attachment-3955\" class=\"wp-caption-text\">VOPK Ultra 40k 40000 pot\u00e1hnut\u00ed Jednor\u00e1zov\u00e1 vape 2 p\u0159\u00edchut\u011b<\/figcaption><\/figure>\n<p>&nbsp;<\/p>\n<h2 class=\"product-title\"><strong>VOPK Ultra 40000 pot\u00e1hnut\u00ed Jednor\u00e1zov\u00e9 boxy Seznam p\u0159\u00edchut\u00ed<\/strong><\/h2>\n<article class=\"w-full text-token-text-primary focus-visible:outline-2 focus-visible:outline-offset-[-4px]\" dir=\"auto\" data-testid=\"conversation-turn-32\" data-scroll-anchor=\"false\">\n<div class=\"m-auto text-base py-[18px] px-6\">\n<div class=\"mx-auto flex flex-1 text-base gap-4 md:gap-5 lg:gap-6 md:max-w-3xl lg:max-w-[40rem] xl:max-w-[48rem]\">\n<div class=\"group\/conversation-turn relative flex w-full min-w-0 flex-col @xs\/thread:px-0 @sm\/thread:px-1.5 @md\/thread:px-4\">\n<div class=\"flex-col gap-1 md:gap-3\">\n<div class=\"flex max-w-full flex-col flex-grow\">\n<div class=\"min-h-8 text-message flex w-full flex-col items-end gap-2 whitespace-normal break-words text-start [.text-message+&amp;]:mt-5\" dir=\"auto\" data-message-author-role=\"user\" data-message-id=\"ffac41ca-1db4-431b-873a-32c4052956f1\">\n<div class=\"flex w-full flex-col gap-1 empty:hidden items-end rtl:items-start\">\n<div class=\"relative max-w-[var(--user-chat-width,70%)] rounded-3xl bg-token-message-surface px-5 py-2.5\">\n<div class=\"absolute bottom-0 right-full top-0 -mr-3.5 hidden pr-5 pt-2 [.group\/conversation-turn:hover_&amp;]:flex\">\n<div class=\"flex\">\n<article class=\"w-full text-token-text-primary focus-visible:outline-2 focus-visible:outline-offset-[-4px]\" dir=\"auto\" data-testid=\"conversation-turn-39\" data-scroll-anchor=\"true\">\n<div class=\"m-auto text-base py-[18px] px-6\">\n<div class=\"mx-auto flex flex-1 text-base gap-4 md:gap-5 lg:gap-6 md:max-w-3xl lg:max-w-[40rem] xl:max-w-[48rem]\">\n<div class=\"group\/conversation-turn relative flex w-full min-w-0 flex-col agent-turn @xs\/thread:px-0 @sm\/thread:px-1.5 @md\/thread:px-4\">\n<div class=\"flex-col gap-1 md:gap-3\">\n<div class=\"flex max-w-full flex-col flex-grow\">\n<div class=\"min-h-8 text-message flex w-full flex-col items-end gap-2 whitespace-normal break-words text-start [.text-message+&amp;]:mt-5\" dir=\"auto\" data-message-author-role=\"assistant\" data-message-id=\"55a23854-ec57-48dd-bd4f-6118f43d6241\" data-message-model-slug=\"gpt-4o\">\n<div class=\"flex w-full flex-col gap-1 empty:hidden first:pt-[3px]\">\n<div class=\"markdown prose w-full break-words dark:prose-invert light\">\n<p>1. Jahoda Meloun \/ Kiwi Mu\u010denka Guava<br \/>\n2. Bor\u016fvka Malina \/ Broskev Mango Meloun<br \/>\n3. Modr\u00fd Razz Gumov\u00fd Medv\u00eddek \/ Jahoda Kiwi<br \/>\n4. Blue Razz Cherry\/ Jahoda Malina<br \/>\n5. \u0160umiv\u00fd Citron<br \/>\n6. Melounov\u00fd led \/ Blue Razz led<br \/>\n7. Blue Razz Ananas \/ Trojit\u00e9 Mango<br \/>\n8. Hroznov\u00e1 Bobulov\u00e1 Smr\u0161\u0165 \/ Hru\u0161ka Jablko Malina<br \/>\n9. Jahoda Brusinka T\u0159e\u0161e\u0148 \/ Ananas Mu\u010denka Limetka<br \/>\n10. Bor\u016fvka Jahoda Mentol \/ Bor\u016fvka Malina Mentol<\/p>\n<\/div>\n<\/div>\n<\/div>\n<\/div>\n<\/div>\n<\/div>\n<\/div>\n<\/div>\n<\/article>\n<\/div>\n<\/div>\n<\/div>\n<\/div>\n<\/div>\n<\/div>\n<\/div>\n<\/div>\n<\/div>\n<\/div>\n<\/article>\n<h2>Pro\u010d si vybrat Vapestornado pro VOPK Ultra 40000 pot\u00e1hnut\u00ed?<\/h2>\n<div class=\"flex-shrink-0 flex flex-col relative items-end\">\n<div class=\"pt-0\">\n<div class=\"gizmo-bot-avatar flex h-8 w-8 items-center justify-center overflow-hidden rounded-full\">\n<div class=\"relative p-1 rounded-sm flex items-center justify-center bg-token-main-surface-primary text-token-text-primary h-8 w-8\">\n<p data-start=\"88\" data-end=\"557\">Pokud jde o <strong data-start=\"105\" data-end=\"154\">\u00a0n\u00e1kup vysoce kvalitn\u00edch jednor\u00e1zov\u00fdch vap\u016f<\/strong>, <strong data-start=\"156\" data-end=\"172\">Vapestornado<\/strong> je spolehliv\u00fdm zdrojem bezkonkuren\u010dn\u00edch <strong data-start=\"208\" data-end=\"271\">tov\u00e1rn\u00edch cen, rychl\u00e9ho odesl\u00e1n\u00ed a prvot\u0159\u00eddn\u00edho z\u00e1kaznick\u00e9ho servisu<\/strong>N\u00e1kup VOPK Ultra 40000 pot\u00e1hnut\u00ed od Vapestornado znamen\u00e1, \u017ee z\u00edsk\u00e1te <strong data-start=\"363\" data-end=\"400\">autentick\u00e9, 100% origin\u00e1ln\u00ed produkty<\/strong> s nejnov\u011bj\u0161\u00edm digit\u00e1ln\u00edm<strong data-start=\"417\" data-end=\"515\"> displejem, dob\u00edjec\u00edm pohodl\u00edm Type-C, 2 v 1 dvojitou p\u0159\u00edchut\u00ed a kapacitou 4000 pot\u00e1hnut\u00ed<\/strong>\u2014v\u0161e za n\u00edzkou<strong data-start=\"527\" data-end=\"554\">\u00a0velkoobchodn\u00ed ceny<\/strong>.<\/p>\n<p data-start=\"559\" data-end=\"933\" data-is-last-node=\"\" data-is-only-node=\"\">M\u00e1me tak\u00e9 dal\u0161\u00ed popul\u00e1rn\u00ed vapy s displejem, jako nap\u0159\u00edklad <a href=\"https:\/\/vapestornado.com\/cs\/product\/mesii-couple-50k-disposable-shisha-hookah-50000-puffs-vape-with-digital-display\/\">Mesii p\u00e1r 50000<\/a>, <a href=\"https:\/\/vapestornado.com\/cs\/product\/vopk-cool-9000-puffs-disposable-vapes-bar-puff-9k\/\">Jednor\u00e1zov\u00e1 vape VOPK 9000 Puff<\/a>, <a href=\"https:\/\/vapestornado.com\/cs\/product\/bang-beach-22000-20k-puff-disposable-vape-pen-with-screen-reddit-hot\/\">Bang Beach 22000<\/a>, a dal\u0161\u00ed.<\/p>\n<\/div>\n<div class=\"relative p-1 rounded-sm flex items-center justify-center bg-token-main-surface-primary text-token-text-primary h-8 w-8\">\n<h2>\u010cASTO KLADEN\u00c9 DOTAZY<\/h2>\n<ol data-start=\"1260\" data-end=\"2197\">\n<li class=\"\" data-start=\"1260\" data-end=\"1488\">\n<p class=\"\" data-start=\"1263\" data-end=\"1488\"><strong data-start=\"1263\" data-end=\"1301\">Jak pou\u017e\u00edv\u00e1m jednor\u00e1zov\u00e9 vape pody?<\/strong><br data-start=\"1301\" data-end=\"1304\" \/>Jednodu\u0161e <strong data-start=\"1314\" data-end=\"1347\">vdechujte n\u00e1ustkem<\/strong>a za\u0159\u00edzen\u00ed se automaticky aktivuje. The <strong data-start=\"1397\" data-end=\"1425\">nastaviteln\u00e9 nastaven\u00ed v\u00fdkonu<\/strong> v\u00e1m umo\u017e\u0148uje doladit si z\u00e1\u017eitek pro dokonal\u00fd hit.<\/p>\n<\/li>\n<li class=\"\" data-start=\"1490\" data-end=\"1743\">\n<p class=\"\" data-start=\"1493\" data-end=\"1743\"><strong data-start=\"1493\" data-end=\"1555\">Jak dob\u00edt jednor\u00e1zovou vape s nab\u00edje\u010dkou pro Android?<\/strong><br data-start=\"1555\" data-end=\"1558\" \/>Pokud m\u00e1 va\u0161e vape <strong data-start=\"1580\" data-end=\"1604\">nab\u00edjec\u00edm portem typu C<\/strong>, m\u016f\u017eete pou\u017e\u00edt <strong data-start=\"1620\" data-end=\"1648\">standardn\u00ed nab\u00edje\u010dku pro Android<\/strong> k jeho dobit\u00ed. Ujist\u011bte se, \u017ee pou\u017e\u00edv\u00e1te spolehliv\u00fd zdroj nap\u00e1jen\u00ed pro optim\u00e1ln\u00ed \u00fa\u010dinnost nab\u00edjen\u00ed.<\/p>\n<\/li>\n<li class=\"\" data-start=\"1745\" data-end=\"1979\">\n<p class=\"\" data-start=\"1748\" data-end=\"1979\"><strong data-start=\"1748\" data-end=\"1808\">Mohu si vz\u00edt jednor\u00e1zovou vapku do letadla na mezin\u00e1rodn\u00ed let?<\/strong><br data-start=\"1808\" data-end=\"1811\" \/>Ano, ale <strong data-start=\"1826\" data-end=\"1862\">mus\u00ed b\u00fdt v p\u0159\u00edru\u010dn\u00edm zavazadle<\/strong>. Informujte se u sv\u00e9 leteck\u00e9 spole\u010dnosti o p\u0159\u00edpadn\u00fdch specifick\u00fdch p\u0159edpisech t\u00fdkaj\u00edc\u00edch se <strong data-start=\"1927\" data-end=\"1948\">nikotinov\u00fdch produkt\u016f<\/strong> v c\u00edlov\u00e9 zemi (\u010cesk\u00e1 republika).<\/p>\n<\/li>\n<li class=\"\" data-start=\"1981\" data-end=\"2197\">\n<p class=\"\" data-start=\"1984\" data-end=\"2197\"><strong data-start=\"1984\" data-end=\"2033\">Jak pozn\u00e1m, \u017ee je moje jednor\u00e1zov\u00e1 vapka pr\u00e1zdn\u00e1?<\/strong><br data-start=\"2033\" data-end=\"2036\" \/>Pokud <strong data-start=\"2046\" data-end=\"2144\">chu\u0165 vybledne, produkce p\u00e1ry se sn\u00ed\u017e\u00ed nebo digit\u00e1ln\u00ed obrazovka zobraz\u00ed indik\u00e1tor n\u00edzk\u00e9 hladiny e-liquidu<\/strong>, je \u010das <strong data-start=\"2159\" data-end=\"2194\">vym\u011bnit nebo dob\u00edt za\u0159\u00edzen\u00ed<\/strong>.<\/p>\n<\/li>\n<\/ol>\n<\/div>\n<\/div>\n<\/div>\n<\/div>","protected":false},"excerpt":{"rendered":"<p class=\"LC20lb MBeuO DKV0Md\">Ten <strong data-start=\"1647\" data-end=\"1672\">VOPK Ultra 40000 Vape<\/strong> nab\u00edz\u00ed du\u00e1ln\u00ed p\u0159\u00edchut\u011b, quad mesh spir\u00e1lky a chytrou digit\u00e1ln\u00ed obrazovku. Pr\u00e9miov\u00e9 jednor\u00e1zov\u00e9 za\u0159\u00edzen\u00ed vytvo\u0159en\u00e9 pro <strong data-start=\"1771\" data-end=\"1828\">velkoobchodn\u00ed dodavatele a hromadn\u00e9 objedn\u00e1vky v Evrop\u011b<\/strong>.<\/p>\n<p><strong>P\u0159idejte si Amy na Whatsapp, abyste z\u00edskali spr\u00e1vnou odpov\u011b\u010f a slevu!<\/strong><\/p>\n<p><img fetchpriority=\"high\" decoding=\"async\" class=\"size-full wp-image-2932\" src=\"https:\/\/vapestornado.com\/wp-content\/uploads\/2024\/12\/Vape-Wholesale.jpg\" alt=\"Velkoobchod s vape\" width=\"229\" height=\"300\" \/><\/p>\n<h3><a href=\"https:\/\/wa.me\/8617776015835\"><span style=\"color: #ff0000;\"><strong>WhatsApp: +86 17776015835<\/strong><\/span><\/a><\/h3>\n<p>&nbsp;<\/p>","protected":false},"featured_media":3959,"comment_status":"open","ping_status":"closed","template":"","meta":{"_acf_changed":false,"_uag_custom_page_level_css":"","_lmt_disableupdate":"no","_lmt_disable":"","_monsterinsights_skip_tracking":false,"_monsterinsights_sitenote_active":false,"_monsterinsights_sitenote_note":"","_monsterinsights_sitenote_category":0,"site-sidebar-layout":"default","site-content-layout":"","ast-site-content-layout":"default","site-content-style":"default","site-sidebar-style":"default","ast-global-header-display":"","ast-banner-title-visibility":"","ast-main-header-display":"","ast-hfb-above-header-display":"","ast-hfb-below-header-display":"","ast-hfb-mobile-header-display":"","site-post-title":"","ast-breadcrumbs-content":"","ast-featured-img":"","footer-sml-layout":"","ast-disable-related-posts":"","theme-transparent-header-meta":"default","adv-header-id-meta":"","stick-header-meta":"","header-above-stick-meta":"","header-main-stick-meta":"","header-below-stick-meta":"","astra-migrate-meta-layouts":"set","ast-page-background-enabled":"default","ast-page-background-meta":{"desktop":{"background-color":"","background-image":"","background-repeat":"repeat","background-position":"center center","background-size":"auto","background-attachment":"scroll","background-type":"","background-media":"","overlay-type":"","overlay-color":"","overlay-opacity":"","overlay-gradient":""},"tablet":{"background-color":"","background-image":"","background-repeat":"repeat","background-position":"center center","background-size":"auto","background-attachment":"scroll","background-type":"","background-media":"","overlay-type":"","overlay-color":"","overlay-opacity":"","overlay-gradient":""},"mobile":{"background-color":"","background-image":"","background-repeat":"repeat","background-position":"center center","background-size":"auto","background-attachment":"scroll","background-type":"","background-media":"","overlay-type":"","overlay-color":"","overlay-opacity":"","overlay-gradient":""}},"ast-content-background-meta":{"desktop":{"background-color":"var(--ast-global-color-5)","background-image":"","background-repeat":"repeat","background-position":"center center","background-size":"auto","background-attachment":"scroll","background-type":"","background-media":"","overlay-type":"","overlay-color":"","overlay-opacity":"","overlay-gradient":""},"tablet":{"background-color":"var(--ast-global-color-5)","background-image":"","background-repeat":"repeat","background-position":"center center","background-size":"auto","background-attachment":"scroll","background-type":"","background-media":"","overlay-type":"","overlay-color":"","overlay-opacity":"","overlay-gradient":""},"mobile":{"background-color":"var(--ast-global-color-5)","background-image":"","background-repeat":"repeat","background-position":"center center","background-size":"auto","background-attachment":"scroll","background-type":"","background-media":"","overlay-type":"","overlay-color":"","overlay-opacity":"","overlay-gradient":""}},"_joinchat":{"telephone":"17776015835"}},"product_brand":[],"product_cat":[65,153,160,142,146,290],"product_tag":[261,165,291,294,94,293],"class_list":{"0":"post-3975","1":"product","2":"type-product","3":"status-publish","4":"has-post-thumbnail","6":"product_cat-40000-puff","7":"product_cat-buy-disposable-vapes-in-italy","8":"product_cat-buy-disposable-vapes-in-switzerland","9":"product_cat-digital-box-disposable-vapes","10":"product_cat-rechargeable-disposable-vapes","11":"product_cat-vopk-vape","12":"product_tag-2-in-1-double-flavor-vape","13":"product_tag-cheap-vapes","14":"product_tag-disposable-shisha-hookah","15":"product_tag-puff-40k","16":"product_tag-rechargeable-disposable-vape","17":"product_tag-vopk-ultra-40000","18":"desktop-align-left","19":"tablet-align-left","20":"mobile-align-left","22":"first","23":"instock","24":"sale","25":"shipping-taxable","26":"purchasable","27":"product-type-simple"},"acf":[],"uagb_featured_image_src":{"full":["https:\/\/vapestornado.com\/wp-content\/uploads\/2025\/03\/VOPK-ULTRA-40000-puffs-Disposable-Vape.webp",800,800,false],"thumbnail":["https:\/\/vapestornado.com\/wp-content\/uploads\/2025\/03\/VOPK-ULTRA-40000-puffs-Disposable-Vape-150x150.webp",150,150,true],"medium":["https:\/\/vapestornado.com\/wp-content\/uploads\/2025\/03\/VOPK-ULTRA-40000-puffs-Disposable-Vape-300x300.webp",300,300,true],"medium_large":["https:\/\/vapestornado.com\/wp-content\/uploads\/2025\/03\/VOPK-ULTRA-40000-puffs-Disposable-Vape-768x768.webp",768,768,true],"large":["https:\/\/vapestornado.com\/wp-content\/uploads\/2025\/03\/VOPK-ULTRA-40000-puffs-Disposable-Vape.webp",800,800,false],"1536x1536":["https:\/\/vapestornado.com\/wp-content\/uploads\/2025\/03\/VOPK-ULTRA-40000-puffs-Disposable-Vape.webp",800,800,false],"2048x2048":["https:\/\/vapestornado.com\/wp-content\/uploads\/2025\/03\/VOPK-ULTRA-40000-puffs-Disposable-Vape.webp",800,800,false],"trp-custom-language-flag":["https:\/\/vapestornado.com\/wp-content\/uploads\/2025\/03\/VOPK-ULTRA-40000-puffs-Disposable-Vape.webp",12,12,false],"woocommerce_thumbnail":["https:\/\/vapestornado.com\/wp-content\/uploads\/2025\/03\/VOPK-ULTRA-40000-puffs-Disposable-Vape-300x300.webp",300,300,true],"woocommerce_single":["https:\/\/vapestornado.com\/wp-content\/uploads\/2025\/03\/VOPK-ULTRA-40000-puffs-Disposable-Vape-600x600.webp",600,600,true],"woocommerce_gallery_thumbnail":["https:\/\/vapestornado.com\/wp-content\/uploads\/2025\/03\/VOPK-ULTRA-40000-puffs-Disposable-Vape-100x100.webp",100,100,true]},"uagb_author_info":{"display_name":"ESAMY","author_link":"https:\/\/vapestornado.com\/cs\/author\/"},"uagb_comment_info":0,"uagb_excerpt":"The VOPK Ultra 40000 Vape offers dual flavours, quad mesh coils, and a smart digital screen. A premium disposable built for factory wholesale suppliers and bulk orders in Europe. Add Amy's whatsapp to get right reply and discount price! WhatsApp: +86 17776015835 &nbsp;","_links":{"self":[{"href":"https:\/\/vapestornado.com\/cs\/wp-json\/wp\/v2\/product\/3975","targetHints":{"allow":["GET"]}}],"collection":[{"href":"https:\/\/vapestornado.com\/cs\/wp-json\/wp\/v2\/product"}],"about":[{"href":"https:\/\/vapestornado.com\/cs\/wp-json\/wp\/v2\/types\/product"}],"replies":[{"embeddable":true,"href":"https:\/\/vapestornado.com\/cs\/wp-json\/wp\/v2\/comments?post=3975"}],"wp:featuredmedia":[{"embeddable":true,"href":"https:\/\/vapestornado.com\/cs\/wp-json\/wp\/v2\/media\/3959"}],"wp:attachment":[{"href":"https:\/\/vapestornado.com\/cs\/wp-json\/wp\/v2\/media?parent=3975"}],"wp:term":[{"taxonomy":"product_brand","embeddable":true,"href":"https:\/\/vapestornado.com\/cs\/wp-json\/wp\/v2\/product_brand?post=3975"},{"taxonomy":"product_cat","embeddable":true,"href":"https:\/\/vapestornado.com\/cs\/wp-json\/wp\/v2\/product_cat?post=3975"},{"taxonomy":"product_tag","embeddable":true,"href":"https:\/\/vapestornado.com\/cs\/wp-json\/wp\/v2\/product_tag?post=3975"}],"curies":[{"name":"wp","href":"https:\/\/api.w.org\/{rel}","templated":true}]}}