{"id":3974,"date":"2025-03-24T07:31:30","date_gmt":"2025-03-24T07:31:30","guid":{"rendered":"https:\/\/vapestornado.com\/?post_type=product&#038;p=3974"},"modified":"2025-08-23T10:38:02","modified_gmt":"2025-08-23T10:38:02","slug":"vopk-shisha-hookah-20000-puffs-disposable-vapes-bar-best-flavor-wholesale","status":"publish","type":"product","link":"https:\/\/vapestornado.com\/cs\/product\/vopk-shisha-hookah-20000-puffs-disposable-vapes-bar-best-flavor-wholesale\/","title":{"rendered":"Vopk \u0160i\u0161a vodn\u00ed d\u00fdmka 20000 \u0160luk\u016f jednor\u00e1zov\u00e9 vapy bar nejlep\u0161\u00ed p\u0159\u00edchu\u0165 velkoobchod"},"content":{"rendered":"<h1 data-pm-slice=\"1 1 []\">Vopk \u0160i\u0161a vodn\u00ed d\u00fdmka 20000 \u0160luk\u016f jednor\u00e1zov\u00e9 vapy bar nejlep\u0161\u00ed p\u0159\u00edchu\u0165 velkoobchod<\/h1>\n<p data-start=\"272\" data-end=\"577\">Ten <strong data-start=\"276\" data-end=\"319\">Vopk Shisha Hookah 20000 pot\u00e1hnut\u00ed Vape Bar<\/strong> je ur\u010den pro velkoobchodn\u00edky a maloobchodn\u00edky, kte\u0159\u00ed hledaj\u00ed za\u0159\u00edzen\u00ed s vysokou kapacitou a silnou p\u0159ita\u017elivost\u00ed pro nad\u0161ence do shishy a vodn\u00edch d\u00fdmek. Poskytuje a\u017e <strong data-start=\"467\" data-end=\"483\">20 000 pot\u00e1hnut\u00ed<\/strong> z <strong data-start=\"491\" data-end=\"513\">28ml n\u00e1dr\u017eky na e-liquid<\/strong>, poskytuje dlouhodob\u00e9 pou\u017e\u00edv\u00e1n\u00ed a vynikaj\u00edc\u00ed potenci\u00e1l pro dal\u0161\u00ed prodej.<\/p>\n<p data-start=\"579\" data-end=\"910\">Vyrobeno s <strong data-start=\"592\" data-end=\"610\">0,6\u03a9 mesh coil<\/strong>, za\u0159\u00edzen\u00ed produkuje hustou p\u00e1ru a zv\u00fdrazn\u011bnou chu\u0165, tak\u017ee je ide\u00e1ln\u00ed pro <strong data-start=\"685\" data-end=\"706\">DTL styly vapingu<\/strong>. <strong data-start=\"712\" data-end=\"738\">digit\u00e1ln\u00ed displej<\/strong> udr\u017euje u\u017eivatele informovan\u00e9 o stavu baterie i hladin\u011b e-liquidu, zat\u00edmco <strong data-start=\"811\" data-end=\"842\">850mAh dob\u00edjec\u00ed bateri\u00ed<\/strong> s <strong data-start=\"848\" data-end=\"867\">Nab\u00edjen\u00ed typu C<\/strong> zaji\u0161\u0165uje st\u00e1l\u00fd v\u00fdkon po cel\u00fd den.<\/p>\n<p data-start=\"912\" data-end=\"1205\">Ten <strong data-start=\"916\" data-end=\"953\">dvoubarevn\u00fd design inspirovan\u00fd shishou<\/strong> d\u00e1v\u00e1 Vopk 20K jedine\u010dn\u00fd vzhled, kter\u00fd vynik\u00e1 v obchodech, zat\u00edmco \u0161irok\u00e1 \u0161k\u00e1la chu\u0165ov\u00fdch variant \u2013 od ovocn\u00fdch po ledov\u00e9 \u2013 zaru\u010duje n\u011bco pro ka\u017ed\u00e9ho z\u00e1kazn\u00edka. Kompaktn\u00ed a snadno se p\u0159en\u00e1\u0161\u00ed, je to univerz\u00e1ln\u00ed volba pro ka\u017edodenn\u00ed pou\u017eit\u00ed nebo velkoobchodn\u00ed distribuci.<\/p>\n<p data-start=\"1207\" data-end=\"1393\">Pro distributory v Evrop\u011b <strong data-start=\"1238\" data-end=\"1271\">Vopk Shisha Vodn\u00ed d\u00fdmka 20000 Vape<\/strong> kombinuje odolnost, v\u00fdkon a <strong data-start=\"1310\" data-end=\"1343\">konkuren\u010dn\u00ed velkoobchodn\u00ed ceny<\/strong>, co\u017e z n\u011bj \u010din\u00ed ziskovou volbu pro hromadn\u00e9 objedn\u00e1vky.<\/p>\n<p data-start=\"666\" data-end=\"1235\"><strong style=\"font-size: 16px;\"><span style=\"color: #ff0000;\">P\u0159idejte si WhatsApp Amy a z\u00edskejte okam\u017eitou odpov\u011b\u010f a zv\u00fdhodn\u011bnou cenu!<\/span><\/strong><\/p>\n<p><img fetchpriority=\"high\" decoding=\"async\" class=\"size-full wp-image-2932\" src=\"https:\/\/vapestornado.com\/wp-content\/uploads\/2024\/12\/Vape-Wholesale.jpg\" alt=\"Velkoobchod s vape\" width=\"229\" height=\"300\" \/><\/p>\n<h3><a href=\"https:\/\/wa.me\/8617776015835\" target=\"_blank\" rel=\"noopener\"><span style=\"color: #ff0000;\"><strong>WhatsApp: +86 17776015835<\/strong><\/span><\/a><\/h3>\n<p>&nbsp;<\/p>\n<h2><strong>Vopk Shisha Hookah 20000 Vape Bar Kl\u00ed\u010dov\u00e9 vlastnosti produktu<\/strong><\/h2>\n<p>Zna\u010dka: VOPK BAR<br \/>\nPotah\u016f: 20000 potah\u016f<br \/>\nVhodn\u00e9 pro: V\u0161echny osoby star\u0161\u00ed 18 let<br \/>\nKapacita: 28 ml<br \/>\nPotah\u016f: 20000 potah\u016f<br \/>\nBaterie: 850 mAh<br \/>\nNikotin: 0%\/2%\/3%\/5% Nikotinov\u00e1 s\u016fl<br \/>\nOdpor: 1,0ohmov\u00e1 mesh spir\u00e1lka<br \/>\nDigit\u00e1ln\u00ed displej pro olej a baterii<br \/>\nBalen\u00ed: Jednotliv\u00e1 balic\u00ed krabi\u010dka<\/p>\n<h2 class=\"product-title\"><strong>Vopk Shisha Hookah 20000 Jednor\u00e1zov\u00e9 pero Seznam p\u0159\u00edchut\u00ed<\/strong><\/h2>\n<article class=\"w-full text-token-text-primary focus-visible:outline-2 focus-visible:outline-offset-[-4px]\" dir=\"auto\" data-testid=\"conversation-turn-32\" data-scroll-anchor=\"false\">\n<div class=\"m-auto text-base py-[18px] px-6\">\n<div class=\"mx-auto flex flex-1 text-base gap-4 md:gap-5 lg:gap-6 md:max-w-3xl lg:max-w-[40rem] xl:max-w-[48rem]\">\n<div class=\"group\/conversation-turn relative flex w-full min-w-0 flex-col @xs\/thread:px-0 @sm\/thread:px-1.5 @md\/thread:px-4\">\n<div class=\"flex-col gap-1 md:gap-3\">\n<div class=\"flex max-w-full flex-col flex-grow\">\n<div class=\"min-h-8 text-message flex w-full flex-col items-end gap-2 whitespace-normal break-words text-start [.text-message+&amp;]:mt-5\" dir=\"auto\" data-message-author-role=\"user\" data-message-id=\"ffac41ca-1db4-431b-873a-32c4052956f1\">\n<div class=\"flex w-full flex-col gap-1 empty:hidden items-end rtl:items-start\">\n<div class=\"relative max-w-[var(--user-chat-width,70%)] rounded-3xl bg-token-message-surface px-5 py-2.5\">\n<div class=\"absolute bottom-0 right-full top-0 -mr-3.5 hidden pr-5 pt-2 [.group\/conversation-turn:hover_&amp;]:flex\">\n<div class=\"flex\">\n<article class=\"w-full text-token-text-primary focus-visible:outline-2 focus-visible:outline-offset-[-4px]\" dir=\"auto\" data-testid=\"conversation-turn-39\" data-scroll-anchor=\"true\">\n<div class=\"m-auto text-base py-[18px] px-6\">\n<div class=\"mx-auto flex flex-1 text-base gap-4 md:gap-5 lg:gap-6 md:max-w-3xl lg:max-w-[40rem] xl:max-w-[48rem]\">\n<div class=\"group\/conversation-turn relative flex w-full min-w-0 flex-col agent-turn @xs\/thread:px-0 @sm\/thread:px-1.5 @md\/thread:px-4\">\n<div class=\"flex-col gap-1 md:gap-3\">\n<div class=\"flex max-w-full flex-col flex-grow\">\n<div class=\"min-h-8 text-message flex w-full flex-col items-end gap-2 whitespace-normal break-words text-start [.text-message+&amp;]:mt-5\" dir=\"auto\" data-message-author-role=\"assistant\" data-message-id=\"55a23854-ec57-48dd-bd4f-6118f43d6241\" data-message-model-slug=\"gpt-4o\">\n<div class=\"flex w-full flex-col gap-1 empty:hidden first:pt-[3px]\">\n<div class=\"markdown prose w-full break-words dark:prose-invert light\">\n<p>1. Bor\u016fvka s ledem<br \/>\n2. Jahoda kiwi<br \/>\n3. M\u00edchan\u00e9 bobule<br \/>\n4. Jahoda s melounem<br \/>\n5. Melounov\u00fd led<br \/>\n6. Broskev mango ananas<br \/>\n7. Bor\u016fvka malina<br \/>\n8. Jahodov\u00e1 malinov\u00e1 cukrovinka<br \/>\n9. Melounov\u00e1 t\u0159e\u0161e\u0148<br \/>\n10. \u010cernoryb\u00edzov\u00fd led<\/p>\n<\/div>\n<figure id=\"attachment_3966\" aria-describedby=\"caption-attachment-3966\" style=\"width: 800px\" class=\"wp-caption alignnone\"><img decoding=\"async\" class=\"wp-image-3966 size-full\" src=\"https:\/\/vapestornado.com\/wp-content\/uploads\/2025\/03\/VOPK-Shisha-Hookah-BAR-Disposable-Vape-Wholesale.jpg\" alt=\"VOPK Shisha Hookah BAR Jednor\u00e1zov\u00e1 vape velkoobchod\" width=\"800\" height=\"957\" srcset=\"https:\/\/vapestornado.com\/wp-content\/uploads\/2025\/03\/VOPK-Shisha-Hookah-BAR-Disposable-Vape-Wholesale.jpg 800w, https:\/\/vapestornado.com\/wp-content\/uploads\/2025\/03\/VOPK-Shisha-Hookah-BAR-Disposable-Vape-Wholesale-251x300.jpg 251w, https:\/\/vapestornado.com\/wp-content\/uploads\/2025\/03\/VOPK-Shisha-Hookah-BAR-Disposable-Vape-Wholesale-768x919.jpg 768w, https:\/\/vapestornado.com\/wp-content\/uploads\/2025\/03\/VOPK-Shisha-Hookah-BAR-Disposable-Vape-Wholesale-600x718.jpg 600w\" sizes=\"(max-width: 800px) 100vw, 800px\" \/><figcaption id=\"caption-attachment-3966\" class=\"wp-caption-text\">VOPK Shisha Hookah BAR Jednor\u00e1zov\u00e1 vape velkoobchod<\/figcaption><\/figure>\n<\/div>\n<\/div>\n<\/div>\n<\/div>\n<\/div>\n<\/div>\n<\/div>\n<\/article>\n<\/div>\n<\/div>\n<\/div>\n<\/div>\n<\/div>\n<\/div>\n<\/div>\n<\/div>\n<\/div>\n<\/div>\n<\/article>\n<h2 data-start=\"86\" data-end=\"129\">Srovn\u00e1n\u00ed \u0159ady Vopk (Velkoobchodn\u00ed pr\u016fvodce)<\/h2>\n<p data-start=\"131\" data-end=\"155\"><strong data-start=\"131\" data-end=\"153\">Vopk Cool Bar 9000<\/strong><\/p>\n<ul data-start=\"156\" data-end=\"462\">\n<li data-start=\"156\" data-end=\"172\">\n<p data-start=\"158\" data-end=\"172\">Pot\u00e1hnut\u00ed: 9 000<\/p>\n<\/li>\n<li data-start=\"173\" data-end=\"205\">\n<p data-start=\"175\" data-end=\"205\">Baterie: 600mAh dob\u00edjec\u00ed<\/p>\n<\/li>\n<li data-start=\"206\" data-end=\"233\">\n<p data-start=\"208\" data-end=\"233\">Kapacita e-liquidu: 16 ml<\/p>\n<\/li>\n<li data-start=\"234\" data-end=\"258\">\n<p data-start=\"236\" data-end=\"258\">Typ spir\u00e1lky: 1,0\u03a9 Mesh<\/p>\n<\/li>\n<li data-start=\"259\" data-end=\"322\">\n<p data-start=\"261\" data-end=\"322\">Kl\u00ed\u010dov\u00e9 vlastnosti: Nastaviteln\u00fd pr\u016ftok vzduchu, podporuje MTL<\/p>\n<\/li>\n<li data-start=\"323\" data-end=\"395\">\n<p data-start=\"325\" data-end=\"395\">C\u00edlov\u00ed z\u00e1kazn\u00edci: Nen\u00e1ro\u010dn\u00ed denn\u00ed u\u017eivatel\u00e9, zku\u0161ebn\u00ed z\u00e1kazn\u00edci, majitel\u00e9 mal\u00fdch obchod\u016f<\/p>\n<\/li>\n<li data-start=\"396\" data-end=\"462\">\n<p data-start=\"398\" data-end=\"462\">Velkoobchodn\u00ed kl\u00ed\u010dov\u00e1 slova: Jednor\u00e1zov\u00e1 vape 9K, velkoobchod s vape pery<\/p>\n<\/li>\n<\/ul>\n<hr data-start=\"464\" data-end=\"467\" \/>\n<p data-start=\"469\" data-end=\"499\"><strong data-start=\"469\" data-end=\"497\">Vopk Shisha Vodn\u00ed d\u00fdmka 20000<\/strong><\/p>\n<ul data-start=\"500\" data-end=\"814\">\n<li data-start=\"500\" data-end=\"517\">\n<p data-start=\"502\" data-end=\"517\">Potahy: 20 000<\/p>\n<\/li>\n<li data-start=\"518\" data-end=\"550\">\n<p data-start=\"520\" data-end=\"550\">Baterie: 850mAh dob\u00edjec\u00ed<\/p>\n<\/li>\n<li data-start=\"551\" data-end=\"578\">\n<p data-start=\"553\" data-end=\"578\">Kapacita e-liquidu: 28 ml<\/p>\n<\/li>\n<li data-start=\"579\" data-end=\"603\">\n<p data-start=\"581\" data-end=\"603\">Typ spir\u00e1lky: 0,6\u03a9 Mesh<\/p>\n<\/li>\n<li data-start=\"604\" data-end=\"680\">\n<p data-start=\"606\" data-end=\"680\">Kl\u00ed\u010dov\u00e9 vlastnosti: Design ve stylu shisha, digit\u00e1ln\u00ed displej, ide\u00e1ln\u00ed pro DTL vaping<\/p>\n<\/li>\n<li data-start=\"681\" data-end=\"746\">\n<p data-start=\"683\" data-end=\"746\">C\u00edlov\u00ed z\u00e1kazn\u00edci: Nad\u0161enci shishy, st\u0159edn\u011b velk\u00e9 vape shopy<\/p>\n<\/li>\n<li data-start=\"747\" data-end=\"814\">\n<p data-start=\"749\" data-end=\"814\">Velkoobchodn\u00ed kl\u00ed\u010dov\u00e1 slova: 20K shisha vape bar, velkoobchod ve stylu hookah<\/p>\n<\/li>\n<\/ul>\n<hr data-start=\"816\" data-end=\"819\" \/>\n<p data-start=\"821\" data-end=\"840\"><strong data-start=\"821\" data-end=\"838\">Vopk 60K 3v1<\/strong><\/p>\n<ul data-start=\"841\" data-end=\"1208\">\n<li data-start=\"841\" data-end=\"866\">\n<p data-start=\"843\" data-end=\"866\">Potahy: 60 000 (3\u00d720K)<\/p>\n<\/li>\n<li data-start=\"867\" data-end=\"899\">\n<p data-start=\"869\" data-end=\"899\">Baterie: 950mAh dob\u00edjec\u00ed<\/p>\n<\/li>\n<li data-start=\"900\" data-end=\"948\">\n<p data-start=\"902\" data-end=\"948\">Kapacita e-liquidu: 3 samostatn\u00e9 n\u00e1dr\u017eky (20ml\u00d73)<\/p>\n<\/li>\n<li data-start=\"949\" data-end=\"973\">\n<p data-start=\"951\" data-end=\"973\">Typ spir\u00e1lky: Dual Mesh<\/p>\n<\/li>\n<li data-start=\"974\" data-end=\"1059\">\n<p data-start=\"976\" data-end=\"1059\">Kl\u00ed\u010dov\u00e9 vlastnosti: Syst\u00e9m p\u0159ep\u00edn\u00e1n\u00ed 3 p\u0159\u00edchut\u00ed, navr\u017een pro dlouhodob\u00e9 pou\u017e\u00edv\u00e1n\u00ed<\/p>\n<\/li>\n<li data-start=\"1060\" data-end=\"1135\">\n<p data-start=\"1062\" data-end=\"1135\">C\u00edlov\u00ed z\u00e1kazn\u00edci: N\u00e1ro\u010dn\u00ed u\u017eivatel\u00e9, velc\u00ed distributo\u0159i, kan\u00e1ly s vysokou mar\u017e\u00ed<\/p>\n<\/li>\n<li data-start=\"1136\" data-end=\"1208\">\n<p data-start=\"1138\" data-end=\"1208\">Velkoobchodn\u00ed kl\u00ed\u010dov\u00e1 slova: 60K 3v1 vape velkoobchod, hromadn\u00e9 dob\u00edjec\u00ed vapes<\/p>\n<\/li>\n<\/ul>\n<div class=\"flex-shrink-0 flex flex-col relative items-end\">\n<div class=\"pt-0\">\n<div class=\"gizmo-bot-avatar flex h-8 w-8 items-center justify-center overflow-hidden rounded-full\">\n<div class=\"relative p-1 rounded-sm flex items-center justify-center bg-token-main-surface-primary text-token-text-primary h-8 w-8\">\n<p data-start=\"559\" data-end=\"933\" data-is-last-node=\"\" data-is-only-node=\"\">M\u00e1me tak\u00e9 dal\u0161\u00ed popul\u00e1rn\u00ed vapy s displejem, jako nap\u0159\u00edklad<em> <a href=\"https:\/\/vapestornado.com\/cs\/product\/mesii-couple-50k-disposable-shisha-hookah-50000-puffs-vape-with-digital-display\/\">Mesii p\u00e1r 50000<\/a>, <a href=\"https:\/\/vapestornado.com\/cs\/product\/vopk-ultra-40000-puffs-2-in-1-digital-screen-rechargeable-disposable-vape\/\">Jednor\u00e1zov\u00e1 e-cigareta VOPK 40000 pot\u00e1hnut\u00ed<\/a>, <a href=\"https:\/\/vapestornado.com\/cs\/product\/bang-beach-22000-20k-puff-disposable-vape-pen-with-screen-reddit-hot\/\">Bang Beach 22000<\/a>,<\/em> a dal\u0161\u00ed.<\/p>\n<\/div>\n<div class=\"relative p-1 rounded-sm flex items-center justify-center bg-token-main-surface-primary text-token-text-primary h-8 w-8\">\n<h3>\u010cASTO KLADEN\u00c9 DOTAZY<\/h3>\n<p><strong>1. Jak dlouho trv\u00e1, ne\u017e se \u010dlov\u011bk stane z\u00e1visl\u00fdm na jednor\u00e1zov\u00e9 vapce?<\/strong><br \/>\nZ\u00e1vislost na nikotinu z\u00e1vis\u00ed na faktorech, jako je frekvence u\u017e\u00edv\u00e1n\u00ed, s\u00edla nikotinu a individu\u00e1ln\u00ed fyziologie. Jednor\u00e1zov\u00e9 vapky s nikotinem (jako je\u00a0<strong>Vopk Shisha Hookah 20000 pot\u00e1hnut\u00ed<\/strong>) mohou v\u00e9st k z\u00e1vislosti, pokud jsou pou\u017e\u00edv\u00e1ny pravideln\u011b. Pro minimalizaci rizik zva\u017ete pou\u017eit\u00ed ni\u017e\u0161\u00edch hladin nikotinu (0 %, 2 % nebo 3 %) nebo variant bez nikotinu. V\u017edy vapujte zodpov\u011bdn\u011b.<\/p>\n<p><strong>2. Jak dlouho nab\u00edjet jednor\u00e1zovou vapku s 20000 pot\u00e1hnut\u00edmi?<\/strong><br \/>\nU dob\u00edjec\u00edch jednor\u00e1zov\u00fdch vapek, jako je\u00a0<strong>Vopk Shisha Hookah 20000 pot\u00e1hnut\u00ed<\/strong>, doba nab\u00edjen\u00ed z\u00e1vis\u00ed na kapacit\u011b baterie. S\u00a0<strong>Baterie 850mAh<\/strong>\u00a0a\u00a0<strong>Nab\u00edjen\u00ed typu C<\/strong>, obvykle trv\u00e1 asi\u00a0<strong>60-90 minut<\/strong>\u00a0do \u00fapln\u00e9ho nabit\u00ed. Na\u00a0<strong>digit\u00e1ln\u00edm displeji obrazovky<\/strong>\u00a0se zobraz\u00ed pr\u016fb\u011bh nab\u00edjen\u00ed, tak\u017ee budete v\u011bd\u011bt, kdy je p\u0159ipraveno.<\/p>\n<p><strong>3. Mohu si vz\u00edt vape do letadla v Austr\u00e1lii?<\/strong><br \/>\nAno, m\u016f\u017eete si vz\u00edt vape do letadla v Austr\u00e1lii, ale mus\u00ed b\u00fdt um\u00edst\u011bn ve va\u0161em\u00a0<strong>p\u0159\u00edru\u010dn\u00edm zavazadle<\/strong>. Vapy jsou\u00a0<strong>nen\u00ed povoleno v odbaven\u00fdch zavazadlech<\/strong>\u00a0kv\u016fli bezpe\u010dnostn\u00edm p\u0159edpis\u016fm pro lithium-iontov\u00e9 baterie. Ujist\u011bte se, \u017ee je za\u0159\u00edzen\u00ed vypnut\u00e9 a bezpe\u010dn\u011b ulo\u017een\u00e9. Zkontrolujte si u sv\u00e9 leteck\u00e9 spole\u010dnosti konkr\u00e9tn\u00ed pokyny, proto\u017ee n\u011bkter\u00e9 mohou m\u00edt dal\u0161\u00ed omezen\u00ed.<\/p>\n<p><strong>4. Jak pozn\u00e1m, \u017ee je m\u016fj jednor\u00e1zov\u00fd vape pr\u00e1zdn\u00fd?<\/strong><br \/>\nSvou jednor\u00e1zovou vape pozn\u00e1te podle n\u00e1sleduj\u00edc\u00edho:<\/p>\n<ul>\n<li><strong>Sn\u00ed\u017een\u00ed produkce p\u00e1ry:<\/strong>\u00a0P\u0159i vdechov\u00e1n\u00ed si v\u0161imnete v\u00fdrazn\u011b men\u0161\u00edho mno\u017estv\u00ed p\u00e1ry.<\/li>\n<li><strong>Sp\u00e1len\u00e1 chu\u0165:<\/strong>\u00a0Sp\u00e1len\u00e1 nebo nep\u0159\u00edjemn\u00e1 chu\u0165 nazna\u010duje, \u017ee e-liquid je vy\u010derp\u00e1n.<\/li>\n<li><strong>\u017d\u00e1dn\u00e1 chu\u0165:<\/strong>\u00a0Pokud se chu\u0165 zmen\u0161\u00ed nebo zmiz\u00ed, je to znamen\u00ed, \u017ee je cartridge pr\u00e1zdn\u00e1.<\/li>\n<li><strong>Displej obrazovky:<\/strong>\u00a0Za\u0159\u00edzen\u00ed jako\u00a0<strong>Vopk Shisha Hookah 20000 pot\u00e1hnut\u00ed<\/strong>\u00a0maj\u00ed\u00a0<strong>digit\u00e1ln\u00edm displeji obrazovky<\/strong>\u00a0kter\u00fd zobrazuje hladinu e-liquidu, co\u017e usnad\u0148uje sledov\u00e1n\u00ed, kdy se za\u0159\u00edzen\u00ed vyb\u00edj\u00ed.<\/li>\n<\/ul>\n<p>Jakmile za\u0159\u00edzen\u00ed p\u0159estane produkovat p\u00e1ru nebo zmiz\u00ed chu\u0165, je \u010das jej zodpov\u011bdn\u011b zlikvidovat.<\/p>\n<\/div>\n<\/div>\n<\/div>\n<\/div>","protected":false},"excerpt":{"rendered":"<p data-start=\"1433\" data-end=\"1606\">Ten <strong data-start=\"1437\" data-end=\"1480\">Vopk Shisha Hookah 20000 pot\u00e1hnut\u00ed Vape Bar<\/strong> poskytuje DTL p\u00e1ru, 28 ml e-liquidu a digit\u00e1ln\u00ed obrazovku. Stylov\u00e1, dob\u00edjec\u00ed varianta pro <strong data-start=\"1573\" data-end=\"1603\">velkoobchodn\u00ed odb\u011bratele v Evrop\u011b<\/strong>.<\/p>\n<p><strong>P\u0159idejte si Amy na Whatsapp, abyste z\u00edskali spr\u00e1vnou odpov\u011b\u010f a slevu!<\/strong><\/p>\n<p><img fetchpriority=\"high\" decoding=\"async\" class=\"size-full wp-image-2932\" src=\"https:\/\/vapestornado.com\/wp-content\/uploads\/2024\/12\/Vape-Wholesale.jpg\" alt=\"Velkoobchod s vape\" width=\"229\" height=\"300\" \/><\/p>\n<h3><a href=\"https:\/\/wa.me\/8617776015835\"><span style=\"color: #ff0000;\"><strong>WhatsApp: +86 17776015835<\/strong><\/span><\/a><\/h3>\n<p>&nbsp;<\/p>","protected":false},"featured_media":3965,"comment_status":"open","ping_status":"closed","template":"","meta":{"_acf_changed":false,"_uag_custom_page_level_css":"","_lmt_disableupdate":"no","_lmt_disable":"","_monsterinsights_skip_tracking":false,"_monsterinsights_sitenote_active":false,"_monsterinsights_sitenote_note":"","_monsterinsights_sitenote_category":0,"site-sidebar-layout":"default","site-content-layout":"","ast-site-content-layout":"default","site-content-style":"default","site-sidebar-style":"default","ast-global-header-display":"","ast-banner-title-visibility":"","ast-main-header-display":"","ast-hfb-above-header-display":"","ast-hfb-below-header-display":"","ast-hfb-mobile-header-display":"","site-post-title":"","ast-breadcrumbs-content":"","ast-featured-img":"","footer-sml-layout":"","ast-disable-related-posts":"","theme-transparent-header-meta":"default","adv-header-id-meta":"","stick-header-meta":"","header-above-stick-meta":"","header-main-stick-meta":"","header-below-stick-meta":"","astra-migrate-meta-layouts":"set","ast-page-background-enabled":"default","ast-page-background-meta":{"desktop":{"background-color":"","background-image":"","background-repeat":"repeat","background-position":"center center","background-size":"auto","background-attachment":"scroll","background-type":"","background-media":"","overlay-type":"","overlay-color":"","overlay-opacity":"","overlay-gradient":""},"tablet":{"background-color":"","background-image":"","background-repeat":"repeat","background-position":"center center","background-size":"auto","background-attachment":"scroll","background-type":"","background-media":"","overlay-type":"","overlay-color":"","overlay-opacity":"","overlay-gradient":""},"mobile":{"background-color":"","background-image":"","background-repeat":"repeat","background-position":"center center","background-size":"auto","background-attachment":"scroll","background-type":"","background-media":"","overlay-type":"","overlay-color":"","overlay-opacity":"","overlay-gradient":""}},"ast-content-background-meta":{"desktop":{"background-color":"var(--ast-global-color-5)","background-image":"","background-repeat":"repeat","background-position":"center center","background-size":"auto","background-attachment":"scroll","background-type":"","background-media":"","overlay-type":"","overlay-color":"","overlay-opacity":"","overlay-gradient":""},"tablet":{"background-color":"var(--ast-global-color-5)","background-image":"","background-repeat":"repeat","background-position":"center center","background-size":"auto","background-attachment":"scroll","background-type":"","background-media":"","overlay-type":"","overlay-color":"","overlay-opacity":"","overlay-gradient":""},"mobile":{"background-color":"var(--ast-global-color-5)","background-image":"","background-repeat":"repeat","background-position":"center center","background-size":"auto","background-attachment":"scroll","background-type":"","background-media":"","overlay-type":"","overlay-color":"","overlay-opacity":"","overlay-gradient":""}},"_joinchat":{"telephone":"17776015835"}},"product_brand":[],"product_cat":[69,152,158,142,147,290],"product_tag":[165,291,287,94,292],"class_list":{"0":"post-3974","1":"product","2":"type-product","3":"status-publish","4":"has-post-thumbnail","6":"product_cat-20000-puff","7":"product_cat-buy-disposable-vapes-in-cermany","8":"product_cat-buy-disposable-vapes-in-spain","9":"product_cat-digital-box-disposable-vapes","10":"product_cat-shisha-hookah-disposable-vapes","11":"product_cat-vopk-vape","12":"product_tag-cheap-vapes","13":"product_tag-disposable-shisha-hookah","14":"product_tag-disposable-vape-pen","15":"product_tag-rechargeable-disposable-vape","16":"product_tag-vopk-shisha-bar-20000","17":"desktop-align-left","18":"tablet-align-left","19":"mobile-align-left","21":"first","22":"instock","23":"sale","24":"shipping-taxable","25":"purchasable","26":"product-type-simple"},"acf":[],"uagb_featured_image_src":{"full":["https:\/\/vapestornado.com\/wp-content\/uploads\/2025\/03\/VOPK-Shisha-Hookah-Bar-20000-Puffs.png",800,800,false],"thumbnail":["https:\/\/vapestornado.com\/wp-content\/uploads\/2025\/03\/VOPK-Shisha-Hookah-Bar-20000-Puffs-150x150.png",150,150,true],"medium":["https:\/\/vapestornado.com\/wp-content\/uploads\/2025\/03\/VOPK-Shisha-Hookah-Bar-20000-Puffs-300x300.png",300,300,true],"medium_large":["https:\/\/vapestornado.com\/wp-content\/uploads\/2025\/03\/VOPK-Shisha-Hookah-Bar-20000-Puffs-768x768.png",768,768,true],"large":["https:\/\/vapestornado.com\/wp-content\/uploads\/2025\/03\/VOPK-Shisha-Hookah-Bar-20000-Puffs.png",800,800,false],"1536x1536":["https:\/\/vapestornado.com\/wp-content\/uploads\/2025\/03\/VOPK-Shisha-Hookah-Bar-20000-Puffs.png",800,800,false],"2048x2048":["https:\/\/vapestornado.com\/wp-content\/uploads\/2025\/03\/VOPK-Shisha-Hookah-Bar-20000-Puffs.png",800,800,false],"trp-custom-language-flag":["https:\/\/vapestornado.com\/wp-content\/uploads\/2025\/03\/VOPK-Shisha-Hookah-Bar-20000-Puffs.png",12,12,false],"woocommerce_thumbnail":["https:\/\/vapestornado.com\/wp-content\/uploads\/2025\/03\/VOPK-Shisha-Hookah-Bar-20000-Puffs-300x300.png",300,300,true],"woocommerce_single":["https:\/\/vapestornado.com\/wp-content\/uploads\/2025\/03\/VOPK-Shisha-Hookah-Bar-20000-Puffs-600x600.png",600,600,true],"woocommerce_gallery_thumbnail":["https:\/\/vapestornado.com\/wp-content\/uploads\/2025\/03\/VOPK-Shisha-Hookah-Bar-20000-Puffs-100x100.png",100,100,true]},"uagb_author_info":{"display_name":"ESAMY","author_link":"https:\/\/vapestornado.com\/cs\/author\/"},"uagb_comment_info":0,"uagb_excerpt":"The Vopk Shisha Hookah 20000 Puffs Vape Bar delivers DTL vapor, 28ml e-liquid, and a digital screen. A stylish, rechargeable option for wholesale buyers in Europe. Add Amy's whatsapp to get right reply and discount price! WhatsApp: +86 17776015835 &nbsp;","_links":{"self":[{"href":"https:\/\/vapestornado.com\/cs\/wp-json\/wp\/v2\/product\/3974","targetHints":{"allow":["GET"]}}],"collection":[{"href":"https:\/\/vapestornado.com\/cs\/wp-json\/wp\/v2\/product"}],"about":[{"href":"https:\/\/vapestornado.com\/cs\/wp-json\/wp\/v2\/types\/product"}],"replies":[{"embeddable":true,"href":"https:\/\/vapestornado.com\/cs\/wp-json\/wp\/v2\/comments?post=3974"}],"wp:featuredmedia":[{"embeddable":true,"href":"https:\/\/vapestornado.com\/cs\/wp-json\/wp\/v2\/media\/3965"}],"wp:attachment":[{"href":"https:\/\/vapestornado.com\/cs\/wp-json\/wp\/v2\/media?parent=3974"}],"wp:term":[{"taxonomy":"product_brand","embeddable":true,"href":"https:\/\/vapestornado.com\/cs\/wp-json\/wp\/v2\/product_brand?post=3974"},{"taxonomy":"product_cat","embeddable":true,"href":"https:\/\/vapestornado.com\/cs\/wp-json\/wp\/v2\/product_cat?post=3974"},{"taxonomy":"product_tag","embeddable":true,"href":"https:\/\/vapestornado.com\/cs\/wp-json\/wp\/v2\/product_tag?post=3974"}],"curies":[{"name":"wp","href":"https:\/\/api.w.org\/{rel}","templated":true}]}}