{"id":3952,"date":"2025-03-22T07:37:46","date_gmt":"2025-03-22T07:37:46","guid":{"rendered":"https:\/\/vapestornado.com\/?post_type=product&#038;p=3952"},"modified":"2025-08-23T12:36:01","modified_gmt":"2025-08-23T12:36:01","slug":"mesii-couple-50k-disposable-shisha-hookah-50000-puffs-vape-with-digital-display","status":"publish","type":"product","link":"https:\/\/vapestornado.com\/cs\/product\/mesii-couple-50k-disposable-shisha-hookah-50000-puffs-vape-with-digital-display\/","title":{"rendered":"Mesii Couple 50k jednor\u00e1zov\u00e1 vodn\u00ed d\u00fdmka 50000 Puffs Vape s digit\u00e1ln\u00edm displejem"},"content":{"rendered":"<h1 data-pm-slice=\"1 1 []\">Mesii Couple 50k jednor\u00e1zov\u00e1 vodn\u00ed d\u00fdmka 50000 Puffs Vape s digit\u00e1ln\u00edm displejem<\/h1>\n<p>Ten <strong data-start=\"337\" data-end=\"387\">Mesii Couple 50k Jednor\u00e1zov\u00e1 Shisha Hookah Vape<\/strong> je ur\u010den pro vapery, kte\u0159\u00ed cht\u011bj\u00ed jak rozmanitost, tak v\u00fddr\u017e v jednom elegantn\u00edm za\u0159\u00edzen\u00ed. Nab\u00edz\u00ed a\u017e <strong data-start=\"480\" data-end=\"496\">50 000 pot\u00e1hnut\u00ed<\/strong>, tato shisha vape s vysokou kapacitou je dod\u00e1v\u00e1na s <strong data-start=\"542\" data-end=\"575\">40ml p\u0159edpln\u011bnou n\u00e1dr\u017ekou na e-liquid<\/strong> a silnou <strong data-start=\"589\" data-end=\"620\">800mAh dob\u00edjec\u00ed baterie<\/strong> s nab\u00edjen\u00edm typu C pro spolehliv\u00e9 a dlouhotrvaj\u00edc\u00ed sezen\u00ed.<\/p>\n<p>D\u00edky <strong data-start=\"700\" data-end=\"719\">digit\u00e1ln\u00ed displej<\/strong>, u\u017eivatel\u00e9 mohou snadno sledovat hladinu e-liquidu a \u017eivotnost baterie, zat\u00edmco pokro\u010dil\u00fd <strong data-start=\"797\" data-end=\"821\">technologie mesh spir\u00e1lky<\/strong> poskytuje hladkou p\u00e1ru a trvale bohatou chu\u0165. S <strong data-start=\"879\" data-end=\"921\">mo\u017enostmi nikotinu 0%, 2%, 3% a 5%<\/strong>, vyhovuje v\u0161em preferenc\u00edm \u2013 od nen\u00e1ro\u010dn\u00fdch u\u017eivatel\u016f po siln\u00e9 vapery.<\/p>\n<p>Vyberte si z <strong data-start=\"1003\" data-end=\"1043\">10 vzru\u0161uj\u00edc\u00edch kombinac\u00ed dvou p\u0159\u00edchut\u00ed<\/strong>, jako je Watermelon Ice<\/p>\n<p data-start=\"666\" data-end=\"1235\"><strong style=\"font-size: 16px;\"><span style=\"color: #ff0000;\">P\u0159idejte si WhatsApp Amy a z\u00edskejte okam\u017eitou odpov\u011b\u010f a zv\u00fdhodn\u011bnou cenu!<\/span><\/strong><\/p>\n<p><img fetchpriority=\"high\" decoding=\"async\" class=\"size-full wp-image-2932\" src=\"https:\/\/vapestornado.com\/wp-content\/uploads\/2024\/12\/Vape-Wholesale.jpg\" alt=\"Velkoobchod s vape\" width=\"229\" height=\"300\" \/><\/p>\n<h3><a href=\"https:\/\/wa.me\/8617776015835\" target=\"_blank\" rel=\"noopener\"><span style=\"color: #ff0000;\"><strong>WhatsApp: +86 17776015835<\/strong><\/span><\/a><\/h3>\n<p>&nbsp;<\/p>\n<h2><strong>Mesii Couple 50K jednor\u00e1zov\u00e1 vodn\u00ed d\u00fdmka \u2013 kl\u00ed\u010dov\u00e9 vlastnosti produktu<\/strong><\/h2>\n<p>Zna\u010dka: Mesii<br \/>\nPo\u010det pot\u00e1hnut\u00ed: 50000 pot\u00e1hnut\u00ed<br \/>\nNicotinov\u00e1 s\u016fl 0%, 2%, 3%, 5%<br \/>\nKapacita: 40 ml<br \/>\nMesh spir\u00e1lka<br \/>\nBaterie: 800mAh dob\u00edjec\u00ed<br \/>\nDigit\u00e1ln\u00ed displej<\/p>\n<p>&nbsp;<\/p>\n<figure id=\"attachment_3951\" aria-describedby=\"caption-attachment-3951\" style=\"width: 800px\" class=\"wp-caption alignnone\"><img decoding=\"async\" class=\"wp-image-3951 size-full\" src=\"https:\/\/vapestornado.com\/wp-content\/uploads\/2025\/03\/Original-Mesii-Shisha-Couple-50k-Disposable-Vape-50000-Puffs.webp\" alt=\"Origin\u00e1ln\u00ed jednor\u00e1zov\u00e1 vodn\u00ed d\u00fdmka Mesii Shisha Couple 50k Vape 50000 potah\u016f\" width=\"800\" height=\"800\" srcset=\"https:\/\/vapestornado.com\/wp-content\/uploads\/2025\/03\/Original-Mesii-Shisha-Couple-50k-Disposable-Vape-50000-Puffs.webp 800w, https:\/\/vapestornado.com\/wp-content\/uploads\/2025\/03\/Original-Mesii-Shisha-Couple-50k-Disposable-Vape-50000-Puffs-300x300.webp 300w, https:\/\/vapestornado.com\/wp-content\/uploads\/2025\/03\/Original-Mesii-Shisha-Couple-50k-Disposable-Vape-50000-Puffs-150x150.webp 150w, https:\/\/vapestornado.com\/wp-content\/uploads\/2025\/03\/Original-Mesii-Shisha-Couple-50k-Disposable-Vape-50000-Puffs-768x768.webp 768w, https:\/\/vapestornado.com\/wp-content\/uploads\/2025\/03\/Original-Mesii-Shisha-Couple-50k-Disposable-Vape-50000-Puffs-600x600.webp 600w, https:\/\/vapestornado.com\/wp-content\/uploads\/2025\/03\/Original-Mesii-Shisha-Couple-50k-Disposable-Vape-50000-Puffs-100x100.webp 100w\" sizes=\"(max-width: 800px) 100vw, 800px\" \/><figcaption id=\"caption-attachment-3951\" class=\"wp-caption-text\">Origin\u00e1ln\u00ed jednor\u00e1zov\u00e1 vodn\u00ed d\u00fdmka Mesii Shisha Couple 50k Vape 50000 potah\u016f<\/figcaption><\/figure>\n<h2 class=\"product-title\"><strong>Seznam p\u0159\u00edchut\u00ed jednor\u00e1zov\u00e9 vodn\u00ed d\u00fdmky Mesii Couple 50k<\/strong><\/h2>\n<article class=\"w-full text-token-text-primary focus-visible:outline-2 focus-visible:outline-offset-[-4px]\" dir=\"auto\" data-testid=\"conversation-turn-32\" data-scroll-anchor=\"false\">\n<div class=\"m-auto text-base py-[18px] px-6\">\n<div class=\"mx-auto flex flex-1 text-base gap-4 md:gap-5 lg:gap-6 md:max-w-3xl lg:max-w-[40rem] xl:max-w-[48rem]\">\n<div class=\"group\/conversation-turn relative flex w-full min-w-0 flex-col @xs\/thread:px-0 @sm\/thread:px-1.5 @md\/thread:px-4\">\n<div class=\"flex-col gap-1 md:gap-3\">\n<div class=\"flex max-w-full flex-col flex-grow\">\n<div class=\"min-h-8 text-message flex w-full flex-col items-end gap-2 whitespace-normal break-words text-start [.text-message+&amp;]:mt-5\" dir=\"auto\" data-message-author-role=\"user\" data-message-id=\"ffac41ca-1db4-431b-873a-32c4052956f1\">\n<div class=\"flex w-full flex-col gap-1 empty:hidden items-end rtl:items-start\">\n<div class=\"relative max-w-[var(--user-chat-width,70%)] rounded-3xl bg-token-message-surface px-5 py-2.5\">\n<div class=\"absolute bottom-0 right-full top-0 -mr-3.5 hidden pr-5 pt-2 [.group\/conversation-turn:hover_&amp;]:flex\">\n<div class=\"flex\">\n<article class=\"w-full text-token-text-primary focus-visible:outline-2 focus-visible:outline-offset-[-4px]\" dir=\"auto\" data-testid=\"conversation-turn-39\" data-scroll-anchor=\"true\">\n<div class=\"m-auto text-base py-[18px] px-6\">\n<div class=\"mx-auto flex flex-1 text-base gap-4 md:gap-5 lg:gap-6 md:max-w-3xl lg:max-w-[40rem] xl:max-w-[48rem]\">\n<div class=\"group\/conversation-turn relative flex w-full min-w-0 flex-col agent-turn @xs\/thread:px-0 @sm\/thread:px-1.5 @md\/thread:px-4\">\n<div class=\"flex-col gap-1 md:gap-3\">\n<div class=\"flex max-w-full flex-col flex-grow\">\n<div class=\"min-h-8 text-message flex w-full flex-col items-end gap-2 whitespace-normal break-words text-start [.text-message+&amp;]:mt-5\" dir=\"auto\" data-message-author-role=\"assistant\" data-message-id=\"55a23854-ec57-48dd-bd4f-6118f43d6241\" data-message-model-slug=\"gpt-4o\">\n<div class=\"flex w-full flex-col gap-1 empty:hidden first:pt-[3px]\">\n<div class=\"markdown prose w-full break-words dark:prose-invert light\">\n<p>1.Vodn\u00ed meloun s ledem<br \/>\n2.Limetka s m\u00e1tou<br \/>\n3.Bor\u016fvka s ledem<br \/>\n4.\u0160\u0165avnat\u00e1 broskev<br \/>\n5.Red Bull<br \/>\n6.Modr\u00e1 malina s ledem<br \/>\n7. T\u0159e\u0161n\u011b s ledem<br \/>\n8.Dv\u011b jablka s ledem<br \/>\n9.Hroznov\u00e9 v\u00edno s ledem<br \/>\n10.Sm\u011bs bobul\u00ed<\/p>\n<\/div>\n<\/div>\n<\/div>\n<\/div>\n<\/div>\n<\/div>\n<\/div>\n<\/div>\n<\/article>\n<\/div>\n<\/div>\n<\/div>\n<\/div>\n<\/div>\n<\/div>\n<\/div>\n<\/div>\n<\/div>\n<\/div>\n<\/article>\n<h2>Pro\u010d si vybrat Vapestornado pro hromadn\u00fd n\u00e1kup jednor\u00e1zov\u00fdch vodn\u00edch d\u00fdmek Mesii Couple 50000?<\/h2>\n<div class=\"flex-shrink-0 flex flex-col relative items-end\">\n<div class=\"pt-0\">\n<div class=\"gizmo-bot-avatar flex h-8 w-8 items-center justify-center overflow-hidden rounded-full\">\n<div class=\"relative p-1 rounded-sm flex items-center justify-center bg-token-main-surface-primary text-token-text-primary h-8 w-8\">\n<p data-start=\"88\" data-end=\"557\">Pokud jde o <strong data-start=\"105\" data-end=\"154\">\u00a0n\u00e1kup vysoce kvalitn\u00edch jednor\u00e1zov\u00fdch vap\u016f<\/strong>, <strong data-start=\"156\" data-end=\"172\">Vapestornado<\/strong> je spolehliv\u00fdm zdrojem bezkonkuren\u010dn\u00edch <strong data-start=\"208\" data-end=\"271\">tov\u00e1rn\u00edch cen, rychl\u00e9ho odesl\u00e1n\u00ed a prvot\u0159\u00eddn\u00edho z\u00e1kaznick\u00e9ho servisu<\/strong>. N\u00e1kup jednor\u00e1zov\u00e9 vodn\u00ed d\u00fdmky Mesii Couple 50k od Vapestornado znamen\u00e1, \u017ee z\u00edsk\u00e1te <strong data-start=\"363\" data-end=\"400\">autentick\u00e9, 100% origin\u00e1ln\u00ed produkty<\/strong> s nejnov\u011bj\u0161\u00ed <strong data-start=\"417\" data-end=\"515\">technologii digit\u00e1ln\u00edho displeje, dob\u00edjec\u00ed pohodl\u00ed Type-C a masivn\u00ed kapacitu 32 000 pot\u00e1hnut\u00ed<\/strong>\u2014v\u0161e za <strong data-start=\"527\" data-end=\"554\">nejni\u017e\u0161\u00ed velkoobchodn\u00ed ceny<\/strong>.<\/p>\n<p data-start=\"559\" data-end=\"933\" data-is-last-node=\"\" data-is-only-node=\"\">M\u00e1me tak\u00e9 dal\u0161\u00ed popul\u00e1rn\u00ed vapy s displejem, jako nap\u0159\u00edklad <a href=\"https:\/\/vapestornado.com\/cs\/product\/bang-leader-50000-puffs-50k-2-in-1-double-flavor-digital-disposable-vape-bulk-price\/\">BANG Leader 50000<\/a>, <a href=\"https:\/\/vapestornado.com\/cs\/product\/vopk-ultra-40000-puffs-2-in-1-digital-screen-rechargeable-disposable-vape\/\">Jednor\u00e1zov\u00e1 e-cigareta VOPK 40000 pot\u00e1hnut\u00ed<\/a>, <a href=\"https:\/\/vapestornado.com\/cs\/product\/vozol-gear-shisha-25k-25000-puffs-best-dtl-disposable-vape-hookah-cheap-price\/\">Vozol Gear Shisha 25000<\/a>, a dal\u0161\u00ed.<\/p>\n<\/div>\n<div class=\"relative p-1 rounded-sm flex items-center justify-center bg-token-main-surface-primary text-token-text-primary h-8 w-8\">\n<h2>\u010cASTO KLADEN\u00c9 DOTAZY<\/h2>\n<p><strong>1. Jak dlouho vydr\u017e\u00ed Mesii Couple 50K?<\/strong><br \/>\nS\u00a0<strong>50000 pot\u00e1hnut\u00ed<\/strong>\u00a0a\u00a0<strong>40ml objem e-liquidu<\/strong>, Mesii Couple m\u016f\u017ee vydr\u017eet t\u00fddny, v z\u00e1vislosti na va\u0161em pou\u017e\u00edv\u00e1n\u00ed. T\u00edm, \u017ee\u00a0<strong>800mAh dob\u00edjec\u00ed baterie<\/strong>\u00a0zaji\u0161\u0165uje, \u017ee z ka\u017ed\u00e9 relace vyt\u011b\u017e\u00edte maximum.<\/p>\n<p><strong>2. Mohu si upravit s\u00edlu nikotinu?<\/strong><br \/>\nAno! Mesii Couple nab\u00edz\u00ed\u00a0<strong>Ledem<\/strong>, co\u017e v\u00e1m umo\u017en\u00ed vybrat si z \u00farovn\u00ed nikotinu 0%, 2%, 3% nebo 5% podle va\u0161ich preferenc\u00ed.<\/p>\n<p><strong>3. Je Mesii Couple snadn\u00e9 na pou\u017e\u00edv\u00e1n\u00ed?<\/strong><br \/>\nRozhodn\u011b! Mesii Couple je navr\u017eeno pro jednoduchost. Sta\u010d\u00ed vybalit, pot\u00e1hnout a u\u017e\u00edvat si.\u00a0<strong>digit\u00e1ln\u00ed displej<\/strong>\u00a0usnad\u0148uje sledov\u00e1n\u00ed stavu baterie a e-liquidu, tak\u017ee budete v\u017edy v\u011bd\u011bt, kdy je \u010das dob\u00edt nebo vym\u011bnit.<\/p>\n<p><strong>4. Lze Mesii Couple dob\u00edjet?<\/strong><br \/>\nAno, Mesii Couple m\u00e1\u00a0<strong>800mAh dob\u00edjec\u00ed baterie<\/strong>, tak\u017ee si m\u016f\u017eete vychutnat ka\u017ed\u00fd posledn\u00ed potah, ani\u017e byste pl\u00fdtvali jedinou kapkou e-liquidu.<\/p>\n<\/div>\n<\/div>\n<\/div>\n<\/div>","protected":false},"excerpt":{"rendered":"<p>Mesii Couple 50k 50000 Puffs jednor\u00e1zov\u00fd Vape s displejem Velkoobchodn\u00ed cena<br \/>\nMesii Couple 50k jednor\u00e1zov\u00fd \u0160i\u0161ha Vape Nejlep\u0161\u00ed nab\u00eddka v \u010cesk\u00e9 republice<br \/>\nMesii Couple 50000 Puffs jednor\u00e1zov\u00e1 \u0160i\u0161ha N\u00edzk\u00e1 cena Koupit online<\/p>\n<p><strong>P\u0159idejte si Amy na Whatsapp, abyste z\u00edskali spr\u00e1vnou odpov\u011b\u010f a slevu!<\/strong><\/p>\n<p><img fetchpriority=\"high\" decoding=\"async\" class=\"size-full wp-image-2932\" src=\"https:\/\/vapestornado.com\/wp-content\/uploads\/2024\/12\/Vape-Wholesale.jpg\" alt=\"Velkoobchod s vape\" width=\"229\" height=\"300\" \/><\/p>\n<h3><a href=\"https:\/\/wa.me\/8617776015835\"><span style=\"color: #ff0000;\"><strong>WhatsApp: +86 17776015835<\/strong><\/span><\/a><\/h3>\n<p>&nbsp;<\/p>","protected":false},"featured_media":3949,"comment_status":"open","ping_status":"closed","template":"","meta":{"_acf_changed":false,"_uag_custom_page_level_css":"","_lmt_disableupdate":"no","_lmt_disable":"","_monsterinsights_skip_tracking":false,"_monsterinsights_sitenote_active":false,"_monsterinsights_sitenote_note":"","_monsterinsights_sitenote_category":0,"site-sidebar-layout":"default","site-content-layout":"","ast-site-content-layout":"default","site-content-style":"default","site-sidebar-style":"default","ast-global-header-display":"","ast-banner-title-visibility":"","ast-main-header-display":"","ast-hfb-above-header-display":"","ast-hfb-below-header-display":"","ast-hfb-mobile-header-display":"","site-post-title":"","ast-breadcrumbs-content":"","ast-featured-img":"","footer-sml-layout":"","ast-disable-related-posts":"","theme-transparent-header-meta":"default","adv-header-id-meta":"","stick-header-meta":"","header-above-stick-meta":"","header-main-stick-meta":"","header-below-stick-meta":"","astra-migrate-meta-layouts":"set","ast-page-background-enabled":"default","ast-page-background-meta":{"desktop":{"background-color":"","background-image":"","background-repeat":"repeat","background-position":"center center","background-size":"auto","background-attachment":"scroll","background-type":"","background-media":"","overlay-type":"","overlay-color":"","overlay-opacity":"","overlay-gradient":""},"tablet":{"background-color":"","background-image":"","background-repeat":"repeat","background-position":"center center","background-size":"auto","background-attachment":"scroll","background-type":"","background-media":"","overlay-type":"","overlay-color":"","overlay-opacity":"","overlay-gradient":""},"mobile":{"background-color":"","background-image":"","background-repeat":"repeat","background-position":"center center","background-size":"auto","background-attachment":"scroll","background-type":"","background-media":"","overlay-type":"","overlay-color":"","overlay-opacity":"","overlay-gradient":""}},"ast-content-background-meta":{"desktop":{"background-color":"var(--ast-global-color-5)","background-image":"","background-repeat":"repeat","background-position":"center center","background-size":"auto","background-attachment":"scroll","background-type":"","background-media":"","overlay-type":"","overlay-color":"","overlay-opacity":"","overlay-gradient":""},"tablet":{"background-color":"var(--ast-global-color-5)","background-image":"","background-repeat":"repeat","background-position":"center center","background-size":"auto","background-attachment":"scroll","background-type":"","background-media":"","overlay-type":"","overlay-color":"","overlay-opacity":"","overlay-gradient":""},"mobile":{"background-color":"var(--ast-global-color-5)","background-image":"","background-repeat":"repeat","background-position":"center center","background-size":"auto","background-attachment":"scroll","background-type":"","background-media":"","overlay-type":"","overlay-color":"","overlay-opacity":"","overlay-gradient":""}},"_joinchat":{"telephone":"17776015835"}},"product_brand":[],"product_cat":[192,151,157,142,277],"product_tag":[105,285,284,94,269],"class_list":{"0":"post-3952","1":"product","2":"type-product","3":"status-publish","4":"has-post-thumbnail","6":"product_cat-50000-puff","7":"product_cat-buy-disposable-vapes-in-france","8":"product_cat-buy-disposable-vapes-in-portugal","9":"product_cat-digital-box-disposable-vapes","10":"product_cat-mesii-vape","11":"product_tag-digital-disposable-vape","12":"product_tag-display-shisha-hookah","13":"product_tag-disposable-shisha","14":"product_tag-rechargeable-disposable-vape","15":"product_tag-vape-with-screen","16":"desktop-align-left","17":"tablet-align-left","18":"mobile-align-left","20":"first","21":"instock","22":"sale","23":"shipping-taxable","24":"purchasable","25":"product-type-simple"},"acf":[],"uagb_featured_image_src":{"full":["https:\/\/vapestornado.com\/wp-content\/uploads\/2025\/03\/Mesii-Shisha-Couple-50000-Puff-Disposable-Vape.webp",800,800,false],"thumbnail":["https:\/\/vapestornado.com\/wp-content\/uploads\/2025\/03\/Mesii-Shisha-Couple-50000-Puff-Disposable-Vape-150x150.webp",150,150,true],"medium":["https:\/\/vapestornado.com\/wp-content\/uploads\/2025\/03\/Mesii-Shisha-Couple-50000-Puff-Disposable-Vape-300x300.webp",300,300,true],"medium_large":["https:\/\/vapestornado.com\/wp-content\/uploads\/2025\/03\/Mesii-Shisha-Couple-50000-Puff-Disposable-Vape-768x768.webp",768,768,true],"large":["https:\/\/vapestornado.com\/wp-content\/uploads\/2025\/03\/Mesii-Shisha-Couple-50000-Puff-Disposable-Vape.webp",800,800,false],"1536x1536":["https:\/\/vapestornado.com\/wp-content\/uploads\/2025\/03\/Mesii-Shisha-Couple-50000-Puff-Disposable-Vape.webp",800,800,false],"2048x2048":["https:\/\/vapestornado.com\/wp-content\/uploads\/2025\/03\/Mesii-Shisha-Couple-50000-Puff-Disposable-Vape.webp",800,800,false],"trp-custom-language-flag":["https:\/\/vapestornado.com\/wp-content\/uploads\/2025\/03\/Mesii-Shisha-Couple-50000-Puff-Disposable-Vape.webp",12,12,false],"woocommerce_thumbnail":["https:\/\/vapestornado.com\/wp-content\/uploads\/2025\/03\/Mesii-Shisha-Couple-50000-Puff-Disposable-Vape-300x300.webp",300,300,true],"woocommerce_single":["https:\/\/vapestornado.com\/wp-content\/uploads\/2025\/03\/Mesii-Shisha-Couple-50000-Puff-Disposable-Vape-600x600.webp",600,600,true],"woocommerce_gallery_thumbnail":["https:\/\/vapestornado.com\/wp-content\/uploads\/2025\/03\/Mesii-Shisha-Couple-50000-Puff-Disposable-Vape-100x100.webp",100,100,true]},"uagb_author_info":{"display_name":"ESAMY","author_link":"https:\/\/vapestornado.com\/cs\/author\/"},"uagb_comment_info":0,"uagb_excerpt":"Mesii Couple 50k 50000 Puffs Disposable Screen Vape Wholesale Price Mesii Couple 50k Disposable Shisha Vape Best Deal in Netherlands Mesii Couple 50000 Puff\u00a0 Disposable Shisha Low\u00a0Price Buy online Add Amy's whatsapp to get right reply and discount price! WhatsApp: +86 17776015835 &nbsp;","_links":{"self":[{"href":"https:\/\/vapestornado.com\/cs\/wp-json\/wp\/v2\/product\/3952","targetHints":{"allow":["GET"]}}],"collection":[{"href":"https:\/\/vapestornado.com\/cs\/wp-json\/wp\/v2\/product"}],"about":[{"href":"https:\/\/vapestornado.com\/cs\/wp-json\/wp\/v2\/types\/product"}],"replies":[{"embeddable":true,"href":"https:\/\/vapestornado.com\/cs\/wp-json\/wp\/v2\/comments?post=3952"}],"wp:featuredmedia":[{"embeddable":true,"href":"https:\/\/vapestornado.com\/cs\/wp-json\/wp\/v2\/media\/3949"}],"wp:attachment":[{"href":"https:\/\/vapestornado.com\/cs\/wp-json\/wp\/v2\/media?parent=3952"}],"wp:term":[{"taxonomy":"product_brand","embeddable":true,"href":"https:\/\/vapestornado.com\/cs\/wp-json\/wp\/v2\/product_brand?post=3952"},{"taxonomy":"product_cat","embeddable":true,"href":"https:\/\/vapestornado.com\/cs\/wp-json\/wp\/v2\/product_cat?post=3952"},{"taxonomy":"product_tag","embeddable":true,"href":"https:\/\/vapestornado.com\/cs\/wp-json\/wp\/v2\/product_tag?post=3952"}],"curies":[{"name":"wp","href":"https:\/\/api.w.org\/{rel}","templated":true}]}}