{"id":3939,"date":"2025-03-21T03:03:23","date_gmt":"2025-03-21T03:03:23","guid":{"rendered":"https:\/\/vapestornado.com\/?post_type=product&#038;p=3939"},"modified":"2025-12-04T07:55:19","modified_gmt":"2025-12-04T07:55:19","slug":"wholesale-vape-zooy-firzen-35000-puffs-fast-shipping-eu-warehouse","status":"publish","type":"product","link":"https:\/\/vapestornado.com\/cs\/product\/wholesale-vape-zooy-firzen-35000-puffs-fast-shipping-eu-warehouse\/","title":{"rendered":"Velkoobchodn\u00ed prodej Vape ZOOY Firzen 35000 pot\u00e1hnut\u00ed Rychl\u00e9 dod\u00e1n\u00ed Sklad v \u010cR"},"content":{"rendered":"<h1 data-pm-slice=\"1 1 []\">Velkoobchodn\u00ed prodej Vape ZOOY Firzen 35000 pot\u00e1hnut\u00ed Rychl\u00e9 dod\u00e1n\u00ed Sklad v \u010cR<\/h1>\n<p>Pokud chcete jednor\u00e1zov\u00e9 za\u0159\u00edzen\u00ed s vysokou kapacitou, kter\u00e9 vydr\u017e\u00ed dlouho, umo\u017e\u0148uje nastavit s\u00edlu ledu a nikotinu a rychle se odes\u00edl\u00e1 ze skladu v EU, ZOOY Firzen 35000 nab\u00edz\u00ed a\u017e 35 000 potah\u016f s dvojit\u00fdmi mesh c\u00edvkami, 3 \u00farovn\u011bmi ovl\u00e1d\u00e1n\u00ed ledu a nikotinu a dob\u00edjen\u00edm p\u0159es Type-C.<\/p>\n<p><strong>Pro\u010d u\u017eivatel\u00e9 vol\u00ed vape pero ZOOY Firzen 35000 s nastaviteln\u00fdm nikotinem a ledem?<\/strong><\/p>\n<ul>\n<li data-start=\"772\" data-end=\"970\">\n<p data-start=\"774\" data-end=\"970\"><strong data-start=\"774\" data-end=\"820\">Obrovsk\u00e1 \u017eivotnost bez \u010dast\u00fdch n\u00e1kup\u016f:<\/strong> Tento <strong data-start=\"826\" data-end=\"857\">Jednor\u00e1zov\u00e9 vape s 35 000 potahy<\/strong> je navr\u017eeno pro dlouhodob\u00e9 pou\u017e\u00edv\u00e1n\u00ed s <strong data-start=\"891\" data-end=\"915\">30ml p\u0159ednapln\u011bn\u00e9m tanku<\/strong>, tak\u017ee m\u011bn\u00edte mnohem m\u00e9n\u011b \u010dasto ne\u017e u za\u0159\u00edzen\u00ed s 10k\u201320k potahy.<\/p>\n<\/li>\n<li data-start=\"971\" data-end=\"1150\">\n<p data-start=\"973\" data-end=\"1150\"><strong data-start=\"973\" data-end=\"1022\">Nastaviteln\u00e9 ovl\u00e1d\u00e1n\u00ed ledu a nikotinu (3 \u00farovn\u011b):<\/strong> Nastavte si jemn\u00e9 ochlazen\u00ed nebo siln\u00fd ledov\u00fd z\u00e1\u017eitek a vyberte si intenzitu nikotinu \u2013 ide\u00e1ln\u00ed pro u\u017eivatele, kte\u0159\u00ed cht\u011bj\u00ed kontrolu u jednor\u00e1zov\u00e9ho za\u0159\u00edzen\u00ed.<\/p>\n<\/li>\n<li data-start=\"1151\" data-end=\"1281\">\n<p data-start=\"1153\" data-end=\"1281\"><strong data-start=\"1153\" data-end=\"1181\">Chu\u0165 z\u016fst\u00e1v\u00e1 konzistentn\u00ed:<\/strong> <strong data-start=\"1182\" data-end=\"1206\">Dvojit\u00e9 mesh c\u00edvky 1,0\u03a9<\/strong> se rovnom\u011brn\u011b zah\u0159\u00edvaj\u00ed pro hladk\u00fd pr\u016ftok vzduchu a stabiln\u00ed chu\u0165 od prvn\u00edho po posledn\u00ed potah.<\/p>\n<\/li>\n<li data-start=\"1282\" data-end=\"1434\">\n<p data-start=\"1284\" data-end=\"1434\"><strong data-start=\"1284\" data-end=\"1316\">Dob\u00edjec\u00ed pro plnou hodnotu:<\/strong> A <strong data-start=\"1319\" data-end=\"1360\">Jednor\u00e1zov\u00e1 baterie 650mAh s dob\u00edjen\u00edm p\u0159es Type-C<\/strong> v\u00e1m pom\u016f\u017ee vychutnat si ka\u017ed\u00fd kapku e-liquidu m\u00edsto p\u0159ed\u010dasn\u00e9ho vybit\u00ed.<\/p>\n<\/li>\n<li data-start=\"1435\" data-end=\"1568\">\n<p data-start=\"1437\" data-end=\"1568\"><strong data-start=\"1437\" data-end=\"1468\">Rychl\u00e9 doru\u010den\u00ed ze skladu v EU:<\/strong> Z\u00e1soby doraz\u00ed rychle pro prodejce a distributory, kte\u0159\u00ed pot\u0159ebuj\u00ed spolehliv\u00e9 <strong data-start=\"1537\" data-end=\"1567\">velkoobchodn\u00ed dod\u00e1n\u00ed vape do EU<\/strong>.<\/p>\n<\/li>\n<\/ul>\n<p>M\u00e1me tak\u00e9 dal\u0161\u00ed popul\u00e1rn\u00ed vapy s displejem, jako nap\u0159\u00edklad <a href=\"https:\/\/vapestornado.com\/cs\/product\/bang-leader-50000-puffs-50k-2-in-1-double-flavor-digital-disposable-vape-bulk-price\/\">BANG Leader 50k<\/a>, <a href=\"https:\/\/vapestornado.com\/cs\/product\/vopk-ultra-40000-puffs-2-in-1-digital-screen-rechargeable-disposable-vape\/\">Jednor\u00e1zov\u00fd vape VOPK 40k Puff<\/a>, <a href=\"https:\/\/vapestornado.com\/cs\/product\/vozol-gear-shisha-25k-25000-puffs-best-dtl-disposable-vape-hookah-cheap-price\/\">Vozol Gear Shisha 25000<\/a>, a dal\u0161\u00ed.<\/p>\n<p data-start=\"666\" data-end=\"1235\"><strong style=\"font-size: 16px;\"><span style=\"color: #ff0000;\">P\u0159idejte si WhatsApp Amy a z\u00edskejte okam\u017eitou odpov\u011b\u010f a zv\u00fdhodn\u011bnou cenu!<\/span><\/strong><\/p>\n<p><img fetchpriority=\"high\" decoding=\"async\" class=\"size-full wp-image-2932\" src=\"https:\/\/vapestornado.com\/wp-content\/uploads\/2024\/12\/Vape-Wholesale.jpg\" alt=\"Velkoobchod s vape\" width=\"229\" height=\"300\" \/><\/p>\n<h3><a href=\"https:\/\/wa.me\/8617776015835\" target=\"_blank\" rel=\"noopener\"><span style=\"color: #ff0000;\"><strong>WhatsApp: +86 17776015835<\/strong><\/span><\/a><\/h3>\n<p>&nbsp;<\/p>\n<h2><strong>Kl\u00ed\u010dov\u00e9 vlastnosti produktu ZOOY Firzen 35000<\/strong><\/h2>\n<table>\n<thead>\n<tr>\n<th>Parametr<\/th>\n<th align=\"right\">Specifikace<\/th>\n<th>Lidsk\u00e9 vysv\u011btlen\u00ed<\/th>\n<\/tr>\n<\/thead>\n<tbody>\n<tr>\n<td>Zna\u010dka<\/td>\n<td align=\"right\">ZOOY<\/td>\n<td>Zn\u00e1m\u00e1 \u0159ada pro opakovan\u00e9 n\u00e1kupy.<\/td>\n<\/tr>\n<tr>\n<td>Kapacita pot\u00e1hnut\u00ed<\/td>\n<td align=\"right\">A\u017e 35 000 pot\u00e1hnut\u00ed<\/td>\n<td>Jednor\u00e1zov\u00e9 za\u0159\u00edzen\u00ed s vysokou kapacitou, kter\u00e9 vydr\u017e\u00ed mnohem d\u00e9le ne\u017e standardn\u00ed modely.<\/td>\n<\/tr>\n<tr>\n<td>Objem e-liquidu<\/td>\n<td align=\"right\">30ml p\u0159ednapln\u011bn\u00e9<\/td>\n<td>Velk\u00e1 n\u00e1dr\u017e podporuje dlouhou \u017eivotnost bez dopl\u0148ov\u00e1n\u00ed.<\/td>\n<\/tr>\n<tr>\n<td>Typ spir\u00e1lky<\/td>\n<td align=\"right\">Dvojit\u00e9 mesh c\u00edvky 1,0\u03a9<\/td>\n<td>Rovnom\u011brn\u00e9 zah\u0159\u00edv\u00e1n\u00ed = hlad\u0161\u00ed proud\u011bn\u00ed vzduchu, bohat\u0161\u00ed chu\u0165, m\u00e9n\u011b vyblednut\u00ed.<\/td>\n<\/tr>\n<tr>\n<td>Baterie<\/td>\n<td align=\"right\">650mAh dob\u00edjec\u00ed<\/td>\n<td>Dob\u00edjejte, abyste spot\u0159ebovali ve\u0161kerou tekutinu m\u00edsto pl\u00fdtv\u00e1n\u00ed potahy.<\/td>\n<\/tr>\n<tr>\n<td>Nab\u00edjen\u00ed<\/td>\n<td align=\"right\">USB Type-C<\/td>\n<td>Modern\u00ed, rychl\u00fd, \u0161iroce kompatibiln\u00ed standard nab\u00edjen\u00ed.<\/td>\n<\/tr>\n<tr>\n<td>Ovl\u00e1d\u00e1n\u00ed ledu a nikotinu<\/td>\n<td align=\"right\">3 nastaviteln\u00e9 \u00farovn\u011b<\/td>\n<td>Vyberte si lehkou chladivost nebo siln\u00fd led a upravte intenzitu nikotinu.<\/td>\n<\/tr>\n<tr>\n<td>Osv\u011btlen\u00ed<\/td>\n<td align=\"right\">RGB sv\u011bteln\u00fd design (3 barvy)<\/td>\n<td>Stylov\u00fd vizu\u00e1ln\u00ed efekt, kter\u00fd vynik\u00e1 v ruce i na poli\u010dce.<\/td>\n<\/tr>\n<tr>\n<td>Hmotnost t\u011bla<\/td>\n<td align=\"right\">90g<\/td>\n<td>Dostate\u010dn\u011b lehk\u00e9 pro ka\u017edodenn\u00ed no\u0161en\u00ed.<\/td>\n<\/tr>\n<tr>\n<td>Velikost<\/td>\n<td align=\"right\">103,5 \u00d7 45 \u00d7 21 mm<\/td>\n<td>Kompaktn\u00ed, do kapsy p\u0159\u00e1telsk\u00fd tvar.<\/td>\n<\/tr>\n<tr>\n<td>Mo\u017enosti p\u0159\u00edchut\u00ed<\/td>\n<td align=\"right\">10 p\u0159\u00edchut\u00ed<\/td>\n<td>R\u016fznorodost pro r\u016fzn\u00e9 preference z\u00e1kazn\u00edk\u016f.<\/td>\n<\/tr>\n<tr>\n<td>Doprava<\/td>\n<td align=\"right\">Rychl\u00e9 doru\u010den\u00ed z skladu v EU<\/td>\n<td>Rychlej\u0161\u00ed dod\u00e1n\u00ed a spolehliv\u011bj\u0161\u00ed velkoobchodn\u00ed dopl\u0148ov\u00e1n\u00ed v Evrop\u011b.<\/td>\n<\/tr>\n<\/tbody>\n<\/table>\n<h2 class=\"product-title\"><strong>Seznam p\u0159\u00edchut\u00ed ZOOY Firzen 35000<\/strong><\/h2>\n<article class=\"w-full text-token-text-primary focus-visible:outline-2 focus-visible:outline-offset-[-4px]\" dir=\"auto\" data-testid=\"conversation-turn-32\" data-scroll-anchor=\"false\">\n<div class=\"m-auto text-base py-[18px] px-6\">\n<div class=\"mx-auto flex flex-1 text-base gap-4 md:gap-5 lg:gap-6 md:max-w-3xl lg:max-w-[40rem] xl:max-w-[48rem]\">\n<div class=\"group\/conversation-turn relative flex w-full min-w-0 flex-col @xs\/thread:px-0 @sm\/thread:px-1.5 @md\/thread:px-4\">\n<div class=\"flex-col gap-1 md:gap-3\">\n<div class=\"flex max-w-full flex-col flex-grow\">\n<div class=\"min-h-8 text-message flex w-full flex-col items-end gap-2 whitespace-normal break-words text-start [.text-message+&amp;]:mt-5\" dir=\"auto\" data-message-author-role=\"user\" data-message-id=\"ffac41ca-1db4-431b-873a-32c4052956f1\">\n<div class=\"flex w-full flex-col gap-1 empty:hidden items-end rtl:items-start\">\n<div class=\"relative max-w-[var(--user-chat-width,70%)] rounded-3xl bg-token-message-surface px-5 py-2.5\">\n<div class=\"absolute bottom-0 right-full top-0 -mr-3.5 hidden pr-5 pt-2 [.group\/conversation-turn:hover_&amp;]:flex\">\n<div class=\"flex\">\n<article class=\"w-full text-token-text-primary focus-visible:outline-2 focus-visible:outline-offset-[-4px]\" dir=\"auto\" data-testid=\"conversation-turn-39\" data-scroll-anchor=\"true\">\n<div class=\"m-auto text-base py-[18px] px-6\">\n<div class=\"mx-auto flex flex-1 text-base gap-4 md:gap-5 lg:gap-6 md:max-w-3xl lg:max-w-[40rem] xl:max-w-[48rem]\">\n<div class=\"group\/conversation-turn relative flex w-full min-w-0 flex-col agent-turn @xs\/thread:px-0 @sm\/thread:px-1.5 @md\/thread:px-4\">\n<div class=\"flex-col gap-1 md:gap-3\">\n<div class=\"flex max-w-full flex-col flex-grow\">\n<div class=\"min-h-8 text-message flex w-full flex-col items-end gap-2 whitespace-normal break-words text-start [.text-message+&amp;]:mt-5\" dir=\"auto\" data-message-author-role=\"assistant\" data-message-id=\"55a23854-ec57-48dd-bd4f-6118f43d6241\" data-message-model-slug=\"gpt-4o\">\n<div class=\"flex w-full flex-col gap-1 empty:hidden first:pt-[3px]\">\n<div class=\"markdown prose w-full break-words dark:prose-invert light\">\n<p>1. ledov\u00fd meloun<br \/>\n2. Aloe hrozen<br \/>\n3. Jahoda ban\u00e1n<br \/>\n4. Jahoda malina kiwi<br \/>\n5. Bor\u016fvka malina limon\u00e1da<br \/>\n6. Ananas kokos<br \/>\n7. Mentol<br \/>\n8. Jahodov\u00fd meloun<br \/>\n9.Sm\u00ed\u0161en\u00e9 bobule<br \/>\n10.Ostru\u017eina Brusinka<\/p>\n<\/div>\n<\/div>\n<\/div>\n<\/div>\n<\/div>\n<\/div>\n<\/div>\n<\/div>\n<\/article>\n<\/div>\n<\/div>\n<\/div>\n<\/div>\n<\/div>\n<\/div>\n<\/div>\n<\/div>\n<\/div>\n<\/div>\n<\/article>\n<div class=\"flex-shrink-0 flex flex-col relative items-end\">\n<div class=\"pt-0\">\n<div class=\"gizmo-bot-avatar flex h-8 w-8 items-center justify-center overflow-hidden rounded-full\">\n<div class=\"relative p-1 rounded-sm flex items-center justify-center bg-token-main-surface-primary text-token-text-primary h-8 w-8\">\n<figure id=\"attachment_3936\" aria-describedby=\"caption-attachment-3936\" style=\"width: 800px\" class=\"wp-caption alignnone\"><img decoding=\"async\" class=\"wp-image-3936 size-full\" src=\"https:\/\/vapestornado.com\/wp-content\/uploads\/2025\/03\/Zooy-Firzen-35000-Puffs-Vape-Pen-Low-Pirce.webp\" alt=\"Vape pen Zooy Firzen 35000 pot\u00e1hnut\u00ed N\u00edzk\u00e1 cena\" width=\"800\" height=\"800\" srcset=\"https:\/\/vapestornado.com\/wp-content\/uploads\/2025\/03\/Zooy-Firzen-35000-Puffs-Vape-Pen-Low-Pirce.webp 800w, https:\/\/vapestornado.com\/wp-content\/uploads\/2025\/03\/Zooy-Firzen-35000-Puffs-Vape-Pen-Low-Pirce-300x300.webp 300w, https:\/\/vapestornado.com\/wp-content\/uploads\/2025\/03\/Zooy-Firzen-35000-Puffs-Vape-Pen-Low-Pirce-150x150.webp 150w, https:\/\/vapestornado.com\/wp-content\/uploads\/2025\/03\/Zooy-Firzen-35000-Puffs-Vape-Pen-Low-Pirce-768x768.webp 768w, https:\/\/vapestornado.com\/wp-content\/uploads\/2025\/03\/Zooy-Firzen-35000-Puffs-Vape-Pen-Low-Pirce-600x600.webp 600w, https:\/\/vapestornado.com\/wp-content\/uploads\/2025\/03\/Zooy-Firzen-35000-Puffs-Vape-Pen-Low-Pirce-100x100.webp 100w\" sizes=\"(max-width: 800px) 100vw, 800px\" \/><figcaption id=\"caption-attachment-3936\" class=\"wp-caption-text\">Vape pen Zooy Firzen 35000 pot\u00e1hnut\u00ed N\u00edzk\u00e1 cena<\/figcaption><\/figure>\n<\/div>\n<div class=\"relative p-1 rounded-sm flex items-center justify-center bg-token-main-surface-primary text-token-text-primary h-8 w-8\">\n<h3>\u010cASTO KLADEN\u00c9 DOTAZY<\/h3>\n<p data-start=\"1639\" data-end=\"1956\"><strong data-start=\"1639\" data-end=\"1734\">Ot\u00e1zka: \u201eJsem unaven\u00fd z toho, \u017ee jednor\u00e1zovky rychle doch\u00e1zej\u00ed. Opravdu ZOOY Firzen 35000 vydr\u017e\u00ed?\u201c<\/strong><br data-start=\"1734\" data-end=\"1737\" \/><strong data-start=\"1737\" data-end=\"1743\">A:<\/strong> Ano. <strong data-start=\"1753\" data-end=\"1796\">ZOOY Firzen 35000 potah\u016f jednor\u00e1zov\u00e9 pero<\/strong> je navr\u017eeno pro dlouh\u00e9 sezen\u00ed s <strong data-start=\"1834\" data-end=\"1856\">a\u017e 35 000 potahy<\/strong> a <strong data-start=\"1863\" data-end=\"1900\">kapacita p\u0159edpln\u011bn\u00e9 e-kapaliny 30 ml<\/strong>. Pro v\u011bt\u0161inu u\u017eivatel\u016f to znamen\u00e1 <strong data-start=\"1929\" data-end=\"1945\">t\u00fddn\u016f pou\u017e\u00edv\u00e1n\u00ed<\/strong>, ne dny.<\/p>\n<p data-start=\"1958\" data-end=\"2202\"><strong data-start=\"1958\" data-end=\"2020\">Ot\u00e1zka: \u201eZtr\u00e1cej\u00ed jednor\u00e1zovky s vysok\u00fdm po\u010dtem potah\u016f chu\u0165 uprost\u0159ed?\u201c<\/strong><br data-start=\"2020\" data-end=\"2023\" \/><strong data-start=\"2023\" data-end=\"2029\">A:<\/strong> Mnoh\u00e9 ano, ale Firzen je navr\u017een tak, aby tomu zabr\u00e1nil. Syst\u00e9m <strong data-start=\"2081\" data-end=\"2111\">dvojit\u00e1 1,0\u03a9 mesh c\u00edvka<\/strong> zah\u0159\u00edv\u00e1 e-kapalinu rovnom\u011brn\u011b, udr\u017euje hustou p\u00e1ru a hladkou chu\u0165 po celou dobu n\u00e1pln\u011b.<\/p>\n<p data-start=\"2204\" data-end=\"2546\"><strong data-start=\"2204\" data-end=\"2289\">Ot\u00e1zka: \u201eChci m\u00edt kontrolu nad ledov\u00fdm pocitem a nikotinov\u00fdm n\u00e1razem. M\u016f\u017ee to jednor\u00e1zovka nab\u00eddnout?\u201c<\/strong><br data-start=\"2289\" data-end=\"2292\" \/><strong data-start=\"2292\" data-end=\"2298\">A:<\/strong> P\u0159esn\u011b k tomu je Firzen ur\u010den. Jeho <strong data-start=\"2338\" data-end=\"2364\">Ovl\u00e1d\u00e1n\u00ed ledu a nikotinu<\/strong> nab\u00edz\u00ed <strong data-start=\"2371\" data-end=\"2398\">t\u0159i \u00farovn\u011b nastaven\u00ed<\/strong>, kter\u00e9 v\u00e1m umo\u017en\u00ed zvolit m\u00edrn\u00e9 ochlazen\u00ed nebo siln\u00fd ledov\u00fd n\u00e1raz a p\u0159izp\u016fsobit nikotinov\u00fd pocit podle va\u0161ich preferenc\u00ed. Je to vz\u00e1cn\u00e1 funkce v t\u00e9to kapacitn\u00ed kategorii.<\/p>\n<p data-start=\"2548\" data-end=\"2800\"><strong data-start=\"2548\" data-end=\"2605\">Ot\u00e1zka: \u201eVydr\u017e\u00ed baterie dost dlouho na 35 tis\u00edc potah\u016f?\u201c<\/strong><br data-start=\"2605\" data-end=\"2608\" \/><strong data-start=\"2608\" data-end=\"2614\">A:<\/strong> Za\u0159\u00edzen\u00ed pou\u017e\u00edv\u00e1 <strong data-start=\"2633\" data-end=\"2664\">650mAh dob\u00edjec\u00ed baterie<\/strong>, tak\u017ee ji m\u016f\u017eete kdykoli dob\u00edt a pokra\u010dovat ve vapov\u00e1n\u00ed, dokud nen\u00ed n\u00e1pl\u0148 vy\u010derp\u00e1na. S <strong data-start=\"2751\" data-end=\"2779\">rychl\u00e9 nab\u00edjen\u00ed USB-C<\/strong>, je doba ne\u010dinnosti n\u00edzk\u00e1.<\/p>\n<p data-start=\"2802\" data-end=\"3024\"><strong data-start=\"2802\" data-end=\"2856\">Ot\u00e1zka: \u201eJe p\u0159enosn\u00e9, nebo p\u0159\u00edli\u0161 objemn\u00e9 na ka\u017edodenn\u00ed no\u0161en\u00ed?\u201c<\/strong><br data-start=\"2856\" data-end=\"2859\" \/><strong data-start=\"2859\" data-end=\"2865\">A:<\/strong> Je navr\u017een tak, aby z\u016fstal praktick\u00fd. Na <strong data-start=\"2898\" data-end=\"2905\">90g<\/strong> a kompaktn\u00ed <strong data-start=\"2920\" data-end=\"2941\">103,5 \u00d7 45 \u00d7 21 mm<\/strong> t\u011blo, je lehk\u00fd a vhodn\u00fd do kapsy pro doj\u00ed\u017ed\u011bn\u00ed, cestov\u00e1n\u00ed a celodenn\u00ed pou\u017eit\u00ed.<\/p>\n<p data-start=\"3026\" data-end=\"3299\"><strong data-start=\"3026\" data-end=\"3083\">Ot\u00e1zka: \u201eJak\u00e9 p\u0159\u00edchut\u011b jsou k dispozici a skute\u010dn\u011b obl\u00edben\u00e9?\u201c<\/strong><br data-start=\"3083\" data-end=\"3086\" \/><strong data-start=\"3086\" data-end=\"3092\">A:<\/strong> Firzen p\u0159ich\u00e1z\u00ed v <strong data-start=\"3109\" data-end=\"3139\">10 nejobl\u00edben\u011bj\u0161\u00edch profilech<\/strong>, v\u010detn\u011b <strong data-start=\"3151\" data-end=\"3204\">Watermelon Ice, Aloe Grape a Strawberry Banana<\/strong>. Jsou to desi<\/p>\n<\/div>\n<\/div>\n<\/div>\n<\/div>","protected":false},"excerpt":{"rendered":"<p>ZOOY Firzen 35000 Puffs Jednor\u00e1zov\u00fd vaporiz\u00e9r pro dlouhotrvaj\u00edc\u00ed sezen\u00ed<br \/>\nZOOY Firzen 35000 s ledem a kontrolou nikotinu (3 \u00farovn\u011bmi) a du\u00e1ln\u00edmi mesh c\u00edvkami<br \/>\nZOOY Firzen 35000 typu C dob\u00edjec\u00ed jednor\u00e1zov\u00fd s rychl\u00fdm doru\u010den\u00edm z EU skladu<\/p>\n<p><strong>P\u0159idejte si Amy na Whatsapp, abyste z\u00edskali spr\u00e1vnou odpov\u011b\u010f a slevu!<\/strong><\/p>\n<p><img fetchpriority=\"high\" decoding=\"async\" class=\"size-full wp-image-2932\" src=\"https:\/\/vapestornado.com\/wp-content\/uploads\/2024\/12\/Vape-Wholesale.jpg\" alt=\"Velkoobchod s vape\" width=\"229\" height=\"300\" \/><\/p>\n<h3><a href=\"https:\/\/wa.me\/8617776015835\"><span style=\"color: #ff0000;\"><strong>WhatsApp: +86 17776015835<\/strong><\/span><\/a><\/h3>\n<p>&nbsp;<\/p>","protected":false},"featured_media":3935,"comment_status":"open","ping_status":"closed","template":"","meta":{"_acf_changed":false,"_uag_custom_page_level_css":"","_lmt_disableupdate":"no","_lmt_disable":"","_monsterinsights_skip_tracking":false,"_monsterinsights_sitenote_active":false,"_monsterinsights_sitenote_note":"","_monsterinsights_sitenote_category":0,"site-sidebar-layout":"default","site-content-layout":"","ast-site-content-layout":"default","site-content-style":"default","site-sidebar-style":"default","ast-global-header-display":"","ast-banner-title-visibility":"","ast-main-header-display":"","ast-hfb-above-header-display":"","ast-hfb-below-header-display":"","ast-hfb-mobile-header-display":"","site-post-title":"","ast-breadcrumbs-content":"","ast-featured-img":"","footer-sml-layout":"","ast-disable-related-posts":"","theme-transparent-header-meta":"default","adv-header-id-meta":"","stick-header-meta":"","header-above-stick-meta":"","header-main-stick-meta":"","header-below-stick-meta":"","astra-migrate-meta-layouts":"set","ast-page-background-enabled":"default","ast-page-background-meta":{"desktop":{"background-color":"","background-image":"","background-repeat":"repeat","background-position":"center center","background-size":"auto","background-attachment":"scroll","background-type":"","background-media":"","overlay-type":"","overlay-color":"","overlay-opacity":"","overlay-gradient":""},"tablet":{"background-color":"","background-image":"","background-repeat":"repeat","background-position":"center center","background-size":"auto","background-attachment":"scroll","background-type":"","background-media":"","overlay-type":"","overlay-color":"","overlay-opacity":"","overlay-gradient":""},"mobile":{"background-color":"","background-image":"","background-repeat":"repeat","background-position":"center center","background-size":"auto","background-attachment":"scroll","background-type":"","background-media":"","overlay-type":"","overlay-color":"","overlay-opacity":"","overlay-gradient":""}},"ast-content-background-meta":{"desktop":{"background-color":"var(--ast-global-color-5)","background-image":"","background-repeat":"repeat","background-position":"center center","background-size":"auto","background-attachment":"scroll","background-type":"","background-media":"","overlay-type":"","overlay-color":"","overlay-opacity":"","overlay-gradient":""},"tablet":{"background-color":"var(--ast-global-color-5)","background-image":"","background-repeat":"repeat","background-position":"center center","background-size":"auto","background-attachment":"scroll","background-type":"","background-media":"","overlay-type":"","overlay-color":"","overlay-opacity":"","overlay-gradient":""},"mobile":{"background-color":"var(--ast-global-color-5)","background-image":"","background-repeat":"repeat","background-position":"center center","background-size":"auto","background-attachment":"scroll","background-type":"","background-media":"","overlay-type":"","overlay-color":"","overlay-opacity":"","overlay-gradient":""}},"_joinchat":{"telephone":"17776015835"}},"product_brand":[],"product_cat":[19,175,140,152,153,143,144,283],"product_tag":[471,282,281,94,93,280],"class_list":{"0":"post-3939","1":"product","2":"type-product","3":"status-publish","4":"has-post-thumbnail","6":"product_cat-vapes","7":"product_cat-35000-puff","8":"product_cat-big-puffs-disposable-vapes","9":"product_cat-buy-disposable-vapes-in-cermany","10":"product_cat-buy-disposable-vapes-in-italy","11":"product_cat-dual-mesh-disposable-vapes","12":"product_cat-low-nicotine-disposable-vapes","13":"product_cat-zooy-vape","14":"product_tag-35k-puff-vape","15":"product_tag-ice-adjustable","16":"product_tag-nicotine-adjustable","17":"product_tag-rechargeable-disposable-vape","18":"product_tag-vape-wholesale","19":"product_tag-zooy-firzen-35000","20":"desktop-align-left","21":"tablet-align-left","22":"mobile-align-left","24":"first","25":"instock","26":"sale","27":"shipping-taxable","28":"purchasable","29":"product-type-simple"},"acf":[],"uagb_featured_image_src":{"full":["https:\/\/vapestornado.com\/wp-content\/uploads\/2025\/03\/Zooy-Firzen-35000-Puffs-Vape-Near-Me.webp",800,800,false],"thumbnail":["https:\/\/vapestornado.com\/wp-content\/uploads\/2025\/03\/Zooy-Firzen-35000-Puffs-Vape-Near-Me-150x150.webp",150,150,true],"medium":["https:\/\/vapestornado.com\/wp-content\/uploads\/2025\/03\/Zooy-Firzen-35000-Puffs-Vape-Near-Me-300x300.webp",300,300,true],"medium_large":["https:\/\/vapestornado.com\/wp-content\/uploads\/2025\/03\/Zooy-Firzen-35000-Puffs-Vape-Near-Me-768x768.webp",768,768,true],"large":["https:\/\/vapestornado.com\/wp-content\/uploads\/2025\/03\/Zooy-Firzen-35000-Puffs-Vape-Near-Me.webp",800,800,false],"1536x1536":["https:\/\/vapestornado.com\/wp-content\/uploads\/2025\/03\/Zooy-Firzen-35000-Puffs-Vape-Near-Me.webp",800,800,false],"2048x2048":["https:\/\/vapestornado.com\/wp-content\/uploads\/2025\/03\/Zooy-Firzen-35000-Puffs-Vape-Near-Me.webp",800,800,false],"trp-custom-language-flag":["https:\/\/vapestornado.com\/wp-content\/uploads\/2025\/03\/Zooy-Firzen-35000-Puffs-Vape-Near-Me.webp",12,12,false],"woocommerce_thumbnail":["https:\/\/vapestornado.com\/wp-content\/uploads\/2025\/03\/Zooy-Firzen-35000-Puffs-Vape-Near-Me-300x300.webp",300,300,true],"woocommerce_single":["https:\/\/vapestornado.com\/wp-content\/uploads\/2025\/03\/Zooy-Firzen-35000-Puffs-Vape-Near-Me-600x600.webp",600,600,true],"woocommerce_gallery_thumbnail":["https:\/\/vapestornado.com\/wp-content\/uploads\/2025\/03\/Zooy-Firzen-35000-Puffs-Vape-Near-Me-100x100.webp",100,100,true]},"uagb_author_info":{"display_name":"ESAMY","author_link":"https:\/\/vapestornado.com\/cs\/author\/"},"uagb_comment_info":0,"uagb_excerpt":"ZOOY Firzen 35000 Puffs Disposable Vape for Long-Lasting Sessions ZOOY Firzen 35000 with Ice &amp; Nicotine Control (3 Levels) and Dual Mesh Coils ZOOY Firzen 35000 Type-C Rechargeable Disposable with Fast EU Warehouse Shipping Add Amy's whatsapp to get right reply and discount price! WhatsApp: +86 17776015835 &nbsp;","_links":{"self":[{"href":"https:\/\/vapestornado.com\/cs\/wp-json\/wp\/v2\/product\/3939","targetHints":{"allow":["GET"]}}],"collection":[{"href":"https:\/\/vapestornado.com\/cs\/wp-json\/wp\/v2\/product"}],"about":[{"href":"https:\/\/vapestornado.com\/cs\/wp-json\/wp\/v2\/types\/product"}],"replies":[{"embeddable":true,"href":"https:\/\/vapestornado.com\/cs\/wp-json\/wp\/v2\/comments?post=3939"}],"wp:featuredmedia":[{"embeddable":true,"href":"https:\/\/vapestornado.com\/cs\/wp-json\/wp\/v2\/media\/3935"}],"wp:attachment":[{"href":"https:\/\/vapestornado.com\/cs\/wp-json\/wp\/v2\/media?parent=3939"}],"wp:term":[{"taxonomy":"product_brand","embeddable":true,"href":"https:\/\/vapestornado.com\/cs\/wp-json\/wp\/v2\/product_brand?post=3939"},{"taxonomy":"product_cat","embeddable":true,"href":"https:\/\/vapestornado.com\/cs\/wp-json\/wp\/v2\/product_cat?post=3939"},{"taxonomy":"product_tag","embeddable":true,"href":"https:\/\/vapestornado.com\/cs\/wp-json\/wp\/v2\/product_tag?post=3939"}],"curies":[{"name":"wp","href":"https:\/\/api.w.org\/{rel}","templated":true}]}}