{"id":3931,"date":"2025-03-21T07:19:47","date_gmt":"2025-03-21T07:19:47","guid":{"rendered":"https:\/\/vapestornado.com\/?post_type=product&#038;p=3931"},"modified":"2025-08-23T10:52:54","modified_gmt":"2025-08-23T10:52:54","slug":"best-mesii-shisha-heavy-hitter-50000-puff-longest-lasting-disposable-vape","status":"publish","type":"product","link":"https:\/\/vapestornado.com\/cs\/product\/best-mesii-shisha-heavy-hitter-50000-puff-longest-lasting-disposable-vape\/","title":{"rendered":"Nejlep\u0161\u00ed Mesii Shisha Heavy Hitter 50000 pot\u00e1hnut\u00ed Nejd\u00e9le vydr\u017eej\u00edc\u00ed jednor\u00e1zov\u00e1 vapa"},"content":{"rendered":"<h1 data-pm-slice=\"1 1 []\">Nejlep\u0161\u00ed Mesii Shisha Heavy Hitter 50000 pot\u00e1hnut\u00ed Nejd\u00e9le vydr\u017eej\u00edc\u00ed jednor\u00e1zov\u00e1 vapa<\/h1>\n<p data-start=\"221\" data-end=\"580\">Ten <strong data-start=\"225\" data-end=\"282\">Jednor\u00e1zov\u00e1 vapa Mesii Shisha Heavy Hitter 50000 potah\u016f<\/strong> je ur\u010den pro u\u017eivatele, kte\u0159\u00ed cht\u011bj\u00ed maxim\u00e1ln\u00ed v\u00fddr\u017e a v\u00fdrazn\u00e9 pod\u00e1n\u00ed chuti v jednom v\u00fdkonn\u00e9m za\u0159\u00edzen\u00ed. S <strong data-start=\"386\" data-end=\"422\">extra velkou kapacitou 50 000 pot\u00e1hnut\u00ed<\/strong>je toto za\u0159\u00edzen\u00ed jedn\u00edm z nejd\u00e9le vydr\u017e\u00edc\u00edch jednor\u00e1zov\u00fdch za\u0159\u00edzen\u00ed na trhu, co\u017e je velmi atraktivn\u00ed pro velkoobchodn\u00edky a maloobchodn\u00edky, kte\u0159\u00ed hledaj\u00ed spolehliv\u00e9 hromadn\u00e9 z\u00e1soby.<\/p>\n<p data-start=\"582\" data-end=\"908\">P\u0159edstavujeme <strong data-start=\"592\" data-end=\"613\">dva re\u017eimy vapov\u00e1n\u00ed<\/strong>, u\u017eivatel\u00e9 mohou p\u0159ep\u00ednat mezi dv\u011bma nastaven\u00edmi v\u00fdkonu pro p\u0159izp\u016fsoben\u00fd z\u00e1\u017eitek \u2013 hladk\u00fd pro ka\u017edodenn\u00ed pou\u017eit\u00ed nebo intenzivn\u00ed pro lovce mrak\u016f. Jeho <strong data-start=\"745\" data-end=\"774\">nastaviteln\u00fd syst\u00e9m proud\u011bn\u00ed vzduchu<\/strong> d\u00e1le p\u0159izp\u016fsobuje ka\u017ed\u00fd tah, zat\u00edmco n\u011bkolik <strong data-start=\"817\" data-end=\"856\">s\u00edly nikotinu (0%, 2%, 3%, 5%)<\/strong> jej \u010din\u00ed vhodn\u00fdm pro \u0161irokou \u0161k\u00e1lu preferenc\u00ed.<\/p>\n<p data-start=\"910\" data-end=\"1257\">Vybaveno <strong data-start=\"926\" data-end=\"957\">650mAh dob\u00edjec\u00ed baterie<\/strong> a <strong data-start=\"962\" data-end=\"986\">Rychl\u00e9 nab\u00edjen\u00ed Type-C<\/strong>, Mesii Heavy Hitter udr\u017euje prostoje na minimu. The <strong data-start=\"1039\" data-end=\"1063\">digit\u00e1ln\u00ed chytr\u00e1 obrazovka<\/strong> zobrazuje stav baterie a hladinu e-liquidu v re\u00e1ln\u00e9m \u010dase, co\u017e zaji\u0161\u0165uje konzistentn\u00ed v\u00fdkon. Uvnit\u0159 <strong data-start=\"1157\" data-end=\"1186\">technologie du\u00e1ln\u00ed mesh spir\u00e1lky<\/strong> zvy\u0161uje hustotu p\u00e1ry a chu\u0165 a dod\u00e1v\u00e1 ka\u017ed\u00e9mu pot\u00e1hnut\u00ed pr\u00e9miov\u00fd n\u00e1dech.<\/p>\n<p data-start=\"1259\" data-end=\"1420\">Pro velkoobchodn\u00edky <strong data-start=\"1280\" data-end=\"1305\">Mesii Shisha 50K Vaporiz\u00e9r<\/strong> kombinuje <strong data-start=\"1315\" data-end=\"1368\">kapacita, univerz\u00e1lnost a siln\u00e1 spot\u0159ebitelsk\u00e1 p\u0159ita\u017elivost<\/strong>\u2014 ziskov\u00e1 volba pro \u010desk\u00fd vape trh<\/p>\n<p data-start=\"666\" data-end=\"1235\"><strong style=\"font-size: 16px;\"><span style=\"color: #ff0000;\">P\u0159idejte si WhatsApp Amy a z\u00edskejte okam\u017eitou odpov\u011b\u010f a zv\u00fdhodn\u011bnou cenu!<\/span><\/strong><\/p>\n<p><img fetchpriority=\"high\" decoding=\"async\" class=\"size-full wp-image-2932\" src=\"https:\/\/vapestornado.com\/wp-content\/uploads\/2024\/12\/Vape-Wholesale.jpg\" alt=\"Velkoobchod s vape\" width=\"229\" height=\"300\" \/><\/p>\n<h3><a href=\"https:\/\/wa.me\/8617776015835\" target=\"_blank\" rel=\"noopener\"><span style=\"color: #ff0000;\"><strong>WhatsApp: +86 17776015835<\/strong><\/span><\/a><\/h3>\n<p>&nbsp;<\/p>\n<h2><strong>Nejlep\u0161\u00ed Mesii Shisha Heavy Hitter 50000 Vape kl\u00ed\u010dov\u00e9 vlastnosti produktu<\/strong><\/h2>\n<p>Zna\u010dka: Mesii<br \/>\nModel: Mesii Shisha Heavy Hitter 50000<br \/>\nNikotin: 0% 2% 5%<br \/>\nKapacita baterie: 800mAh<br \/>\nPotah: 50000<br \/>\nN\u00e1pl\u0148: 45ml<br \/>\nDigit\u00e1ln\u00ed displej<br \/>\nDTL<br \/>\nDu\u00e1ln\u00ed Mesh spir\u00e1lka<\/p>\n<h2 class=\"product-title\"><strong>Seznam obl\u00edben\u00fdch p\u0159\u00edchut\u00ed Mesii Shisha Hookah 50000 Vape<\/strong><\/h2>\n<article class=\"w-full text-token-text-primary focus-visible:outline-2 focus-visible:outline-offset-[-4px]\" dir=\"auto\" data-testid=\"conversation-turn-32\" data-scroll-anchor=\"false\">\n<div class=\"m-auto text-base py-[18px] px-6\">\n<div class=\"mx-auto flex flex-1 text-base gap-4 md:gap-5 lg:gap-6 md:max-w-3xl lg:max-w-[40rem] xl:max-w-[48rem]\">\n<div class=\"group\/conversation-turn relative flex w-full min-w-0 flex-col @xs\/thread:px-0 @sm\/thread:px-1.5 @md\/thread:px-4\">\n<div class=\"flex-col gap-1 md:gap-3\">\n<div class=\"flex max-w-full flex-col flex-grow\">\n<div class=\"min-h-8 text-message flex w-full flex-col items-end gap-2 whitespace-normal break-words text-start [.text-message+&amp;]:mt-5\" dir=\"auto\" data-message-author-role=\"user\" data-message-id=\"ffac41ca-1db4-431b-873a-32c4052956f1\">\n<div class=\"flex w-full flex-col gap-1 empty:hidden items-end rtl:items-start\">\n<div class=\"relative max-w-[var(--user-chat-width,70%)] rounded-3xl bg-token-message-surface px-5 py-2.5\">\n<div class=\"absolute bottom-0 right-full top-0 -mr-3.5 hidden pr-5 pt-2 [.group\/conversation-turn:hover_&amp;]:flex\">\n<div class=\"flex\">\n<article class=\"w-full text-token-text-primary focus-visible:outline-2 focus-visible:outline-offset-[-4px]\" dir=\"auto\" data-testid=\"conversation-turn-39\" data-scroll-anchor=\"true\">\n<div class=\"m-auto text-base py-[18px] px-6\">\n<div class=\"mx-auto flex flex-1 text-base gap-4 md:gap-5 lg:gap-6 md:max-w-3xl lg:max-w-[40rem] xl:max-w-[48rem]\">\n<div class=\"group\/conversation-turn relative flex w-full min-w-0 flex-col agent-turn @xs\/thread:px-0 @sm\/thread:px-1.5 @md\/thread:px-4\">\n<div class=\"flex-col gap-1 md:gap-3\">\n<div class=\"flex max-w-full flex-col flex-grow\">\n<div class=\"min-h-8 text-message flex w-full flex-col items-end gap-2 whitespace-normal break-words text-start [.text-message+&amp;]:mt-5\" dir=\"auto\" data-message-author-role=\"assistant\" data-message-id=\"55a23854-ec57-48dd-bd4f-6118f43d6241\" data-message-model-slug=\"gpt-4o\">\n<div class=\"flex w-full flex-col gap-1 empty:hidden first:pt-[3px]\">\n<div class=\"markdown prose w-full break-words dark:prose-invert light\">\n<p>1.Strawberry Margarita Ice (\u0160\u00ed\u0161a)<br \/>\n2.Love 777 Ice (\u0160\u00ed\u0161a)<br \/>\n3.Grape Mint Ice (\u0160\u00ed\u0161a)<br \/>\n4.Two Apple Ice (\u0160\u00ed\u0161a)<br \/>\n5.Lady Killa Ice (\u0160\u00ed\u0161a)<br \/>\n6. Broskev Ice Ice<br \/>\n7. Modr\u00e1 Razz Ice<br \/>\n8.Watermelon Ice<br \/>\n9. Bobule Ice<br \/>\n10. Ostru\u017eina Ice<br \/>\n11. Jahoda T\u0159e\u0161e\u0148 Ice<br \/>\n12.Bor\u016fvka Vodn\u00ed meloun Led<br \/>\n13.Citr\u00f3n Limetka Led<br \/>\n14.Kysel\u00fd mango Ananas led<br \/>\n15.Hroznov\u00e9 v\u00edno led<\/p>\n<figure id=\"attachment_3914\" aria-describedby=\"caption-attachment-3914\" style=\"width: 800px\" class=\"wp-caption alignnone\"><img decoding=\"async\" class=\"wp-image-3914 size-full\" src=\"https:\/\/vapestornado.com\/wp-content\/uploads\/2025\/03\/Mesii-Shisha-Hoohakh-50k-50000-Vape-Price.webp\" alt=\"Mesii Shisha Hoohakh 50k 50000 Vape Cena\" width=\"800\" height=\"800\" srcset=\"https:\/\/vapestornado.com\/wp-content\/uploads\/2025\/03\/Mesii-Shisha-Hoohakh-50k-50000-Vape-Price.webp 800w, https:\/\/vapestornado.com\/wp-content\/uploads\/2025\/03\/Mesii-Shisha-Hoohakh-50k-50000-Vape-Price-300x300.webp 300w, https:\/\/vapestornado.com\/wp-content\/uploads\/2025\/03\/Mesii-Shisha-Hoohakh-50k-50000-Vape-Price-150x150.webp 150w, https:\/\/vapestornado.com\/wp-content\/uploads\/2025\/03\/Mesii-Shisha-Hoohakh-50k-50000-Vape-Price-768x768.webp 768w, https:\/\/vapestornado.com\/wp-content\/uploads\/2025\/03\/Mesii-Shisha-Hoohakh-50k-50000-Vape-Price-600x600.webp 600w, https:\/\/vapestornado.com\/wp-content\/uploads\/2025\/03\/Mesii-Shisha-Hoohakh-50k-50000-Vape-Price-100x100.webp 100w\" sizes=\"(max-width: 800px) 100vw, 800px\" \/><figcaption id=\"caption-attachment-3914\" class=\"wp-caption-text\">Mesii Shisha Hoohakh 50k 50000 Vape Cena<\/figcaption><\/figure>\n<\/div>\n<\/div>\n<\/div>\n<\/div>\n<\/div>\n<\/div>\n<\/div>\n<\/div>\n<\/article>\n<\/div>\n<\/div>\n<\/div>\n<\/div>\n<\/div>\n<\/div>\n<\/div>\n<\/div>\n<\/div>\n<\/div>\n<\/article>\n<h2>Pro\u010d si vybrat Vapestornado pro nejlep\u0161\u00ed Mesii Shisha Heavy Hitter 50K Vape Velkoobchodn\u00ed n\u00e1kup?<\/h2>\n<div class=\"flex-shrink-0 flex flex-col relative items-end\">\n<div class=\"pt-0\">\n<div class=\"gizmo-bot-avatar flex h-8 w-8 items-center justify-center overflow-hidden rounded-full\">\n<div class=\"relative p-1 rounded-sm flex items-center justify-center bg-token-main-surface-primary text-token-text-primary h-8 w-8\">\n<p data-start=\"88\" data-end=\"557\">Pokud jde o <strong data-start=\"105\" data-end=\"154\">\u00a0n\u00e1kup vysoce kvalitn\u00edch jednor\u00e1zov\u00fdch vap\u016f<\/strong>, <strong data-start=\"156\" data-end=\"172\">Vapestornado<\/strong> je spolehliv\u00fdm zdrojem bezkonkuren\u010dn\u00edch <strong data-start=\"208\" data-end=\"271\">tov\u00e1rn\u00edch cen, rychl\u00e9ho odesl\u00e1n\u00ed a prvot\u0159\u00eddn\u00edho z\u00e1kaznick\u00e9ho servisu<\/strong>N\u00e1kupem nejlep\u0161\u00edho Mesii Shisha Heavy Hitter 50000 od Vapestornado z\u00edsk\u00e1te <strong data-start=\"363\" data-end=\"400\">autentick\u00e9, 100% origin\u00e1ln\u00ed produkty<\/strong> s nejnov\u011bj\u0161\u00ed <strong data-start=\"417\" data-end=\"515\">technologii digit\u00e1ln\u00edho displeje, dob\u00edjec\u00ed pohodl\u00ed Type-C a masivn\u00ed kapacitu 32 000 pot\u00e1hnut\u00ed<\/strong>\u2014v\u0161e za <strong data-start=\"527\" data-end=\"554\">nejni\u017e\u0161\u00ed velkoobchodn\u00ed ceny<\/strong>.<\/p>\n<p data-start=\"559\" data-end=\"933\" data-is-last-node=\"\" data-is-only-node=\"\">M\u00e1me tak\u00e9 dal\u0161\u00ed popul\u00e1rn\u00ed vapy s displejem, jako nap\u0159\u00edklad <a href=\"https:\/\/vapestornado.com\/cs\/product\/bang-leader-50000-puffs-50k-2-in-1-double-flavor-digital-disposable-vape-bulk-price\/\">BANG Leader 50000<\/a>, <a href=\"https:\/\/vapestornado.com\/cs\/product\/vopk-ultra-40000-puffs-2-in-1-digital-screen-rechargeable-disposable-vape\/\">Jednor\u00e1zov\u00e1 e-cigareta VOPK 40000 pot\u00e1hnut\u00ed<\/a>, <a href=\"https:\/\/vapestornado.com\/cs\/product\/vozol-gear-shisha-25k-25000-puffs-best-dtl-disposable-vape-hookah-cheap-price\/\">Vozol Gear Shisha 25000<\/a>, a dal\u0161\u00ed.<\/p>\n<\/div>\n<div class=\"relative p-1 rounded-sm flex items-center justify-center bg-token-main-surface-primary text-token-text-primary h-8 w-8\">\n<h2>\u010cASTO KLADEN\u00c9 DOTAZY<\/h2>\n<ol data-start=\"1216\" data-end=\"2192\">\n<li data-start=\"1216\" data-end=\"1431\">\n<p data-start=\"1219\" data-end=\"1431\"><strong data-start=\"1219\" data-end=\"1261\">Jak spr\u00e1vn\u011b pou\u017e\u00edvat jednor\u00e1zov\u00fd vape?<\/strong><br data-start=\"1261\" data-end=\"1264\" \/>Jednodu\u0161e vdechn\u011bte n\u00e1ustkem pro aktivaci za\u0159\u00edzen\u00ed. The <strong data-start=\"1332\" data-end=\"1367\">Mesii \u0160i\u0161a Heavy Hitter 50000<\/strong> je aktivov\u00e1no potahem, co\u017e znamen\u00e1, \u017ee nejsou pot\u0159eba \u017e\u00e1dn\u00e1 tla\u010d\u00edtka ani nastaven\u00ed.<\/p>\n<\/li>\n<li data-start=\"1433\" data-end=\"1663\">\n<p data-start=\"1436\" data-end=\"1663\"><strong data-start=\"1436\" data-end=\"1488\">Existuje zp\u016fsob, jak nab\u00edt vybitou jednor\u00e1zovou vapku?<\/strong><br data-start=\"1488\" data-end=\"1491\" \/>Pokud se baterie vybije d\u0159\u00edve, ne\u017e se spot\u0159ebuje e-liquid, m\u016f\u017eete ji <strong data-start=\"1555\" data-end=\"1593\">dob\u00edt pomoc\u00ed nab\u00edje\u010dky typu C<\/strong>. Nicm\u00e9n\u011b, jakmile je vapa zcela pr\u00e1zdn\u00e1, nelze ji znovu naplnit.<\/p>\n<\/li>\n<li data-start=\"1665\" data-end=\"1902\">\n<p data-start=\"1668\" data-end=\"1902\"><strong data-start=\"1668\" data-end=\"1707\">Mohou jednor\u00e1zov\u00e9 vapy do zavazadla?<\/strong><br data-start=\"1707\" data-end=\"1710\" \/>Ano, jednor\u00e1zov\u00e9 vapy lze p\u0159ev\u00e1\u017eet v <strong data-start=\"1758\" data-end=\"1778\">p\u0159\u00edru\u010dn\u00edm zavazadle<\/strong>, ale nejsou povoleny v odbaven\u00fdch zavazadlech kv\u016fli p\u0159edpis\u016fm leteck\u00fdch spole\u010dnost\u00ed. P\u0159ed cestou si v\u017edy ov\u011b\u0159te informace u sv\u00e9 leteck\u00e9 spole\u010dnosti.<\/p>\n<\/li>\n<li data-start=\"1904\" data-end=\"2192\">\n<p data-start=\"1907\" data-end=\"2192\"><strong data-start=\"1907\" data-end=\"1946\">Jak pozn\u00e1m, \u017ee je moje vapa pr\u00e1zdn\u00e1?<\/strong><br data-start=\"1946\" data-end=\"1949\" \/>Ten <strong data-start=\"1956\" data-end=\"1980\">chytrou obrazovkou<\/strong> na <strong data-start=\"1988\" data-end=\"2023\">Mesii \u0160i\u0161a Heavy Hitter 50000<\/strong> umo\u017e\u0148uje sledovat <strong data-start=\"2041\" data-end=\"2072\">\u00farovn\u011b baterie a e-liquidu<\/strong>. Pokud chu\u0165 sl\u00e1bne, produkce p\u00e1ry kles\u00e1 nebo obrazovka ukazuje pr\u00e1zdnou cartridge, je \u010das na nov\u00e9 za\u0159\u00edzen\u00ed.<\/p>\n<\/li>\n<\/ol>\n<\/div>\n<\/div>\n<\/div>\n<\/div>","protected":false},"excerpt":{"rendered":"<p data-start=\"1460\" data-end=\"1646\">Ten <strong data-start=\"1464\" data-end=\"1499\">Mesii \u0160i\u0161a Heavy Hitter 50000<\/strong> nab\u00edz\u00ed du\u00e1ln\u00ed re\u017eimy, chytrou obrazovku a 50 000 pot\u00e1hnut\u00ed. Nejd\u00e9le vydr\u017e\u00ed <strong data-start=\"1566\" data-end=\"1585\">jednor\u00e1zov\u00e1 vapa<\/strong> vyrobeno pro <strong data-start=\"1596\" data-end=\"1643\">velkoobchodn\u00ed odb\u011bratele a distributory v Evrop\u011b<\/strong>.<\/p>\n<p><strong>P\u0159idejte si Amy na Whatsapp, abyste z\u00edskali spr\u00e1vnou odpov\u011b\u010f a slevu!<\/strong><\/p>\n<p><img fetchpriority=\"high\" decoding=\"async\" class=\"size-full wp-image-2932\" src=\"https:\/\/vapestornado.com\/wp-content\/uploads\/2024\/12\/Vape-Wholesale.jpg\" alt=\"Velkoobchod s vape\" width=\"229\" height=\"300\" \/><\/p>\n<h3><a href=\"https:\/\/wa.me\/8617776015835\"><span style=\"color: #ff0000;\"><strong>WhatsApp: +86 17776015835<\/strong><\/span><\/a><\/h3>\n<p>&nbsp;<\/p>","protected":false},"featured_media":3910,"comment_status":"open","ping_status":"closed","template":"","meta":{"_acf_changed":false,"_uag_custom_page_level_css":"","_lmt_disableupdate":"no","_lmt_disable":"","_monsterinsights_skip_tracking":false,"_monsterinsights_sitenote_active":false,"_monsterinsights_sitenote_note":"","_monsterinsights_sitenote_category":0,"site-sidebar-layout":"default","site-content-layout":"","ast-site-content-layout":"default","site-content-style":"default","site-sidebar-style":"default","ast-global-header-display":"","ast-banner-title-visibility":"","ast-main-header-display":"","ast-hfb-above-header-display":"","ast-hfb-below-header-display":"","ast-hfb-mobile-header-display":"","site-post-title":"","ast-breadcrumbs-content":"","ast-featured-img":"","footer-sml-layout":"","ast-disable-related-posts":"","theme-transparent-header-meta":"default","adv-header-id-meta":"","stick-header-meta":"","header-above-stick-meta":"","header-main-stick-meta":"","header-below-stick-meta":"","astra-migrate-meta-layouts":"set","ast-page-background-enabled":"default","ast-page-background-meta":{"desktop":{"background-color":"","background-image":"","background-repeat":"repeat","background-position":"center center","background-size":"auto","background-attachment":"scroll","background-type":"","background-media":"","overlay-type":"","overlay-color":"","overlay-opacity":"","overlay-gradient":""},"tablet":{"background-color":"","background-image":"","background-repeat":"repeat","background-position":"center center","background-size":"auto","background-attachment":"scroll","background-type":"","background-media":"","overlay-type":"","overlay-color":"","overlay-opacity":"","overlay-gradient":""},"mobile":{"background-color":"","background-image":"","background-repeat":"repeat","background-position":"center center","background-size":"auto","background-attachment":"scroll","background-type":"","background-media":"","overlay-type":"","overlay-color":"","overlay-opacity":"","overlay-gradient":""}},"ast-content-background-meta":{"desktop":{"background-color":"var(--ast-global-color-5)","background-image":"","background-repeat":"repeat","background-position":"center center","background-size":"auto","background-attachment":"scroll","background-type":"","background-media":"","overlay-type":"","overlay-color":"","overlay-opacity":"","overlay-gradient":""},"tablet":{"background-color":"var(--ast-global-color-5)","background-image":"","background-repeat":"repeat","background-position":"center center","background-size":"auto","background-attachment":"scroll","background-type":"","background-media":"","overlay-type":"","overlay-color":"","overlay-opacity":"","overlay-gradient":""},"mobile":{"background-color":"var(--ast-global-color-5)","background-image":"","background-repeat":"repeat","background-position":"center center","background-size":"auto","background-attachment":"scroll","background-type":"","background-media":"","overlay-type":"","overlay-color":"","overlay-opacity":"","overlay-gradient":""}},"_joinchat":{"telephone":"17776015835"}},"product_brand":[],"product_cat":[19,192,152,156,160,141,142,277,146,147],"product_tag":[274,275,94,276,93,269],"class_list":{"0":"post-3931","1":"product","2":"type-product","3":"status-publish","4":"has-post-thumbnail","6":"product_cat-vapes","7":"product_cat-50000-puff","8":"product_cat-buy-disposable-vapes-in-cermany","9":"product_cat-buy-disposable-vapes-in-poland","10":"product_cat-buy-disposable-vapes-in-switzerland","11":"product_cat-crystal-disposable-vapes","12":"product_cat-digital-box-disposable-vapes","13":"product_cat-mesii-vape","14":"product_cat-rechargeable-disposable-vapes","15":"product_cat-shisha-hookah-disposable-vapes","16":"product_tag-longest-lasting-disposable-vape","17":"product_tag-mesii-shisha-heavy-hitter-50000","18":"product_tag-rechargeable-disposable-vape","19":"product_tag-shisha-disposable-vape","20":"product_tag-vape-wholesale","21":"product_tag-vape-with-screen","22":"desktop-align-left","23":"tablet-align-left","24":"mobile-align-left","26":"first","27":"instock","28":"sale","29":"shipping-taxable","30":"purchasable","31":"product-type-simple"},"acf":[],"uagb_featured_image_src":{"full":["https:\/\/vapestornado.com\/wp-content\/uploads\/2025\/03\/Best-Disposable-Vape-Germany-50k-Puff.webp",800,800,false],"thumbnail":["https:\/\/vapestornado.com\/wp-content\/uploads\/2025\/03\/Best-Disposable-Vape-Germany-50k-Puff-150x150.webp",150,150,true],"medium":["https:\/\/vapestornado.com\/wp-content\/uploads\/2025\/03\/Best-Disposable-Vape-Germany-50k-Puff-300x300.webp",300,300,true],"medium_large":["https:\/\/vapestornado.com\/wp-content\/uploads\/2025\/03\/Best-Disposable-Vape-Germany-50k-Puff-768x768.webp",768,768,true],"large":["https:\/\/vapestornado.com\/wp-content\/uploads\/2025\/03\/Best-Disposable-Vape-Germany-50k-Puff.webp",800,800,false],"1536x1536":["https:\/\/vapestornado.com\/wp-content\/uploads\/2025\/03\/Best-Disposable-Vape-Germany-50k-Puff.webp",800,800,false],"2048x2048":["https:\/\/vapestornado.com\/wp-content\/uploads\/2025\/03\/Best-Disposable-Vape-Germany-50k-Puff.webp",800,800,false],"trp-custom-language-flag":["https:\/\/vapestornado.com\/wp-content\/uploads\/2025\/03\/Best-Disposable-Vape-Germany-50k-Puff.webp",12,12,false],"woocommerce_thumbnail":["https:\/\/vapestornado.com\/wp-content\/uploads\/2025\/03\/Best-Disposable-Vape-Germany-50k-Puff-300x300.webp",300,300,true],"woocommerce_single":["https:\/\/vapestornado.com\/wp-content\/uploads\/2025\/03\/Best-Disposable-Vape-Germany-50k-Puff-600x600.webp",600,600,true],"woocommerce_gallery_thumbnail":["https:\/\/vapestornado.com\/wp-content\/uploads\/2025\/03\/Best-Disposable-Vape-Germany-50k-Puff-100x100.webp",100,100,true]},"uagb_author_info":{"display_name":"ESAMY","author_link":"https:\/\/vapestornado.com\/cs\/author\/"},"uagb_comment_info":0,"uagb_excerpt":"The Mesii Shisha Heavy Hitter 50000 offers dual modes, smart screen, and 50K puffs. A longest lasting disposable vape built for wholesale buyers and distributors in Europe. Add Amy's whatsapp to get right reply and discount price! WhatsApp: +86 17776015835 &nbsp;","_links":{"self":[{"href":"https:\/\/vapestornado.com\/cs\/wp-json\/wp\/v2\/product\/3931","targetHints":{"allow":["GET"]}}],"collection":[{"href":"https:\/\/vapestornado.com\/cs\/wp-json\/wp\/v2\/product"}],"about":[{"href":"https:\/\/vapestornado.com\/cs\/wp-json\/wp\/v2\/types\/product"}],"replies":[{"embeddable":true,"href":"https:\/\/vapestornado.com\/cs\/wp-json\/wp\/v2\/comments?post=3931"}],"wp:featuredmedia":[{"embeddable":true,"href":"https:\/\/vapestornado.com\/cs\/wp-json\/wp\/v2\/media\/3910"}],"wp:attachment":[{"href":"https:\/\/vapestornado.com\/cs\/wp-json\/wp\/v2\/media?parent=3931"}],"wp:term":[{"taxonomy":"product_brand","embeddable":true,"href":"https:\/\/vapestornado.com\/cs\/wp-json\/wp\/v2\/product_brand?post=3931"},{"taxonomy":"product_cat","embeddable":true,"href":"https:\/\/vapestornado.com\/cs\/wp-json\/wp\/v2\/product_cat?post=3931"},{"taxonomy":"product_tag","embeddable":true,"href":"https:\/\/vapestornado.com\/cs\/wp-json\/wp\/v2\/product_tag?post=3931"}],"curies":[{"name":"wp","href":"https:\/\/api.w.org\/{rel}","templated":true}]}}