{"id":3929,"date":"2025-03-20T06:24:12","date_gmt":"2025-03-20T06:24:12","guid":{"rendered":"https:\/\/vapestornado.com\/?post_type=product&#038;p=3929"},"modified":"2025-08-22T11:38:28","modified_gmt":"2025-08-22T11:38:28","slug":"bang-leader-32000-puffs-vape-wholesale-poland-2-in-1-dual-flavor","status":"publish","type":"product","link":"https:\/\/vapestornado.com\/cs\/product\/bang-leader-32000-puffs-vape-wholesale-poland-2-in-1-dual-flavor\/","title":{"rendered":"Bang Leader 32000 pot\u00e1hnut\u00ed Vape Velkoobchod \u010cesko 2 v 1 Du\u00e1ln\u00ed p\u0159\u00edchu\u0165"},"content":{"rendered":"<h1 data-pm-slice=\"1 1 []\">Bang Leader 32000 pot\u00e1hnut\u00ed Vape Velkoobchod \u010cesko 2 v 1 Du\u00e1ln\u00ed p\u0159\u00edchu\u0165<\/h1>\n<p data-start=\"311\" data-end=\"640\">Ten <strong data-start=\"315\" data-end=\"347\">Bang Leader 32000 Puffs Vaporiz\u00e9r<\/strong> je ur\u010den pro vapery, kte\u0159\u00ed cht\u011bj\u00ed kapacitu, rozmanitost a konzistentn\u00ed v\u00fdkon. S <strong data-start=\"432\" data-end=\"458\">dva 26ml pody s e-liquidem<\/strong> a inovativn\u00edm <strong data-start=\"477\" data-end=\"506\">syst\u00e9mem du\u00e1ln\u00ed p\u0159\u00edchut\u011b 2 v 1<\/strong>u\u017eivatel\u00e9 mohou okam\u017eit\u011b p\u0159ep\u00ednat mezi p\u0159\u00edchut\u011bmi jako <strong data-start=\"556\" data-end=\"591\">Melounov\u00fd led<\/strong> or <strong data-start=\"595\" data-end=\"637\">Jahodov\u00e9 kiwi<\/strong>.<\/p>\n<p data-start=\"642\" data-end=\"982\">Poskytuje a\u017e <strong data-start=\"659\" data-end=\"675\">32 000 pot\u00e1hnut\u00ed<\/strong>toto za\u0159\u00edzen\u00ed minimalizuje v\u00fdm\u011bny a poskytuje dlouhodobou hodnotu. Nastaviteln\u00e9 hladiny nikotinu (<strong data-start=\"773\" data-end=\"791\">0%, 2%, 3%, 5%<\/strong>) jej \u010din\u00ed vhodn\u00fdm pro lehk\u00e9 i siln\u00e9 u\u017eivatele. Poh\u00e1n\u011bno <strong data-start=\"855\" data-end=\"886\">650mAh dob\u00edjec\u00ed baterie<\/strong> s rychl\u00fdm <strong data-start=\"897\" data-end=\"916\">Nab\u00edjen\u00ed typu C<\/strong>Bang Leader 32K zaji\u0161\u0165uje celodenn\u00ed pou\u017e\u00edv\u00e1n\u00ed s minim\u00e1ln\u00edmi prostoji.<\/p>\n<p data-start=\"984\" data-end=\"1266\">Ten <strong data-start=\"988\" data-end=\"1008\">dvojit\u00e1 mesh spir\u00e1lka<\/strong> zvy\u0161uje hustotu p\u00e1ry a kvalitu chuti, zat\u00edmco <strong data-start=\"1060\" data-end=\"1092\">celkov\u00e1 kapacita e-liquidu 52 ml<\/strong> zaru\u010duje prodlou\u017een\u00e9 sezen\u00ed. Kompaktn\u00ed a v\u00fdkonn\u00fd <strong data-start=\"1149\" data-end=\"1181\">Bang Leader 32000 Puffs Vaporiz\u00e9r<\/strong> je ziskovou volbou pro velkoobchody a vape obchody v Polsku a po cel\u00e9 Evrop\u011b.<\/p>\n<p data-start=\"666\" data-end=\"1235\"><strong style=\"font-size: 16px;\"><span style=\"color: #ff0000;\">P\u0159idejte si WhatsApp Amy a z\u00edskejte okam\u017eitou odpov\u011b\u010f a zv\u00fdhodn\u011bnou cenu!<\/span><\/strong><\/p>\n<p><img fetchpriority=\"high\" decoding=\"async\" class=\"size-full wp-image-2932\" src=\"https:\/\/vapestornado.com\/wp-content\/uploads\/2024\/12\/Vape-Wholesale.jpg\" alt=\"Velkoobchod s vape\" width=\"229\" height=\"300\" \/><\/p>\n<h3><a href=\"https:\/\/wa.me\/8617776015835\" target=\"_blank\" rel=\"noopener\"><span style=\"color: #ff0000;\"><strong>WhatsApp: +86 17776015835<\/strong><\/span><\/a><\/h3>\n<p>&nbsp;<\/p>\n<h2><strong>Bang Leader 32000 Box Vape Kl\u00ed\u010dov\u00e9 vlastnosti produktu<\/strong><\/h2>\n<p>Zna\u010dka: BANG LEADER<br \/>\nModel: BANGLEADER 32000<br \/>\nNikotin: 0% 2% 5%<br \/>\nKapacita baterie: 650mAh<br \/>\nPot\u00e1hnut\u00ed: 32000<br \/>\nP\u0159\u00edchut\u011b: V\u00edce ne\u017e 12 l\u00e1kav\u00fdch mo\u017enost\u00ed, v\u010detn\u011b ovocn\u00fdch a m\u00e1tov\u00fdch<\/p>\n<figure id=\"attachment_3915\" aria-describedby=\"caption-attachment-3915\" style=\"width: 800px\" class=\"wp-caption alignnone\"><img decoding=\"async\" class=\"wp-image-3915 size-full\" src=\"https:\/\/vapestornado.com\/wp-content\/uploads\/2025\/03\/Bang-32000-Puff-Twins-Flavor-Disposable-Vape.webp\" alt=\"Bang 32000 Puff Twins Flavor Jednor\u00e1zov\u00e1 Vape\" width=\"800\" height=\"800\" srcset=\"https:\/\/vapestornado.com\/wp-content\/uploads\/2025\/03\/Bang-32000-Puff-Twins-Flavor-Disposable-Vape.webp 800w, https:\/\/vapestornado.com\/wp-content\/uploads\/2025\/03\/Bang-32000-Puff-Twins-Flavor-Disposable-Vape-300x300.webp 300w, https:\/\/vapestornado.com\/wp-content\/uploads\/2025\/03\/Bang-32000-Puff-Twins-Flavor-Disposable-Vape-150x150.webp 150w, https:\/\/vapestornado.com\/wp-content\/uploads\/2025\/03\/Bang-32000-Puff-Twins-Flavor-Disposable-Vape-768x768.webp 768w, https:\/\/vapestornado.com\/wp-content\/uploads\/2025\/03\/Bang-32000-Puff-Twins-Flavor-Disposable-Vape-600x600.webp 600w, https:\/\/vapestornado.com\/wp-content\/uploads\/2025\/03\/Bang-32000-Puff-Twins-Flavor-Disposable-Vape-100x100.webp 100w\" sizes=\"(max-width: 800px) 100vw, 800px\" \/><figcaption id=\"caption-attachment-3915\" class=\"wp-caption-text\">Bang 32000 Puff Twins Flavor Jednor\u00e1zov\u00e1 Vape<\/figcaption><\/figure>\n<h2 class=\"product-title\"><strong>Bang Leader 32000 Du\u00e1ln\u00ed Pod Vape Seznam p\u0159\u00edchut\u00ed<\/strong><\/h2>\n<article class=\"w-full text-token-text-primary focus-visible:outline-2 focus-visible:outline-offset-[-4px]\" dir=\"auto\" data-testid=\"conversation-turn-32\" data-scroll-anchor=\"false\">\n<div class=\"m-auto text-base py-[18px] px-6\">\n<div class=\"mx-auto flex flex-1 text-base gap-4 md:gap-5 lg:gap-6 md:max-w-3xl lg:max-w-[40rem] xl:max-w-[48rem]\">\n<div class=\"group\/conversation-turn relative flex w-full min-w-0 flex-col @xs\/thread:px-0 @sm\/thread:px-1.5 @md\/thread:px-4\">\n<div class=\"flex-col gap-1 md:gap-3\">\n<div class=\"flex max-w-full flex-col flex-grow\">\n<div class=\"min-h-8 text-message flex w-full flex-col items-end gap-2 whitespace-normal break-words text-start [.text-message+&amp;]:mt-5\" dir=\"auto\" data-message-author-role=\"user\" data-message-id=\"ffac41ca-1db4-431b-873a-32c4052956f1\">\n<div class=\"flex w-full flex-col gap-1 empty:hidden items-end rtl:items-start\">\n<div class=\"relative max-w-[var(--user-chat-width,70%)] rounded-3xl bg-token-message-surface px-5 py-2.5\">\n<div class=\"absolute bottom-0 right-full top-0 -mr-3.5 hidden pr-5 pt-2 [.group\/conversation-turn:hover_&amp;]:flex\">\n<div class=\"flex\">\n<article class=\"w-full text-token-text-primary focus-visible:outline-2 focus-visible:outline-offset-[-4px]\" dir=\"auto\" data-testid=\"conversation-turn-39\" data-scroll-anchor=\"true\">\n<div class=\"m-auto text-base py-[18px] px-6\">\n<div class=\"mx-auto flex flex-1 text-base gap-4 md:gap-5 lg:gap-6 md:max-w-3xl lg:max-w-[40rem] xl:max-w-[48rem]\">\n<div class=\"group\/conversation-turn relative flex w-full min-w-0 flex-col agent-turn @xs\/thread:px-0 @sm\/thread:px-1.5 @md\/thread:px-4\">\n<div class=\"flex-col gap-1 md:gap-3\">\n<div class=\"flex max-w-full flex-col flex-grow\">\n<div class=\"min-h-8 text-message flex w-full flex-col items-end gap-2 whitespace-normal break-words text-start [.text-message+&amp;]:mt-5\" dir=\"auto\" data-message-author-role=\"assistant\" data-message-id=\"55a23854-ec57-48dd-bd4f-6118f43d6241\" data-message-model-slug=\"gpt-4o\">\n<div class=\"flex w-full flex-col gap-1 empty:hidden first:pt-[3px]\">\n<div class=\"markdown prose w-full break-words dark:prose-invert light\">\n<p>1.Melounov\u00fd led + Bor\u016fvkov\u00e1 m\u00e1ta<br \/>\n2.Melounov\u00fd led + Jahoda a mango<br \/>\n3.Jahoda a meloun + Kiwi mu\u010denka guava<br \/>\n4. Jahoda a meloun + hroznov\u00e9 v\u00edno s ledem<br \/>\n5. Bor\u016fvka a malina + broskev, mango a meloun<br \/>\n6. Bor\u016fvkov\u00fd meloun + jahodov\u00e9 mango<br \/>\n7. Bor\u016fvkov\u00fd led + \u010dern\u00fd dra\u010d\u00ed led<br \/>\n8. Bor\u016fvkov\u00fd led + jahoda a ban\u00e1n<br \/>\n9. Red Bull + bor\u016fvkov\u00fd meloun<br \/>\n10. Red Bull + melounov\u00e1 \u017ev\u00fdka\u010dka<br \/>\n11. Jahodov\u00e9 kiwi + broskvov\u00fd led<br \/>\n12. Jahodov\u00e9 kiwi + kysel\u00e9 jablko a malina<\/p>\n<\/div>\n<\/div>\n<\/div>\n<\/div>\n<\/div>\n<\/div>\n<\/div>\n<\/div>\n<\/article>\n<\/div>\n<\/div>\n<\/div>\n<\/div>\n<\/div>\n<\/div>\n<\/div>\n<\/div>\n<\/div>\n<\/div>\n<\/article>\n<h3>Pro\u010d si vybrat Vapestornado pro hromadn\u00fd n\u00e1kup Bang Leader 32000 Vape?<\/h3>\n<div class=\"flex-shrink-0 flex flex-col relative items-end\">\n<div class=\"pt-0\">\n<div class=\"gizmo-bot-avatar flex h-8 w-8 items-center justify-center overflow-hidden rounded-full\">\n<div class=\"relative p-1 rounded-sm flex items-center justify-center bg-token-main-surface-primary text-token-text-primary h-8 w-8\">\n<p data-start=\"88\" data-end=\"557\">Pokud jde o <strong data-start=\"105\" data-end=\"154\">\u00a0n\u00e1kup vysoce kvalitn\u00edch jednor\u00e1zov\u00fdch vap\u016f<\/strong>, <strong data-start=\"156\" data-end=\"172\">Vapestornado<\/strong> je spolehliv\u00fdm zdrojem bezkonkuren\u010dn\u00edch <strong data-start=\"208\" data-end=\"271\">tov\u00e1rn\u00edch cen, rychl\u00e9ho odesl\u00e1n\u00ed a prvot\u0159\u00eddn\u00edho z\u00e1kaznick\u00e9ho servisu<\/strong>. N\u00e1kup Bang Leader 32000 32k od Vapestornado znamen\u00e1, \u017ee z\u00edsk\u00e1te <strong data-start=\"363\" data-end=\"400\">autentick\u00e9, 100% origin\u00e1ln\u00ed produkty<\/strong> s nejnov\u011bj\u0161\u00ed <strong data-start=\"417\" data-end=\"515\">technologii digit\u00e1ln\u00edho displeje, dob\u00edjec\u00ed pohodl\u00ed Type-C a masivn\u00ed kapacitu 32 000 pot\u00e1hnut\u00ed<\/strong>\u2014v\u0161e za <strong data-start=\"527\" data-end=\"554\">nejni\u017e\u0161\u00ed velkoobchodn\u00ed ceny<\/strong>.<\/p>\n<p data-start=\"559\" data-end=\"933\" data-is-last-node=\"\" data-is-only-node=\"\">M\u00e1me tak\u00e9 dal\u0161\u00ed popul\u00e1rn\u00ed vapy s displejem, jako nap\u0159\u00edklad <a href=\"https:\/\/vapestornado.com\/cs\/product\/bang-leader-50000-puffs-50k-2-in-1-double-flavor-digital-disposable-vape-bulk-price\/\">BANG Leader 50000<\/a>, <a href=\"https:\/\/vapestornado.com\/cs\/product\/vopk-ultra-40000-puffs-2-in-1-digital-screen-rechargeable-disposable-vape\/\">Jednor\u00e1zov\u00e1 e-cigareta VOPK 40000 pot\u00e1hnut\u00ed<\/a>, <a href=\"https:\/\/vapestornado.com\/cs\/product\/vozol-gear-shisha-25k-25000-puffs-best-dtl-disposable-vape-hookah-cheap-price\/\">Vozol Gear Shisha 25000<\/a>, a dal\u0161\u00ed.<\/p>\n<\/div>\n<div class=\"relative p-1 rounded-sm flex items-center justify-center bg-token-main-surface-primary text-token-text-primary h-8 w-8\">\n<h3>\u010cASTO KLADEN\u00c9 DOTAZY<\/h3>\n<ol data-start=\"1260\" data-end=\"2190\">\n<li data-start=\"1260\" data-end=\"1450\">\n<p data-start=\"1263\" data-end=\"1450\"><strong data-start=\"1263\" data-end=\"1305\">Jak aktivujete jednor\u00e1zovou vapku?<\/strong><br data-start=\"1305\" data-end=\"1308\" \/>Jednodu\u0161e vdechujte n\u00e1ustkem pro aktivaci Bang Leader 32000 Puffs Vape. Nejsou pot\u0159eba \u017e\u00e1dn\u00e1 tla\u010d\u00edtka ani slo\u017eit\u00e1 nastaven\u00ed.<\/p>\n<\/li>\n<li data-start=\"1452\" data-end=\"1704\">\n<p data-start=\"1455\" data-end=\"1704\"><strong data-start=\"1455\" data-end=\"1512\">Mohu nab\u00edjet svou jednor\u00e1zovou vapku nab\u00edje\u010dkou na telefon?<\/strong><br data-start=\"1512\" data-end=\"1515\" \/>Ano, pokud va\u0161e nab\u00edje\u010dka pou\u017e\u00edv\u00e1 <strong data-start=\"1554\" data-end=\"1570\">kabel Type-C<\/strong>, m\u016f\u017eete nab\u00edjet svou vapku standardn\u00ed nab\u00edje\u010dkou na telefon. Nejlep\u0161\u00ed je v\u0161ak pou\u017e\u00edt adapt\u00e9r s ni\u017e\u0161\u00edm v\u00fdkonem, abyste zajistili bezpe\u010dn\u00e9 nab\u00edjen\u00ed.<\/p>\n<\/li>\n<li data-start=\"1706\" data-end=\"1934\">\n<p data-start=\"1709\" data-end=\"1934\"><strong data-start=\"1709\" data-end=\"1746\">Mohu si vz\u00edt vapky do Hong Kongu?<\/strong><br data-start=\"1746\" data-end=\"1749\" \/>Ne, Hong Kong m\u00e1 p\u0159\u00edsn\u00e9 p\u0159edpisy zakazuj\u00edc\u00ed dovoz, prodej a pou\u017e\u00edv\u00e1n\u00ed e-cigaret a vapovac\u00edch produkt\u016f. Cestovatel\u00e9 by si m\u011bli p\u0159ed p\u0159ivezen\u00edm vapek do regionu ov\u011b\u0159it m\u00edstn\u00ed z\u00e1kony.<\/p>\n<\/li>\n<li data-start=\"1936\" data-end=\"2190\">\n<p data-start=\"1939\" data-end=\"2190\"><strong data-start=\"1939\" data-end=\"1983\">Jak pozn\u00e1m, kolik vape mi zb\u00fdv\u00e1?<\/strong><br data-start=\"1983\" data-end=\"1986\" \/>Ten <strong data-start=\"1993\" data-end=\"2025\">Bang Leader 32000 Puffs Vaporiz\u00e9r<\/strong> obsahuje <strong data-start=\"2037\" data-end=\"2056\">syst\u00e9m du\u00e1ln\u00edch pod\u016f<\/strong> kter\u00fd vydr\u017e\u00ed dlouho, ale pokud si v\u0161imnete slab\u0161\u00ed chuti, men\u0161\u00edho mno\u017estv\u00ed p\u00e1ry nebo pot\u00ed\u017e\u00ed s vdechov\u00e1n\u00edm, m\u016f\u017ee b\u00fdt \u010das za\u0159\u00edzen\u00ed vym\u011bnit.<\/p>\n<\/li>\n<\/ol>\n<\/div>\n<\/div>\n<\/div>\n<\/div>","protected":false},"excerpt":{"rendered":"<ul>\n<li data-start=\"252\" data-end=\"289\">\n<p data-start=\"254\" data-end=\"289\">Bang Leader 32000 pot\u00e1hnut\u00ed velkoobchod<\/p>\n<\/li>\n<li data-start=\"290\" data-end=\"317\">\n<p data-start=\"292\" data-end=\"317\">32K pot\u00e1hnut\u00ed Vape hromadn\u00fd n\u00e1kup<\/p>\n<\/li>\n<li data-start=\"318\" data-end=\"366\">\n<p data-start=\"320\" data-end=\"366\">Jednor\u00e1zov\u00e1 Vape 32000 pot\u00e1hnut\u00ed Polsko velkoobchod<\/p>\n<\/li>\n<\/ul>\n<p><strong>P\u0159idejte si Amy na Whatsapp, abyste z\u00edskali spr\u00e1vnou odpov\u011b\u010f a slevu!<\/strong><\/p>\n<p><img fetchpriority=\"high\" decoding=\"async\" class=\"size-full wp-image-2932\" src=\"https:\/\/vapestornado.com\/wp-content\/uploads\/2024\/12\/Vape-Wholesale.jpg\" alt=\"Velkoobchod s vape\" width=\"229\" height=\"300\" \/><\/p>\n<h3><a href=\"https:\/\/wa.me\/8617776015835\"><span style=\"color: #ff0000;\"><strong>WhatsApp: +86 17776015835<\/strong><\/span><\/a><\/h3>\n<p>&nbsp;<\/p>","protected":false},"featured_media":3917,"comment_status":"open","ping_status":"closed","template":"","meta":{"_acf_changed":false,"_uag_custom_page_level_css":"","_lmt_disableupdate":"no","_lmt_disable":"","_monsterinsights_skip_tracking":false,"_monsterinsights_sitenote_active":false,"_monsterinsights_sitenote_note":"","_monsterinsights_sitenote_category":0,"site-sidebar-layout":"default","site-content-layout":"","ast-site-content-layout":"default","site-content-style":"default","site-sidebar-style":"default","ast-global-header-display":"","ast-banner-title-visibility":"","ast-main-header-display":"","ast-hfb-above-header-display":"","ast-hfb-below-header-display":"","ast-hfb-mobile-header-display":"","site-post-title":"","ast-breadcrumbs-content":"","ast-featured-img":"","footer-sml-layout":"","ast-disable-related-posts":"","theme-transparent-header-meta":"default","adv-header-id-meta":"","stick-header-meta":"","header-above-stick-meta":"","header-main-stick-meta":"","header-below-stick-meta":"","astra-migrate-meta-layouts":"set","ast-page-background-enabled":"default","ast-page-background-meta":{"desktop":{"background-color":"","background-image":"","background-repeat":"repeat","background-position":"center center","background-size":"auto","background-attachment":"scroll","background-type":"","background-media":"","overlay-type":"","overlay-color":"","overlay-opacity":"","overlay-gradient":""},"tablet":{"background-color":"","background-image":"","background-repeat":"repeat","background-position":"center center","background-size":"auto","background-attachment":"scroll","background-type":"","background-media":"","overlay-type":"","overlay-color":"","overlay-opacity":"","overlay-gradient":""},"mobile":{"background-color":"","background-image":"","background-repeat":"repeat","background-position":"center center","background-size":"auto","background-attachment":"scroll","background-type":"","background-media":"","overlay-type":"","overlay-color":"","overlay-opacity":"","overlay-gradient":""}},"ast-content-background-meta":{"desktop":{"background-color":"var(--ast-global-color-5)","background-image":"","background-repeat":"repeat","background-position":"center center","background-size":"auto","background-attachment":"scroll","background-type":"","background-media":"","overlay-type":"","overlay-color":"","overlay-opacity":"","overlay-gradient":""},"tablet":{"background-color":"var(--ast-global-color-5)","background-image":"","background-repeat":"repeat","background-position":"center center","background-size":"auto","background-attachment":"scroll","background-type":"","background-media":"","overlay-type":"","overlay-color":"","overlay-opacity":"","overlay-gradient":""},"mobile":{"background-color":"var(--ast-global-color-5)","background-image":"","background-repeat":"repeat","background-position":"center center","background-size":"auto","background-attachment":"scroll","background-type":"","background-media":"","overlay-type":"","overlay-color":"","overlay-opacity":"","overlay-gradient":""}},"_joinchat":{"telephone":"17776015835"}},"product_brand":[],"product_cat":[19,262,278,140,153,158,144,146],"product_tag":[261,260,196,94,273,93,269],"class_list":{"0":"post-3929","1":"product","2":"type-product","3":"status-publish","4":"has-post-thumbnail","6":"product_cat-vapes","7":"product_cat-32000-puff","8":"product_cat-bang-leader-vape","9":"product_cat-big-puffs-disposable-vapes","10":"product_cat-buy-disposable-vapes-in-italy","11":"product_cat-buy-disposable-vapes-in-spain","12":"product_cat-low-nicotine-disposable-vapes","13":"product_cat-rechargeable-disposable-vapes","14":"product_tag-2-in-1-double-flavor-vape","15":"product_tag-bang-leader-32000","16":"product_tag-bang-vape","17":"product_tag-rechargeable-disposable-vape","18":"product_tag-twins-flavor-vape-pod","19":"product_tag-vape-wholesale","20":"product_tag-vape-with-screen","21":"desktop-align-left","22":"tablet-align-left","23":"mobile-align-left","25":"first","26":"instock","27":"sale","28":"shipping-taxable","29":"purchasable","30":"product-type-simple"},"acf":[],"uagb_featured_image_src":{"full":["https:\/\/vapestornado.com\/wp-content\/uploads\/2025\/03\/Bang-Kingdoms-Rex-32000-E-Cigarette-Disposable-Vape.webp",800,800,false],"thumbnail":["https:\/\/vapestornado.com\/wp-content\/uploads\/2025\/03\/Bang-Kingdoms-Rex-32000-E-Cigarette-Disposable-Vape-150x150.webp",150,150,true],"medium":["https:\/\/vapestornado.com\/wp-content\/uploads\/2025\/03\/Bang-Kingdoms-Rex-32000-E-Cigarette-Disposable-Vape-300x300.webp",300,300,true],"medium_large":["https:\/\/vapestornado.com\/wp-content\/uploads\/2025\/03\/Bang-Kingdoms-Rex-32000-E-Cigarette-Disposable-Vape-768x768.webp",768,768,true],"large":["https:\/\/vapestornado.com\/wp-content\/uploads\/2025\/03\/Bang-Kingdoms-Rex-32000-E-Cigarette-Disposable-Vape.webp",800,800,false],"1536x1536":["https:\/\/vapestornado.com\/wp-content\/uploads\/2025\/03\/Bang-Kingdoms-Rex-32000-E-Cigarette-Disposable-Vape.webp",800,800,false],"2048x2048":["https:\/\/vapestornado.com\/wp-content\/uploads\/2025\/03\/Bang-Kingdoms-Rex-32000-E-Cigarette-Disposable-Vape.webp",800,800,false],"trp-custom-language-flag":["https:\/\/vapestornado.com\/wp-content\/uploads\/2025\/03\/Bang-Kingdoms-Rex-32000-E-Cigarette-Disposable-Vape.webp",12,12,false],"woocommerce_thumbnail":["https:\/\/vapestornado.com\/wp-content\/uploads\/2025\/03\/Bang-Kingdoms-Rex-32000-E-Cigarette-Disposable-Vape-300x300.webp",300,300,true],"woocommerce_single":["https:\/\/vapestornado.com\/wp-content\/uploads\/2025\/03\/Bang-Kingdoms-Rex-32000-E-Cigarette-Disposable-Vape-600x600.webp",600,600,true],"woocommerce_gallery_thumbnail":["https:\/\/vapestornado.com\/wp-content\/uploads\/2025\/03\/Bang-Kingdoms-Rex-32000-E-Cigarette-Disposable-Vape-100x100.webp",100,100,true]},"uagb_author_info":{"display_name":"ESAMY","author_link":"https:\/\/vapestornado.com\/cs\/author\/"},"uagb_comment_info":0,"uagb_excerpt":"Bang Leader 32000 Puffs Wholesale 32K Puffs Vape Bulk Buy Disposable Vape 32000 Puffs Poland Wholesale Add Amy's whatsapp to get right reply and discount price! WhatsApp: +86 17776015835 &nbsp;","_links":{"self":[{"href":"https:\/\/vapestornado.com\/cs\/wp-json\/wp\/v2\/product\/3929","targetHints":{"allow":["GET"]}}],"collection":[{"href":"https:\/\/vapestornado.com\/cs\/wp-json\/wp\/v2\/product"}],"about":[{"href":"https:\/\/vapestornado.com\/cs\/wp-json\/wp\/v2\/types\/product"}],"replies":[{"embeddable":true,"href":"https:\/\/vapestornado.com\/cs\/wp-json\/wp\/v2\/comments?post=3929"}],"wp:featuredmedia":[{"embeddable":true,"href":"https:\/\/vapestornado.com\/cs\/wp-json\/wp\/v2\/media\/3917"}],"wp:attachment":[{"href":"https:\/\/vapestornado.com\/cs\/wp-json\/wp\/v2\/media?parent=3929"}],"wp:term":[{"taxonomy":"product_brand","embeddable":true,"href":"https:\/\/vapestornado.com\/cs\/wp-json\/wp\/v2\/product_brand?post=3929"},{"taxonomy":"product_cat","embeddable":true,"href":"https:\/\/vapestornado.com\/cs\/wp-json\/wp\/v2\/product_cat?post=3929"},{"taxonomy":"product_tag","embeddable":true,"href":"https:\/\/vapestornado.com\/cs\/wp-json\/wp\/v2\/product_tag?post=3929"}],"curies":[{"name":"wp","href":"https:\/\/api.w.org\/{rel}","templated":true}]}}