{"id":3928,"date":"2025-03-20T03:43:34","date_gmt":"2025-03-20T03:43:34","guid":{"rendered":"https:\/\/vapestornado.com\/?post_type=product&#038;p=3928"},"modified":"2025-08-23T11:38:54","modified_gmt":"2025-08-23T11:38:54","slug":"vozol-gear-shisha-25k-25000-puffs-best-dtl-disposable-vape-hookah-cheap-price","status":"publish","type":"product","link":"https:\/\/vapestornado.com\/cs\/product\/vozol-gear-shisha-25k-25000-puffs-best-dtl-disposable-vape-hookah-cheap-price\/","title":{"rendered":"Vozol Gear Shisha 25k 25000 Puffs Nejlep\u0161\u00ed DTL jednor\u00e1zov\u00e1 vapka Levn\u00e1 cena"},"content":{"rendered":"<h1 data-pm-slice=\"1 1 []\">Vozol Gear Shisha 25k 25000 Puffs Nejlep\u0161\u00ed DTL jednor\u00e1zov\u00e1 vapka Levn\u00e1 cena<\/h1>\n<p data-start=\"187\" data-end=\"478\">Ten <strong data-start=\"191\" data-end=\"232\">Vozol Gear Shisha 25K Jednor\u00e1zov\u00e1 vapka<\/strong> redefinuje z\u00e1\u017eitek z vapov\u00e1n\u00ed ve stylu vodn\u00ed d\u00fdmky DTL, co\u017e z n\u00ed \u010din\u00ed nezbytnost pro <strong data-start=\"309\" data-end=\"338\">velkoobchodn\u00edky a maloobchodn\u00edky<\/strong> kte\u0159\u00ed se zam\u011b\u0159uj\u00ed na evropsk\u00fd trh. S a\u017e <strong data-start=\"383\" data-end=\"399\">25 000 pot\u00e1hnut\u00ed<\/strong>tento vysoce kapacitn\u00ed p\u0159\u00edstroj zaji\u0161\u0165uje dlouh\u00e9 sezen\u00ed a silnou spot\u0159ebitelskou p\u0159ita\u017elivost.<\/p>\n<p data-start=\"480\" data-end=\"863\">Jeho <strong data-start=\"484\" data-end=\"516\">1000mAh dob\u00edjec\u00ed bateri\u00ed<\/strong> s <strong data-start=\"522\" data-end=\"546\">Rychl\u00e9 nab\u00edjen\u00ed Type-C<\/strong> minimalizuje prostoje, zat\u00edmco <strong data-start=\"577\" data-end=\"603\">2,1palcov\u00fd barevn\u00fd displej<\/strong> poskytuje sledov\u00e1n\u00ed po\u010dtu pot\u00e1hnut\u00ed, stavu baterie a re\u017eimu vapov\u00e1n\u00ed v re\u00e1ln\u00e9m \u010dase. U\u017eivatel\u00e9 mohou p\u0159ep\u00ednat mezi <strong data-start=\"705\" data-end=\"717\">Eko re\u017eim<\/strong> (maxim\u00e1ln\u00ed v\u00fddr\u017e, a\u017e 25 tis\u00edc pot\u00e1hnut\u00ed) a <strong data-start=\"759\" data-end=\"773\">V\u00fdkonn\u00fd re\u017eim<\/strong> (v\u011bt\u0161\u00ed intenzita, a\u017e 18 tis\u00edc pot\u00e1hnut\u00ed), co\u017e poskytuje flexibilitu pro r\u016fzn\u00e9 preference vapov\u00e1n\u00ed.<\/p>\n<p data-start=\"865\" data-end=\"1153\">An <strong data-start=\"868\" data-end=\"897\">nastaviteln\u00fd syst\u00e9m proud\u011bn\u00ed vzduchu<\/strong> sp\u00e1rovan\u00fd s <strong data-start=\"910\" data-end=\"929\">dvojit\u00e9 mesh spir\u00e1lky<\/strong> zaji\u0161\u0165uje hladk\u00e9 dod\u00e1v\u00e1n\u00ed p\u00e1ry, hust\u00e9 mraky a konzistentn\u00ed chu\u0165ov\u00fd v\u00fdkon. S <strong data-start=\"1016\" data-end=\"1040\">5% s\u00edla nikotinu<\/strong> a katalogem <strong data-start=\"1060\" data-end=\"1076\">40+ p\u0159\u00edchut\u00ed<\/strong>, Vozol Gear Shisha uspokoj\u00ed jak n\u00e1ro\u010dn\u00e9 u\u017eivatele, tak i chu\u0165ov\u00e9 nad\u0161ence.<\/p>\n<p data-start=\"1155\" data-end=\"1393\">Pro hromadn\u00e9 odb\u011bratele je <strong data-start=\"1176\" data-end=\"1201\">Vozol Gear Shisha 25K<\/strong> v\u00edc ne\u017e jen jednor\u00e1zov\u00e1 vapka \u2013 je to pr\u00e9miov\u00e1 volba s pokro\u010dil\u00fdmi funkcemi, kter\u00e9 pom\u00e1haj\u00ed maloobchodn\u00edk\u016fm vyniknout na p\u0159epln\u011bn\u00e9m trhu a z\u00e1rove\u0148 t\u011b\u017eit z <strong data-start=\"1357\" data-end=\"1390\">konkuren\u010dn\u00ed velkoobchodn\u00ed ceny<\/strong>.<\/p>\n<p data-start=\"666\" data-end=\"1235\"><strong style=\"font-size: 16px;\"><span style=\"color: #ff0000;\">P\u0159idejte si WhatsApp Amy a z\u00edskejte okam\u017eitou odpov\u011b\u010f a zv\u00fdhodn\u011bnou cenu!<\/span><\/strong><\/p>\n<p><img fetchpriority=\"high\" decoding=\"async\" class=\"size-full wp-image-2932\" src=\"https:\/\/vapestornado.com\/wp-content\/uploads\/2024\/12\/Vape-Wholesale.jpg\" alt=\"Velkoobchod s vape\" width=\"229\" height=\"300\" \/><\/p>\n<h3><a href=\"https:\/\/wa.me\/8617776015835\" target=\"_blank\" rel=\"noopener\"><span style=\"color: #ff0000;\"><strong>WhatsApp: +86 17776015835<\/strong><\/span><\/a><\/h3>\n<p>&nbsp;<\/p>\n<h2><strong>Kl\u00ed\u010dov\u00e9 vlastnosti produktu Vozol Gear Shisha 25k Vape<\/strong><\/h2>\n<p>Zna\u010dka: Vozol Vape<br \/>\nModel: Gear Shisha DTL Jednor\u00e1zov\u00fd<br \/>\nNikotin: 5%<br \/>\nKapacita baterie: 1000mAh<br \/>\nRe\u017eimy pot\u00e1hnut\u00ed: Eco Mode (25 000 pot\u00e1hnut\u00ed), Power Mode (18 000 pot\u00e1hnut\u00ed)<br \/>\nSpeci\u00e1ln\u00ed funkce: Audio-Interaktivn\u00ed, Inteligentn\u00ed \u010dip, Du\u00e1ln\u00ed mesh spir\u00e1lky<br \/>\nDisplej: 2,1palcov\u00fd barevn\u00fd displej pro snadn\u00e9 monitorov\u00e1n\u00ed<br \/>\nDesign: UI ve stylu St\u0159edn\u00edho v\u00fdchodu<br \/>\nNastaviteln\u00fd pr\u016ftok vzduchu<br \/>\nP\u0159\u00edchut\u011b: V\u00edce ne\u017e 12 l\u00e1kav\u00fdch mo\u017enost\u00ed, v\u010detn\u011b ovocn\u00fdch a m\u00e1tov\u00fdch<\/p>\n<p>&nbsp;<\/p>\n<figure id=\"attachment_3922\" aria-describedby=\"caption-attachment-3922\" style=\"width: 800px\" class=\"wp-caption alignnone\"><img decoding=\"async\" class=\"wp-image-3922 size-full\" src=\"https:\/\/vapestornado.com\/wp-content\/uploads\/2025\/03\/Vazol-Gear-Shisha-25000-Puff-25k-Wholesale-Price.webp\" alt=\"Vazol Gear Shisha 25000 Puff 25k Velkoobchodn\u00ed cena\" width=\"800\" height=\"800\" srcset=\"https:\/\/vapestornado.com\/wp-content\/uploads\/2025\/03\/Vazol-Gear-Shisha-25000-Puff-25k-Wholesale-Price.webp 800w, https:\/\/vapestornado.com\/wp-content\/uploads\/2025\/03\/Vazol-Gear-Shisha-25000-Puff-25k-Wholesale-Price-300x300.webp 300w, https:\/\/vapestornado.com\/wp-content\/uploads\/2025\/03\/Vazol-Gear-Shisha-25000-Puff-25k-Wholesale-Price-150x150.webp 150w, https:\/\/vapestornado.com\/wp-content\/uploads\/2025\/03\/Vazol-Gear-Shisha-25000-Puff-25k-Wholesale-Price-768x768.webp 768w, https:\/\/vapestornado.com\/wp-content\/uploads\/2025\/03\/Vazol-Gear-Shisha-25000-Puff-25k-Wholesale-Price-600x600.webp 600w, https:\/\/vapestornado.com\/wp-content\/uploads\/2025\/03\/Vazol-Gear-Shisha-25000-Puff-25k-Wholesale-Price-100x100.webp 100w\" sizes=\"(max-width: 800px) 100vw, 800px\" \/><figcaption id=\"caption-attachment-3922\" class=\"wp-caption-text\">Vazol Gear Shisha 25000 Puff 25k Velkoobchodn\u00ed cena<\/figcaption><\/figure>\n<h2 class=\"product-title\"><strong>Vozol Gear 25000 Shisha Hookah Vape Seznam p\u0159\u00edchut\u00ed<\/strong><\/h2>\n<article class=\"w-full text-token-text-primary focus-visible:outline-2 focus-visible:outline-offset-[-4px]\" dir=\"auto\" data-testid=\"conversation-turn-32\" data-scroll-anchor=\"false\">\n<div class=\"m-auto text-base py-[18px] px-6\">\n<div class=\"mx-auto flex flex-1 text-base gap-4 md:gap-5 lg:gap-6 md:max-w-3xl lg:max-w-[40rem] xl:max-w-[48rem]\">\n<div class=\"group\/conversation-turn relative flex w-full min-w-0 flex-col @xs\/thread:px-0 @sm\/thread:px-1.5 @md\/thread:px-4\">\n<div class=\"flex-col gap-1 md:gap-3\">\n<div class=\"flex max-w-full flex-col flex-grow\">\n<div class=\"min-h-8 text-message flex w-full flex-col items-end gap-2 whitespace-normal break-words text-start [.text-message+&amp;]:mt-5\" dir=\"auto\" data-message-author-role=\"user\" data-message-id=\"ffac41ca-1db4-431b-873a-32c4052956f1\">\n<div class=\"flex w-full flex-col gap-1 empty:hidden items-end rtl:items-start\">\n<div class=\"relative max-w-[var(--user-chat-width,70%)] rounded-3xl bg-token-message-surface px-5 py-2.5\">\n<div class=\"absolute bottom-0 right-full top-0 -mr-3.5 hidden pr-5 pt-2 [.group\/conversation-turn:hover_&amp;]:flex\">\n<div class=\"flex\">\n<article class=\"w-full text-token-text-primary focus-visible:outline-2 focus-visible:outline-offset-[-4px]\" dir=\"auto\" data-testid=\"conversation-turn-39\" data-scroll-anchor=\"true\">\n<div class=\"m-auto text-base py-[18px] px-6\">\n<div class=\"mx-auto flex flex-1 text-base gap-4 md:gap-5 lg:gap-6 md:max-w-3xl lg:max-w-[40rem] xl:max-w-[48rem]\">\n<div class=\"group\/conversation-turn relative flex w-full min-w-0 flex-col agent-turn @xs\/thread:px-0 @sm\/thread:px-1.5 @md\/thread:px-4\">\n<div class=\"flex-col gap-1 md:gap-3\">\n<div class=\"flex max-w-full flex-col flex-grow\">\n<div class=\"min-h-8 text-message flex w-full flex-col items-end gap-2 whitespace-normal break-words text-start [.text-message+&amp;]:mt-5\" dir=\"auto\" data-message-author-role=\"assistant\" data-message-id=\"55a23854-ec57-48dd-bd4f-6118f43d6241\" data-message-model-slug=\"gpt-4o\">\n<div class=\"flex w-full flex-col gap-1 empty:hidden first:pt-[3px]\">\n<div class=\"markdown prose w-full break-words dark:prose-invert light\">\n<p>1.Dv\u011b jablka<\/p>\n<p>2. Vodn\u00ed meloun led<\/p>\n<p>3.Mango broskev<\/p>\n<p>4.Bor\u016fvka led<\/p>\n<p>5. Blue Razz Ice (Ledov\u00e1 Modr\u00e1 Malina)<\/p>\n<p>6.Hroznov\u00e1 ledov\u00e1<\/p>\n<p>7.Jahoda kiwi<\/p>\n<p>8. Bor\u016fvkov\u00fd Meloun<\/p>\n<p>9.T\u0159e\u0161\u0148ov\u00e1 cola<\/p>\n<p>10.L\u00e1ska 777<\/p>\n<p>11.T\u0159e\u0161e\u0148 led<\/p>\n<p>12. Broskev s ledem<\/p>\n<p>13.Lesn\u00ed plody s ledem<\/p>\n<p>14.Sladk\u00e1 marakuja<\/p>\n<p>15.Mra\u017een\u00e1 jahoda a kiwi<\/p>\n<p>16.Dra\u010d\u00ed ovoce, ban\u00e1n a t\u0159e\u0161n\u011b<\/p>\n<\/div>\n<\/div>\n<\/div>\n<\/div>\n<\/div>\n<\/div>\n<\/div>\n<\/div>\n<\/article>\n<\/div>\n<\/div>\n<\/div>\n<\/div>\n<\/div>\n<\/div>\n<\/div>\n<\/div>\n<\/div>\n<\/div>\n<\/article>\n<h2>Pro\u010d si vybrat Vapestornado pro hromadn\u00fd n\u00e1kup jednor\u00e1zov\u00fdch e-cigaret Vozol Gear Shisha 25k s displejem?<\/h2>\n<div class=\"flex-shrink-0 flex flex-col relative items-end\">\n<div class=\"pt-0\">\n<div class=\"gizmo-bot-avatar flex h-8 w-8 items-center justify-center overflow-hidden rounded-full\">\n<div class=\"relative p-1 rounded-sm flex items-center justify-center bg-token-main-surface-primary text-token-text-primary h-8 w-8\">\n<p data-start=\"88\" data-end=\"557\">Pokud jde o <strong data-start=\"105\" data-end=\"154\">\u00a0n\u00e1kup vysoce kvalitn\u00edch jednor\u00e1zov\u00fdch vap\u016f<\/strong>, <strong data-start=\"156\" data-end=\"172\">Vapestornado<\/strong> je spolehliv\u00fdm zdrojem bezkonkuren\u010dn\u00edch <strong data-start=\"208\" data-end=\"271\">tov\u00e1rn\u00edch cen, rychl\u00e9ho odesl\u00e1n\u00ed a prvot\u0159\u00eddn\u00edho z\u00e1kaznick\u00e9ho servisu<\/strong>. N\u00e1kup Vozol Gear Shisha 25k 25000 <strong data-start=\"284\" data-end=\"322\">Vape<\/strong>\u00a0od Vapestornado znamen\u00e1, \u017ee z\u00edsk\u00e1te <strong data-start=\"363\" data-end=\"400\">autentick\u00e9, 100% origin\u00e1ln\u00ed produkty<\/strong> s nejnov\u011bj\u0161\u00ed <strong data-start=\"417\" data-end=\"515\">technologii digit\u00e1ln\u00edho displeje, dob\u00edjec\u00ed konektor Type-C a obrovskou kapacitu 25000 pot\u00e1hnut\u00ed<\/strong>\u2014v\u0161e za <strong data-start=\"527\" data-end=\"554\">nejni\u017e\u0161\u00ed velkoobchodn\u00ed ceny<\/strong>.<\/p>\n<p data-start=\"559\" data-end=\"933\" data-is-last-node=\"\" data-is-only-node=\"\">M\u00e1me tak\u00e9 n\u011bkolik dal\u0161\u00edch hork\u00fdch prodej\u016f vap\u016f s obrazovkou, jako je <a href=\"https:\/\/vapestornado.com\/cs\/product\/waspe-fihp-30000-puffs-smart-screen-vape-2-5-nicotine-wholesal\/\">WASPE 30K Dvoj\u00ed re\u017eim vapov\u00e1n\u00ed<\/a>, <a href=\"https:\/\/vapestornado.com\/cs\/product\/vopk-ultra-40000-puffs-2-in-1-digital-screen-rechargeable-disposable-vape\/\">Jednor\u00e1zov\u00e1 e-cigareta VOPK 40000 pot\u00e1hnut\u00ed<\/a>, <a href=\"https:\/\/vapestornado.com\/cs\/product\/vapsolo-galaxy-30000-vapers-30k-puff-disposable-vape-e-cigarette-with-smart-screen\/\">Vapsolo Galaxy 30000<\/a>, a dal\u0161\u00ed.<\/p>\n<\/div>\n<div class=\"relative p-1 rounded-sm flex items-center justify-center bg-token-main-surface-primary text-token-text-primary h-8 w-8\">\n<h2>\u010casto kladen\u00e9 dotazy k jednor\u00e1zov\u00fdm e-cigaret\u00e1m<\/h2>\n<ol data-start=\"1162\" data-end=\"2206\">\n<li data-start=\"1162\" data-end=\"1425\">\n<p data-start=\"1165\" data-end=\"1425\"><strong data-start=\"1165\" data-end=\"1221\">Jak poprv\u00e9 pou\u017e\u00edt jednor\u00e1zovou e-cigaretu?<\/strong> Chcete-li pou\u017e\u00edt jednor\u00e1zovou e-cigaretu Vozol Gear Shisha 25K, jednodu\u0161e ji vyjm\u011bte z obalu, ujist\u011bte se, \u017ee je nabit\u00e1, a inhalujte p\u0159es n\u00e1ustek. Za\u0159\u00edzen\u00ed se aktivuje pot\u00e1hnut\u00edm, tak\u017ee nejsou pot\u0159eba \u017e\u00e1dn\u00e1 tla\u010d\u00edtka.<\/p>\n<\/li>\n<li data-start=\"1427\" data-end=\"1706\">\n<p data-start=\"1430\" data-end=\"1706\"><strong data-start=\"1430\" data-end=\"1473\">Jak mohu nab\u00edt jednor\u00e1zovou e-cigaretu?<\/strong> Toto za\u0159\u00edzen\u00ed je vybaveno dob\u00edjec\u00ed bateri\u00ed o kapacit\u011b 1000 mAh. Pou\u017eijte p\u0159ilo\u017een\u00fd nab\u00edjec\u00ed kabel typu C pro p\u0159ipojen\u00ed ke zdroji nap\u00e1jen\u00ed. Barevn\u00fd 2,1palcov\u00fd displej bude zobrazovat stav nab\u00edjen\u00ed, tak\u017ee budete po celou dobu informov\u00e1ni.<\/p>\n<\/li>\n<li data-start=\"1708\" data-end=\"1956\">\n<p data-start=\"1711\" data-end=\"1956\"><strong data-start=\"1711\" data-end=\"1765\">Mohu si jednor\u00e1zovou e-cigaretu nechat v p\u0159\u00edru\u010dn\u00edm zavazadle?<\/strong> Ano, svou jednor\u00e1zovou e-cigaretu m\u016f\u017eete m\u00edt v p\u0159\u00edru\u010dn\u00edm zavazadle p\u0159i cestov\u00e1n\u00ed letadlem. P\u0159ed cestou si v\u0161ak v\u017edy ov\u011b\u0159te p\u0159edpisy leteck\u00fdch spole\u010dnost\u00ed a m\u00edstn\u00ed z\u00e1kony t\u00fdkaj\u00edc\u00ed se e-cigaret.<\/p>\n<\/li>\n<li data-start=\"1958\" data-end=\"2206\">\n<p data-start=\"1961\" data-end=\"2206\"><strong data-start=\"1961\" data-end=\"1997\">Jak pozn\u00e1te, \u017ee je e-cigareta pr\u00e1zdn\u00e1?<\/strong> Vozol Gear Shisha 25K je vybaven barevn\u00fdm 2,1palcov\u00fdm displejem, kter\u00fd zobrazuje hladinu e-liquidu. Kdy\u017e je e-liquid na n\u00edzk\u00e9 \u00farovni nebo je vy\u010derp\u00e1n, displej v\u00e1s na to upozorn\u00ed, co\u017e znamen\u00e1, \u017ee je \u010das na v\u00fdm\u011bnu nebo dopln\u011bn\u00ed.<\/p>\n<\/li>\n<\/ol>\n<\/div>\n<\/div>\n<\/div>\n<\/div>","protected":false},"excerpt":{"rendered":"<p>Ten <strong data-start=\"1437\" data-end=\"1462\">Vozol Gear Shisha 25K<\/strong> poskytuje a\u017e 25 tis\u00edc pot\u00e1hnut\u00ed, du\u00e1ln\u00ed re\u017eimy a 2,1\u201d barevn\u00fd displej. Pr\u00e9miov\u00e1 jednor\u00e1zov\u00e1 vapka DTL ide\u00e1ln\u00ed pro <strong data-start=\"1566\" data-end=\"1601\">velkoobchodn\u00ed hromadn\u00e9 objedn\u00e1vky v Evrop\u011b<\/strong>.<\/p>\n<p><strong>P\u0159idejte si Amy na Whatsapp, abyste z\u00edskali spr\u00e1vnou odpov\u011b\u010f a slevu!<\/strong><\/p>\n<p><img fetchpriority=\"high\" decoding=\"async\" class=\"size-full wp-image-2932\" src=\"https:\/\/vapestornado.com\/wp-content\/uploads\/2024\/12\/Vape-Wholesale.jpg\" alt=\"Velkoobchod s vape\" width=\"229\" height=\"300\" \/><\/p>\n<h3><a href=\"https:\/\/wa.me\/8617776015835\"><span style=\"color: #ff0000;\"><strong>WhatsApp: +86 17776015835<\/strong><\/span><\/a><\/h3>\n<p>&nbsp;<\/p>","protected":false},"featured_media":3921,"comment_status":"open","ping_status":"closed","template":"","meta":{"_acf_changed":false,"_uag_custom_page_level_css":"","_lmt_disableupdate":"no","_lmt_disable":"","_monsterinsights_skip_tracking":false,"_monsterinsights_sitenote_active":false,"_monsterinsights_sitenote_note":"","_monsterinsights_sitenote_category":0,"site-sidebar-layout":"default","site-content-layout":"","ast-site-content-layout":"default","site-content-style":"default","site-sidebar-style":"default","ast-global-header-display":"","ast-banner-title-visibility":"","ast-main-header-display":"","ast-hfb-above-header-display":"","ast-hfb-below-header-display":"","ast-hfb-mobile-header-display":"","site-post-title":"","ast-breadcrumbs-content":"","ast-featured-img":"","footer-sml-layout":"","ast-disable-related-posts":"","theme-transparent-header-meta":"default","adv-header-id-meta":"","stick-header-meta":"","header-above-stick-meta":"","header-main-stick-meta":"","header-below-stick-meta":"","astra-migrate-meta-layouts":"set","ast-page-background-enabled":"default","ast-page-background-meta":{"desktop":{"background-color":"","background-image":"","background-repeat":"repeat","background-position":"center center","background-size":"auto","background-attachment":"scroll","background-type":"","background-media":"","overlay-type":"","overlay-color":"","overlay-opacity":"","overlay-gradient":""},"tablet":{"background-color":"","background-image":"","background-repeat":"repeat","background-position":"center center","background-size":"auto","background-attachment":"scroll","background-type":"","background-media":"","overlay-type":"","overlay-color":"","overlay-opacity":"","overlay-gradient":""},"mobile":{"background-color":"","background-image":"","background-repeat":"repeat","background-position":"center center","background-size":"auto","background-attachment":"scroll","background-type":"","background-media":"","overlay-type":"","overlay-color":"","overlay-opacity":"","overlay-gradient":""}},"ast-content-background-meta":{"desktop":{"background-color":"var(--ast-global-color-5)","background-image":"","background-repeat":"repeat","background-position":"center center","background-size":"auto","background-attachment":"scroll","background-type":"","background-media":"","overlay-type":"","overlay-color":"","overlay-opacity":"","overlay-gradient":""},"tablet":{"background-color":"var(--ast-global-color-5)","background-image":"","background-repeat":"repeat","background-position":"center center","background-size":"auto","background-attachment":"scroll","background-type":"","background-media":"","overlay-type":"","overlay-color":"","overlay-opacity":"","overlay-gradient":""},"mobile":{"background-color":"var(--ast-global-color-5)","background-image":"","background-repeat":"repeat","background-position":"center center","background-size":"auto","background-attachment":"scroll","background-type":"","background-media":"","overlay-type":"","overlay-color":"","overlay-opacity":"","overlay-gradient":""}},"_joinchat":{"telephone":"17776015835"}},"product_brand":[],"product_cat":[19,68,160,142,147,57],"product_tag":[271,94,93,269,272,270],"class_list":{"0":"post-3928","1":"product","2":"type-product","3":"status-publish","4":"has-post-thumbnail","6":"product_cat-vapes","7":"product_cat-25000-puff","8":"product_cat-buy-disposable-vapes-in-switzerland","9":"product_cat-digital-box-disposable-vapes","10":"product_cat-shisha-hookah-disposable-vapes","11":"product_cat-vozol-vape","12":"product_tag-best-dtl-disposable-vape","13":"product_tag-rechargeable-disposable-vape","14":"product_tag-vape-wholesale","15":"product_tag-vape-with-screen","16":"product_tag-vozol-gear-shisha-25000","17":"product_tag-vozol-gear-shisha-25k","18":"desktop-align-left","19":"tablet-align-left","20":"mobile-align-left","22":"first","23":"instock","24":"sale","25":"shipping-taxable","26":"purchasable","27":"product-type-simple"},"acf":[],"uagb_featured_image_src":{"full":["https:\/\/vapestornado.com\/wp-content\/uploads\/2025\/03\/Vazol-Gear-Shisha-25000-Puff-25k-Cheap-Price.webp",800,800,false],"thumbnail":["https:\/\/vapestornado.com\/wp-content\/uploads\/2025\/03\/Vazol-Gear-Shisha-25000-Puff-25k-Cheap-Price-150x150.webp",150,150,true],"medium":["https:\/\/vapestornado.com\/wp-content\/uploads\/2025\/03\/Vazol-Gear-Shisha-25000-Puff-25k-Cheap-Price-300x300.webp",300,300,true],"medium_large":["https:\/\/vapestornado.com\/wp-content\/uploads\/2025\/03\/Vazol-Gear-Shisha-25000-Puff-25k-Cheap-Price-768x768.webp",768,768,true],"large":["https:\/\/vapestornado.com\/wp-content\/uploads\/2025\/03\/Vazol-Gear-Shisha-25000-Puff-25k-Cheap-Price.webp",800,800,false],"1536x1536":["https:\/\/vapestornado.com\/wp-content\/uploads\/2025\/03\/Vazol-Gear-Shisha-25000-Puff-25k-Cheap-Price.webp",800,800,false],"2048x2048":["https:\/\/vapestornado.com\/wp-content\/uploads\/2025\/03\/Vazol-Gear-Shisha-25000-Puff-25k-Cheap-Price.webp",800,800,false],"trp-custom-language-flag":["https:\/\/vapestornado.com\/wp-content\/uploads\/2025\/03\/Vazol-Gear-Shisha-25000-Puff-25k-Cheap-Price.webp",12,12,false],"woocommerce_thumbnail":["https:\/\/vapestornado.com\/wp-content\/uploads\/2025\/03\/Vazol-Gear-Shisha-25000-Puff-25k-Cheap-Price-300x300.webp",300,300,true],"woocommerce_single":["https:\/\/vapestornado.com\/wp-content\/uploads\/2025\/03\/Vazol-Gear-Shisha-25000-Puff-25k-Cheap-Price-600x600.webp",600,600,true],"woocommerce_gallery_thumbnail":["https:\/\/vapestornado.com\/wp-content\/uploads\/2025\/03\/Vazol-Gear-Shisha-25000-Puff-25k-Cheap-Price-100x100.webp",100,100,true]},"uagb_author_info":{"display_name":"ESAMY","author_link":"https:\/\/vapestornado.com\/cs\/author\/"},"uagb_comment_info":0,"uagb_excerpt":"The Vozol Gear Shisha 25K delivers up to 25K puffs, dual modes, and a 2.1\u201d color screen. A premium DTL disposable vape ideal for wholesale bulk orders in Europe. Add Amy's whatsapp to get right reply and discount price! WhatsApp: +86 17776015835 &nbsp;","_links":{"self":[{"href":"https:\/\/vapestornado.com\/cs\/wp-json\/wp\/v2\/product\/3928","targetHints":{"allow":["GET"]}}],"collection":[{"href":"https:\/\/vapestornado.com\/cs\/wp-json\/wp\/v2\/product"}],"about":[{"href":"https:\/\/vapestornado.com\/cs\/wp-json\/wp\/v2\/types\/product"}],"replies":[{"embeddable":true,"href":"https:\/\/vapestornado.com\/cs\/wp-json\/wp\/v2\/comments?post=3928"}],"wp:featuredmedia":[{"embeddable":true,"href":"https:\/\/vapestornado.com\/cs\/wp-json\/wp\/v2\/media\/3921"}],"wp:attachment":[{"href":"https:\/\/vapestornado.com\/cs\/wp-json\/wp\/v2\/media?parent=3928"}],"wp:term":[{"taxonomy":"product_brand","embeddable":true,"href":"https:\/\/vapestornado.com\/cs\/wp-json\/wp\/v2\/product_brand?post=3928"},{"taxonomy":"product_cat","embeddable":true,"href":"https:\/\/vapestornado.com\/cs\/wp-json\/wp\/v2\/product_cat?post=3928"},{"taxonomy":"product_tag","embeddable":true,"href":"https:\/\/vapestornado.com\/cs\/wp-json\/wp\/v2\/product_tag?post=3928"}],"curies":[{"name":"wp","href":"https:\/\/api.w.org\/{rel}","templated":true}]}}