{"id":3898,"date":"2025-03-19T07:31:04","date_gmt":"2025-03-19T07:31:04","guid":{"rendered":"https:\/\/vapestornado.com\/?post_type=product&#038;p=3898"},"modified":"2025-08-23T11:44:33","modified_gmt":"2025-08-23T11:44:33","slug":"zooy-zero-45000-45k-puff-touch-screen-disposable-vape-wholesale","status":"publish","type":"product","link":"https:\/\/vapestornado.com\/cs\/product\/zooy-zero-45000-45k-puff-touch-screen-disposable-vape-wholesale\/","title":{"rendered":"Velkoobchodn\u00ed prodej jednor\u00e1zov\u00fdch e-cigaret ZOOY Zero 45000 45K Puff s dotykovou obrazovkou"},"content":{"rendered":"<h1 data-pm-slice=\"1 1 []\">Velkoobchodn\u00ed prodej jednor\u00e1zov\u00fdch e-cigaret ZOOY Zero 45000 45K Puff s dotykovou obrazovkou<\/h1>\n<p data-start=\"184\" data-end=\"550\">Ten <strong data-start=\"188\" data-end=\"242\">ZOOY Zero 45000 Puffs jednor\u00e1zov\u00fd vape s dotykovou obrazovkou<\/strong> spojuje \u0161pi\u010dkovou technologii a dlouhotrvaj\u00edc\u00ed v\u00fdkon, co\u017e z n\u011bj \u010din\u00ed silnou volbu pro <strong data-start=\"343\" data-end=\"383\">velkoobchodn\u00ed distributory a maloobchodn\u00edky<\/strong>. S p\u016fsobivou <strong data-start=\"404\" data-end=\"428\">kapacitou 45 000 pot\u00e1hnut\u00ed<\/strong> a velk\u00fdm <strong data-start=\"441\" data-end=\"468\">35ml z\u00e1sobn\u00edkem e-liquidu<\/strong>poskytuje v\u00fdjime\u010dnou hodnotu pro z\u00e1kazn\u00edky, kte\u0159\u00ed hledaj\u00ed v\u00fddr\u017e a spolehlivost.<\/p>\n<p data-start=\"552\" data-end=\"880\">Vestav\u011bn\u00fd <strong data-start=\"563\" data-end=\"585\">Chytr\u00e1 dotykov\u00e1 obrazovka<\/strong> odli\u0161uje toto za\u0159\u00edzen\u00ed a poskytuje u\u017eivatel\u016fm v re\u00e1ln\u00e9m \u010dase p\u0159ehled o po\u010dtu pot\u00e1hnut\u00ed, stavu baterie a zb\u00fdvaj\u00edc\u00edm e-liquidu. Poh\u00e1n\u011bno odolnou <strong data-start=\"719\" data-end=\"743\">dob\u00edjec\u00ed baterie<\/strong> s <strong data-start=\"749\" data-end=\"773\">Rychl\u00e9 nab\u00edjen\u00ed Type-C<\/strong>, ZOOY Zero minimalizuje prostoje a zaji\u0161\u0165uje konzistentn\u00ed z\u00e1\u017eitek pro siln\u00e9 i p\u0159\u00edle\u017eitostn\u00e9 vapery.<\/p>\n<p data-start=\"882\" data-end=\"1248\">S <strong data-start=\"887\" data-end=\"930\">Mo\u017enosti nikotinov\u00e9 soli 2%, 3% a 5%<\/strong>, ZOOY Zero se p\u0159izp\u016fsobuje r\u016fzn\u00fdm preferenc\u00edm. The <strong data-start=\"983\" data-end=\"1012\">nastaviteln\u00fd syst\u00e9m proud\u011bn\u00ed vzduchu<\/strong> umo\u017e\u0148uje u\u017eivatel\u016fm p\u0159ep\u00ednat mezi hladk\u00fdmi tahy a hust\u00fdmi oblaky, co\u017e vyhovuje styl\u016fm vapingu MTL i DTL. Stylov\u00fd, kompaktn\u00ed a p\u0159enosn\u00fd, kombinuje prakti\u010dnost s pr\u00e9miovou estetikou \u2013 ide\u00e1ln\u00ed pro obchody zam\u011b\u0159en\u00e9 na evropsk\u00fd trh.<\/p>\n<p data-start=\"1250\" data-end=\"1445\">Pro velkoobchodn\u00edky <strong data-start=\"1271\" data-end=\"1306\">ZOOY Zero 45K Dotykov\u00e1 obrazovka Vape<\/strong> nab\u00edz\u00ed p\u0159esv\u011bd\u010divou kombinaci <strong data-start=\"1334\" data-end=\"1392\">inovace, cenov\u011b v\u00fdhodn\u00e9 hromadn\u00e9 ceny a spot\u0159ebitelsk\u00e9 p\u0159ita\u017elivosti<\/strong>, co\u017e z n\u011bj \u010din\u00ed ziskov\u00fd dopln\u011bk jak\u00e9hokoli invent\u00e1\u0159e.<\/p>\n<p data-start=\"666\" data-end=\"1235\"><strong style=\"font-size: 16px;\"><span style=\"color: #ff0000;\">P\u0159idejte si WhatsApp Amy a z\u00edskejte okam\u017eitou odpov\u011b\u010f a zv\u00fdhodn\u011bnou cenu!<\/span><\/strong><\/p>\n<p><img fetchpriority=\"high\" decoding=\"async\" class=\"size-full wp-image-2932\" src=\"https:\/\/vapestornado.com\/wp-content\/uploads\/2024\/12\/Vape-Wholesale.jpg\" alt=\"Velkoobchod s vape\" width=\"229\" height=\"300\" \/><\/p>\n<h3><a href=\"https:\/\/wa.me\/8617776015835\" target=\"_blank\" rel=\"noopener\"><span style=\"color: #ff0000;\"><strong>WhatsApp: +86 17776015835<\/strong><\/span><\/a><\/h3>\n<p>&nbsp;<\/p>\n<h2><strong>ZOOY Zero 45000 Puffs Crystal Vape Kl\u00ed\u010dov\u00e9 vlastnosti produktu<\/strong><\/h2>\n<p>Zna\u010dka: ZOOY Vape<br \/>\nKapacita potah\u016f: A\u017e 45000 potah\u016f<br \/>\nE-Liquid: 35ml<br \/>\nS\u00edla nikotinu: 0%, 2%, 3%, 5%<br \/>\nBaterie: 1000mAh dob\u00edjec\u00ed baterie<br \/>\nNab\u00edjen\u00ed: Rychl\u00e9 nab\u00edjen\u00ed typu C<br \/>\nTyp spir\u00e1lky: Dvojit\u00e1 mesh spir\u00e1lka pro zv\u00fd\u0161enou produkci p\u00e1ry a chuti<br \/>\nDisplej: Digit\u00e1ln\u00ed displej pro stav baterie a hladinu e-liquidu<\/p>\n<h2 class=\"product-title\"><strong>ZOOY Zero 45k Puff Box Vape Seznam p\u0159\u00edchut\u00ed<\/strong><\/h2>\n<article class=\"w-full text-token-text-primary focus-visible:outline-2 focus-visible:outline-offset-[-4px]\" dir=\"auto\" data-testid=\"conversation-turn-32\" data-scroll-anchor=\"false\">\n<div class=\"m-auto text-base py-[18px] px-6\">\n<div class=\"mx-auto flex flex-1 text-base gap-4 md:gap-5 lg:gap-6 md:max-w-3xl lg:max-w-[40rem] xl:max-w-[48rem]\">\n<div class=\"group\/conversation-turn relative flex w-full min-w-0 flex-col @xs\/thread:px-0 @sm\/thread:px-1.5 @md\/thread:px-4\">\n<div class=\"flex-col gap-1 md:gap-3\">\n<div class=\"flex max-w-full flex-col flex-grow\">\n<div class=\"min-h-8 text-message flex w-full flex-col items-end gap-2 whitespace-normal break-words text-start [.text-message+&amp;]:mt-5\" dir=\"auto\" data-message-author-role=\"user\" data-message-id=\"ffac41ca-1db4-431b-873a-32c4052956f1\">\n<div class=\"flex w-full flex-col gap-1 empty:hidden items-end rtl:items-start\">\n<div class=\"relative max-w-[var(--user-chat-width,70%)] rounded-3xl bg-token-message-surface px-5 py-2.5\">\n<div class=\"absolute bottom-0 right-full top-0 -mr-3.5 hidden pr-5 pt-2 [.group\/conversation-turn:hover_&amp;]:flex\">\n<div class=\"flex\">\n<article class=\"w-full text-token-text-primary focus-visible:outline-2 focus-visible:outline-offset-[-4px]\" dir=\"auto\" data-testid=\"conversation-turn-39\" data-scroll-anchor=\"true\">\n<div class=\"m-auto text-base py-[18px] px-6\">\n<div class=\"mx-auto flex flex-1 text-base gap-4 md:gap-5 lg:gap-6 md:max-w-3xl lg:max-w-[40rem] xl:max-w-[48rem]\">\n<div class=\"group\/conversation-turn relative flex w-full min-w-0 flex-col agent-turn @xs\/thread:px-0 @sm\/thread:px-1.5 @md\/thread:px-4\">\n<div class=\"flex-col gap-1 md:gap-3\">\n<div class=\"flex max-w-full flex-col flex-grow\">\n<div class=\"min-h-8 text-message flex w-full flex-col items-end gap-2 whitespace-normal break-words text-start [.text-message+&amp;]:mt-5\" dir=\"auto\" data-message-author-role=\"assistant\" data-message-id=\"55a23854-ec57-48dd-bd4f-6118f43d6241\" data-message-model-slug=\"gpt-4o\">\n<div class=\"flex w-full flex-col gap-1 empty:hidden first:pt-[3px]\">\n<div class=\"markdown prose w-full break-words dark:prose-invert light\">\n<p>1.Vodn\u00ed meloun s ledem<br \/>\n2.Bor\u016fvka led <strong><span style=\"color: #ff0000;\">&gt;&gt;&gt;&gt; \u017dhav\u00e9!<\/span><\/strong><br \/>\n3. Jahoda vodn\u00ed meloun<br \/>\n4.Citronov\u00e1 cola<br \/>\n5.Jahoda Kiwi <strong><span style=\"color: #ff0000;\">&gt;&gt;&gt;&gt; \u017dhav\u00e9!<\/span><\/strong><br \/>\n6.Hroznov\u00e9 jablko<br \/>\n7.Jahodov\u00fd pomeran\u010dov\u00fd pop<br \/>\n8.Modr\u00fd Razz Led <strong><span style=\"color: #ff0000;\">&gt;&gt;&gt;&gt; \u017dhav\u00e9!<\/span><\/strong><br \/>\n9.Bor\u016fvka meloun <strong><span style=\"color: #ff0000;\">&gt;&gt;&gt;&gt; Nejlep\u0161\u00ed!<\/span><\/strong><br \/>\n10.Mango Mu\u010denka Guava<\/p>\n<figure id=\"attachment_3895\" aria-describedby=\"caption-attachment-3895\" style=\"width: 800px\" class=\"wp-caption alignnone\"><img decoding=\"async\" class=\"wp-image-3895 size-full\" src=\"https:\/\/vapestornado.com\/wp-content\/uploads\/2025\/03\/Zooy-Zero-45000-Puff-Vape-Bulk-Buy.webp\" alt=\"Zooy Zero 45000 pot\u00e1hnut\u00ed Vape hromadn\u00fd n\u00e1kup\" width=\"800\" height=\"800\" srcset=\"https:\/\/vapestornado.com\/wp-content\/uploads\/2025\/03\/Zooy-Zero-45000-Puff-Vape-Bulk-Buy.webp 800w, https:\/\/vapestornado.com\/wp-content\/uploads\/2025\/03\/Zooy-Zero-45000-Puff-Vape-Bulk-Buy-300x300.webp 300w, https:\/\/vapestornado.com\/wp-content\/uploads\/2025\/03\/Zooy-Zero-45000-Puff-Vape-Bulk-Buy-150x150.webp 150w, https:\/\/vapestornado.com\/wp-content\/uploads\/2025\/03\/Zooy-Zero-45000-Puff-Vape-Bulk-Buy-768x768.webp 768w, https:\/\/vapestornado.com\/wp-content\/uploads\/2025\/03\/Zooy-Zero-45000-Puff-Vape-Bulk-Buy-600x600.webp 600w, https:\/\/vapestornado.com\/wp-content\/uploads\/2025\/03\/Zooy-Zero-45000-Puff-Vape-Bulk-Buy-100x100.webp 100w\" sizes=\"(max-width: 800px) 100vw, 800px\" \/><figcaption id=\"caption-attachment-3895\" class=\"wp-caption-text\">Zooy Zero 45000 pot\u00e1hnut\u00ed Vape hromadn\u00fd n\u00e1kup<\/figcaption><\/figure>\n<\/div>\n<\/div>\n<\/div>\n<\/div>\n<\/div>\n<\/div>\n<\/div>\n<\/div>\n<\/article>\n<\/div>\n<\/div>\n<\/div>\n<\/div>\n<\/div>\n<\/div>\n<\/div>\n<\/div>\n<\/div>\n<\/div>\n<\/article>\n<h3>Pro\u010d si vybrat Vapestornado pro hromadn\u00fd n\u00e1kup digit\u00e1ln\u00edho vaporiz\u00e9ru ZOOY Zero 45000 45K pot\u00e1hnut\u00ed?<\/h3>\n<div class=\"flex-shrink-0 flex flex-col relative items-end\">\n<div class=\"pt-0\">\n<div class=\"gizmo-bot-avatar flex h-8 w-8 items-center justify-center overflow-hidden rounded-full\">\n<div class=\"relative p-1 rounded-sm flex items-center justify-center bg-token-main-surface-primary text-token-text-primary h-8 w-8\">\n<p data-start=\"88\" data-end=\"557\">Pokud jde o <strong data-start=\"105\" data-end=\"154\">\u00a0n\u00e1kup vysoce kvalitn\u00edch jednor\u00e1zov\u00fdch vap\u016f<\/strong>, <strong data-start=\"156\" data-end=\"172\">Vapestornado<\/strong> je spolehliv\u00fdm zdrojem bezkonkuren\u010dn\u00edch <strong data-start=\"208\" data-end=\"271\">tov\u00e1rn\u00edch cen, rychl\u00e9ho odesl\u00e1n\u00ed a prvot\u0159\u00eddn\u00edho z\u00e1kaznick\u00e9ho servisu<\/strong>. Koup\u011b <strong data-start=\"284\" data-end=\"322\">Digit\u00e1ln\u00ed vaporiz\u00e9r ZOOY Zero 45000 pot\u00e1hnut\u00ed<\/strong> velkoobchodn\u00ed n\u00e1kup od Vapestornado znamen\u00e1, \u017ee z\u00edsk\u00e1te <strong data-start=\"363\" data-end=\"400\">autentick\u00e9, 100% origin\u00e1ln\u00ed produkty<\/strong> s nejnov\u011bj\u0161\u00ed <strong data-start=\"417\" data-end=\"515\">technologii digit\u00e1ln\u00edho displeje, dob\u00edjec\u00ed pohodl\u00ed Type-C a masivn\u00ed kapacitu 32 000 pot\u00e1hnut\u00ed<\/strong>\u2014v\u0161e za <strong data-start=\"527\" data-end=\"554\">nejni\u017e\u0161\u00ed velkoobchodn\u00ed ceny<\/strong>.<\/p>\n<p data-start=\"559\" data-end=\"933\" data-is-last-node=\"\" data-is-only-node=\"\">S <strong data-start=\"564\" data-end=\"641\">slevy na velkoobjemov\u00e9 objedn\u00e1vky, spolehliv\u00e9 z\u00e1soby a bezprobl\u00e9mov\u00fd proces objedn\u00e1v\u00e1n\u00ed<\/strong>, Vapestornado zaji\u0161\u0165uje, <strong data-start=\"664\" data-end=\"713\">vlastn\u00edci vape obchod\u016f, distributo\u0159i a maloobchodn\u00edci<\/strong> z\u00edskaj\u00ed <strong data-start=\"720\" data-end=\"760\">v\u00fdhodn\u00fd obchod na \u0161pi\u010dkov\u00e9 produkty<\/strong>. Nenechte si uj\u00edt <strong data-start=\"780\" data-end=\"839\">jeden z nej\u017e\u00e1dan\u011bj\u0161\u00edch dob\u00edjec\u00edch jednor\u00e1zov\u00fdch vap\u016f<\/strong>\u2014objednejte si <strong data-start=\"851\" data-end=\"884\">ZOOY Zero 45000 ve velk\u00e9m je\u0161t\u011b dnes<\/strong> a zajist\u011bte, aby se k v\u00e1m z\u00e1kazn\u00edci vraceli pro dal\u0161\u00ed!<\/p>\n<p data-start=\"559\" data-end=\"933\" data-is-last-node=\"\" data-is-only-node=\"\">M\u00e1me tak\u00e9 n\u011bkolik dal\u0161\u00edch hork\u00fdch prodej\u016f vap\u016f s obrazovkou, jako je <a href=\"https:\/\/vapestornado.com\/cs\/product\/waspe-fihp-30000-puffs-smart-screen-vape-2-5-nicotine-wholesal\/\">WASPE 30K Dvoj\u00ed re\u017eim vapov\u00e1n\u00ed<\/a>, <a href=\"https:\/\/vapestornado.com\/cs\/product\/vopk-ultra-40000-puffs-2-in-1-digital-screen-rechargeable-disposable-vape\/\">Jednor\u00e1zov\u00e1 e-cigareta VOPK 40000 pot\u00e1hnut\u00ed<\/a>, <a href=\"https:\/\/vapestornado.com\/cs\/product\/vapsolo-galaxy-30000-vapers-30k-puff-disposable-vape-e-cigarette-with-smart-screen\/\">Vapsolo Galaxy 30000<\/a>, a dal\u0161\u00ed.<\/p>\n<\/div>\n<div class=\"relative p-1 rounded-sm flex items-center justify-center bg-token-main-surface-primary text-token-text-primary h-8 w-8\">\n<h3>Nej\u010dast\u011bj\u0161\u00ed dotazy k jednor\u00e1zov\u00e9mu vaperu Bang Leader 50k Puffs<\/h3>\n<p data-start=\"1367\" data-end=\"1549\"><strong data-start=\"1367\" data-end=\"1413\">1. Jak dlouho vydr\u017e\u00ed ZOOY Zero 45000?<\/strong><br data-start=\"1413\" data-end=\"1416\" \/>S <strong data-start=\"1423\" data-end=\"1446\">kapacita 45000 potah\u016f<\/strong> a <strong data-start=\"1451\" data-end=\"1471\">35 ml e-liquidu<\/strong>, tento vape je vyroben tak, aby vydr\u017eel podstatn\u011b d\u00e9le ne\u017e standardn\u00ed jednor\u00e1zov\u00e9 vapy.<\/p>\n<p data-start=\"1551\" data-end=\"1775\"><strong data-start=\"1551\" data-end=\"1602\">2. \u010c\u00edm je inteligentn\u00ed displej speci\u00e1ln\u00ed?<\/strong><br data-start=\"1602\" data-end=\"1605\" \/>Ten <strong data-start=\"1609\" data-end=\"1633\">dotykov\u00fd displej<\/strong> poskytuje aktu\u00e1ln\u00ed informace o <strong data-start=\"1664\" data-end=\"1715\">stav baterie, po\u010det pot\u00e1hnut\u00ed a hladinu e-liquidu<\/strong>, co\u017e v\u00e1m d\u00e1v\u00e1 naprostou kontrolu nad va\u0161\u00edm z\u00e1\u017eitkem z vapov\u00e1n\u00ed.<\/p>\n<p data-start=\"1777\" data-end=\"1934\"><strong data-start=\"1777\" data-end=\"1820\">3. Lze ZOOY Zero 45000 dob\u00edjet?<\/strong><br data-start=\"1820\" data-end=\"1823\" \/>Ano! Je vybaven <strong data-start=\"1842\" data-end=\"1873\">rychl\u00e9 nab\u00edjen\u00ed typu-C<\/strong>, co\u017e v\u00e1m umo\u017en\u00ed rychle dob\u00edt a prodlou\u017eit jeho \u017eivotnost.<\/p>\n<p data-start=\"1936\" data-end=\"2093\"><strong data-start=\"1936\" data-end=\"1978\">4. Jak\u00e9 jsou dostupn\u00e9 \u00farovn\u011b nikotinu?<\/strong><br data-start=\"1978\" data-end=\"1981\" \/>Toto za\u0159\u00edzen\u00ed se dod\u00e1v\u00e1 v <strong data-start=\"2002\" data-end=\"2039\">s\u00edla nikotinov\u00e9 soli 2%, 3% a 5%<\/strong>, co\u017e zaji\u0161\u0165uje mo\u017enosti pro r\u016fzn\u00e9 preference vapov\u00e1n\u00ed.<\/p>\n<p data-start=\"2095\" data-end=\"2317\"><strong data-start=\"2095\" data-end=\"2158\">5. Kde mohu koupit ZOOY Zero 45000 za velkoobchodn\u00ed ceny?<\/strong><br data-start=\"2158\" data-end=\"2161\" \/>Pro <strong data-start=\"2165\" data-end=\"2202\">hromadn\u00e9 objedn\u00e1vky a velkoobchodn\u00ed ceny<\/strong>, nav\u0161tivte <strong data-start=\"2210\" data-end=\"2243\">internetov\u00fd obchod s vapovac\u00edmi sadami Vapestornado v \u010cesk\u00e9 republice<\/strong>, v\u00e1\u0161 d\u016fv\u011bryhodn\u00fd zdroj pro <strong data-start=\"2269\" data-end=\"2314\">cenov\u011b dostupn\u00e9, vysoce kvalitn\u00ed jednor\u00e1zov\u00e9 e-cigarety<\/strong>.<\/p>\n<\/div>\n<\/div>\n<\/div>\n<\/div>","protected":false},"excerpt":{"rendered":"<p>Ten <strong data-start=\"1489\" data-end=\"1513\">ZOOY Zero 45000 Vaporiz\u00e9r<\/strong> poskytuje obrovskou kapacitu pot\u00e1hnut\u00ed, chytrou dotykovou obrazovku a nab\u00edjec\u00ed v\u00fdkon typu C. Pr\u00e9miov\u00e9 jednor\u00e1zov\u00e9 za\u0159\u00edzen\u00ed vyroben\u00e9 pro <strong data-start=\"1628\" data-end=\"1663\">velkoobchodn\u00ed odb\u011bratele v Evrop\u011b<\/strong>.<\/p>\n<p><strong>P\u0159idejte si Amy na Whatsapp, abyste z\u00edskali spr\u00e1vnou odpov\u011b\u010f a slevu!<\/strong><\/p>\n<p><img fetchpriority=\"high\" decoding=\"async\" class=\"size-full wp-image-2932\" src=\"https:\/\/vapestornado.com\/wp-content\/uploads\/2024\/12\/Vape-Wholesale.jpg\" alt=\"Velkoobchod s vape\" width=\"229\" height=\"300\" \/><\/p>\n<h3><a href=\"https:\/\/wa.me\/8617776015835\"><span style=\"color: #ff0000;\"><strong>WhatsApp: +86 17776015835<\/strong><\/span><\/a><\/h3>\n<p>&nbsp;<\/p>","protected":false},"featured_media":3897,"comment_status":"open","ping_status":"closed","template":"","meta":{"_acf_changed":false,"_uag_custom_page_level_css":"","_lmt_disableupdate":"no","_lmt_disable":"","_monsterinsights_skip_tracking":false,"_monsterinsights_sitenote_active":false,"_monsterinsights_sitenote_note":"","_monsterinsights_sitenote_category":0,"site-sidebar-layout":"default","site-content-layout":"","ast-site-content-layout":"default","site-content-style":"default","site-sidebar-style":"default","ast-global-header-display":"","ast-banner-title-visibility":"","ast-main-header-display":"","ast-hfb-above-header-display":"","ast-hfb-below-header-display":"","ast-hfb-mobile-header-display":"","site-post-title":"","ast-breadcrumbs-content":"","ast-featured-img":"","footer-sml-layout":"","ast-disable-related-posts":"","theme-transparent-header-meta":"default","adv-header-id-meta":"","stick-header-meta":"","header-above-stick-meta":"","header-main-stick-meta":"","header-below-stick-meta":"","astra-migrate-meta-layouts":"set","ast-page-background-enabled":"default","ast-page-background-meta":{"desktop":{"background-color":"","background-image":"","background-repeat":"repeat","background-position":"center center","background-size":"auto","background-attachment":"scroll","background-type":"","background-media":"","overlay-type":"","overlay-color":"","overlay-opacity":"","overlay-gradient":""},"tablet":{"background-color":"","background-image":"","background-repeat":"repeat","background-position":"center center","background-size":"auto","background-attachment":"scroll","background-type":"","background-media":"","overlay-type":"","overlay-color":"","overlay-opacity":"","overlay-gradient":""},"mobile":{"background-color":"","background-image":"","background-repeat":"repeat","background-position":"center center","background-size":"auto","background-attachment":"scroll","background-type":"","background-media":"","overlay-type":"","overlay-color":"","overlay-opacity":"","overlay-gradient":""}},"ast-content-background-meta":{"desktop":{"background-color":"var(--ast-global-color-5)","background-image":"","background-repeat":"repeat","background-position":"center center","background-size":"auto","background-attachment":"scroll","background-type":"","background-media":"","overlay-type":"","overlay-color":"","overlay-opacity":"","overlay-gradient":""},"tablet":{"background-color":"var(--ast-global-color-5)","background-image":"","background-repeat":"repeat","background-position":"center center","background-size":"auto","background-attachment":"scroll","background-type":"","background-media":"","overlay-type":"","overlay-color":"","overlay-opacity":"","overlay-gradient":""},"mobile":{"background-color":"var(--ast-global-color-5)","background-image":"","background-repeat":"repeat","background-position":"center center","background-size":"auto","background-attachment":"scroll","background-type":"","background-media":"","overlay-type":"","overlay-color":"","overlay-opacity":"","overlay-gradient":""}},"_joinchat":{"telephone":"17776015835"}},"product_brand":[],"product_cat":[265,154,155,142,283],"product_tag":[94,268,267,93,269,266],"class_list":{"0":"post-3898","1":"product","2":"type-product","3":"status-publish","4":"has-post-thumbnail","6":"product_cat-45000-puff","7":"product_cat-buy-disposable-vapes-in-netherlands","8":"product_cat-buy-disposable-vapes-in-norway","9":"product_cat-digital-box-disposable-vapes","10":"product_cat-zooy-vape","11":"product_tag-rechargeable-disposable-vape","12":"product_tag-touch-screen-vape","13":"product_tag-vape-from-eu-warehouse","14":"product_tag-vape-wholesale","15":"product_tag-vape-with-screen","16":"product_tag-zooy-zero-45k","17":"desktop-align-left","18":"tablet-align-left","19":"mobile-align-left","21":"first","22":"instock","23":"sale","24":"shipping-taxable","25":"purchasable","26":"product-type-simple"},"acf":[],"uagb_featured_image_src":{"full":["https:\/\/vapestornado.com\/wp-content\/uploads\/2025\/03\/ZOOY-ZERO-45000-Puffs-Wholesale-Good-Price.webp",800,800,false],"thumbnail":["https:\/\/vapestornado.com\/wp-content\/uploads\/2025\/03\/ZOOY-ZERO-45000-Puffs-Wholesale-Good-Price-150x150.webp",150,150,true],"medium":["https:\/\/vapestornado.com\/wp-content\/uploads\/2025\/03\/ZOOY-ZERO-45000-Puffs-Wholesale-Good-Price-300x300.webp",300,300,true],"medium_large":["https:\/\/vapestornado.com\/wp-content\/uploads\/2025\/03\/ZOOY-ZERO-45000-Puffs-Wholesale-Good-Price-768x768.webp",768,768,true],"large":["https:\/\/vapestornado.com\/wp-content\/uploads\/2025\/03\/ZOOY-ZERO-45000-Puffs-Wholesale-Good-Price.webp",800,800,false],"1536x1536":["https:\/\/vapestornado.com\/wp-content\/uploads\/2025\/03\/ZOOY-ZERO-45000-Puffs-Wholesale-Good-Price.webp",800,800,false],"2048x2048":["https:\/\/vapestornado.com\/wp-content\/uploads\/2025\/03\/ZOOY-ZERO-45000-Puffs-Wholesale-Good-Price.webp",800,800,false],"trp-custom-language-flag":["https:\/\/vapestornado.com\/wp-content\/uploads\/2025\/03\/ZOOY-ZERO-45000-Puffs-Wholesale-Good-Price.webp",12,12,false],"woocommerce_thumbnail":["https:\/\/vapestornado.com\/wp-content\/uploads\/2025\/03\/ZOOY-ZERO-45000-Puffs-Wholesale-Good-Price-300x300.webp",300,300,true],"woocommerce_single":["https:\/\/vapestornado.com\/wp-content\/uploads\/2025\/03\/ZOOY-ZERO-45000-Puffs-Wholesale-Good-Price-600x600.webp",600,600,true],"woocommerce_gallery_thumbnail":["https:\/\/vapestornado.com\/wp-content\/uploads\/2025\/03\/ZOOY-ZERO-45000-Puffs-Wholesale-Good-Price-100x100.webp",100,100,true]},"uagb_author_info":{"display_name":"ESAMY","author_link":"https:\/\/vapestornado.com\/cs\/author\/"},"uagb_comment_info":0,"uagb_excerpt":"The ZOOY Zero 45000 Vape delivers massive puff capacity, smart touch screen, and Type-C rechargeable power. A premium disposable built for bulk wholesale buyers in Europe. Add Amy's whatsapp to get right reply and discount price! WhatsApp: +86 17776015835 &nbsp;","_links":{"self":[{"href":"https:\/\/vapestornado.com\/cs\/wp-json\/wp\/v2\/product\/3898","targetHints":{"allow":["GET"]}}],"collection":[{"href":"https:\/\/vapestornado.com\/cs\/wp-json\/wp\/v2\/product"}],"about":[{"href":"https:\/\/vapestornado.com\/cs\/wp-json\/wp\/v2\/types\/product"}],"replies":[{"embeddable":true,"href":"https:\/\/vapestornado.com\/cs\/wp-json\/wp\/v2\/comments?post=3898"}],"wp:featuredmedia":[{"embeddable":true,"href":"https:\/\/vapestornado.com\/cs\/wp-json\/wp\/v2\/media\/3897"}],"wp:attachment":[{"href":"https:\/\/vapestornado.com\/cs\/wp-json\/wp\/v2\/media?parent=3898"}],"wp:term":[{"taxonomy":"product_brand","embeddable":true,"href":"https:\/\/vapestornado.com\/cs\/wp-json\/wp\/v2\/product_brand?post=3898"},{"taxonomy":"product_cat","embeddable":true,"href":"https:\/\/vapestornado.com\/cs\/wp-json\/wp\/v2\/product_cat?post=3898"},{"taxonomy":"product_tag","embeddable":true,"href":"https:\/\/vapestornado.com\/cs\/wp-json\/wp\/v2\/product_tag?post=3898"}],"curies":[{"name":"wp","href":"https:\/\/api.w.org\/{rel}","templated":true}]}}