{"id":3891,"date":"2025-03-19T03:04:03","date_gmt":"2025-03-19T03:04:03","guid":{"rendered":"https:\/\/vapestornado.com\/?post_type=product&#038;p=3891"},"modified":"2025-12-09T09:49:19","modified_gmt":"2025-12-09T09:49:19","slug":"bang-leader-50000-puffs-50k-2-in-1-double-flavor-digital-disposable-vape-bulk-price","status":"publish","type":"product","link":"https:\/\/vapestornado.com\/cs\/product\/bang-leader-50000-puffs-50k-2-in-1-double-flavor-digital-disposable-vape-bulk-price\/","title":{"rendered":"Bang Leader 50000 Pot\u00e1hnut\u00ed 50k 2 v 1 Dvojit\u00e1 Chu\u0165 Digit\u00e1ln\u00ed Jednor\u00e1zov\u00e1 Vape Velkoobchodn\u00ed Cena"},"content":{"rendered":"<h1 data-pm-slice=\"1 1 []\">Bang Leader 50000 Pot\u00e1hnut\u00ed 50k 2 v 1 Dvojit\u00e1 Chu\u0165 Digit\u00e1ln\u00ed Jednor\u00e1zov\u00e1 Vape Velkoobchodn\u00ed Cena<\/h1>\n<p data-start=\"1889\" data-end=\"2114\">Bang Leader 50000 potah\u016f 2v1 jednor\u00e1zov\u00e9 vape s dvoj\u00ed p\u0159\u00edchut\u00ed, 36ml p\u0159edpln\u011bn\u00e9ho e-liquidu, du\u00e1ln\u00edm mesh coil, nastaviteln\u00fdm v\u00fdkonem, chytr\u00fdm digit\u00e1ln\u00edm displejem a 650mAh Type-C dob\u00edjec\u00ed bateri\u00ed. A\u017e 50 000 potah\u016f s nikotinem 0%\/2%\/3%\/5% pro dlouh\u00e9, p\u0159izp\u016fsobiteln\u00e9 vapov\u00e1n\u00ed v EU.<\/p>\n<p data-start=\"313\" data-end=\"738\"><strong data-start=\"313\" data-end=\"371\">V\u00fddr\u017e 50 000 potah\u016f, kter\u00e1 se prom\u00edt\u00e1 do skute\u010dn\u00e9ho kalend\u00e1\u0159n\u00edho \u010dasu.<\/strong> Ten <strong data-start=\"376\" data-end=\"419\">Bang Leader 50000 potah\u016f jednor\u00e1zov\u00e9 vape<\/strong> je postaveno kolem <strong data-start=\"438\" data-end=\"462\">36ml p\u0159edpln\u011bn\u00e1 n\u00e1dr\u017e<\/strong>, tak\u017ee vysok\u00e9 hodnocen\u00ed potah\u016f nen\u00ed teoretick\u00e9. Pro b\u011b\u017en\u00e9 u\u017eivatele v EU to obvykle znamen\u00e1 <strong data-start=\"548\" data-end=\"585\">t\u00fddny pou\u017e\u00edv\u00e1n\u00ed z jednoho za\u0159\u00edzen\u00ed<\/strong>, m\u00e9n\u011b n\u00e1v\u0161t\u011bv obchod\u016f a znateln\u011b ni\u017e\u0161\u00ed n\u00e1klady na den ve srovn\u00e1n\u00ed s jednor\u00e1zovkami 10K\u201320K. Vyhovuje n\u00e1ro\u010dn\u00fdm rutin\u00e1m, ani\u017e by p\u016fsobilo p\u0159\u00edli\u0161 velk\u00e9 v ruce.<\/p>\n<p data-start=\"742\" data-end=\"1220\"><strong data-start=\"742\" data-end=\"801\">2v1 dvoj\u00ed p\u0159\u00edchu\u0165 udr\u017euje dlouhodob\u00e9 za\u0159\u00edzen\u00ed z\u00e1bavn\u00e9.<\/strong> Za\u0159\u00edzen\u00ed, kter\u00e9 vydr\u017e\u00ed tak dlouho, pot\u0159ebuje rozmanitost, jinak nast\u00e1v\u00e1 \u00fanava z p\u0159\u00edchut\u00ed. <strong data-start=\"886\" data-end=\"931\">Bang Leader 50K jednor\u00e1zov\u00e9 s dvoj\u00ed p\u0159\u00edchut\u00ed<\/strong> nab\u00edz\u00ed <strong data-start=\"938\" data-end=\"970\">12 kombinac\u00ed dvoj\u00edch p\u0159\u00edchut\u00ed<\/strong> v jednom za\u0159\u00edzen\u00ed, tak\u017ee m\u016f\u017eete okam\u017eit\u011b p\u0159ep\u00ednat sm\u011bsi podle zm\u011bny chuti. Tato funkce je velmi obl\u00edben\u00e1 v <strong data-start=\"1080\" data-end=\"1135\">\u010cesk\u00e9 republice, \u0160pan\u011blsku, Polsku, Francii a Nizozemsku<\/strong>, kde se vysoce kapacitn\u00ed vape pou\u017e\u00edvaj\u00ed jako denn\u00ed za\u0159\u00edzen\u00ed, nikoli jen v\u00edkendov\u00e9 jednor\u00e1zovky.<\/p>\n<p data-start=\"1224\" data-end=\"1636\"><strong data-start=\"1224\" data-end=\"1282\">V\u00fdstup du\u00e1ln\u00edho mesh coil z\u016fst\u00e1v\u00e1 hust\u00fd a pln\u00fd chuti.<\/strong> Ten <strong data-start=\"1287\" data-end=\"1328\">Bang Leader 50k<\/strong> pou\u017e\u00edv\u00e1 dv\u011b mesh topn\u00e9 plochy pro rovnom\u011brn\u00e9 rozlo\u017een\u00ed tepla v kapalin\u011b. To p\u0159in\u00e1\u0161\u00ed praktick\u00e9 v\u00fdhody: <strong data-start=\"1434\" data-end=\"1517\">hlad\u0161\u00ed potahy, bohat\u0161\u00ed saturaci chuti a pomalej\u0161\u00ed pokles v\u00fdkonu na konci n\u00e1pln\u011b<\/strong>, i p\u0159i \u010dast\u00e9m denn\u00edm pou\u017e\u00edv\u00e1n\u00ed. P\u00e1ra z\u016fst\u00e1v\u00e1 hust\u00e1, ani\u017e by byla drsn\u00e1, co\u017e je probl\u00e9m mnoha za\u0159\u00edzen\u00ed s vysok\u00fdm po\u010dtem potah\u016f.<\/p>\n<p data-start=\"1640\" data-end=\"2080\"><strong data-start=\"1640\" data-end=\"1719\">Nastaviteln\u00fd v\u00fdkon umo\u017e\u0148uje p\u0159izp\u016fsobit potah va\u0161emu stylu, ne naopak.<\/strong> S t\u00edmto <strong data-start=\"1729\" data-end=\"1783\">Bang Leader 50K vaporiz\u00e9r<\/strong>, ovl\u00e1d\u00e1te, jak siln\u00fd ka\u017ed\u00fd tah poc\u00edt\u00edte. Ni\u017e\u0161\u00ed v\u00fdkon poskytuje klidn\u011bj\u0161\u00ed, chladn\u011bj\u0161\u00ed tah pro denn\u00ed pou\u017eit\u00ed nebo p\u0159est\u00e1vky v pr\u00e1ci; vy\u0161\u0161\u00ed v\u00fdkon tla\u010d\u00ed <strong data-start=\"1917\" data-end=\"1953\">teplej\u0161\u00ed p\u00e1ru a t\u011b\u017e\u0161\u00ed mraky<\/strong> pro ve\u010dery nebo spole\u010densk\u00e9 situace. U za\u0159\u00edzen\u00ed s dlouhou \u017eivotnost\u00ed tento druh lad\u011bn\u00ed zabr\u00e1n\u00ed tomu, aby se z\u00e1\u017eitek \u010dasem vytratil.<\/p>\n<p data-start=\"2084\" data-end=\"2478\"><strong data-start=\"2084\" data-end=\"2144\">Dob\u00edjec\u00ed nap\u00e1jen\u00ed Type-C chr\u00e1n\u00ed pln\u00fdch 36 ml z\u00e1soby.<\/strong> Velk\u00e9 jednor\u00e1zov\u00e9 vaporiz\u00e9ry mohou b\u00fdt frustruj\u00edc\u00ed, kdy\u017e baterie sel\u017ee brzy. Ten <strong data-start=\"2213\" data-end=\"2267\">Bang Leader 50000 dob\u00edjec\u00ed jednor\u00e1zov\u00fd vaporiz\u00e9r<\/strong> pou\u017e\u00edv\u00e1 <strong data-start=\"2275\" data-end=\"2318\">650mAh baterie a rychl\u00e9 nab\u00edjen\u00ed Type-C<\/strong>, tak\u017ee rychl\u00e9 dopln\u011bn\u00ed udr\u017e\u00ed za\u0159\u00edzen\u00ed v chodu, dokud nen\u00ed kapalina skute\u010dn\u011b vy\u010derp\u00e1na. Kr\u00e1tk\u00e1 doba odst\u00e1vky, \u017e\u00e1dn\u00e9 pl\u00fdtv\u00e1n\u00ed e-liquidem a p\u0159edv\u00eddateln\u00fd v\u00fdkon na cest\u00e1ch.<\/p>\n<p><strong><span style=\"color: #ff0000;\">P\u0159idejte si WhatsApp Amy a z\u00edskejte okam\u017eitou odpov\u011b\u010f a zv\u00fdhodn\u011bnou cenu!<\/span><\/strong><\/p>\n<p><img fetchpriority=\"high\" decoding=\"async\" class=\"size-full wp-image-2932\" src=\"https:\/\/vapestornado.com\/wp-content\/uploads\/2024\/12\/Vape-Wholesale.jpg\" alt=\"Velkoobchod s vape\" width=\"229\" height=\"300\" \/><\/p>\n<h3><a href=\"https:\/\/wa.me\/8617776015835\" target=\"_blank\" rel=\"noopener\"><span style=\"color: #ff0000;\"><strong>WhatsApp: +86 17776015835<\/strong><\/span><\/a><\/h3>\n<p>&nbsp;<\/p>\n<h2><strong>Bang Leader 50000 Puff Crystal Vape Kl\u00ed\u010dov\u00e9 vlastnosti produktu<\/strong><\/h2>\n<table>\n<thead>\n<tr>\n<th>Funkce<\/th>\n<th>Specifikace<\/th>\n<th>Detaily<\/th>\n<\/tr>\n<\/thead>\n<tbody>\n<tr>\n<td>N\u00e1zev produktu<\/td>\n<td>Bang Leader 50000 Puffs 2-v-1 Dvojit\u00e1 p\u0159\u00edchu\u0165<\/td>\n<td>Vysokokapacitn\u00ed dob\u00edjec\u00ed jednor\u00e1zov\u00fd vaporiz\u00e9r.<\/td>\n<\/tr>\n<tr>\n<td>Kapacita pot\u00e1hnut\u00ed<\/td>\n<td>A\u017e 50 000 pota\u017een\u00ed<\/td>\n<td>Prodlou\u017een\u00e1 \u017eivotnost zam\u011b\u0159en\u00e1 na dlouhodob\u00e9 ka\u017edodenn\u00ed pou\u017eit\u00ed.<\/td>\n<\/tr>\n<tr>\n<td>Objem e-liquidu<\/td>\n<td>36 ml p\u0159ednapln\u011bno<\/td>\n<td>Velk\u00fd rezervo\u00e1r podporuje dobu provozu 50K.<\/td>\n<\/tr>\n<tr>\n<td>Syst\u00e9m p\u0159\u00edchut\u00ed<\/td>\n<td>2-v-1 p\u0159ep\u00edna\u010d dvojit\u00e9 p\u0159\u00edchut\u011b<\/td>\n<td>Dva sm\u011bsi v jednom za\u0159\u00edzen\u00ed; okam\u017eit\u00e9 p\u0159ep\u00edn\u00e1n\u00ed.<\/td>\n<\/tr>\n<tr>\n<td>Typ spir\u00e1lky<\/td>\n<td>Du\u00e1ln\u00ed mesh c\u00edvka<\/td>\n<td>Rovnom\u011brn\u00e9 zah\u0159\u00edv\u00e1n\u00ed pro hustou p\u00e1ru a stabiln\u00ed chu\u0165.<\/td>\n<\/tr>\n<tr>\n<td>Baterie<\/td>\n<td>650mAh dob\u00edjec\u00ed<\/td>\n<td>Dob\u00edjejte pro pln\u00e9 vyu\u017eit\u00ed kapacity kapaliny.<\/td>\n<\/tr>\n<tr>\n<td>Nab\u00edjen\u00ed<\/td>\n<td>rychl\u00e9 nab\u00edjen\u00ed Type-C<\/td>\n<td>Rychl\u00e9 dopl\u0148ky s modern\u00edmi EU kabely.<\/td>\n<\/tr>\n<tr>\n<td>Watt\u00e1\u017e<\/td>\n<td>Nastaviteln\u00fd v\u00fdstup<\/td>\n<td>Upravuje s\u00edlu a teplotu p\u00e1ry.<\/td>\n<\/tr>\n<tr>\n<td>Displej<\/td>\n<td>Chytr\u00e1 digit\u00e1ln\u00ed obrazovka<\/td>\n<td>Zobrazuje stav baterie a hladinu e-liquidu na prvn\u00ed pohled.<\/td>\n<\/tr>\n<tr>\n<td>S\u00edly nikotinu<\/td>\n<td>0% \/ 2% \/ 3% \/ 5% s\u016fl nikotin<\/td>\n<td>Vhodn\u00e9 pro u\u017eivatele bez nikotinu, m\u00edrn\u00e9 i siln\u00e9 ku\u0159\u00e1ky.<\/td>\n<\/tr>\n<\/tbody>\n<\/table>\n<h2 class=\"product-title\"><strong>Seznam p\u0159\u00edchut\u00ed Bang Leader 50k Puff Box Vape<\/strong><\/h2>\n<article class=\"w-full text-token-text-primary focus-visible:outline-2 focus-visible:outline-offset-[-4px]\" dir=\"auto\" data-testid=\"conversation-turn-32\" data-scroll-anchor=\"false\">\n<div class=\"m-auto text-base py-[18px] px-6\">\n<div class=\"mx-auto flex flex-1 text-base gap-4 md:gap-5 lg:gap-6 md:max-w-3xl lg:max-w-[40rem] xl:max-w-[48rem]\">\n<div class=\"group\/conversation-turn relative flex w-full min-w-0 flex-col @xs\/thread:px-0 @sm\/thread:px-1.5 @md\/thread:px-4\">\n<div class=\"flex-col gap-1 md:gap-3\">\n<div class=\"flex max-w-full flex-col flex-grow\">\n<div class=\"min-h-8 text-message flex w-full flex-col items-end gap-2 whitespace-normal break-words text-start [.text-message+&amp;]:mt-5\" dir=\"auto\" data-message-author-role=\"user\" data-message-id=\"ffac41ca-1db4-431b-873a-32c4052956f1\">\n<div class=\"flex w-full flex-col gap-1 empty:hidden items-end rtl:items-start\">\n<div class=\"relative max-w-[var(--user-chat-width,70%)] rounded-3xl bg-token-message-surface px-5 py-2.5\">\n<div class=\"absolute bottom-0 right-full top-0 -mr-3.5 hidden pr-5 pt-2 [.group\/conversation-turn:hover_&amp;]:flex\">\n<div class=\"flex\">\n<article class=\"w-full text-token-text-primary focus-visible:outline-2 focus-visible:outline-offset-[-4px]\" dir=\"auto\" data-testid=\"conversation-turn-39\" data-scroll-anchor=\"true\">\n<div class=\"m-auto text-base py-[18px] px-6\">\n<div class=\"mx-auto flex flex-1 text-base gap-4 md:gap-5 lg:gap-6 md:max-w-3xl lg:max-w-[40rem] xl:max-w-[48rem]\">\n<div class=\"group\/conversation-turn relative flex w-full min-w-0 flex-col agent-turn @xs\/thread:px-0 @sm\/thread:px-1.5 @md\/thread:px-4\">\n<div class=\"flex-col gap-1 md:gap-3\">\n<div class=\"flex max-w-full flex-col flex-grow\">\n<div class=\"min-h-8 text-message flex w-full flex-col items-end gap-2 whitespace-normal break-words text-start [.text-message+&amp;]:mt-5\" dir=\"auto\" data-message-author-role=\"assistant\" data-message-id=\"55a23854-ec57-48dd-bd4f-6118f43d6241\" data-message-model-slug=\"gpt-4o\">\n<div class=\"flex w-full flex-col gap-1 empty:hidden first:pt-[3px]\">\n<div class=\"markdown prose w-full break-words dark:prose-invert light\">\n<p>&nbsp;<\/p>\n<p>1. Jahoda Malina T\u0159e\u0161e\u0148 Led \/ T\u0159e\u0161e\u0148<\/p>\n<p>2. Vodn\u00ed Meloun Jahoda \/ Vodn\u00ed Meloun <strong><span style=\"color: #ff0000;\">&gt;&gt;&gt;&gt; \u017dhav\u00e9!<\/span><\/strong><\/p>\n<p>3. \u010cern\u00e9 Hrozny \/ Zelen\u00e9 Hrozny<\/p>\n<p>4. Jablko Hru\u0161ka \/ Kiwi Mu\u010denka Guava<\/p>\n<p>5. Kysel\u00e1 Ananasov\u00e1 Limon\u00e1da \/ Citron Limetka <strong><span style=\"color: #ff0000;\">&gt;&gt;&gt;&gt; Nejlep\u0161\u00ed!<\/span><\/strong><\/p>\n<p>6. Ban\u00e1nov\u00fd Led \/ Mango<\/p>\n<p>7. Bor\u016fvka Kysel\u00e1 Malina \/ Bor\u016fvka <strong><span style=\"color: #ff0000;\">&gt;&gt;&gt;&gt; \u017dhav\u00e9!<\/span><\/strong><\/p>\n<p>8. T\u0159e\u0161\u0148ov\u00e1 Cola \/ R\u016f\u017eov\u00e1 Limon\u00e1da<\/p>\n<p>9. Bor\u016fvkov\u00e1 Malinov\u00e1 Limon\u00e1da \/ Jahoda Malina T\u0159e\u0161e\u0148 Led <strong><span style=\"color: #ff0000;\">&gt;&gt;&gt;&gt; \u017dhav\u00e9!<\/span><\/strong><\/p>\n<p>10. Jahoda Kiwi \/ Jahodov\u00fd Led<\/p>\n<p>11.Ananas a Mu\u010denka \/Ananas s ledem<\/p>\n<p>12.Malinov\u00e9 Mojito \/ T\u0159e\u0161e\u0148, Malina, Limetka <strong><span style=\"color: #ff0000;\">&gt;&gt;&gt;&gt; \u017dhav\u00e9!<\/span><\/strong><\/p>\n<p>&nbsp;<\/p>\n<\/div>\n<\/div>\n<\/div>\n<\/div>\n<\/div>\n<\/div>\n<\/div>\n<\/div>\n<\/article>\n<\/div>\n<\/div>\n<\/div>\n<\/div>\n<\/div>\n<\/div>\n<\/div>\n<\/div>\n<\/div>\n<\/div>\n<\/article>\n<h2>Pro\u010d si vybrat Vapestornado pro velkoobchodn\u00ed objedn\u00e1vky digit\u00e1ln\u00edch vapovac\u00edch per Bang Leader 50000 Puffs?<\/h2>\n<div class=\"flex-shrink-0 flex flex-col relative items-end\">\n<div class=\"pt-0\">\n<div class=\"gizmo-bot-avatar flex h-8 w-8 items-center justify-center overflow-hidden rounded-full\">\n<div class=\"relative p-1 rounded-sm flex items-center justify-center bg-token-main-surface-primary text-token-text-primary h-8 w-8\">\n<p data-start=\"75\" data-end=\"479\">Pokud jde o <strong data-start=\"92\" data-end=\"117\">velkoobchodn\u00ed jednor\u00e1zov\u00e9 e-cigarety<\/strong>, <strong data-start=\"119\" data-end=\"152\">Online vape obchod Vapestornado<\/strong> je c\u00edlovou destinac\u00ed pro<strong data-start=\"182\" data-end=\"202\">\u00a0kupuj\u00edc\u00ed<\/strong> hledaj\u00edc\u00ed <strong data-start=\"215\" data-end=\"257\">dostupn\u00e9 ceny a \u0161pi\u010dkovou kvalitu<\/strong>. Nab\u00edz\u00edme <strong data-start=\"268\" data-end=\"299\">exkluzivn\u00ed velkoobchodn\u00ed ceny<\/strong> na Bang Leader 20k Puffs, co\u017e maloobchodn\u00edk\u016fm a distributor\u016fm umo\u017e\u0148uje z\u00e1sobit se jedn\u00edm z nej\u017e\u00e1dan\u011bj\u0161\u00edch<a href=\"https:\/\/vapestornado.com\/cs\/product\/uor-120000-puff-120k-4-flavors-rechargeable-disposable-vape-shop-online\/\"> <strong data-start=\"412\" data-end=\"445\">dob\u00edjec\u00ed jednor\u00e1zov\u00e9 Vapy<\/strong><\/a>\u00a0s <strong data-start=\"453\" data-end=\"476\">digit\u00e1ln\u00ed LED displej<\/strong>.<\/p>\n<\/div>\n<div class=\"relative p-1 rounded-sm flex items-center justify-center bg-token-main-surface-primary text-token-text-primary h-8 w-8\">\n<h2>Nej\u010dast\u011bj\u0161\u00ed dotazy k jednor\u00e1zov\u00e9mu vaperu Bang Leader 50k Puffs<\/h2>\n<ol data-start=\"3086\" data-end=\"4136\">\n<li data-start=\"3086\" data-end=\"3306\">\n<p data-start=\"3089\" data-end=\"3306\"><strong data-start=\"3089\" data-end=\"3177\">Jak funguje syst\u00e9m dvoj\u00ed chuti Bang Leader 50000 Puffs 2-v-1 p\u0159i ka\u017edodenn\u00edm pou\u017e\u00edv\u00e1n\u00ed?<\/strong><br data-start=\"3177\" data-end=\"3180\" \/>Obsahuje dva chu\u0165ov\u00e9 profily v jednom za\u0159\u00edzen\u00ed, kter\u00e9 m\u016f\u017eete okam\u017eit\u011b p\u0159ep\u00ednat. To udr\u017euje vysokou rozmanitost b\u011bhem dlouhodob\u00e9ho pou\u017e\u00edv\u00e1n\u00ed trvaj\u00edc\u00edho n\u011bkolik t\u00fddn\u016f.<\/p>\n<\/li>\n<li data-start=\"3308\" data-end=\"3511\">\n<p data-start=\"3311\" data-end=\"3511\"><strong data-start=\"3311\" data-end=\"3405\">Sni\u017euje jednor\u00e1zov\u00e1 vape Bang Leader 50K s du\u00e1ln\u00edm mesh coil pokles chuti v pr\u016fb\u011bhu \u010dasu?<\/strong><br data-start=\"3405\" data-end=\"3408\" \/>Du\u00e1ln\u00ed mesh c\u00edvky se rovnom\u011brn\u011b zah\u0159\u00edvaj\u00ed a zpomaluj\u00ed vyprch\u00e1v\u00e1n\u00ed chuti, co\u017e je zvl\u00e1\u0161t\u011b d\u016fle\u017eit\u00e9 u za\u0159\u00edzen\u00ed s vysokou kapacitou 36 ml.<\/p>\n<\/li>\n<li data-start=\"3513\" data-end=\"3736\">\n<p data-start=\"3516\" data-end=\"3736\"><strong data-start=\"3516\" data-end=\"3612\">Jak\u00fd rozd\u00edl p\u0159in\u00e1\u0161\u00ed nastaviteln\u00fd v\u00fdkon u jednor\u00e1zov\u00e9 vape Bang Leader 50000 Puffs?<\/strong><br data-start=\"3612\" data-end=\"3615\" \/>Nastaviteln\u00fd v\u00fdkon umo\u017e\u0148uje ovl\u00e1dat teplotu a intenzitu p\u00e1ry\u2014ni\u017e\u0161\u00ed pro jemn\u011bj\u0161\u00ed potah b\u011bhem dne, vy\u0161\u0161\u00ed pro hust\u0161\u00ed mraky.<\/p>\n<\/li>\n<li data-start=\"3738\" data-end=\"3930\">\n<p data-start=\"3741\" data-end=\"3930\"><strong data-start=\"3741\" data-end=\"3830\">Dok\u00e1\u017ee dob\u00edjec\u00ed jednor\u00e1zov\u00e1 vape Bang Leader 50000 Type-C vy\u010derpat cel\u00fd 36ml tank?<\/strong><br data-start=\"3830\" data-end=\"3833\" \/>Ano. Dob\u00edjen\u00ed znamen\u00e1, \u017ee m\u016f\u017eete dopl\u0148ovat energii podle pot\u0159eby a pokra\u010dovat v vapov\u00e1n\u00ed, dokud nen\u00ed e-liquid vy\u010derp\u00e1n.<\/p>\n<\/li>\n<li data-start=\"3932\" data-end=\"4136\">\n<p data-start=\"3935\" data-end=\"4136\"><strong data-start=\"3935\" data-end=\"4030\">Kter\u00e1 nikotinov\u00e1 varianta vyhovuje r\u016fzn\u00fdm u\u017eivatel\u016fm u jednor\u00e1zov\u00e9 vape Bang Leader 50K crystal?<\/strong><br data-start=\"4030\" data-end=\"4033\" \/>0% je ur\u010dena pouze pro chu\u0165, 2%\u20133% vyhovuje v\u011bt\u0161in\u011b denn\u00edch rutin a 5% je vhodn\u00e1 pro u\u017eivatele, kte\u0159\u00ed cht\u011bj\u00ed siln\u011bj\u0161\u00ed n\u00e1raz.<\/p>\n<\/li>\n<\/ol>\n<\/div>\n<\/div>\n<\/div>\n<\/div>","protected":false},"excerpt":{"rendered":"<p>Ten <strong data-start=\"1452\" data-end=\"1484\">Bang Leader 50000 potah\u016f vaporiz\u00e9r<\/strong> nab\u00edz\u00ed du\u00e1ln\u00ed p\u0159\u00edchut\u011b, digit\u00e1ln\u00ed displej a nastaviteln\u00fd v\u00fdkon. Dob\u00edjec\u00ed <strong data-start=\"1562\" data-end=\"1585\">jednor\u00e1zov\u00e9 za\u0159\u00edzen\u00ed na 50 000 pot\u00e1hnut\u00ed<\/strong> ide\u00e1ln\u00ed pro <strong data-start=\"1596\" data-end=\"1631\">velkoobchodn\u00ed hromadn\u00e9 objedn\u00e1vky v Evrop\u011b<\/strong>.<br \/>\nBang Leader 50k Pot\u00e1hnut\u00ed Vape Kit Velkoobchodn\u00ed levn\u00e1 cena<\/p>\n<p><strong>P\u0159idejte si Amy na Whatsapp, abyste z\u00edskali spr\u00e1vnou odpov\u011b\u010f a slevu!<\/strong><\/p>\n<p><img fetchpriority=\"high\" decoding=\"async\" class=\"size-full wp-image-2932\" src=\"https:\/\/vapestornado.com\/wp-content\/uploads\/2024\/12\/Vape-Wholesale.jpg\" alt=\"Velkoobchod s vape\" width=\"229\" height=\"300\" \/><\/p>\n<h3><a href=\"https:\/\/wa.me\/8617776015835\"><span style=\"color: #ff0000;\"><strong>WhatsApp: +86 17776015835<\/strong><\/span><\/a><\/h3>\n<p>&nbsp;<\/p>","protected":false},"featured_media":3867,"comment_status":"open","ping_status":"closed","template":"","meta":{"_acf_changed":false,"_uag_custom_page_level_css":"","_lmt_disableupdate":"no","_lmt_disable":"","_monsterinsights_skip_tracking":false,"_monsterinsights_sitenote_active":false,"_monsterinsights_sitenote_note":"","_monsterinsights_sitenote_category":0,"site-sidebar-layout":"default","site-content-layout":"","ast-site-content-layout":"default","site-content-style":"default","site-sidebar-style":"default","ast-global-header-display":"","ast-banner-title-visibility":"","ast-main-header-display":"","ast-hfb-above-header-display":"","ast-hfb-below-header-display":"","ast-hfb-mobile-header-display":"","site-post-title":"","ast-breadcrumbs-content":"","ast-featured-img":"","footer-sml-layout":"","ast-disable-related-posts":"","theme-transparent-header-meta":"default","adv-header-id-meta":"","stick-header-meta":"","header-above-stick-meta":"","header-main-stick-meta":"","header-below-stick-meta":"","astra-migrate-meta-layouts":"set","ast-page-background-enabled":"default","ast-page-background-meta":{"desktop":{"background-color":"","background-image":"","background-repeat":"repeat","background-position":"center center","background-size":"auto","background-attachment":"scroll","background-type":"","background-media":"","overlay-type":"","overlay-color":"","overlay-opacity":"","overlay-gradient":""},"tablet":{"background-color":"","background-image":"","background-repeat":"repeat","background-position":"center center","background-size":"auto","background-attachment":"scroll","background-type":"","background-media":"","overlay-type":"","overlay-color":"","overlay-opacity":"","overlay-gradient":""},"mobile":{"background-color":"","background-image":"","background-repeat":"repeat","background-position":"center center","background-size":"auto","background-attachment":"scroll","background-type":"","background-media":"","overlay-type":"","overlay-color":"","overlay-opacity":"","overlay-gradient":""}},"ast-content-background-meta":{"desktop":{"background-color":"var(--ast-global-color-5)","background-image":"","background-repeat":"repeat","background-position":"center center","background-size":"auto","background-attachment":"scroll","background-type":"","background-media":"","overlay-type":"","overlay-color":"","overlay-opacity":"","overlay-gradient":""},"tablet":{"background-color":"var(--ast-global-color-5)","background-image":"","background-repeat":"repeat","background-position":"center center","background-size":"auto","background-attachment":"scroll","background-type":"","background-media":"","overlay-type":"","overlay-color":"","overlay-opacity":"","overlay-gradient":""},"mobile":{"background-color":"var(--ast-global-color-5)","background-image":"","background-repeat":"repeat","background-position":"center center","background-size":"auto","background-attachment":"scroll","background-type":"","background-media":"","overlay-type":"","overlay-color":"","overlay-opacity":"","overlay-gradient":""}},"_joinchat":{"telephone":"17776015835"}},"product_brand":[],"product_cat":[19,192,62,159,160,143,144],"product_tag":[264,196,94,240,93],"class_list":{"0":"post-3891","1":"product","2":"type-product","3":"status-publish","4":"has-post-thumbnail","6":"product_cat-vapes","7":"product_cat-50000-puff","8":"product_cat-bang-vape","9":"product_cat-buy-disposable-vapes-in-sweden","10":"product_cat-buy-disposable-vapes-in-switzerland","11":"product_cat-dual-mesh-disposable-vapes","12":"product_cat-low-nicotine-disposable-vapes","13":"product_tag-bang-leader-50000-puff","14":"product_tag-bang-vape","15":"product_tag-rechargeable-disposable-vape","16":"product_tag-twins-flavor-disposable-vape","17":"product_tag-vape-wholesale","18":"desktop-align-left","19":"tablet-align-left","20":"mobile-align-left","22":"first","23":"instock","24":"sale","25":"shipping-taxable","26":"purchasable","27":"product-type-simple"},"acf":[],"uagb_featured_image_src":{"full":["https:\/\/vapestornado.com\/wp-content\/uploads\/2025\/03\/Bang-Leader-50000-50K-Puffs.webp",800,800,false],"thumbnail":["https:\/\/vapestornado.com\/wp-content\/uploads\/2025\/03\/Bang-Leader-50000-50K-Puffs-150x150.webp",150,150,true],"medium":["https:\/\/vapestornado.com\/wp-content\/uploads\/2025\/03\/Bang-Leader-50000-50K-Puffs-300x300.webp",300,300,true],"medium_large":["https:\/\/vapestornado.com\/wp-content\/uploads\/2025\/03\/Bang-Leader-50000-50K-Puffs-768x768.webp",768,768,true],"large":["https:\/\/vapestornado.com\/wp-content\/uploads\/2025\/03\/Bang-Leader-50000-50K-Puffs.webp",800,800,false],"1536x1536":["https:\/\/vapestornado.com\/wp-content\/uploads\/2025\/03\/Bang-Leader-50000-50K-Puffs.webp",800,800,false],"2048x2048":["https:\/\/vapestornado.com\/wp-content\/uploads\/2025\/03\/Bang-Leader-50000-50K-Puffs.webp",800,800,false],"trp-custom-language-flag":["https:\/\/vapestornado.com\/wp-content\/uploads\/2025\/03\/Bang-Leader-50000-50K-Puffs.webp",12,12,false],"woocommerce_thumbnail":["https:\/\/vapestornado.com\/wp-content\/uploads\/2025\/03\/Bang-Leader-50000-50K-Puffs-300x300.webp",300,300,true],"woocommerce_single":["https:\/\/vapestornado.com\/wp-content\/uploads\/2025\/03\/Bang-Leader-50000-50K-Puffs-600x600.webp",600,600,true],"woocommerce_gallery_thumbnail":["https:\/\/vapestornado.com\/wp-content\/uploads\/2025\/03\/Bang-Leader-50000-50K-Puffs-100x100.webp",100,100,true]},"uagb_author_info":{"display_name":"ESAMY","author_link":"https:\/\/vapestornado.com\/cs\/author\/"},"uagb_comment_info":0,"uagb_excerpt":"The Bang Leader 50000 Puffs Vape offers dual flavors, digital display, and adjustable wattage. A rechargeable 50K puff disposable ideal for wholesale bulk orders in Europe. Bang Leader 50k Puff Vape Kit Wholesale Cheap Price Add Amy's whatsapp to get right reply and discount price! WhatsApp: +86 17776015835 &nbsp;","_links":{"self":[{"href":"https:\/\/vapestornado.com\/cs\/wp-json\/wp\/v2\/product\/3891","targetHints":{"allow":["GET"]}}],"collection":[{"href":"https:\/\/vapestornado.com\/cs\/wp-json\/wp\/v2\/product"}],"about":[{"href":"https:\/\/vapestornado.com\/cs\/wp-json\/wp\/v2\/types\/product"}],"replies":[{"embeddable":true,"href":"https:\/\/vapestornado.com\/cs\/wp-json\/wp\/v2\/comments?post=3891"}],"wp:featuredmedia":[{"embeddable":true,"href":"https:\/\/vapestornado.com\/cs\/wp-json\/wp\/v2\/media\/3867"}],"wp:attachment":[{"href":"https:\/\/vapestornado.com\/cs\/wp-json\/wp\/v2\/media?parent=3891"}],"wp:term":[{"taxonomy":"product_brand","embeddable":true,"href":"https:\/\/vapestornado.com\/cs\/wp-json\/wp\/v2\/product_brand?post=3891"},{"taxonomy":"product_cat","embeddable":true,"href":"https:\/\/vapestornado.com\/cs\/wp-json\/wp\/v2\/product_cat?post=3891"},{"taxonomy":"product_tag","embeddable":true,"href":"https:\/\/vapestornado.com\/cs\/wp-json\/wp\/v2\/product_tag?post=3891"}],"curies":[{"name":"wp","href":"https:\/\/api.w.org\/{rel}","templated":true}]}}