{"id":3888,"date":"2025-03-18T02:01:58","date_gmt":"2025-03-18T02:01:58","guid":{"rendered":"https:\/\/vapestornado.com\/?post_type=product&#038;p=3888"},"modified":"2025-12-04T09:17:42","modified_gmt":"2025-12-04T09:17:42","slug":"bang-leader-32k-32000-puffs-dual-pods-double-flavors-disposable-vape","status":"publish","type":"product","link":"https:\/\/vapestornado.com\/cs\/product\/bang-leader-32k-32000-puffs-dual-pods-double-flavors-disposable-vape\/","title":{"rendered":"Bang Leader 32k 32000 pot\u00e1hnut\u00ed Du\u00e1ln\u00ed pody Dvojit\u00e9 p\u0159\u00edchut\u011b Jednor\u00e1zov\u00fd vape"},"content":{"rendered":"<h1 data-pm-slice=\"1 1 []\">Bang Leader 32k 32000 pot\u00e1hnut\u00ed Du\u00e1ln\u00ed pody Dvojit\u00e9 p\u0159\u00edchut\u011b Jednor\u00e1zov\u00fd vape<\/h1>\n<p data-start=\"286\" data-end=\"655\">Ten <strong data-start=\"290\" data-end=\"335\">Bang Leader 32K Dual Pods Jednor\u00e1zov\u00e1 vaporiz\u00e9r<\/strong> je navr\u017een pro u\u017eivatele, kte\u0159\u00ed cht\u011bj\u00ed vysokou kapacitu a rozmanitost p\u0159\u00edchut\u00ed v jednom za\u0159\u00edzen\u00ed. Kombinuje <strong data-start=\"426\" data-end=\"448\">du\u00e1ln\u00ed-pod strukturu<\/strong> s <b>2 v 1 dvojit\u00e1 p\u0159\u00edchu\u0165<\/b>\u00a0a poskytuje celkov\u00fd objem <strong data-start=\"510\" data-end=\"518\">56ml<\/strong> a podporuje a\u017e <strong data-start=\"540\" data-end=\"556\">32 000 pot\u00e1hnut\u00ed<\/strong>. Tento design sni\u017euje po\u010det v\u00fdm\u011bn za\u0159\u00edzen\u00ed a umo\u017e\u0148uje prodlou\u017een\u00e9 denn\u00ed pou\u017e\u00edv\u00e1n\u00ed bez \u010dast\u00e9 v\u00fdm\u011bny.<\/p>\n<p data-start=\"657\" data-end=\"960\">Hlavn\u00ed funkc\u00ed je <strong data-start=\"678\" data-end=\"711\">2-v-1 syst\u00e9m du\u00e1ln\u00edch p\u0159\u00edchut\u00ed v podu<\/strong>. Ka\u017ed\u00fd jednor\u00e1zov\u00fd pod obsahuje vlastn\u00ed p\u0159\u00edchu\u0165, co\u017e umo\u017e\u0148uje rychl\u00e9 p\u0159ep\u00edn\u00e1n\u00ed mezi dv\u011bma profily ve stejn\u00e9m za\u0159\u00edzen\u00ed. S <strong data-start=\"813\" data-end=\"845\">12 dostupn\u00fdmi kombinacemi p\u0159\u00edchut\u00ed<\/strong>, mohou u\u017eivatel\u00e9 st\u0159\u00eddat chut\u011b b\u011bhem dne bez nutnosti nosit dal\u0161\u00ed jednor\u00e1zov\u00e9 nebo m\u00edchat tekutiny v jednom tanku.<\/p>\n<p data-start=\"962\" data-end=\"1282\">Pro konzistenci p\u00e1ry za\u0159\u00edzen\u00ed pou\u017e\u00edv\u00e1 <strong data-start=\"1003\" data-end=\"1021\">1.0\u03a9 s\u00ed\u0165ov\u00e1 c\u00edvka<\/strong>. Meshov\u00e9 vyt\u00e1p\u011bn\u00ed rovnom\u011brn\u011b rozv\u00e1d\u00ed teplo po cel\u00e9 plo\u0161e c\u00edvky, co\u017e pom\u00e1h\u00e1 udr\u017eovat stabiln\u00ed v\u00fdstup p\u00e1ry a jasnost chuti b\u011bhem dlouh\u00fdch seanc\u00ed. Tato konfigurace c\u00edvky je ur\u010dena k tomu, aby se zabr\u00e1nilo b\u011b\u017en\u00e9mu poklesu chuti, ke kter\u00e9mu m\u016f\u017ee doj\u00edt u velkokapacitn\u00edch jednor\u00e1zov\u00fdch za\u0159\u00edzen\u00ed.<\/p>\n<p data-start=\"1284\" data-end=\"1620\">Nap\u00e1jen\u00ed je zaji\u0161t\u011bno pomoc\u00ed <strong data-start=\"1307\" data-end=\"1338\">650mAh dob\u00edjec\u00ed baterie<\/strong> s <strong data-start=\"1344\" data-end=\"1372\">rychl\u00e9 nab\u00edjen\u00ed USB-C<\/strong>. Dob\u00edjen\u00ed umo\u017e\u0148uje u\u017eivatel\u016fm dokon\u010dit plnou kapacitu tekutiny, m\u00edsto aby za\u0159\u00edzen\u00ed p\u0159ed\u010dasn\u011b vyhodili kv\u016fli n\u00edzk\u00e9 baterii. Nab\u00edjen\u00ed typu C tak\u00e9 zjednodu\u0161uje kompatibilitu, proto\u017ee lze pou\u017e\u00edt stejn\u00e9 kabely jako u mnoha modern\u00edch telefon\u016f a p\u0159\u00edslu\u0161enstv\u00ed.<\/p>\n<p data-start=\"1622\" data-end=\"1861\">Navzdory vysok\u00e9 kapacit\u011b a du\u00e1ln\u00edm n\u00e1dr\u017e\u00edm z\u016fst\u00e1v\u00e1 Bang Leader 32K jedn\u00edm p\u0159enosn\u00fdm za\u0159\u00edzen\u00edm. Form\u00e1t s du\u00e1ln\u00edmi pody je prakti\u010dt\u011bj\u0161\u00ed ne\u017e no\u0161en\u00ed dvou samostatn\u00fdch jednor\u00e1zov\u00fdch za\u0159\u00edzen\u00ed, zejm\u00e9na p\u0159i doj\u00ed\u017ed\u011bn\u00ed, cestov\u00e1n\u00ed a dlouh\u00fdch dnech bez nab\u00edje\u010dky.<\/p>\n<p><strong><span style=\"color: #ff0000;\">P\u0159idejte si WhatsApp Amy a z\u00edskejte okam\u017eitou odpov\u011b\u010f a zv\u00fdhodn\u011bnou cenu!<\/span><\/strong><\/p>\n<p><img fetchpriority=\"high\" decoding=\"async\" class=\"size-full wp-image-2932\" src=\"https:\/\/vapestornado.com\/wp-content\/uploads\/2024\/12\/Vape-Wholesale.jpg\" alt=\"Velkoobchod s vape\" width=\"229\" height=\"300\" \/><\/p>\n<h3><a href=\"https:\/\/wa.me\/8617776015835\" target=\"_blank\" rel=\"noopener\"><span style=\"color: #ff0000;\"><strong>WhatsApp: +86 17776015835<\/strong><\/span><\/a><\/h3>\n<p>&nbsp;<\/p>\n<h2><strong>Kl\u00ed\u010dov\u00e9 vlastnosti produktu Bang Leader 32000 Puffs<\/strong><\/h2>\n<table>\n<thead>\n<tr>\n<th>Funkce<\/th>\n<th align=\"right\">Specifikace<\/th>\n<th><\/th>\n<\/tr>\n<\/thead>\n<tbody>\n<tr>\n<td>N\u00e1zev produktu<\/td>\n<td align=\"right\">Bang Leader 32K Dual Pods Jednor\u00e1zov\u00e1 vaporiz\u00e9r<\/td>\n<td>Jasn\u00e9 pojmenov\u00e1n\u00ed pro opakovan\u00e9 objedn\u00e1vky a vyhled\u00e1v\u00e1n\u00ed.<\/td>\n<\/tr>\n<tr>\n<td>Kapacita pot\u00e1hnut\u00ed<\/td>\n<td align=\"right\">A\u017e 32 000 pota\u017een\u00ed<\/td>\n<td>Jednor\u00e1zov\u00e1 s vysok\u00fdm po\u010dtem pota\u017een\u00ed; m\u00e9n\u011b v\u00fdm\u011bn.<\/td>\n<\/tr>\n<tr>\n<td>Pod syst\u00e9m<\/td>\n<td align=\"right\">Dvojit\u00e9 n\u00e1dr\u017eky (2 tanky)<\/td>\n<td>Dva p\u0159\u00edchut\u011b v jednom za\u0159\u00edzen\u00ed; p\u0159ep\u00ednejte kdykoli.<\/td>\n<\/tr>\n<tr>\n<td>Objem e-liquidu<\/td>\n<td align=\"right\">Celkem 56 ml (28 ml + 28 ml)<\/td>\n<td>Velk\u00e1 z\u00e1soba kapaliny pro podporu a\u017e 32 000 pot\u00e1hnut\u00ed.<\/td>\n<\/tr>\n<tr>\n<td>Kombinace p\u0159\u00edchut\u00ed<\/td>\n<td align=\"right\">12 kombinac\u00ed<\/td>\n<td>Rozmanitost bez zm\u011bny za\u0159\u00edzen\u00ed.<\/td>\n<\/tr>\n<tr>\n<td>Typ spir\u00e1lky<\/td>\n<td align=\"right\">1.0\u03a9 s\u00ed\u0165ov\u00e1 c\u00edvka<\/td>\n<td>Rovnom\u011brn\u00e9 vyt\u00e1p\u011bn\u00ed pro hlad\u0161\u00ed pot\u00e1hnut\u00ed a stabiln\u00ed chu\u0165.<\/td>\n<\/tr>\n<tr>\n<td>Baterie<\/td>\n<td align=\"right\">650mAh dob\u00edjec\u00ed<\/td>\n<td>Dob\u00edjejte pro pln\u00e9 vyu\u017eit\u00ed obou n\u00e1dr\u017eek.<\/td>\n<\/tr>\n<tr>\n<td>Nab\u00edjen\u00ed<\/td>\n<td align=\"right\">USB Type-C<\/td>\n<td>B\u011b\u017en\u00fd standard rychl\u00e9ho nab\u00edjen\u00ed.<\/td>\n<\/tr>\n<tr>\n<td>Styl pou\u017eit\u00ed<\/td>\n<td align=\"right\">Aktivace potahem<\/td>\n<td>\u017d\u00e1dn\u00e9 tla\u010d\u00edtka; vdechujte pro vapov\u00e1n\u00ed.<\/td>\n<\/tr>\n<\/tbody>\n<\/table>\n<figure id=\"attachment_3883\" aria-describedby=\"caption-attachment-3883\" style=\"width: 800px\" class=\"wp-caption alignnone\"><img decoding=\"async\" class=\"wp-image-3883 size-full\" src=\"https:\/\/vapestornado.com\/wp-content\/uploads\/2025\/03\/Bang-leader-32k-Puff-Best-Flavor.webp\" alt=\"Bang leader 32k Puff nejlep\u0161\u00ed chu\u0165\" width=\"800\" height=\"800\" srcset=\"https:\/\/vapestornado.com\/wp-content\/uploads\/2025\/03\/Bang-leader-32k-Puff-Best-Flavor.webp 800w, https:\/\/vapestornado.com\/wp-content\/uploads\/2025\/03\/Bang-leader-32k-Puff-Best-Flavor-300x300.webp 300w, https:\/\/vapestornado.com\/wp-content\/uploads\/2025\/03\/Bang-leader-32k-Puff-Best-Flavor-150x150.webp 150w, https:\/\/vapestornado.com\/wp-content\/uploads\/2025\/03\/Bang-leader-32k-Puff-Best-Flavor-768x768.webp 768w, https:\/\/vapestornado.com\/wp-content\/uploads\/2025\/03\/Bang-leader-32k-Puff-Best-Flavor-600x600.webp 600w, https:\/\/vapestornado.com\/wp-content\/uploads\/2025\/03\/Bang-leader-32k-Puff-Best-Flavor-100x100.webp 100w\" sizes=\"(max-width: 800px) 100vw, 800px\" \/><figcaption id=\"caption-attachment-3883\" class=\"wp-caption-text\">Bang leader 32k Puff nejlep\u0161\u00ed chu\u0165<\/figcaption><\/figure>\n<h2 class=\"product-title\"><strong>Bang Leader 32000 pot\u00e1hnut\u00ed Box Vape seznam p\u0159\u00edchut\u00ed<\/strong><\/h2>\n<article class=\"group\/turn w-full text-token-text-primary focus-visible:outline-2 focus-visible:outline-offset-[-4px]\" dir=\"auto\" data-testid=\"conversation-turn-61\" data-scroll-anchor=\"true\">\n<div class=\"text-base my-auto mx-auto py-[18px] px-6\">\n<div class=\"mx-auto flex flex-1 text-base gap-4 md:gap-5 lg:gap-6 md:max-w-3xl lg:max-w-[40rem] xl:max-w-[48rem]\">\n<div class=\"group\/conversation-turn relative flex w-full min-w-0 flex-col agent-turn @xs\/thread:px-0 @sm\/thread:px-1.5 @md\/thread:px-4\">\n<div class=\"flex-col gap-1 md:gap-3\">\n<div class=\"flex max-w-full flex-col flex-grow\">\n<div class=\"min-h-8 text-message relative flex w-full flex-col items-end gap-2 whitespace-normal break-words text-start [.text-message+&amp;]:mt-5\" dir=\"auto\" data-message-author-role=\"assistant\" data-message-id=\"762d7e41-70d5-4ddf-94cb-85ef5025d3a8\" data-message-model-slug=\"gpt-4o\">\n<div class=\"flex w-full flex-col gap-1 empty:hidden first:pt-[3px]\">\n<div class=\"markdown prose w-full break-words dark:prose-invert light\">\n<p>1. Melounov\u00fd led <strong><span style=\"color: #ff0000;\">&gt;&gt;&gt;&gt; \u017dhav\u00e9!<\/span><\/strong><br \/>\n2. Vodn\u00ed meloun led<br \/>\n3. Jahodov\u00fd meloun <strong><span style=\"color: #ff0000;\">&gt;&gt;&gt;&gt; \u017dhav\u00e9!<\/span><\/strong><br \/>\n4. Jahoda vodn\u00ed meloun<br \/>\n5. Bor\u016fvka malina<br \/>\n6. Bor\u016fvka vodn\u00ed meloun <strong><span style=\"color: #ff0000;\">&gt;&gt;&gt;&gt; \u017dhav\u00e9!<\/span><\/strong><br \/>\n7. Bor\u016fvkov\u00fd led<br \/>\n8. Bor\u016fvka led<br \/>\n9. Red Bull <strong><span style=\"color: #ff0000;\">&gt;&gt;&gt;&gt; \u017dhav\u00e9!<\/span><\/strong><br \/>\n10. Red Bull<br \/>\n11.Jahoda Kiwi<br \/>\n12. Jahoda Kiwi <strong><span style=\"color: #ff0000;\">&gt;&gt;&gt;&gt; Nejlep\u0161\u00ed!<\/span><\/strong><\/p>\n<\/div>\n<\/div>\n<\/div>\n<\/div>\n<\/div>\n<\/div>\n<\/div>\n<\/div>\n<\/article>\n<article class=\"w-full text-token-text-primary focus-visible:outline-2 focus-visible:outline-offset-[-4px]\" dir=\"auto\" data-testid=\"conversation-turn-32\" data-scroll-anchor=\"false\">\n<div class=\"m-auto text-base py-[18px] px-6\">\n<div class=\"mx-auto flex flex-1 text-base gap-4 md:gap-5 lg:gap-6 md:max-w-3xl lg:max-w-[40rem] xl:max-w-[48rem]\">\n<div class=\"group\/conversation-turn relative flex w-full min-w-0 flex-col @xs\/thread:px-0 @sm\/thread:px-1.5 @md\/thread:px-4\">\n<div class=\"flex-col gap-1 md:gap-3\">\n<div class=\"flex max-w-full flex-col flex-grow\">\n<div class=\"min-h-8 text-message flex w-full flex-col items-end gap-2 whitespace-normal break-words text-start [.text-message+&amp;]:mt-5\" dir=\"auto\" data-message-author-role=\"user\" data-message-id=\"ffac41ca-1db4-431b-873a-32c4052956f1\">\n<div class=\"flex w-full flex-col gap-1 empty:hidden items-end rtl:items-start\">\n<div class=\"relative max-w-[var(--user-chat-width,70%)] rounded-3xl bg-token-message-surface px-5 py-2.5\">\n<div class=\"absolute bottom-0 right-full top-0 -mr-3.5 hidden pr-5 pt-2 [.group\/conversation-turn:hover_&amp;]:flex\">\n<div class=\"flex\">\n<article class=\"w-full text-token-text-primary focus-visible:outline-2 focus-visible:outline-offset-[-4px]\" dir=\"auto\" data-testid=\"conversation-turn-39\" data-scroll-anchor=\"true\">\n<div class=\"m-auto text-base py-[18px] px-6\">\n<div class=\"mx-auto flex flex-1 text-base gap-4 md:gap-5 lg:gap-6 md:max-w-3xl lg:max-w-[40rem] xl:max-w-[48rem]\">\n<div class=\"group\/conversation-turn relative flex w-full min-w-0 flex-col agent-turn @xs\/thread:px-0 @sm\/thread:px-1.5 @md\/thread:px-4\">\n<div class=\"flex-col gap-1 md:gap-3\">\n<div class=\"flex max-w-full flex-col flex-grow\">\n<div class=\"min-h-8 text-message flex w-full flex-col items-end gap-2 whitespace-normal break-words text-start [.text-message+&amp;]:mt-5\" dir=\"auto\" data-message-author-role=\"assistant\" data-message-id=\"55a23854-ec57-48dd-bd4f-6118f43d6241\" data-message-model-slug=\"gpt-4o\">\n<div class=\"flex w-full flex-col gap-1 empty:hidden first:pt-[3px]\">\n<div class=\"markdown prose w-full break-words dark:prose-invert light\"><\/div>\n<\/div>\n<\/div>\n<\/div>\n<\/div>\n<\/div>\n<\/div>\n<\/div>\n<\/article>\n<\/div>\n<\/div>\n<\/div>\n<\/div>\n<\/div>\n<\/div>\n<\/div>\n<\/div>\n<\/div>\n<\/div>\n<\/article>\n<h3>Pro\u010d si vybrat Vapestornado pro hromadnou objedn\u00e1vku Bang Leader 32k 32000 potah\u016f Dob\u00edjec\u00edho Vapu?<\/h3>\n<div class=\"flex-shrink-0 flex flex-col relative items-end\">\n<div class=\"pt-0\">\n<div class=\"gizmo-bot-avatar flex h-8 w-8 items-center justify-center overflow-hidden rounded-full\">\n<div class=\"relative p-1 rounded-sm flex items-center justify-center bg-token-main-surface-primary text-token-text-primary h-8 w-8\">\n<p data-start=\"75\" data-end=\"479\">Kdy\u017e p\u0159ijde na vysokou kvalitu<strong data-start=\"92\" data-end=\"117\">\u00a0jednor\u00e1zov\u00e9 vape<\/strong>, <strong data-start=\"119\" data-end=\"152\">internetov\u00fd obchod s vapovac\u00edmi sadami Vapestornado v \u010cesk\u00e9 republice<\/strong> je c\u00edlovou destinac\u00ed pro <strong data-start=\"182\" data-end=\"202\">velkoobchodn\u00ed kupce<\/strong> hledaj\u00edc\u00ed <strong data-start=\"215\" data-end=\"257\">dostupn\u00e9 ceny a \u0161pi\u010dkovou kvalitu<\/strong>. Nab\u00edz\u00edme <strong data-start=\"268\" data-end=\"299\">exkluzivn\u00ed velkoobchodn\u00ed ceny<\/strong> na Bang Leader 20k Puffs, co\u017e maloobchodn\u00edk\u016fm a distributor\u016fm umo\u017e\u0148uje z\u00e1sobit se jedn\u00edm z nej\u017e\u00e1dan\u011bj\u0161\u00edch <strong data-start=\"412\" data-end=\"445\">dob\u00edjec\u00ed <a href=\"https:\/\/vapestornado.com\/cs\/product-category\/digital-box-disposable-vapes\/\">jednor\u00e1zov\u00e9 vape<\/a><\/strong> s <strong data-start=\"453\" data-end=\"476\">digit\u00e1ln\u00ed displej<\/strong>.<\/p>\n<\/div>\n<div class=\"relative p-1 rounded-sm flex items-center justify-center bg-token-main-surface-primary text-token-text-primary h-8 w-8\">\n<h3>\u010casto kladen\u00e9 ot\u00e1zky pro jednor\u00e1zovou E-cigaretu Bang Leader 32k potah\u016f<\/h3>\n<p data-start=\"2331\" data-end=\"2555\"><strong data-start=\"2331\" data-end=\"2395\">1. Jak funguje jednor\u00e1zov\u00fd vape Bang Leader 32000 potah\u016f se dv\u011bma pody?<\/strong><br data-start=\"2395\" data-end=\"2398\" \/>Toto za\u0159\u00edzen\u00ed disponuje <strong data-start=\"2419\" data-end=\"2464\">dv\u011b samostatn\u00e9 n\u00e1dr\u017ee na e-liquid (28ml + 28ml)<\/strong> a <strong data-start=\"2471\" data-end=\"2495\">tla\u010d\u00edtkem pro p\u0159ep\u00edn\u00e1n\u00ed p\u0159\u00edchut\u00ed<\/strong>, kter\u00e9 v\u00e1m umo\u017en\u00ed okam\u017eit\u011b st\u0159\u00eddat mezi dv\u011bma p\u0159\u00edchut\u011bmi.<\/p>\n<p data-start=\"2557\" data-end=\"2762\"><strong data-start=\"2557\" data-end=\"2613\">2. Je Vape Bang Leader 32000 potah\u016f dob\u00edjec\u00ed?<\/strong><br data-start=\"2613\" data-end=\"2616\" \/>Ano! Dod\u00e1v\u00e1 se s <strong data-start=\"2637\" data-end=\"2668\">650mAh dob\u00edjec\u00ed baterie<\/strong> a <strong data-start=\"2673\" data-end=\"2692\">Nab\u00edjen\u00ed typu C<\/strong>, co\u017e zajist\u00ed, \u017ee spot\u0159ebujete ve\u0161kerou e-liquid p\u0159ed v\u00fdm\u011bnou za\u0159\u00edzen\u00ed.<\/p>\n<p data-start=\"2764\" data-end=\"2911\"><strong data-start=\"2764\" data-end=\"2808\">3. Co zobrazuje digit\u00e1ln\u00ed displej?<\/strong><br data-start=\"2808\" data-end=\"2811\" \/>Ten <strong data-start=\"2815\" data-end=\"2872\">digit\u00e1ln\u00ed displej zobrazuje stav baterie a hladiny e-liquidu<\/strong>, co\u017e usnad\u0148uje sledov\u00e1n\u00ed va\u0161eho pou\u017e\u00edv\u00e1n\u00ed.<\/p>\n<p data-start=\"2913\" data-end=\"3094\"><strong data-start=\"2913\" data-end=\"2947\">4. Jak\u00e9 p\u0159\u00edchut\u011b jsou k dispozici?<\/strong><br data-start=\"2947\" data-end=\"2950\" \/>Na v\u00fdb\u011br je <strong data-start=\"2960\" data-end=\"2998\">12 jedine\u010dn\u00fdch kombinac\u00ed dvoj\u00edch p\u0159\u00edchut\u00ed<\/strong>, v\u010detn\u011b ovocn\u00fdch, ledov\u00fdch a n\u00e1pojov\u00fdch sm\u011bs\u00ed inspirovan\u00fdch energetick\u00fdmi n\u00e1poji, co\u017e ku\u0159\u00e1k\u016fm poskytuje rozmanit\u00fd z\u00e1\u017eitek.<\/p>\n<p data-start=\"3096\" data-end=\"3339\"><strong data-start=\"3096\" data-end=\"3173\">5. Kde si mohu koupit Vape Bang Leader 32000 potah\u016f za velkoobchodn\u00ed cenu?<\/strong><br data-start=\"3173\" data-end=\"3176\" \/>Pro <strong data-start=\"3180\" data-end=\"3225\">hromadn\u00e9 objedn\u00e1vky a nejlep\u0161\u00ed velkoobchodn\u00ed ceny<\/strong>, nav\u0161tivte <strong data-start=\"3233\" data-end=\"3266\">internetov\u00fd obchod s vapovac\u00edmi sadami Vapestornado v \u010cesk\u00e9 republice<\/strong>, v\u00e1\u0161 d\u016fv\u011bryhodn\u00fd zdroj pro <strong data-start=\"3292\" data-end=\"3336\">cenov\u011b dostupn\u00e9 dob\u00edjec\u00ed jednor\u00e1zov\u00e9 vapy<\/strong>.<\/p>\n<\/div>\n<\/div>\n<\/div>\n<\/div>","protected":false},"excerpt":{"rendered":"<p>Bang Leader 32K Dual Flavors Box Vape tov\u00e1rn\u00ed cena<br \/>\nBang Leader 32000 pot\u00e1hnut\u00ed, du\u00e1ln\u00ed pody, dvojit\u00e9 p\u0159\u00edchut\u011b, zv\u00fdhodn\u011bn\u00e1 cena<br \/>\nBang 32000 pot\u00e1hnut\u00ed, dob\u00edjec\u00ed e-cigareta, jednor\u00e1zov\u00fd vape, velkoobchod<\/p>\n<p><strong>P\u0159idejte si Amy na Whatsapp, abyste z\u00edskali spr\u00e1vnou odpov\u011b\u010f a slevu!<\/strong><\/p>\n<p><img fetchpriority=\"high\" decoding=\"async\" class=\"size-full wp-image-2932\" src=\"https:\/\/vapestornado.com\/wp-content\/uploads\/2024\/12\/Vape-Wholesale.jpg\" alt=\"Velkoobchod s vape\" width=\"229\" height=\"300\" \/><\/p>\n<h3><a href=\"https:\/\/wa.me\/8617776015835\"><span style=\"color: #ff0000;\"><strong>WhatsApp: +86 17776015835<\/strong><\/span><\/a><\/h3>\n<p>&nbsp;<\/p>","protected":false},"featured_media":3882,"comment_status":"open","ping_status":"closed","template":"","meta":{"_acf_changed":false,"_uag_custom_page_level_css":"","_lmt_disableupdate":"no","_lmt_disable":"","_monsterinsights_skip_tracking":false,"_monsterinsights_sitenote_active":false,"_monsterinsights_sitenote_note":"","_monsterinsights_sitenote_category":0,"site-sidebar-layout":"default","site-content-layout":"","ast-site-content-layout":"default","site-content-style":"default","site-sidebar-style":"default","ast-global-header-display":"","ast-banner-title-visibility":"","ast-main-header-display":"","ast-hfb-above-header-display":"","ast-hfb-below-header-display":"","ast-hfb-mobile-header-display":"","site-post-title":"","ast-breadcrumbs-content":"","ast-featured-img":"","footer-sml-layout":"","ast-disable-related-posts":"","theme-transparent-header-meta":"default","adv-header-id-meta":"","stick-header-meta":"","header-above-stick-meta":"","header-main-stick-meta":"","header-below-stick-meta":"","astra-migrate-meta-layouts":"set","ast-page-background-enabled":"default","ast-page-background-meta":{"desktop":{"background-color":"","background-image":"","background-repeat":"repeat","background-position":"center center","background-size":"auto","background-attachment":"scroll","background-type":"","background-media":"","overlay-type":"","overlay-color":"","overlay-opacity":"","overlay-gradient":""},"tablet":{"background-color":"","background-image":"","background-repeat":"repeat","background-position":"center center","background-size":"auto","background-attachment":"scroll","background-type":"","background-media":"","overlay-type":"","overlay-color":"","overlay-opacity":"","overlay-gradient":""},"mobile":{"background-color":"","background-image":"","background-repeat":"repeat","background-position":"center center","background-size":"auto","background-attachment":"scroll","background-type":"","background-media":"","overlay-type":"","overlay-color":"","overlay-opacity":"","overlay-gradient":""}},"ast-content-background-meta":{"desktop":{"background-color":"var(--ast-global-color-5)","background-image":"","background-repeat":"repeat","background-position":"center center","background-size":"auto","background-attachment":"scroll","background-type":"","background-media":"","overlay-type":"","overlay-color":"","overlay-opacity":"","overlay-gradient":""},"tablet":{"background-color":"var(--ast-global-color-5)","background-image":"","background-repeat":"repeat","background-position":"center center","background-size":"auto","background-attachment":"scroll","background-type":"","background-media":"","overlay-type":"","overlay-color":"","overlay-opacity":"","overlay-gradient":""},"mobile":{"background-color":"var(--ast-global-color-5)","background-image":"","background-repeat":"repeat","background-position":"center center","background-size":"auto","background-attachment":"scroll","background-type":"","background-media":"","overlay-type":"","overlay-color":"","overlay-opacity":"","overlay-gradient":""}},"_joinchat":{"telephone":"17776015835"}},"product_brand":[],"product_cat":[19,262,278,153,158,143,146],"product_tag":[261,260,473,196,94,240,93],"class_list":{"0":"post-3888","1":"product","2":"type-product","3":"status-publish","4":"has-post-thumbnail","6":"product_cat-vapes","7":"product_cat-32000-puff","8":"product_cat-bang-leader-vape","9":"product_cat-buy-disposable-vapes-in-italy","10":"product_cat-buy-disposable-vapes-in-spain","11":"product_cat-dual-mesh-disposable-vapes","12":"product_cat-rechargeable-disposable-vapes","13":"product_tag-2-in-1-double-flavor-vape","14":"product_tag-bang-leader-32000","15":"product_tag-bang-leader-32k","16":"product_tag-bang-vape","17":"product_tag-rechargeable-disposable-vape","18":"product_tag-twins-flavor-disposable-vape","19":"product_tag-vape-wholesale","20":"desktop-align-left","21":"tablet-align-left","22":"mobile-align-left","24":"first","25":"instock","26":"sale","27":"shipping-taxable","28":"purchasable","29":"product-type-simple"},"acf":[],"uagb_featured_image_src":{"full":["https:\/\/vapestornado.com\/wp-content\/uploads\/2025\/03\/Bang-Leader-32K-Dual-Flavors-Box-Vape.webp",800,800,false],"thumbnail":["https:\/\/vapestornado.com\/wp-content\/uploads\/2025\/03\/Bang-Leader-32K-Dual-Flavors-Box-Vape-150x150.webp",150,150,true],"medium":["https:\/\/vapestornado.com\/wp-content\/uploads\/2025\/03\/Bang-Leader-32K-Dual-Flavors-Box-Vape-300x300.webp",300,300,true],"medium_large":["https:\/\/vapestornado.com\/wp-content\/uploads\/2025\/03\/Bang-Leader-32K-Dual-Flavors-Box-Vape-768x768.webp",768,768,true],"large":["https:\/\/vapestornado.com\/wp-content\/uploads\/2025\/03\/Bang-Leader-32K-Dual-Flavors-Box-Vape.webp",800,800,false],"1536x1536":["https:\/\/vapestornado.com\/wp-content\/uploads\/2025\/03\/Bang-Leader-32K-Dual-Flavors-Box-Vape.webp",800,800,false],"2048x2048":["https:\/\/vapestornado.com\/wp-content\/uploads\/2025\/03\/Bang-Leader-32K-Dual-Flavors-Box-Vape.webp",800,800,false],"trp-custom-language-flag":["https:\/\/vapestornado.com\/wp-content\/uploads\/2025\/03\/Bang-Leader-32K-Dual-Flavors-Box-Vape.webp",12,12,false],"woocommerce_thumbnail":["https:\/\/vapestornado.com\/wp-content\/uploads\/2025\/03\/Bang-Leader-32K-Dual-Flavors-Box-Vape-300x300.webp",300,300,true],"woocommerce_single":["https:\/\/vapestornado.com\/wp-content\/uploads\/2025\/03\/Bang-Leader-32K-Dual-Flavors-Box-Vape-600x600.webp",600,600,true],"woocommerce_gallery_thumbnail":["https:\/\/vapestornado.com\/wp-content\/uploads\/2025\/03\/Bang-Leader-32K-Dual-Flavors-Box-Vape-100x100.webp",100,100,true]},"uagb_author_info":{"display_name":"ESAMY","author_link":"https:\/\/vapestornado.com\/cs\/author\/"},"uagb_comment_info":0,"uagb_excerpt":"Bang Leader 32K Dual Flavors Box Vape Factory Price Bang Leader 32000 Puffs Dual Pods Double Flavors Discount Price Bang 32000 Puffs Rechargeable E-Cigarette Disposable Vape Wholesale Add Amy's whatsapp to get right reply and discount price! WhatsApp: +86 17776015835 &nbsp;","_links":{"self":[{"href":"https:\/\/vapestornado.com\/cs\/wp-json\/wp\/v2\/product\/3888","targetHints":{"allow":["GET"]}}],"collection":[{"href":"https:\/\/vapestornado.com\/cs\/wp-json\/wp\/v2\/product"}],"about":[{"href":"https:\/\/vapestornado.com\/cs\/wp-json\/wp\/v2\/types\/product"}],"replies":[{"embeddable":true,"href":"https:\/\/vapestornado.com\/cs\/wp-json\/wp\/v2\/comments?post=3888"}],"wp:featuredmedia":[{"embeddable":true,"href":"https:\/\/vapestornado.com\/cs\/wp-json\/wp\/v2\/media\/3882"}],"wp:attachment":[{"href":"https:\/\/vapestornado.com\/cs\/wp-json\/wp\/v2\/media?parent=3888"}],"wp:term":[{"taxonomy":"product_brand","embeddable":true,"href":"https:\/\/vapestornado.com\/cs\/wp-json\/wp\/v2\/product_brand?post=3888"},{"taxonomy":"product_cat","embeddable":true,"href":"https:\/\/vapestornado.com\/cs\/wp-json\/wp\/v2\/product_cat?post=3888"},{"taxonomy":"product_tag","embeddable":true,"href":"https:\/\/vapestornado.com\/cs\/wp-json\/wp\/v2\/product_tag?post=3888"}],"curies":[{"name":"wp","href":"https:\/\/api.w.org\/{rel}","templated":true}]}}