{"id":3862,"date":"2025-03-17T02:07:39","date_gmt":"2025-03-17T02:07:39","guid":{"rendered":"https:\/\/vapestornado.com\/?post_type=product&#038;p=3862"},"modified":"2025-08-23T09:08:02","modified_gmt":"2025-08-23T09:08:02","slug":"fihp-digital-box-12000-puffs-wholesale-disposable-vapes-2-5-low-nicotine-rechargeable-bulk-price","status":"publish","type":"product","link":"https:\/\/vapestornado.com\/cs\/product\/fihp-digital-box-12000-puffs-wholesale-disposable-vapes-2-5-low-nicotine-rechargeable-bulk-price\/","title":{"rendered":"FIHP Digital Box 12000 pota\u017een\u00ed, velkoobchodn\u00ed jednor\u00e1zov\u00e9 vapy, 2% 5% n\u00edzk\u00fd obsah nikotinu, dob\u00edjec\u00ed, hromadn\u00e1 cena"},"content":{"rendered":"<h1 data-pm-slice=\"1 1 []\">FIHP Digital Box 12000 pota\u017een\u00ed, velkoobchodn\u00ed jednor\u00e1zov\u00e9 vapy, 2% 5% n\u00edzk\u00fd obsah nikotinu, dob\u00edjec\u00ed, hromadn\u00e1 cena<\/h1>\n<h2 data-start=\"0\" data-end=\"86\"><strong data-start=\"4\" data-end=\"84\">FIHP Digital Box 12000 Puffs \u2013 Dob\u00edjec\u00ed jednor\u00e1zov\u00fd vape s LED displejem<\/strong><\/h2>\n<p data-start=\"324\" data-end=\"581\">Ten <strong data-start=\"328\" data-end=\"376\">FIHP Digit\u00e1ln\u00ed Box 12000 Vdech\u016f Jednor\u00e1zov\u00e1 Vape<\/strong> je ur\u010den pro vapery, kte\u0159\u00ed cht\u011bj\u00ed prodlou\u017een\u00fd v\u00fdkon a pohodl\u00ed. S a\u017e <strong data-start=\"458\" data-end=\"474\">12 000 pot\u00e1hnut\u00ed<\/strong> a <strong data-start=\"481\" data-end=\"518\">objemu 20 ml p\u0159edpln\u011bn\u00e9ho e-liquidu<\/strong>, poskytuje dlouhodob\u00e9 pou\u017e\u00edv\u00e1n\u00ed s konzistentn\u00edm v\u00fdstupem chuti.<\/p>\n<p data-start=\"583\" data-end=\"835\">Poh\u00e1n\u011bno <strong data-start=\"596\" data-end=\"627\">650mAh dob\u00edjec\u00ed baterie<\/strong> a <strong data-start=\"632\" data-end=\"656\">Rychl\u00e9 nab\u00edjen\u00ed Type-C<\/strong>, toto za\u0159\u00edzen\u00ed zaji\u0161\u0165uje maxim\u00e1ln\u00ed efektivitu bez zbyte\u010dn\u00e9ho e-liquidu. The <strong data-start=\"726\" data-end=\"749\">LED digit\u00e1ln\u00ed displej<\/strong> zobrazuje po\u010det vdech\u016f v re\u00e1ln\u00e9m \u010dase a \u017eivotnost baterie, tak\u017ee u\u017eivatel\u00e9 maj\u00ed neust\u00e1le kontrolu.<\/p>\n<p data-start=\"837\" data-end=\"1032\">Vybaveno <strong data-start=\"853\" data-end=\"871\">1.0\u03a9 s\u00ed\u0165ov\u00e1 c\u00edvka<\/strong>, FIHP 12K poskytuje hladkou p\u00e1ru a bohatou chu\u0165 p\u0159i ka\u017ed\u00e9m pot\u00e1hnut\u00ed. K dispozici v <strong data-start=\"952\" data-end=\"984\">S\u00edly nikotinu 2% a 5%<\/strong>, je ur\u010den pro m\u00edrn\u00e9 i siln\u00e9 vapery.<\/p>\n<p data-start=\"1034\" data-end=\"1225\">Pro velkoobchodn\u00edky a maloobchodn\u00edky, <strong data-start=\"1069\" data-end=\"1101\">FIHP Digit\u00e1ln\u00ed Box 12000 Vdech\u016f<\/strong> nab\u00edz\u00ed silnou tr\u017en\u00ed p\u0159ita\u017elivost s hromadn\u00fdmi slevami a spolehliv\u00fdmi dod\u00e1vkami, co\u017e z n\u011bj \u010din\u00ed ziskovou volbu pro invent\u00e1\u0159 v roce 2025.<\/p>\n<h2 data-start=\"2173\" data-end=\"2228\"><strong data-start=\"2178\" data-end=\"2226\">Velkoobchodn\u00ed ceny<\/strong><\/h2>\n<p data-start=\"2229\" data-end=\"2480\">Ide\u00e1ln\u00ed pro maloobchodn\u00edky, majitele obchod\u016f s vapes a velkoobchodn\u00ed kupce, <strong data-start=\"2291\" data-end=\"2328\">Vape FIHP Digital Box 12000 Puffs<\/strong> je k dispozici na <strong data-start=\"2345\" data-end=\"2369\">n\u00edzk\u00e9 velkoobchodn\u00ed ceny<\/strong>. Pokud hled\u00e1te <strong data-start=\"2399\" data-end=\"2429\">nejlep\u0161\u00ed hromadn\u00e9 jednor\u00e1zov\u00e9 vapy<\/strong>, toto je nezbytn\u00fd dopln\u011bk pro v\u00e1\u0161 invent\u00e1\u0159.<\/p>\n<p><strong><span style=\"color: #ff0000;\">P\u0159idejte si WhatsApp Amy a z\u00edskejte okam\u017eitou odpov\u011b\u010f a zv\u00fdhodn\u011bnou cenu!<\/span><\/strong><\/p>\n<p><img fetchpriority=\"high\" decoding=\"async\" class=\"size-full wp-image-2932\" src=\"https:\/\/vapestornado.com\/wp-content\/uploads\/2024\/12\/Vape-Wholesale.jpg\" alt=\"Velkoobchod s vape\" width=\"229\" height=\"300\" \/><\/p>\n<h3><a href=\"https:\/\/wa.me\/8617776015835\" target=\"_blank\" rel=\"noopener\"><span style=\"color: #ff0000;\"><strong>WhatsApp: +86 17776015835<\/strong><\/span><\/a><\/h3>\n<p>&nbsp;<\/p>\n<h2><strong>FIHP Digital Box 12000 pot\u00e1hnut\u00ed Kl\u00ed\u010dov\u00e9 vlastnosti produktu<\/strong><\/h2>\n<p>Zna\u010dka: FIHP<br \/>\nPot\u00e1hnut\u00ed: 12000 pot\u00e1hnut\u00ed<br \/>\nJ\u00e1dro: S\u00ed\u0165ov\u00e1 c\u00edvka 1,0ohm<br \/>\nE-liquid: Kapacita 20 ml<br \/>\nNikotin: 2% a 5%<br \/>\nBaterie: 650mAh<br \/>\nDob\u00edjec\u00ed: Typ-C<br \/>\nDisplej: LED displej pro olej a baterii<\/p>\n<h2 class=\"product-title\"><strong>Seznam p\u0159\u00edchut\u00ed inteligentn\u00edho vapu FIHP Digital Box 12k<\/strong><\/h2>\n<article class=\"group\/turn w-full text-token-text-primary focus-visible:outline-2 focus-visible:outline-offset-[-4px]\" dir=\"auto\" data-testid=\"conversation-turn-61\" data-scroll-anchor=\"true\">\n<div class=\"text-base my-auto mx-auto py-[18px] px-6\">\n<div class=\"mx-auto flex flex-1 text-base gap-4 md:gap-5 lg:gap-6 md:max-w-3xl lg:max-w-[40rem] xl:max-w-[48rem]\">\n<div class=\"group\/conversation-turn relative flex w-full min-w-0 flex-col agent-turn @xs\/thread:px-0 @sm\/thread:px-1.5 @md\/thread:px-4\">\n<div class=\"flex-col gap-1 md:gap-3\">\n<div class=\"flex max-w-full flex-col flex-grow\">\n<div class=\"min-h-8 text-message relative flex w-full flex-col items-end gap-2 whitespace-normal break-words text-start [.text-message+&amp;]:mt-5\" dir=\"auto\" data-message-author-role=\"assistant\" data-message-id=\"762d7e41-70d5-4ddf-94cb-85ef5025d3a8\" data-message-model-slug=\"gpt-4o\">\n<div class=\"flex w-full flex-col gap-1 empty:hidden first:pt-[3px]\">\n<div class=\"markdown prose w-full break-words dark:prose-invert light\">\n<p>01. Syt\u00fd led <strong><span style=\"color: #ff0000;\">&gt;&gt;&gt;&gt; \u017dhav\u00e9!<\/span><\/strong><br \/>\n02. Hroznov\u00fd led<br \/>\n03. T\u0159e\u0161e\u0148<br \/>\n04. Bor\u016fvka Malina <strong><span style=\"color: #ff0000;\">&gt;&gt;&gt;&gt; \u017dhav\u00e9!<\/span><\/strong><br \/>\n05. Jahoda Kiwi<br \/>\n06. Sm\u00ed\u0161en\u00e9 bobule <strong><span style=\"color: #ff0000;\">&gt;&gt;&gt;&gt; \u017dhav\u00e9!<\/span><\/strong><br \/>\n07. Jahoda Vodn\u00ed meloun<br \/>\n08. Vodn\u00ed meloun \u017dv\u00fdka\u010dka<br \/>\n09. Broskvov\u00e9 mango ananas<br \/>\n10. Kiwi Mu\u010denka Guava <strong><span style=\"color: #ff0000;\">&gt;&gt;&gt;&gt; \u017dhav\u00e9!<\/span><\/strong><\/p>\n<\/div>\n<\/div>\n<\/div>\n<\/div>\n<\/div>\n<\/div>\n<\/div>\n<\/div>\n<\/article>\n<article class=\"w-full text-token-text-primary focus-visible:outline-2 focus-visible:outline-offset-[-4px]\" dir=\"auto\" data-testid=\"conversation-turn-32\" data-scroll-anchor=\"false\">\n<div class=\"m-auto text-base py-[18px] px-6\">\n<div class=\"mx-auto flex flex-1 text-base gap-4 md:gap-5 lg:gap-6 md:max-w-3xl lg:max-w-[40rem] xl:max-w-[48rem]\">\n<div class=\"group\/conversation-turn relative flex w-full min-w-0 flex-col @xs\/thread:px-0 @sm\/thread:px-1.5 @md\/thread:px-4\">\n<div class=\"flex-col gap-1 md:gap-3\">\n<div class=\"flex max-w-full flex-col flex-grow\">\n<div class=\"min-h-8 text-message flex w-full flex-col items-end gap-2 whitespace-normal break-words text-start [.text-message+&amp;]:mt-5\" dir=\"auto\" data-message-author-role=\"user\" data-message-id=\"ffac41ca-1db4-431b-873a-32c4052956f1\">\n<div class=\"flex w-full flex-col gap-1 empty:hidden items-end rtl:items-start\">\n<div class=\"relative max-w-[var(--user-chat-width,70%)] rounded-3xl bg-token-message-surface px-5 py-2.5\">\n<div class=\"absolute bottom-0 right-full top-0 -mr-3.5 hidden pr-5 pt-2 [.group\/conversation-turn:hover_&amp;]:flex\">\n<div class=\"flex\">\n<article class=\"w-full text-token-text-primary focus-visible:outline-2 focus-visible:outline-offset-[-4px]\" dir=\"auto\" data-testid=\"conversation-turn-39\" data-scroll-anchor=\"true\">\n<div class=\"m-auto text-base py-[18px] px-6\">\n<div class=\"mx-auto flex flex-1 text-base gap-4 md:gap-5 lg:gap-6 md:max-w-3xl lg:max-w-[40rem] xl:max-w-[48rem]\">\n<div class=\"group\/conversation-turn relative flex w-full min-w-0 flex-col agent-turn @xs\/thread:px-0 @sm\/thread:px-1.5 @md\/thread:px-4\">\n<div class=\"flex-col gap-1 md:gap-3\">\n<div class=\"flex max-w-full flex-col flex-grow\">\n<div class=\"min-h-8 text-message flex w-full flex-col items-end gap-2 whitespace-normal break-words text-start [.text-message+&amp;]:mt-5\" dir=\"auto\" data-message-author-role=\"assistant\" data-message-id=\"55a23854-ec57-48dd-bd4f-6118f43d6241\" data-message-model-slug=\"gpt-4o\">\n<div class=\"flex w-full flex-col gap-1 empty:hidden first:pt-[3px]\">\n<div class=\"markdown prose w-full break-words dark:prose-invert light\">\n<figure id=\"attachment_3835\" aria-describedby=\"caption-attachment-3835\" style=\"width: 800px\" class=\"wp-caption alignnone\"><img decoding=\"async\" class=\"wp-image-3835 size-full\" src=\"https:\/\/vapestornado.com\/wp-content\/uploads\/2025\/03\/FIHP-12000-Puffs-2-5-Low-Nicotine-Disposable-Vape.webp\" alt=\"FIHP 12000 pot\u00e1hnut\u00ed 2% 5% N\u00edzk\u00fd obsah nikotinu Jednor\u00e1zov\u00fd Vape\" width=\"800\" height=\"800\" srcset=\"https:\/\/vapestornado.com\/wp-content\/uploads\/2025\/03\/FIHP-12000-Puffs-2-5-Low-Nicotine-Disposable-Vape.webp 800w, https:\/\/vapestornado.com\/wp-content\/uploads\/2025\/03\/FIHP-12000-Puffs-2-5-Low-Nicotine-Disposable-Vape-300x300.webp 300w, https:\/\/vapestornado.com\/wp-content\/uploads\/2025\/03\/FIHP-12000-Puffs-2-5-Low-Nicotine-Disposable-Vape-150x150.webp 150w, https:\/\/vapestornado.com\/wp-content\/uploads\/2025\/03\/FIHP-12000-Puffs-2-5-Low-Nicotine-Disposable-Vape-768x768.webp 768w, https:\/\/vapestornado.com\/wp-content\/uploads\/2025\/03\/FIHP-12000-Puffs-2-5-Low-Nicotine-Disposable-Vape-600x600.webp 600w, https:\/\/vapestornado.com\/wp-content\/uploads\/2025\/03\/FIHP-12000-Puffs-2-5-Low-Nicotine-Disposable-Vape-100x100.webp 100w\" sizes=\"(max-width: 800px) 100vw, 800px\" \/><figcaption id=\"caption-attachment-3835\" class=\"wp-caption-text\">FIHP 12000 pot\u00e1hnut\u00ed 2% 5% N\u00edzk\u00fd obsah nikotinu Jednor\u00e1zov\u00fd Vape<\/figcaption><\/figure>\n<\/div>\n<\/div>\n<\/div>\n<\/div>\n<\/div>\n<\/div>\n<\/div>\n<\/div>\n<\/article>\n<\/div>\n<\/div>\n<\/div>\n<\/div>\n<\/div>\n<\/div>\n<\/div>\n<\/div>\n<\/div>\n<\/div>\n<\/article>\n<h3>Pro\u010d si vybrat Vapestornado pro hromadnou objedn\u00e1vku digit\u00e1ln\u00edho vapu FIHP Digital Box 12000 Puff?<\/h3>\n<div class=\"flex-shrink-0 flex flex-col relative items-end\">\n<div class=\"pt-0\">\n<div class=\"gizmo-bot-avatar flex h-8 w-8 items-center justify-center overflow-hidden rounded-full\">\n<div class=\"relative p-1 rounded-sm flex items-center justify-center bg-token-main-surface-primary text-token-text-primary h-8 w-8\">\n<p>Pokud jde o <strong data-start=\"97\" data-end=\"127\">velkoobchodn\u00ed jednor\u00e1zov\u00e9 vapky<\/strong>, <strong data-start=\"129\" data-end=\"162\">internetov\u00fd obchod s vapovac\u00edmi sadami Vapestornado v \u010cesk\u00e9 republice<\/strong> je va\u0161e kone\u010dn\u00e1 destinace! Nab\u00edz\u00edme <strong data-start=\"202\" data-end=\"230\">konkuren\u010dn\u00ed velkoobchodn\u00ed ceny<\/strong>, co\u017e zaru\u010duje, \u017ee z\u00edsk\u00e1te nejlep\u0161\u00ed nab\u00eddky na FIHP Digital Box 12000 Puffs <strong data-start=\"271\" data-end=\"302\">Vape<\/strong> ani\u017e by byla ohro\u017eena kvalita. D\u00edky <strong data-start=\"338\" data-end=\"355\">rychl\u00e9 dod\u00e1n\u00ed<\/strong>, <strong data-start=\"357\" data-end=\"380\">bezpe\u010dn\u00fdm transakc\u00edm<\/strong>a \u0161irok\u00e9mu v\u00fdb\u011bru <strong data-start=\"406\" data-end=\"434\">obl\u00edben\u00fdch jednor\u00e1zov\u00fdch vap\u016f<\/strong>je u n\u00e1s velkoobjemov\u00fd n\u00e1kup bezprobl\u00e9mov\u00fd. Nav\u00edc, n\u00e1\u0161 <strong data-start=\"483\" data-end=\"508\">t\u00fdm z\u00e1kaznick\u00e9 podpory<\/strong> je v\u017edy p\u0159ipraven pomoci s va\u0161imi velkoobchodn\u00edmi dotazy. A\u0165 u\u017e jste maloobchodn\u00edk nebo distributor, <strong data-start=\"608\" data-end=\"650\">Vapestornado nab\u00edz\u00ed bezkonkuren\u010dn\u00ed hodnotu<\/strong> na vysoce kvalitn\u00ed <strong data-start=\"667\" data-end=\"708\">dob\u00edjec\u00ed vapy s chytr\u00fdmi obrazovkami<\/strong>. Objednejte je\u0161t\u011b dnes a z\u00e1sobte se nejnov\u011bj\u0161\u00edmi <strong data-start=\"749\" data-end=\"782\">dlouhotrvaj\u00edc\u00edmi jednor\u00e1zov\u00fdmi vapy<\/strong> za nejlep\u0161\u00ed ceny!<\/p>\n<\/div>\n<h3><\/h3>\n<div class=\"relative p-1 rounded-sm flex items-center justify-center bg-token-main-surface-primary text-token-text-primary h-8 w-8\">\n<h3>\u010casto kladen\u00e9 ot\u00e1zky pro jednor\u00e1zovou E-cigaretu FIHP 12k<\/h3>\n<p data-start=\"2534\" data-end=\"2730\"><strong data-start=\"2534\" data-end=\"2598\">1. Jak dlouho vydr\u017e\u00ed FIHP Digital Box 12000 Puffs Vape?<\/strong><br data-start=\"2598\" data-end=\"2601\" \/>S <strong data-start=\"2606\" data-end=\"2633\">12 000 pot\u00e1hnut\u00ed na za\u0159\u00edzen\u00ed<\/strong>, tento vape je navr\u017een pro dlouhodob\u00e9 pou\u017e\u00edv\u00e1n\u00ed. Skute\u010dn\u00e1 \u017eivotnost z\u00e1vis\u00ed na frekvenci va\u0161eho vapov\u00e1n\u00ed.<\/p>\n<p data-start=\"2732\" data-end=\"2928\"><strong data-start=\"2732\" data-end=\"2781\">2. Je FIHP 12000 Puffs Vape dob\u00edjec\u00ed?<\/strong><br data-start=\"2781\" data-end=\"2784\" \/>Ano! Je vybaven <strong data-start=\"2803\" data-end=\"2834\">650mAh dob\u00edjec\u00ed baterie<\/strong> a <strong data-start=\"2841\" data-end=\"2865\">nab\u00edjec\u00edm portem typu C<\/strong>, zaji\u0161\u0165uj\u00edc\u00ed efektivn\u00ed spr\u00e1vu nap\u00e1jen\u00ed a del\u0161\u00ed pou\u017eitelnost.<\/p>\n<p data-start=\"2930\" data-end=\"3100\"><strong data-start=\"2930\" data-end=\"2976\">3. Co ukazuje digit\u00e1ln\u00ed LED displej?<\/strong><br data-start=\"2976\" data-end=\"2979\" \/>Ten <strong data-start=\"2983\" data-end=\"2997\">LED displej<\/strong> zobrazuje <strong data-start=\"3007\" data-end=\"3038\">\u017eivotnost baterie a po\u010det pot\u00e1hnut\u00ed<\/strong>, co\u017e v\u00e1m pom\u016f\u017ee m\u00edt neust\u00e1le p\u0159ehled o stavu va\u0161eho vapy.<\/p>\n<p data-start=\"3102\" data-end=\"3272\"><strong data-start=\"3102\" data-end=\"3147\">4. Jak\u00e9 s\u00edly nikotinu jsou k dispozici?<\/strong><br data-start=\"3147\" data-end=\"3150\" \/>FIHP 12000 je k dispozici v <strong data-start=\"3181\" data-end=\"3227\">2% (n\u00edzk\u00fd obsah nikotinu) a 5% (siln\u00fd obsah nikotinu)<\/strong>, vyhovuj\u00edc\u00ed r\u016fzn\u00fdm preferenc\u00edm vapingu.<\/p>\n<p data-start=\"3274\" data-end=\"3531\"><strong data-start=\"3274\" data-end=\"3355\">5. Kde si mohu koupit FIHP Digital Box 12000 Puffs Vape za velkoobchodn\u00ed ceny?<\/strong><br data-start=\"3355\" data-end=\"3358\" \/>Pro <strong data-start=\"3362\" data-end=\"3397\">hromadn\u00e9 objedn\u00e1vky a velkoobchodn\u00ed nab\u00eddky<\/strong>, nav\u0161tivte <strong data-start=\"3405\" data-end=\"3438\">internetov\u00fd obchod s vapovac\u00edmi sadami Vapestornado v \u010cesk\u00e9 republice<\/strong>, nejlep\u0161\u00ed m\u00edsto k z\u00edsk\u00e1n\u00ed <strong data-start=\"3462\" data-end=\"3506\">cenov\u011b dostupn\u00e9 dob\u00edjec\u00ed jednor\u00e1zov\u00e9 vapy<\/strong> s pr\u00e9miov\u00fdmi funkcemi.<\/p>\n<\/div>\n<\/div>\n<\/div>\n<\/div>","protected":false},"excerpt":{"rendered":"<p>FIHP Digital Box 12k 12000 pot\u00e1hnut\u00ed jednor\u00e1zov\u00e1 e-cigareta nejlep\u0161\u00ed cena<br \/>\nFIHP Digital Box 12000 obrazovka jednor\u00e1zov\u00e1 e-cigareta velkoobchod v \u010cesk\u00e9 republice<br \/>\nFIHP 12000 Digital jednor\u00e1zov\u00e1 e-cigareta box nejlep\u0161\u00ed p\u0159\u00edchu\u0165 ve v\u00fdprodeji<\/p>\n<p><strong>P\u0159idejte si Amy na Whatsapp, abyste z\u00edskali spr\u00e1vnou odpov\u011b\u010f a slevu!<\/strong><\/p>\n<p><img fetchpriority=\"high\" decoding=\"async\" class=\"size-full wp-image-2932\" src=\"https:\/\/vapestornado.com\/wp-content\/uploads\/2024\/12\/Vape-Wholesale.jpg\" alt=\"Velkoobchod s vape\" width=\"229\" height=\"300\" \/><\/p>\n<h3><a href=\"https:\/\/wa.me\/8617776015835\"><span style=\"color: #ff0000;\"><strong>WhatsApp: +86 17776015835<\/strong><\/span><\/a><\/h3>\n<p>&nbsp;<\/p>","protected":false},"featured_media":3837,"comment_status":"open","ping_status":"closed","template":"","meta":{"_acf_changed":false,"_uag_custom_page_level_css":"","_lmt_disableupdate":"no","_lmt_disable":"","_monsterinsights_skip_tracking":false,"_monsterinsights_sitenote_active":false,"_monsterinsights_sitenote_note":"","_monsterinsights_sitenote_category":0,"site-sidebar-layout":"default","site-content-layout":"","ast-site-content-layout":"default","site-content-style":"default","site-sidebar-style":"default","ast-global-header-display":"","ast-banner-title-visibility":"","ast-main-header-display":"","ast-hfb-above-header-display":"","ast-hfb-below-header-display":"","ast-hfb-mobile-header-display":"","site-post-title":"","ast-breadcrumbs-content":"","ast-featured-img":"","footer-sml-layout":"","ast-disable-related-posts":"","theme-transparent-header-meta":"default","adv-header-id-meta":"","stick-header-meta":"","header-above-stick-meta":"","header-main-stick-meta":"","header-below-stick-meta":"","astra-migrate-meta-layouts":"set","ast-page-background-enabled":"default","ast-page-background-meta":{"desktop":{"background-color":"","background-image":"","background-repeat":"repeat","background-position":"center center","background-size":"auto","background-attachment":"scroll","background-type":"","background-media":"","overlay-type":"","overlay-color":"","overlay-opacity":"","overlay-gradient":""},"tablet":{"background-color":"","background-image":"","background-repeat":"repeat","background-position":"center center","background-size":"auto","background-attachment":"scroll","background-type":"","background-media":"","overlay-type":"","overlay-color":"","overlay-opacity":"","overlay-gradient":""},"mobile":{"background-color":"","background-image":"","background-repeat":"repeat","background-position":"center center","background-size":"auto","background-attachment":"scroll","background-type":"","background-media":"","overlay-type":"","overlay-color":"","overlay-opacity":"","overlay-gradient":""}},"ast-content-background-meta":{"desktop":{"background-color":"var(--ast-global-color-5)","background-image":"","background-repeat":"repeat","background-position":"center center","background-size":"auto","background-attachment":"scroll","background-type":"","background-media":"","overlay-type":"","overlay-color":"","overlay-opacity":"","overlay-gradient":""},"tablet":{"background-color":"var(--ast-global-color-5)","background-image":"","background-repeat":"repeat","background-position":"center center","background-size":"auto","background-attachment":"scroll","background-type":"","background-media":"","overlay-type":"","overlay-color":"","overlay-opacity":"","overlay-gradient":""},"mobile":{"background-color":"var(--ast-global-color-5)","background-image":"","background-repeat":"repeat","background-position":"center center","background-size":"auto","background-attachment":"scroll","background-type":"","background-media":"","overlay-type":"","overlay-color":"","overlay-opacity":"","overlay-gradient":""}},"_joinchat":{"telephone":"17776015835"}},"product_brand":[],"product_cat":[19,72,153,154,158,144,146,60],"product_tag":[105,257,256,97,94,241,93],"class_list":{"0":"post-3862","1":"product","2":"type-product","3":"status-publish","4":"has-post-thumbnail","6":"product_cat-vapes","7":"product_cat-12000-puff","8":"product_cat-buy-disposable-vapes-in-italy","9":"product_cat-buy-disposable-vapes-in-netherlands","10":"product_cat-buy-disposable-vapes-in-spain","11":"product_cat-low-nicotine-disposable-vapes","12":"product_cat-rechargeable-disposable-vapes","13":"product_cat-waspe-fihp-vape","14":"product_tag-digital-disposable-vape","15":"product_tag-fihp-12000","16":"product_tag-fihp-digital-box-12k","17":"product_tag-hot-sale-disposable-vape","18":"product_tag-rechargeable-disposable-vape","19":"product_tag-smart-screen-disposable-vape","20":"product_tag-vape-wholesale","21":"desktop-align-left","22":"tablet-align-left","23":"mobile-align-left","25":"first","26":"instock","27":"sale","28":"shipping-taxable","29":"purchasable","30":"product-type-simple"},"acf":[],"uagb_featured_image_src":{"full":["https:\/\/vapestornado.com\/wp-content\/uploads\/2025\/03\/FIHP-Digital-Box-12000-Puff-Rechargeable-Vape.webp",800,800,false],"thumbnail":["https:\/\/vapestornado.com\/wp-content\/uploads\/2025\/03\/FIHP-Digital-Box-12000-Puff-Rechargeable-Vape-150x150.webp",150,150,true],"medium":["https:\/\/vapestornado.com\/wp-content\/uploads\/2025\/03\/FIHP-Digital-Box-12000-Puff-Rechargeable-Vape-300x300.webp",300,300,true],"medium_large":["https:\/\/vapestornado.com\/wp-content\/uploads\/2025\/03\/FIHP-Digital-Box-12000-Puff-Rechargeable-Vape-768x768.webp",768,768,true],"large":["https:\/\/vapestornado.com\/wp-content\/uploads\/2025\/03\/FIHP-Digital-Box-12000-Puff-Rechargeable-Vape.webp",800,800,false],"1536x1536":["https:\/\/vapestornado.com\/wp-content\/uploads\/2025\/03\/FIHP-Digital-Box-12000-Puff-Rechargeable-Vape.webp",800,800,false],"2048x2048":["https:\/\/vapestornado.com\/wp-content\/uploads\/2025\/03\/FIHP-Digital-Box-12000-Puff-Rechargeable-Vape.webp",800,800,false],"trp-custom-language-flag":["https:\/\/vapestornado.com\/wp-content\/uploads\/2025\/03\/FIHP-Digital-Box-12000-Puff-Rechargeable-Vape.webp",12,12,false],"woocommerce_thumbnail":["https:\/\/vapestornado.com\/wp-content\/uploads\/2025\/03\/FIHP-Digital-Box-12000-Puff-Rechargeable-Vape-300x300.webp",300,300,true],"woocommerce_single":["https:\/\/vapestornado.com\/wp-content\/uploads\/2025\/03\/FIHP-Digital-Box-12000-Puff-Rechargeable-Vape-600x600.webp",600,600,true],"woocommerce_gallery_thumbnail":["https:\/\/vapestornado.com\/wp-content\/uploads\/2025\/03\/FIHP-Digital-Box-12000-Puff-Rechargeable-Vape-100x100.webp",100,100,true]},"uagb_author_info":{"display_name":"ESAMY","author_link":"https:\/\/vapestornado.com\/cs\/author\/"},"uagb_comment_info":0,"uagb_excerpt":"FIHP Digital Box 12k 12000 Puff Disposable Vape Best Price FIHP Digital Box 12000 Screen Disposable Vape Wholelesale in Poland FIHP 12000 Digital Disposable Vape Box Best Flavor on Sale Add Amy's whatsapp to get right reply and discount price! WhatsApp: +86 17776015835 &nbsp;","_links":{"self":[{"href":"https:\/\/vapestornado.com\/cs\/wp-json\/wp\/v2\/product\/3862","targetHints":{"allow":["GET"]}}],"collection":[{"href":"https:\/\/vapestornado.com\/cs\/wp-json\/wp\/v2\/product"}],"about":[{"href":"https:\/\/vapestornado.com\/cs\/wp-json\/wp\/v2\/types\/product"}],"replies":[{"embeddable":true,"href":"https:\/\/vapestornado.com\/cs\/wp-json\/wp\/v2\/comments?post=3862"}],"wp:featuredmedia":[{"embeddable":true,"href":"https:\/\/vapestornado.com\/cs\/wp-json\/wp\/v2\/media\/3837"}],"wp:attachment":[{"href":"https:\/\/vapestornado.com\/cs\/wp-json\/wp\/v2\/media?parent=3862"}],"wp:term":[{"taxonomy":"product_brand","embeddable":true,"href":"https:\/\/vapestornado.com\/cs\/wp-json\/wp\/v2\/product_brand?post=3862"},{"taxonomy":"product_cat","embeddable":true,"href":"https:\/\/vapestornado.com\/cs\/wp-json\/wp\/v2\/product_cat?post=3862"},{"taxonomy":"product_tag","embeddable":true,"href":"https:\/\/vapestornado.com\/cs\/wp-json\/wp\/v2\/product_tag?post=3862"}],"curies":[{"name":"wp","href":"https:\/\/api.w.org\/{rel}","templated":true}]}}