{"id":3861,"date":"2025-03-16T09:21:11","date_gmt":"2025-03-16T09:21:11","guid":{"rendered":"https:\/\/vapestornado.com\/?post_type=product&#038;p=3861"},"modified":"2025-08-23T10:42:12","modified_gmt":"2025-08-23T10:42:12","slug":"waspe-fihp-30000-puffs-smart-screen-vape-2-5-nicotine-wholesal","status":"publish","type":"product","link":"https:\/\/vapestornado.com\/cs\/product\/waspe-fihp-30000-puffs-smart-screen-vape-2-5-nicotine-wholesal\/","title":{"rendered":"WASPE FIHP 30000 Puffs Smart Screen Vape 2% 5% Nikotin velkoobchod"},"content":{"rendered":"<h1 data-pm-slice=\"1 1 []\">WASPE FIHP 30000 Puffs Smart Screen Vape 2% 5% Nikotin velkoobchod<\/h1>\n<p data-start=\"293\" data-end=\"589\">Ten <strong data-start=\"297\" data-end=\"341\">WASPE FIHP 30000 pot\u00e1hnut\u00ed Chytr\u00fd Vape s obrazovkou<\/strong> je ur\u010den pro evropsk\u00e9 velkoobchodn\u00edky a maloobchodn\u00edky, kte\u0159\u00ed hledaj\u00ed jednor\u00e1zov\u00e9 za\u0159\u00edzen\u00ed s mnoha funkcemi a dlouhou \u017eivotnost\u00ed. S a\u017e <strong data-start=\"453\" data-end=\"469\">30 000 potah\u016f<\/strong>, s <strong data-start=\"473\" data-end=\"495\">28ml n\u00e1dr\u017eky na e-liquid<\/strong>, a <strong data-start=\"501\" data-end=\"530\">technologie du\u00e1ln\u00ed mesh spir\u00e1lky<\/strong>, zaji\u0161\u0165uje konzistentn\u00ed p\u00e1ru a hladk\u00e9 pod\u00e1n\u00ed chuti.<\/p>\n<p data-start=\"591\" data-end=\"734\">Nap\u00e1jen\u00fd <strong data-start=\"605\" data-end=\"636\">850mAh dob\u00edjec\u00ed bateri\u00ed<\/strong> s <strong data-start=\"642\" data-end=\"666\">Rychl\u00e9 nab\u00edjen\u00ed Type-C<\/strong>, FIHP 30K minimalizuje prostoje. Nab\u00edz\u00ed <strong data-start=\"711\" data-end=\"731\">dvou re\u017eim\u016f vapov\u00e1n\u00ed<\/strong>:<\/p>\n<ul data-start=\"735\" data-end=\"875\">\n<li data-start=\"735\" data-end=\"791\">\n<p data-start=\"737\" data-end=\"791\"><strong data-start=\"737\" data-end=\"753\">B\u011b\u017en\u00fd re\u017eim<\/strong> pro maxim\u00e1ln\u00ed po\u010det pot\u00e1hnut\u00ed (a\u017e 30 tis\u00edc).<\/p>\n<\/li>\n<li data-start=\"792\" data-end=\"875\">\n<p data-start=\"794\" data-end=\"875\"><strong data-start=\"794\" data-end=\"808\">Re\u017eim pulz\u016f<\/strong> pro zv\u00fd\u0161enou hustotu p\u00e1ry a bohat\u0161\u00ed chu\u0165 (cca 15 tis\u00edc pot\u00e1hnut\u00ed).<\/p>\n<\/li>\n<\/ul>\n<p data-start=\"877\" data-end=\"1104\">Ten <strong data-start=\"881\" data-end=\"902\">LED chytr\u00fd displej<\/strong> udr\u017euje u\u017eivatele informovan\u00e9 o \u017eivotnosti baterie, hladin\u011b e-liquidu a nastaven\u00ed re\u017eimu. S <strong data-start=\"981\" data-end=\"1003\">Nastaviteln\u00fd pr\u016ftok vzduchu<\/strong>si mohou vape\u0159i vybrat mezi t\u011bsn\u011bj\u0161\u00edm potahem nebo otev\u0159en\u011bj\u0161\u00edm vdechov\u00e1n\u00edm, co\u017e vyhovuje r\u016fzn\u00fdm preferenc\u00edm.<\/p>\n<p data-start=\"1106\" data-end=\"1387\">Dostupn\u00e9 v <strong data-start=\"1119\" data-end=\"1151\">S\u00edly nikotinu 2% a 5%<\/strong> a <strong data-start=\"1156\" data-end=\"1177\">16 mo\u017enost\u00ed p\u0159\u00edchut\u00ed<\/strong>, <strong data-start=\"1183\" data-end=\"1206\">WASPE FIHP 30K Vape<\/strong> je vhodn\u00fd pro r\u016fznorod\u00e9 pot\u0159eby z\u00e1kazn\u00edk\u016f. Pro distributory je jeho kombinace <strong data-start=\"1284\" data-end=\"1347\">kapacity, chytr\u00fdch funkc\u00ed a konkurenceschopn\u00fdch velkoobchodn\u00edch cen<\/strong> z n\u011bj \u010din\u00ed ziskovou volbu v roce 2025.<\/p>\n<p><strong><span style=\"color: #ff0000;\">P\u0159idejte si WhatsApp Amy a z\u00edskejte okam\u017eitou odpov\u011b\u010f a zv\u00fdhodn\u011bnou cenu!<\/span><\/strong><\/p>\n<p><img fetchpriority=\"high\" decoding=\"async\" class=\"size-full wp-image-2932\" src=\"https:\/\/vapestornado.com\/wp-content\/uploads\/2024\/12\/Vape-Wholesale.jpg\" alt=\"Velkoobchod s vape\" width=\"229\" height=\"300\" \/><\/p>\n<h3><a href=\"https:\/\/wa.me\/8617776015835\" target=\"_blank\" rel=\"noopener\"><span style=\"color: #ff0000;\"><strong>WhatsApp: +86 17776015835<\/strong><\/span><\/a><\/h3>\n<p>&nbsp;<\/p>\n<h2><strong>WASPE FIHP 30000 Puffs - Kl\u00ed\u010dov\u00e9 vlastnosti produktu<\/strong><\/h2>\n<p>\u2022 P\u0159edpln\u011bn\u00fd 28ml e-liquid<br \/>\n\u2022 Du\u00e1ln\u00ed re\u017eim: B\u011b\u017en\u00fd (30000 pot\u00e1hnut\u00ed)<br \/>\n\u2022 Vestav\u011bn\u00e1 850mAh baterie (dob\u00edjec\u00ed p\u0159es Type-C)<br \/>\n\u2022 Du\u00e1ln\u00ed mesh spir\u00e1lky (1ohm+1ohm)<br \/>\n\u2022 LED displej pro stav baterie a liquidu<br \/>\n\u2022 Nastaviteln\u00fd pr\u016ftok vzduchu<br \/>\n\u2022 K dispozici 16 p\u0159\u00edchut\u00ed<\/p>\n<figure id=\"attachment_3844\" aria-describedby=\"caption-attachment-3844\" style=\"width: 800px\" class=\"wp-caption alignnone\"><img decoding=\"async\" class=\"wp-image-3844 size-full\" src=\"https:\/\/vapestornado.com\/wp-content\/uploads\/2025\/03\/WASPE-FIHP-30000-Puffs-Rechargeable-Disposable-Vape.jpg\" alt=\"WASPE FIHP 30000 Puffs Dob\u00edjec\u00ed jednor\u00e1zov\u00e1 e-cigareta\" width=\"800\" height=\"800\" srcset=\"https:\/\/vapestornado.com\/wp-content\/uploads\/2025\/03\/WASPE-FIHP-30000-Puffs-Rechargeable-Disposable-Vape.jpg 800w, https:\/\/vapestornado.com\/wp-content\/uploads\/2025\/03\/WASPE-FIHP-30000-Puffs-Rechargeable-Disposable-Vape-300x300.jpg 300w, https:\/\/vapestornado.com\/wp-content\/uploads\/2025\/03\/WASPE-FIHP-30000-Puffs-Rechargeable-Disposable-Vape-150x150.jpg 150w, https:\/\/vapestornado.com\/wp-content\/uploads\/2025\/03\/WASPE-FIHP-30000-Puffs-Rechargeable-Disposable-Vape-768x768.jpg 768w, https:\/\/vapestornado.com\/wp-content\/uploads\/2025\/03\/WASPE-FIHP-30000-Puffs-Rechargeable-Disposable-Vape-600x600.jpg 600w, https:\/\/vapestornado.com\/wp-content\/uploads\/2025\/03\/WASPE-FIHP-30000-Puffs-Rechargeable-Disposable-Vape-100x100.jpg 100w\" sizes=\"(max-width: 800px) 100vw, 800px\" \/><figcaption id=\"caption-attachment-3844\" class=\"wp-caption-text\">WASPE FIHP 30000 Puffs Dob\u00edjec\u00ed jednor\u00e1zov\u00e1 e-cigareta<\/figcaption><\/figure>\n<h2 class=\"product-title\"><strong>WASPE FIHP 30K Puffs Smart Vape seznam p\u0159\u00edchut\u00ed<\/strong><\/h2>\n<article class=\"group\/turn w-full text-token-text-primary focus-visible:outline-2 focus-visible:outline-offset-[-4px]\" dir=\"auto\" data-testid=\"conversation-turn-61\" data-scroll-anchor=\"true\">\n<div class=\"text-base my-auto mx-auto py-[18px] px-6\">\n<div class=\"mx-auto flex flex-1 text-base gap-4 md:gap-5 lg:gap-6 md:max-w-3xl lg:max-w-[40rem] xl:max-w-[48rem]\">\n<div class=\"group\/conversation-turn relative flex w-full min-w-0 flex-col agent-turn @xs\/thread:px-0 @sm\/thread:px-1.5 @md\/thread:px-4\">\n<div class=\"flex-col gap-1 md:gap-3\">\n<div class=\"flex max-w-full flex-col flex-grow\">\n<div class=\"min-h-8 text-message relative flex w-full flex-col items-end gap-2 whitespace-normal break-words text-start [.text-message+&amp;]:mt-5\" dir=\"auto\" data-message-author-role=\"assistant\" data-message-id=\"762d7e41-70d5-4ddf-94cb-85ef5025d3a8\" data-message-model-slug=\"gpt-4o\">\n<div class=\"flex w-full flex-col gap-1 empty:hidden first:pt-[3px]\">\n<div class=\"markdown prose w-full break-words dark:prose-invert light\">\n<p>1. Meloun s ledem <strong><span style=\"color: #ff0000;\">&gt;&gt;&gt;&gt; \u017dhav\u00e9!<\/span><\/strong><br \/>\n2.T\u0159e\u0161e\u0148 ledov\u00e1<br \/>\n3.Hroznov\u00e9 v\u00edno ledov\u00e9<br \/>\n4.Broskvov\u00e9 lesn\u00ed plody <strong><span style=\"color: #ff0000;\">&gt;&gt;&gt;&gt; \u017dhav\u00e9!<\/span><\/strong><br \/>\n5.Jahoda mango<br \/>\n6.Jahoda kiwi<br \/>\n7.Sm\u011bs lesn\u00edch plod\u016f<br \/>\n8.Bor\u016fvka malina <strong><span style=\"color: #ff0000;\">&gt;&gt;&gt;&gt; \u017dhav\u00e9!<\/span><\/strong><br \/>\n9.Jahoda meloun <strong><span style=\"color: #ff0000;\">&gt;&gt;&gt;&gt; Nejlep\u0161\u00ed!<\/span><\/strong><br \/>\n10.Kiwi mu\u010denka guava<br \/>\n11.Jahodov\u00fd Red Bull<br \/>\n12.Meloun mango broskev <strong><span style=\"color: #ff0000;\">&gt;&gt;&gt;&gt; \u017dhav\u00e9!<\/span><\/strong><br \/>\n13.Dvojit\u00e9 jablko ledov\u00e9<br \/>\n14.Melounov\u00e1 \u017ev\u00fdka\u010dka<br \/>\n15.Jahoda malina t\u0159e\u0161e\u0148 <strong><span style=\"color: #ff0000;\">&gt;&gt;&gt;&gt; \u017dhav\u00e9!<\/span><\/strong><br \/>\n16.Bor\u016fvka ledov\u00e1<\/p>\n<\/div>\n<\/div>\n<\/div>\n<\/div>\n<\/div>\n<\/div>\n<\/div>\n<\/div>\n<\/article>\n<article class=\"w-full text-token-text-primary focus-visible:outline-2 focus-visible:outline-offset-[-4px]\" dir=\"auto\" data-testid=\"conversation-turn-32\" data-scroll-anchor=\"false\">\n<div class=\"m-auto text-base py-[18px] px-6\">\n<div class=\"mx-auto flex flex-1 text-base gap-4 md:gap-5 lg:gap-6 md:max-w-3xl lg:max-w-[40rem] xl:max-w-[48rem]\">\n<div class=\"group\/conversation-turn relative flex w-full min-w-0 flex-col @xs\/thread:px-0 @sm\/thread:px-1.5 @md\/thread:px-4\">\n<div class=\"flex-col gap-1 md:gap-3\">\n<div class=\"flex max-w-full flex-col flex-grow\">\n<div class=\"min-h-8 text-message flex w-full flex-col items-end gap-2 whitespace-normal break-words text-start [.text-message+&amp;]:mt-5\" dir=\"auto\" data-message-author-role=\"user\" data-message-id=\"ffac41ca-1db4-431b-873a-32c4052956f1\">\n<div class=\"flex w-full flex-col gap-1 empty:hidden items-end rtl:items-start\">\n<div class=\"relative max-w-[var(--user-chat-width,70%)] rounded-3xl bg-token-message-surface px-5 py-2.5\">\n<div class=\"absolute bottom-0 right-full top-0 -mr-3.5 hidden pr-5 pt-2 [.group\/conversation-turn:hover_&amp;]:flex\">\n<div class=\"flex\">\n<article class=\"w-full text-token-text-primary focus-visible:outline-2 focus-visible:outline-offset-[-4px]\" dir=\"auto\" data-testid=\"conversation-turn-39\" data-scroll-anchor=\"true\">\n<div class=\"m-auto text-base py-[18px] px-6\">\n<div class=\"mx-auto flex flex-1 text-base gap-4 md:gap-5 lg:gap-6 md:max-w-3xl lg:max-w-[40rem] xl:max-w-[48rem]\">\n<div class=\"group\/conversation-turn relative flex w-full min-w-0 flex-col agent-turn @xs\/thread:px-0 @sm\/thread:px-1.5 @md\/thread:px-4\">\n<div class=\"flex-col gap-1 md:gap-3\">\n<div class=\"flex max-w-full flex-col flex-grow\">\n<div class=\"min-h-8 text-message flex w-full flex-col items-end gap-2 whitespace-normal break-words text-start [.text-message+&amp;]:mt-5\" dir=\"auto\" data-message-author-role=\"assistant\" data-message-id=\"55a23854-ec57-48dd-bd4f-6118f43d6241\" data-message-model-slug=\"gpt-4o\">\n<div class=\"flex w-full flex-col gap-1 empty:hidden first:pt-[3px]\">\n<div class=\"markdown prose w-full break-words dark:prose-invert light\"><\/div>\n<\/div>\n<\/div>\n<\/div>\n<\/div>\n<\/div>\n<\/div>\n<\/div>\n<\/article>\n<\/div>\n<\/div>\n<\/div>\n<\/div>\n<\/div>\n<\/div>\n<\/div>\n<\/div>\n<\/div>\n<\/div>\n<\/article>\n<h2>Pro\u010d zvolit Vapestornado pro hromadnou objedn\u00e1vku FIHP 30000 Puffs Smart Vape?<\/h2>\n<div class=\"flex-shrink-0 flex flex-col relative items-end\">\n<div class=\"pt-0\">\n<div class=\"gizmo-bot-avatar flex h-8 w-8 items-center justify-center overflow-hidden rounded-full\">\n<div class=\"relative p-1 rounded-sm flex items-center justify-center bg-token-main-surface-primary text-token-text-primary h-8 w-8\">\n<p>Pokud jde o <strong data-start=\"97\" data-end=\"127\">velkoobchodn\u00ed jednor\u00e1zov\u00e9 vapky<\/strong>, <strong data-start=\"129\" data-end=\"162\">internetov\u00fd obchod s vapovac\u00edmi sadami Vapestornado v \u010cesk\u00e9 republice<\/strong> je va\u0161e kone\u010dn\u00e1 destinace! Nab\u00edz\u00edme <strong data-start=\"202\" data-end=\"230\">konkuren\u010dn\u00ed velkoobchodn\u00ed ceny<\/strong>, abyste z\u00edskali ty nejlep\u0161\u00ed nab\u00eddky na <strong data-start=\"271\" data-end=\"302\">FIHP 30000 Puffs Chytr\u00fd Vape<\/strong> ani\u017e by byla ohro\u017eena kvalita. D\u00edky <strong data-start=\"338\" data-end=\"355\">rychl\u00e9 dod\u00e1n\u00ed<\/strong>, <strong data-start=\"357\" data-end=\"380\">bezpe\u010dn\u00fdm transakc\u00edm<\/strong>a \u0161irok\u00e9mu v\u00fdb\u011bru <strong data-start=\"406\" data-end=\"434\">obl\u00edben\u00fdch jednor\u00e1zov\u00fdch vap\u016f<\/strong>je u n\u00e1s velkoobjemov\u00fd n\u00e1kup bezprobl\u00e9mov\u00fd. Nav\u00edc, n\u00e1\u0161 <strong data-start=\"483\" data-end=\"508\">t\u00fdm z\u00e1kaznick\u00e9 podpory<\/strong> je v\u017edy p\u0159ipraven pomoci s va\u0161imi velkoobchodn\u00edmi dotazy. A\u0165 u\u017e jste maloobchodn\u00edk nebo distributor, <strong data-start=\"608\" data-end=\"650\">Vapestornado nab\u00edz\u00ed bezkonkuren\u010dn\u00ed hodnotu<\/strong> na vysoce kvalitn\u00ed <strong data-start=\"667\" data-end=\"708\">dob\u00edjec\u00ed vapy s chytr\u00fdmi obrazovkami<\/strong>. Objednejte je\u0161t\u011b dnes a z\u00e1sobte se nejnov\u011bj\u0161\u00edmi <strong data-start=\"749\" data-end=\"782\">dlouhotrvaj\u00edc\u00edmi jednor\u00e1zov\u00fdmi vapy<\/strong> za nejlep\u0161\u00ed ceny!<\/p>\n<\/div>\n<h3><\/h3>\n<div class=\"relative p-1 rounded-sm flex items-center justify-center bg-token-main-surface-primary text-token-text-primary h-8 w-8\">\n<h2>\u010casto kladen\u00e9 ot\u00e1zky pro WASPE30000 Puffs Chytr\u00e1 Jednor\u00e1zov\u00e1 E-Cigareta<\/h2>\n<p data-start=\"1945\" data-end=\"2182\"><strong data-start=\"1945\" data-end=\"2010\">1. Jak dlouho vydr\u017e\u00ed FIHP 30000 Puffs Vape s chytrou obrazovkou?<\/strong><br data-start=\"2010\" data-end=\"2013\" \/>\u017divotnost z\u00e1vis\u00ed na va\u0161em stylu vapov\u00e1n\u00ed. V <strong data-start=\"2059\" data-end=\"2075\">B\u011b\u017en\u00fd re\u017eim<\/strong>, z\u00edsk\u00e1te a\u017e <strong data-start=\"2091\" data-end=\"2107\">30 000 potah\u016f<\/strong>, zat\u00edmco <strong data-start=\"2115\" data-end=\"2129\">Re\u017eim pulz\u016f<\/strong> poskytuje <strong data-start=\"2139\" data-end=\"2155\">15 000 pot\u00e1hnut\u00ed<\/strong> se zes\u00edlenou chut\u00ed.<\/p>\n<p data-start=\"2184\" data-end=\"2353\"><strong data-start=\"2184\" data-end=\"2221\">2. Lze FIHP 30000 dob\u00edjet?<\/strong><br data-start=\"2221\" data-end=\"2224\" \/>Ano! Tento vape je vybaven <strong data-start=\"2251\" data-end=\"2282\">850mAh dob\u00edjec\u00ed bateri\u00ed<\/strong> a vyu\u017e\u00edv\u00e1 <strong data-start=\"2294\" data-end=\"2318\">nab\u00edjec\u00edm portem typu C<\/strong> pro rychl\u00e9 a efektivn\u00ed nab\u00edjen\u00ed.<\/p>\n<p data-start=\"2355\" data-end=\"2561\"><strong data-start=\"2355\" data-end=\"2402\">3. Jak\u00e1 je v\u00fdhoda chytr\u00e9ho displeje?<\/strong><br data-start=\"2402\" data-end=\"2405\" \/>Ten <strong data-start=\"2409\" data-end=\"2430\">LED chytr\u00fd displej<\/strong> sleduje v\u00e1\u0161 <strong data-start=\"2451\" data-end=\"2499\">stav baterie, hladinu e-liquidu a po\u010det pot\u00e1hnut\u00ed<\/strong>, co\u017e poskytuje data v re\u00e1ln\u00e9m \u010dase pro bezprobl\u00e9mov\u00fd z\u00e1\u017eitek z vapov\u00e1n\u00ed.<\/p>\n<p data-start=\"2563\" data-end=\"2758\"><strong data-start=\"2563\" data-end=\"2614\">4. M\u00e1 FIHP 30000 nastaviteln\u00fd pr\u016ftok vzduchu?<\/strong><br data-start=\"2614\" data-end=\"2617\" \/>Ano! M\u016f\u017eete upravit <strong data-start=\"2641\" data-end=\"2660\">nastaven\u00ed proud\u011bn\u00ed vzduchu<\/strong> k dosa\u017een\u00ed <strong data-start=\"2670\" data-end=\"2696\">tu\u017e\u0161\u00edho nebo voln\u011bj\u0161\u00edho potahu<\/strong>, \u010d\u00edm\u017e si vylep\u0161\u00edte z\u00e1\u017eitek z vapov\u00e1n\u00ed tak, aby odpov\u00eddal va\u0161im preferenc\u00edm.<\/p>\n<p data-start=\"2760\" data-end=\"2995\"><strong data-start=\"2760\" data-end=\"2818\">5. Kde mohu koupit FIHP 30000 za velkoobchodn\u00ed ceny?<\/strong><br data-start=\"2818\" data-end=\"2821\" \/>Pro <strong data-start=\"2825\" data-end=\"2863\">hromadn\u00e9 n\u00e1kupy a velkoobchodn\u00ed nab\u00eddky<\/strong>, nav\u0161tivte <strong data-start=\"2871\" data-end=\"2904\">internetov\u00fd obchod s vapovac\u00edmi sadami Vapestornado v \u010cesk\u00e9 republice<\/strong> \u2013 v\u00e1\u0161 d\u016fv\u011bryhodn\u00fd zdroj pro <strong data-start=\"2931\" data-end=\"2962\">cenov\u011b dostupn\u00e9 jednor\u00e1zov\u00e9 vapy<\/strong> s <strong data-start=\"2968\" data-end=\"2992\">\u0161pi\u010dkov\u00fd v\u00fdkon<\/strong>.<\/p>\n<\/div>\n<\/div>\n<\/div>\n<\/div>","protected":false},"excerpt":{"rendered":"<p>Ten <strong data-start=\"1431\" data-end=\"1462\">WASPE FIHP 30000 pot\u00e1hnut\u00ed Vape<\/strong> nab\u00edz\u00ed du\u00e1ln\u00ed re\u017eimy vapingu, inteligentn\u00ed monitorov\u00e1n\u00ed obrazovky a 28 ml e-liquidu. V\u00fdkonn\u00e1 dob\u00edjec\u00ed varianta pro <strong data-start=\"1570\" data-end=\"1606\">velkoobchodn\u00ed trhy s vape v Evrop\u011b<\/strong>.<\/p>\n<p><strong>P\u0159idejte si Amy na Whatsapp, abyste z\u00edskali spr\u00e1vnou odpov\u011b\u010f a slevu!<\/strong><\/p>\n<p><img fetchpriority=\"high\" decoding=\"async\" class=\"size-full wp-image-2932\" src=\"https:\/\/vapestornado.com\/wp-content\/uploads\/2024\/12\/Vape-Wholesale.jpg\" alt=\"Velkoobchod s vape\" width=\"229\" height=\"300\" \/><\/p>\n<h3><a href=\"https:\/\/wa.me\/8617776015835\"><span style=\"color: #ff0000;\"><strong>WhatsApp: +86 17776015835<\/strong><\/span><\/a><\/h3>\n<p>&nbsp;<\/p>","protected":false},"featured_media":3840,"comment_status":"open","ping_status":"closed","template":"","meta":{"_acf_changed":false,"_uag_custom_page_level_css":"","_lmt_disableupdate":"no","_lmt_disable":"","_monsterinsights_skip_tracking":false,"_monsterinsights_sitenote_active":false,"_monsterinsights_sitenote_note":"","_monsterinsights_sitenote_category":0,"site-sidebar-layout":"default","site-content-layout":"","ast-site-content-layout":"default","site-content-style":"default","site-sidebar-style":"default","ast-global-header-display":"","ast-banner-title-visibility":"","ast-main-header-display":"","ast-hfb-above-header-display":"","ast-hfb-below-header-display":"","ast-hfb-mobile-header-display":"","site-post-title":"","ast-breadcrumbs-content":"","ast-featured-img":"","footer-sml-layout":"","ast-disable-related-posts":"","theme-transparent-header-meta":"default","adv-header-id-meta":"","stick-header-meta":"","header-above-stick-meta":"","header-main-stick-meta":"","header-below-stick-meta":"","astra-migrate-meta-layouts":"set","ast-page-background-enabled":"default","ast-page-background-meta":{"desktop":{"background-color":"","background-image":"","background-repeat":"repeat","background-position":"center center","background-size":"auto","background-attachment":"scroll","background-type":"","background-media":"","overlay-type":"","overlay-color":"","overlay-opacity":"","overlay-gradient":""},"tablet":{"background-color":"","background-image":"","background-repeat":"repeat","background-position":"center center","background-size":"auto","background-attachment":"scroll","background-type":"","background-media":"","overlay-type":"","overlay-color":"","overlay-opacity":"","overlay-gradient":""},"mobile":{"background-color":"","background-image":"","background-repeat":"repeat","background-position":"center center","background-size":"auto","background-attachment":"scroll","background-type":"","background-media":"","overlay-type":"","overlay-color":"","overlay-opacity":"","overlay-gradient":""}},"ast-content-background-meta":{"desktop":{"background-color":"var(--ast-global-color-5)","background-image":"","background-repeat":"repeat","background-position":"center center","background-size":"auto","background-attachment":"scroll","background-type":"","background-media":"","overlay-type":"","overlay-color":"","overlay-opacity":"","overlay-gradient":""},"tablet":{"background-color":"var(--ast-global-color-5)","background-image":"","background-repeat":"repeat","background-position":"center center","background-size":"auto","background-attachment":"scroll","background-type":"","background-media":"","overlay-type":"","overlay-color":"","overlay-opacity":"","overlay-gradient":""},"mobile":{"background-color":"var(--ast-global-color-5)","background-image":"","background-repeat":"repeat","background-position":"center center","background-size":"auto","background-attachment":"scroll","background-type":"","background-media":"","overlay-type":"","overlay-color":"","overlay-opacity":"","overlay-gradient":""}},"_joinchat":{"telephone":"17776015835"}},"product_brand":[],"product_cat":[19,67,151,154,142,146,60],"product_tag":[105,97,250,94,241,93,101,255],"class_list":{"0":"post-3861","1":"product","2":"type-product","3":"status-publish","4":"has-post-thumbnail","6":"product_cat-vapes","7":"product_cat-30000-puff","8":"product_cat-buy-disposable-vapes-in-france","9":"product_cat-buy-disposable-vapes-in-netherlands","10":"product_cat-digital-box-disposable-vapes","11":"product_cat-rechargeable-disposable-vapes","12":"product_cat-waspe-fihp-vape","13":"product_tag-digital-disposable-vape","14":"product_tag-hot-sale-disposable-vape","15":"product_tag-puff-30k","16":"product_tag-rechargeable-disposable-vape","17":"product_tag-smart-screen-disposable-vape","18":"product_tag-vape-wholesale","19":"product_tag-waspe-30k","20":"product_tag-waspe-fihp-30000","21":"desktop-align-left","22":"tablet-align-left","23":"mobile-align-left","25":"first","26":"instock","27":"sale","28":"shipping-taxable","29":"purchasable","30":"product-type-simple"},"acf":[],"uagb_featured_image_src":{"full":["https:\/\/vapestornado.com\/wp-content\/uploads\/2025\/03\/Wasp-FIHP-30000-Puffs-Vape-30k-Popular-Flavours.jpg",800,800,false],"thumbnail":["https:\/\/vapestornado.com\/wp-content\/uploads\/2025\/03\/Wasp-FIHP-30000-Puffs-Vape-30k-Popular-Flavours-150x150.jpg",150,150,true],"medium":["https:\/\/vapestornado.com\/wp-content\/uploads\/2025\/03\/Wasp-FIHP-30000-Puffs-Vape-30k-Popular-Flavours-300x300.jpg",300,300,true],"medium_large":["https:\/\/vapestornado.com\/wp-content\/uploads\/2025\/03\/Wasp-FIHP-30000-Puffs-Vape-30k-Popular-Flavours-768x768.jpg",768,768,true],"large":["https:\/\/vapestornado.com\/wp-content\/uploads\/2025\/03\/Wasp-FIHP-30000-Puffs-Vape-30k-Popular-Flavours.jpg",800,800,false],"1536x1536":["https:\/\/vapestornado.com\/wp-content\/uploads\/2025\/03\/Wasp-FIHP-30000-Puffs-Vape-30k-Popular-Flavours.jpg",800,800,false],"2048x2048":["https:\/\/vapestornado.com\/wp-content\/uploads\/2025\/03\/Wasp-FIHP-30000-Puffs-Vape-30k-Popular-Flavours.jpg",800,800,false],"trp-custom-language-flag":["https:\/\/vapestornado.com\/wp-content\/uploads\/2025\/03\/Wasp-FIHP-30000-Puffs-Vape-30k-Popular-Flavours.jpg",12,12,false],"woocommerce_thumbnail":["https:\/\/vapestornado.com\/wp-content\/uploads\/2025\/03\/Wasp-FIHP-30000-Puffs-Vape-30k-Popular-Flavours-300x300.jpg",300,300,true],"woocommerce_single":["https:\/\/vapestornado.com\/wp-content\/uploads\/2025\/03\/Wasp-FIHP-30000-Puffs-Vape-30k-Popular-Flavours-600x600.jpg",600,600,true],"woocommerce_gallery_thumbnail":["https:\/\/vapestornado.com\/wp-content\/uploads\/2025\/03\/Wasp-FIHP-30000-Puffs-Vape-30k-Popular-Flavours-100x100.jpg",100,100,true]},"uagb_author_info":{"display_name":"ESAMY","author_link":"https:\/\/vapestornado.com\/cs\/author\/"},"uagb_comment_info":0,"uagb_excerpt":"The WASPE FIHP 30000 Puffs Vape features dual vaping modes, smart screen monitoring, and 28ml e-liquid. A powerful rechargeable option for wholesale vape markets in Europe. Add Amy's whatsapp to get right reply and discount price! WhatsApp: +86 17776015835 &nbsp;","_links":{"self":[{"href":"https:\/\/vapestornado.com\/cs\/wp-json\/wp\/v2\/product\/3861","targetHints":{"allow":["GET"]}}],"collection":[{"href":"https:\/\/vapestornado.com\/cs\/wp-json\/wp\/v2\/product"}],"about":[{"href":"https:\/\/vapestornado.com\/cs\/wp-json\/wp\/v2\/types\/product"}],"replies":[{"embeddable":true,"href":"https:\/\/vapestornado.com\/cs\/wp-json\/wp\/v2\/comments?post=3861"}],"wp:featuredmedia":[{"embeddable":true,"href":"https:\/\/vapestornado.com\/cs\/wp-json\/wp\/v2\/media\/3840"}],"wp:attachment":[{"href":"https:\/\/vapestornado.com\/cs\/wp-json\/wp\/v2\/media?parent=3861"}],"wp:term":[{"taxonomy":"product_brand","embeddable":true,"href":"https:\/\/vapestornado.com\/cs\/wp-json\/wp\/v2\/product_brand?post=3861"},{"taxonomy":"product_cat","embeddable":true,"href":"https:\/\/vapestornado.com\/cs\/wp-json\/wp\/v2\/product_cat?post=3861"},{"taxonomy":"product_tag","embeddable":true,"href":"https:\/\/vapestornado.com\/cs\/wp-json\/wp\/v2\/product_tag?post=3861"}],"curies":[{"name":"wp","href":"https:\/\/api.w.org\/{rel}","templated":true}]}}