{"id":3859,"date":"2025-03-14T08:36:08","date_gmt":"2025-03-14T08:36:08","guid":{"rendered":"https:\/\/vapestornado.com\/?post_type=product&#038;p=3859"},"modified":"2025-08-23T12:40:31","modified_gmt":"2025-08-23T12:40:31","slug":"vapsolo-galaxy-30000-vapers-30k-puff-disposable-vape-e-cigarette-with-smart-screen","status":"publish","type":"product","link":"https:\/\/vapestornado.com\/cs\/product\/vapsolo-galaxy-30000-vapers-30k-puff-disposable-vape-e-cigarette-with-smart-screen\/","title":{"rendered":"Vapsolo Galaxy 30000 Vaper\u016f 30k \u0160luk\u016f Jednor\u00e1zov\u00e1 Vape E-Cigareta s Chytr\u00fdm Displejem"},"content":{"rendered":"<h1 data-pm-slice=\"1 1 []\">Vapsolo Galaxy 30000 Vaper\u016f 30k \u0160luk\u016f Jednor\u00e1zov\u00e1 Vape E-Cigareta s Chytr\u00fdm Displejem<\/h1>\n<p>&nbsp;<\/p>\n<p>Ten <strong data-start=\"343\" data-end=\"389\">Vapsolo Galaxy 30000 pot\u00e1hnut\u00ed Jednor\u00e1zov\u00fd Vape<\/strong> nastavuje nov\u00fd standard pro pr\u00e9miov\u00e9 e-cigarety a kombinuje <strong data-start=\"447\" data-end=\"517\">dlouhotrvaj\u00edc\u00ed kapacitu, chytr\u00fd dotykov\u00fd displej a nastaviteln\u00fd pr\u016ftok vzduchu<\/strong> v jednom kompaktn\u00edm za\u0159\u00edzen\u00ed. Nab\u00edz\u00ed a\u017e <strong data-start=\"556\" data-end=\"572\">30 000 potah\u016f<\/strong>, tato vapka je ur\u010dena pro vapery, kte\u0159\u00ed cht\u011bj\u00ed jak v\u00fddr\u017e, tak rozmanitost chut\u00ed.<\/p>\n<p>Jeho <strong data-start=\"663\" data-end=\"691\">plnobarevn\u00fd chytr\u00fd displej<\/strong> poskytuje informace v re\u00e1ln\u00e9m \u010dase o \u017eivotnosti baterie a hladin\u011b e-liquidu, zat\u00edmco <strong data-start=\"769\" data-end=\"806\">4-\u00farov\u0148ov\u00fd nastaviteln\u00fd syst\u00e9m proud\u011bn\u00ed vzduchu<\/strong> umo\u017e\u0148uje personalizovan\u00e9 potahy \u2013 od t\u011bsn\u00fdch MTL hit\u016f po hladk\u00e9 DTL mraky. Poh\u00e1n\u011bno <strong data-start=\"901\" data-end=\"932\">850mAh dob\u00edjec\u00ed bateri\u00ed<\/strong> s rychl\u00fdm nab\u00edjen\u00edm Type-C, Galaxy 30K zaji\u0161\u0165uje minim\u00e1ln\u00ed prostoje a maxim\u00e1ln\u00ed pohodl\u00ed.<\/p>\n<p>P\u0159edstavujeme <strong data-start=\"1044\" data-end=\"1077\">jedine\u010dn\u00e9 barevn\u00e9 proveden\u00ed ink-wash<\/strong> pro ka\u017edou p\u0159\u00edchu\u0165, tato vapka nejen dob\u0159e funguje, ale tak\u00e9 vypad\u00e1 \u00fa\u017easn\u011b. P\u0159edpln\u011bno <strong data-start=\"1172\" data-end=\"1192\">pr\u00e9miov\u00fd e-liquid<\/strong> a je k dispozici v r\u016fzn\u00fdch sil\u00e1ch nikotinu, je ur\u010den jak pro p\u0159\u00edle\u017eitostn\u00e9 u\u017eivatele, tak pro siln\u00e9 vapery.<\/p>\n<p>Pro maloobchodn\u00edky a distributory nab\u00edz\u00ed Galaxy 30K bezkonkuren\u010dn\u00ed hodnotu za <strong data-start=\"1371\" data-end=\"1400\">velkoobchodn\u00ed ceny hromadn\u00e9ho n\u00e1kupu<\/strong>, co\u017e z n\u011bj \u010din\u00ed nepostradatelnou sou\u010d\u00e1st ka\u017ed\u00e9ho evropsk\u00e9ho invent\u00e1\u0159e vap\u016f.<\/p>\n<p><strong><span style=\"color: #ff0000;\">P\u0159idejte si Amy na WhatsApp pro rychlou odpov\u011b\u010f a kup\u00f3n na vapky!<\/span><\/strong><\/p>\n<p><img fetchpriority=\"high\" decoding=\"async\" class=\"size-full wp-image-2932\" src=\"https:\/\/vapestornado.com\/wp-content\/uploads\/2024\/12\/Vape-Wholesale.jpg\" alt=\"Velkoobchod s vape\" width=\"229\" height=\"300\" \/><\/p>\n<h3><a href=\"https:\/\/wa.me\/8617776015835\" target=\"_blank\" rel=\"noopener\"><span style=\"color: #ff0000;\"><strong>WhatsApp: +86 17776015835<\/strong><\/span><\/a><\/h3>\n<p>&nbsp;<\/p>\n<h2><strong>Vapsolo Galaxy 30000 Digital Box Vlastnosti produktu<\/strong><\/h2>\n<p>Potah\u016f: 30000 potah\u016f<br \/>\nDu\u00e1ln\u00ed Mesh spir\u00e1lka 1,0ohm<br \/>\nBaterie: 850 mAh<br \/>\nE-liquid: 40ml<br \/>\nNikotin: 2%\/5% Nikotin<br \/>\nDob\u00edjec\u00ed Type-C<br \/>\nDisplej zobrazuje stav e-liquidu a baterie<\/p>\n<figure id=\"attachment_3854\" aria-describedby=\"caption-attachment-3854\" style=\"width: 800px\" class=\"wp-caption alignnone\"><img decoding=\"async\" class=\"wp-image-3854 size-full\" src=\"https:\/\/vapestornado.com\/wp-content\/uploads\/2025\/03\/Original-Vapsolo-30000-Puffs-Best-Flavor.webp\" alt=\"Origin\u00e1ln\u00ed Vapsolo 30000 Puffs Nejlep\u0161\u00ed chu\u0165\" width=\"800\" height=\"800\" srcset=\"https:\/\/vapestornado.com\/wp-content\/uploads\/2025\/03\/Original-Vapsolo-30000-Puffs-Best-Flavor.webp 800w, https:\/\/vapestornado.com\/wp-content\/uploads\/2025\/03\/Original-Vapsolo-30000-Puffs-Best-Flavor-300x300.webp 300w, https:\/\/vapestornado.com\/wp-content\/uploads\/2025\/03\/Original-Vapsolo-30000-Puffs-Best-Flavor-150x150.webp 150w, https:\/\/vapestornado.com\/wp-content\/uploads\/2025\/03\/Original-Vapsolo-30000-Puffs-Best-Flavor-768x768.webp 768w, https:\/\/vapestornado.com\/wp-content\/uploads\/2025\/03\/Original-Vapsolo-30000-Puffs-Best-Flavor-600x600.webp 600w, https:\/\/vapestornado.com\/wp-content\/uploads\/2025\/03\/Original-Vapsolo-30000-Puffs-Best-Flavor-100x100.webp 100w\" sizes=\"(max-width: 800px) 100vw, 800px\" \/><figcaption id=\"caption-attachment-3854\" class=\"wp-caption-text\">Origin\u00e1ln\u00ed Vapsolo 30000 Puffs Nejlep\u0161\u00ed chu\u0165<\/figcaption><\/figure>\n<h2 class=\"product-title\"><strong>Seznam p\u0159\u00edchut\u00ed Vapsolo Galaxy 30k<\/strong><\/h2>\n<p>&nbsp;<\/p>\n<p>1.Malinov\u00fd vodn\u00ed meloun <strong><span style=\"color: #ff0000;\">&gt;&gt;&gt;&gt; \u017dhav\u00e9!<\/span><\/strong><\/p>\n<p>2.Modr\u00e1 malina <strong><span style=\"color: #ff0000;\">&gt;&gt;&gt;&gt; Nejlep\u0161\u00ed!<\/span><\/strong><\/p>\n<p>3.Ananas Kokos<\/p>\n<p>4. Melounov\u00fd led<\/p>\n<p>5.Citron Limetka<\/p>\n<p>6.\u010cern\u00fd ledov\u00fd dra\u010d\u00ed plod<strong><span style=\"color: #ff0000;\">&gt;&gt;&gt;&gt; \u017dhav\u00e9!<\/span><\/strong><\/p>\n<p>7.Citron Broskev<\/p>\n<p>8.Jahoda Malina T\u0159e\u0161e\u0148 Led <strong><span style=\"color: #ff0000;\">&gt;&gt;&gt;&gt; \u017dhav\u00e9!<\/span><\/strong><\/p>\n<p>9.Jahoda Kiwi<\/p>\n<p>10.Jahodov\u00fd Redbull <strong><span style=\"color: #ff0000;\">&gt;&gt;&gt;&gt; \u017dhav\u00e9!<\/span><\/strong><\/p>\n<p>11. Jahoda Ban\u00e1n<\/p>\n<p>12.Trojit\u00fd meloun <strong><span style=\"color: #ff0000;\">&gt;&gt;&gt;&gt; \u017dhav\u00e9!<\/span><\/strong><\/p>\n<article class=\"w-full text-token-text-primary focus-visible:outline-2 focus-visible:outline-offset-[-4px]\" dir=\"auto\" data-testid=\"conversation-turn-32\" data-scroll-anchor=\"false\">\n<div class=\"m-auto text-base py-[18px] px-6\">\n<div class=\"mx-auto flex flex-1 text-base gap-4 md:gap-5 lg:gap-6 md:max-w-3xl lg:max-w-[40rem] xl:max-w-[48rem]\">\n<div class=\"group\/conversation-turn relative flex w-full min-w-0 flex-col @xs\/thread:px-0 @sm\/thread:px-1.5 @md\/thread:px-4\">\n<div class=\"flex-col gap-1 md:gap-3\">\n<div class=\"flex max-w-full flex-col flex-grow\">\n<div class=\"min-h-8 text-message flex w-full flex-col items-end gap-2 whitespace-normal break-words text-start [.text-message+&amp;]:mt-5\" dir=\"auto\" data-message-author-role=\"user\" data-message-id=\"ffac41ca-1db4-431b-873a-32c4052956f1\">\n<div class=\"flex w-full flex-col gap-1 empty:hidden items-end rtl:items-start\">\n<div class=\"relative max-w-[var(--user-chat-width,70%)] rounded-3xl bg-token-message-surface px-5 py-2.5\">\n<div class=\"absolute bottom-0 right-full top-0 -mr-3.5 hidden pr-5 pt-2 [.group\/conversation-turn:hover_&amp;]:flex\">\n<div class=\"flex\">\n<article class=\"w-full text-token-text-primary focus-visible:outline-2 focus-visible:outline-offset-[-4px]\" dir=\"auto\" data-testid=\"conversation-turn-39\" data-scroll-anchor=\"true\">\n<div class=\"m-auto text-base py-[18px] px-6\">\n<div class=\"mx-auto flex flex-1 text-base gap-4 md:gap-5 lg:gap-6 md:max-w-3xl lg:max-w-[40rem] xl:max-w-[48rem]\">\n<div class=\"group\/conversation-turn relative flex w-full min-w-0 flex-col agent-turn @xs\/thread:px-0 @sm\/thread:px-1.5 @md\/thread:px-4\">\n<div class=\"flex-col gap-1 md:gap-3\">\n<div class=\"flex max-w-full flex-col flex-grow\">\n<div class=\"min-h-8 text-message flex w-full flex-col items-end gap-2 whitespace-normal break-words text-start [.text-message+&amp;]:mt-5\" dir=\"auto\" data-message-author-role=\"assistant\" data-message-id=\"55a23854-ec57-48dd-bd4f-6118f43d6241\" data-message-model-slug=\"gpt-4o\">\n<div class=\"flex w-full flex-col gap-1 empty:hidden first:pt-[3px]\">\n<div class=\"markdown prose w-full break-words dark:prose-invert light\"><\/div>\n<\/div>\n<\/div>\n<\/div>\n<\/div>\n<\/div>\n<\/div>\n<\/div>\n<\/article>\n<\/div>\n<\/div>\n<\/div>\n<\/div>\n<\/div>\n<\/div>\n<\/div>\n<\/div>\n<\/div>\n<\/div>\n<\/article>\n<h2>Pro\u010d si vybrat vapestornado pro hromadn\u00fd n\u00e1kup Vapsolo Galaxy 30000 Vape?<\/h2>\n<div class=\"flex-shrink-0 flex flex-col relative items-end\">\n<div class=\"pt-0\">\n<div class=\"gizmo-bot-avatar flex h-8 w-8 items-center justify-center overflow-hidden rounded-full\">\n<div class=\"relative p-1 rounded-sm flex items-center justify-center bg-token-main-surface-primary text-token-text-primary h-8 w-8\">\n<p>V\u00edtejte ve vapestornado, va\u0161em d\u016fv\u011bryhodn\u00e9m online vape shopu pro pr\u00e9miov\u00e9 jednor\u00e1zov\u00e9 vapy. S v\u00edce ne\u017e 5 lety zku\u0161enost\u00ed v\u00e1m p\u0159in\u00e1\u0161\u00edme obl\u00edben\u00e9 zna\u010dky jednor\u00e1zov\u00fdch vap\u016f, jako jsou Fumot RandM Vape, Vapme, Bang Vape, Waspe Vape a WGA Vape atd.<\/p>\n<p>N\u00e1\u0161 sortiment zahrnuje \u017ehav\u00e9 du\u00e1ln\u00ed jednor\u00e1zov\u00e9 e-cigarety, jako nap\u0159\u00edklad <a href=\"https:\/\/vapestornado.com\/cs\/product\/waspe-fihp-36000-36k-puff-twins-flavor-rechargeable-disposable-vape-bulk-buy-at-wholesale-prices\/\">FIHP 36K pot\u00e1hnut\u00ed Dvojit\u00e1 p\u0159\u00edchu\u0165<\/a>, <a href=\"https:\/\/vapestornado.com\/cs\/product\/waspe-crystal-40000-puffs-40k-double-flavor-rechargeable-disposable-vapes-cheap-price\/\">WASPE Crystal 40k Dvojit\u00e1 P\u0159\u00edchu\u0165<\/a> a chu\u0165ov\u011b bohat\u00e9 varianty, jako nap\u0159\u00edklad <a href=\"https:\/\/vapestornado.com\/cs\/product\/razzbar-15000-puffs-rechargeable-disposable-vape-bulk-buy-at-cheap-prices\/\">RAZZBAR 15000 Pot\u00e1hnut\u00ed<\/a>. Ka\u017ed\u00fd produkt je vyb\u00edr\u00e1n s d\u016frazem na kvalitu, hodnotu a rozmanitost, abychom zajistili, \u017ee najdete to prav\u00e9 pro va\u0161e pot\u0159eby. Objevte v\u00fdjime\u010dn\u00e9 slu\u017eby a \u0161irokou \u0161k\u00e1lu \u0161pi\u010dkov\u00fdch produkt\u016f za velkoobchodn\u00ed ceny na vapestornado.<\/p>\n<\/div>\n<h3><\/h3>\n<div class=\"relative p-1 rounded-sm flex items-center justify-center bg-token-main-surface-primary text-token-text-primary h-8 w-8\">\n<h2>\u010casto kladen\u00e9 dotazy pro jednor\u00e1zovou e-cigaretu Vapsolo Galaxy 30000<\/h2>\n<\/div>\n<\/div>\n<\/div>\n<\/div>\n<div class=\"flex-shrink-0 flex flex-col relative items-end\">\n<div class=\"pt-0\">\n<div class=\"gizmo-bot-avatar flex h-8 w-8 items-center justify-center overflow-hidden rounded-full\">\n<div class=\"relative p-1 rounded-sm flex items-center justify-center bg-token-main-surface-primary text-token-text-primary h-8 w-8\">\n<div class=\"mb-2 flex gap-3 empty:hidden -ml-2\">\n<ol data-start=\"1890\" data-end=\"2794\">\n<li data-start=\"1890\" data-end=\"2083\">\n<p data-start=\"1893\" data-end=\"1966\"><strong data-start=\"1893\" data-end=\"1964\">Kde mohu koupit Vapsolo Galaxy 30000 Puffs za velkoobchodn\u00ed ceny?<\/strong><\/p>\n<ul data-start=\"1970\" data-end=\"2083\">\n<li data-start=\"1970\" data-end=\"2083\">M\u016f\u017eete z\u00edskat <strong data-start=\"1984\" data-end=\"2008\">exkluzivn\u00ed hromadn\u00e9 nab\u00eddky<\/strong> u Vapestornado<strong data-start=\"2012\" data-end=\"2040\">\u00a0online obchod s vapkami<\/strong>, d\u016fv\u011bryhodn\u00fd zdroj pro velkoobchodn\u00ed prodej vap\u016f.<\/li>\n<\/ul>\n<\/li>\n<li data-start=\"2085\" data-end=\"2278\">\n<p data-start=\"2088\" data-end=\"2125\"><strong data-start=\"2088\" data-end=\"2123\">Jak funguje chytr\u00fd displej?<\/strong><\/p>\n<ul data-start=\"2129\" data-end=\"2278\">\n<li data-start=\"2129\" data-end=\"2278\">Ten <strong data-start=\"2135\" data-end=\"2164\">chytr\u00fd dotykov\u00fd displej<\/strong> poskytuje <strong data-start=\"2174\" data-end=\"2231\">informace o stavu baterie a hladin\u011b e-liquidu v re\u00e1ln\u00e9m \u010dase<\/strong>, co\u017e v\u00e1m d\u00e1v\u00e1 \u00faplnou kontrolu nad va\u0161\u00edm vapem.<\/li>\n<\/ul>\n<\/li>\n<li data-start=\"2280\" data-end=\"2442\">\n<p data-start=\"2283\" data-end=\"2324\"><strong data-start=\"2283\" data-end=\"2322\">Je Vapsolo Galaxy dob\u00edjec\u00ed?<\/strong><\/p>\n<ul data-start=\"2328\" data-end=\"2442\">\n<li data-start=\"2328\" data-end=\"2442\">Ano! The <strong data-start=\"2339\" data-end=\"2357\">Baterie 850mAh<\/strong> is <strong data-start=\"2361\" data-end=\"2384\">dob\u00edjec\u00ed p\u0159es Type-C<\/strong>, co\u017e zaji\u0161\u0165uje dlouhotrvaj\u00edc\u00ed v\u00fdkon s rychl\u00fdm nab\u00edjen\u00edm.<\/li>\n<\/ul>\n<\/li>\n<li data-start=\"2444\" data-end=\"2614\">\n<p data-start=\"2447\" data-end=\"2491\"><strong data-start=\"2447\" data-end=\"2489\">Mohu na tomto vapu nastavit pr\u016ftok vzduchu?<\/strong><\/p>\n<ul data-start=\"2495\" data-end=\"2614\">\n<li data-start=\"2495\" data-end=\"2614\">Absolutn\u011b! The <strong data-start=\"2513\" data-end=\"2543\">nastaven\u00ed pr\u016ftoku vzduchu ve 4 \u00farovn\u00edch<\/strong> v\u00e1m umo\u017e\u0148uje p\u0159izp\u016fsobit si tah pro dokonal\u00fd z\u00e1\u017eitek z vapov\u00e1n\u00ed.<\/li>\n<\/ul>\n<\/li>\n<li data-start=\"2616\" data-end=\"2794\">\n<p data-start=\"2619\" data-end=\"2666\"><strong data-start=\"2619\" data-end=\"2664\">Je tato vape k dispozici pro hromadn\u00fd n\u00e1kup?<\/strong><\/p>\n<ul data-start=\"2670\" data-end=\"2794\">\n<li data-start=\"2670\" data-end=\"2794\">Ano! The <strong data-start=\"2681\" data-end=\"2711\">Vapsolo Galaxy 30000 Puffs<\/strong> je ide\u00e1ln\u00ed pro <strong data-start=\"2725\" data-end=\"2745\">velkoobchodn\u00ed kupce<\/strong>, nab\u00edzej\u00edc\u00ed <strong data-start=\"2756\" data-end=\"2791\">\u0161pi\u010dkov\u00e9 funkce za n\u00edzk\u00e9 ceny<\/strong>.<\/li>\n<\/ul>\n<\/li>\n<\/ol>\n<h4>Jak objednat?<\/h4>\n<p><strong>1. Jak\u00e9 platebn\u00ed metody akceptujete?<\/strong><br \/>\nAkceptujeme IBAN p\u0159evod a <span style=\"font-size: 16px;\">Western Union<\/span>\u00a0pro bezpe\u010dn\u00e9 a pohodln\u00e9 transakce.<\/p>\n<p><strong>2. Jak mohu sledovat svou objedn\u00e1vku?<\/strong><br \/>\nPo odesl\u00e1n\u00ed va\u0161\u00ed objedn\u00e1vky <span class=\"selectable-text copyable-text false\">budeme pr\u016fb\u011b\u017en\u011b aktualizovat sledov\u00e1n\u00ed z\u00e1silky, dokud ji neobdr\u017e\u00edte<\/span>.<\/p>\n<p><strong>3. Jak\u00e1 je odhadovan\u00e1 doba doru\u010den\u00ed?<\/strong><\/p>\n<ul>\n<li>Doru\u010den\u00ed z <strong>sklad\u016f v \u010c\u00edn\u011b<\/strong> trv\u00e1 p\u0159ibli\u017en\u011b <strong>7-14 pracovn\u00edch dn\u016f<\/strong>.<\/li>\n<li>Doru\u010den\u00ed z <strong>Evropsk\u00e9 sklady<\/strong> obvykle trv\u00e1 <strong>3-6 pracovn\u00edch dn\u016f<\/strong>.<\/li>\n<\/ul>\n<p><strong>4. Jak mohu z\u00edskat rychlej\u0161\u00ed doru\u010den\u00ed?<\/strong><br \/>\nPro rychlej\u0161\u00ed doru\u010den\u00ed doporu\u010dujeme objedn\u00e1vat z na\u0161eho <strong>Evropsk\u00e9ho skladu<\/strong>, kter\u00fd nab\u00edz\u00ed krat\u0161\u00ed dodac\u00ed lh\u016fty.<\/p>\n<p><strong>5. Jak vr\u00e1t\u00edm zbo\u017e\u00ed?<\/strong><br \/>\nPro vr\u00e1cen\u00ed zbo\u017e\u00ed kontaktujte n\u00e1\u0161 t\u00fdm z\u00e1kaznick\u00e9ho servisu pro podrobn\u00e9 pokyny k procesu vr\u00e1cen\u00ed.<\/p>\n<p><strong>6. Nab\u00edz\u00edte mezin\u00e1rodn\u00ed dopravu?<\/strong><br \/>\nAno, zas\u00edl\u00e1me do v\u011bt\u0161iny zem\u00ed a zaji\u0161\u0165ujeme <strong>celn\u00ed odbaven\u00ed<\/strong> pro bezprobl\u00e9mov\u00e9 doru\u010den\u00ed.<\/p>\n<p><strong>7. Co kdy\u017e obdr\u017e\u00edm po\u0161kozen\u00e9 nebo vadn\u00e9 zbo\u017e\u00ed?<\/strong><br \/>\nPokud je va\u0161e polo\u017eka po\u0161kozen\u00e1 nebo vadn\u00e1, kontaktujte z\u00e1kaznick\u00fd servis pro <strong>v\u00fdm\u011bnu nebo vr\u00e1cen\u00ed pen\u011bz<\/strong>.<\/p>\n<p><strong>8. Jak mohu kontaktovat z\u00e1kaznick\u00fd servis?<\/strong><br \/>\nM\u016f\u017eete n\u00e1s kontaktovat prost\u0159ednictv\u00edm <strong>e-mailu, WhatsAppu nebo \u017eiv\u00e9ho chatu<\/strong> na na\u0161ich webov\u00fdch str\u00e1nk\u00e1ch pro jakoukoli pomoc.<\/p>\n<\/div>\n<\/div>\n<\/div>\n<\/div>\n<\/div>","protected":false},"excerpt":{"rendered":"<p>Origin\u00e1ln\u00ed Vapsolo 30000 pot\u00e1hnut\u00ed Nejlep\u0161\u00ed displej Vaporiz\u00e9ry Vape<br \/>\nTov\u00e1rna Velkoobchod Vapsolo Galaxy Vapers 30K pot\u00e1hnut\u00ed Jednor\u00e1zov\u00e1 Vape<br \/>\nVapsolo Galaxy 30000 pot\u00e1hnut\u00ed Chytr\u00e9 Jednor\u00e1zov\u00e9 Vape Hromadn\u00e1 cena<\/p>\n<p><strong>P\u0159idejte si Amy na Whatsapp, abyste z\u00edskali spr\u00e1vnou odpov\u011b\u010f a slevu!<\/strong><\/p>\n<p><img fetchpriority=\"high\" decoding=\"async\" class=\"size-full wp-image-2932\" src=\"https:\/\/vapestornado.com\/wp-content\/uploads\/2024\/12\/Vape-Wholesale.jpg\" alt=\"Velkoobchod s vape\" width=\"229\" height=\"300\" \/><\/p>\n<h3><a href=\"https:\/\/wa.me\/8617776015835\"><span style=\"color: #ff0000;\"><strong>WhatsApp: +86 17776015835<\/strong><\/span><\/a><\/h3>\n<p>&nbsp;<\/p>","protected":false},"featured_media":3855,"comment_status":"open","ping_status":"closed","template":"","meta":{"_acf_changed":false,"_uag_custom_page_level_css":"","_lmt_disableupdate":"no","_lmt_disable":"","_monsterinsights_skip_tracking":false,"_monsterinsights_sitenote_active":false,"_monsterinsights_sitenote_note":"","_monsterinsights_sitenote_category":0,"site-sidebar-layout":"default","site-content-layout":"","ast-site-content-layout":"default","site-content-style":"default","site-sidebar-style":"default","ast-global-header-display":"","ast-banner-title-visibility":"","ast-main-header-display":"","ast-hfb-above-header-display":"","ast-hfb-below-header-display":"","ast-hfb-mobile-header-display":"","site-post-title":"","ast-breadcrumbs-content":"","ast-featured-img":"","footer-sml-layout":"","ast-disable-related-posts":"","theme-transparent-header-meta":"default","adv-header-id-meta":"","stick-header-meta":"","header-above-stick-meta":"","header-main-stick-meta":"","header-below-stick-meta":"","astra-migrate-meta-layouts":"set","ast-page-background-enabled":"default","ast-page-background-meta":{"desktop":{"background-color":"","background-image":"","background-repeat":"repeat","background-position":"center center","background-size":"auto","background-attachment":"scroll","background-type":"","background-media":"","overlay-type":"","overlay-color":"","overlay-opacity":"","overlay-gradient":""},"tablet":{"background-color":"","background-image":"","background-repeat":"repeat","background-position":"center center","background-size":"auto","background-attachment":"scroll","background-type":"","background-media":"","overlay-type":"","overlay-color":"","overlay-opacity":"","overlay-gradient":""},"mobile":{"background-color":"","background-image":"","background-repeat":"repeat","background-position":"center center","background-size":"auto","background-attachment":"scroll","background-type":"","background-media":"","overlay-type":"","overlay-color":"","overlay-opacity":"","overlay-gradient":""}},"ast-content-background-meta":{"desktop":{"background-color":"var(--ast-global-color-5)","background-image":"","background-repeat":"repeat","background-position":"center center","background-size":"auto","background-attachment":"scroll","background-type":"","background-media":"","overlay-type":"","overlay-color":"","overlay-opacity":"","overlay-gradient":""},"tablet":{"background-color":"var(--ast-global-color-5)","background-image":"","background-repeat":"repeat","background-position":"center center","background-size":"auto","background-attachment":"scroll","background-type":"","background-media":"","overlay-type":"","overlay-color":"","overlay-opacity":"","overlay-gradient":""},"mobile":{"background-color":"var(--ast-global-color-5)","background-image":"","background-repeat":"repeat","background-position":"center center","background-size":"auto","background-attachment":"scroll","background-type":"","background-media":"","overlay-type":"","overlay-color":"","overlay-opacity":"","overlay-gradient":""}},"_joinchat":{"telephone":"17776015835"}},"product_brand":[],"product_cat":[19,67,149,158,143,146,171],"product_tag":[105,97,250,94,241,93,249],"class_list":{"0":"post-3859","1":"product","2":"type-product","3":"status-publish","4":"has-post-thumbnail","6":"product_cat-vapes","7":"product_cat-30000-puff","8":"product_cat-buy-disposable-vapes-in-austria","9":"product_cat-buy-disposable-vapes-in-spain","10":"product_cat-dual-mesh-disposable-vapes","11":"product_cat-rechargeable-disposable-vapes","12":"product_cat-vapsolo-disposable-vapes","13":"product_tag-digital-disposable-vape","14":"product_tag-hot-sale-disposable-vape","15":"product_tag-puff-30k","16":"product_tag-rechargeable-disposable-vape","17":"product_tag-smart-screen-disposable-vape","18":"product_tag-vape-wholesale","19":"product_tag-vapsolo-galaxy-30000","20":"desktop-align-left","21":"tablet-align-left","22":"mobile-align-left","24":"first","25":"instock","26":"sale","27":"shipping-taxable","28":"purchasable","29":"product-type-simple"},"acf":[],"uagb_featured_image_src":{"full":["https:\/\/vapestornado.com\/wp-content\/uploads\/2025\/03\/Vapsolo-Galaxy-30k-30000-Puffs-Disposable-Vape.webp",800,800,false],"thumbnail":["https:\/\/vapestornado.com\/wp-content\/uploads\/2025\/03\/Vapsolo-Galaxy-30k-30000-Puffs-Disposable-Vape-150x150.webp",150,150,true],"medium":["https:\/\/vapestornado.com\/wp-content\/uploads\/2025\/03\/Vapsolo-Galaxy-30k-30000-Puffs-Disposable-Vape-300x300.webp",300,300,true],"medium_large":["https:\/\/vapestornado.com\/wp-content\/uploads\/2025\/03\/Vapsolo-Galaxy-30k-30000-Puffs-Disposable-Vape-768x768.webp",768,768,true],"large":["https:\/\/vapestornado.com\/wp-content\/uploads\/2025\/03\/Vapsolo-Galaxy-30k-30000-Puffs-Disposable-Vape.webp",800,800,false],"1536x1536":["https:\/\/vapestornado.com\/wp-content\/uploads\/2025\/03\/Vapsolo-Galaxy-30k-30000-Puffs-Disposable-Vape.webp",800,800,false],"2048x2048":["https:\/\/vapestornado.com\/wp-content\/uploads\/2025\/03\/Vapsolo-Galaxy-30k-30000-Puffs-Disposable-Vape.webp",800,800,false],"trp-custom-language-flag":["https:\/\/vapestornado.com\/wp-content\/uploads\/2025\/03\/Vapsolo-Galaxy-30k-30000-Puffs-Disposable-Vape.webp",12,12,false],"woocommerce_thumbnail":["https:\/\/vapestornado.com\/wp-content\/uploads\/2025\/03\/Vapsolo-Galaxy-30k-30000-Puffs-Disposable-Vape-300x300.webp",300,300,true],"woocommerce_single":["https:\/\/vapestornado.com\/wp-content\/uploads\/2025\/03\/Vapsolo-Galaxy-30k-30000-Puffs-Disposable-Vape-600x600.webp",600,600,true],"woocommerce_gallery_thumbnail":["https:\/\/vapestornado.com\/wp-content\/uploads\/2025\/03\/Vapsolo-Galaxy-30k-30000-Puffs-Disposable-Vape-100x100.webp",100,100,true]},"uagb_author_info":{"display_name":"ESAMY","author_link":"https:\/\/vapestornado.com\/cs\/author\/"},"uagb_comment_info":0,"uagb_excerpt":"Original Vapsolo 30000 Puffs Best Screen Vaporizers Vape Factory Wholesale Vapsolo Galaxy Vapers 30K Puff Disposable Vape Vapsolo Galaxy 30000 Puff Smart Disposables Vape Bulk Price Add Amy's whatsapp to get right reply and discount price! WhatsApp: +86 17776015835 &nbsp;","_links":{"self":[{"href":"https:\/\/vapestornado.com\/cs\/wp-json\/wp\/v2\/product\/3859","targetHints":{"allow":["GET"]}}],"collection":[{"href":"https:\/\/vapestornado.com\/cs\/wp-json\/wp\/v2\/product"}],"about":[{"href":"https:\/\/vapestornado.com\/cs\/wp-json\/wp\/v2\/types\/product"}],"replies":[{"embeddable":true,"href":"https:\/\/vapestornado.com\/cs\/wp-json\/wp\/v2\/comments?post=3859"}],"wp:featuredmedia":[{"embeddable":true,"href":"https:\/\/vapestornado.com\/cs\/wp-json\/wp\/v2\/media\/3855"}],"wp:attachment":[{"href":"https:\/\/vapestornado.com\/cs\/wp-json\/wp\/v2\/media?parent=3859"}],"wp:term":[{"taxonomy":"product_brand","embeddable":true,"href":"https:\/\/vapestornado.com\/cs\/wp-json\/wp\/v2\/product_brand?post=3859"},{"taxonomy":"product_cat","embeddable":true,"href":"https:\/\/vapestornado.com\/cs\/wp-json\/wp\/v2\/product_cat?post=3859"},{"taxonomy":"product_tag","embeddable":true,"href":"https:\/\/vapestornado.com\/cs\/wp-json\/wp\/v2\/product_tag?post=3859"}],"curies":[{"name":"wp","href":"https:\/\/api.w.org\/{rel}","templated":true}]}}