{"id":3796,"date":"2025-02-19T07:21:03","date_gmt":"2025-02-19T07:21:03","guid":{"rendered":"https:\/\/vapestornado.com\/?post_type=product&#038;p=3796"},"modified":"2025-08-23T09:18:00","modified_gmt":"2025-08-23T09:18:00","slug":"waspe-12000-digital-box-12k-puff-vapes-disposable-wholesale-price","status":"publish","type":"product","link":"https:\/\/vapestornado.com\/cs\/product\/waspe-12000-digital-box-12k-puff-vapes-disposable-wholesale-price\/","title":{"rendered":"Waspe 12000 Digital Box 12k pota\u017een\u00ed, jednor\u00e1zov\u00e9 vapy, velkoobchodn\u00ed cena"},"content":{"rendered":"<h1 data-pm-slice=\"1 1 []\">Waspe 12000 Digital Box 12k pota\u017een\u00ed, jednor\u00e1zov\u00e9 vapy, velkoobchodn\u00ed cena<del><br \/>\n<\/del><\/h1>\n<p data-start=\"235\" data-end=\"489\">Ten <strong data-start=\"239\" data-end=\"282\">Waspe 12000 Digital Box jednor\u00e1zov\u00e1 elektronick\u00e1 cigareta<\/strong> kombinuje kapacitu, v\u00fdkon a pohodl\u00ed v jednom elegantn\u00edm za\u0159\u00edzen\u00ed. S a\u017e <strong data-start=\"363\" data-end=\"379\">12 000 pot\u00e1hnut\u00ed<\/strong> a <strong data-start=\"386\" data-end=\"408\">25ml n\u00e1dr\u017ekou na e-liquid<\/strong>, poskytuje dlouhotrvaj\u00edc\u00ed vapov\u00e1n\u00ed, kter\u00e9 oslov\u00ed p\u0159\u00edle\u017eitostn\u00e9 i n\u00e1ro\u010dn\u00e9 u\u017eivatele.<\/p>\n<p data-start=\"491\" data-end=\"721\">Je vybaveno <strong data-start=\"508\" data-end=\"538\">integrovan\u00e9mu digit\u00e1ln\u00edmu displeji<\/strong>, u\u017eivatel\u00e9 mohou snadno sledovat po\u010det pot\u00e1hnut\u00ed a stav baterie v re\u00e1ln\u00e9m \u010dase. Digit\u00e1ln\u00ed displej <strong data-start=\"611\" data-end=\"642\">650mAh dob\u00edjec\u00ed baterie<\/strong> s <strong data-start=\"648\" data-end=\"672\">Rychl\u00e9 nab\u00edjen\u00ed Type-C<\/strong> zaji\u0161\u0165uje efektivn\u00ed vyu\u017eit\u00ed bez pl\u00fdtv\u00e1n\u00ed e-liquidem.<\/p>\n<p data-start=\"723\" data-end=\"948\">D\u00edky pou\u017eit\u00ed <strong data-start=\"729\" data-end=\"758\">technologie du\u00e1ln\u00ed mesh spir\u00e1lky<\/strong>, Waspe 12K poskytuje hladkou produkci p\u00e1ry a bohatou chu\u0165 v \u0161irok\u00e9 \u0161k\u00e1le p\u0159\u00edchut\u00ed. Dostupn\u00e9 s obsahem nikotinu <strong data-start=\"890\" data-end=\"908\">0 %, 2 % a 5 %<\/strong>, uspokoj\u00ed v\u0161echny preference vapov\u00e1n\u00ed.<\/p>\n<p data-start=\"950\" data-end=\"1150\">Pro velkoobchodn\u00edky a maloobchodn\u00edky, <strong data-start=\"985\" data-end=\"1017\">Waspe 12000 Digit\u00e1ln\u00ed Krabice Vapingov\u00e9 za\u0159\u00edzen\u00ed<\/strong> nab\u00edz\u00ed siln\u00fd prodejn\u00ed potenci\u00e1l d\u00edky kombinaci vysok\u00e9ho po\u010dtu pot\u00e1hnut\u00ed, pokro\u010dil\u00fdch funkc\u00ed a konkurenceschopn\u00fdch velkoobchodn\u00edch cen.<\/p>\n<p><strong><span style=\"color: #ff0000;\">P\u0159idejte si Amy na WhatsApp pro rychlou odpov\u011b\u010f a kup\u00f3n na vapky!<\/span><\/strong><\/p>\n<p><img fetchpriority=\"high\" decoding=\"async\" class=\"size-full wp-image-2932\" src=\"https:\/\/vapestornado.com\/wp-content\/uploads\/2024\/12\/Vape-Wholesale.jpg\" alt=\"Velkoobchod s vape\" width=\"229\" height=\"300\" \/><\/p>\n<h3><a href=\"https:\/\/wa.me\/8617776015835\" target=\"_blank\" rel=\"noopener\"><span style=\"color: #ff0000;\"><strong>WhatsApp: +86 17776015835<\/strong><\/span><\/a><\/h3>\n<p>&nbsp;<\/p>\n<h2><strong>Waspe 12000 Digital Box 12k Vlastnosti produktu<\/strong><\/h2>\n<p>Pot\u00e1hnut\u00ed: 12000 pot\u00e1hnut\u00ed<br \/>\nDu\u00e1ln\u00ed Mesh spir\u00e1lka 1,0ohm<br \/>\nBaterie: A650mAh<br \/>\nE-liquid: 20ml<br \/>\nNikotin: 2%\/5% Nikotin<br \/>\nDob\u00edjec\u00ed Type-C<br \/>\nDisplej zobrazuje stav e-liquidu a baterie<\/p>\n<h2 class=\"product-title\"><strong>Seznam p\u0159\u00edchut\u00ed Waspe Digital Box 12k<\/strong><\/h2>\n<p>1 Melounov\u00fd led<strong> <span style=\"color: #ff0000;\">&gt;&gt;&gt;&gt; \u017dhav\u00e9!<\/span><\/strong><br \/>\n2 Modr\u00fd malinov\u00fd led <strong><span style=\"color: #ff0000;\">&gt;&gt;&gt;&gt; \u017dhav\u00e9!<\/span><\/strong><br \/>\n3 Hroznov\u00fd led<br \/>\n4 Jahodov\u00fd meloun <strong><span style=\"color: #ff0000;\">&gt;&gt;&gt;&gt; \u017dhav\u00e9!<\/span><\/strong><br \/>\n5 M\u00edchan\u00e9 bobule <strong><span style=\"color: #ff0000;\">&gt;&gt;&gt;&gt; Nejlep\u0161\u00ed!<\/span><\/strong><br \/>\n6 Jahodov\u00e9 donuty<br \/>\n7 Bor\u016fvkov\u00e1 malina <strong><span style=\"color: #ff0000;\">&gt;&gt;&gt;&gt; \u017dhav\u00e9!<\/span><\/strong><br \/>\n8 Jahodov\u00e1 malina t\u0159e\u0161e\u0148 <strong><span style=\"color: #ff0000;\">&gt;&gt;&gt;&gt; \u017dhav\u00e9!<\/span><\/strong><br \/>\n9 Meloun Mango Broskev<br \/>\n10 Hru\u0161kov\u00fd d\u017eus z \u010derven\u00e9ho v\u00edna<\/p>\n<article class=\"w-full text-token-text-primary focus-visible:outline-2 focus-visible:outline-offset-[-4px]\" dir=\"auto\" data-testid=\"conversation-turn-32\" data-scroll-anchor=\"false\">\n<div class=\"m-auto text-base py-[18px] px-6\">\n<div class=\"mx-auto flex flex-1 text-base gap-4 md:gap-5 lg:gap-6 md:max-w-3xl lg:max-w-[40rem] xl:max-w-[48rem]\">\n<div class=\"group\/conversation-turn relative flex w-full min-w-0 flex-col @xs\/thread:px-0 @sm\/thread:px-1.5 @md\/thread:px-4\">\n<div class=\"flex-col gap-1 md:gap-3\">\n<div class=\"flex max-w-full flex-col flex-grow\">\n<div class=\"min-h-8 text-message flex w-full flex-col items-end gap-2 whitespace-normal break-words text-start [.text-message+&amp;]:mt-5\" dir=\"auto\" data-message-author-role=\"user\" data-message-id=\"ffac41ca-1db4-431b-873a-32c4052956f1\">\n<div class=\"flex w-full flex-col gap-1 empty:hidden items-end rtl:items-start\">\n<div class=\"relative max-w-[var(--user-chat-width,70%)] rounded-3xl bg-token-message-surface px-5 py-2.5\">\n<div class=\"absolute bottom-0 right-full top-0 -mr-3.5 hidden pr-5 pt-2 [.group\/conversation-turn:hover_&amp;]:flex\">\n<div class=\"flex\">\n<article class=\"w-full text-token-text-primary focus-visible:outline-2 focus-visible:outline-offset-[-4px]\" dir=\"auto\" data-testid=\"conversation-turn-39\" data-scroll-anchor=\"true\">\n<div class=\"m-auto text-base py-[18px] px-6\">\n<div class=\"mx-auto flex flex-1 text-base gap-4 md:gap-5 lg:gap-6 md:max-w-3xl lg:max-w-[40rem] xl:max-w-[48rem]\">\n<div class=\"group\/conversation-turn relative flex w-full min-w-0 flex-col agent-turn @xs\/thread:px-0 @sm\/thread:px-1.5 @md\/thread:px-4\">\n<div class=\"flex-col gap-1 md:gap-3\">\n<div class=\"flex max-w-full flex-col flex-grow\">\n<div class=\"min-h-8 text-message flex w-full flex-col items-end gap-2 whitespace-normal break-words text-start [.text-message+&amp;]:mt-5\" dir=\"auto\" data-message-author-role=\"assistant\" data-message-id=\"55a23854-ec57-48dd-bd4f-6118f43d6241\" data-message-model-slug=\"gpt-4o\">\n<div class=\"flex w-full flex-col gap-1 empty:hidden first:pt-[3px]\">\n<div class=\"markdown prose w-full break-words dark:prose-invert light\">\n<figure id=\"attachment_3816\" aria-describedby=\"caption-attachment-3816\" style=\"width: 800px\" class=\"wp-caption alignnone\"><img decoding=\"async\" class=\"wp-image-3816 size-full\" src=\"https:\/\/vapestornado.com\/wp-content\/uploads\/2025\/03\/Waspe-12k-Puffs-Digital-Box.webp\" alt=\"Waspe 12k pot\u00e1hnut\u00ed Digital Box\" width=\"800\" height=\"800\" srcset=\"https:\/\/vapestornado.com\/wp-content\/uploads\/2025\/03\/Waspe-12k-Puffs-Digital-Box.webp 800w, https:\/\/vapestornado.com\/wp-content\/uploads\/2025\/03\/Waspe-12k-Puffs-Digital-Box-300x300.webp 300w, https:\/\/vapestornado.com\/wp-content\/uploads\/2025\/03\/Waspe-12k-Puffs-Digital-Box-150x150.webp 150w, https:\/\/vapestornado.com\/wp-content\/uploads\/2025\/03\/Waspe-12k-Puffs-Digital-Box-768x768.webp 768w, https:\/\/vapestornado.com\/wp-content\/uploads\/2025\/03\/Waspe-12k-Puffs-Digital-Box-600x600.webp 600w, https:\/\/vapestornado.com\/wp-content\/uploads\/2025\/03\/Waspe-12k-Puffs-Digital-Box-100x100.webp 100w\" sizes=\"(max-width: 800px) 100vw, 800px\" \/><figcaption id=\"caption-attachment-3816\" class=\"wp-caption-text\">Waspe 12k pot\u00e1hnut\u00ed Digital Box<\/figcaption><\/figure>\n<\/div>\n<\/div>\n<\/div>\n<\/div>\n<\/div>\n<\/div>\n<\/div>\n<\/div>\n<\/article>\n<\/div>\n<\/div>\n<\/div>\n<\/div>\n<\/div>\n<\/div>\n<\/div>\n<\/div>\n<\/div>\n<\/div>\n<\/article>\n<h3>Pro\u010d si vybrat vapestornado pro velkoobchod s jednor\u00e1zov\u00fdmi e-cigaretami Waspe Digital Box 12000 pot\u00e1hnut\u00ed?<\/h3>\n<div class=\"flex-shrink-0 flex flex-col relative items-end\">\n<div class=\"pt-0\">\n<div class=\"gizmo-bot-avatar flex h-8 w-8 items-center justify-center overflow-hidden rounded-full\">\n<div class=\"relative p-1 rounded-sm flex items-center justify-center bg-token-main-surface-primary text-token-text-primary h-8 w-8\">\n<p>V\u00edtejte ve vapestornado, va\u0161em d\u016fv\u011bryhodn\u00e9m online vape shopu pro pr\u00e9miov\u00e9 jednor\u00e1zov\u00e9 vapy. S v\u00edce ne\u017e 5 lety zku\u0161enost\u00ed v\u00e1m p\u0159in\u00e1\u0161\u00edme obl\u00edben\u00e9 zna\u010dky jednor\u00e1zov\u00fdch vap\u016f, jako jsou Fumot RandM Vape, Vapme, Bang Vape, Waspe Vape a WGA Vape atd.<\/p>\n<p>N\u00e1\u0161 sortiment zahrnuje \u017ehav\u00e9 du\u00e1ln\u00ed jednor\u00e1zov\u00e9 e-cigarety, jako nap\u0159\u00edklad <a href=\"https:\/\/vapestornado.com\/cs\/product\/waspe-fihp-36000-36k-puff-twins-flavor-rechargeable-disposable-vape-bulk-buy-at-wholesale-prices\/\">FIHP 36K pot\u00e1hnut\u00ed Dvojit\u00e1 p\u0159\u00edchu\u0165<\/a>, <a href=\"https:\/\/vapestornado.com\/cs\/product\/waspe-crystal-40000-puffs-40k-double-flavor-rechargeable-disposable-vapes-cheap-price\/\">WASPE Crystal 40k Dvojit\u00e1 P\u0159\u00edchu\u0165<\/a> a chu\u0165ov\u011b bohat\u00e9 varianty, jako nap\u0159\u00edklad <a href=\"https:\/\/vapestornado.com\/cs\/product\/razzbar-15000-puffs-rechargeable-disposable-vape-bulk-buy-at-cheap-prices\/\">RAZZBAR 15000 Pot\u00e1hnut\u00ed<\/a>. Ka\u017ed\u00fd produkt je vyb\u00edr\u00e1n s d\u016frazem na kvalitu, hodnotu a rozmanitost, abychom zajistili, \u017ee najdete to prav\u00e9 pro va\u0161e pot\u0159eby. Objevte v\u00fdjime\u010dn\u00e9 slu\u017eby a \u0161irokou \u0161k\u00e1lu \u0161pi\u010dkov\u00fdch produkt\u016f za velkoobchodn\u00ed ceny na vapestornado.<\/p>\n<\/div>\n<h3><\/h3>\n<div class=\"relative p-1 rounded-sm flex items-center justify-center bg-token-main-surface-primary text-token-text-primary h-8 w-8\">\n<h3>\u010casto kladen\u00e9 ot\u00e1zky pro jednor\u00e1zovou vapovac\u00ed sadu Waspe 12000 Pot\u00e1hnut\u00ed<\/h3>\n<\/div>\n<\/div>\n<\/div>\n<\/div>\n<div class=\"flex-shrink-0 flex flex-col relative items-end\">\n<div class=\"pt-0\">\n<div class=\"gizmo-bot-avatar flex h-8 w-8 items-center justify-center overflow-hidden rounded-full\">\n<div class=\"relative p-1 rounded-sm flex items-center justify-center bg-token-main-surface-primary text-token-text-primary h-8 w-8\">\n<div class=\"mb-2 flex gap-3 empty:hidden -ml-2\">\n<p data-pm-slice=\"1 1 []\"><strong>1. Jak dlouho vydr\u017e\u00ed Waspe 12000?<\/strong><\/p>\n<p data-pm-slice=\"1 1 []\">Waspe 12000 poskytuje <strong>a\u017e 12 000 pot\u00e1hnut\u00ed<\/strong>, co\u017e z n\u011bj \u010din\u00ed jednu z nejd\u00e9le trvaj\u00edc\u00edch jednor\u00e1zov\u00fdch vapovac\u00edch sad na trhu. S jeho <strong>dob\u00edjec\u00ed baterie<\/strong>, si m\u016f\u017eete u\u017e\u00edvat nep\u0159etr\u017eit\u00e9 vapov\u00e1n\u00ed po del\u0161\u00ed dobu.<\/p>\n<p><strong>2. M\u00e1 Waspe 12000 digit\u00e1ln\u00ed displej?<\/strong><\/p>\n<p>Ano! Vestav\u011bn\u00fd <strong>digit\u00e1ln\u00ed displej<\/strong> v\u00e1m umo\u017en\u00ed sledovat \u017eivotnost baterie a po\u010det pot\u00e1hnut\u00ed v re\u00e1ln\u00e9m \u010dase a nab\u00edz\u00ed bezprobl\u00e9mov\u00e9 vapov\u00e1n\u00ed.<\/p>\n<p><strong>3. Jak\u00e9 p\u0159\u00edchut\u011b jsou k dispozici pro Waspe 12000?<\/strong><\/p>\n<p>Tato vapovac\u00ed sada se dod\u00e1v\u00e1 v <strong>\u0161irok\u00e9 \u0161k\u00e1le p\u0159\u00edchut\u00ed<\/strong>, v\u010detn\u011b ovocn\u00fdch, mentolov\u00fdch a klasick\u00fdch tab\u00e1kov\u00fdch variant. Najde se n\u011bco pro ka\u017edou chu\u0165!<\/p>\n<p><strong>4. Je Waspe 12000 dob\u00edjec\u00ed?<\/strong><\/p>\n<p>Absolutn\u011b! Waspe 12000 je vybaven <strong>Rychl\u00e9 nab\u00edjen\u00ed Type-C<\/strong> portem, tak\u017ee jej m\u016f\u017eete rychle dob\u00edt a pokra\u010dovat ve vapov\u00e1n\u00ed bez dlouh\u00e9ho \u010dek\u00e1n\u00ed.<\/p>\n<p><strong>5. Kde mohu koupit Waspe 12000 za velkoobchodn\u00ed ceny?<\/strong><\/p>\n<p>Pro nejlep\u0161\u00ed <strong>velkoobchodn\u00ed ceny<\/strong>, se pod\u00edvejte na <strong>internetov\u00fd obchod s vapovac\u00edmi sadami Vapestornado v \u010cesk\u00e9 republice<\/strong>, v\u00e1\u0161 d\u016fv\u011bryhodn\u00fd zdroj pro <strong>levn\u00fdch jednor\u00e1zov\u00fdch e-cigaret<\/strong> a hromadn\u00e9 n\u00e1kupy.<\/p>\n<h4>Jak objednat?<\/h4>\n<p><strong>1. Jak\u00e9 platebn\u00ed metody akceptujete?<\/strong><br \/>\nAkceptujeme IBAN p\u0159evod a <span style=\"font-size: 16px;\">Western Union<\/span>\u00a0pro bezpe\u010dn\u00e9 a pohodln\u00e9 transakce.<\/p>\n<p><strong>2. Jak mohu sledovat svou objedn\u00e1vku?<\/strong><br \/>\nPo odesl\u00e1n\u00ed va\u0161\u00ed objedn\u00e1vky <span class=\"selectable-text copyable-text false\">budeme pr\u016fb\u011b\u017en\u011b aktualizovat sledov\u00e1n\u00ed z\u00e1silky, dokud ji neobdr\u017e\u00edte<\/span>.<\/p>\n<p><strong>3. Jak\u00e1 je odhadovan\u00e1 doba doru\u010den\u00ed?<\/strong><\/p>\n<ul>\n<li>Doru\u010den\u00ed z <strong>sklad\u016f v \u010c\u00edn\u011b<\/strong> trv\u00e1 p\u0159ibli\u017en\u011b <strong>7-14 pracovn\u00edch dn\u016f<\/strong>.<\/li>\n<li>Doru\u010den\u00ed z <strong>Evropsk\u00e9 sklady<\/strong> obvykle trv\u00e1 <strong>3-6 pracovn\u00edch dn\u016f<\/strong>.<\/li>\n<\/ul>\n<p><strong>4. Jak mohu z\u00edskat rychlej\u0161\u00ed doru\u010den\u00ed?<\/strong><br \/>\nPro rychlej\u0161\u00ed doru\u010den\u00ed doporu\u010dujeme objedn\u00e1vat z na\u0161eho <strong>Evropsk\u00e9ho skladu<\/strong>, kter\u00fd nab\u00edz\u00ed krat\u0161\u00ed dodac\u00ed lh\u016fty.<\/p>\n<p><strong>5. Jak vr\u00e1t\u00edm zbo\u017e\u00ed?<\/strong><br \/>\nPro vr\u00e1cen\u00ed zbo\u017e\u00ed kontaktujte n\u00e1\u0161 t\u00fdm z\u00e1kaznick\u00e9ho servisu pro podrobn\u00e9 pokyny k procesu vr\u00e1cen\u00ed.<\/p>\n<p><strong>6. Nab\u00edz\u00edte mezin\u00e1rodn\u00ed dopravu?<\/strong><br \/>\nAno, zas\u00edl\u00e1me do v\u011bt\u0161iny zem\u00ed a zaji\u0161\u0165ujeme <strong>celn\u00ed odbaven\u00ed<\/strong> pro bezprobl\u00e9mov\u00e9 doru\u010den\u00ed.<\/p>\n<p><strong>7. Co kdy\u017e obdr\u017e\u00edm po\u0161kozen\u00e9 nebo vadn\u00e9 zbo\u017e\u00ed?<\/strong><br \/>\nPokud je va\u0161e polo\u017eka po\u0161kozen\u00e1 nebo vadn\u00e1, kontaktujte z\u00e1kaznick\u00fd servis pro <strong>v\u00fdm\u011bnu nebo vr\u00e1cen\u00ed pen\u011bz<\/strong>.<\/p>\n<p><strong>8. Jak mohu kontaktovat z\u00e1kaznick\u00fd servis?<\/strong><br \/>\nM\u016f\u017eete n\u00e1s kontaktovat prost\u0159ednictv\u00edm <strong>e-mailu, WhatsAppu nebo \u017eiv\u00e9ho chatu<\/strong> na na\u0161ich webov\u00fdch str\u00e1nk\u00e1ch pro jakoukoli pomoc.<\/p>\n<\/div>\n<\/div>\n<\/div>\n<\/div>\n<\/div>","protected":false},"excerpt":{"rendered":"<p><strong>Masivn\u00edch 12000 pot\u00e1hnut\u00ed<\/strong> pro del\u0161\u00ed pou\u017e\u00edv\u00e1n\u00ed \u2714 <strong>Dob\u00edjec\u00ed<\/strong> s <strong>rychlonab\u00edjec\u00ed port typu C<\/strong> \u2714 <strong>Digit\u00e1ln\u00ed displej<\/strong> pro sledov\u00e1n\u00ed baterie v re\u00e1ln\u00e9m \u010dase <strong>Rozmanitost p\u0159\u00edchut\u00ed<\/strong> pro uspokojen\u00ed v\u0161ech chu\u0165ov\u00fdch preferenc\u00ed \u2714 <strong>Vysoce kvalitn\u00ed du\u00e1ln\u00ed mesh spir\u00e1lka<\/strong> pro zv\u00fd\u0161enou produkci p\u00e1ry \u2714 <strong>N\u00edzk\u00e9 velkoobchodn\u00ed ceny<\/strong> pro hromadn\u00e9 odb\u011bratele<\/p>\n<p>Z\u00edskejte nejlep\u0161\u00ed nab\u00eddky na <strong>Waspe 12000 Digit\u00e1ln\u00ed Krabice 12K Puf Vapingov\u00e9 za\u0159\u00edzen\u00ed<\/strong> pr\u00e1v\u011b te\u010f! <strong>Velkoobchodn\u00ed jednor\u00e1zov\u00e9 vapy<\/strong> nikdy nebyly dostupn\u011bj\u0161\u00ed!<\/p>\n<p><strong>P\u0159idejte si Amy na WhatsApp pro rychlou odpov\u011b\u010f a kup\u00f3n na vapky!<\/strong><\/p>\n<p><img fetchpriority=\"high\" decoding=\"async\" class=\"size-full wp-image-2932\" src=\"https:\/\/vapestornado.com\/wp-content\/uploads\/2024\/12\/Vape-Wholesale.jpg\" alt=\"Velkoobchod s vape\" width=\"229\" height=\"300\" \/><\/p>\n<h3><a href=\"https:\/\/wa.me\/8617776015835\"><span style=\"color: #ff0000;\"><strong>WhatsApp: +86 17776015835<\/strong><\/span><\/a><\/h3>\n<p>&nbsp;<\/p>","protected":false},"featured_media":3815,"comment_status":"open","ping_status":"closed","template":"","meta":{"_acf_changed":false,"_uag_custom_page_level_css":"","_lmt_disableupdate":"no","_lmt_disable":"","_monsterinsights_skip_tracking":false,"_monsterinsights_sitenote_active":false,"_monsterinsights_sitenote_note":"","_monsterinsights_sitenote_category":0,"site-sidebar-layout":"default","site-content-layout":"","ast-site-content-layout":"default","site-content-style":"default","site-sidebar-style":"default","ast-global-header-display":"","ast-banner-title-visibility":"","ast-main-header-display":"","ast-hfb-above-header-display":"","ast-hfb-below-header-display":"","ast-hfb-mobile-header-display":"","site-post-title":"","ast-breadcrumbs-content":"","ast-featured-img":"","footer-sml-layout":"","ast-disable-related-posts":"","theme-transparent-header-meta":"default","adv-header-id-meta":"","stick-header-meta":"","header-above-stick-meta":"","header-main-stick-meta":"","header-below-stick-meta":"","astra-migrate-meta-layouts":"set","ast-page-background-enabled":"default","ast-page-background-meta":{"desktop":{"background-color":"","background-image":"","background-repeat":"repeat","background-position":"center center","background-size":"auto","background-attachment":"scroll","background-type":"","background-media":"","overlay-type":"","overlay-color":"","overlay-opacity":"","overlay-gradient":""},"tablet":{"background-color":"","background-image":"","background-repeat":"repeat","background-position":"center center","background-size":"auto","background-attachment":"scroll","background-type":"","background-media":"","overlay-type":"","overlay-color":"","overlay-opacity":"","overlay-gradient":""},"mobile":{"background-color":"","background-image":"","background-repeat":"repeat","background-position":"center center","background-size":"auto","background-attachment":"scroll","background-type":"","background-media":"","overlay-type":"","overlay-color":"","overlay-opacity":"","overlay-gradient":""}},"ast-content-background-meta":{"desktop":{"background-color":"var(--ast-global-color-5)","background-image":"","background-repeat":"repeat","background-position":"center center","background-size":"auto","background-attachment":"scroll","background-type":"","background-media":"","overlay-type":"","overlay-color":"","overlay-opacity":"","overlay-gradient":""},"tablet":{"background-color":"var(--ast-global-color-5)","background-image":"","background-repeat":"repeat","background-position":"center center","background-size":"auto","background-attachment":"scroll","background-type":"","background-media":"","overlay-type":"","overlay-color":"","overlay-opacity":"","overlay-gradient":""},"mobile":{"background-color":"var(--ast-global-color-5)","background-image":"","background-repeat":"repeat","background-position":"center center","background-size":"auto","background-attachment":"scroll","background-type":"","background-media":"","overlay-type":"","overlay-color":"","overlay-opacity":"","overlay-gradient":""}},"_joinchat":{"telephone":"17776015835"}},"product_brand":[],"product_cat":[19,72,151,155,160,142,146,60],"product_tag":[247,105,97,94,241,93,248],"class_list":{"0":"post-3796","1":"product","2":"type-product","3":"status-publish","4":"has-post-thumbnail","6":"product_cat-vapes","7":"product_cat-12000-puff","8":"product_cat-buy-disposable-vapes-in-france","9":"product_cat-buy-disposable-vapes-in-norway","10":"product_cat-buy-disposable-vapes-in-switzerland","11":"product_cat-digital-box-disposable-vapes","12":"product_cat-rechargeable-disposable-vapes","13":"product_cat-waspe-fihp-vape","14":"product_tag-12k-puff","15":"product_tag-digital-disposable-vape","16":"product_tag-hot-sale-disposable-vape","17":"product_tag-rechargeable-disposable-vape","18":"product_tag-smart-screen-disposable-vape","19":"product_tag-vape-wholesale","20":"product_tag-waspe-12000-digital-box","21":"desktop-align-left","22":"tablet-align-left","23":"mobile-align-left","25":"first","26":"instock","27":"sale","28":"shipping-taxable","29":"purchasable","30":"product-type-simple"},"acf":[],"uagb_featured_image_src":{"full":["https:\/\/vapestornado.com\/wp-content\/uploads\/2025\/03\/WASPE-12k-Puff-Disposable-Vape-Bulk-Buy.webp",800,800,false],"thumbnail":["https:\/\/vapestornado.com\/wp-content\/uploads\/2025\/03\/WASPE-12k-Puff-Disposable-Vape-Bulk-Buy-150x150.webp",150,150,true],"medium":["https:\/\/vapestornado.com\/wp-content\/uploads\/2025\/03\/WASPE-12k-Puff-Disposable-Vape-Bulk-Buy-300x300.webp",300,300,true],"medium_large":["https:\/\/vapestornado.com\/wp-content\/uploads\/2025\/03\/WASPE-12k-Puff-Disposable-Vape-Bulk-Buy-768x768.webp",768,768,true],"large":["https:\/\/vapestornado.com\/wp-content\/uploads\/2025\/03\/WASPE-12k-Puff-Disposable-Vape-Bulk-Buy.webp",800,800,false],"1536x1536":["https:\/\/vapestornado.com\/wp-content\/uploads\/2025\/03\/WASPE-12k-Puff-Disposable-Vape-Bulk-Buy.webp",800,800,false],"2048x2048":["https:\/\/vapestornado.com\/wp-content\/uploads\/2025\/03\/WASPE-12k-Puff-Disposable-Vape-Bulk-Buy.webp",800,800,false],"trp-custom-language-flag":["https:\/\/vapestornado.com\/wp-content\/uploads\/2025\/03\/WASPE-12k-Puff-Disposable-Vape-Bulk-Buy.webp",12,12,false],"woocommerce_thumbnail":["https:\/\/vapestornado.com\/wp-content\/uploads\/2025\/03\/WASPE-12k-Puff-Disposable-Vape-Bulk-Buy-300x300.webp",300,300,true],"woocommerce_single":["https:\/\/vapestornado.com\/wp-content\/uploads\/2025\/03\/WASPE-12k-Puff-Disposable-Vape-Bulk-Buy-600x600.webp",600,600,true],"woocommerce_gallery_thumbnail":["https:\/\/vapestornado.com\/wp-content\/uploads\/2025\/03\/WASPE-12k-Puff-Disposable-Vape-Bulk-Buy-100x100.webp",100,100,true]},"uagb_author_info":{"display_name":"ESAMY","author_link":"https:\/\/vapestornado.com\/cs\/author\/"},"uagb_comment_info":0,"uagb_excerpt":"Massive 12000 puffs for extended usage \u2714 Rechargeable with fast-charging Type-C port \u2714 Digital display for real-time monitoring of battery &amp; puffs \u2714 Variety of flavors to suit all taste preferences \u2714 High-quality dual mesh coil for enhanced vapor production \u2714 Low wholesale prices for bulk buyers Get the best deals on Waspe 12000 Digital&hellip;","_links":{"self":[{"href":"https:\/\/vapestornado.com\/cs\/wp-json\/wp\/v2\/product\/3796","targetHints":{"allow":["GET"]}}],"collection":[{"href":"https:\/\/vapestornado.com\/cs\/wp-json\/wp\/v2\/product"}],"about":[{"href":"https:\/\/vapestornado.com\/cs\/wp-json\/wp\/v2\/types\/product"}],"replies":[{"embeddable":true,"href":"https:\/\/vapestornado.com\/cs\/wp-json\/wp\/v2\/comments?post=3796"}],"wp:featuredmedia":[{"embeddable":true,"href":"https:\/\/vapestornado.com\/cs\/wp-json\/wp\/v2\/media\/3815"}],"wp:attachment":[{"href":"https:\/\/vapestornado.com\/cs\/wp-json\/wp\/v2\/media?parent=3796"}],"wp:term":[{"taxonomy":"product_brand","embeddable":true,"href":"https:\/\/vapestornado.com\/cs\/wp-json\/wp\/v2\/product_brand?post=3796"},{"taxonomy":"product_cat","embeddable":true,"href":"https:\/\/vapestornado.com\/cs\/wp-json\/wp\/v2\/product_cat?post=3796"},{"taxonomy":"product_tag","embeddable":true,"href":"https:\/\/vapestornado.com\/cs\/wp-json\/wp\/v2\/product_tag?post=3796"}],"curies":[{"name":"wp","href":"https:\/\/api.w.org\/{rel}","templated":true}]}}