{"id":3768,"date":"2025-02-07T07:31:32","date_gmt":"2025-02-07T07:31:32","guid":{"rendered":"https:\/\/vapestornado.com\/?post_type=product&#038;p=3768"},"modified":"2025-12-05T07:24:35","modified_gmt":"2025-12-05T07:24:35","slug":"razzbar-15000-puffs-rechargeable-disposable-vape-bulk-buy-at-cheap-prices","status":"publish","type":"product","link":"https:\/\/vapestornado.com\/cs\/product\/razzbar-15000-puffs-rechargeable-disposable-vape-bulk-buy-at-cheap-prices\/","title":{"rendered":"RAZZBAR 15000 \u0160luk\u016f Dob\u00edjec\u00ed Jednor\u00e1zov\u00e1 Vape Velkoobchodn\u00ed N\u00e1kup za N\u00edzk\u00e9 Ceny"},"content":{"rendered":"<h2 class=\"product-title\">RAZZBAR 15000 \u0160luk\u016f Dob\u00edjec\u00ed Jednor\u00e1zov\u00e1 Vape Velkoobchodn\u00ed N\u00e1kup za N\u00edzk\u00e9 Ceny<\/h2>\n<p data-start=\"278\" data-end=\"586\">RAZZBAR 15000 nab\u00edz\u00ed dlouhou v\u00fddr\u017e v kompaktn\u00edm t\u011ble: 15 000 potah\u016f, 650mAh dob\u00edjec\u00ed baterie Type-C, konzistentn\u00ed chu\u0165 d\u00edky mesh spir\u00e1le a mo\u017enosti soli nikotinu 2% nebo 5%.<\/p>\n<p data-start=\"557\" data-end=\"874\"><strong data-start=\"557\" data-end=\"608\">15 000 potah\u016f, kter\u00e9 skute\u010dn\u011b sni\u017euj\u00ed pot\u0159ebu v\u00fdm\u011bn.<\/strong><br data-start=\"608\" data-end=\"611\" \/>RAZZBAR 15000 Puffs je ur\u010den pro lidi, kte\u0159\u00ed necht\u011bj\u00ed m\u011bnit za\u0159\u00edzen\u00ed ka\u017ed\u00fdch p\u00e1r dn\u00ed. Vysok\u00fd po\u010det potah\u016f prodlu\u017euje denn\u00ed pou\u017e\u00edv\u00e1n\u00ed na del\u0161\u00ed dobu ne\u017e b\u011b\u017en\u00e9 jednor\u00e1zov\u00e9 e-cigarety, co\u017e je praktick\u00e9 pro pracovn\u00ed dny, cestov\u00e1n\u00ed nebo prost\u011b nep\u0159em\u00fd\u0161let o vy\u010derp\u00e1n\u00ed b\u011bhem t\u00fddne.<\/p>\n<p data-start=\"876\" data-end=\"1105\"><strong data-start=\"876\" data-end=\"911\">Dob\u00edjec\u00ed energie s Type-C.<\/strong><br data-start=\"911\" data-end=\"914\" \/>Ten <strong data-start=\"918\" data-end=\"936\">Baterie 650 mAh<\/strong> je dob\u00edjec\u00ed, tak\u017ee tato jednor\u00e1zov\u00e1 vape nevypne d\u0159\u00edv, ne\u017e se spot\u0159ebuje liquid. <strong data-start=\"1007\" data-end=\"1035\">rychl\u00e9 nab\u00edjen\u00ed USB-C<\/strong> udr\u017euje to jednoduch\u00e9\u2014jeden b\u011b\u017en\u00fd kabel, kr\u00e1tk\u00e9 dobit\u00ed, zp\u011bt do kapsy.<\/p>\n<p data-start=\"1107\" data-end=\"1349\"><strong data-start=\"1107\" data-end=\"1138\">Mesh spir\u00e1la pro st\u00e1lou chu\u0165.<\/strong><br data-start=\"1138\" data-end=\"1141\" \/>Mnoho jednor\u00e1zov\u00fdch za\u0159\u00edzen\u00ed za\u010d\u00edn\u00e1 siln\u011b, pak sl\u00e1bne. RAZZBAR 15k vape pou\u017e\u00edv\u00e1 <strong data-start=\"1201\" data-end=\"1214\">mesh spir\u00e1lka<\/strong>, kter\u00e1 se zah\u0159\u00edv\u00e1 rovnom\u011brn\u011bji a pom\u00e1h\u00e1 udr\u017eet stabiln\u00ed chu\u0165 a p\u00e1ru b\u011bhem dlouh\u00e9ho pou\u017e\u00edv\u00e1n\u00ed. M\u00e9n\u011b such\u00fdch potah\u016f, m\u00e9n\u011b sp\u00e1len\u00e9 chuti na konci za\u0159\u00edzen\u00ed.<\/p>\n<p data-start=\"1351\" data-end=\"1566\"><strong data-start=\"1351\" data-end=\"1399\">Dv\u011b s\u00edly nikotinu, kter\u00e9 odpov\u00eddaj\u00ed skute\u010dn\u00fdm n\u00e1vyk\u016fm.<\/strong><br data-start=\"1399\" data-end=\"1402\" \/>Oba <strong data-start=\"1407\" data-end=\"1434\">2% a 5% s\u016fl nikotinu<\/strong> jsou k dispozici. 2% vyhovuje leh\u010d\u00edmu denn\u00edmu pou\u017e\u00edv\u00e1n\u00ed nebo t\u011bm, kdo sni\u017euj\u00ed d\u00e1vky, zat\u00edmco 5% je pro siln\u011bj\u0161\u00ed n\u00e1raz bl\u00ed\u017ee tomu, co mnoho ku\u0159\u00e1k\u016f o\u010dek\u00e1v\u00e1.<\/p>\n<p data-start=\"1568\" data-end=\"1838\">\n<p><strong>P\u0159idejte si Amyin Whatsapp, z\u00edskejte okam\u017eitou odpov\u011b\u010f a kup\u00f3n na vape!<\/strong><\/p>\n<p><img fetchpriority=\"high\" decoding=\"async\" class=\"size-full wp-image-2932\" src=\"https:\/\/vapestornado.com\/wp-content\/uploads\/2024\/12\/Vape-Wholesale.jpg\" alt=\"Velkoobchod s vape\" width=\"229\" height=\"300\" \/><\/p>\n<h3><a href=\"https:\/\/wa.me\/8617776015835\" target=\"_blank\" rel=\"noopener\"><span style=\"color: #ff0000;\"><strong>WhatsApp: +86 17776015835<\/strong><\/span><\/a><\/h3>\n<p>&nbsp;<\/p>\n<h2><strong>Vlastnosti produktu RAZZBAR 15000 potah\u016f<\/strong><\/h2>\n<table>\n<thead>\n<tr>\n<th>Funkce \/ Parametr<\/th>\n<th align=\"right\">Specifikace<\/th>\n<th>Vysv\u011btlen\u00ed<\/th>\n<\/tr>\n<\/thead>\n<tbody>\n<tr>\n<td>N\u00e1zev produktu<\/td>\n<td align=\"right\">RAZZBAR 15000 pot\u00e1hnut\u00ed Dob\u00edjec\u00ed jednor\u00e1zov\u00fd vape<\/td>\n<td>Jasn\u00fd model pro opakovan\u00e9 kupuj\u00edc\u00ed a vyhled\u00e1v\u00e1n\u00ed.<\/td>\n<\/tr>\n<tr>\n<td>Kapacita pot\u00e1hnut\u00ed<\/td>\n<td align=\"right\">A\u017e 15 000 pota\u017een\u00ed<\/td>\n<td>Del\u0161\u00ed pou\u017e\u00edv\u00e1n\u00ed ne\u017e u b\u011b\u017en\u00fdch jednor\u00e1zov\u00fdch; m\u00e9n\u011b v\u00fdm\u011bn.<\/td>\n<\/tr>\n<tr>\n<td>Baterie<\/td>\n<td align=\"right\">650mAh dob\u00edjec\u00ed<\/td>\n<td>Dob\u00edjejte, abyste mohli za\u0159\u00edzen\u00ed dokon\u010dit m\u00edsto pl\u00fdtv\u00e1n\u00ed potahy.<\/td>\n<\/tr>\n<tr>\n<td>Nab\u00edjen\u00ed<\/td>\n<td align=\"right\">USB Type-C<\/td>\n<td>B\u011b\u017en\u00fd standard rychl\u00e9ho nab\u00edjen\u00ed; snadno dostupn\u00e9 kabely.<\/td>\n<\/tr>\n<tr>\n<td>Typ spir\u00e1lky<\/td>\n<td align=\"right\">Mesh spir\u00e1lka<\/td>\n<td>Rovnom\u011brn\u00e9 zah\u0159\u00edv\u00e1n\u00ed = stabiln\u011bj\u0161\u00ed chu\u0165 a hlad\u0161\u00ed potah.<\/td>\n<\/tr>\n<tr>\n<td>S\u00edla nikotinu<\/td>\n<td align=\"right\">2% \/ 5% s\u016fl nikotinu<\/td>\n<td>Volba mezi leh\u010d\u00ed denn\u00ed \u00farovn\u00ed nebo siln\u011bj\u0161\u00edm n\u00e1razem.<\/td>\n<\/tr>\n<tr>\n<td>P\u0159\u00edchut\u011b<\/td>\n<td align=\"right\">12 mo\u017enost\u00ed<\/td>\n<td>R\u016fznorodost pro r\u016fzn\u00e9 preference a opakovan\u00e9 n\u00e1kupy.<\/td>\n<\/tr>\n<tr>\n<td>Kartonov\u00e9 balen\u00ed<\/td>\n<td align=\"right\">200 ks na karton<\/td>\n<td>Velkoobchodn\u00ed mno\u017estv\u00ed vhodn\u00e9 pro obchody a distributory.<\/td>\n<\/tr>\n<tr>\n<td>Styl pou\u017eit\u00ed<\/td>\n<td align=\"right\">Aktivace potahem<\/td>\n<td>\u017d\u00e1dn\u00e9 tla\u010d\u00edtka; vdechujte pro vapov\u00e1n\u00ed.<\/td>\n<\/tr>\n<\/tbody>\n<\/table>\n<p><img decoding=\"async\" class=\"wp-image-3763 size-full\" src=\"https:\/\/vapestornado.com\/wp-content\/uploads\/2025\/02\/PUFF-15000-RAZZBAR-Disposable-Vape-Cheap-Price.webp\" alt=\"PUFF 15000 RAZZBAR Jednor\u00e1zov\u00e1 e-cigareta N\u00edzk\u00e1 cena\" width=\"1000\" height=\"1000\" srcset=\"https:\/\/vapestornado.com\/wp-content\/uploads\/2025\/02\/PUFF-15000-RAZZBAR-Disposable-Vape-Cheap-Price.webp 1000w, https:\/\/vapestornado.com\/wp-content\/uploads\/2025\/02\/PUFF-15000-RAZZBAR-Disposable-Vape-Cheap-Price-300x300.webp 300w, https:\/\/vapestornado.com\/wp-content\/uploads\/2025\/02\/PUFF-15000-RAZZBAR-Disposable-Vape-Cheap-Price-150x150.webp 150w, https:\/\/vapestornado.com\/wp-content\/uploads\/2025\/02\/PUFF-15000-RAZZBAR-Disposable-Vape-Cheap-Price-768x768.webp 768w, https:\/\/vapestornado.com\/wp-content\/uploads\/2025\/02\/PUFF-15000-RAZZBAR-Disposable-Vape-Cheap-Price-600x600.webp 600w, https:\/\/vapestornado.com\/wp-content\/uploads\/2025\/02\/PUFF-15000-RAZZBAR-Disposable-Vape-Cheap-Price-100x100.webp 100w\" sizes=\"(max-width: 1000px) 100vw, 1000px\" \/><\/p>\n<h2 class=\"product-title\"><strong>Seznam p\u0159\u00edchut\u00ed RAZZBAR 15000 potah\u016f<\/strong><\/h2>\n<p>1.Malinov\u00fd kr\u00e9m<br \/>\n2.Jahodov\u00e1 zmrzlina<br \/>\n3.Red Bull zmrzlina<br \/>\n4.Kiwi Marakuja Guava<br \/>\n5.Mamba<br \/>\n6.Bor\u016fvkov\u00e1 ledov\u00e1<br \/>\n7.Broskvov\u00e1 ledov\u00e1<br \/>\n8.Jahoda kiwi<br \/>\n9.Melounov\u00e1 ledov\u00e1<br \/>\n10.Broskev mango ananas<br \/>\n11.Melounov\u00e1 \u017ev\u00fdka\u010dka<br \/>\n12.Sm\u00ed\u0161en\u00e9 bobule<br \/>\n13.Bor\u016fvka Malina Citron<br \/>\n14.Citr\u00f3n limetka<br \/>\n15.Ledov\u00e1 cola<br \/>\n16.Dvojit\u00e9 jablko<\/p>\n<h3 class=\"product-title\"><strong>Podrobn\u00e1 recenze seznamu p\u0159\u00edchut\u00ed RAZZBAR 15000 Puffs<\/strong><\/h3>\n<ul>\n<li><strong>Malinov\u00e9 \u017eel\u00e9<\/strong> \u2013 Bohat\u00e1 a kr\u00e9mov\u00e1 sm\u011bs sladk\u00fdch malin s jemn\u00fdm a lahodn\u00fdm \u017eel\u00e9.<\/li>\n<li><strong>Jahodov\u00fd led<\/strong> \u2013 \u0160\u0165avnat\u00e9 jahody s osv\u011b\u017euj\u00edc\u00edm ledov\u00fdm z\u00e1v\u011brem pro chladiv\u00fd pocit.<\/li>\n<li><strong>Red Bull Led<\/strong> \u2013 Energizuj\u00edc\u00ed a v\u00fdrazn\u00e1 p\u0159\u00edchu\u0165 Red Bull s ostr\u00fdm mentolov\u00fdm z\u00e1v\u011brem.<\/li>\n<li><strong>Kiwi Marakuja Guava<\/strong> \u2013 Tropick\u00e1 exploze trpk\u00e9ho kiwi, sladk\u00e9 marakuji a exotick\u00e9 guavy.<\/li>\n<li><strong>Mamba<\/strong> \u2013 Tajemn\u00e1 a intenzivn\u00ed ovocn\u00e1 sm\u011bs s v\u00fdrazn\u00fdm a trpk\u00fdm n\u00e1dechem.<\/li>\n<li><strong>Bor\u016fvkov\u00fd led<\/strong> \u2013 Sladk\u00e9 a \u0161\u0165avnat\u00e9 bor\u016fvky s ledov\u00fdm dotykem mentolu.<\/li>\n<li><strong>Broskvov\u00fd led<\/strong> \u2013 Zral\u00e9, \u0161\u0165avnat\u00e9 broskve sm\u00edchan\u00e9 s jemn\u00fdm a osv\u011b\u017euj\u00edc\u00edm ledov\u00fdm z\u00e1v\u011brem.<\/li>\n<li><strong>Jahoda a kiwi<\/strong> \u2013 N\u00e1dhern\u00e9 spojen\u00ed sladk\u00fdch jahod a trpk\u00e9ho, tropick\u00e9ho kiwi.<\/li>\n<li><strong>Vodn\u00ed meloun s ledem<\/strong> \u2013 Sladk\u00e1 a osv\u011b\u017euj\u00edc\u00ed p\u0159\u00edchu\u0165 vodn\u00edho melounu s chladiv\u00fdm mentolov\u00fdm n\u00e1dechem.<\/li>\n<li><strong>Broskev Mango Ananas<\/strong> \u2013 Sv\u016fdn\u00e1 tropick\u00e1 sm\u011bs sladk\u00fdch broskv\u00ed, zral\u00e9ho manga a trpk\u00e9ho ananasu.<\/li>\n<li><strong>Vodn\u00ed meloun \u017dv\u00fdka\u010dka<\/strong> \u2013 Nostalgick\u00e1 p\u0159\u00edchu\u0165 \u017ev\u00fdka\u010dky napu\u0161t\u011bn\u00e1 \u0161\u0165avnatou sladkost\u00ed vodn\u00edho melounu.<\/li>\n<li><strong>Mix bobul\u00ed<\/strong> \u2013 \u017div\u00e1 kombinace nejr\u016fzn\u011bj\u0161\u00edch bobul\u00ed, kter\u00e1 nab\u00edz\u00ed dokonalou rovnov\u00e1hu sladk\u00e9ho a trpk\u00e9ho.<\/li>\n<li><strong>Bor\u016fvka Malina Citron<\/strong> \u2013 Pikantn\u00ed sm\u011bs bor\u016fvek, malin a citrusov\u00e9ho citronov\u00e9ho twistu.<\/li>\n<li><strong>Citron Limetka<\/strong> \u2013 Osv\u011b\u017euj\u00edc\u00ed citrusov\u00e9 duo trpk\u00e9ho citronu a pikantn\u00ed limetky pro sv\u011b\u017e\u00ed chu\u0165.<\/li>\n<li><strong>Cola Led<\/strong> \u2013 Klasick\u00e1 \u0161umiv\u00e1 cola s chladiv\u00fdm mentolov\u00fdm n\u00e1dechem pro osv\u011b\u017euj\u00edc\u00ed twist.<\/li>\n<li><strong>Dvojit\u00e1 Jablko<\/strong> \u2013 Jemn\u00e1 a sv\u011b\u017e\u00ed sm\u011bs sladk\u00fdch a kysel\u00fdch jablek s p\u0159\u00edchut\u00ed inspirovanou \u0161\u00ed\u0161ou.<\/li>\n<\/ul>\n<h3>Pro\u010d zvolit vapestornado pro velkoobchod s vapem RAZZBAR 15000 Puffs?<\/h3>\n<div class=\"flex-shrink-0 flex flex-col relative items-end\">\n<div class=\"pt-0\">\n<div class=\"gizmo-bot-avatar flex h-8 w-8 items-center justify-center overflow-hidden rounded-full\">\n<div class=\"relative p-1 rounded-sm flex items-center justify-center bg-token-main-surface-primary text-token-text-primary h-8 w-8\">\n<p>V\u00edtejte ve vapestornado, va\u0161em d\u016fv\u011bryhodn\u00e9m online obchod\u011b s vapovac\u00edmi pot\u0159ebami pro pr\u00e9miov\u00e9 jednor\u00e1zov\u00e9 vapy. S v\u00edce ne\u017e 5let\u00fdmi zku\u0161enostmi v\u00e1m p\u0159in\u00e1\u0161\u00edme obl\u00edben\u00e9 zna\u010dky jednor\u00e1zov\u00fdch vape, jako jsou Fumot RandM Vape, <a href=\"https:\/\/vapestornado.com\/cs\/product\/vapme-crystal-7000-puffs-rechargeable-disposable-vape-wholesale-cheap-price\/\">Vapme<\/a>, Bang Vape, Waspe Vape a WGA Vape, atd.<\/p>\n<p>N\u00e1\u0161 sortiment zahrnuje \u017ehav\u00e9 vapy, jako je <a href=\"https:\/\/vapestornado.com\/cs\/product\/bang-king-35k-35000-puffs-2-in-1-dual-flavour-disposable-vape-wholesale-cheap-price\/\">Bang King 35k 35000 pot\u00e1hnut\u00ed<\/a>, a chu\u0165ov\u011b bohat\u00e9 varianty jako <a href=\"https:\/\/vapestornado.com\/cs\/product\/waspe-crystal-40000-puffs-40k-double-flavor-rechargeable-disposable-vapes-cheap-price\/\">WASPE Crystal 40k Dvojit\u00e1 P\u0159\u00edchu\u0165<\/a>\u00a0. Ka\u017ed\u00fd produkt je vyb\u00edr\u00e1n s d\u016frazem na kvalitu, hodnotu a rozmanitost, abychom zajistili, \u017ee najdete to prav\u00e9 pro va\u0161e pot\u0159eby. Objevte v\u00fdjime\u010dn\u00e9 slu\u017eby a \u0161irokou \u0161k\u00e1lu \u0161pi\u010dkov\u00fdch produkt\u016f za velkoobchodn\u00ed ceny na vapestornado.<\/p>\n<\/div>\n<h3><\/h3>\n<div class=\"relative p-1 rounded-sm flex items-center justify-center bg-token-main-surface-primary text-token-text-primary h-8 w-8\">\n<h3>\u010casto kladen\u00e9 dotazy k jednor\u00e1zov\u00e9mu vapu RAZZBAR 15000 Puffs<\/h3>\n<\/div>\n<\/div>\n<\/div>\n<\/div>\n<div class=\"flex-shrink-0 flex flex-col relative items-end\">\n<div class=\"pt-0\">\n<div class=\"gizmo-bot-avatar flex h-8 w-8 items-center justify-center overflow-hidden rounded-full\">\n<div class=\"relative p-1 rounded-sm flex items-center justify-center bg-token-main-surface-primary text-token-text-primary h-8 w-8\">\n<div class=\"mb-2 flex gap-3 empty:hidden -ml-2\">\n<p>1. Pot\u0159ebuj\u00ed jednor\u00e1zov\u00e9 v\u00fdrobky speci\u00e1ln\u00ed nab\u00edje\u010dku pro RAZZBAR 15000 Puffs?<br \/>\nNe. RAZZBAR 15000 Puffs pou\u017e\u00edv\u00e1 USB Type-C. Funguje jak\u00fdkoli standardn\u00ed kabel Type-C a bezpe\u010dn\u00fd USB adapt\u00e9r.<\/p>\n<p>2. Zp\u016fsobuj\u00ed jednor\u00e1zov\u00e9 v\u00fdrobky rychlej\u0161\u00ed z\u00e1vislost, v\u010detn\u011b RAZZBAR 15000 Puffs?<br \/>\nRiziko z\u00e1vislosti z\u00e1vis\u00ed na s\u00edle nikotinu a frekvenci pou\u017e\u00edv\u00e1n\u00ed, nikoli na po\u010dtu potah\u016f. Proto\u017ee RAZZBAR 15000 Puffs nab\u00edz\u00ed 2% a 5%, u\u017eivatel\u00e9 si mohou vybrat \u00farove\u0148, kter\u00e1 vyhovuje jejich pot\u0159eb\u00e1m, a kontrolovat p\u0159\u00edjem.<\/p>\n<p>3. Je RAZZBAR 15000 Puffs nyn\u00ed dobr\u00fd ochucen\u00fd jednor\u00e1zov\u00fd vape?<br \/>\nJe to solidn\u00ed volba d\u00edky konzistenci chuti d\u00edky s\u00ed\u0165ov\u00e9 spir\u00e1le, kter\u00e1 pom\u00e1h\u00e1 udr\u017eet st\u00e1lou chu\u0165 p\u0159i dlouh\u00e9m pou\u017e\u00edv\u00e1n\u00ed. S 12 p\u0159\u00edchut\u011bmi mohou obchody pokr\u00fdt ovocn\u00e9, ledov\u00e9 a sladk\u00e9 profily podle m\u00edstn\u00ed popt\u00e1vky.<\/p>\n<p>4. Mohu vz\u00edt jednor\u00e1zov\u00fd vape RAZZBAR 15000 Puffs do letadla?<br \/>\nV\u011bt\u0161ina leteck\u00fdch spole\u010dnost\u00ed povoluje jednor\u00e1zov\u00e9 v\u00fdrobky pouze v p\u0159\u00edru\u010dn\u00edm zavazadle, nikoli v odbaven\u00e9m, kv\u016fli pravidl\u016fm o bateri\u00edch. Uchov\u00e1vejte RAZZBAR 15000 Puffs zape\u010det\u011bn\u00fd a dodr\u017eujte p\u0159edpisy leteck\u00e9 spole\u010dnosti a m\u00edstn\u00ed p\u0159edpisy.<\/p>\n<h2>Jak objednat?<\/h2>\n<p><strong>1. Jak\u00e9 platebn\u00ed metody akceptujete?<\/strong><br \/>\nAkceptujeme IBAN p\u0159evod a <span style=\"font-size: 16px;\">Western Union<\/span>\u00a0pro bezpe\u010dn\u00e9 a pohodln\u00e9 transakce.<\/p>\n<p><strong>2. Jak mohu sledovat svou objedn\u00e1vku?<\/strong><br \/>\nPo odesl\u00e1n\u00ed va\u0161\u00ed objedn\u00e1vky <span class=\"selectable-text copyable-text false\">budeme pr\u016fb\u011b\u017en\u011b aktualizovat sledov\u00e1n\u00ed z\u00e1silky, dokud ji neobdr\u017e\u00edte<\/span>.<\/p>\n<p><strong>3. Jak\u00e1 je odhadovan\u00e1 doba doru\u010den\u00ed?<\/strong><\/p>\n<ul>\n<li>Doru\u010den\u00ed z <strong>sklad\u016f v \u010c\u00edn\u011b<\/strong> trv\u00e1 p\u0159ibli\u017en\u011b <strong>7-14 pracovn\u00edch dn\u016f<\/strong>.<\/li>\n<li>Doru\u010den\u00ed z <strong>Evropsk\u00e9 sklady<\/strong> obvykle trv\u00e1 <strong>3-6 pracovn\u00edch dn\u016f<\/strong>.<\/li>\n<\/ul>\n<p><strong>4. Jak mohu z\u00edskat rychlej\u0161\u00ed doru\u010den\u00ed?<\/strong><br \/>\nPro rychlej\u0161\u00ed doru\u010den\u00ed doporu\u010dujeme objedn\u00e1vat z na\u0161eho <strong>Evropsk\u00e9ho skladu<\/strong>, kter\u00fd nab\u00edz\u00ed krat\u0161\u00ed dodac\u00ed lh\u016fty.<\/p>\n<p><strong>5. Jak vr\u00e1t\u00edm zbo\u017e\u00ed?<\/strong><br \/>\nPro vr\u00e1cen\u00ed zbo\u017e\u00ed kontaktujte n\u00e1\u0161 t\u00fdm z\u00e1kaznick\u00e9ho servisu pro podrobn\u00e9 pokyny k procesu vr\u00e1cen\u00ed.<\/p>\n<p><strong>6. Nab\u00edz\u00edte mezin\u00e1rodn\u00ed dopravu?<\/strong><br \/>\nAno, zas\u00edl\u00e1me do v\u011bt\u0161iny zem\u00ed a zaji\u0161\u0165ujeme <strong>celn\u00ed odbaven\u00ed<\/strong> pro bezprobl\u00e9mov\u00e9 doru\u010den\u00ed.<\/p>\n<p><strong>7. Co kdy\u017e obdr\u017e\u00edm po\u0161kozen\u00e9 nebo vadn\u00e9 zbo\u017e\u00ed?<\/strong><br \/>\nPokud je va\u0161e polo\u017eka po\u0161kozen\u00e1 nebo vadn\u00e1, kontaktujte z\u00e1kaznick\u00fd servis pro <strong>v\u00fdm\u011bnu nebo vr\u00e1cen\u00ed pen\u011bz<\/strong>.<\/p>\n<p><strong>8. Jak mohu kontaktovat z\u00e1kaznick\u00fd servis?<\/strong><br \/>\nM\u016f\u017eete n\u00e1s kontaktovat prost\u0159ednictv\u00edm <strong>e-mailu, WhatsAppu nebo \u017eiv\u00e9ho chatu<\/strong> na na\u0161ich webov\u00fdch str\u00e1nk\u00e1ch pro jakoukoli pomoc.<\/p>\n<\/div>\n<\/div>\n<\/div>\n<\/div>\n<\/div>","protected":false},"excerpt":{"rendered":"<p>RAZZBAR 15k pot\u00e1pek dob\u00edjec\u00ed jednor\u00e1zov\u00e1 vaporiz\u00e9r pro dlouhodob\u00e9 denn\u00ed pou\u017eit\u00ed<br \/>\nRAZZBAR 15000 pot\u00e1pek Mesh Coil p\u0159\u00edchu\u0165 a nab\u00edjen\u00ed Type-C<br \/>\nRAZZBAR 15000 pot\u00e1pek velkoobchodn\u00ed cena s 12 p\u0159\u00edchut\u011bmi<\/p>\n<p><strong>P\u0159idejte si Amy na WhatsApp pro rychlou odpov\u011b\u010f a kup\u00f3n na vapky!<\/strong><\/p>\n<p><img fetchpriority=\"high\" decoding=\"async\" class=\"size-full wp-image-2932\" src=\"https:\/\/vapestornado.com\/wp-content\/uploads\/2024\/12\/Vape-Wholesale.jpg\" alt=\"Velkoobchod s vape\" width=\"229\" height=\"300\" \/><\/p>\n<h3><a href=\"https:\/\/wa.me\/8617776015835\"><span style=\"color: #ff0000;\"><strong>WhatsApp: +86 17776015835<\/strong><\/span><\/a><\/h3>\n<p>&nbsp;<\/p>","protected":false},"featured_media":3764,"comment_status":"open","ping_status":"closed","template":"","meta":{"_acf_changed":false,"_uag_custom_page_level_css":"","_lmt_disableupdate":"no","_lmt_disable":"","_monsterinsights_skip_tracking":false,"_monsterinsights_sitenote_active":false,"_monsterinsights_sitenote_note":"","_monsterinsights_sitenote_category":0,"site-sidebar-layout":"default","site-content-layout":"","ast-site-content-layout":"default","site-content-style":"default","site-sidebar-style":"default","ast-global-header-display":"","ast-banner-title-visibility":"","ast-main-header-display":"","ast-hfb-above-header-display":"","ast-hfb-below-header-display":"","ast-hfb-mobile-header-display":"","site-post-title":"","ast-breadcrumbs-content":"","ast-featured-img":"","footer-sml-layout":"","ast-disable-related-posts":"","theme-transparent-header-meta":"default","adv-header-id-meta":"","stick-header-meta":"","header-above-stick-meta":"","header-main-stick-meta":"","header-below-stick-meta":"","astra-migrate-meta-layouts":"set","ast-page-background-enabled":"default","ast-page-background-meta":{"desktop":{"background-color":"","background-image":"","background-repeat":"repeat","background-position":"center center","background-size":"auto","background-attachment":"scroll","background-type":"","background-media":"","overlay-type":"","overlay-color":"","overlay-opacity":"","overlay-gradient":""},"tablet":{"background-color":"","background-image":"","background-repeat":"repeat","background-position":"center center","background-size":"auto","background-attachment":"scroll","background-type":"","background-media":"","overlay-type":"","overlay-color":"","overlay-opacity":"","overlay-gradient":""},"mobile":{"background-color":"","background-image":"","background-repeat":"repeat","background-position":"center center","background-size":"auto","background-attachment":"scroll","background-type":"","background-media":"","overlay-type":"","overlay-color":"","overlay-opacity":"","overlay-gradient":""}},"ast-content-background-meta":{"desktop":{"background-color":"var(--ast-global-color-5)","background-image":"","background-repeat":"repeat","background-position":"center center","background-size":"auto","background-attachment":"scroll","background-type":"","background-media":"","overlay-type":"","overlay-color":"","overlay-opacity":"","overlay-gradient":""},"tablet":{"background-color":"var(--ast-global-color-5)","background-image":"","background-repeat":"repeat","background-position":"center center","background-size":"auto","background-attachment":"scroll","background-type":"","background-media":"","overlay-type":"","overlay-color":"","overlay-opacity":"","overlay-gradient":""},"mobile":{"background-color":"var(--ast-global-color-5)","background-image":"","background-repeat":"repeat","background-position":"center center","background-size":"auto","background-attachment":"scroll","background-type":"","background-media":"","overlay-type":"","overlay-color":"","overlay-opacity":"","overlay-gradient":""}},"_joinchat":{"telephone":"17776015835"}},"product_brand":[],"product_cat":[71,149,153,143],"product_tag":[97,238,239,94,93],"class_list":{"0":"post-3768","1":"product","2":"type-product","3":"status-publish","4":"has-post-thumbnail","6":"product_cat-15000-puff","7":"product_cat-buy-disposable-vapes-in-austria","8":"product_cat-buy-disposable-vapes-in-italy","9":"product_cat-dual-mesh-disposable-vapes","10":"product_tag-hot-sale-disposable-vape","11":"product_tag-razzbar","12":"product_tag-razzbar-15000-puffs","13":"product_tag-rechargeable-disposable-vape","14":"product_tag-vape-wholesale","15":"desktop-align-left","16":"tablet-align-left","17":"mobile-align-left","19":"first","20":"instock","21":"sale","22":"shipping-taxable","23":"purchasable","24":"product-type-simple"},"acf":[],"uagb_featured_image_src":{"full":["https:\/\/vapestornado.com\/wp-content\/uploads\/2025\/02\/PUFF-15000-RAZZBAR-Disposable-Vape-Wholesale.webp",1000,1000,false],"thumbnail":["https:\/\/vapestornado.com\/wp-content\/uploads\/2025\/02\/PUFF-15000-RAZZBAR-Disposable-Vape-Wholesale-150x150.webp",150,150,true],"medium":["https:\/\/vapestornado.com\/wp-content\/uploads\/2025\/02\/PUFF-15000-RAZZBAR-Disposable-Vape-Wholesale-300x300.webp",300,300,true],"medium_large":["https:\/\/vapestornado.com\/wp-content\/uploads\/2025\/02\/PUFF-15000-RAZZBAR-Disposable-Vape-Wholesale-768x768.webp",768,768,true],"large":["https:\/\/vapestornado.com\/wp-content\/uploads\/2025\/02\/PUFF-15000-RAZZBAR-Disposable-Vape-Wholesale.webp",1000,1000,false],"1536x1536":["https:\/\/vapestornado.com\/wp-content\/uploads\/2025\/02\/PUFF-15000-RAZZBAR-Disposable-Vape-Wholesale.webp",1000,1000,false],"2048x2048":["https:\/\/vapestornado.com\/wp-content\/uploads\/2025\/02\/PUFF-15000-RAZZBAR-Disposable-Vape-Wholesale.webp",1000,1000,false],"trp-custom-language-flag":["https:\/\/vapestornado.com\/wp-content\/uploads\/2025\/02\/PUFF-15000-RAZZBAR-Disposable-Vape-Wholesale.webp",12,12,false],"woocommerce_thumbnail":["https:\/\/vapestornado.com\/wp-content\/uploads\/2025\/02\/PUFF-15000-RAZZBAR-Disposable-Vape-Wholesale-300x300.webp",300,300,true],"woocommerce_single":["https:\/\/vapestornado.com\/wp-content\/uploads\/2025\/02\/PUFF-15000-RAZZBAR-Disposable-Vape-Wholesale-600x600.webp",600,600,true],"woocommerce_gallery_thumbnail":["https:\/\/vapestornado.com\/wp-content\/uploads\/2025\/02\/PUFF-15000-RAZZBAR-Disposable-Vape-Wholesale-100x100.webp",100,100,true]},"uagb_author_info":{"display_name":"ESAMY","author_link":"https:\/\/vapestornado.com\/cs\/author\/"},"uagb_comment_info":0,"uagb_excerpt":"RAZZBAR 15k Puff Rechargeable Disposable Vape for Long Daily Use RAZZBAR 15000 Puffs Mesh Coil Flavor and Type-C Charging RAZZBAR 15000 Puff Vape Wholesale Price with 12 Flavors Add Amy's whatsapp get right reply and vape vape coupon! WhatsApp: +86 17776015835 &nbsp;","_links":{"self":[{"href":"https:\/\/vapestornado.com\/cs\/wp-json\/wp\/v2\/product\/3768","targetHints":{"allow":["GET"]}}],"collection":[{"href":"https:\/\/vapestornado.com\/cs\/wp-json\/wp\/v2\/product"}],"about":[{"href":"https:\/\/vapestornado.com\/cs\/wp-json\/wp\/v2\/types\/product"}],"replies":[{"embeddable":true,"href":"https:\/\/vapestornado.com\/cs\/wp-json\/wp\/v2\/comments?post=3768"}],"wp:featuredmedia":[{"embeddable":true,"href":"https:\/\/vapestornado.com\/cs\/wp-json\/wp\/v2\/media\/3764"}],"wp:attachment":[{"href":"https:\/\/vapestornado.com\/cs\/wp-json\/wp\/v2\/media?parent=3768"}],"wp:term":[{"taxonomy":"product_brand","embeddable":true,"href":"https:\/\/vapestornado.com\/cs\/wp-json\/wp\/v2\/product_brand?post=3768"},{"taxonomy":"product_cat","embeddable":true,"href":"https:\/\/vapestornado.com\/cs\/wp-json\/wp\/v2\/product_cat?post=3768"},{"taxonomy":"product_tag","embeddable":true,"href":"https:\/\/vapestornado.com\/cs\/wp-json\/wp\/v2\/product_tag?post=3768"}],"curies":[{"name":"wp","href":"https:\/\/api.w.org\/{rel}","templated":true}]}}