{"id":3753,"date":"2025-01-17T08:42:15","date_gmt":"2025-01-17T08:42:15","guid":{"rendered":"https:\/\/vapestornado.com\/?post_type=product&#038;p=3753"},"modified":"2025-08-23T09:30:14","modified_gmt":"2025-08-23T09:30:14","slug":"bang-tornado-40000-puffs-disposable-vape-big-smart-screen-vapor","status":"publish","type":"product","link":"https:\/\/vapestornado.com\/cs\/product\/bang-tornado-40000-puffs-disposable-vape-big-smart-screen-vapor\/","title":{"rendered":"Bang Tornado 40000 pot\u00e1hnut\u00ed Jednor\u00e1zov\u00fd vape Velk\u00fd chytr\u00fd displej Vapor"},"content":{"rendered":"<h1>\u00a0Bang Tornado 40000 pot\u00e1hnut\u00ed Jednor\u00e1zov\u00fd vape Velk\u00fd chytr\u00fd displej Vapor<\/h1>\n<p>&nbsp;<\/p>\n<div role=\"article\" data-tabster=\"{&quot;groupper&quot;:{&quot;tabbability&quot;:2},&quot;focusable&quot;:{}}\" data-content=\"ai-message\" aria-labelledby=\"64JRvXrTnY7mRmPkEQLLT-author 64JRvXrTnY7mRmPkEQLLT-content\">\n<div id=\"64JRvXrTnY7mRmPkEQLLT-content\">\n<p data-start=\"328\" data-end=\"622\">Ten <strong data-start=\"332\" data-end=\"376\">Jednor\u00e1zov\u00e1 e-cigareta Bang Tornado 40000 Puffs<\/strong> je navr\u017eena pro velkou kapacitu a pokro\u010dil\u00fd v\u00fdkon, co\u017e z n\u00ed \u010din\u00ed silnou volbu pro velkoobchodn\u00ed odb\u011bratele a vape shopy. S <strong data-start=\"495\" data-end=\"528\">40ml p\u0159edpln\u011bnou n\u00e1dr\u017ekou na e-liquid<\/strong> a\u017e do <strong data-start=\"539\" data-end=\"555\">40 000 pot\u00e1hnut\u00ed<\/strong>zaji\u0161\u0165uje dlouhotrvaj\u00edc\u00ed sezen\u00ed bez \u010dast\u00fdch v\u00fdm\u011bn.<\/p>\n<p data-start=\"624\" data-end=\"892\">Nap\u00e1jen\u00fd <strong data-start=\"638\" data-end=\"669\">850mAh dob\u00edjec\u00ed bateri\u00ed<\/strong> s <strong data-start=\"675\" data-end=\"699\">Rychl\u00e9 nab\u00edjen\u00ed Type-C<\/strong>Bang Tornado 40K poskytuje konzistentn\u00ed v\u00fdkon pro del\u0161\u00ed pou\u017e\u00edv\u00e1n\u00ed. Jeho <strong data-start=\"770\" data-end=\"795\">0,5\u03a9 trojit\u00e1 mesh spir\u00e1lka<\/strong> zvy\u0161uje hustotu p\u00e1ry a bohatost chuti d\u00edky hladk\u00e9mu a rovnom\u011brn\u00e9mu zah\u0159\u00edv\u00e1n\u00ed p\u0159i ka\u017ed\u00e9m pot\u00e1hnut\u00ed.<\/p>\n<p data-start=\"894\" data-end=\"1089\">Navr\u017eeno s <strong data-start=\"910\" data-end=\"940\">velk\u00fd chytr\u00fd displej<\/strong>u\u017eivatel\u00e9 mohou sledovat v\u00fdkon a vyu\u017eit\u00ed v re\u00e1ln\u00e9m \u010dase. Ergonomick\u00e1 konstrukce a elegantn\u00ed design z n\u011bj \u010din\u00ed p\u0159enosn\u00fd, spolehliv\u00fd a pohodln\u00fd pro ka\u017edodenn\u00ed pou\u017eit\u00ed.<\/p>\n<p data-start=\"1091\" data-end=\"1294\">Pro velkoobchodn\u00edky a distributory <strong data-start=\"1129\" data-end=\"1162\">E-cigareta Bang Tornado 40000 Puffs<\/strong> kombinuje vysokou kapacitu pot\u00e1hnut\u00ed, dob\u00edjec\u00ed efektivitu a prvot\u0159\u00eddn\u00ed kvalitu proveden\u00ed, co\u017e nab\u00edz\u00ed silnou tr\u017en\u00ed p\u0159ita\u017elivost a ziskovost.<\/p>\n<p><img fetchpriority=\"high\" decoding=\"async\" class=\"size-medium wp-image-2951\" src=\"https:\/\/vapestornado.com\/wp-content\/uploads\/2024\/12\/Wholesale-Disposable-Vape-265x300.jpg\" alt=\"Velkoobchodn\u00ed jednor\u00e1zov\u00e9 Vape\" width=\"265\" height=\"300\" srcset=\"https:\/\/vapestornado.com\/wp-content\/uploads\/2024\/12\/Wholesale-Disposable-Vape-265x300.jpg 265w, https:\/\/vapestornado.com\/wp-content\/uploads\/2024\/12\/Wholesale-Disposable-Vape-768x871.jpg 768w, https:\/\/vapestornado.com\/wp-content\/uploads\/2024\/12\/Wholesale-Disposable-Vape-600x680.jpg 600w, https:\/\/vapestornado.com\/wp-content\/uploads\/2024\/12\/Wholesale-Disposable-Vape.jpg 823w\" sizes=\"(max-width: 265px) 100vw, 265px\" \/><\/p>\n<h5>Pro slevovou cenu kontaktujte Mandy na WhatsApp:<a href=\"https:\/\/wa.me\/8618077105796\" target=\"_blank\" rel=\"noopener\">+8618077105796<\/a><\/h5>\n<p>&nbsp;<\/p>\n<\/div>\n<\/div>\n<div class=\"mb-2 flex gap-3 empty:hidden -ml-2\">\n<h2 class=\"sr-proMainInfo-baseInfoH1 J-baseInfo-name\">\u00a0Bang 40000 Puffs dob\u00edjec\u00ed vapovac\u00ed za\u0159\u00edzen\u00ed Kl\u00ed\u010dov\u00e9 vlastnosti:<\/h2>\n<ul>\n<li><strong>40ml objem e-liquidu<\/strong> a\u017e pro <strong>40 000 pot\u00e1hnut\u00ed<\/strong><\/li>\n<li><strong>850mAh dob\u00edjec\u00ed bateri\u00ed<\/strong> s <strong>nab\u00edjec\u00edm portem typu C<\/strong><\/li>\n<li><strong>0,5ohm t\u0159i mesh spir\u00e1lky<\/strong> pro hladkou p\u00e1ru a vylep\u0161enou chu\u0165<\/li>\n<li><strong>Nastaviteln\u00fd v\u00fdkon<\/strong> pro personalizovan\u00fd z\u00e1\u017eitek z vapingu<\/li>\n<li><strong>Dlouhotrvaj\u00edc\u00ed<\/strong> a pohodln\u00fd pro dlouhodob\u00e9 u\u017e\u00edv\u00e1n\u00ed<\/li>\n<li>Elegantn\u00ed, <strong>ergonomick\u00fd design<\/strong> pro p\u0159enositelnost<\/li>\n<li>Ide\u00e1ln\u00ed pro p\u0159\u00edle\u017eitostn\u00e9 i zku\u0161en\u00e9 vapery<\/li>\n<\/ul>\n<\/div>\n<h2 class=\"sr-proMainInfo-baseInfoH1 J-baseInfo-name\">Bang Tornado 40000 Puff Velkoobchod Vape p\u0159\u00edchu\u0165:<\/h2>\n<p>1.Jahoda Vodn\u00ed meloun<br \/>\n2.Vodn\u00ed meloun<br \/>\nL\u00c1SKA 66<br \/>\n4.Energetick\u00fd n\u00e1poj<br \/>\n5.Jahoda Kiwi<br \/>\n6.Bor\u016fvka Citron<br \/>\n7.Bor\u016fvka Hrozny<br \/>\n8.Bor\u016fvka malina<br \/>\n9.Mango Broskev<br \/>\n10.Trojit\u00e9 Bobule<br \/>\n11.Dvojit\u00e9 Jablko<br \/>\n12. Broskev s ledem<\/p>\n<div role=\"article\" data-tabster=\"{&quot;groupper&quot;:{&quot;tabbability&quot;:2},&quot;focusable&quot;:{}}\" data-content=\"ai-message\" aria-labelledby=\"dARUyEWDoEYhnSPXFwx5A-author dARUyEWDoEYhnSPXFwx5A-content\">\n<div id=\"dARUyEWDoEYhnSPXFwx5A-content\">\n<h3><strong>Pro\u010d koupit <\/strong>Bang Torn\u00e1do 40k Puf vapor <strong>od vapestornado?<\/strong><\/h3>\n<div class=\"flex max-w-full flex-col flex-grow\">\n<div class=\"min-h-8 text-message flex w-full flex-col items-end gap-2 whitespace-normal break-words text-start [.text-message+&amp;]:mt-5\" dir=\"auto\" data-message-author-role=\"assistant\" data-message-id=\"8ec0866b-3616-4b38-8c41-2e75d00fce2d\" data-message-model-slug=\"gpt-4o-mini\">\n<div class=\"flex w-full flex-col gap-1 empty:hidden first:pt-[3px]\">\n<div class=\"markdown prose w-full break-words dark:prose-invert light\">\n<ul>\n<li><strong>Pr\u00e9miov\u00e1 kvalita<\/strong>: vapestornado nab\u00edz\u00ed autentick\u00e9, vysoce kvalitn\u00ed Bang Tornado 40000 Puffs, kter\u00e9 zaji\u0161\u0165uj\u00ed prvot\u0159\u00eddn\u00ed z\u00e1\u017eitek z vapov\u00e1n\u00ed s jemnou p\u00e1rou a bohatou chut\u00ed.<\/li>\n<li><strong>Konkuren\u010dn\u00ed ceny<\/strong>: U\u017eijte si konkurenceschopn\u00e9 velkoobchodn\u00ed ceny pro hromadn\u00e9 n\u00e1kupy, d\u00edky \u010demu\u017e je ide\u00e1ln\u00ed pro individu\u00e1ln\u00ed u\u017eivatele i podniky.<\/li>\n<li><strong>Rychl\u00e9 doru\u010den\u00ed<\/strong>: vapestornado zaji\u0161\u0165uje rychl\u00e9 a spolehliv\u00e9 doru\u010den\u00ed, tak\u017ee si sv\u016fj produkt m\u016f\u017eete za\u010d\u00edt u\u017e\u00edvat bez zbyte\u010dn\u00e9ho odkladu.<\/li>\n<li><strong>Vynikaj\u00edc\u00ed z\u00e1kaznick\u00fd servis<\/strong>: Specializovan\u00fd t\u00fdm podpory je p\u0159ipraven pomoci s jak\u00fdmikoli dotazy nebo obavami, co\u017e zaru\u010duje bezprobl\u00e9mov\u00fd n\u00e1kup.<\/li>\n<li><strong>\u0160irok\u00fd v\u00fdb\u011br<\/strong>: vapestornado nab\u00edz\u00ed r\u016fzn\u00e9 p\u0159\u00edchut\u011b a mo\u017enosti, co\u017e v\u00e1m umo\u017en\u00ed vybrat si p\u0159esn\u011b to, co se hod\u00ed k va\u0161im preferenc\u00edm.<\/li>\n<li><strong>Bezpe\u010dn\u00e9 nakupov\u00e1n\u00ed<\/strong>: S d\u016frazem na bezpe\u010dnost z\u00e1kazn\u00edk\u016f zaru\u010duje vapestornado bezpe\u010dn\u00e9 platebn\u00ed mo\u017enosti a transakce.<\/li>\n<\/ul>\n<\/div>\n<\/div>\n<\/div>\n<\/div>\n<div class=\"mb-2 flex gap-3 empty:hidden -ml-2\">\n<div class=\"items-center justify-start rounded-xl p-1 flex\"><\/div>\n<\/div>\n<\/div>\n<\/div>\n<h3>\u010casto kladen\u00e9 ot\u00e1zky o jednor\u00e1zov\u00fdch vapovac\u00edch za\u0159\u00edzen\u00edch Bang Tornado 40000 potah\u016f<\/h3>\n<ul>\n<li><strong>Jak dlouho vydr\u017e\u00ed jednor\u00e1zov\u00fd vape Bang tornado 40 000 potah\u016f?<\/strong><br \/>\nJednor\u00e1zov\u00fd vape Bang Tornado 40 000 potah\u016f vydr\u017e\u00ed a\u017e 40 000 potah\u016f, v z\u00e1vislosti na zp\u016fsobu pou\u017e\u00edv\u00e1n\u00ed. S velkou kapacitou 40 ml e-liquidu nab\u00edz\u00ed dlouh\u00e9 vapov\u00e1n\u00ed bez \u010dast\u00fdch v\u00fdm\u011bn.<\/li>\n<li><strong>Jak nab\u00edj\u00edm jednor\u00e1zov\u00fd vape Bang Tornado 40 000 potah\u016f?<\/strong><br \/>\nZa\u0159\u00edzen\u00ed je vybaveno <strong>850mAh dob\u00edjec\u00ed bateri\u00ed<\/strong> a <strong>nab\u00edjec\u00edm portem typu C<\/strong>, co\u017e umo\u017e\u0148uje rychl\u00e9 a efektivn\u00ed dob\u00edjen\u00ed, kdy\u017e je baterie vybit\u00e1.<\/li>\n<li><strong>Jak\u00fd je odpor c\u00edvky u jednor\u00e1zov\u00e9ho vapu Bang vape Tornado 40 000 potah\u016f?<\/strong><br \/>\nZa\u0159\u00edzen\u00ed pou\u017e\u00edv\u00e1 <strong>0,5ohm t\u0159i mesh spir\u00e1lky<\/strong> pro hlad\u0161\u00ed produkci p\u00e1ry a vylep\u0161enou chu\u0165, co\u017e poskytuje pr\u00e9miov\u00fd z\u00e1\u017eitek z vapov\u00e1n\u00ed.<\/li>\n<li><strong>V jak\u00e9 s\u00edle nikotinu se dod\u00e1v\u00e1 levn\u00e9 jednor\u00e1zov\u00e9 za\u0159\u00edzen\u00ed Bang Tornado 40 000 potah\u016f?<\/strong><br \/>\nJednor\u00e1zov\u00e9 za\u0159\u00edzen\u00ed Bang Tornado 40 000 potah\u016f se obvykle dod\u00e1v\u00e1 v r\u016fzn\u00fdch sil\u00e1ch nikotinu (obvykle 2% nebo 5%), aby vyhovovalo r\u016fzn\u00fdm preferenc\u00edm.<\/li>\n<\/ul>","protected":false},"excerpt":{"rendered":"<ul>\n<li><strong>\u0160pi\u010dkov\u00e1 jednor\u00e1zov\u00e1 vape tu\u017eka Bang Tornado 40K Puff<\/strong><\/li>\n<li><strong>Odoln\u00e9 dob\u00edjec\u00ed za\u0159\u00edzen\u00ed pro vape Bang Tornado 40K Puffs<\/strong><\/li>\n<li><strong>E-cigareta Bang Tornado 40K Puffs s p\u0159izp\u016fsobiteln\u00fdmi pody s p\u0159\u00edchut\u00ed ledu<\/strong><\/li>\n<\/ul>\n<figure id=\"attachment_2951\" aria-describedby=\"caption-attachment-2951\" style=\"width: 265px\" class=\"wp-caption alignnone\"><img fetchpriority=\"high\" decoding=\"async\" class=\"size-medium wp-image-2951\" src=\"https:\/\/vapestornado.com\/wp-content\/uploads\/2024\/12\/Wholesale-Disposable-Vape-265x300.jpg\" alt=\"Velkoobchodn\u00ed jednor\u00e1zov\u00e9 Vape\" width=\"265\" height=\"300\" srcset=\"https:\/\/vapestornado.com\/wp-content\/uploads\/2024\/12\/Wholesale-Disposable-Vape-265x300.jpg 265w, https:\/\/vapestornado.com\/wp-content\/uploads\/2024\/12\/Wholesale-Disposable-Vape-768x871.jpg 768w, https:\/\/vapestornado.com\/wp-content\/uploads\/2024\/12\/Wholesale-Disposable-Vape-600x680.jpg 600w, https:\/\/vapestornado.com\/wp-content\/uploads\/2024\/12\/Wholesale-Disposable-Vape.jpg 823w\" sizes=\"(max-width: 265px) 100vw, 265px\" \/><figcaption id=\"caption-attachment-2951\" class=\"wp-caption-text\">Pro slevovou cenu kontaktujte Mandy na WhatsApp\u00a0 <a href=\"https:\/\/wa.me\/8618077105796\">+8618077105796<\/a><\/figcaption><\/figure>\n<p>&nbsp;<\/p>","protected":false},"featured_media":3746,"comment_status":"open","ping_status":"closed","template":"","meta":{"_acf_changed":false,"_uag_custom_page_level_css":"","_lmt_disableupdate":"no","_lmt_disable":"","_monsterinsights_skip_tracking":false,"_monsterinsights_sitenote_active":false,"_monsterinsights_sitenote_note":"","_monsterinsights_sitenote_category":0,"site-sidebar-layout":"default","site-content-layout":"","ast-site-content-layout":"default","site-content-style":"default","site-sidebar-style":"default","ast-global-header-display":"","ast-banner-title-visibility":"","ast-main-header-display":"","ast-hfb-above-header-display":"","ast-hfb-below-header-display":"","ast-hfb-mobile-header-display":"","site-post-title":"","ast-breadcrumbs-content":"","ast-featured-img":"","footer-sml-layout":"","ast-disable-related-posts":"","theme-transparent-header-meta":"default","adv-header-id-meta":"","stick-header-meta":"","header-above-stick-meta":"","header-main-stick-meta":"","header-below-stick-meta":"","astra-migrate-meta-layouts":"set","ast-page-background-enabled":"default","ast-page-background-meta":{"desktop":{"background-color":"","background-image":"","background-repeat":"repeat","background-position":"center center","background-size":"auto","background-attachment":"scroll","background-type":"","background-media":"","overlay-type":"","overlay-color":"","overlay-opacity":"","overlay-gradient":""},"tablet":{"background-color":"","background-image":"","background-repeat":"repeat","background-position":"center center","background-size":"auto","background-attachment":"scroll","background-type":"","background-media":"","overlay-type":"","overlay-color":"","overlay-opacity":"","overlay-gradient":""},"mobile":{"background-color":"","background-image":"","background-repeat":"repeat","background-position":"center center","background-size":"auto","background-attachment":"scroll","background-type":"","background-media":"","overlay-type":"","overlay-color":"","overlay-opacity":"","overlay-gradient":""}},"ast-content-background-meta":{"desktop":{"background-color":"var(--ast-global-color-5)","background-image":"","background-repeat":"repeat","background-position":"center center","background-size":"auto","background-attachment":"scroll","background-type":"","background-media":"","overlay-type":"","overlay-color":"","overlay-opacity":"","overlay-gradient":""},"tablet":{"background-color":"var(--ast-global-color-5)","background-image":"","background-repeat":"repeat","background-position":"center center","background-size":"auto","background-attachment":"scroll","background-type":"","background-media":"","overlay-type":"","overlay-color":"","overlay-opacity":"","overlay-gradient":""},"mobile":{"background-color":"var(--ast-global-color-5)","background-image":"","background-repeat":"repeat","background-position":"center center","background-size":"auto","background-attachment":"scroll","background-type":"","background-media":"","overlay-type":"","overlay-color":"","overlay-opacity":"","overlay-gradient":""}},"_joinchat":[]},"product_brand":[],"product_cat":[140,65,62,151,154,159,146,148],"product_tag":[212,97,98],"class_list":{"0":"post-3753","1":"product","2":"type-product","3":"status-publish","4":"has-post-thumbnail","6":"product_cat-big-puffs-disposable-vapes","7":"product_cat-40000-puff","8":"product_cat-bang-vape","9":"product_cat-buy-disposable-vapes-in-france","10":"product_cat-buy-disposable-vapes-in-netherlands","11":"product_cat-buy-disposable-vapes-in-sweden","12":"product_cat-rechargeable-disposable-vapes","13":"product_cat-tornado-disposable-vapes","14":"product_tag-bang-vape-40000","15":"product_tag-hot-sale-disposable-vape","16":"product_tag-wholesale-price-disposable-vape","17":"desktop-align-left","18":"tablet-align-left","19":"mobile-align-left","21":"first","22":"instock","23":"sale","24":"shipping-taxable","25":"purchasable","26":"product-type-simple"},"acf":[],"uagb_featured_image_src":{"full":["https:\/\/vapestornado.com\/wp-content\/uploads\/2025\/01\/Bang-Tornado-40K-Puff-Adjustable-Power-Disposable-Vape.webp",800,800,false],"thumbnail":["https:\/\/vapestornado.com\/wp-content\/uploads\/2025\/01\/Bang-Tornado-40K-Puff-Adjustable-Power-Disposable-Vape-150x150.webp",150,150,true],"medium":["https:\/\/vapestornado.com\/wp-content\/uploads\/2025\/01\/Bang-Tornado-40K-Puff-Adjustable-Power-Disposable-Vape-300x300.webp",300,300,true],"medium_large":["https:\/\/vapestornado.com\/wp-content\/uploads\/2025\/01\/Bang-Tornado-40K-Puff-Adjustable-Power-Disposable-Vape-768x768.webp",768,768,true],"large":["https:\/\/vapestornado.com\/wp-content\/uploads\/2025\/01\/Bang-Tornado-40K-Puff-Adjustable-Power-Disposable-Vape.webp",800,800,false],"1536x1536":["https:\/\/vapestornado.com\/wp-content\/uploads\/2025\/01\/Bang-Tornado-40K-Puff-Adjustable-Power-Disposable-Vape.webp",800,800,false],"2048x2048":["https:\/\/vapestornado.com\/wp-content\/uploads\/2025\/01\/Bang-Tornado-40K-Puff-Adjustable-Power-Disposable-Vape.webp",800,800,false],"trp-custom-language-flag":["https:\/\/vapestornado.com\/wp-content\/uploads\/2025\/01\/Bang-Tornado-40K-Puff-Adjustable-Power-Disposable-Vape.webp",12,12,false],"woocommerce_thumbnail":["https:\/\/vapestornado.com\/wp-content\/uploads\/2025\/01\/Bang-Tornado-40K-Puff-Adjustable-Power-Disposable-Vape-300x300.webp",300,300,true],"woocommerce_single":["https:\/\/vapestornado.com\/wp-content\/uploads\/2025\/01\/Bang-Tornado-40K-Puff-Adjustable-Power-Disposable-Vape-600x600.webp",600,600,true],"woocommerce_gallery_thumbnail":["https:\/\/vapestornado.com\/wp-content\/uploads\/2025\/01\/Bang-Tornado-40K-Puff-Adjustable-Power-Disposable-Vape-100x100.webp",100,100,true]},"uagb_author_info":{"display_name":"ESMANDY","author_link":"https:\/\/vapestornado.com\/cs\/author\/"},"uagb_comment_info":0,"uagb_excerpt":"High-End Bang Tornado 40K Puff Disposable Vape Pen Durable Bang Tornado 40K Puffs Rechargeable Vape Device Bang Tornado 40K Puffs E-Cig with Customizable Ice Flavor Pods [caption id=\"attachment_2951\" align=\"alignnone\" width=\"265\"] Pls Contact Mandy's WhatsApp For Discount Price\u00a0 +8618077105796[\/caption] &nbsp;","_links":{"self":[{"href":"https:\/\/vapestornado.com\/cs\/wp-json\/wp\/v2\/product\/3753","targetHints":{"allow":["GET"]}}],"collection":[{"href":"https:\/\/vapestornado.com\/cs\/wp-json\/wp\/v2\/product"}],"about":[{"href":"https:\/\/vapestornado.com\/cs\/wp-json\/wp\/v2\/types\/product"}],"replies":[{"embeddable":true,"href":"https:\/\/vapestornado.com\/cs\/wp-json\/wp\/v2\/comments?post=3753"}],"wp:featuredmedia":[{"embeddable":true,"href":"https:\/\/vapestornado.com\/cs\/wp-json\/wp\/v2\/media\/3746"}],"wp:attachment":[{"href":"https:\/\/vapestornado.com\/cs\/wp-json\/wp\/v2\/media?parent=3753"}],"wp:term":[{"taxonomy":"product_brand","embeddable":true,"href":"https:\/\/vapestornado.com\/cs\/wp-json\/wp\/v2\/product_brand?post=3753"},{"taxonomy":"product_cat","embeddable":true,"href":"https:\/\/vapestornado.com\/cs\/wp-json\/wp\/v2\/product_cat?post=3753"},{"taxonomy":"product_tag","embeddable":true,"href":"https:\/\/vapestornado.com\/cs\/wp-json\/wp\/v2\/product_tag?post=3753"}],"curies":[{"name":"wp","href":"https:\/\/api.w.org\/{rel}","templated":true}]}}