{"id":3745,"date":"2025-01-14T09:29:58","date_gmt":"2025-01-14T09:29:58","guid":{"rendered":"https:\/\/vapestornado.com\/?post_type=product&#038;p=3745"},"modified":"2025-08-23T09:30:57","modified_gmt":"2025-08-23T09:30:57","slug":"high-capacity-bang-28000-puffs-disposable-e-cigarette","status":"publish","type":"product","link":"https:\/\/vapestornado.com\/cs\/product\/high-capacity-bang-28000-puffs-disposable-e-cigarette\/","title":{"rendered":"Jednor\u00e1zov\u00e1 elektronick\u00e1 cigareta s vysokou kapacitou Bang 28000 pot\u00e1hnut\u00ed"},"content":{"rendered":"<h1>Jednor\u00e1zov\u00e1 elektronick\u00e1 cigareta s vysokou kapacitou Bang 28000 pot\u00e1hnut\u00ed<\/h1>\n<p>&nbsp;<\/p>\n<div role=\"article\" data-tabster=\"{&quot;groupper&quot;:{&quot;tabbability&quot;:2},&quot;focusable&quot;:{}}\" data-content=\"ai-message\" aria-labelledby=\"64JRvXrTnY7mRmPkEQLLT-author 64JRvXrTnY7mRmPkEQLLT-content\">\n<div id=\"64JRvXrTnY7mRmPkEQLLT-content\">\n<p data-start=\"313\" data-end=\"602\">Ten <strong data-start=\"317\" data-end=\"353\">Jednor\u00e1zov\u00fd vape Bang 28000 Puffs<\/strong> poskytuje roz\u0161\u00ed\u0159en\u00fd v\u00fdkon a pohodl\u00ed s masivn\u00edm <strong data-start=\"415\" data-end=\"439\">kapacitou 28 000 pot\u00e1hnut\u00ed<\/strong> a <strong data-start=\"446\" data-end=\"479\">30 ml<\/strong>. Pou\u017eit\u00edm <strong data-start=\"487\" data-end=\"520\">pokro\u010dil\u00e1 technologie mesh coil<\/strong>zaji\u0161\u0165uje konzistentn\u00ed chu\u0165 a hladkou produkci p\u00e1ry od za\u010d\u00e1tku do konce.<\/p>\n<p data-start=\"604\" data-end=\"814\">Dostupn\u00e9 v <strong data-start=\"617\" data-end=\"656\">0 %, 2 %, 3 % a 5 % nikotinu<\/strong>Bang 28K uspokoj\u00ed v\u0161echny preference, zat\u00edmco <strong data-start=\"708\" data-end=\"732\">nastaviteln\u00e9 \u00farovn\u011b ledu<\/strong> funkce umo\u017e\u0148uje u\u017eivatel\u016fm p\u0159izp\u016fsobit intenzitu chlazen\u00ed pro osv\u011b\u017euj\u00edc\u00ed mentolov\u00fd efekt.<\/p>\n<p data-start=\"816\" data-end=\"1116\">Poh\u00e1n\u011bno <strong data-start=\"829\" data-end=\"860\">650mAh dob\u00edjec\u00ed baterie<\/strong> s <strong data-start=\"866\" data-end=\"890\">Rychl\u00e9 nab\u00edjen\u00ed Type-C<\/strong>toto za\u0159\u00edzen\u00ed minimalizuje prostoje a podporuje spolehliv\u00e9 celodenn\u00ed pou\u017e\u00edv\u00e1n\u00ed. Jeho <strong data-start=\"962\" data-end=\"1001\">design pr\u016ftoku vzduchu Direct-to-Lung (DTL)<\/strong> produkuje hust\u00e9 oblaky p\u00e1ry a v\u00fdrazn\u00e9 chut\u011b, tak\u017ee je ide\u00e1ln\u00ed pro vapery, kte\u0159\u00ed cht\u011bj\u00ed jak kapacitu, tak v\u00fdkon.<\/p>\n<p data-start=\"1118\" data-end=\"1279\">Pro velkoobchodn\u00edky a distributory <strong data-start=\"1156\" data-end=\"1181\">Bang 28000 Puch\u00fd\u0159\u016f Vape<\/strong> nab\u00edz\u00ed silnou p\u0159ita\u017elivost d\u00edky vysok\u00e9mu po\u010dtu pot\u00e1hnut\u00ed, mo\u017enostem p\u0159izp\u016fsoben\u00ed a spolehliv\u00e9 kvalit\u011b proveden\u00ed.<\/p>\n<hr data-start=\"1281\" data-end=\"1284\" \/>\n<h3 data-start=\"1286\" data-end=\"1312\">Meta popis SEO<\/h3>\n<\/div>\n<\/div>\n<div class=\"flex max-w-full flex-col flex-grow\">\n<div class=\"min-h-8 text-message flex w-full flex-col items-end gap-2 whitespace-normal break-words text-start [.text-message+&amp;]:mt-5\" dir=\"auto\" data-message-author-role=\"assistant\" data-message-id=\"cdb991c0-f594-4bff-b2d5-fbbdd7ce9e54\" data-message-model-slug=\"gpt-4o-mini\">\n<div class=\"flex w-full flex-col gap-1 empty:hidden first:pt-[3px]\">\n<div class=\"markdown prose w-full break-words dark:prose-invert light\"><\/div>\n<\/div>\n<\/div>\n<\/div>\n<div class=\"mb-2 flex gap-3 empty:hidden -ml-2\">\n<h2 class=\"sr-proMainInfo-baseInfoH1 J-baseInfo-name\">Nejprod\u00e1van\u011bj\u0161\u00ed 28000 potah\u016f bang jednor\u00e1zov\u00e9 vapes Kl\u00ed\u010dov\u00e9 vlastnosti:<\/h2>\n<ul>\n<li><strong>Obrovsk\u00fd po\u010det pot\u00e1hnut\u00ed<\/strong>: Poskytuje a\u017e <strong>28 000 potah\u016f<\/strong>, co\u017e zaji\u0161\u0165uje prodlou\u017een\u00e9 vapov\u00e1n\u00ed bez \u010dast\u00fdch v\u00fdm\u011bn.<\/li>\n<li><strong>Velkorys\u00e1 kapacita e-liquidu<\/strong>: P\u0159edpln\u011bno s <strong>30ml vysoce kvalitn\u00ed vape \u0161\u0165\u00e1vy<\/strong> pro konzistentn\u00ed chu\u0165 a hladkou produkci p\u00e1ry.<\/li>\n<li><strong>P\u0159izp\u016fsobiteln\u00e9 s\u00edly nikotinu<\/strong>: K dispozici v <strong>0%, 2%, 3% nebo 5% nikotinu<\/strong>, kter\u00e9 vyhovuj\u00ed r\u016fzn\u00fdm preferenc\u00edm a pot\u0159eb\u00e1m vapov\u00e1n\u00ed.<\/li>\n<li><strong>Pokro\u010dil\u00e1 Mesh c\u00edvka<\/strong>: Obsahuje <strong>1.0\u03a9 s\u00ed\u0165ov\u00e1 c\u00edvka<\/strong> pro zv\u00fd\u0161enou hustotu p\u00e1ry, v\u00fdrazn\u00e9 chut\u011b a hladk\u00e9 potahy.<\/li>\n<li><strong>Nastaviteln\u00e1 \u00farove\u0148 ledu<\/strong>: P\u0159izp\u016fsobte si sv\u016fj z\u00e1\u017eitek z vapov\u00e1n\u00ed s <strong>nastaviteln\u00fdm chladic\u00edm efektem<\/strong>, ide\u00e1ln\u00ed pro osv\u011b\u017euj\u00edc\u00ed mentolov\u00fd pocit.<\/li>\n<li><strong>Dob\u00edjec\u00ed baterie<\/strong>: Poh\u00e1n\u011bno <strong>650mAh dob\u00edjec\u00ed baterie<\/strong>, zaji\u0161\u0165uje spolehliv\u00fd v\u00fdkon po celou dobu \u017eivotnosti za\u0159\u00edzen\u00ed.<\/li>\n<li><strong>Rychl\u00e9 nab\u00edjen\u00ed Type-C<\/strong>: Vybaveno <strong>technologi\u00ed rychl\u00e9ho nab\u00edjen\u00ed Type-C<\/strong> pro minim\u00e1ln\u00ed prostoje a efektivn\u00ed dob\u00edjen\u00ed.<\/li>\n<li><strong>P\u0159\u00edm\u00e9 vdechov\u00e1n\u00ed do plic (DTL) Airflow<\/strong>: Navr\u017eeno pro <strong>DTL vapov\u00e1n\u00edm<\/strong>, dod\u00e1v\u00e1 hust\u00e9 mraky a intenzivn\u00ed chut\u011b.<\/li>\n<li><strong>P\u0159enosn\u00fd a stylov\u00fd design<\/strong>: Kompaktn\u00ed, lehk\u00fd a elegantn\u00ed, ide\u00e1ln\u00ed pro cestov\u00e1n\u00ed nebo ka\u017edodenn\u00ed pou\u017eit\u00ed.<\/li>\n<li><strong>Ekologick\u00e9 a jednor\u00e1zov\u00e9<\/strong>: Navr\u017eeno pro pohodl\u00ed a udr\u017eitelnost, nab\u00edz\u00ed bezprobl\u00e9movou likvidaci po pou\u017eit\u00ed.<\/li>\n<\/ul>\n<\/div>\n<p><img fetchpriority=\"high\" decoding=\"async\" class=\"wp-image-2951\" src=\"https:\/\/vapestornado.com\/wp-content\/uploads\/2024\/12\/Wholesale-Disposable-Vape-265x300.jpg\" alt=\"Velkoobchodn\u00ed jednor\u00e1zov\u00e9 Vape\" width=\"313\" height=\"354\" srcset=\"https:\/\/vapestornado.com\/wp-content\/uploads\/2024\/12\/Wholesale-Disposable-Vape-265x300.jpg 265w, https:\/\/vapestornado.com\/wp-content\/uploads\/2024\/12\/Wholesale-Disposable-Vape-768x871.jpg 768w, https:\/\/vapestornado.com\/wp-content\/uploads\/2024\/12\/Wholesale-Disposable-Vape-600x680.jpg 600w, https:\/\/vapestornado.com\/wp-content\/uploads\/2024\/12\/Wholesale-Disposable-Vape.jpg 823w\" sizes=\"(max-width: 313px) 100vw, 313px\" \/><\/p>\n<h5>Pro slevovou cenu kontaktujte Mandy na WhatsApp:<a href=\"https:\/\/wa.me\/8618077105796\" target=\"_blank\" rel=\"noopener\">+8618077105796<\/a><\/h5>\n<p>&nbsp;<\/p>\n<h3 class=\"sr-proMainInfo-baseInfoH1 J-baseInfo-name\">bangvape 28k Puffs Velkoobchod s vape p\u0159\u00edchut\u011bmi:<\/h3>\n<p>1.Jahoda Vodn\u00ed meloun<br \/>\n2.Bor\u016fvkov\u00e1 ledov\u00e1<br \/>\n3.Krev a p\u00edsek<br \/>\n4.Ananas a kokos<br \/>\n5. Jahoda a ban\u00e1n<br \/>\n6.Sm\u00ed\u0161en\u00e9 ovoce<br \/>\n7.Bor\u016fvky a maliny<br \/>\n8.Broskvov\u00e1 Ledov\u00e1 T\u0159\u00ed\u0161\u0165<br \/>\n9.Mango Broskev<br \/>\n10.Meloun<br \/>\n11.Hroznov\u00e1 ledov\u00e1<br \/>\n12.Jahodov\u00e9 kiwi ovoce<\/p>\n<div role=\"article\" data-tabster=\"{&quot;groupper&quot;:{&quot;tabbability&quot;:2},&quot;focusable&quot;:{}}\" data-content=\"ai-message\" aria-labelledby=\"dARUyEWDoEYhnSPXFwx5A-author dARUyEWDoEYhnSPXFwx5A-content\">\n<div id=\"dARUyEWDoEYhnSPXFwx5A-content\">\n<h3><strong>Pro\u010d koupit HQ Bang 28000 Puffs <\/strong>\u00a0vape\u00a0<strong>od vapestornado?<\/strong><\/h3>\n<ul>\n<li><strong>Zaru\u010den\u011b origin\u00e1ln\u00ed produkty<\/strong><br \/>\nvapestornado zaji\u0161\u0165uje, \u017ee obdr\u017e\u00edte origin\u00e1ln\u00ed <strong>Bang 28000 Puch\u00fd\u0159\u016f Vape<\/strong>, poskytuje pr\u00e9miovou kvalitu a spolehliv\u00fd v\u00fdkon s ka\u017ed\u00fdm n\u00e1kupem.<\/li>\n<li><strong>Nep\u0159ekonateln\u00e9 ceny<\/strong><br \/>\nU\u017eijte si konkuren\u010dn\u00ed ceny a exkluzivn\u00ed nab\u00eddky na jednor\u00e1zov\u00e9 vapes s vysokou kapacitou, co\u017e d\u011bl\u00e1 z vapestornado c\u00edlovou destinaci pro hromadn\u00e9 nebo jednotliv\u00e9 objedn\u00e1vky.<\/li>\n<li><strong>Rychl\u00e1 doprava po \u010cesk\u00e9 republice<\/strong><br \/>\nS d\u016frazem na pohodl\u00ed z\u00e1kazn\u00edka, vapestornado poskytuje <strong>rychl\u00e1 a spolehliv\u00e1 doprava<\/strong> do evropsk\u00fdch zem\u00ed, zaji\u0161\u0165uj\u00edc\u00ed v\u010dasn\u00e9 doru\u010den\u00ed.<\/li>\n<li><strong>Z\u00e1kaznicky orientovan\u00e1 podpora<\/strong><br \/>\nVyu\u017eijte <strong>specializovan\u00fd z\u00e1kaznick\u00fd servis<\/strong> pro pomoc s dotazy, kter\u00fd zajist\u00ed hladk\u00fd a bezprobl\u00e9mov\u00fd n\u00e1kup.<\/li>\n<li><strong>\u0160pi\u010dkov\u00fd z\u00e1\u017eitek z vapingu<\/strong><br \/>\nVapy Bang 28000 Puffs disponuj\u00ed pokro\u010dil\u00fdmi funkcemi <strong>technologie mesh spir\u00e1lky<\/strong>, <strong>nastaviteln\u00e1 \u00farove\u0148 chladivosti<\/strong>, a <strong>vzduchov\u00fdm proudem Direct-to-Lung (DTL)<\/strong>, zaru\u010duj\u00edc\u00edm v\u00fdrazn\u00e9 p\u0159\u00edchut\u011b, hust\u00e9 mraky p\u00e1ry a personalizovan\u00fd chladiv\u00fd pocit.<\/li>\n<li><strong>Ekologick\u00e9 a pohodln\u00e9<\/strong><br \/>\nvapestornado podporuje ekologicky zodpov\u011bdn\u00fd vaping s pr\u00e9miov\u00fdmi jednor\u00e1zov\u00fdmi vapy, navr\u017een\u00fdmi pro bezprobl\u00e9mov\u00e9 pou\u017eit\u00ed a snadnou likvidaci.<\/li>\n<\/ul>\n<\/div>\n<\/div>\n<h3>Nej\u010dast\u011bj\u0161\u00ed dotazy k nov\u00e9mu vapu Bang 28000 Puffs<\/h3>\n<p><strong>1. Jak mohu sledovat svou objedn\u00e1vku Bang 28000 Puffs?<\/strong><br \/>\nSledov\u00e1n\u00ed va\u0161\u00ed objedn\u00e1vky je jednoduch\u00e9. Jakmile je va\u0161e objedn\u00e1vka potvrzena, obdr\u017e\u00edte sledovac\u00ed \u010d\u00edslo p\u0159es WhatsApp. Pomoc\u00ed tohoto \u010d\u00edsla na webov\u00fdch str\u00e1nk\u00e1ch ur\u010den\u00e9ho p\u0159epravce m\u016f\u017eete sledovat pr\u016fb\u011bh doru\u010den\u00ed va\u0161eho bal\u00ed\u010dku. Pro dal\u0161\u00ed pomoc se nev\u00e1hejte obr\u00e1tit na n\u00e1\u0161 t\u00fdm z\u00e1kaznick\u00e9ho servisu.<\/p>\n<p><strong>2. Mohu si vybrat p\u0159\u00edchut\u011b u n\u00e1hodn\u011b vybran\u00fdch produkt\u016f?<\/strong><br \/>\nAno, m\u016f\u017eete! Zat\u00edmco n\u011bkter\u00e9 produktov\u00e9 bal\u00ed\u010dky obsahuj\u00ed p\u0159edem vybran\u00e9 p\u0159\u00edchut\u011b, d\u011bl\u00e1me v\u0161e pro to, abychom vyhov\u011bli va\u0161im specifick\u00fdm preferenc\u00edm. Jednodu\u0161e zanechte pozn\u00e1mku p\u0159i placen\u00ed nebo kontaktujte na\u0161i z\u00e1kaznickou podporu se sv\u00fdm po\u017eadavkem. Zajist\u00edme, aby va\u0161e preferovan\u00e9 p\u0159\u00edchut\u011b byly zahrnuty, pokud jsou skladem.<\/p>\n<p><strong>3. \u010c\u00edm jsou vapy Bang 28000 Puffs jedine\u010dn\u00e9?<\/strong><br \/>\nTen <strong>Jednor\u00e1zov\u00fd vape Bang 28000 Puffs<\/strong> nab\u00edz\u00ed masivn\u00ed po\u010det pota\u017een\u00ed, <strong>30ml kapacita e-liquidu<\/strong>, nastaviteln\u00e1 \u00farove\u0148 chlazen\u00ed a pokro\u010dil\u00e1 technologie mesh spir\u00e1lky. Je navr\u017een pro pohodl\u00ed, dlouhotrvaj\u00edc\u00ed pou\u017e\u00edv\u00e1n\u00ed a p\u0159izp\u016fsobiteln\u00fd z\u00e1\u017eitek z vapov\u00e1n\u00ed.<\/p>","protected":false},"excerpt":{"rendered":"<ul>\n<li>Jednor\u00e1zov\u00e1 vape pen Bang 28000 Puffs Premium<\/li>\n<li>Dlouhotrvaj\u00edc\u00ed dob\u00edjec\u00ed vape Bang 28000 Puffs<\/li>\n<li>E-cigareta Bang 28000 Puffs s nastaviteln\u00fdmi ledov\u00fdmi vape pody<\/li>\n<\/ul>\n<figure id=\"attachment_2951\" aria-describedby=\"caption-attachment-2951\" style=\"width: 265px\" class=\"wp-caption alignnone\"><img decoding=\"async\" class=\"size-medium wp-image-2951\" src=\"https:\/\/vapestornado.com\/wp-content\/uploads\/2024\/12\/Wholesale-Disposable-Vape-265x300.jpg\" alt=\"Velkoobchodn\u00ed jednor\u00e1zov\u00e9 Vape\" width=\"265\" height=\"300\" srcset=\"https:\/\/vapestornado.com\/wp-content\/uploads\/2024\/12\/Wholesale-Disposable-Vape-265x300.jpg 265w, https:\/\/vapestornado.com\/wp-content\/uploads\/2024\/12\/Wholesale-Disposable-Vape-768x871.jpg 768w, https:\/\/vapestornado.com\/wp-content\/uploads\/2024\/12\/Wholesale-Disposable-Vape-600x680.jpg 600w, https:\/\/vapestornado.com\/wp-content\/uploads\/2024\/12\/Wholesale-Disposable-Vape.jpg 823w\" sizes=\"(max-width: 265px) 100vw, 265px\" \/><figcaption id=\"caption-attachment-2951\" class=\"wp-caption-text\">Pro slevovou cenu kontaktujte Mandy na WhatsApp\u00a0 <a href=\"https:\/\/wa.me\/8618077105796\">+8618077105796<\/a><\/figcaption><\/figure>\n<p>&nbsp;<\/p>","protected":false},"featured_media":3738,"comment_status":"open","ping_status":"closed","template":"","meta":{"_acf_changed":false,"_uag_custom_page_level_css":"","_lmt_disableupdate":"no","_lmt_disable":"","_monsterinsights_skip_tracking":false,"_monsterinsights_sitenote_active":false,"_monsterinsights_sitenote_note":"","_monsterinsights_sitenote_category":0,"site-sidebar-layout":"default","site-content-layout":"","ast-site-content-layout":"default","site-content-style":"default","site-sidebar-style":"default","ast-global-header-display":"","ast-banner-title-visibility":"","ast-main-header-display":"","ast-hfb-above-header-display":"","ast-hfb-below-header-display":"","ast-hfb-mobile-header-display":"","site-post-title":"","ast-breadcrumbs-content":"","ast-featured-img":"","footer-sml-layout":"","ast-disable-related-posts":"","theme-transparent-header-meta":"default","adv-header-id-meta":"","stick-header-meta":"","header-above-stick-meta":"","header-main-stick-meta":"","header-below-stick-meta":"","astra-migrate-meta-layouts":"set","ast-page-background-enabled":"default","ast-page-background-meta":{"desktop":{"background-color":"","background-image":"","background-repeat":"repeat","background-position":"center center","background-size":"auto","background-attachment":"scroll","background-type":"","background-media":"","overlay-type":"","overlay-color":"","overlay-opacity":"","overlay-gradient":""},"tablet":{"background-color":"","background-image":"","background-repeat":"repeat","background-position":"center center","background-size":"auto","background-attachment":"scroll","background-type":"","background-media":"","overlay-type":"","overlay-color":"","overlay-opacity":"","overlay-gradient":""},"mobile":{"background-color":"","background-image":"","background-repeat":"repeat","background-position":"center center","background-size":"auto","background-attachment":"scroll","background-type":"","background-media":"","overlay-type":"","overlay-color":"","overlay-opacity":"","overlay-gradient":""}},"ast-content-background-meta":{"desktop":{"background-color":"var(--ast-global-color-5)","background-image":"","background-repeat":"repeat","background-position":"center center","background-size":"auto","background-attachment":"scroll","background-type":"","background-media":"","overlay-type":"","overlay-color":"","overlay-opacity":"","overlay-gradient":""},"tablet":{"background-color":"var(--ast-global-color-5)","background-image":"","background-repeat":"repeat","background-position":"center center","background-size":"auto","background-attachment":"scroll","background-type":"","background-media":"","overlay-type":"","overlay-color":"","overlay-opacity":"","overlay-gradient":""},"mobile":{"background-color":"var(--ast-global-color-5)","background-image":"","background-repeat":"repeat","background-position":"center center","background-size":"auto","background-attachment":"scroll","background-type":"","background-media":"","overlay-type":"","overlay-color":"","overlay-opacity":"","overlay-gradient":""}},"_joinchat":{"telephone":"+8618077105796"}},"product_brand":[],"product_cat":[235,150,153,144],"product_tag":[236,97,98],"class_list":{"0":"post-3745","1":"product","2":"type-product","3":"status-publish","4":"has-post-thumbnail","6":"product_cat-28000-puff","7":"product_cat-buy-disposable-vapes-in-belgium","8":"product_cat-buy-disposable-vapes-in-italy","9":"product_cat-low-nicotine-disposable-vapes","10":"product_tag-bang-28000-puffs","11":"product_tag-hot-sale-disposable-vape","12":"product_tag-wholesale-price-disposable-vape","13":"desktop-align-left","14":"tablet-align-left","15":"mobile-align-left","17":"first","18":"instock","19":"sale","20":"shipping-taxable","21":"purchasable","22":"product-type-simple"},"acf":[],"uagb_featured_image_src":{"full":["https:\/\/vapestornado.com\/wp-content\/uploads\/2025\/01\/Bang-28000-Puffs-Ultimate-Long-Lasting-Vape.webp",800,800,false],"thumbnail":["https:\/\/vapestornado.com\/wp-content\/uploads\/2025\/01\/Bang-28000-Puffs-Ultimate-Long-Lasting-Vape-150x150.webp",150,150,true],"medium":["https:\/\/vapestornado.com\/wp-content\/uploads\/2025\/01\/Bang-28000-Puffs-Ultimate-Long-Lasting-Vape-300x300.webp",300,300,true],"medium_large":["https:\/\/vapestornado.com\/wp-content\/uploads\/2025\/01\/Bang-28000-Puffs-Ultimate-Long-Lasting-Vape-768x768.webp",768,768,true],"large":["https:\/\/vapestornado.com\/wp-content\/uploads\/2025\/01\/Bang-28000-Puffs-Ultimate-Long-Lasting-Vape.webp",800,800,false],"1536x1536":["https:\/\/vapestornado.com\/wp-content\/uploads\/2025\/01\/Bang-28000-Puffs-Ultimate-Long-Lasting-Vape.webp",800,800,false],"2048x2048":["https:\/\/vapestornado.com\/wp-content\/uploads\/2025\/01\/Bang-28000-Puffs-Ultimate-Long-Lasting-Vape.webp",800,800,false],"trp-custom-language-flag":["https:\/\/vapestornado.com\/wp-content\/uploads\/2025\/01\/Bang-28000-Puffs-Ultimate-Long-Lasting-Vape.webp",12,12,false],"woocommerce_thumbnail":["https:\/\/vapestornado.com\/wp-content\/uploads\/2025\/01\/Bang-28000-Puffs-Ultimate-Long-Lasting-Vape-300x300.webp",300,300,true],"woocommerce_single":["https:\/\/vapestornado.com\/wp-content\/uploads\/2025\/01\/Bang-28000-Puffs-Ultimate-Long-Lasting-Vape-600x600.webp",600,600,true],"woocommerce_gallery_thumbnail":["https:\/\/vapestornado.com\/wp-content\/uploads\/2025\/01\/Bang-28000-Puffs-Ultimate-Long-Lasting-Vape-100x100.webp",100,100,true]},"uagb_author_info":{"display_name":"ESMANDY","author_link":"https:\/\/vapestornado.com\/cs\/author\/"},"uagb_comment_info":0,"uagb_excerpt":"Premium Bang 28000 Puffs Disposable Vape Pen Long-Lasting Bang 28000 Puff Rechargeable Vape Bang 28000 Puffs E-Cigarette with Adjustable Ice Vape Pods [caption id=\"attachment_2951\" align=\"alignnone\" width=\"265\"] Pls Contact Mandy's WhatsApp For Discount Price\u00a0 +8618077105796[\/caption] &nbsp;","_links":{"self":[{"href":"https:\/\/vapestornado.com\/cs\/wp-json\/wp\/v2\/product\/3745","targetHints":{"allow":["GET"]}}],"collection":[{"href":"https:\/\/vapestornado.com\/cs\/wp-json\/wp\/v2\/product"}],"about":[{"href":"https:\/\/vapestornado.com\/cs\/wp-json\/wp\/v2\/types\/product"}],"replies":[{"embeddable":true,"href":"https:\/\/vapestornado.com\/cs\/wp-json\/wp\/v2\/comments?post=3745"}],"wp:featuredmedia":[{"embeddable":true,"href":"https:\/\/vapestornado.com\/cs\/wp-json\/wp\/v2\/media\/3738"}],"wp:attachment":[{"href":"https:\/\/vapestornado.com\/cs\/wp-json\/wp\/v2\/media?parent=3745"}],"wp:term":[{"taxonomy":"product_brand","embeddable":true,"href":"https:\/\/vapestornado.com\/cs\/wp-json\/wp\/v2\/product_brand?post=3745"},{"taxonomy":"product_cat","embeddable":true,"href":"https:\/\/vapestornado.com\/cs\/wp-json\/wp\/v2\/product_cat?post=3745"},{"taxonomy":"product_tag","embeddable":true,"href":"https:\/\/vapestornado.com\/cs\/wp-json\/wp\/v2\/product_tag?post=3745"}],"curies":[{"name":"wp","href":"https:\/\/api.w.org\/{rel}","templated":true}]}}