{"id":3726,"date":"2025-01-13T07:22:44","date_gmt":"2025-01-13T07:22:44","guid":{"rendered":"https:\/\/vapestornado.com\/?post_type=product&#038;p=3726"},"modified":"2025-08-23T12:33:57","modified_gmt":"2025-08-23T12:33:57","slug":"bang-king-35k-35000-puffs-2-in-1-dual-flavour-disposable-vape-wholesale-cheap-price","status":"publish","type":"product","link":"https:\/\/vapestornado.com\/cs\/product\/bang-king-35k-35000-puffs-2-in-1-dual-flavour-disposable-vape-wholesale-cheap-price\/","title":{"rendered":"Bang King 35K 35000 pot\u00e1hnut\u00ed 2 v 1 Jednor\u00e1zov\u00e1 e-cigareta s du\u00e1ln\u00ed p\u0159\u00edchut\u00ed Velkoobchod Levn\u00e1 cena"},"content":{"rendered":"<h1 class=\"product-title\">Bang King 35K 35000 pot\u00e1hnut\u00ed 2 v 1 Jednor\u00e1zov\u00e1 e-cigareta s du\u00e1ln\u00ed p\u0159\u00edchut\u00ed Velkoobchod Levn\u00e1 cena<\/h1>\n<p>&nbsp;<\/p>\n<p>Pro\u010d se <strong>Bang King 35K 35000 Puffs 2v1 Dual Flavour jednor\u00e1zov\u00e1 vape<\/strong> st\u00e1v\u00e1 popul\u00e1rn\u00ed? Toto za\u0159\u00edzen\u00ed kombinuje pohodl\u00ed, chu\u0165 a dostupnost v jednom. Se stylov\u00fdm digit\u00e1ln\u00edm displejem, p\u016fsobiv\u00fdm po\u010dtem potah\u016f a dv\u011bma r\u016fzn\u00fdmi p\u0159\u00edchut\u011bmi v jednom za\u0159\u00edzen\u00ed p\u0159edefinuje, co mohou jednor\u00e1zov\u00e9 vapy nab\u00eddnout.<\/p>\n<p>Rozlu\u010dte se s \u010dast\u00fdmi v\u00fdm\u011bnami! S ohromuj\u00edc\u00edm po\u010dtem <strong>35 000 pot\u00e1hnut\u00ed<\/strong>potah\u016f Bang King 35K zaji\u0161\u0165uje dlouhotrvaj\u00edc\u00ed spokojenost, co\u017e z n\u011bj d\u011bl\u00e1 jeden z nejlep\u0161\u00edch <strong>obl\u00edben\u00fdch jednor\u00e1zov\u00fdch vap\u016f<\/strong> jednor\u00e1zov\u00fdch vap\u016f na trhu. Pro\u010d se spokojit s jednou p\u0159\u00edchut\u00ed, kdy\u017e m\u016f\u017eete m\u00edt dv\u011b? U\u017eijte si <strong>design 2v1<\/strong>kter\u00fd v\u00e1m umo\u017en\u00ed p\u0159ep\u00ednat mezi dv\u011bma neuv\u011b\u0159iteln\u00fdmi p\u0159\u00edchut\u011bmi v jedin\u00e9m za\u0159\u00edzen\u00ed. Vychutnejte si dvojitou chu\u0165 v jednom elegantn\u00edm balen\u00ed. M\u011bjte v\u0161e pod kontrolou s <strong>LED dotykov\u00fdm displejem<\/strong>. Zobrazuje \u017eivotnost baterie, \u00farove\u0148 e-liquidu a umo\u017e\u0148uje nastavit proud\u011bn\u00ed vzduchu a v\u00fdkon pro p\u0159izp\u016fsoben\u00fd z\u00e1\u017eitek.<\/p>\n<p>Se t\u0159emi re\u017eimy proud\u011bn\u00ed vzduchu m\u016f\u017eete snadno upravit potah podle va\u0161ich preferenc\u00ed. A\u0165 u\u017e d\u00e1v\u00e1te p\u0159ednost jemn\u00fdm nebo robustn\u00edm potah\u016fm, tato vape se v\u00e1m p\u0159izp\u016fsob\u00ed. D\u00edky <strong>700mAh dob\u00edjec\u00ed bateri\u00ed<\/strong> a <strong>Nab\u00edjen\u00ed typu C<\/strong> rychl\u00e9mu nab\u00edjen\u00ed p\u0159es USB-C <strong>jsou zaji\u0161t\u011bny rychl\u00e9 a efektivn\u00ed nab\u00edjen\u00ed, udr\u017euj\u00edc\u00ed va\u0161e za\u0159\u00edzen\u00ed nabit\u00e9 po cel\u00fd den. S<\/strong> 35ml e-liquid tankem <strong>velkoobchodn\u00ed cenu<\/strong> se sni\u017euje pot\u0159eba \u010dast\u00e9ho dopl\u0148ov\u00e1n\u00ed, co\u017e nab\u00edz\u00ed nep\u0159eru\u0161ovan\u00e9 vapov\u00e1n\u00ed. Ide\u00e1ln\u00ed pro velkoobchodn\u00ed kupuj\u00edc\u00ed,<\/p>\n<p><span style=\"color: #ff0000;\"><strong>P\u0159idejte si Amyin Whatsapp, z\u00edskejte okam\u017eitou odpov\u011b\u010f a kup\u00f3n na vape!<\/strong><\/span><\/p>\n<p><img fetchpriority=\"high\" decoding=\"async\" class=\"size-full wp-image-2932\" src=\"https:\/\/vapestornado.com\/wp-content\/uploads\/2024\/12\/Vape-Wholesale.jpg\" alt=\"Velkoobchod s vape\" width=\"229\" height=\"300\" \/><\/p>\n<h3><a href=\"https:\/\/wa.me\/8617776015835\" target=\"_blank\" rel=\"noopener\"><span style=\"color: #ff0000;\"><strong>WhatsApp: +86 17776015835<\/strong><\/span><\/a><\/h3>\n<p>&nbsp;<\/p>\n<h2 class=\"product-title\"><strong>velkoobchodn\u00ed jednor\u00e1zov\u00e9 vapy Bang King 35K<\/strong><\/h2>\n<div role=\"article\" data-tabster=\"{&quot;groupper&quot;:{&quot;tabbability&quot;:2},&quot;focusable&quot;:{}}\" data-content=\"ai-message\" aria-labelledby=\"juhNTJ6o7Gk1cgwZMJgv2-author juhNTJ6o7Gk1cgwZMJgv2-content\">\n<div id=\"juhNTJ6o7Gk1cgwZMJgv2-content\">\n<div role=\"article\" data-tabster=\"{&quot;groupper&quot;:{&quot;tabbability&quot;:2},&quot;focusable&quot;:{}}\" data-content=\"ai-message\" aria-labelledby=\"x4EZuCZWrTbh3weWUt7CU-author x4EZuCZWrTbh3weWUt7CU-content\">\n<div id=\"x4EZuCZWrTbh3weWUt7CU-content\">\n<div class=\"flex max-w-full flex-col flex-grow\">\n<div class=\"min-h-8 text-message flex w-full flex-col items-end gap-2 whitespace-normal break-words text-start [.text-message+&amp;]:mt-5\" dir=\"auto\" data-message-author-role=\"assistant\" data-message-id=\"52c6e00a-252f-4104-805d-2f1a84739c71\" data-message-model-slug=\"gpt-4o\">\n<div class=\"flex w-full flex-col gap-1 empty:hidden first:pt-[3px]\">\n<div class=\"markdown prose w-full break-words dark:prose-invert light\">\n<div class=\"flex max-w-full flex-col flex-grow\">\n<div class=\"min-h-8 text-message flex w-full flex-col items-end gap-2 whitespace-normal break-words text-start [.text-message+&amp;]:mt-5\" dir=\"auto\" data-message-author-role=\"assistant\" data-message-id=\"3c321776-aace-4a97-95f3-35c104de1c0a\" data-message-model-slug=\"gpt-4o\">\n<div class=\"flex w-full flex-col gap-1 empty:hidden first:pt-[3px]\">\n<div class=\"markdown prose w-full break-words dark:prose-invert light\">\n<h3><\/h3>\n<ul>\n<li><strong>Potahy:<\/strong> A\u017e 35 000<\/li>\n<li><strong>Baterie:<\/strong> 700mAh dob\u00edjec\u00ed s nab\u00edjen\u00edm typu C<\/li>\n<li><strong>P\u0159\u00edchut\u011b:<\/strong> Dv\u011b p\u0159\u00edchut\u011b v jednom za\u0159\u00edzen\u00ed<\/li>\n<li><strong>Proud vzduchu:<\/strong> P\u0159izp\u016fsobiteln\u00e9 se t\u0159emi re\u017eimy<\/li>\n<li><strong>Kapacita e-liquidu:<\/strong> 35ML<\/li>\n<li><strong>Digit\u00e1ln\u00ed displej:<\/strong> LED dotykov\u00fd displej pro sledov\u00e1n\u00ed a \u00fapravy<\/li>\n<li><strong>P\u0159enosnost:<\/strong> Lehk\u00fd design, ide\u00e1ln\u00ed na cesty<\/li>\n<\/ul>\n<\/div>\n<\/div>\n<\/div>\n<\/div>\n<\/div>\n<\/div>\n<\/div>\n<\/div>\n<div class=\"mb-2 flex gap-3 empty:hidden -ml-2\">\n<figure id=\"attachment_3733\" aria-describedby=\"caption-attachment-3733\" style=\"width: 800px\" class=\"wp-caption alignnone\"><img decoding=\"async\" class=\"wp-image-3733 size-full\" src=\"https:\/\/vapestornado.com\/wp-content\/uploads\/2025\/01\/Bangking-Vape-36000-Disposable-Vape-Wholesale.webp\" alt=\"Velkoobchod s jednor\u00e1zov\u00fdmi vapovac\u00edmi pery Bangking Vape 35000\" width=\"800\" height=\"800\" srcset=\"https:\/\/vapestornado.com\/wp-content\/uploads\/2025\/01\/Bangking-Vape-36000-Disposable-Vape-Wholesale.webp 800w, https:\/\/vapestornado.com\/wp-content\/uploads\/2025\/01\/Bangking-Vape-36000-Disposable-Vape-Wholesale-300x300.webp 300w, https:\/\/vapestornado.com\/wp-content\/uploads\/2025\/01\/Bangking-Vape-36000-Disposable-Vape-Wholesale-150x150.webp 150w, https:\/\/vapestornado.com\/wp-content\/uploads\/2025\/01\/Bangking-Vape-36000-Disposable-Vape-Wholesale-768x768.webp 768w, https:\/\/vapestornado.com\/wp-content\/uploads\/2025\/01\/Bangking-Vape-36000-Disposable-Vape-Wholesale-600x600.webp 600w, https:\/\/vapestornado.com\/wp-content\/uploads\/2025\/01\/Bangking-Vape-36000-Disposable-Vape-Wholesale-100x100.webp 100w\" sizes=\"(max-width: 800px) 100vw, 800px\" \/><figcaption id=\"caption-attachment-3733\" class=\"wp-caption-text\">Velkoobchod s jednor\u00e1zov\u00fdmi vapovac\u00edmi pery Bangking Vape 35000<\/figcaption><\/figure>\n<\/div>\n<\/div>\n<\/div>\n<\/div>\n<\/div>\n<h2 class=\"product-title\"><strong>Obl\u00edben\u00e1 p\u0159\u00edchu\u0165 pro Bang King 35K<\/strong><strong>\u00a0<\/strong><strong>Jednor\u00e1zov\u00e9 vaporiz\u00e9ry<\/strong><\/h2>\n<p>A\u0165 u\u017e d\u00e1v\u00e1te p\u0159ednost tropick\u00e9mu \u00faniku nebo mraziv\u00e9mu pot\u011b\u0161en\u00ed, <strong>Jednor\u00e1zov\u00e9 vapovac\u00ed pero Bangking 35000 Puffs s dvojitou p\u0159\u00edchut\u00ed<\/strong> m\u00e1 perfektn\u00ed kombinaci, kter\u00e1 uspokoj\u00ed va\u0161e chu\u0165ov\u00e9 poh\u00e1rky! Jak\u00e1 je obl\u00edben\u00e1 p\u0159\u00edchu\u0165 pro BANG KING 35000 Vape? Zjist\u011bte, co \u0159\u00edkaj\u00ed na\u0161i z\u00e1kazn\u00edci.<\/p>\n<p>1.Blue Razz Ice + Juicy Peach Ice<br \/>\n2.Strawberry Watermelon + Watermelon Ice <span style=\"color: #ff0000;\"><strong>&gt;&gt;&gt;&gt; \u017dhav\u00e9 !<\/strong><\/span><br \/>\n3. Jahodovo ban\u00e1n + Dvojit\u00e9 jablko<br \/>\n4. T\u0159\u00edl\u00edstek Ice + Tropick\u00e9 ovoce<br \/>\n5. \u010cere\u0161\u0148ov\u00fd v\u00fdbuch + Hroznov\u00e9 Ice <span style=\"color: #ff0000;\"><strong>&gt;&gt;&gt;&gt; \u017dhav\u00e9 !<\/strong><\/span><br \/>\n6.Broskev Mango + Jahoda Mango<br \/>\n7.Mango Limetka + Chladiv\u00e1 M\u00e1ta<br \/>\n8.T\u0159e\u0161e\u0148 Pop + Pan Modr\u00fd<br \/>\n9.\u010cern\u00fd Drak Led + Jahoda Kiwi<br \/>\n10.\u010cerven\u00fd B\u00fdk + Broskev Bobule <span style=\"color: #ff0000;\"><strong>&gt;&gt;&gt;&gt; \u017dhav\u00e9 !<\/strong><\/span><br \/>\n11.R\u016f\u017eov\u00fd Citr\u00f3n + Pan Modr\u00fd<br \/>\n12.Kiwi Mu\u010denka Guava + Modr\u00e1 T\u0159e\u0161\u0148ov\u00e1 Limetka<\/p>\n<div class=\"flex-shrink-0 flex flex-col relative items-end\">\n<div class=\"pt-0\">\n<div class=\"gizmo-bot-avatar flex h-8 w-8 items-center justify-center overflow-hidden rounded-full\">\n<div class=\"relative p-1 rounded-sm flex items-center justify-center bg-token-main-surface-primary text-token-text-primary h-8 w-8\">\n<h3>Nej\u010dast\u011bj\u0161\u00ed dotazy pro Bang King 35K Puffs dob\u00edjec\u00ed<strong>\u00a0<\/strong>Jednor\u00e1zov\u00e1 vapka<\/h3>\n<h3><\/h3>\n<p><strong>1. Kde mohu koupit Bang King 35K za velkoobchodn\u00ed ceny v \u010cesk\u00e9 republice?<\/strong><br \/>\nM\u016f\u017eete si ho zakoupit u Vapestornado<strong>\u00a0online obchod s vapkami<\/strong> nebo se zeptejte sv\u00e9ho m\u00edstn\u00edho distributora na nejlep\u0161\u00ed nab\u00eddky.<\/p>\n<p><strong>2. Jak pozn\u00e1m, \u017ee je e-liquid na dn\u011b?<\/strong><br \/>\nTen <strong>digit\u00e1ln\u00ed displej<\/strong> ukazuje hladinu e-liquidu, tak\u017ee m\u00e1te neust\u00e1le p\u0159ehled.<\/p>\n<p><strong>3. Jak dobiji Bang King 35000?<\/strong><br \/>\nJednodu\u0161e pou\u017eijte <strong>nab\u00edjec\u00edm portem typu C<\/strong> pro rychl\u00e9 a bezprobl\u00e9mov\u00e9 dob\u00edjen\u00ed.<\/p>\n<p><strong>4. \u010c\u00edm se tento vape Bang king 35k odli\u0161uje od jin\u00fdch zna\u010dek jednor\u00e1zov\u00fdch vap\u016f?<\/strong><br \/>\nTen <strong>design se dv\u011bma p\u0159\u00edchut\u011bmi<\/strong>, <strong>nastaviteln\u00fd pr\u016ftok vzduchu<\/strong>, a masivn\u00ed <strong>35 000 pot\u00e1hnut\u00ed<\/strong> jej odli\u0161uj\u00ed, co\u017e z n\u011bj d\u011bl\u00e1 jeden z <strong>nejobl\u00edben\u011bj\u0161\u00edch jednor\u00e1zov\u00fdch vap\u016f<\/strong>.<\/p>\n<p><strong>5. Mohu si nastavit pr\u016ftok vzduchu podle sv\u00fdch preferenc\u00ed?<\/strong><br \/>\nAno! Za\u0159\u00edzen\u00ed nab\u00edz\u00ed <strong>t\u0159i re\u017eimy proud\u011bn\u00ed vzduchu<\/strong> abyste si poka\u017ed\u00e9 zajistili perfektn\u00ed potah.<\/p>\n<p><strong>6. Jsou p\u0159\u00edchut\u011b vhodn\u00e9 pro preference s n\u00edzk\u00fdm obsahem nikotinu?<\/strong><br \/>\nNaprosto. Bang King 35K nab\u00edz\u00ed <strong>nastaviteln\u00e9 \u00farovn\u011b nikotinu<\/strong> v 0%, 2% a 5%.<\/p>\n<div class=\"flex max-w-full flex-col flex-grow\">\n<div class=\"min-h-8 text-message flex w-full flex-col items-end gap-2 whitespace-normal break-words text-start [.text-message+&amp;]:mt-5\" dir=\"auto\" data-message-author-role=\"assistant\" data-message-id=\"4dc48248-df95-45bd-b800-6dedb43cf7f1\" data-message-model-slug=\"gpt-4o\">\n<div class=\"flex w-full flex-col gap-1 empty:hidden first:pt-[3px]\"><\/div>\n<\/div>\n<\/div>\n<\/div>\n<\/div>\n<\/div>\n<\/div>\n<div class=\"flex-shrink-0 flex flex-col relative items-end\">\n<div class=\"pt-0\">\n<div class=\"gizmo-bot-avatar flex h-8 w-8 items-center justify-center overflow-hidden rounded-full\">\n<div class=\"relative p-1 rounded-sm flex items-center justify-center bg-token-main-surface-primary text-token-text-primary h-8 w-8\">\n<div class=\"mb-2 flex gap-3 empty:hidden -ml-2\">\n<div role=\"article\" data-tabster=\"{&quot;groupper&quot;:{&quot;tabbability&quot;:2},&quot;focusable&quot;:{}}\" data-content=\"ai-message\" aria-labelledby=\"Vdt5ez4X7Tg813x6rFVha-author Vdt5ez4X7Tg813x6rFVha-content\">\n<div id=\"Vdt5ez4X7Tg813x6rFVha-content\">\n<div role=\"article\" data-tabster=\"{&quot;groupper&quot;:{&quot;tabbability&quot;:2},&quot;focusable&quot;:{}}\" data-content=\"ai-message\" aria-labelledby=\"o968oC7CEo2fGHsGdsRYC-author o968oC7CEo2fGHsGdsRYC-content\">\n<div id=\"o968oC7CEo2fGHsGdsRYC-content\">\n<h3>Pro\u010d si vybrat vapestornado pro velkoobchodn\u00ed prodej jednor\u00e1zov\u00fdch vap\u016f Uwin Crystal 20000 Shisha Hookah?<\/h3>\n<div class=\"flex-shrink-0 flex flex-col relative items-end\">\n<div class=\"pt-0\">\n<div class=\"gizmo-bot-avatar flex h-8 w-8 items-center justify-center overflow-hidden rounded-full\">\n<div class=\"relative p-1 rounded-sm flex items-center justify-center bg-token-main-surface-primary text-token-text-primary h-8 w-8\">\n<p>V rostouc\u00ed konkurenci v odv\u011btv\u00ed jednor\u00e1zov\u00fdch vap\u016f p\u0159edstavila vapestornado, p\u0159edn\u00ed sv\u011btov\u00e1 platforma pro velkoobchodn\u00ed \u0159e\u0161en\u00ed e-cigaret, pr\u016fkopnick\u00fd jednor\u00e1zov\u00fd vape Bang King 35K Puffs. D\u00edky sv\u00e9mu poutav\u00e9mu k\u0159i\u0161\u0165\u00e1lov\u00e9mu designu a multifunk\u010dn\u00edm vlastnostem tento inovativn\u00ed produkt snoub\u00ed styl s funk\u010dnost\u00ed. Nab\u00edz\u00ed \u0161irok\u00fd v\u00fdb\u011br ovocn\u00fdch p\u0159\u00edchut\u00ed a jeho c\u00edlem je uspokojit r\u016fznorod\u00e9 chut\u011b vaper\u016f.<\/p>\n<p>vapestornado je v\u00e1\u0161 d\u016fv\u011bryhodn\u00fd internetov\u00fd obchod s vapy pro vysoce kvalitn\u00ed jednor\u00e1zov\u00e9 vapy. P\u0159in\u00e1\u0161\u00edme v\u00e1m obl\u00edben\u00e9 zna\u010dky jednor\u00e1zov\u00fdch vap\u016f, jako jsou Waspe Vape, WGA Vape, Fumot RandM Vape, Vozol Vape, Bang Vape atd.<\/p>\n<p>N\u00e1\u0161 sortiment zahrnuje nejobl\u00edben\u011bj\u0161\u00ed jednor\u00e1zov\u00e9 vapy, jako jsou <a href=\"https:\/\/vapestornado.com\/cs\/product\/randm-tornado-30000-puffs-music-rechargeable-disposable-vape-pen-wholesale\/\">Randm Tornado 30000<\/a>, a chu\u0165ov\u011b bohat\u00e9 varianty jako <a href=\"https:\/\/vapestornado.com\/cs\/product\/uwin-crystal-20000-shisha-hookah-20k-puffs-disposable-vape-factory-cheap-price\/\"> Uwin Crystal 20000 pot\u00e1hnut\u00ed<\/a> . Ka\u017ed\u00fd produkt je vyb\u00edr\u00e1n s d\u016frazem na kvalitu, hodnotu a rozmanitost, abychom zajistili, \u017ee najdete to prav\u00e9 pro va\u0161e pot\u0159eby. Objevte v\u00fdjime\u010dn\u00e9 slu\u017eby a \u0161irokou \u0161k\u00e1lu \u0161pi\u010dkov\u00fdch produkt\u016f za velkoobchodn\u00ed ceny na vapestornado.<\/p>\n<\/div>\n<p>&nbsp;<\/p>\n<p><strong>Dal\u0161\u00ed obl\u00edben\u00e9 jednor\u00e1zov\u00e9 vapes<\/strong><\/p>\n<p><a href=\"https:\/\/vapestornado.com\/cs\/product\/fumot-randm-tornado-25000-puffs-touch-disposable-vape-wholesale-online\/\">Fumot 25000 pot\u00e1hnut\u00ed <span style=\"color: #ff0000;\"><strong>&gt;&gt;&gt;&gt; J\u00edt !<\/strong><\/span><\/a><\/p>\n<p><a href=\"https:\/\/vapestornado.com\/cs\/product\/bang-36000-smart-disposable-vape-wholesale-shop-online\/\">Bang 36000 pot\u00e1hnut\u00ed<span style=\"color: #ff0000;\"><strong>&gt;&gt;&gt;&gt; J\u00edt !<\/strong><\/span><\/a><\/p>\n<p><a href=\"https:\/\/vapestornado.com\/cs\/product\/randm-tornado-9000-puffs-rechargeable-disposable-vape-wholesale-online\/\">RandM Torn\u00e1do 9000 <span style=\"color: #ff0000;\"><strong>&gt;&gt;&gt;&gt; J\u00edt !<\/strong><\/span><\/a><\/p>\n<\/div>\n<\/div>\n<\/div>\n<p>&nbsp;<\/p>\n<\/div>\n<\/div>\n<\/div>\n<\/div>\n<\/div>\n<\/div>\n<\/div>\n<\/div>\n<\/div>","protected":false},"excerpt":{"rendered":"<p>Bang King 35000 Puffs Chytr\u00e1 obrazovka velkoobchodn\u00ed jednor\u00e1zov\u00e1<br \/>\nBang King 35000 Puffs jednor\u00e1zov\u00e1 vape hromadn\u00fd n\u00e1kup<br \/>\nBang King Tornado 35000 35K Puffs jednor\u00e1zov\u00e1 vape pen<\/p>\n<p><strong>P\u0159idejte si Amy na WhatsApp pro rychlou odpov\u011b\u010f a kup\u00f3n na vapky!<\/strong><\/p>\n<p><img fetchpriority=\"high\" decoding=\"async\" class=\"size-full wp-image-2932\" src=\"https:\/\/vapestornado.com\/wp-content\/uploads\/2024\/12\/Vape-Wholesale.jpg\" alt=\"Velkoobchod s vape\" width=\"229\" height=\"300\" \/><\/p>\n<h3><a href=\"https:\/\/wa.me\/8617776015835\"><span style=\"color: #ff0000;\"><strong>WhatsApp: +86 17776015835<\/strong><\/span><\/a><\/h3>\n<p>&nbsp;<\/p>","protected":false},"featured_media":3731,"comment_status":"open","ping_status":"closed","template":"","meta":{"_acf_changed":false,"_uag_custom_page_level_css":"","_lmt_disableupdate":"no","_lmt_disable":"","_monsterinsights_skip_tracking":false,"_monsterinsights_sitenote_active":false,"_monsterinsights_sitenote_note":"","_monsterinsights_sitenote_category":0,"site-sidebar-layout":"default","site-content-layout":"","ast-site-content-layout":"default","site-content-style":"default","site-sidebar-style":"default","ast-global-header-display":"","ast-banner-title-visibility":"","ast-main-header-display":"","ast-hfb-above-header-display":"","ast-hfb-below-header-display":"","ast-hfb-mobile-header-display":"","site-post-title":"","ast-breadcrumbs-content":"","ast-featured-img":"","footer-sml-layout":"","ast-disable-related-posts":"","theme-transparent-header-meta":"default","adv-header-id-meta":"","stick-header-meta":"","header-above-stick-meta":"","header-main-stick-meta":"","header-below-stick-meta":"","astra-migrate-meta-layouts":"set","ast-page-background-enabled":"default","ast-page-background-meta":{"desktop":{"background-color":"","background-image":"","background-repeat":"repeat","background-position":"center center","background-size":"auto","background-attachment":"scroll","background-type":"","background-media":"","overlay-type":"","overlay-color":"","overlay-opacity":"","overlay-gradient":""},"tablet":{"background-color":"","background-image":"","background-repeat":"repeat","background-position":"center center","background-size":"auto","background-attachment":"scroll","background-type":"","background-media":"","overlay-type":"","overlay-color":"","overlay-opacity":"","overlay-gradient":""},"mobile":{"background-color":"","background-image":"","background-repeat":"repeat","background-position":"center center","background-size":"auto","background-attachment":"scroll","background-type":"","background-media":"","overlay-type":"","overlay-color":"","overlay-opacity":"","overlay-gradient":""}},"ast-content-background-meta":{"desktop":{"background-color":"var(--ast-global-color-5)","background-image":"","background-repeat":"repeat","background-position":"center center","background-size":"auto","background-attachment":"scroll","background-type":"","background-media":"","overlay-type":"","overlay-color":"","overlay-opacity":"","overlay-gradient":""},"tablet":{"background-color":"var(--ast-global-color-5)","background-image":"","background-repeat":"repeat","background-position":"center center","background-size":"auto","background-attachment":"scroll","background-type":"","background-media":"","overlay-type":"","overlay-color":"","overlay-opacity":"","overlay-gradient":""},"mobile":{"background-color":"var(--ast-global-color-5)","background-image":"","background-repeat":"repeat","background-position":"center center","background-size":"auto","background-attachment":"scroll","background-type":"","background-media":"","overlay-type":"","overlay-color":"","overlay-opacity":"","overlay-gradient":""}},"_joinchat":{"telephone":"+8617776015835"}},"product_brand":[],"product_cat":[175,63,153,155,159,143,146],"product_tag":[196,234,165,198,97,166,94],"class_list":{"0":"post-3726","1":"product","2":"type-product","3":"status-publish","4":"has-post-thumbnail","6":"product_cat-35000-puff","7":"product_cat-bangking","8":"product_cat-buy-disposable-vapes-in-italy","9":"product_cat-buy-disposable-vapes-in-norway","10":"product_cat-buy-disposable-vapes-in-sweden","11":"product_cat-dual-mesh-disposable-vapes","12":"product_cat-rechargeable-disposable-vapes","13":"product_tag-bang-vape","14":"product_tag-bangking-35000","15":"product_tag-cheap-vapes","16":"product_tag-double-flavor-disposable-vape","17":"product_tag-hot-sale-disposable-vape","18":"product_tag-low-nicotine-vape","19":"product_tag-rechargeable-disposable-vape","20":"desktop-align-left","21":"tablet-align-left","22":"mobile-align-left","24":"first","25":"instock","26":"sale","27":"shipping-taxable","28":"purchasable","29":"product-type-simple"},"acf":[],"uagb_featured_image_src":{"full":["https:\/\/vapestornado.com\/wp-content\/uploads\/2025\/01\/Bang-Vape-Bangking-36k-Disposable-Vape-Bulk-Price.webp",800,800,false],"thumbnail":["https:\/\/vapestornado.com\/wp-content\/uploads\/2025\/01\/Bang-Vape-Bangking-36k-Disposable-Vape-Bulk-Price-150x150.webp",150,150,true],"medium":["https:\/\/vapestornado.com\/wp-content\/uploads\/2025\/01\/Bang-Vape-Bangking-36k-Disposable-Vape-Bulk-Price-300x300.webp",300,300,true],"medium_large":["https:\/\/vapestornado.com\/wp-content\/uploads\/2025\/01\/Bang-Vape-Bangking-36k-Disposable-Vape-Bulk-Price-768x768.webp",768,768,true],"large":["https:\/\/vapestornado.com\/wp-content\/uploads\/2025\/01\/Bang-Vape-Bangking-36k-Disposable-Vape-Bulk-Price.webp",800,800,false],"1536x1536":["https:\/\/vapestornado.com\/wp-content\/uploads\/2025\/01\/Bang-Vape-Bangking-36k-Disposable-Vape-Bulk-Price.webp",800,800,false],"2048x2048":["https:\/\/vapestornado.com\/wp-content\/uploads\/2025\/01\/Bang-Vape-Bangking-36k-Disposable-Vape-Bulk-Price.webp",800,800,false],"trp-custom-language-flag":["https:\/\/vapestornado.com\/wp-content\/uploads\/2025\/01\/Bang-Vape-Bangking-36k-Disposable-Vape-Bulk-Price.webp",12,12,false],"woocommerce_thumbnail":["https:\/\/vapestornado.com\/wp-content\/uploads\/2025\/01\/Bang-Vape-Bangking-36k-Disposable-Vape-Bulk-Price-300x300.webp",300,300,true],"woocommerce_single":["https:\/\/vapestornado.com\/wp-content\/uploads\/2025\/01\/Bang-Vape-Bangking-36k-Disposable-Vape-Bulk-Price-600x600.webp",600,600,true],"woocommerce_gallery_thumbnail":["https:\/\/vapestornado.com\/wp-content\/uploads\/2025\/01\/Bang-Vape-Bangking-36k-Disposable-Vape-Bulk-Price-100x100.webp",100,100,true]},"uagb_author_info":{"display_name":"ESAMY","author_link":"https:\/\/vapestornado.com\/cs\/author\/"},"uagb_comment_info":0,"uagb_excerpt":"Bang King 35000 Puffs Smart Screen Wholesale Disposable Bang King 35000 Puffs Disposable Vape Bulk Buy Bang King Tornado 35000 35K Puffs Disposable Vape Pen Add Amy's whatsapp get right reply and vape coupon! WhatsApp: +86 17776015835 &nbsp;","_links":{"self":[{"href":"https:\/\/vapestornado.com\/cs\/wp-json\/wp\/v2\/product\/3726","targetHints":{"allow":["GET"]}}],"collection":[{"href":"https:\/\/vapestornado.com\/cs\/wp-json\/wp\/v2\/product"}],"about":[{"href":"https:\/\/vapestornado.com\/cs\/wp-json\/wp\/v2\/types\/product"}],"replies":[{"embeddable":true,"href":"https:\/\/vapestornado.com\/cs\/wp-json\/wp\/v2\/comments?post=3726"}],"wp:featuredmedia":[{"embeddable":true,"href":"https:\/\/vapestornado.com\/cs\/wp-json\/wp\/v2\/media\/3731"}],"wp:attachment":[{"href":"https:\/\/vapestornado.com\/cs\/wp-json\/wp\/v2\/media?parent=3726"}],"wp:term":[{"taxonomy":"product_brand","embeddable":true,"href":"https:\/\/vapestornado.com\/cs\/wp-json\/wp\/v2\/product_brand?post=3726"},{"taxonomy":"product_cat","embeddable":true,"href":"https:\/\/vapestornado.com\/cs\/wp-json\/wp\/v2\/product_cat?post=3726"},{"taxonomy":"product_tag","embeddable":true,"href":"https:\/\/vapestornado.com\/cs\/wp-json\/wp\/v2\/product_tag?post=3726"}],"curies":[{"name":"wp","href":"https:\/\/api.w.org\/{rel}","templated":true}]}}