{"id":3724,"date":"2025-01-11T02:00:22","date_gmt":"2025-01-11T02:00:22","guid":{"rendered":"https:\/\/vapestornado.com\/?post_type=product&#038;p=3724"},"modified":"2025-08-23T12:33:40","modified_gmt":"2025-08-23T12:33:40","slug":"uwin-crystal-20000-shisha-hookah-20k-puffs-disposable-vape-factory-cheap-price","status":"publish","type":"product","link":"https:\/\/vapestornado.com\/cs\/product\/uwin-crystal-20000-shisha-hookah-20k-puffs-disposable-vape-factory-cheap-price\/","title":{"rendered":"Uwin Crystal 20000 \u0160i\u0161a vodn\u00ed d\u00fdmka 20K \u0160luk\u016f jednor\u00e1zov\u00fd vape tov\u00e1rna levn\u00e1 cena"},"content":{"rendered":"<h1 class=\"product-title\">Uwin Crystal 20000 \u0160i\u0161a vodn\u00ed d\u00fdmka 20K \u0160luk\u016f jednor\u00e1zov\u00fd vape tov\u00e1rna levn\u00e1 cena<\/h1>\n<p>Ten <strong>Uwin Crystal 20000<\/strong> Puffs je va\u0161e dokonal\u00e9 \u0159e\u0161en\u00ed pro vaping, kter\u00e9 nab\u00edz\u00ed neuv\u011b\u0159iteln\u00fd v\u00fdkon, dostupnost a rozmanitost. S elegantn\u00edm <strong>k\u0159i\u0161\u0165\u00e1lov\u00e9m designu<\/strong> a <strong>tov\u00e1rn\u00ed n\u00edzk\u00e1 cena<\/strong>, tento <strong>jednor\u00e1zov\u00e1 vapa<\/strong> je ide\u00e1ln\u00ed pro ty, kte\u0159\u00ed hledaj\u00ed pr\u00e9miovou kvalitu za cenu \u0161etrnou k rozpo\u010dtu. Z\u00edskejte <strong>20 000 pot\u00e1hnut\u00ed<\/strong> na za\u0159\u00edzen\u00ed, co\u017e zaji\u0161\u0165uje dlouhodobou spokojenost bez nutnosti \u010dast\u00fdch v\u00fdm\u011bn. Ide\u00e1ln\u00ed pro u\u017eivatele, kte\u0159\u00ed cht\u011bj\u00ed maxim\u00e1ln\u00ed hodnotu a minim\u00e1ln\u00ed \u00fasil\u00ed.<\/p>\n<p>Hled\u00e1te <strong>levn\u00fdmi vape<\/strong> s prvot\u0159\u00eddn\u00ed kvalitou? Uwin Shisha Hookah 20K je k dispozici za <strong>p\u0159\u00edm\u00e9 tov\u00e1rn\u00ed ceny<\/strong>, co\u017e z n\u011bj \u010din\u00ed skv\u011blou volbu pro velkoobchodn\u00edky i jednotliv\u00e9 kupuj\u00edc\u00ed. Pokro\u010dil\u00e1 <strong>0,8\u03a9 mesh spir\u00e1lka<\/strong> zaru\u010duje chu\u0165ov\u011b bohat\u00fd a hladk\u00fd z\u00e1\u017eitek z vapingu. V kombinaci s 12 mo\u017enostmi p\u0159\u00edchut\u00ed je ide\u00e1ln\u00ed pro milovn\u00edky chut\u00ed.<\/p>\n<p>Vyberte si ide\u00e1ln\u00ed s\u00edlu nikotinu, Uwin Crystal 20000 se dod\u00e1v\u00e1 s mo\u017enostmi nikotinu v rozmez\u00ed od <strong>0%, 2% a 5%<\/strong>, d\u00edky \u010demu\u017e je toto za\u0159\u00edzen\u00ed univerz\u00e1ln\u00ed pro ka\u017ed\u00e9ho vapera. Jeho p\u0159enosn\u00fd a ergonomick\u00fd <strong>k\u0159i\u0161\u0165\u00e1lov\u00e9m designu<\/strong> je ide\u00e1ln\u00ed pro u\u017eivatele, kte\u0159\u00ed si cen\u00ed formu i funkci, co\u017e z n\u011bj \u010din\u00ed jeden z <strong>nejobl\u00edben\u011bj\u0161\u00edch jednor\u00e1zov\u00fdch vap\u016f<\/strong> dnes. Z\u00edskejte sv\u016fj <strong>Uwin Crystal 20000 potah\u016f Shisha vodn\u00ed d\u00fdmka <\/strong>\u00a0dnes a u\u017eijte si dokonalou kombinaci stylu, chuti a hodnoty!<\/p>\n<p><span style=\"color: #ff0000;\"><strong>P\u0159idejte si Amyin Whatsapp, z\u00edskejte okam\u017eitou odpov\u011b\u010f a kup\u00f3n na vape!<\/strong><\/span><\/p>\n<p><img fetchpriority=\"high\" decoding=\"async\" class=\"size-full wp-image-2932\" src=\"https:\/\/vapestornado.com\/wp-content\/uploads\/2024\/12\/Vape-Wholesale.jpg\" alt=\"Velkoobchod s vape\" width=\"229\" height=\"300\" \/><\/p>\n<h3><a href=\"https:\/\/wa.me\/8617776015835\" target=\"_blank\" rel=\"noopener\"><span style=\"color: #ff0000;\"><strong>WhatsApp: +86 17776015835<\/strong><\/span><\/a><\/h3>\n<p>&nbsp;<\/p>\n<h2 class=\"product-title\"><strong>Vlastnosti produktu Uwin Crystal 20000<\/strong><\/h2>\n<div role=\"article\" data-tabster=\"{&quot;groupper&quot;:{&quot;tabbability&quot;:2},&quot;focusable&quot;:{}}\" data-content=\"ai-message\" aria-labelledby=\"juhNTJ6o7Gk1cgwZMJgv2-author juhNTJ6o7Gk1cgwZMJgv2-content\">\n<div id=\"juhNTJ6o7Gk1cgwZMJgv2-content\">\n<div role=\"article\" data-tabster=\"{&quot;groupper&quot;:{&quot;tabbability&quot;:2},&quot;focusable&quot;:{}}\" data-content=\"ai-message\" aria-labelledby=\"x4EZuCZWrTbh3weWUt7CU-author x4EZuCZWrTbh3weWUt7CU-content\">\n<div id=\"x4EZuCZWrTbh3weWUt7CU-content\">\n<div class=\"flex max-w-full flex-col flex-grow\">\n<div class=\"min-h-8 text-message flex w-full flex-col items-end gap-2 whitespace-normal break-words text-start [.text-message+&amp;]:mt-5\" dir=\"auto\" data-message-author-role=\"assistant\" data-message-id=\"52c6e00a-252f-4104-805d-2f1a84739c71\" data-message-model-slug=\"gpt-4o\">\n<div class=\"flex w-full flex-col gap-1 empty:hidden first:pt-[3px]\">\n<div class=\"markdown prose w-full break-words dark:prose-invert light\">\n<div class=\"flex max-w-full flex-col flex-grow\">\n<div class=\"min-h-8 text-message flex w-full flex-col items-end gap-2 whitespace-normal break-words text-start [.text-message+&amp;]:mt-5\" dir=\"auto\" data-message-author-role=\"assistant\" data-message-id=\"3c321776-aace-4a97-95f3-35c104de1c0a\" data-message-model-slug=\"gpt-4o\">\n<div class=\"flex w-full flex-col gap-1 empty:hidden first:pt-[3px]\">\n<div class=\"markdown prose w-full break-words dark:prose-invert light\">\n<h3><\/h3>\n<ol>\n<li><strong>Vysok\u00fd po\u010det potah\u016f<\/strong>: Poskytuje a\u017e 20 000 pot\u00e1hnut\u00ed pro del\u0161\u00ed pou\u017e\u00edv\u00e1n\u00ed.<\/li>\n<li><strong>Mo\u017enosti nikotinu<\/strong>: K dispozici v \u00farovn\u00edch nikotinu 0%, 2%, 3% a 5%.<\/li>\n<li><strong>K\u0159i\u0161\u0165\u00e1lov\u00fd design<\/strong>: Stylov\u00e1, lehk\u00e1 a p\u0159enosn\u00e1 ergonomick\u00e1 konstrukce.<\/li>\n<li><strong>Technologie Mesh Coil<\/strong>: 0,8\u03a9 mesh coil zaji\u0161\u0165uje hladkou p\u00e1ru a bohatou chu\u0165.<\/li>\n<li><strong>Rozmanitost p\u0159\u00edchut\u00ed<\/strong>: Nab\u00edz\u00ed 12 jedine\u010dn\u00fdch p\u0159\u00edchut\u00ed, kter\u00e9 uspokoj\u00ed r\u016fzn\u00e9 chut\u011b.<\/li>\n<li><strong>Velk\u00e1 kapacita e-liquidu<\/strong>: 22ml p\u0159edpln\u011bn\u00e1 e-liquid sni\u017euje \u010dast\u00e9 dopl\u0148ov\u00e1n\u00ed.<\/li>\n<li><strong>Dob\u00edjec\u00ed baterie<\/strong>: 650mAh kobaltov\u00e1 baterie s rychl\u00fdm nab\u00edjen\u00edm Type-C.<\/li>\n<li><strong>Dostupn\u00e9 velkoobchodn\u00ed ceny<\/strong>: Ide\u00e1ln\u00ed pro hromadn\u00e9 n\u00e1kupy s velkou hodnotou.<\/li>\n<\/ol>\n<\/div>\n<\/div>\n<\/div>\n<\/div>\n<div class=\"mb-2 flex gap-3 empty:hidden -ml-2\">\n<div class=\"items-center justify-start rounded-xl p-1 flex\"><\/div>\n<\/div>\n<\/div>\n<\/div>\n<\/div>\n<\/div>\n<div class=\"mb-2 flex gap-3 empty:hidden -ml-2\">\n<figure id=\"attachment_3719\" aria-describedby=\"caption-attachment-3719\" style=\"width: 800px\" class=\"wp-caption alignnone\"><img decoding=\"async\" class=\"wp-image-3719 size-full\" src=\"https:\/\/vapestornado.com\/wp-content\/uploads\/2025\/01\/Hookah-Shisha-20k-20000-Puffs-E-Disposable-Vape.webp\" alt=\"Hookah Shisha 20k 20000 pot\u00e1hnut\u00ed Jednor\u00e1zov\u00e1 elektronick\u00e1 cigareta\" width=\"800\" height=\"800\" srcset=\"https:\/\/vapestornado.com\/wp-content\/uploads\/2025\/01\/Hookah-Shisha-20k-20000-Puffs-E-Disposable-Vape.webp 800w, https:\/\/vapestornado.com\/wp-content\/uploads\/2025\/01\/Hookah-Shisha-20k-20000-Puffs-E-Disposable-Vape-300x300.webp 300w, https:\/\/vapestornado.com\/wp-content\/uploads\/2025\/01\/Hookah-Shisha-20k-20000-Puffs-E-Disposable-Vape-150x150.webp 150w, https:\/\/vapestornado.com\/wp-content\/uploads\/2025\/01\/Hookah-Shisha-20k-20000-Puffs-E-Disposable-Vape-768x768.webp 768w, https:\/\/vapestornado.com\/wp-content\/uploads\/2025\/01\/Hookah-Shisha-20k-20000-Puffs-E-Disposable-Vape-600x600.webp 600w, https:\/\/vapestornado.com\/wp-content\/uploads\/2025\/01\/Hookah-Shisha-20k-20000-Puffs-E-Disposable-Vape-100x100.webp 100w\" sizes=\"(max-width: 800px) 100vw, 800px\" \/><figcaption id=\"caption-attachment-3719\" class=\"wp-caption-text\">Hookah Shisha 20k 20000 pot\u00e1hnut\u00ed Jednor\u00e1zov\u00e1 elektronick\u00e1 cigareta<\/figcaption><\/figure>\n<\/div>\n<\/div>\n<\/div>\n<\/div>\n<\/div>\n<h2 class=\"product-title\"><strong>Obl\u00edben\u00e1 p\u0159\u00edchu\u0165 pro Uwin Crystal 20k<\/strong><strong>\u00a0<\/strong><strong>Jednor\u00e1zov\u00e9 vaporiz\u00e9ry<\/strong><\/h2>\n<p>Uwin Crystal 20000 nab\u00edz\u00ed p\u016fsobiv\u00fd v\u00fdb\u011br 12 r\u016fzn\u00fdch p\u0159\u00edchut\u00ed, kter\u00e9 uspokoj\u00ed ka\u017edou chu\u0165. Jak\u00e9 jsou nejobl\u00edben\u011bj\u0161\u00ed p\u0159\u00edchut\u011b pro Uwin Crystal 20k? Ka\u017ed\u00e1 p\u0159\u00edchu\u0165 poskytuje jedine\u010dn\u00fd z\u00e1\u017eitek z vapingu, ale Mixed Berries a Lemon Mint se trvale \u0159ad\u00ed mezi nejlep\u0161\u00ed volby pro sv\u00e9 \u017eiv\u00e9, vyv\u00e1\u017een\u00e9 a uspokojiv\u00e9 profily. D\u00edky t\u011bmto p\u0159\u00edchut\u00edm je Uwin Crystal 20000 v\u00fdjime\u010dn\u00fd ve sv\u011bt\u011b jednor\u00e1zov\u00fdch elektronick\u00fdch cigaret. Prozkoumejte v\u0161ech 12 p\u0159\u00edchut\u00ed a najd\u011bte si svou obl\u00edbenou je\u0161t\u011b dnes!<\/p>\n<ol>\n<li>Meloun<\/li>\n<li>Mangov\u00e9 ledov\u00e9<\/li>\n<li>Bor\u016fvka Malina <span style=\"color: #ff0000;\"><strong>&gt;&gt;&gt;&gt; \u017dhav\u00e9 !<\/strong><\/span><\/li>\n<li>Hroznov\u00e1 m\u00e1ta<\/li>\n<li>Mu\u010denka<\/li>\n<li>Jahoda a kiwi<\/li>\n<li>Dvojit\u00e1 Jablko<\/li>\n<li>Broskvov\u00fd led<\/li>\n<li>Ananas Kokos<\/li>\n<li>Mix bobul\u00ed<span style=\"color: #ff0000;\"><strong>&gt;&gt;&gt;&gt; Nejlep\u0161\u00ed !<\/strong><\/span><\/li>\n<li>Citr\u00f3n a m\u00e1ta <span style=\"color: #ff0000;\"><strong>&gt;&gt;&gt;&gt; \u017dhav\u00e9 !<\/strong><\/span><\/li>\n<li>Pomeran\u010dov\u00e1 Drti\u010d<\/li>\n<\/ol>\n<div class=\"flex-shrink-0 flex flex-col relative items-end\">\n<div class=\"pt-0\">\n<div class=\"gizmo-bot-avatar flex h-8 w-8 items-center justify-center overflow-hidden rounded-full\">\n<div class=\"relative p-1 rounded-sm flex items-center justify-center bg-token-main-surface-primary text-token-text-primary h-8 w-8\">\n<h3>\u010cASTO KLADEN\u00c9 DOTAZY pro Uwin Crystal 20000 Shisha Vodn\u00ed d\u00fdmka Dob\u00edjec\u00ed<strong>\u00a0<\/strong>Jednor\u00e1zov\u00e1 vapka<\/h3>\n<h3><\/h3>\n<h4><strong>1. Pro\u010d si vybrat Uwin Shisha Vodn\u00ed d\u00fdmku 20K?<\/strong><\/h4>\n<p>S <strong>20 000 pot\u00e1hnut\u00ed<\/strong>, nastaviteln\u00e9 \u00farovn\u011b nikotinu a elegantn\u00ed k\u0159i\u0161\u0165\u00e1lov\u00fd design, toto za\u0159\u00edzen\u00ed je praktick\u00e9 i stylov\u00e9.<\/p>\n<h4><strong>2. Je tato vapka cenov\u011b dostupn\u00e1?<\/strong><\/h4>\n<p>Ano! Je k dispozici za <strong>levn\u00e9 tov\u00e1rn\u00ed ceny<\/strong>, ide\u00e1ln\u00ed pro ty, kte\u0159\u00ed hledaj\u00ed <strong>levn\u00fdmi vape<\/strong> ani\u017e by ob\u011btovali kvalitu.<\/p>\n<h4><strong>3. Jak\u00e9 p\u0159\u00edchut\u011b jsou k dispozici?<\/strong><\/h4>\n<p>Uwin Shisha Hookah 20K nab\u00edz\u00ed 12 jedine\u010dn\u00fdch p\u0159\u00edchut\u00ed, jako nap\u0159\u00edklad <strong>Mangov\u00e9 ledov\u00e9<\/strong>, <strong>Broskvov\u00fd led<\/strong>, a <strong>R\u016f\u017eov\u00e1 limon\u00e1da<\/strong>.<\/p>\n<h4><strong>4. Pro koho je toto za\u0159\u00edzen\u00ed ide\u00e1ln\u00ed?<\/strong><\/h4>\n<p>Je ide\u00e1ln\u00ed pro v\u0161echny u\u017eivatele, od p\u0159\u00edle\u017eitostn\u00fdch vaper\u016f po zku\u0161en\u00e9 nad\u0161ence, a to d\u00edky vysok\u00e9mu po\u010dtu pot\u00e1hnut\u00ed, \u0161irok\u00e9 \u0161k\u00e1le p\u0159\u00edchut\u00ed a dostupn\u00e9 cen\u011b.<\/p>\n<h4><strong>5. Kde koupit jednor\u00e1zov\u00e9 vapy, jako je tento?<\/strong><\/h4>\n<p>Nakupujte na <strong><a href=\"https:\/\/vapestornado.com\/cs\/\" target=\"_new\" rel=\"noopener\">internetov\u00fd obchod s vape Tornado<\/a><\/strong>, jednom z <strong>nejobl\u00edben\u011bj\u0161\u00edch web\u016f s jednor\u00e1zov\u00fdmi vapy<\/strong>, abyste z\u00edskali nejlep\u0161\u00ed nab\u00eddky na Uwin Shisha Hookah 20K.<\/p>\n<div class=\"flex max-w-full flex-col flex-grow\">\n<div class=\"min-h-8 text-message flex w-full flex-col items-end gap-2 whitespace-normal break-words text-start [.text-message+&amp;]:mt-5\" dir=\"auto\" data-message-author-role=\"assistant\" data-message-id=\"4dc48248-df95-45bd-b800-6dedb43cf7f1\" data-message-model-slug=\"gpt-4o\">\n<div class=\"flex w-full flex-col gap-1 empty:hidden first:pt-[3px]\"><\/div>\n<\/div>\n<\/div>\n<\/div>\n<\/div>\n<\/div>\n<\/div>\n<div class=\"flex-shrink-0 flex flex-col relative items-end\">\n<div class=\"pt-0\">\n<div class=\"gizmo-bot-avatar flex h-8 w-8 items-center justify-center overflow-hidden rounded-full\">\n<div class=\"relative p-1 rounded-sm flex items-center justify-center bg-token-main-surface-primary text-token-text-primary h-8 w-8\">\n<div class=\"mb-2 flex gap-3 empty:hidden -ml-2\">\n<div role=\"article\" data-tabster=\"{&quot;groupper&quot;:{&quot;tabbability&quot;:2},&quot;focusable&quot;:{}}\" data-content=\"ai-message\" aria-labelledby=\"Vdt5ez4X7Tg813x6rFVha-author Vdt5ez4X7Tg813x6rFVha-content\">\n<div id=\"Vdt5ez4X7Tg813x6rFVha-content\">\n<div role=\"article\" data-tabster=\"{&quot;groupper&quot;:{&quot;tabbability&quot;:2},&quot;focusable&quot;:{}}\" data-content=\"ai-message\" aria-labelledby=\"o968oC7CEo2fGHsGdsRYC-author o968oC7CEo2fGHsGdsRYC-content\">\n<div id=\"o968oC7CEo2fGHsGdsRYC-content\">\n<h3>Pro\u010d si vybrat vapestornado pro velkoobchodn\u00ed prodej jednor\u00e1zov\u00fdch vap\u016f Uwin Crystal 20000 Shisha Hookah?<\/h3>\n<div class=\"flex-shrink-0 flex flex-col relative items-end\">\n<div class=\"pt-0\">\n<div class=\"gizmo-bot-avatar flex h-8 w-8 items-center justify-center overflow-hidden rounded-full\">\n<div class=\"relative p-1 rounded-sm flex items-center justify-center bg-token-main-surface-primary text-token-text-primary h-8 w-8\">\n<p>V rostouc\u00ed konkurenci v odv\u011btv\u00ed jednor\u00e1zov\u00fdch vap\u016f je vapestornado p\u0159edn\u00ed glob\u00e1ln\u00ed platformou pro velkoobchodn\u00ed \u0159e\u0161en\u00ed elektronick\u00fdch cigaret a p\u0159edstavila pr\u016flomov\u00fd jednor\u00e1zov\u00fd vape Uwin Shisha Hookah Crystal 20000 Puffs. D\u00edky sv\u00e9mu poutav\u00e9mu k\u0159i\u0161\u0165\u00e1lov\u00e9mu designu a multifunk\u010dn\u00edm funkc\u00edm tento inovativn\u00ed produkt hladce spojuje styl s funk\u010dnost\u00ed. Nab\u00edz\u00ed \u0161irok\u00fd v\u00fdb\u011br ovocn\u00fdch p\u0159\u00edchut\u00ed a jeho c\u00edlem je uspokojit rozmanit\u00e9 chut\u011b vaper\u016f.<\/p>\n<p>vapestornado je v\u00e1\u0161 d\u016fv\u011bryhodn\u00fd online vape obchod pro vysoce kvalitn\u00ed jednor\u00e1zov\u00e9 vapy. S v\u00edce ne\u017e 5 lety zku\u0161enost\u00ed v\u00e1m p\u0159in\u00e1\u0161\u00edme \u017ehav\u00e9 zna\u010dky jednor\u00e1zov\u00fdch vap\u016f, jako jsou Waspe Vape a WGA Vape, Fumot RandM Vape, Vozol Vape, Bang Vape atd.<\/p>\n<p>N\u00e1\u0161 sortiment zahrnuje nejobl\u00edben\u011bj\u0161\u00ed jednor\u00e1zov\u00e9 vapy, jako jsou <a href=\"https:\/\/vapestornado.com\/cs\/product\/vapsolo-viking-12000-puffs-2-5-low-nicotine-bulk-buy-rechargeable-disposable-vapes-pen-wholesale-price\/\">VapSolo Viking 12000<\/a>, a chu\u0165ov\u011b bohat\u00e9 varianty jako <a href=\"https:\/\/vapestornado.com\/cs\/product\/uwin-crystal-10000-puffs-wholesale-disposable-vape-puff-10k-low-nicotine-rechargeable-vapes-pen-bulk-buy-wholesalepuffs-disposable-vape-wholesale-price-copy\/\"> Uwin Crystal 10000 Puch\u00fd\u0159\u016f<\/a> . Ka\u017ed\u00fd produkt je vyb\u00edr\u00e1n s d\u016frazem na kvalitu, hodnotu a rozmanitost, abychom zajistili, \u017ee najdete to prav\u00e9 pro va\u0161e pot\u0159eby. Objevte v\u00fdjime\u010dn\u00e9 slu\u017eby a \u0161irokou \u0161k\u00e1lu \u0161pi\u010dkov\u00fdch produkt\u016f za velkoobchodn\u00ed ceny na vapestornado.<\/p>\n<\/div>\n<p>&nbsp;<\/p>\n<p><strong>Dal\u0161\u00ed obl\u00edben\u00e9 jednor\u00e1zov\u00e9 vapes<\/strong><\/p>\n<p><a href=\"https:\/\/vapestornado.com\/cs\/product\/china-factory-vapsolo-super-15000-puffs-disposable-wholesale-price-disposable-vape-rechargeable-disposable-vapes-pen-bulk-buy-wholesale\/\">Vapsolo Super 15000 potah\u016f <span style=\"color: #ff0000;\"><strong>&gt;&gt;&gt;&gt; J\u00edt !<\/strong><\/span><\/a><\/p>\n<p><a href=\"https:\/\/vapestornado.com\/cs\/product\/jnr-falcon-x-18000-puffs-disposable-vape-wholesale-price\/\">JNR Falcon X 18000 Puffs<span style=\"color: #ff0000;\"><strong>&gt;&gt;&gt;&gt; J\u00edt !<\/strong><\/span><\/a><\/p>\n<p><a href=\"https:\/\/vapestornado.com\/cs\/product\/tornado-vape-uwin-35000-puff-35k-music-wholesale-price\/\">Tornado Vape Uwin 35000 <span style=\"color: #ff0000;\"><strong>&gt;&gt;&gt;&gt; J\u00edt !<\/strong><\/span><\/a><\/p>\n<\/div>\n<\/div>\n<\/div>\n<p>&nbsp;<\/p>\n<\/div>\n<\/div>\n<\/div>\n<\/div>\n<\/div>\n<\/div>\n<\/div>\n<\/div>\n<\/div>","protected":false},"excerpt":{"rendered":"<p>Nejlep\u0161\u00ed jednor\u00e1zov\u00e1 e-cigareta Uwin Shisha Hookah Crystal 20000 pot\u00e1hnut\u00ed<br \/>\nUwin Crystal 20 tis\u00edc pot\u00e1hnut\u00ed Jednor\u00e1zov\u00e1 vodn\u00ed d\u00fdmka Velkoobchodn\u00ed cena<br \/>\nUwin crystal 20000 pot\u00e1hnut\u00ed Levn\u00e1 cena Velkoobchodn\u00ed dodavatel<\/p>\n<p><strong>P\u0159idejte si Amy na WhatsApp pro rychlou odpov\u011b\u010f a kup\u00f3n na vapky!<\/strong><\/p>\n<p><img fetchpriority=\"high\" decoding=\"async\" class=\"size-full wp-image-2932\" src=\"https:\/\/vapestornado.com\/wp-content\/uploads\/2024\/12\/Vape-Wholesale.jpg\" alt=\"Velkoobchod s vape\" width=\"229\" height=\"300\" \/><\/p>\n<h3><a href=\"https:\/\/wa.me\/8617776015835\"><span style=\"color: #ff0000;\"><strong>WhatsApp: +86 17776015835<\/strong><\/span><\/a><\/h3>\n<p>&nbsp;<\/p>","protected":false},"featured_media":3723,"comment_status":"open","ping_status":"closed","template":"","meta":{"_acf_changed":false,"_uag_custom_page_level_css":"","_lmt_disableupdate":"no","_lmt_disable":"","_monsterinsights_skip_tracking":false,"_monsterinsights_sitenote_active":false,"_monsterinsights_sitenote_note":"","_monsterinsights_sitenote_category":0,"site-sidebar-layout":"default","site-content-layout":"","ast-site-content-layout":"default","site-content-style":"default","site-sidebar-style":"default","ast-global-header-display":"","ast-banner-title-visibility":"","ast-main-header-display":"","ast-hfb-above-header-display":"","ast-hfb-below-header-display":"","ast-hfb-mobile-header-display":"","site-post-title":"","ast-breadcrumbs-content":"","ast-featured-img":"","footer-sml-layout":"","ast-disable-related-posts":"","theme-transparent-header-meta":"default","adv-header-id-meta":"","stick-header-meta":"","header-above-stick-meta":"","header-main-stick-meta":"","header-below-stick-meta":"","astra-migrate-meta-layouts":"set","ast-page-background-enabled":"default","ast-page-background-meta":{"desktop":{"background-color":"","background-image":"","background-repeat":"repeat","background-position":"center center","background-size":"auto","background-attachment":"scroll","background-type":"","background-media":"","overlay-type":"","overlay-color":"","overlay-opacity":"","overlay-gradient":""},"tablet":{"background-color":"","background-image":"","background-repeat":"repeat","background-position":"center center","background-size":"auto","background-attachment":"scroll","background-type":"","background-media":"","overlay-type":"","overlay-color":"","overlay-opacity":"","overlay-gradient":""},"mobile":{"background-color":"","background-image":"","background-repeat":"repeat","background-position":"center center","background-size":"auto","background-attachment":"scroll","background-type":"","background-media":"","overlay-type":"","overlay-color":"","overlay-opacity":"","overlay-gradient":""}},"ast-content-background-meta":{"desktop":{"background-color":"var(--ast-global-color-5)","background-image":"","background-repeat":"repeat","background-position":"center center","background-size":"auto","background-attachment":"scroll","background-type":"","background-media":"","overlay-type":"","overlay-color":"","overlay-opacity":"","overlay-gradient":""},"tablet":{"background-color":"var(--ast-global-color-5)","background-image":"","background-repeat":"repeat","background-position":"center center","background-size":"auto","background-attachment":"scroll","background-type":"","background-media":"","overlay-type":"","overlay-color":"","overlay-opacity":"","overlay-gradient":""},"mobile":{"background-color":"var(--ast-global-color-5)","background-image":"","background-repeat":"repeat","background-position":"center center","background-size":"auto","background-attachment":"scroll","background-type":"","background-media":"","overlay-type":"","overlay-color":"","overlay-opacity":"","overlay-gradient":""}},"_joinchat":{"telephone":"+8617776015835"}},"product_brand":[],"product_cat":[69,157,141,143,147,233],"product_tag":[165,120,97,166,94,232],"class_list":{"0":"post-3724","1":"product","2":"type-product","3":"status-publish","4":"has-post-thumbnail","6":"product_cat-20000-puff","7":"product_cat-buy-disposable-vapes-in-portugal","8":"product_cat-crystal-disposable-vapes","9":"product_cat-dual-mesh-disposable-vapes","10":"product_cat-shisha-hookah-disposable-vapes","11":"product_cat-uwin-vape","12":"product_tag-cheap-vapes","13":"product_tag-crystal-vape","14":"product_tag-hot-sale-disposable-vape","15":"product_tag-low-nicotine-vape","16":"product_tag-rechargeable-disposable-vape","17":"product_tag-uwin-crystal-20000","18":"desktop-align-left","19":"tablet-align-left","20":"mobile-align-left","22":"first","23":"instock","24":"sale","25":"shipping-taxable","26":"purchasable","27":"product-type-simple"},"acf":[],"uagb_featured_image_src":{"full":["https:\/\/vapestornado.com\/wp-content\/uploads\/2025\/01\/Uwin-Shisha-Hookah-Crystal-20000-Puffs-Disposable-Vape.webp",800,800,false],"thumbnail":["https:\/\/vapestornado.com\/wp-content\/uploads\/2025\/01\/Uwin-Shisha-Hookah-Crystal-20000-Puffs-Disposable-Vape-150x150.webp",150,150,true],"medium":["https:\/\/vapestornado.com\/wp-content\/uploads\/2025\/01\/Uwin-Shisha-Hookah-Crystal-20000-Puffs-Disposable-Vape-300x300.webp",300,300,true],"medium_large":["https:\/\/vapestornado.com\/wp-content\/uploads\/2025\/01\/Uwin-Shisha-Hookah-Crystal-20000-Puffs-Disposable-Vape-768x768.webp",768,768,true],"large":["https:\/\/vapestornado.com\/wp-content\/uploads\/2025\/01\/Uwin-Shisha-Hookah-Crystal-20000-Puffs-Disposable-Vape.webp",800,800,false],"1536x1536":["https:\/\/vapestornado.com\/wp-content\/uploads\/2025\/01\/Uwin-Shisha-Hookah-Crystal-20000-Puffs-Disposable-Vape.webp",800,800,false],"2048x2048":["https:\/\/vapestornado.com\/wp-content\/uploads\/2025\/01\/Uwin-Shisha-Hookah-Crystal-20000-Puffs-Disposable-Vape.webp",800,800,false],"trp-custom-language-flag":["https:\/\/vapestornado.com\/wp-content\/uploads\/2025\/01\/Uwin-Shisha-Hookah-Crystal-20000-Puffs-Disposable-Vape.webp",12,12,false],"woocommerce_thumbnail":["https:\/\/vapestornado.com\/wp-content\/uploads\/2025\/01\/Uwin-Shisha-Hookah-Crystal-20000-Puffs-Disposable-Vape-300x300.webp",300,300,true],"woocommerce_single":["https:\/\/vapestornado.com\/wp-content\/uploads\/2025\/01\/Uwin-Shisha-Hookah-Crystal-20000-Puffs-Disposable-Vape-600x600.webp",600,600,true],"woocommerce_gallery_thumbnail":["https:\/\/vapestornado.com\/wp-content\/uploads\/2025\/01\/Uwin-Shisha-Hookah-Crystal-20000-Puffs-Disposable-Vape-100x100.webp",100,100,true]},"uagb_author_info":{"display_name":"ESAMY","author_link":"https:\/\/vapestornado.com\/cs\/author\/"},"uagb_comment_info":0,"uagb_excerpt":"Best Uwin Shisha Hookah Crystal 20000 Puffs Disposable Vape Uwin Crystal 20k Puff Disoisable Shisha Hookah Bulk Price Uwin crystal 20000 Puffs Cheap Price Wholesale Supplier Add Amy's whatsapp get right reply and vape coupon! WhatsApp: +86 17776015835 &nbsp;","_links":{"self":[{"href":"https:\/\/vapestornado.com\/cs\/wp-json\/wp\/v2\/product\/3724","targetHints":{"allow":["GET"]}}],"collection":[{"href":"https:\/\/vapestornado.com\/cs\/wp-json\/wp\/v2\/product"}],"about":[{"href":"https:\/\/vapestornado.com\/cs\/wp-json\/wp\/v2\/types\/product"}],"replies":[{"embeddable":true,"href":"https:\/\/vapestornado.com\/cs\/wp-json\/wp\/v2\/comments?post=3724"}],"wp:featuredmedia":[{"embeddable":true,"href":"https:\/\/vapestornado.com\/cs\/wp-json\/wp\/v2\/media\/3723"}],"wp:attachment":[{"href":"https:\/\/vapestornado.com\/cs\/wp-json\/wp\/v2\/media?parent=3724"}],"wp:term":[{"taxonomy":"product_brand","embeddable":true,"href":"https:\/\/vapestornado.com\/cs\/wp-json\/wp\/v2\/product_brand?post=3724"},{"taxonomy":"product_cat","embeddable":true,"href":"https:\/\/vapestornado.com\/cs\/wp-json\/wp\/v2\/product_cat?post=3724"},{"taxonomy":"product_tag","embeddable":true,"href":"https:\/\/vapestornado.com\/cs\/wp-json\/wp\/v2\/product_tag?post=3724"}],"curies":[{"name":"wp","href":"https:\/\/api.w.org\/{rel}","templated":true}]}}