{"id":3716,"date":"2025-01-08T09:49:40","date_gmt":"2025-01-08T09:49:40","guid":{"rendered":"https:\/\/vapestornado.com\/?post_type=product&#038;p=3716"},"modified":"2025-08-23T09:33:37","modified_gmt":"2025-08-23T09:33:37","slug":"bood-twins-46000-puff-display-disposable-vape-cheap-price","status":"publish","type":"product","link":"https:\/\/vapestornado.com\/cs\/product\/bood-twins-46000-puff-display-disposable-vape-cheap-price\/","title":{"rendered":"Bood Twins 46000 Puffs s displejem, jednor\u00e1zov\u00fd vape, levn\u00e1 cena"},"content":{"rendered":"<h1>Bood Twins 46000 Puffs s displejem, jednor\u00e1zov\u00fd vape, levn\u00e1 cena<\/h1>\n<p>&nbsp;<\/p>\n<div role=\"article\" data-tabster=\"{&quot;groupper&quot;:{&quot;tabbability&quot;:2},&quot;focusable&quot;:{}}\" data-content=\"ai-message\" aria-labelledby=\"64JRvXrTnY7mRmPkEQLLT-author 64JRvXrTnY7mRmPkEQLLT-content\">\n<div id=\"64JRvXrTnY7mRmPkEQLLT-content\">\n<p>Ten <strong data-start=\"341\" data-end=\"383\">Bood Twins 46000 pot\u00e1hnut\u00ed Jednor\u00e1zov\u00e1 elektronick\u00e1 cigareta<\/strong> je navr\u017eena pro kapacitu, v\u00fdkon a univerz\u00e1lnost. S a\u017e <strong data-start=\"448\" data-end=\"464\">46 000 pot\u00e1hnut\u00ed<\/strong> a <strong data-start=\"471\" data-end=\"493\">syst\u00e9mem du\u00e1ln\u00ed chuti<\/strong>, umo\u017e\u0148uje u\u017eivatel\u016fm p\u0159ep\u00ednat mezi dv\u011bma sm\u011bsmi v jednom za\u0159\u00edzen\u00ed, co\u017e poskytuje rozmanitost a dlouhotrvaj\u00edc\u00ed po\u017eitek<\/p>\n<p>Je vybaveno <strong>pokro\u010dil\u00e1 mesh c\u00edvka<\/strong>, Bood Twins poskytuje konzistentn\u00ed, hladkou a chutnou p\u00e1ru s ka\u017ed\u00fdm pot\u00e1hnut\u00edm. Jeho <strong>elegantn\u00ed celoobrazovkov\u00fd displej<\/strong> dod\u00e1v\u00e1 n\u00e1dech sofistikovanosti a poskytuje z\u00e1kladn\u00ed detaily o pou\u017e\u00edv\u00e1n\u00ed, co\u017e ho \u010din\u00ed ide\u00e1ln\u00edm pro vapery dbaj\u00edc\u00ed na styl. Dob\u00edjec\u00ed baterie zaji\u0161\u0165uje, \u017ee za\u0159\u00edzen\u00ed m\u016f\u017ee poskytnout celou svou kapacitu pot\u00e1hnut\u00ed bez kompromis\u016f, \u010d\u00edm\u017e odpad\u00e1 pot\u0159eba \u010dast\u00fdch v\u00fdm\u011bn.<\/p>\n<p>Tento pr\u00e9miov\u00fd jednor\u00e1zov\u00fd vape je ide\u00e1ln\u00ed pro velkoobchodn\u00ed n\u00e1kup\u010d\u00ed, kte\u0159\u00ed cht\u011bj\u00ed sv\u00fdm z\u00e1kazn\u00edk\u016fm nab\u00eddnout \u0161pi\u010dkov\u00e9 produkty. <strong>Vape Bood Twins s 46 000 pot\u00e1hnut\u00edmi <\/strong>kombinuje inovativn\u00ed technologii, elegantn\u00ed design a bezkonkuren\u010dn\u00ed v\u00fdkon, co\u017e z n\u011bj \u010din\u00ed vyhled\u00e1vanou volbu v odv\u011btv\u00ed vapingu. Pro nejlep\u0161\u00ed velkoobchodn\u00ed nab\u00eddky na Bood Twins 46000 Puffs nav\u0161tivte vapestornado<strong>.com<\/strong> a zvy\u0161te sv\u016fj vapovac\u00ed invent\u00e1\u0159 je\u0161t\u011b dnes!<\/p>\n<\/div>\n<\/div>\n<p><img fetchpriority=\"high\" decoding=\"async\" class=\"alignleft wp-image-2951 size-medium\" src=\"https:\/\/vapestornado.com\/wp-content\/uploads\/2024\/12\/Wholesale-Disposable-Vape-265x300.jpg\" alt=\"Velkoobchodn\u00ed jednor\u00e1zov\u00e9 Vape\" width=\"265\" height=\"300\" srcset=\"https:\/\/vapestornado.com\/wp-content\/uploads\/2024\/12\/Wholesale-Disposable-Vape-265x300.jpg 265w, https:\/\/vapestornado.com\/wp-content\/uploads\/2024\/12\/Wholesale-Disposable-Vape-768x871.jpg 768w, https:\/\/vapestornado.com\/wp-content\/uploads\/2024\/12\/Wholesale-Disposable-Vape-600x680.jpg 600w, https:\/\/vapestornado.com\/wp-content\/uploads\/2024\/12\/Wholesale-Disposable-Vape.jpg 823w\" sizes=\"(max-width: 265px) 100vw, 265px\" \/><\/p>\n<h5>Pro slevovou cenu kontaktujte Mandy na WhatsApp:<a href=\"https:\/\/wa.me\/8618077105796\" target=\"_blank\" rel=\"noopener\">+8618077105796<\/a><\/h5>\n<div class=\"flex max-w-full flex-col flex-grow\">\n<div class=\"min-h-8 text-message flex w-full flex-col items-end gap-2 whitespace-normal break-words text-start [.text-message+&amp;]:mt-5\" dir=\"auto\" data-message-author-role=\"assistant\" data-message-id=\"cdb991c0-f594-4bff-b2d5-fbbdd7ce9e54\" data-message-model-slug=\"gpt-4o-mini\">\n<div class=\"flex w-full flex-col gap-1 empty:hidden first:pt-[3px]\">\n<div class=\"markdown prose w-full break-words dark:prose-invert light\"><\/div>\n<\/div>\n<\/div>\n<\/div>\n<div class=\"mb-2 flex gap-3 empty:hidden -ml-2\">\n<h2 class=\"sr-proMainInfo-baseInfoH1 J-baseInfo-name\">Velkoobchodn\u00ed Vape Bood Twins 46000 Puff Kl\u00ed\u010dov\u00e9 Vlastnosti:<\/h2>\n<ul>\n<li><strong>Obrovsk\u00fd po\u010det pot\u00e1hnut\u00ed<\/strong>: Vychutnejte si a\u017e 46 000 pot\u00e1hnut\u00ed, ide\u00e1ln\u00ed pro dlouhotrvaj\u00edc\u00ed pou\u017e\u00edv\u00e1n\u00ed.<\/li>\n<li><strong>Du\u00e1ln\u00ed p\u0159\u00edchut\u011b<\/strong>: Inovativn\u00ed design du\u00e1ln\u00edch p\u0159\u00edchut\u00ed v jednom za\u0159\u00edzen\u00ed pro v\u0161estrann\u00fd z\u00e1\u017eitek z vapingu.<\/li>\n<li><strong>Technologie Mesh Coil<\/strong>: Poskytuje hladkou, konzistentn\u00ed produkci p\u00e1ry se zdokonalen\u00fdm pod\u00e1n\u00edm chuti.<\/li>\n<li><strong>Displej p\u0159es celou obrazovku<\/strong>: Elegantn\u00ed a modern\u00ed design se snadno \u010ditelnou obrazovkou pro z\u00e1kladn\u00ed informace.<\/li>\n<li><strong>Velkoobchodn\u00ed v\u00fdhoda<\/strong>: Ide\u00e1ln\u00ed pro hromadn\u00e9 n\u00e1kupy k efektivn\u00edmu uspokojen\u00ed po\u017eadavk\u016f z\u00e1kazn\u00edk\u016f.<\/li>\n<\/ul>\n<\/div>\n<h2 class=\"sr-proMainInfo-baseInfoH1 J-baseInfo-name\">P\u0159\u00edchut\u011b Bood Twins 46000Puff:<\/h2>\n<p>1.Meloun<br \/>\n2.Jablko<br \/>\n3.Limetka<br \/>\n4.Zelen\u00e9 jablko<br \/>\n5.Bor\u016fvka Kysel\u00e1 Malina<br \/>\n6.\u010cern\u00fd ryb\u00edz Malina<br \/>\n7.Broskev Mango<br \/>\n8.Hroznov\u00e9 v\u00edno<br \/>\n9.R\u016f\u017eov\u00e1 limon\u00e1da<br \/>\n10.Zelen\u00e9 hroznov\u00e9 v\u00edno<\/p>\n<div role=\"article\" data-tabster=\"{&quot;groupper&quot;:{&quot;tabbability&quot;:2},&quot;focusable&quot;:{}}\" data-content=\"ai-message\" aria-labelledby=\"dARUyEWDoEYhnSPXFwx5A-author dARUyEWDoEYhnSPXFwx5A-content\">\n<div id=\"dARUyEWDoEYhnSPXFwx5A-content\">\n<h2><strong>Pro\u010d koupit <\/strong>Jednor\u00e1zov\u00e1 elektronick\u00e1 cigareta Bood Twins 46000puff <strong>od vapestornado?<\/strong><\/h2>\n<ul>\n<li><strong>Nep\u0159ekonateln\u00e1 kvalita<\/strong>: Ve vapestornado zaji\u0161\u0165ujeme, aby ka\u017ed\u00e1 jednor\u00e1zov\u00e1 elektronick\u00e1 cigareta Bood Twins 46000 Puff spl\u0148ovala nejvy\u0161\u0161\u00ed standardy kvality, a poskytovala pr\u00e9miov\u00fd z\u00e1\u017eitek z vapingu s du\u00e1ln\u00edmi p\u0159\u00edchut\u011bmi a pokro\u010dilou technologi\u00ed mesh c\u00edvky.<\/li>\n<li><strong>Konkuren\u010dn\u00ed ceny<\/strong>: U\u017e\u00edvejte si exkluzivn\u00ed velkoobchodn\u00ed ceny pro hromadn\u00e9 objedn\u00e1vky, co\u017e \u010din\u00ed z vapestornado ide\u00e1ln\u00ed volbu pro maloobchodn\u00edky i nad\u0161ence do vapingu.<\/li>\n<li><strong>Glob\u00e1ln\u00ed doprava<\/strong>: vapestornado nab\u00edz\u00ed spolehlivou a efektivn\u00ed mezin\u00e1rodn\u00ed dopravu po cel\u00e9 Evrop\u011b, co\u017e zaji\u0161\u0165uje v\u010dasn\u00e9 doru\u010den\u00ed va\u0161ich obl\u00edben\u00fdch produkt\u016f.<\/li>\n<li><strong>Z\u00e1ruka pravosti<\/strong>: V\u0161echny produkty prod\u00e1van\u00e9 na vapestornado jsou 100% autentick\u00e9 a ov\u011b\u0159en\u00e9 z hlediska kvality, co\u017e v\u00e1m d\u00e1v\u00e1 klid s ka\u017ed\u00fdm n\u00e1kupem.<\/li>\n<li><strong>Dedikovan\u00e1 z\u00e1kaznick\u00e1 podpora<\/strong>: N\u00e1\u0161 znal\u00fd a p\u0159\u00e1telsk\u00fd t\u00fdm podpory je k dispozici, aby v\u00e1m pomohl s jak\u00fdmikoli dotazy a zajistil tak hladk\u00fd a uspokojiv\u00fd z\u00e1\u017eitek z nakupov\u00e1n\u00ed.<\/li>\n<\/ul>\n<\/div>\n<\/div>\n<h2>Nej\u010dast\u011bj\u0161\u00ed dotazy o Bood Twins 46000 Puffs velkoobchodn\u00edch jednor\u00e1zov\u00fdch vapk\u00e1ch v CZK<\/h2>\n<ul>\n<li><strong>Co je jednor\u00e1zov\u00e1 vapa Bood Twins 46000 Puffs?<\/strong><br \/>\nBood Twins 46000 Puffs je pr\u00e9miov\u00e1 jednor\u00e1zov\u00e1 vapa s neuv\u011b\u0159itelnou kapacitou 46 000 pot\u00e1hnut\u00ed, du\u00e1ln\u00edmi p\u0159\u00edchut\u011bmi v jednom za\u0159\u00edzen\u00ed, mesh spir\u00e1lou pro vynikaj\u00edc\u00ed chu\u0165 a elegantn\u00edm displejem p\u0159es celou obrazovku.<\/li>\n<li><strong>Kolik stoj\u00ed velkoobchodn\u00ed n\u00e1kup Bood Twins 46000 Puffs v CZK?<\/strong><br \/>\nCena pro hromadn\u00e9 objedn\u00e1vky z\u00e1vis\u00ed na zakoupen\u00e9m mno\u017estv\u00ed. vapestornado nab\u00edz\u00ed konkurenceschopn\u00e9 velkoobchodn\u00ed sazby v EUR, aby poskytl nejlep\u0161\u00ed hodnotu pro maloobchodn\u00edky a velkoodb\u011bratele.<\/li>\n<li><strong>Mohu platit za hromadn\u00e9 objedn\u00e1vky v EUR?<\/strong><br \/>\nAno, vapestornado p\u0159ij\u00edm\u00e1 platby v EUR za hromadn\u00e9 n\u00e1kupy, co\u017e je pohodln\u00e9 pro evropsk\u00e9 z\u00e1kazn\u00edky.<\/li>\n<li><strong>Jak\u00e9 jsou v\u00fdhody n\u00e1kupu bood vape 46k puffs vape boxu ve velk\u00e9m?<\/strong><br \/>\nN\u00e1kup ve velk\u00e9m zaji\u0161\u0165uje zna\u010dn\u00e9 \u00faspory n\u00e1klad\u016f, st\u00e1lou dostupnost produkt\u016f a lep\u0161\u00ed ziskov\u00e9 mar\u017ee pro podniky.<\/li>\n<li><strong>Dod\u00e1v\u00e1 vapestornado do evropsk\u00fdch zem\u00ed?<\/strong><br \/>\nRozhodn\u011b! vapestornado poskytuje rychlou a spolehlivou p\u0159epravu po cel\u00e9 Evrop\u011b, v\u010detn\u011b N\u011bmecka, Francie, \u0160pan\u011blska a Nizozemska.<\/li>\n<li><strong>Jsou k dispozici slevy pro velk\u00e9 objedn\u00e1vky?<\/strong><br \/>\nAno, vapestornado nab\u00edz\u00ed odstup\u0148ovan\u00e9 ceny a slevy pro v\u011bt\u0161\u00ed mno\u017estv\u00ed, co\u017e zaji\u0161\u0165uje maxim\u00e1ln\u00ed \u00faspory pro velkoodb\u011bratele.<\/li>\n<li><strong>Jak\u00e9 je minim\u00e1ln\u00ed mno\u017estv\u00ed pro velkoobchodn\u00ed objedn\u00e1vku?<\/strong><br \/>\nMinim\u00e1ln\u00ed mno\u017estv\u00ed pro objedn\u00e1vku je 50 kus\u016f. Kontaktujte t\u00fdm z\u00e1kaznick\u00e9 podpory vapestornado pro podrobnosti o po\u017eadavc\u00edch na hromadn\u00fd n\u00e1kup.<\/li>\n<\/ul>","protected":false},"excerpt":{"rendered":"<p><strong>Bood Twins 46000 Puffs LED Display Jednor\u00e1zov\u00fd Vape<\/strong> za bezkonkuren\u010dn\u00ed ceny. Vychutnejte si du\u00e1ln\u00ed p\u0159\u00edchut\u011b, elegantn\u00ed celoobrazovkov\u00fd displej a pokro\u010dilou technologii mesh c\u00edvky pro pr\u00e9miov\u00fd z\u00e1\u017eitek z vapingu.<\/p>\n<figure id=\"attachment_2951\" aria-describedby=\"caption-attachment-2951\" style=\"width: 265px\" class=\"wp-caption alignnone\"><img decoding=\"async\" class=\"size-medium wp-image-2951\" src=\"https:\/\/vapestornado.com\/wp-content\/uploads\/2024\/12\/Wholesale-Disposable-Vape-265x300.jpg\" alt=\"Velkoobchodn\u00ed jednor\u00e1zov\u00e9 Vape\" width=\"265\" height=\"300\" srcset=\"https:\/\/vapestornado.com\/wp-content\/uploads\/2024\/12\/Wholesale-Disposable-Vape-265x300.jpg 265w, https:\/\/vapestornado.com\/wp-content\/uploads\/2024\/12\/Wholesale-Disposable-Vape-768x871.jpg 768w, https:\/\/vapestornado.com\/wp-content\/uploads\/2024\/12\/Wholesale-Disposable-Vape-600x680.jpg 600w, https:\/\/vapestornado.com\/wp-content\/uploads\/2024\/12\/Wholesale-Disposable-Vape.jpg 823w\" sizes=\"(max-width: 265px) 100vw, 265px\" \/><figcaption id=\"caption-attachment-2951\" class=\"wp-caption-text\">Pro slevovou cenu kontaktujte Mandy na WhatsApp\u00a0 <a href=\"https:\/\/wa.me\/8618077105796\">+8618077105796<\/a><\/figcaption><\/figure>\n<p>&nbsp;<\/p>","protected":false},"featured_media":3713,"comment_status":"open","ping_status":"closed","template":"","meta":{"_acf_changed":false,"_uag_custom_page_level_css":"","_lmt_disableupdate":"no","_lmt_disable":"","_monsterinsights_skip_tracking":false,"_monsterinsights_sitenote_active":false,"_monsterinsights_sitenote_note":"","_monsterinsights_sitenote_category":0,"site-sidebar-layout":"default","site-content-layout":"","ast-site-content-layout":"default","site-content-style":"default","site-sidebar-style":"default","ast-global-header-display":"","ast-banner-title-visibility":"","ast-main-header-display":"","ast-hfb-above-header-display":"","ast-hfb-below-header-display":"","ast-hfb-mobile-header-display":"","site-post-title":"","ast-breadcrumbs-content":"","ast-featured-img":"","footer-sml-layout":"","ast-disable-related-posts":"","theme-transparent-header-meta":"default","adv-header-id-meta":"","stick-header-meta":"","header-above-stick-meta":"","header-main-stick-meta":"","header-below-stick-meta":"","astra-migrate-meta-layouts":"set","ast-page-background-enabled":"default","ast-page-background-meta":{"desktop":{"background-color":"","background-image":"","background-repeat":"repeat","background-position":"center center","background-size":"auto","background-attachment":"scroll","background-type":"","background-media":"","overlay-type":"","overlay-color":"","overlay-opacity":"","overlay-gradient":""},"tablet":{"background-color":"","background-image":"","background-repeat":"repeat","background-position":"center center","background-size":"auto","background-attachment":"scroll","background-type":"","background-media":"","overlay-type":"","overlay-color":"","overlay-opacity":"","overlay-gradient":""},"mobile":{"background-color":"","background-image":"","background-repeat":"repeat","background-position":"center center","background-size":"auto","background-attachment":"scroll","background-type":"","background-media":"","overlay-type":"","overlay-color":"","overlay-opacity":"","overlay-gradient":""}},"ast-content-background-meta":{"desktop":{"background-color":"var(--ast-global-color-5)","background-image":"","background-repeat":"repeat","background-position":"center center","background-size":"auto","background-attachment":"scroll","background-type":"","background-media":"","overlay-type":"","overlay-color":"","overlay-opacity":"","overlay-gradient":""},"tablet":{"background-color":"var(--ast-global-color-5)","background-image":"","background-repeat":"repeat","background-position":"center center","background-size":"auto","background-attachment":"scroll","background-type":"","background-media":"","overlay-type":"","overlay-color":"","overlay-opacity":"","overlay-gradient":""},"mobile":{"background-color":"var(--ast-global-color-5)","background-image":"","background-repeat":"repeat","background-position":"center center","background-size":"auto","background-attachment":"scroll","background-type":"","background-media":"","overlay-type":"","overlay-color":"","overlay-opacity":"","overlay-gradient":""}},"_joinchat":{"telephone":"+8618077105796"}},"product_brand":[],"product_cat":[230,193,149,160,146],"product_tag":[231,97,98],"class_list":{"0":"post-3716","1":"product","2":"type-product","3":"status-publish","4":"has-post-thumbnail","6":"product_cat-46000-puff","7":"product_cat-bood-disposable-vapes","8":"product_cat-buy-disposable-vapes-in-austria","9":"product_cat-buy-disposable-vapes-in-switzerland","10":"product_cat-rechargeable-disposable-vapes","11":"product_tag-bood-twins-46000-puff","12":"product_tag-hot-sale-disposable-vape","13":"product_tag-wholesale-price-disposable-vape","14":"desktop-align-left","15":"tablet-align-left","16":"mobile-align-left","18":"first","19":"instock","20":"sale","21":"shipping-taxable","22":"purchasable","23":"product-type-simple"},"acf":[],"uagb_featured_image_src":{"full":["https:\/\/vapestornado.com\/wp-content\/uploads\/2025\/01\/Bood-Twins-46000-Puffs-Top-Sale-Vape-In-Poland.webp",800,800,false],"thumbnail":["https:\/\/vapestornado.com\/wp-content\/uploads\/2025\/01\/Bood-Twins-46000-Puffs-Top-Sale-Vape-In-Poland-150x150.webp",150,150,true],"medium":["https:\/\/vapestornado.com\/wp-content\/uploads\/2025\/01\/Bood-Twins-46000-Puffs-Top-Sale-Vape-In-Poland-300x300.webp",300,300,true],"medium_large":["https:\/\/vapestornado.com\/wp-content\/uploads\/2025\/01\/Bood-Twins-46000-Puffs-Top-Sale-Vape-In-Poland-768x768.webp",768,768,true],"large":["https:\/\/vapestornado.com\/wp-content\/uploads\/2025\/01\/Bood-Twins-46000-Puffs-Top-Sale-Vape-In-Poland.webp",800,800,false],"1536x1536":["https:\/\/vapestornado.com\/wp-content\/uploads\/2025\/01\/Bood-Twins-46000-Puffs-Top-Sale-Vape-In-Poland.webp",800,800,false],"2048x2048":["https:\/\/vapestornado.com\/wp-content\/uploads\/2025\/01\/Bood-Twins-46000-Puffs-Top-Sale-Vape-In-Poland.webp",800,800,false],"trp-custom-language-flag":["https:\/\/vapestornado.com\/wp-content\/uploads\/2025\/01\/Bood-Twins-46000-Puffs-Top-Sale-Vape-In-Poland.webp",12,12,false],"woocommerce_thumbnail":["https:\/\/vapestornado.com\/wp-content\/uploads\/2025\/01\/Bood-Twins-46000-Puffs-Top-Sale-Vape-In-Poland-300x300.webp",300,300,true],"woocommerce_single":["https:\/\/vapestornado.com\/wp-content\/uploads\/2025\/01\/Bood-Twins-46000-Puffs-Top-Sale-Vape-In-Poland-600x600.webp",600,600,true],"woocommerce_gallery_thumbnail":["https:\/\/vapestornado.com\/wp-content\/uploads\/2025\/01\/Bood-Twins-46000-Puffs-Top-Sale-Vape-In-Poland-100x100.webp",100,100,true]},"uagb_author_info":{"display_name":"ESMANDY","author_link":"https:\/\/vapestornado.com\/cs\/author\/"},"uagb_comment_info":0,"uagb_excerpt":"Bood Twins 46000 Puffs LED Display Disposable Vape at unbeatable prices. Enjoy dual flavors, a sleek full-screen display, and advanced mesh coil technology for a premium vaping experience. [caption id=\"attachment_2951\" align=\"alignnone\" width=\"265\"] Pls Contact Mandy's WhatsApp For Discount Price\u00a0 +8618077105796[\/caption] &nbsp;","_links":{"self":[{"href":"https:\/\/vapestornado.com\/cs\/wp-json\/wp\/v2\/product\/3716","targetHints":{"allow":["GET"]}}],"collection":[{"href":"https:\/\/vapestornado.com\/cs\/wp-json\/wp\/v2\/product"}],"about":[{"href":"https:\/\/vapestornado.com\/cs\/wp-json\/wp\/v2\/types\/product"}],"replies":[{"embeddable":true,"href":"https:\/\/vapestornado.com\/cs\/wp-json\/wp\/v2\/comments?post=3716"}],"wp:featuredmedia":[{"embeddable":true,"href":"https:\/\/vapestornado.com\/cs\/wp-json\/wp\/v2\/media\/3713"}],"wp:attachment":[{"href":"https:\/\/vapestornado.com\/cs\/wp-json\/wp\/v2\/media?parent=3716"}],"wp:term":[{"taxonomy":"product_brand","embeddable":true,"href":"https:\/\/vapestornado.com\/cs\/wp-json\/wp\/v2\/product_brand?post=3716"},{"taxonomy":"product_cat","embeddable":true,"href":"https:\/\/vapestornado.com\/cs\/wp-json\/wp\/v2\/product_cat?post=3716"},{"taxonomy":"product_tag","embeddable":true,"href":"https:\/\/vapestornado.com\/cs\/wp-json\/wp\/v2\/product_tag?post=3716"}],"curies":[{"name":"wp","href":"https:\/\/api.w.org\/{rel}","templated":true}]}}