{"id":3700,"date":"2025-01-07T09:47:56","date_gmt":"2025-01-07T09:47:56","guid":{"rendered":"https:\/\/vapestornado.com\/?post_type=product&#038;p=3700"},"modified":"2025-08-23T09:34:23","modified_gmt":"2025-08-23T09:34:23","slug":"wholesale-price-bang-king-35000-puffs-tornado-vape","status":"publish","type":"product","link":"https:\/\/vapestornado.com\/cs\/product\/wholesale-price-bang-king-35000-puffs-tornado-vape\/","title":{"rendered":"Velkoobchodn\u00ed cena Bang King 35000 pot\u00e1hnut\u00ed Tornado Vape"},"content":{"rendered":"<h1>Velkoobchodn\u00ed cena Bang King 35000 pot\u00e1hnut\u00ed Tornado Vape<\/h1>\n<p>&nbsp;<\/p>\n<div role=\"article\" data-tabster=\"{&quot;groupper&quot;:{&quot;tabbability&quot;:2},&quot;focusable&quot;:{}}\" data-content=\"ai-message\" aria-labelledby=\"64JRvXrTnY7mRmPkEQLLT-author 64JRvXrTnY7mRmPkEQLLT-content\">\n<div id=\"64JRvXrTnY7mRmPkEQLLT-content\">\n<p data-start=\"302\" data-end=\"548\">Ten <strong data-start=\"306\" data-end=\"347\">Bang King 35000 Puffs jednor\u00e1zov\u00e1 vapka<\/strong> poskytuje kapacitu, v\u00fdkon a hladkou chu\u0165 v jednom za\u0159\u00edzen\u00ed. S a\u017e <strong data-start=\"424\" data-end=\"440\">35 000 pot\u00e1hnut\u00ed<\/strong> a <strong data-start=\"447\" data-end=\"480\">23ml p\u0159edpln\u011bnou n\u00e1dr\u017ekou na e-liquid<\/strong>poskytuje dlouhodob\u00e9 pou\u017e\u00edv\u00e1n\u00ed p\u0159i zachov\u00e1n\u00ed konzistentn\u00ed chuti.<\/p>\n<p data-start=\"550\" data-end=\"829\">Vybaveno <strong data-start=\"566\" data-end=\"584\">0,6\u03a9 mesh coil<\/strong>, Bang King 35K zaji\u0161\u0165uje bohatou p\u00e1ru a st\u00e1l\u00fd pr\u016ftok vzduchu. A <strong data-start=\"645\" data-end=\"677\">1000mAh dob\u00edjec\u00ed bateri\u00ed<\/strong> s <strong data-start=\"683\" data-end=\"707\">Rychl\u00e9 nab\u00edjen\u00ed Type-C<\/strong> podporuje nep\u0159eru\u0161ovan\u00e9 relace, zat\u00edmco <strong data-start=\"747\" data-end=\"775\">ochrany proti sp\u00e1len\u00ed<\/strong> zabra\u0148uje such\u00fdm z\u00e1sah\u016fm pro spolehliv\u00fd z\u00e1\u017eitek z vapingu.<\/p>\n<p data-start=\"831\" data-end=\"1092\">Dostupn\u00e9 v <strong data-start=\"844\" data-end=\"885\">0%, 2%, 3% a 5%<\/strong>, je vhodn\u00fd pro p\u0159\u00edle\u017eitostn\u00e9 i n\u00e1ro\u010dn\u00e9 u\u017eivatele. Baleno <strong data-start=\"933\" data-end=\"972\">10ks v krabici a 200ks v kartonu<\/strong>, Bang King 35000 je ide\u00e1ln\u00ed pro velkoobchodn\u00ed distribuci a hromadn\u00e9 odb\u011bratele, kte\u0159\u00ed hledaj\u00ed vysoce \u017e\u00e1dan\u00e9 <strong data-start=\"1068\" data-end=\"1089\">Vape s 35 000 potahy<\/strong><\/p>\n<p>Nakupujte nyn\u00ed na <strong>Vapebulkp.com<\/strong> abyste za\u017eili bezkonkuren\u010dn\u00ed v\u00fdkon a kvalitu Bang King 35 000 Puffs.<\/p>\n<\/div>\n<\/div>\n<p><img fetchpriority=\"high\" decoding=\"async\" class=\"alignleft wp-image-2951 size-medium\" src=\"https:\/\/vapestornado.com\/wp-content\/uploads\/2024\/12\/Wholesale-Disposable-Vape-265x300.jpg\" alt=\"Velkoobchodn\u00ed jednor\u00e1zov\u00e9 Vape\" width=\"265\" height=\"300\" srcset=\"https:\/\/vapestornado.com\/wp-content\/uploads\/2024\/12\/Wholesale-Disposable-Vape-265x300.jpg 265w, https:\/\/vapestornado.com\/wp-content\/uploads\/2024\/12\/Wholesale-Disposable-Vape-768x871.jpg 768w, https:\/\/vapestornado.com\/wp-content\/uploads\/2024\/12\/Wholesale-Disposable-Vape-600x680.jpg 600w, https:\/\/vapestornado.com\/wp-content\/uploads\/2024\/12\/Wholesale-Disposable-Vape.jpg 823w\" sizes=\"(max-width: 265px) 100vw, 265px\" \/><\/p>\n<h5>Pro slevovou cenu kontaktujte Mandy na WhatsApp:<a href=\"https:\/\/wa.me\/8618077105796\" target=\"_blank\" rel=\"noopener\">+8618077105796<\/a><\/h5>\n<div class=\"flex max-w-full flex-col flex-grow\">\n<div class=\"min-h-8 text-message flex w-full flex-col items-end gap-2 whitespace-normal break-words text-start [.text-message+&amp;]:mt-5\" dir=\"auto\" data-message-author-role=\"assistant\" data-message-id=\"cdb991c0-f594-4bff-b2d5-fbbdd7ce9e54\" data-message-model-slug=\"gpt-4o-mini\">\n<div class=\"flex w-full flex-col gap-1 empty:hidden first:pt-[3px]\">\n<div class=\"markdown prose w-full break-words dark:prose-invert light\"><\/div>\n<\/div>\n<\/div>\n<\/div>\n<div class=\"mb-2 flex gap-3 empty:hidden -ml-2\">\n<h2 class=\"sr-proMainInfo-baseInfoH1 J-baseInfo-name\">Velkoobchodn\u00ed chytr\u00e1 vapka Bang King 35k Puffs Kl\u00ed\u010dov\u00e9 vlastnosti:<\/h2>\n<ul>\n<li><strong>Bezkonkuren\u010dn\u00ed kapacita pot\u00e1hnut\u00ed<\/strong>: U\u017eijte si <strong>35 000 pot\u00e1hnut\u00ed<\/strong>, ide\u00e1ln\u00ed pro dlouhodob\u00e9 pou\u017e\u00edv\u00e1n\u00ed bez \u010dast\u00e9 v\u00fdm\u011bny.<\/li>\n<li><strong>Velkorys\u00fd objem e-liquidu<\/strong>: P\u0159edpln\u011bno s <strong>23 ml pr\u00e9miov\u00e9ho e-liquidu<\/strong> pro konzistentn\u00ed chu\u0165.<\/li>\n<li><strong>Dob\u00edjec\u00ed baterie<\/strong>: Poh\u00e1n\u011bno <strong>1000mAh baterie<\/strong> s <strong>Rychl\u00e9 nab\u00edjen\u00ed Type-C<\/strong>.<\/li>\n<li><strong>Technologie Mesh Coil<\/strong>: Pokro\u010dil\u00e1 <strong>0,6\u03a9 mesh coil<\/strong> zaji\u0161\u0165uje bohatou, jemnou a hustou p\u00e1ru.<\/li>\n<li><strong>P\u0159izp\u016fsobiteln\u00e9 s\u00edly nikotinu<\/strong>: K dispozici v <strong>0%, 2%, 3% a 5% nikotinov\u00e1 s\u016fl<\/strong> aby vyhovovaly ka\u017ed\u00e9 preferenci.<\/li>\n<li><strong>Ochrana proti such\u00e9mu potahu<\/strong>: Zabra\u0148uje p\u0159eh\u0159\u00e1t\u00ed a such\u00fdm potah\u016fm pro bezpe\u010dn\u011bj\u0161\u00ed a jemn\u011bj\u0161\u00ed z\u00e1\u017eitek z vapov\u00e1n\u00ed.<\/li>\n<li><strong>Velkoobchodn\u00ed balen\u00ed<\/strong>: Pohodln\u011b baleno jako <strong>10ks v krabici a 200ks v kartonu<\/strong>, ide\u00e1ln\u00ed pro jednotlivce i velkoodb\u011bratele.<\/li>\n<\/ul>\n<\/div>\n<h2 class=\"sr-proMainInfo-baseInfoH1 J-baseInfo-name\">P\u0159\u00edchu\u0165 VAPORU BANGKING 35000PUFF:<\/h2>\n<p>1.jahoda mango<br \/>\n2.love66<br \/>\n3.modr\u00e1 malina led<br \/>\n4.jahoda vodn\u00ed meloun<br \/>\n5.citron m\u00e1ta<br \/>\n6.dvojit\u00e9 jablko<br \/>\n7.energetick\u00fd n\u00e1poj<br \/>\n8.broskvov\u00e1 ledov\u00e1<br \/>\n9.jahoda kiwi<br \/>\n10.hroznov\u00e1 ledov\u00e1<br \/>\n11.bor\u016fvkov\u00e1 ledov\u00e1<br \/>\n12.vodn\u00ed meloun<\/p>\n<div role=\"article\" data-tabster=\"{&quot;groupper&quot;:{&quot;tabbability&quot;:2},&quot;focusable&quot;:{}}\" data-content=\"ai-message\" aria-labelledby=\"dARUyEWDoEYhnSPXFwx5A-author dARUyEWDoEYhnSPXFwx5A-content\">\n<div id=\"dARUyEWDoEYhnSPXFwx5A-content\">\n<h2><strong>Pro\u010d koupit jednor\u00e1zov\u00e9 e-cigarety Bang King 35000puffs od vapestornado?<\/strong><\/h2>\n<ul>\n<li><strong>Ov\u011b\u0159en\u00e1 kvalita<\/strong>: vapestornado je p\u0159edn\u00edm distributorem <strong>pr\u00e9miov\u00fdch jednor\u00e1zov\u00fdch vap\u016f<\/strong>, co\u017e zaru\u010duje, \u017ee obdr\u017e\u00edte autentick\u00e9 a vysoce kvalitn\u00ed produkty.<\/li>\n<li><strong>Konkuren\u010dn\u00ed ceny<\/strong>: Z\u00edskejte nejlep\u0161\u00ed velkoobchodn\u00ed nab\u00eddky a hromadn\u00e9 ceny pro Bang King 35 000 pot\u00e1hnut\u00ed.<\/li>\n<li><strong>Rychl\u00e9 doru\u010den\u00ed<\/strong>: Zaji\u0161\u0165ujeme rychl\u00e9 dod\u00e1n\u00ed po cel\u00e9 Evrop\u011b, tak\u017ee va\u0161e produkty doraz\u00ed v\u010das.<\/li>\n<li><strong>V\u00fdjime\u010dn\u00e1 z\u00e1kaznick\u00e1 podpora<\/strong>: N\u00e1\u0161 t\u00fdm je v\u00e1m k dispozici pro pomoc s dotazy, aby n\u00e1kup prob\u011bhl hladce.<\/li>\n<li><strong>Komplexn\u00ed v\u00fdb\u011br<\/strong>: Prozkoumejte \u0161irokou \u0161k\u00e1lu <strong>\u0161pi\u010dkov\u00e9 jednor\u00e1zov\u00e9 e-cigarety<\/strong> aby vyhovovala v\u0161em preferenc\u00edm vapov\u00e1n\u00ed.<\/li>\n<\/ul>\n<\/div>\n<\/div>\n<h2>\u010casto kladen\u00e9 ot\u00e1zky o jednor\u00e1zov\u00fdch e-cigaret\u00e1ch s dlouhou v\u00fddr\u017e\u00ed Bang Vape 35000 pot\u00e1hnut\u00ed<\/h2>\n<h4><strong>1. Jak dlouho vydr\u017e\u00ed Bang Vape King 35000 pot\u00e1hnut\u00ed?<\/strong><\/h4>\n<p>Bang King je navr\u017een tak, aby poskytoval a\u017e <strong>35 000 pot\u00e1hnut\u00ed<\/strong>, co\u017e z n\u011bj \u010din\u00ed jeden z nejodoln\u011bj\u0161\u00edch jednor\u00e1zov\u00fdch vaporiz\u00e9r\u016f na trhu. Doba pou\u017e\u00edv\u00e1n\u00ed bude z\u00e1viset na va\u0161\u00ed frekvenci vapov\u00e1n\u00ed a d\u00e9lce pot\u00e1hnut\u00ed.<\/p>\n<h4><strong>2. Lze Hot Sale Vape Bang King 35000 pot\u00e1hnut\u00ed dob\u00edt?<\/strong><\/h4>\n<p>Ano, toto za\u0159\u00edzen\u00ed disponuje <strong>nab\u00edjec\u00edm portem typu C<\/strong> a <strong>1000mAh dob\u00edjec\u00ed bateri\u00ed<\/strong>, co\u017e zaru\u010duje, \u017ee si m\u016f\u017eete vychutnat v\u0161ech 35 000 pot\u00e1hnut\u00ed bez p\u0159eru\u0161en\u00ed.<\/p>\n<h4><strong>3. \u010c\u00edm se Bang 35000 pot\u00e1hnut\u00ed li\u0161\u00ed od ostatn\u00edch jednor\u00e1zov\u00fdch vaporiz\u00e9r\u016f?<\/strong><\/h4>\n<p>Jeho kombinace <strong>kapacita 35 000 pot\u00e1hnut\u00ed<\/strong>, <strong>23ml objemu e-liquidu<\/strong>, <strong>technologie mesh spir\u00e1lky<\/strong>, a <strong>ochrany proti sp\u00e1len\u00ed<\/strong> jej odli\u0161uje jako \u0161pi\u010dkovou jednor\u00e1zovou e-cigaretu.<\/p>","protected":false},"excerpt":{"rendered":"<p>Prozkoumejte velkoobchodn\u00ed ceny pro Bang King 35000 Puffs Tornado Vape na Vapebulkp.com. Nab\u00edz\u00ed 35 000 pot\u00e1hnut\u00ed, 23ml e-liquidu, 1000mAh baterii, nab\u00edjen\u00ed p\u0159es Type-C a technologii proti sp\u00e1len\u00ed. Ide\u00e1ln\u00ed pro hromadn\u00e9 objedn\u00e1vky s p\u0159izp\u016fsobiteln\u00fdmi mo\u017enostmi nikotinu (0%, 2%, 3%, 5%). Nakupte pr\u00e9miov\u00e9 jednor\u00e1zov\u00e9 vapky je\u0161t\u011b dnes!<\/p>\n<figure id=\"attachment_2951\" aria-describedby=\"caption-attachment-2951\" style=\"width: 265px\" class=\"wp-caption alignnone\"><img decoding=\"async\" class=\"size-medium wp-image-2951\" src=\"https:\/\/vapestornado.com\/wp-content\/uploads\/2024\/12\/Wholesale-Disposable-Vape-265x300.jpg\" alt=\"Velkoobchodn\u00ed jednor\u00e1zov\u00e9 Vape\" width=\"265\" height=\"300\" srcset=\"https:\/\/vapestornado.com\/wp-content\/uploads\/2024\/12\/Wholesale-Disposable-Vape-265x300.jpg 265w, https:\/\/vapestornado.com\/wp-content\/uploads\/2024\/12\/Wholesale-Disposable-Vape-768x871.jpg 768w, https:\/\/vapestornado.com\/wp-content\/uploads\/2024\/12\/Wholesale-Disposable-Vape-600x680.jpg 600w, https:\/\/vapestornado.com\/wp-content\/uploads\/2024\/12\/Wholesale-Disposable-Vape.jpg 823w\" sizes=\"(max-width: 265px) 100vw, 265px\" \/><figcaption id=\"caption-attachment-2951\" class=\"wp-caption-text\">Pro slevovou cenu kontaktujte Mandy na WhatsApp\u00a0 <a href=\"https:\/\/wa.me\/8618077105796\">+8618077105796<\/a><\/figcaption><\/figure>\n<p>&nbsp;<\/p>","protected":false},"featured_media":3702,"comment_status":"open","ping_status":"closed","template":"","meta":{"_acf_changed":false,"_uag_custom_page_level_css":"","_lmt_disableupdate":"no","_lmt_disable":"","_monsterinsights_skip_tracking":false,"_monsterinsights_sitenote_active":false,"_monsterinsights_sitenote_note":"","_monsterinsights_sitenote_category":0,"site-sidebar-layout":"default","site-content-layout":"","ast-site-content-layout":"default","site-content-style":"default","site-sidebar-style":"default","ast-global-header-display":"","ast-banner-title-visibility":"","ast-main-header-display":"","ast-hfb-above-header-display":"","ast-hfb-below-header-display":"","ast-hfb-mobile-header-display":"","site-post-title":"","ast-breadcrumbs-content":"","ast-featured-img":"","footer-sml-layout":"","ast-disable-related-posts":"","theme-transparent-header-meta":"default","adv-header-id-meta":"","stick-header-meta":"","header-above-stick-meta":"","header-main-stick-meta":"","header-below-stick-meta":"","astra-migrate-meta-layouts":"set","ast-page-background-enabled":"default","ast-page-background-meta":{"desktop":{"background-color":"","background-image":"","background-repeat":"repeat","background-position":"center center","background-size":"auto","background-attachment":"scroll","background-type":"","background-media":"","overlay-type":"","overlay-color":"","overlay-opacity":"","overlay-gradient":""},"tablet":{"background-color":"","background-image":"","background-repeat":"repeat","background-position":"center center","background-size":"auto","background-attachment":"scroll","background-type":"","background-media":"","overlay-type":"","overlay-color":"","overlay-opacity":"","overlay-gradient":""},"mobile":{"background-color":"","background-image":"","background-repeat":"repeat","background-position":"center center","background-size":"auto","background-attachment":"scroll","background-type":"","background-media":"","overlay-type":"","overlay-color":"","overlay-opacity":"","overlay-gradient":""}},"ast-content-background-meta":{"desktop":{"background-color":"var(--ast-global-color-5)","background-image":"","background-repeat":"repeat","background-position":"center center","background-size":"auto","background-attachment":"scroll","background-type":"","background-media":"","overlay-type":"","overlay-color":"","overlay-opacity":"","overlay-gradient":""},"tablet":{"background-color":"var(--ast-global-color-5)","background-image":"","background-repeat":"repeat","background-position":"center center","background-size":"auto","background-attachment":"scroll","background-type":"","background-media":"","overlay-type":"","overlay-color":"","overlay-opacity":"","overlay-gradient":""},"mobile":{"background-color":"var(--ast-global-color-5)","background-image":"","background-repeat":"repeat","background-position":"center center","background-size":"auto","background-attachment":"scroll","background-type":"","background-media":"","overlay-type":"","overlay-color":"","overlay-opacity":"","overlay-gradient":""}},"_joinchat":{"telephone":"+8618077105796"}},"product_brand":[],"product_cat":[175,63,140,158,159],"product_tag":[223,97,98],"class_list":{"0":"post-3700","1":"product","2":"type-product","3":"status-publish","4":"has-post-thumbnail","6":"product_cat-35000-puff","7":"product_cat-bangking","8":"product_cat-big-puffs-disposable-vapes","9":"product_cat-buy-disposable-vapes-in-spain","10":"product_cat-buy-disposable-vapes-in-sweden","11":"product_tag-bang-king-vape-35000","12":"product_tag-hot-sale-disposable-vape","13":"product_tag-wholesale-price-disposable-vape","14":"desktop-align-left","15":"tablet-align-left","16":"mobile-align-left","18":"first","19":"instock","20":"sale","21":"shipping-taxable","22":"purchasable","23":"product-type-simple"},"acf":[],"uagb_featured_image_src":{"full":["https:\/\/vapestornado.com\/wp-content\/uploads\/2025\/01\/Bang-Vape-35000-Puffs-Disposable-Vape-Hot-Sale-In-Germany.webp",800,800,false],"thumbnail":["https:\/\/vapestornado.com\/wp-content\/uploads\/2025\/01\/Bang-Vape-35000-Puffs-Disposable-Vape-Hot-Sale-In-Germany-150x150.webp",150,150,true],"medium":["https:\/\/vapestornado.com\/wp-content\/uploads\/2025\/01\/Bang-Vape-35000-Puffs-Disposable-Vape-Hot-Sale-In-Germany-300x300.webp",300,300,true],"medium_large":["https:\/\/vapestornado.com\/wp-content\/uploads\/2025\/01\/Bang-Vape-35000-Puffs-Disposable-Vape-Hot-Sale-In-Germany-768x768.webp",768,768,true],"large":["https:\/\/vapestornado.com\/wp-content\/uploads\/2025\/01\/Bang-Vape-35000-Puffs-Disposable-Vape-Hot-Sale-In-Germany.webp",800,800,false],"1536x1536":["https:\/\/vapestornado.com\/wp-content\/uploads\/2025\/01\/Bang-Vape-35000-Puffs-Disposable-Vape-Hot-Sale-In-Germany.webp",800,800,false],"2048x2048":["https:\/\/vapestornado.com\/wp-content\/uploads\/2025\/01\/Bang-Vape-35000-Puffs-Disposable-Vape-Hot-Sale-In-Germany.webp",800,800,false],"trp-custom-language-flag":["https:\/\/vapestornado.com\/wp-content\/uploads\/2025\/01\/Bang-Vape-35000-Puffs-Disposable-Vape-Hot-Sale-In-Germany.webp",12,12,false],"woocommerce_thumbnail":["https:\/\/vapestornado.com\/wp-content\/uploads\/2025\/01\/Bang-Vape-35000-Puffs-Disposable-Vape-Hot-Sale-In-Germany-300x300.webp",300,300,true],"woocommerce_single":["https:\/\/vapestornado.com\/wp-content\/uploads\/2025\/01\/Bang-Vape-35000-Puffs-Disposable-Vape-Hot-Sale-In-Germany-600x600.webp",600,600,true],"woocommerce_gallery_thumbnail":["https:\/\/vapestornado.com\/wp-content\/uploads\/2025\/01\/Bang-Vape-35000-Puffs-Disposable-Vape-Hot-Sale-In-Germany-100x100.webp",100,100,true]},"uagb_author_info":{"display_name":"ESMANDY","author_link":"https:\/\/vapestornado.com\/cs\/author\/"},"uagb_comment_info":0,"uagb_excerpt":"Explore wholesale prices for Bang King 35000 Puffs Tornado Vape at Vapebulkp.com. Featuring 35,000 puffs, 23ml e-liquid, 1000mAh battery, Type-C charging, and anti-dry burn technology. Ideal for bulk orders with customizable nicotine options (0%, 2%, 3%, 5%). Shop premium disposable vapes today! [caption id=\"attachment_2951\" align=\"alignnone\" width=\"265\"] Pls Contact Mandy's WhatsApp For Discount Price\u00a0 +8618077105796[\/caption] &nbsp;","_links":{"self":[{"href":"https:\/\/vapestornado.com\/cs\/wp-json\/wp\/v2\/product\/3700","targetHints":{"allow":["GET"]}}],"collection":[{"href":"https:\/\/vapestornado.com\/cs\/wp-json\/wp\/v2\/product"}],"about":[{"href":"https:\/\/vapestornado.com\/cs\/wp-json\/wp\/v2\/types\/product"}],"replies":[{"embeddable":true,"href":"https:\/\/vapestornado.com\/cs\/wp-json\/wp\/v2\/comments?post=3700"}],"wp:featuredmedia":[{"embeddable":true,"href":"https:\/\/vapestornado.com\/cs\/wp-json\/wp\/v2\/media\/3702"}],"wp:attachment":[{"href":"https:\/\/vapestornado.com\/cs\/wp-json\/wp\/v2\/media?parent=3700"}],"wp:term":[{"taxonomy":"product_brand","embeddable":true,"href":"https:\/\/vapestornado.com\/cs\/wp-json\/wp\/v2\/product_brand?post=3700"},{"taxonomy":"product_cat","embeddable":true,"href":"https:\/\/vapestornado.com\/cs\/wp-json\/wp\/v2\/product_cat?post=3700"},{"taxonomy":"product_tag","embeddable":true,"href":"https:\/\/vapestornado.com\/cs\/wp-json\/wp\/v2\/product_tag?post=3700"}],"curies":[{"name":"wp","href":"https:\/\/api.w.org\/{rel}","templated":true}]}}