{"id":3690,"date":"2025-01-06T09:55:58","date_gmt":"2025-01-06T09:55:58","guid":{"rendered":"https:\/\/vapestornado.com\/?post_type=product&#038;p=3690"},"modified":"2025-08-23T09:35:59","modified_gmt":"2025-08-23T09:35:59","slug":"wholesale-price-bang-beach-20000-puffs-high-quality-vape-pods","status":"publish","type":"product","link":"https:\/\/vapestornado.com\/cs\/product\/wholesale-price-bang-beach-20000-puffs-high-quality-vape-pods\/","title":{"rendered":"Velkoobchodn\u00ed Cena Bang Beach 20000 Pot\u00e1hnut\u00ed Vysoce Kvalitn\u00ed Vape Pody"},"content":{"rendered":"<h1>Velkoobchodn\u00ed Cena Bang Beach 20000 Pot\u00e1hnut\u00ed Vysoce Kvalitn\u00ed Vape Pody<\/h1>\n<p>&nbsp;<\/p>\n<div role=\"article\" data-tabster=\"{&quot;groupper&quot;:{&quot;tabbability&quot;:2},&quot;focusable&quot;:{}}\" data-content=\"ai-message\" aria-labelledby=\"64JRvXrTnY7mRmPkEQLLT-author 64JRvXrTnY7mRmPkEQLLT-content\">\n<div id=\"64JRvXrTnY7mRmPkEQLLT-content\">\n<p data-start=\"323\" data-end=\"588\">Ten <strong data-start=\"327\" data-end=\"369\">Jednor\u00e1zov\u00e1 e-cigareta Bang Beach 20000 Puffs<\/strong> kombinuje velkou kapacitu, chytrou technologii a stylov\u00fd design pro spolehlivou mo\u017enost vapingu. S kapacitou a\u017e <strong data-start=\"473\" data-end=\"489\">20 000 pot\u00e1hnut\u00ed<\/strong> a <strong data-start=\"496\" data-end=\"529\">35 ml p\u0159edpln\u011bn\u00e9 e-liquid n\u00e1dr\u017ee<\/strong>poskytuje prodlou\u017een\u00e9 pou\u017e\u00edv\u00e1n\u00ed bez \u010dast\u00fdch v\u00fdm\u011bn.<\/p>\n<p data-start=\"590\" data-end=\"854\">Poh\u00e1n\u011bno <strong data-start=\"603\" data-end=\"634\">650mAh dob\u00edjec\u00ed baterie<\/strong> s <strong data-start=\"640\" data-end=\"664\">Rychl\u00e9 nab\u00edjen\u00ed Type-C<\/strong>, Bang Beach 20K zaji\u0161\u0165uje konzistentn\u00ed v\u00fdkon po cel\u00fd den. Integrovan\u00e1 <strong data-start=\"740\" data-end=\"767\">chytr\u00e1 obrazovka<\/strong> poskytuje aktualizace v re\u00e1ln\u00e9m \u010dase o \u017eivotnosti baterie a pou\u017e\u00edv\u00e1n\u00ed, tak\u017ee u\u017eivatel\u00e9 maj\u00ed v\u0161e pod kontrolou.<\/p>\n<p data-start=\"856\" data-end=\"1041\">Dostupn\u00e9 v <strong data-start=\"869\" data-end=\"910\">0%, 2%, 3% a 5%<\/strong>, vyhovuje r\u016fzn\u00fdm preferenc\u00edm, zat\u00edmco <strong data-start=\"958\" data-end=\"987\">ergonomick\u00fd gradientn\u00ed design<\/strong> je poutav\u00fd a pohodln\u00fd na dr\u017een\u00ed.<\/p>\n<p data-start=\"1043\" data-end=\"1235\">Pro velkoobchodn\u00edky a maloobchodn\u00edky, <strong data-start=\"1078\" data-end=\"1109\">E-cigareta Bang Beach 20000 Puffs<\/strong> nab\u00edz\u00ed silnou kombinaci kapacity, designu a velkoobchodn\u00ed hodnoty, co\u017e z n\u00ed \u010din\u00ed konkurenceschopnou volbu na trhu jednor\u00e1zov\u00fdch e-cigaret.<\/p>\n<figure id=\"attachment_3691\" aria-describedby=\"caption-attachment-3691\" style=\"width: 676px\" class=\"wp-caption alignnone\"><img fetchpriority=\"high\" decoding=\"async\" class=\"wp-image-3691\" src=\"https:\/\/vapestornado.com\/wp-content\/uploads\/2025\/01\/Bang-Beach-20000-puff-vape-best-sale-Germany.jpg\" alt=\"Bang Beach 20000 puff vape nejlep\u0161\u00ed prodej N\u011bmecko\" width=\"676\" height=\"676\" srcset=\"https:\/\/vapestornado.com\/wp-content\/uploads\/2025\/01\/Bang-Beach-20000-puff-vape-best-sale-Germany.jpg 800w, https:\/\/vapestornado.com\/wp-content\/uploads\/2025\/01\/Bang-Beach-20000-puff-vape-best-sale-Germany-300x300.jpg 300w, https:\/\/vapestornado.com\/wp-content\/uploads\/2025\/01\/Bang-Beach-20000-puff-vape-best-sale-Germany-150x150.jpg 150w, https:\/\/vapestornado.com\/wp-content\/uploads\/2025\/01\/Bang-Beach-20000-puff-vape-best-sale-Germany-768x768.jpg 768w, https:\/\/vapestornado.com\/wp-content\/uploads\/2025\/01\/Bang-Beach-20000-puff-vape-best-sale-Germany-600x600.jpg 600w, https:\/\/vapestornado.com\/wp-content\/uploads\/2025\/01\/Bang-Beach-20000-puff-vape-best-sale-Germany-100x100.jpg 100w\" sizes=\"(max-width: 676px) 100vw, 676px\" \/><figcaption id=\"caption-attachment-3691\" class=\"wp-caption-text\">Bang Beach 20000 puff vape nejlep\u0161\u00ed prodej N\u011bmecko<\/figcaption><\/figure>\n<\/div>\n<\/div>\n<p><img decoding=\"async\" class=\"alignleft wp-image-2951 size-medium\" src=\"https:\/\/vapestornado.com\/wp-content\/uploads\/2024\/12\/Wholesale-Disposable-Vape-265x300.jpg\" alt=\"Velkoobchodn\u00ed jednor\u00e1zov\u00e9 Vape\" width=\"265\" height=\"300\" srcset=\"https:\/\/vapestornado.com\/wp-content\/uploads\/2024\/12\/Wholesale-Disposable-Vape-265x300.jpg 265w, https:\/\/vapestornado.com\/wp-content\/uploads\/2024\/12\/Wholesale-Disposable-Vape-768x871.jpg 768w, https:\/\/vapestornado.com\/wp-content\/uploads\/2024\/12\/Wholesale-Disposable-Vape-600x680.jpg 600w, https:\/\/vapestornado.com\/wp-content\/uploads\/2024\/12\/Wholesale-Disposable-Vape.jpg 823w\" sizes=\"(max-width: 265px) 100vw, 265px\" \/><\/p>\n<h5>Pro slevovou cenu kontaktujte Mandy na WhatsApp:<a href=\"https:\/\/wa.me\/8618077105796\" target=\"_blank\" rel=\"noopener\">+8618077105796<\/a><\/h5>\n<div class=\"flex max-w-full flex-col flex-grow\">\n<div class=\"min-h-8 text-message flex w-full flex-col items-end gap-2 whitespace-normal break-words text-start [.text-message+&amp;]:mt-5\" dir=\"auto\" data-message-author-role=\"assistant\" data-message-id=\"cdb991c0-f594-4bff-b2d5-fbbdd7ce9e54\" data-message-model-slug=\"gpt-4o-mini\">\n<div class=\"flex w-full flex-col gap-1 empty:hidden first:pt-[3px]\">\n<div class=\"markdown prose w-full break-words dark:prose-invert light\"><\/div>\n<\/div>\n<\/div>\n<\/div>\n<div class=\"mb-2 flex gap-3 empty:hidden -ml-2\">\n<h2>Bang Beach 20000 Puffs Kl\u00ed\u010dov\u00e9 vlastnosti:<\/h2>\n<ul>\n<li>Prodlou\u017een\u00e9 vapovac\u00ed sezen\u00ed s 20 000 pot\u00e1hnut\u00edmi.<\/li>\n<li>Dostate\u010dn\u00e1 kapacita 35 ml e-liquidu pro bohat\u00e9 a trval\u00e9 chut\u011b.<\/li>\n<li>Nastaviteln\u00e9 \u00farovn\u011b nikotinu pro osobn\u00ed uspokojen\u00ed.<\/li>\n<li>V\u00fdkonn\u00e1 baterie s kapacitou 650 mAh pro dlouhodob\u00e9 pou\u017e\u00edv\u00e1n\u00ed.<\/li>\n<li>Chytr\u00e1 obrazovka pro p\u0159ehled o pou\u017e\u00edv\u00e1n\u00ed v re\u00e1ln\u00e9m \u010dase.<\/li>\n<li>Stylov\u00fd, ergonomick\u00fd design s \u017eiv\u00fdmi gradientn\u00edmi barvami.<\/li>\n<\/ul>\n<\/div>\n<h2>Bang Beach 20000 Puffs P\u0159\u00edchu\u0165:<\/h2>\n<p>1) T\u0159i druhy bobulov\u00e9ho ledu<br \/>\n2) R\u016f\u017eov\u00e1 limon\u00e1da<br \/>\n3) Bor\u016fvka Malina<br \/>\n4) M\u00edchan\u00e9 bobule<br \/>\n5) Jahodov\u00fd meloun<br \/>\n6) Jahodov\u00fd led<br \/>\n7) Hroznov\u00fd led<br \/>\n8) Broskev mango<br \/>\n9) Modr\u00fd malinov\u00fd led<br \/>\n10) Kysel\u00e9 jablko<br \/>\n11) Melounov\u00fd led<br \/>\n12) Broskvov\u00fd led<\/p>\n<h2 data-pm-slice=\"1 1 []\">\u010c\u00edm vynik\u00e1 Bang Beach Smart Screen 20000 puff vape bar?<\/h2>\n<p>Ten <strong>Bang Beach Chytr\u00e1 Obrazovka 20000<\/strong> je v\u00edc ne\u017e jen jednor\u00e1zov\u00e1 vape; je to vysoce v\u00fdkonn\u00e9 za\u0159\u00edzen\u00ed ur\u010den\u00e9 pro vapery, kte\u0159\u00ed hledaj\u00ed vynikaj\u00edc\u00ed kvalitu a spolehlivost. Jeho rozs\u00e1hl\u00fd po\u010det pot\u00e1hnut\u00ed, robustn\u00ed baterie a p\u0159izp\u016fsobiteln\u00e9 s\u00edly nikotinu z n\u011bj \u010din\u00ed univerz\u00e1ln\u00ed volbu pro v\u0161echny preference vapingu. A\u0165 u\u017e jste zku\u0161en\u00fd u\u017eivatel nebo teprve za\u010d\u00edn\u00e1te, funkce chytr\u00e9 obrazovky a u\u017eivatelsky p\u0159\u00edv\u011btiv\u00fd design pozvednou v\u00e1\u0161 z\u00e1\u017eitek z vapingu.<\/p>\n<div role=\"article\" data-tabster=\"{&quot;groupper&quot;:{&quot;tabbability&quot;:2},&quot;focusable&quot;:{}}\" data-content=\"ai-message\" aria-labelledby=\"dARUyEWDoEYhnSPXFwx5A-author dARUyEWDoEYhnSPXFwx5A-content\">\n<div id=\"dARUyEWDoEYhnSPXFwx5A-content\">\n<h2>Pro\u010d si vybrat Bang Beach Smart Screen 20000puff na <a href=\"https:\/\/vapestornado.com\/cs\/product\/bang-box-35k-puffs-high-capacity-long-lasting-disposable-vape\/\">vapestornado.com?<\/a><\/h2>\n<p>vapestornado.com je va\u0161e kone\u010dn\u00e1 destinace pro pr\u00e9miov\u00e9 vapingov\u00e9 produkty a <strong>Bang Beach Chytr\u00e1 Obrazovka 20000 Puf<\/strong> nen\u00ed v\u00fdjimkou. Zde je d\u016fvod, pro\u010d toto za\u0159\u00edzen\u00ed vynik\u00e1 a pro\u010d je vapestornado.com nejlep\u0161\u00edm m\u00edstem k jeho zakoupen\u00ed:<\/p>\n<h4><strong>*Bezkonkuren\u010dn\u00ed kvalita<\/strong><\/h4>\n<p>Na vapestornado.com nab\u00edz\u00edme pouze autentick\u00e9 a vysoce kvalitn\u00ed vapingov\u00e9 produkty. Bang Beach Smart Screen 20000 Puff je navr\u017een s ohledem na odolnost a v\u00fdkon, co\u017e zaji\u0161\u0165uje spolehliv\u00fd a p\u0159\u00edjemn\u00fd z\u00e1\u017eitek p\u0159i ka\u017ed\u00e9m pou\u017eit\u00ed.<\/p>\n<h4><strong>*Konkuren\u010dn\u00ed ceny<\/strong><\/h4>\n<p>vapestornado.com nab\u00edz\u00ed Bang Beach Smart Screen 20000 puffs za vysoce konkuren\u010dn\u00ed ceny, co\u017e zaji\u0161\u0165uje, \u017ee z\u00edsk\u00e1te vynikaj\u00edc\u00ed hodnotu za \u0161pi\u010dkov\u00fd produkt.<\/p>\n<h4><strong>*Rychl\u00e9<\/strong><\/h4>\n<p>U\u017eijte si rychl\u00e9 a spolehliv\u00e9 doru\u010den\u00ed po cel\u00e9 \u010cesk\u00e9 republice, tak\u017ee v\u00e1\u0161 vapingov\u00fd z\u00e1\u017eitek nebude nikdy zpo\u017ed\u011bn.<\/p>\n<h4><strong>*Podpora zam\u011b\u0159en\u00e1 na z\u00e1kazn\u00edka<\/strong><\/h4>\n<p>N\u00e1\u0161 specializovan\u00fd t\u00fdm podpory je p\u0159ipraven v\u00e1m pomoci s jak\u00fdmikoli dotazy a zajistit hladk\u00fd pr\u016fb\u011bh n\u00e1kupu.<\/p>\n<p>Vylep\u0161ete svou vapingovou hru je\u0161t\u011b dnes s <strong>Bang Beach Vape 20k Puffs Dob\u00edjec\u00ed Vapes<\/strong>, k dispozici exkluzivn\u011b na vapestornado.com\u2014v\u00e1\u0161 d\u016fv\u011bryhodn\u00fd partner pro v\u0161e, co se t\u00fdk\u00e1 vapingu!<\/p>\n<p>Vylep\u0161ete svou vapingovou hru je\u0161t\u011b dnes s <strong>Bang Beach 20000 Puff vape pody<\/strong>, k dispozici exkluzivn\u011b na vapestornado.com\u2014v\u00e1\u0161 d\u016fv\u011bryhodn\u00fd partner pro v\u0161e, co se t\u00fdk\u00e1 vapingu!<\/p>\n<\/div>\n<\/div>\n<h2>\u010casto kladen\u00e9 ot\u00e1zky o velkoobchodn\u00edm n\u00e1kupu Bang Beach Vape 20000 Puffs<\/h2>\n<p><strong>1. Jak mohu zadat hromadnou objedn\u00e1vku pro Bang Beach vape 20000 Puffs?<\/strong><br \/>\nNav\u0161tivte d\u016fv\u011bryhodn\u00e9ho dodavatele, jako je vapestornado.com, prohl\u00e9dn\u011bte si str\u00e1nku produktu Bang Beach Vape a vyberte mo\u017enost hromadn\u00e9ho mno\u017estv\u00ed. P\u0159\u00edpadn\u011b kontaktujte jejich t\u00fdm z\u00e1kaznick\u00fdch slu\u017eeb pro pomoc s velk\u00fdmi objedn\u00e1vkami.<\/p>\n<p><strong>2. Jak\u00e9 jsou mo\u017enosti dopravy pro hromadn\u00e9 objedn\u00e1vky pro bangvape 20000puff?<\/strong><br \/>\nHromadn\u00e9 objedn\u00e1vky jsou bezpe\u010dn\u011b odesl\u00e1ny, aby byl produkt b\u011bhem p\u0159epravy chr\u00e1n\u011bn. Mnoho dodavatel\u016f nab\u00edz\u00ed expresn\u00ed mo\u017enosti dopravy a sledovac\u00ed slu\u017eby, aby byla zaji\u0161t\u011bna v\u010dasn\u00e1 dod\u00e1vka.<\/p>\n<p><strong>3. Je Bang Beach Vape 20000 puffs vapes vhodn\u00fd pro velkoobchodn\u00ed distribuci?<\/strong><br \/>\nAbsolutn\u011b. D\u00edky sv\u00fdm pokro\u010dil\u00fdm funkc\u00edm, dlouhotrvaj\u00edc\u00edmu v\u00fdkonu a stylov\u00e9mu designu je Bang Beach Vape 20000 velmi atraktivn\u00ed pro spot\u0159ebitele, co\u017e z n\u011bj \u010din\u00ed vynikaj\u00edc\u00ed volbu pro velkoobchodn\u00ed distribuci.<\/p>\n<p><strong>4. Jak se mohu ujistit, \u017ee kupuji autentick\u00e9 produkty Bang Beach Vape?<\/strong><br \/>\nV\u017edy nakupujte od d\u016fv\u011bryhodn\u00fdch dodavatel\u016f nebo autorizovan\u00fdch distributor\u016f, jako je vapestornado.com, abyste zaru\u010dili autenti\u010dnost a kvalitu. Vyhn\u011bte se neov\u011b\u0159en\u00fdm prodejc\u016fm, abyste zabr\u00e1nili pad\u011blan\u00fdm produkt\u016fm.<\/p>","protected":false},"excerpt":{"rendered":"<p>Bang Beach 20000 Puffs nab\u00edz\u00ed a\u017e 20 000 pot\u00e1hnut\u00ed, 35ml p\u0159edpln\u011bn\u00e9ho e-liquidu, nastaviteln\u00e9 \u00farovn\u011b nikotinu (0%, 2%, 3%, 5%), dob\u00edjec\u00ed baterii s kapacitou 650 mAh a chytrou obrazovku pro sledov\u00e1n\u00ed pou\u017e\u00edv\u00e1n\u00ed. Stylov\u00e1 a dlouhotrvaj\u00edc\u00ed vapka, ide\u00e1ln\u00ed pro v\u0161echny pot\u0159eby vapingu.<\/p>\n<figure id=\"attachment_2951\" aria-describedby=\"caption-attachment-2951\" style=\"width: 265px\" class=\"wp-caption alignnone\"><img decoding=\"async\" class=\"size-medium wp-image-2951\" src=\"https:\/\/vapestornado.com\/wp-content\/uploads\/2024\/12\/Wholesale-Disposable-Vape-265x300.jpg\" alt=\"Velkoobchodn\u00ed jednor\u00e1zov\u00e9 Vape\" width=\"265\" height=\"300\" srcset=\"https:\/\/vapestornado.com\/wp-content\/uploads\/2024\/12\/Wholesale-Disposable-Vape-265x300.jpg 265w, https:\/\/vapestornado.com\/wp-content\/uploads\/2024\/12\/Wholesale-Disposable-Vape-768x871.jpg 768w, https:\/\/vapestornado.com\/wp-content\/uploads\/2024\/12\/Wholesale-Disposable-Vape-600x680.jpg 600w, https:\/\/vapestornado.com\/wp-content\/uploads\/2024\/12\/Wholesale-Disposable-Vape.jpg 823w\" sizes=\"(max-width: 265px) 100vw, 265px\" \/><figcaption id=\"caption-attachment-2951\" class=\"wp-caption-text\">Pro slevovou cenu kontaktujte Mandy na WhatsApp\u00a0 <a href=\"https:\/\/wa.me\/8618077105796\">+8618077105796<\/a><\/figcaption><\/figure>\n<p>&nbsp;<\/p>","protected":false},"featured_media":3693,"comment_status":"open","ping_status":"closed","template":"","meta":{"_acf_changed":false,"_uag_custom_page_level_css":"","_lmt_disableupdate":"no","_lmt_disable":"","_monsterinsights_skip_tracking":false,"_monsterinsights_sitenote_active":false,"_monsterinsights_sitenote_note":"","_monsterinsights_sitenote_category":0,"site-sidebar-layout":"default","site-content-layout":"","ast-site-content-layout":"default","site-content-style":"default","site-sidebar-style":"default","ast-global-header-display":"","ast-banner-title-visibility":"","ast-main-header-display":"","ast-hfb-above-header-display":"","ast-hfb-below-header-display":"","ast-hfb-mobile-header-display":"","site-post-title":"","ast-breadcrumbs-content":"","ast-featured-img":"","footer-sml-layout":"","ast-disable-related-posts":"","theme-transparent-header-meta":"default","adv-header-id-meta":"","stick-header-meta":"","header-above-stick-meta":"","header-main-stick-meta":"","header-below-stick-meta":"","astra-migrate-meta-layouts":"set","ast-page-background-enabled":"default","ast-page-background-meta":{"desktop":{"background-color":"","background-image":"","background-repeat":"repeat","background-position":"center center","background-size":"auto","background-attachment":"scroll","background-type":"","background-media":"","overlay-type":"","overlay-color":"","overlay-opacity":"","overlay-gradient":""},"tablet":{"background-color":"","background-image":"","background-repeat":"repeat","background-position":"center center","background-size":"auto","background-attachment":"scroll","background-type":"","background-media":"","overlay-type":"","overlay-color":"","overlay-opacity":"","overlay-gradient":""},"mobile":{"background-color":"","background-image":"","background-repeat":"repeat","background-position":"center center","background-size":"auto","background-attachment":"scroll","background-type":"","background-media":"","overlay-type":"","overlay-color":"","overlay-opacity":"","overlay-gradient":""}},"ast-content-background-meta":{"desktop":{"background-color":"var(--ast-global-color-5)","background-image":"","background-repeat":"repeat","background-position":"center center","background-size":"auto","background-attachment":"scroll","background-type":"","background-media":"","overlay-type":"","overlay-color":"","overlay-opacity":"","overlay-gradient":""},"tablet":{"background-color":"var(--ast-global-color-5)","background-image":"","background-repeat":"repeat","background-position":"center center","background-size":"auto","background-attachment":"scroll","background-type":"","background-media":"","overlay-type":"","overlay-color":"","overlay-opacity":"","overlay-gradient":""},"mobile":{"background-color":"var(--ast-global-color-5)","background-image":"","background-repeat":"repeat","background-position":"center center","background-size":"auto","background-attachment":"scroll","background-type":"","background-media":"","overlay-type":"","overlay-color":"","overlay-opacity":"","overlay-gradient":""}},"_joinchat":{"telephone":"+8618077105796"}},"product_brand":[],"product_cat":[69,62,151,157],"product_tag":[229,97,98],"class_list":{"0":"post-3690","1":"product","2":"type-product","3":"status-publish","4":"has-post-thumbnail","6":"product_cat-20000-puff","7":"product_cat-bang-vape","8":"product_cat-buy-disposable-vapes-in-france","9":"product_cat-buy-disposable-vapes-in-portugal","10":"product_tag-bang-beach-20000-puffs","11":"product_tag-hot-sale-disposable-vape","12":"product_tag-wholesale-price-disposable-vape","13":"desktop-align-left","14":"tablet-align-left","15":"mobile-align-left","17":"first","18":"instock","19":"sale","20":"shipping-taxable","21":"purchasable","22":"product-type-simple"},"acf":[],"uagb_featured_image_src":{"full":["https:\/\/vapestornado.com\/wp-content\/uploads\/2025\/01\/Bang-Beach-20000-puff-vape-good-sale-Germany.webp",800,800,false],"thumbnail":["https:\/\/vapestornado.com\/wp-content\/uploads\/2025\/01\/Bang-Beach-20000-puff-vape-good-sale-Germany-150x150.webp",150,150,true],"medium":["https:\/\/vapestornado.com\/wp-content\/uploads\/2025\/01\/Bang-Beach-20000-puff-vape-good-sale-Germany-300x300.webp",300,300,true],"medium_large":["https:\/\/vapestornado.com\/wp-content\/uploads\/2025\/01\/Bang-Beach-20000-puff-vape-good-sale-Germany-768x768.webp",768,768,true],"large":["https:\/\/vapestornado.com\/wp-content\/uploads\/2025\/01\/Bang-Beach-20000-puff-vape-good-sale-Germany.webp",800,800,false],"1536x1536":["https:\/\/vapestornado.com\/wp-content\/uploads\/2025\/01\/Bang-Beach-20000-puff-vape-good-sale-Germany.webp",800,800,false],"2048x2048":["https:\/\/vapestornado.com\/wp-content\/uploads\/2025\/01\/Bang-Beach-20000-puff-vape-good-sale-Germany.webp",800,800,false],"trp-custom-language-flag":["https:\/\/vapestornado.com\/wp-content\/uploads\/2025\/01\/Bang-Beach-20000-puff-vape-good-sale-Germany.webp",12,12,false],"woocommerce_thumbnail":["https:\/\/vapestornado.com\/wp-content\/uploads\/2025\/01\/Bang-Beach-20000-puff-vape-good-sale-Germany-300x300.webp",300,300,true],"woocommerce_single":["https:\/\/vapestornado.com\/wp-content\/uploads\/2025\/01\/Bang-Beach-20000-puff-vape-good-sale-Germany-600x600.webp",600,600,true],"woocommerce_gallery_thumbnail":["https:\/\/vapestornado.com\/wp-content\/uploads\/2025\/01\/Bang-Beach-20000-puff-vape-good-sale-Germany-100x100.webp",100,100,true]},"uagb_author_info":{"display_name":"ESMANDY","author_link":"https:\/\/vapestornado.com\/cs\/author\/"},"uagb_comment_info":0,"uagb_excerpt":"Bang Beach 20000 Puffs offers up to 20,000 puffs, a 35ml pre-filled e-liquid, customizable nicotine levels (0%, 2%, 3%, 5%), a 650mAh rechargeable battery, and a smart screen for tracking usage. Stylish and long-lasting vape, perfect for every vaping need. [caption id=\"attachment_2951\" align=\"alignnone\" width=\"265\"] Pls Contact Mandy's WhatsApp For Discount Price\u00a0 +8618077105796[\/caption] &nbsp;","_links":{"self":[{"href":"https:\/\/vapestornado.com\/cs\/wp-json\/wp\/v2\/product\/3690","targetHints":{"allow":["GET"]}}],"collection":[{"href":"https:\/\/vapestornado.com\/cs\/wp-json\/wp\/v2\/product"}],"about":[{"href":"https:\/\/vapestornado.com\/cs\/wp-json\/wp\/v2\/types\/product"}],"replies":[{"embeddable":true,"href":"https:\/\/vapestornado.com\/cs\/wp-json\/wp\/v2\/comments?post=3690"}],"wp:featuredmedia":[{"embeddable":true,"href":"https:\/\/vapestornado.com\/cs\/wp-json\/wp\/v2\/media\/3693"}],"wp:attachment":[{"href":"https:\/\/vapestornado.com\/cs\/wp-json\/wp\/v2\/media?parent=3690"}],"wp:term":[{"taxonomy":"product_brand","embeddable":true,"href":"https:\/\/vapestornado.com\/cs\/wp-json\/wp\/v2\/product_brand?post=3690"},{"taxonomy":"product_cat","embeddable":true,"href":"https:\/\/vapestornado.com\/cs\/wp-json\/wp\/v2\/product_cat?post=3690"},{"taxonomy":"product_tag","embeddable":true,"href":"https:\/\/vapestornado.com\/cs\/wp-json\/wp\/v2\/product_tag?post=3690"}],"curies":[{"name":"wp","href":"https:\/\/api.w.org\/{rel}","templated":true}]}}