{"id":3683,"date":"2025-01-06T07:58:56","date_gmt":"2025-01-06T07:58:56","guid":{"rendered":"https:\/\/vapestornado.com\/?post_type=product&#038;p=3683"},"modified":"2025-12-05T07:32:09","modified_gmt":"2025-12-05T07:32:09","slug":"uwin-crystal-10000-puffs-wholesale-disposable-vape-puff-10k-low-nicotine-rechargeable-vapes-pen-bulk-buy-wholesalepuffs-disposable-vape-wholesale-price-copy","status":"publish","type":"product","link":"https:\/\/vapestornado.com\/cs\/product\/uwin-crystal-10000-puffs-wholesale-disposable-vape-puff-10k-low-nicotine-rechargeable-vapes-pen-bulk-buy-wholesalepuffs-disposable-vape-wholesale-price-copy\/","title":{"rendered":"Uwin Crystal 10000 pot\u00e1hnut\u00ed Velkoobchodn\u00ed jednor\u00e1zov\u00e9 vapy Puff 10k N\u00edzk\u00fd obsah nikotinu Dob\u00edjec\u00ed vapovac\u00ed pero Hromadn\u00fd n\u00e1kup Velkoobchod"},"content":{"rendered":"<h1 class=\"product-title\">Uwin Crystal 10000 pot\u00e1hnut\u00ed Velkoobchodn\u00ed jednor\u00e1zov\u00e9 vapy Puff 10k N\u00edzk\u00fd obsah nikotinu Dob\u00edjec\u00ed vapovac\u00ed pero Hromadn\u00fd n\u00e1kup Velkoobchod<\/h1>\n<p data-start=\"1245\" data-end=\"1398\">Uwin Crystal 10000 Puffs je kompaktn\u00ed dob\u00edjec\u00ed jednor\u00e1zov\u00e1 elektronick\u00e1 cigareta, kter\u00e1 vydr\u017e\u00ed a\u017e 10 000 pot\u00e1hnut\u00ed na za\u0159\u00edzen\u00ed, nab\u00edz\u00ed n\u00edzk\u00e9 nikotinov\u00e9 varianty od 0.2% do 3.5% a p\u0159ich\u00e1z\u00ed v r\u016fzn\u00fdch p\u0159\u00edchut\u00edch pro snadnou denn\u00ed v\u00fdm\u011bnu cigaret.<\/p>\n<p data-start=\"603\" data-end=\"949\"><strong data-start=\"603\" data-end=\"643\">10 000 pot\u00e1hnut\u00ed pro skute\u010dnou denn\u00ed vzd\u00e1lenost.<\/strong><br data-start=\"643\" data-end=\"646\" \/>S <strong data-start=\"653\" data-end=\"672\">Hodnocen\u00ed 10K pot\u00e1hnut\u00ed<\/strong>, Uwin Crystal spad\u00e1 do kategorie \u201epou\u017e\u00edvejte ho chv\u00edli, ne na v\u00edkend\u201c. Vyhovuje lidem, kte\u0159\u00ed cht\u011bj\u00ed za\u0159\u00edzen\u00ed, je\u017e vydr\u017e\u00ed pracovn\u00ed dny, doj\u00ed\u017ed\u011bn\u00ed a ve\u010dery venku bez neust\u00e1l\u00e9ho dopl\u0148ov\u00e1n\u00ed. V <strong data-start=\"870\" data-end=\"900\">jednor\u00e1zov\u00e1 vape s 10 000 pot\u00e1hnut\u00ed<\/strong> je to podstata: m\u00e9n\u011b v\u00fdm\u011bn, m\u00e9n\u011b starost\u00ed.<\/p>\n<p data-start=\"951\" data-end=\"1264\"><strong data-start=\"951\" data-end=\"994\">N\u00edzk\u00e9 nikotinov\u00e9 koncentrace, kter\u00e9 nep\u0159et\u011b\u017euj\u00ed.<\/strong><br data-start=\"994\" data-end=\"997\" \/>Uwin Crystal nab\u00edz\u00ed <strong data-start=\"1017\" data-end=\"1039\">0.2%\u20133.5% nikotinov\u00e9<\/strong> \u00farovn\u011b, co\u017e d\u00e1v\u00e1 ku\u0159\u00e1k\u016fm prostor vybrat si, co jim vyhovuje. Lehk\u00fd nikotin je vhodn\u00fd pro p\u0159\u00edle\u017eitostn\u00e9 u\u017eivatele nebo ty, kte\u0159\u00ed sni\u017euj\u00ed d\u00e1vky, zat\u00edmco vy\u0161\u0161\u00ed hodnoty vyhovuj\u00ed komukoliv, kdo chce st\u00e1le c\u00edtit v\u00fdrazn\u00fd efekt, ale nechce p\u0159ej\u00edt na siln\u011bj\u0161\u00ed soli.<\/p>\n<p data-start=\"1266\" data-end=\"1564\"><strong data-start=\"1266\" data-end=\"1329\">Dob\u00edjec\u00ed design, kter\u00fd chr\u00e1n\u00ed za\u0159\u00edzen\u00ed p\u0159ed p\u0159ed\u010dasn\u00fdm vybit\u00edm.<\/strong><br data-start=\"1329\" data-end=\"1332\" \/>Toto je <strong data-start=\"1342\" data-end=\"1399\">Uwin Crystal 10000 Puffs dob\u00edjec\u00e1 jednor\u00e1zov\u00e1 vape<\/strong>. Dob\u00edjen\u00ed znamen\u00e1, \u017ee ho nemus\u00edte vyhodit jen proto, \u017ee se vybije baterie d\u0159\u00edve, ne\u017e dojde kapalina. Je to praktick\u00e9 \u0159e\u0161en\u00ed pro za\u0159\u00edzen\u00ed s vysok\u00fdm po\u010dtem pot\u00e1hnut\u00ed.<\/p>\n<p data-start=\"1566\" data-end=\"1794\"><strong data-start=\"1566\" data-end=\"1599\">Kapesn\u00ed t\u011blo s krystalov\u00fdm vzhledem.<\/strong><br data-start=\"1599\" data-end=\"1602\" \/>Konstrukce je kompaktn\u00ed a \u010dist\u00e9ho vzhledu, snadno se vejde do kapsy u saka, do auta nebo do z\u00e1suvky na stole a je p\u0159ipravena na rychl\u00e9 p\u0159est\u00e1vky.<\/p>\n<p data-start=\"1796\" data-end=\"2073\"><strong data-start=\"1796\" data-end=\"1834\">Sortiment p\u0159\u00edchut\u00ed, kter\u00fd je jednoduch\u00fd.<\/strong><br data-start=\"1834\" data-end=\"1837\" \/>K dispozici je n\u011bkolik mo\u017enost\u00ed p\u0159\u00edchut\u00ed, tak\u017ee u\u017eivatel\u00e9 si mohou vybrat to, co maj\u00ed r\u00e1di \u2014 ovoce, osv\u011b\u017euj\u00edc\u00ed sm\u011bsi nebo slad\u0161\u00ed profily \u2014 ani\u017e by museli m\u011bnit za\u0159\u00edzen\u00ed pro rozmanitost. Pro obchody to usnad\u0148uje p\u0159izp\u016fsoben\u00ed Uwin Crystal 10K m\u00edstn\u00edm trend\u016fm chuti.<\/p>\n<h3><strong>Pro\u010d spolupracovat s vapestornado?<\/strong><\/h3>\n<p>vapestornado je va\u0161\u00edm dodavatelem pro nejlep\u0161\u00ed hromadn\u00e9 nab\u00eddky na jednor\u00e1zov\u00e1 vape pera, jako je Uwin Crystal 10000 pot\u00e1hnut\u00ed. D\u00edky konkurenceschopn\u00fdm cen\u00e1m, v\u00fdjime\u010dn\u00fdm p\u0159epravn\u00edm slu\u017eb\u00e1m a z\u00e1vazku ke kvalit\u011b zaji\u0161\u0165ujeme bezprobl\u00e9mov\u00fd n\u00e1kup pro velkoobchodn\u00ed n\u00e1kup\u010d\u00ed v cel\u00e9 \u010cesk\u00e9 republice.<\/p>\n<p>&nbsp;<\/p>\n<p><span style=\"color: #ff0000;\"><strong>P\u0159idejte si Amyin Whatsapp, z\u00edskejte okam\u017eitou odpov\u011b\u010f a kup\u00f3n na vape!<\/strong><\/span><\/p>\n<p><img fetchpriority=\"high\" decoding=\"async\" class=\"size-full wp-image-2932\" src=\"https:\/\/vapestornado.com\/wp-content\/uploads\/2024\/12\/Vape-Wholesale.jpg\" alt=\"Velkoobchod s vape\" width=\"229\" height=\"300\" \/><\/p>\n<h3><a href=\"https:\/\/wa.me\/8617776015835\" target=\"_blank\" rel=\"noopener\"><span style=\"color: #ff0000;\"><strong>WhatsApp: +86 17776015835<\/strong><\/span><\/a><\/h3>\n<p>&nbsp;<\/p>\n<h2 class=\"product-title\"><strong>Vlastnosti produktu Uwin Crystal 10000<\/strong><\/h2>\n<div role=\"article\" data-tabster=\"{&quot;groupper&quot;:{&quot;tabbability&quot;:2},&quot;focusable&quot;:{}}\" data-content=\"ai-message\" aria-labelledby=\"juhNTJ6o7Gk1cgwZMJgv2-author juhNTJ6o7Gk1cgwZMJgv2-content\">\n<div id=\"juhNTJ6o7Gk1cgwZMJgv2-content\">\n<div role=\"article\" data-tabster=\"{&quot;groupper&quot;:{&quot;tabbability&quot;:2},&quot;focusable&quot;:{}}\" data-content=\"ai-message\" aria-labelledby=\"x4EZuCZWrTbh3weWUt7CU-author x4EZuCZWrTbh3weWUt7CU-content\">\n<div id=\"x4EZuCZWrTbh3weWUt7CU-content\">\n<div class=\"flex max-w-full flex-col flex-grow\">\n<div class=\"min-h-8 text-message flex w-full flex-col items-end gap-2 whitespace-normal break-words text-start [.text-message+&amp;]:mt-5\" dir=\"auto\" data-message-author-role=\"assistant\" data-message-id=\"52c6e00a-252f-4104-805d-2f1a84739c71\" data-message-model-slug=\"gpt-4o\">\n<div class=\"flex w-full flex-col gap-1 empty:hidden first:pt-[3px]\">\n<div class=\"markdown prose w-full break-words dark:prose-invert light\">\n<h3><\/h3>\n<table>\n<thead>\n<tr>\n<th>Funkce \/ Parametr<\/th>\n<th align=\"right\">Specifikace<\/th>\n<th>Vysv\u011btlen\u00ed<\/th>\n<\/tr>\n<\/thead>\n<tbody>\n<tr>\n<td>N\u00e1zev produktu<\/td>\n<td align=\"right\">Jednor\u00e1zov\u00e1 e-cigareta Uwin Crystal 10000 Puffs<\/td>\n<td>Jasn\u00e9 pojmenov\u00e1n\u00ed pro opakovan\u00e9 objedn\u00e1vky a vyhled\u00e1v\u00e1n\u00ed.<\/td>\n<\/tr>\n<tr>\n<td>Kapacita pot\u00e1hnut\u00ed<\/td>\n<td align=\"right\">A\u017e 10 000 pot\u00e1hnut\u00ed<\/td>\n<td>Del\u0161\u00ed pou\u017eit\u00ed ne\u017e standardn\u00ed jednor\u00e1zov\u00e9; m\u00e9n\u011b v\u00fdm\u011bn.<\/td>\n<\/tr>\n<tr>\n<td>\u00darovn\u011b nikotinu<\/td>\n<td align=\"right\">0.2% \u2013 3.5%<\/td>\n<td>N\u00edzk\u00e9 nikotinov\u00e9 spektrum pro leh\u010d\u00ed denn\u00ed pou\u017eit\u00ed nebo postupn\u00e9 sni\u017eov\u00e1n\u00ed.<\/td>\n<\/tr>\n<tr>\n<td>Baterie<\/td>\n<td align=\"right\">Dob\u00edjec\u00ed<\/td>\n<td>Pom\u00e1h\u00e1 v\u00e1m dokon\u010dit tekutinu m\u00edsto ztr\u00e1ty potah\u016f kv\u016fli vybit\u00ed baterie.<\/td>\n<\/tr>\n<tr>\n<td>Design<\/td>\n<td align=\"right\">Kompaktn\u00ed t\u011blo ve stylu krystalu<\/td>\n<td>Snadn\u00e9 p\u0159en\u00e1\u0161en\u00ed, \u010dist\u00fd vzhled, vhodn\u00e9 do ka\u017edodenn\u00ed rutiny.<\/td>\n<\/tr>\n<tr>\n<td>Mo\u017enosti p\u0159\u00edchut\u00ed<\/td>\n<td align=\"right\">V\u00edce p\u0159\u00edchut\u00ed<\/td>\n<td>Umo\u017e\u0148uje u\u017eivatel\u016fm vybrat si obvyklou chu\u0165 bez dal\u0161\u00edch za\u0159\u00edzen\u00ed.<\/td>\n<\/tr>\n<tr>\n<td>Pou\u017eit\u00ed<\/td>\n<td align=\"right\">Aktivace potahem<\/td>\n<td>\u017d\u00e1dn\u00e9 tla\u010d\u00edtka; vdechujte pro vapov\u00e1n\u00ed.<\/td>\n<\/tr>\n<\/tbody>\n<\/table>\n<\/div>\n<\/div>\n<\/div>\n<\/div>\n<div class=\"mb-2 flex gap-3 empty:hidden -ml-2\">\n<figure id=\"attachment_3662\" aria-describedby=\"caption-attachment-3662\" style=\"width: 800px\" class=\"wp-caption alignnone\"><img decoding=\"async\" class=\"wp-image-3662 size-full\" src=\"https:\/\/vapestornado.com\/wp-content\/uploads\/2025\/01\/UWIN-Crystal-10000-Puff-Disposable-Vape-Wholesale-Cheap-Price.webp\" alt=\"UWIN Crystal 10000 Puffs Jednor\u00e1zov\u00fd Vape Velkoobchodn\u00ed levn\u00e1 cena\" width=\"800\" height=\"880\" srcset=\"https:\/\/vapestornado.com\/wp-content\/uploads\/2025\/01\/UWIN-Crystal-10000-Puff-Disposable-Vape-Wholesale-Cheap-Price.webp 800w, https:\/\/vapestornado.com\/wp-content\/uploads\/2025\/01\/UWIN-Crystal-10000-Puff-Disposable-Vape-Wholesale-Cheap-Price-273x300.webp 273w, https:\/\/vapestornado.com\/wp-content\/uploads\/2025\/01\/UWIN-Crystal-10000-Puff-Disposable-Vape-Wholesale-Cheap-Price-768x845.webp 768w, https:\/\/vapestornado.com\/wp-content\/uploads\/2025\/01\/UWIN-Crystal-10000-Puff-Disposable-Vape-Wholesale-Cheap-Price-600x660.webp 600w\" sizes=\"(max-width: 800px) 100vw, 800px\" \/><figcaption id=\"caption-attachment-3662\" class=\"wp-caption-text\">UWIN Crystal 10000 Puffs Jednor\u00e1zov\u00fd Vape Velkoobchodn\u00ed levn\u00e1 cena<\/figcaption><\/figure>\n<\/div>\n<\/div>\n<\/div>\n<\/div>\n<\/div>\n<h2 class=\"product-title\"><strong>Obl\u00edben\u00e1 p\u0159\u00edchu\u0165 pro Uwin Crystal 10000<\/strong><strong>\u00a0<\/strong><strong>Jednor\u00e1zov\u00e9 vaporiz\u00e9ry<\/strong><\/h2>\n<h2 class=\"product-title\"><\/h2>\n<p>Objevte sv\u011bt chut\u00ed s Uwin Crystal 10000 Puffs. Od osv\u011b\u017euj\u00edc\u00ed m\u00e1ty po ovocn\u00e9 po\u017eitky, \u0161irok\u00e1 \u0161k\u00e1la mo\u017enost\u00ed zajist\u00ed, \u017ee se najde perfektn\u00ed shoda pro ka\u017edou n\u00e1ladu a chu\u0165. Najd\u011bte pros\u00edm obl\u00edbenou p\u0159\u00edchu\u0165 podle na\u0161eho data prodeje a zp\u011btn\u00e9 vazby od z\u00e1kazn\u00edk\u016f.<\/p>\n<p>1.Bor\u016fvka Malina <span style=\"color: #ff0000;\"><strong>&gt;&gt;&gt;&gt; \u017dhav\u00e9 !<\/strong><\/span><br \/>\n2.Hroznov\u00e9 v\u00edno led<br \/>\n3. Jahoda vodn\u00ed meloun<br \/>\n4.Bor\u016fvka na ledu<br \/>\n5. Melounov\u00fd led <span style=\"color: #ff0000;\"><strong>&gt;&gt;&gt;&gt; \u017dhav\u00e9 !<\/strong><\/span><br \/>\n6.T\u0159e\u0161e\u0148 led<br \/>\n7.Jahoda malina t\u0159e\u0161e\u0148 <span style=\"color: #ff0000;\"><strong>&gt;&gt;&gt;&gt; \u017dhav\u00e9 !<\/strong><\/span><br \/>\n8.Kiwi Marakuja guava<br \/>\n9.Jahoda led<br \/>\n10.Broskev led<br \/>\n11.Jahoda kiwi<br \/>\n12.Broskev lesn\u00ed plody<br \/>\n13.T\u0159e\u0161\u0148ov\u00e1 cola <span style=\"color: #ff0000;\"><strong>&gt;&gt;&gt;&gt; \u017dhav\u00e9 !<\/strong><\/span><br \/>\n14.Sm\u011bs lesn\u00edch plod\u016f<br \/>\n15.Pan modr\u00fd<br \/>\n16.Broskev, mango, ananas<br \/>\n17.Dv\u011b jablka<br \/>\n18.Jahoda, brusinka, t\u0159e\u0161e\u0148 <span style=\"color: #ff0000;\"><strong>&gt;&gt;&gt;&gt; Nejlep\u0161\u00ed !<\/strong><\/span><br \/>\n19.Jahoda, ban\u00e1n<br \/>\n20.Lady Killa<br \/>\n21.Limon\u00e1da z modr\u00e9 maliny<br \/>\n22.Red Bull <span style=\"color: #ff0000;\"><strong>&gt;&gt;&gt;&gt; \u017dhav\u00e9 !<\/strong><\/span><br \/>\n23.Jahodov\u00e9 hrozny<br \/>\n24.T\u0159e\u0161\u0148ov\u00e9 bobule<br \/>\n25.Love 66<br \/>\n26.Led z mu\u010denky<br \/>\n27.Ledov\u00e1 cola<br \/>\n28.M\u00e1ta Miami <span style=\"color: #ff0000;\"><strong>&gt;&gt;&gt;&gt; \u017dhav\u00e9 !<\/strong><\/span><br \/>\n29.Vanilkov\u00e1 zmrzlina<br \/>\n30.Citron a limetka<\/p>\n<div class=\"flex-shrink-0 flex flex-col relative items-end\">\n<div class=\"pt-0\">\n<div class=\"gizmo-bot-avatar flex h-8 w-8 items-center justify-center overflow-hidden rounded-full\">\n<div class=\"relative p-1 rounded-sm flex items-center justify-center bg-token-main-surface-primary text-token-text-primary h-8 w-8\">\n<h3>\u010casto kladen\u00e9 dotazy k Uwin Crystal 10000 dob\u00edjec\u00ed<strong>\u00a0<\/strong>Jednor\u00e1zov\u00e1 vapka<\/h3>\n<h3><\/h3>\n<p data-start=\"2904\" data-end=\"3222\"><strong data-start=\"2904\" data-end=\"3008\">1. Je jednor\u00e1zov\u00fd vaporiz\u00e9r Uwin Crystal 10000 Puffs vhodn\u00fd pro n\u011bkoho, kdo p\u0159ech\u00e1z\u00ed z cigaret?<\/strong><br data-start=\"3008\" data-end=\"3011\" \/>Ano. <strong data-start=\"3020\" data-end=\"3064\">Jednor\u00e1zov\u00fd vaporiz\u00e9r Uwin Crystal 10000 Puffs<\/strong> nab\u00edz\u00ed dlouhou dobu provozu a nastaviteln\u00e9 n\u00edzk\u00e9 hladiny nikotinu, tak\u017ee ku\u0159\u00e1ci si mohou vybrat s\u00edlu, kter\u00e1 jim p\u0159ibli\u017en\u011b odpov\u00edd\u00e1 jejich obvykl\u00e9mu zvyklostem, a vyhnout se neust\u00e1l\u00e9 v\u00fdm\u011bn\u011b za\u0159\u00edzen\u00ed.<\/p>\n<p data-start=\"3224\" data-end=\"3539\"><strong data-start=\"3224\" data-end=\"3311\">2. Jak dlouho obvykle vydr\u017e\u00ed dob\u00edjec\u00ed jednor\u00e1zov\u00fd Uwin Crystal 10000 Puffs?<\/strong><br data-start=\"3311\" data-end=\"3314\" \/>\u017divotnost z\u00e1vis\u00ed na tom, jak \u010dasto vapujete, ale p\u0159i b\u011b\u017en\u00e9m denn\u00edm pou\u017e\u00edv\u00e1n\u00ed <strong data-start=\"3382\" data-end=\"3434\">dob\u00edjec\u00ed jednor\u00e1zov\u00fd Uwin Crystal 10000 Puffs<\/strong> obvykle vydr\u017e\u00ed mnohem d\u00e9le ne\u017e modely na 3k\u20135k potah\u016f d\u00edky vy\u0161\u0161\u00edmu po\u010dtu potah\u016f a dob\u00edjec\u00ed baterii.<\/p>\n<p data-start=\"3541\" data-end=\"3817\"><strong data-start=\"3541\" data-end=\"3619\">3. Jakou \u00farove\u0148 nikotinu bych m\u011bl zvolit pro Uwin Crystal 10000 Puffs?<\/strong><br data-start=\"3619\" data-end=\"3622\" \/>Pokud kou\u0159\u00edte lehce nebo chcete m\u00e9n\u011b nikotinu, za\u010dn\u011bte u <strong data-start=\"3677\" data-end=\"3688\">0.2%\u20131%<\/strong>. Pokud jste siln\u011bj\u0161\u00ed ku\u0159\u00e1k, ale st\u00e1le chcete st\u0159edn\u00ed d\u00e1vku, <strong data-start=\"3750\" data-end=\"3761\">2%\u20133.5%<\/strong> je obvykl\u00e9 rozmez\u00ed. Jde o kontrolu, nikoli p\u0159et\u00ed\u017een\u00ed.<\/p>\n<p data-start=\"3819\" data-end=\"4073\"><strong data-start=\"3819\" data-end=\"3892\">4. Udr\u017e\u00ed Uwin Crystal 10000 Puffs stejnou chu\u0165 i po \u010dase?<\/strong><br data-start=\"3892\" data-end=\"3895\" \/>Za\u0159\u00edzen\u00ed s vysok\u00fdm v\u00fdkonem mohou vyblednout, pokud c\u00edvka nedok\u00e1\u017ee zvl\u00e1dnout z\u00e1t\u011b\u017e. Uwin Crystal je navr\u017een pro st\u00e1l\u00e9 ka\u017edodenn\u00ed pou\u017eit\u00ed a dob\u00edjen\u00ed pom\u00e1h\u00e1 udr\u017eovat konzistentn\u00ed v\u00fdkon, dokud nedojde kapalina.<\/p>\n<p data-start=\"4075\" data-end=\"4309\"><strong data-start=\"4075\" data-end=\"4149\">5. Je Uwin Crystal 10000 Puffs snadno p\u0159enosn\u00fd do pr\u00e1ce nebo na cest\u00e1ch?<\/strong><br data-start=\"4149\" data-end=\"4152\" \/>Ano. Kompaktn\u00ed t\u011blo je navr\u017eeno pro kapsy a denn\u00ed ta\u0161ky. Je jednoduch\u00e9 pro lidi, kte\u0159\u00ed cht\u011bj\u00ed b\u011bhem p\u0159est\u00e1vek n\u011bco jednoduch\u00e9ho, ani\u017e by museli nosit n\u00e1hradn\u00ed vybaven\u00ed.<\/p>\n<p data-start=\"4075\" data-end=\"4309\">\n<\/div>\n<\/div>\n<\/div>\n<\/div>\n<div class=\"flex-shrink-0 flex flex-col relative items-end\">\n<div class=\"pt-0\">\n<div class=\"gizmo-bot-avatar flex h-8 w-8 items-center justify-center overflow-hidden rounded-full\">\n<div class=\"relative p-1 rounded-sm flex items-center justify-center bg-token-main-surface-primary text-token-text-primary h-8 w-8\">\n<div class=\"mb-2 flex gap-3 empty:hidden -ml-2\">\n<div role=\"article\" data-tabster=\"{&quot;groupper&quot;:{&quot;tabbability&quot;:2},&quot;focusable&quot;:{}}\" data-content=\"ai-message\" aria-labelledby=\"Vdt5ez4X7Tg813x6rFVha-author Vdt5ez4X7Tg813x6rFVha-content\">\n<div id=\"Vdt5ez4X7Tg813x6rFVha-content\">\n<div role=\"article\" data-tabster=\"{&quot;groupper&quot;:{&quot;tabbability&quot;:2},&quot;focusable&quot;:{}}\" data-content=\"ai-message\" aria-labelledby=\"o968oC7CEo2fGHsGdsRYC-author o968oC7CEo2fGHsGdsRYC-content\">\n<div id=\"o968oC7CEo2fGHsGdsRYC-content\">\n<h3>Pro\u010d zvolit vapestornado pro velkoobchod s jednor\u00e1zov\u00fdmi vaporiz\u00e9ry Uwin Crystal 10000 Puffs?<\/h3>\n<div class=\"flex-shrink-0 flex flex-col relative items-end\">\n<div class=\"pt-0\">\n<div class=\"gizmo-bot-avatar flex h-8 w-8 items-center justify-center overflow-hidden rounded-full\">\n<div class=\"relative p-1 rounded-sm flex items-center justify-center bg-token-main-surface-primary text-token-text-primary h-8 w-8\">\n<p>V\u00edtejte ve vapestornado, va\u0161em d\u016fv\u011bryhodn\u00e9m online vape shopu pro pr\u00e9miov\u00e9 jednor\u00e1zov\u00e9 vapy. S v\u00edce ne\u017e 5 lety zku\u0161enost\u00ed v\u00e1m p\u0159in\u00e1\u0161\u00edme obl\u00edben\u00e9 zna\u010dky jednor\u00e1zov\u00fdch vap\u016f, jako jsou Fumot RandM Vape, Vapme, Bang Vape, Waspe Vape a WGA Vape atd.<\/p>\n<p>N\u00e1\u0161 sortiment zahrnuje \u017ehav\u00e9 vapy, jako je <a href=\"https:\/\/vapestornado.com\/cs\/product\/randm-12000-puffs-fumot-digital-disposable-vape-wholesale-price\/\">RandM Tornado 12000<\/a>, a chu\u0165ov\u011b bohat\u00e9 varianty jako <a href=\"https:\/\/vapestornado.com\/cs\/product\/wga-crystal-pro-max-extra-15000-puffs-rechargeable-disposable-vape-wholesale-bulk-buy\/\">\u00a0WGA Crystal 15k Potah\u016f<\/a> . Ka\u017ed\u00fd produkt je vyb\u00edr\u00e1n s d\u016frazem na kvalitu, hodnotu a rozmanitost, abychom zajistili, \u017ee najdete to prav\u00e9 pro va\u0161e pot\u0159eby. Objevte v\u00fdjime\u010dn\u00e9 slu\u017eby a \u0161irokou \u0161k\u00e1lu \u0161pi\u010dkov\u00fdch produkt\u016f za velkoobchodn\u00ed ceny na vapestornado.<\/p>\n<\/div>\n<p>&nbsp;<\/p>\n<p><strong>Dal\u0161\u00ed obl\u00edben\u00e9 jednor\u00e1zov\u00e9 vapes<\/strong><\/p>\n<p><a href=\"https:\/\/vapestornado.com\/cs\/product\/vapsolo-tornado-pro-12000-puffs-2-5-low-nicotine-bulk-buy-rechargeable-disposable-vapes-pen-wholesale-price\/\">VapSolo Tornado Pro 12000 \u0161luk\u016f <span style=\"color: #ff0000;\"><strong>&gt;&gt;&gt;&gt; J\u00edt !<\/strong><\/span><\/a><\/p>\n<p><a href=\"https:\/\/vapestornado.com\/cs\/product\/jnr-mega-shisha-hookah-100000-puffs-disposable-vape-wholesale-price\/\">JNR Mega Shisha Hookah 100 \u0161luk\u016f<span style=\"color: #ff0000;\"><strong>&gt;&gt;&gt;&gt; J\u00edt !<\/strong><\/span><\/a><\/p>\n<p><a href=\"https:\/\/vapestornado.com\/cs\/product\/tornado-vape-fihp-15000-puffs-2-low-nicotine-disposable-vape-wholesale\/\">Tornado Vape FIHP 15000 <span style=\"color: #ff0000;\"><strong>&gt;&gt;&gt;&gt; J\u00edt !<\/strong><\/span><\/a><\/p>\n<\/div>\n<\/div>\n<\/div>\n<p>&nbsp;<\/p>\n<\/div>\n<\/div>\n<\/div>\n<\/div>\n<\/div>\n<\/div>\n<\/div>\n<\/div>\n<\/div>","protected":false},"excerpt":{"rendered":"<p>Uwin Crystal 10000 Puf\u016f Jednor\u00e1zov\u00fd Vaporiz\u00e9r pro Stabiln\u00ed Denn\u00ed Pou\u017eit\u00ed<br \/>\nUwin Crystal 10K Dob\u00edjec\u00ed Jednor\u00e1zov\u00fd s N\u00edzkou Nicitube Volbami<br \/>\nUwin Crystal 10000 Puf\u016f Bar S Bohat\u00fdmi P\u0159\u00edchut\u011bmi v Kompaktn\u00edm Krystalick\u00e9m T\u011ble<\/p>\n<p><strong>P\u0159idejte si Amy na WhatsApp pro rychlou odpov\u011b\u010f a kup\u00f3n na vapky!<\/strong><\/p>\n<p><img fetchpriority=\"high\" decoding=\"async\" class=\"size-full wp-image-2932\" src=\"https:\/\/vapestornado.com\/wp-content\/uploads\/2024\/12\/Vape-Wholesale.jpg\" alt=\"Velkoobchod s vape\" width=\"229\" height=\"300\" \/><\/p>\n<h3><a href=\"https:\/\/wa.me\/8617776015835\"><span style=\"color: #ff0000;\"><strong>WhatsApp: +86 17776015835<\/strong><\/span><\/a><\/h3>\n<p>&nbsp;<\/p>","protected":false},"featured_media":3664,"comment_status":"open","ping_status":"closed","template":"","meta":{"_acf_changed":false,"_uag_custom_page_level_css":"","_lmt_disableupdate":"no","_lmt_disable":"","_monsterinsights_skip_tracking":false,"_monsterinsights_sitenote_active":false,"_monsterinsights_sitenote_note":"","_monsterinsights_sitenote_category":0,"site-sidebar-layout":"default","site-content-layout":"","ast-site-content-layout":"default","site-content-style":"default","site-sidebar-style":"default","ast-global-header-display":"","ast-banner-title-visibility":"","ast-main-header-display":"","ast-hfb-above-header-display":"","ast-hfb-below-header-display":"","ast-hfb-mobile-header-display":"","site-post-title":"","ast-breadcrumbs-content":"","ast-featured-img":"","footer-sml-layout":"","ast-disable-related-posts":"","theme-transparent-header-meta":"default","adv-header-id-meta":"","stick-header-meta":"","header-above-stick-meta":"","header-main-stick-meta":"","header-below-stick-meta":"","astra-migrate-meta-layouts":"set","ast-page-background-enabled":"default","ast-page-background-meta":{"desktop":{"background-color":"","background-image":"","background-repeat":"repeat","background-position":"center center","background-size":"auto","background-attachment":"scroll","background-type":"","background-media":"","overlay-type":"","overlay-color":"","overlay-opacity":"","overlay-gradient":""},"tablet":{"background-color":"","background-image":"","background-repeat":"repeat","background-position":"center center","background-size":"auto","background-attachment":"scroll","background-type":"","background-media":"","overlay-type":"","overlay-color":"","overlay-opacity":"","overlay-gradient":""},"mobile":{"background-color":"","background-image":"","background-repeat":"repeat","background-position":"center center","background-size":"auto","background-attachment":"scroll","background-type":"","background-media":"","overlay-type":"","overlay-color":"","overlay-opacity":"","overlay-gradient":""}},"ast-content-background-meta":{"desktop":{"background-color":"var(--ast-global-color-5)","background-image":"","background-repeat":"repeat","background-position":"center center","background-size":"auto","background-attachment":"scroll","background-type":"","background-media":"","overlay-type":"","overlay-color":"","overlay-opacity":"","overlay-gradient":""},"tablet":{"background-color":"var(--ast-global-color-5)","background-image":"","background-repeat":"repeat","background-position":"center center","background-size":"auto","background-attachment":"scroll","background-type":"","background-media":"","overlay-type":"","overlay-color":"","overlay-opacity":"","overlay-gradient":""},"mobile":{"background-color":"var(--ast-global-color-5)","background-image":"","background-repeat":"repeat","background-position":"center center","background-size":"auto","background-attachment":"scroll","background-type":"","background-media":"","overlay-type":"","overlay-color":"","overlay-opacity":"","overlay-gradient":""}},"_joinchat":{"telephone":"+8617776015835"}},"product_brand":[],"product_cat":[106,153,160,143,146,233],"product_tag":[165,120,97,166,94,227,477],"class_list":{"0":"post-3683","1":"product","2":"type-product","3":"status-publish","4":"has-post-thumbnail","6":"product_cat-10000-puff","7":"product_cat-buy-disposable-vapes-in-italy","8":"product_cat-buy-disposable-vapes-in-switzerland","9":"product_cat-dual-mesh-disposable-vapes","10":"product_cat-rechargeable-disposable-vapes","11":"product_cat-uwin-vape","12":"product_tag-cheap-vapes","13":"product_tag-crystal-vape","14":"product_tag-hot-sale-disposable-vape","15":"product_tag-low-nicotine-vape","16":"product_tag-rechargeable-disposable-vape","17":"product_tag-uwin-crystal-10000","18":"product_tag-vape-with-rgb-light","19":"desktop-align-left","20":"tablet-align-left","21":"mobile-align-left","23":"first","24":"instock","25":"sale","26":"shipping-taxable","27":"purchasable","28":"product-type-simple"},"acf":[],"uagb_featured_image_src":{"full":["https:\/\/vapestornado.com\/wp-content\/uploads\/2025\/01\/UWIN-Crystal-10000-Puffs-Disposable-Vape-Wholesale.webp",800,870,false],"thumbnail":["https:\/\/vapestornado.com\/wp-content\/uploads\/2025\/01\/UWIN-Crystal-10000-Puffs-Disposable-Vape-Wholesale-150x150.webp",150,150,true],"medium":["https:\/\/vapestornado.com\/wp-content\/uploads\/2025\/01\/UWIN-Crystal-10000-Puffs-Disposable-Vape-Wholesale-276x300.webp",276,300,true],"medium_large":["https:\/\/vapestornado.com\/wp-content\/uploads\/2025\/01\/UWIN-Crystal-10000-Puffs-Disposable-Vape-Wholesale-768x835.webp",768,835,true],"large":["https:\/\/vapestornado.com\/wp-content\/uploads\/2025\/01\/UWIN-Crystal-10000-Puffs-Disposable-Vape-Wholesale.webp",800,870,false],"1536x1536":["https:\/\/vapestornado.com\/wp-content\/uploads\/2025\/01\/UWIN-Crystal-10000-Puffs-Disposable-Vape-Wholesale.webp",800,870,false],"2048x2048":["https:\/\/vapestornado.com\/wp-content\/uploads\/2025\/01\/UWIN-Crystal-10000-Puffs-Disposable-Vape-Wholesale.webp",800,870,false],"trp-custom-language-flag":["https:\/\/vapestornado.com\/wp-content\/uploads\/2025\/01\/UWIN-Crystal-10000-Puffs-Disposable-Vape-Wholesale.webp",11,12,false],"woocommerce_thumbnail":["https:\/\/vapestornado.com\/wp-content\/uploads\/2025\/01\/UWIN-Crystal-10000-Puffs-Disposable-Vape-Wholesale-300x300.webp",300,300,true],"woocommerce_single":["https:\/\/vapestornado.com\/wp-content\/uploads\/2025\/01\/UWIN-Crystal-10000-Puffs-Disposable-Vape-Wholesale-600x653.webp",600,653,true],"woocommerce_gallery_thumbnail":["https:\/\/vapestornado.com\/wp-content\/uploads\/2025\/01\/UWIN-Crystal-10000-Puffs-Disposable-Vape-Wholesale-100x100.webp",100,100,true]},"uagb_author_info":{"display_name":"ESAMY","author_link":"https:\/\/vapestornado.com\/cs\/author\/"},"uagb_comment_info":0,"uagb_excerpt":"Uwin Crystal 10000 Puffs Disposable Vape for Steady Daily Use Uwin Crystal 10K Rechargeable Disposable with Low-Nicitube Options Uwin Crystal 10000 Puff Bar Rich Flavors in a Compact Crystal Body Add Amy's whatsapp get right reply and vape coupon! WhatsApp: +86 17776015835 &nbsp;","_links":{"self":[{"href":"https:\/\/vapestornado.com\/cs\/wp-json\/wp\/v2\/product\/3683","targetHints":{"allow":["GET"]}}],"collection":[{"href":"https:\/\/vapestornado.com\/cs\/wp-json\/wp\/v2\/product"}],"about":[{"href":"https:\/\/vapestornado.com\/cs\/wp-json\/wp\/v2\/types\/product"}],"replies":[{"embeddable":true,"href":"https:\/\/vapestornado.com\/cs\/wp-json\/wp\/v2\/comments?post=3683"}],"wp:featuredmedia":[{"embeddable":true,"href":"https:\/\/vapestornado.com\/cs\/wp-json\/wp\/v2\/media\/3664"}],"wp:attachment":[{"href":"https:\/\/vapestornado.com\/cs\/wp-json\/wp\/v2\/media?parent=3683"}],"wp:term":[{"taxonomy":"product_brand","embeddable":true,"href":"https:\/\/vapestornado.com\/cs\/wp-json\/wp\/v2\/product_brand?post=3683"},{"taxonomy":"product_cat","embeddable":true,"href":"https:\/\/vapestornado.com\/cs\/wp-json\/wp\/v2\/product_cat?post=3683"},{"taxonomy":"product_tag","embeddable":true,"href":"https:\/\/vapestornado.com\/cs\/wp-json\/wp\/v2\/product_tag?post=3683"}],"curies":[{"name":"wp","href":"https:\/\/api.w.org\/{rel}","templated":true}]}}