{"id":3668,"date":"2025-01-03T09:09:38","date_gmt":"2025-01-03T09:09:38","guid":{"rendered":"https:\/\/vapestornado.com\/?post_type=product&#038;p=3668"},"modified":"2025-08-23T10:46:05","modified_gmt":"2025-08-23T10:46:05","slug":"wholesale-waspe-40000-puffs-dual-flavor-disposable-vape","status":"publish","type":"product","link":"https:\/\/vapestornado.com\/cs\/product\/wholesale-waspe-40000-puffs-dual-flavor-disposable-vape\/","title":{"rendered":"Velkoobchod Waspe 40000 pota\u017een\u00ed, jednor\u00e1zov\u00fd vape s dvojitou p\u0159\u00edchut\u00ed"},"content":{"rendered":"<h1>Velkoobchod Waspe 40000 pota\u017een\u00ed, jednor\u00e1zov\u00fd vape s dvojitou p\u0159\u00edchut\u00ed<\/h1>\n<p data-start=\"276\" data-end=\"565\">Ten <strong data-start=\"280\" data-end=\"329\">Waspe 40000 pot\u00e1hnut\u00ed Jednor\u00e1zov\u00e1 vape s du\u00e1ln\u00ed p\u0159\u00edchut\u00ed<\/strong> je ur\u010den pro velkoobchodn\u00edky a maloobchodn\u00edky, kte\u0159\u00ed hledaj\u00ed za\u0159\u00edzen\u00ed s vysokou kapacitou a jedine\u010dn\u00fdmi funkcemi. Nab\u00edz\u00ed a\u017e <strong data-start=\"437\" data-end=\"453\">40 000 pot\u00e1hnut\u00ed<\/strong> a <strong data-start=\"460\" data-end=\"482\">36ml n\u00e1dr\u017eku na e-liquid<\/strong>, tato vape poskytuje prodlou\u017een\u00e9 pou\u017e\u00edv\u00e1n\u00ed, \u010d\u00edm\u017e sni\u017euje pot\u0159ebu \u010dast\u00fdch v\u00fdm\u011bn.<\/p>\n<p data-start=\"567\" data-end=\"847\">Jeho <strong data-start=\"571\" data-end=\"593\">syst\u00e9m dvou p\u0159\u00edchut\u00ed<\/strong> umo\u017e\u0148uje u\u017eivatel\u016fm p\u0159ep\u00ednat mezi dv\u011bma profily p\u0159\u00edchut\u00ed v jednom za\u0159\u00edzen\u00ed, \u010d\u00edm\u017e zvy\u0161uje rozmanitost a p\u0159ita\u017elivost pro z\u00e1kazn\u00edky. Vybaveno <strong data-start=\"721\" data-end=\"752\">850mAh dob\u00edjec\u00ed bateri\u00ed<\/strong> a <strong data-start=\"757\" data-end=\"781\">Rychl\u00e9 nab\u00edjen\u00ed Type-C<\/strong>, Waspe 40K zaji\u0161\u0165uje spolehliv\u00fd v\u00fdkon po cel\u00fd den.<\/p>\n<p data-start=\"849\" data-end=\"1132\">Ten <strong data-start=\"853\" data-end=\"874\">LED chytr\u00fd displej<\/strong> informuje u\u017eivatele o \u017eivotnosti baterie a hladin\u011b e-liquidu, zat\u00edmco <strong data-start=\"946\" data-end=\"965\">0,9\u03a9 mesh spir\u00e1lky<\/strong> poskytuj\u00ed hladkou produkci p\u00e1ry a v\u00fdraznou chu\u0165. K dispozici v <strong data-start=\"1028\" data-end=\"1060\">S\u00edly nikotinu 2% a 5%<\/strong>, vyhovuje jak p\u0159\u00edle\u017eitostn\u00fdm u\u017eivatel\u016fm, tak t\u011bm, kte\u0159\u00ed preferuj\u00ed siln\u011bj\u0161\u00ed z\u00e1sah.<\/p>\n<p data-start=\"1134\" data-end=\"1325\">Pro distributory v Evrop\u011b <strong data-start=\"1165\" data-end=\"1197\">Waspe 40000 Vape s du\u00e1ln\u00ed p\u0159\u00edchut\u00ed<\/strong> kombinuje velkou kapacitu, modern\u00ed design a <strong data-start=\"1242\" data-end=\"1275\">konkuren\u010dn\u00ed velkoobchodn\u00ed ceny<\/strong>, co\u017e z n\u011bj \u010din\u00ed ziskovou volbu pro hromadn\u00e9 objedn\u00e1vky.<\/p>\n<p><img fetchpriority=\"high\" decoding=\"async\" class=\"alignnone size-medium wp-image-4246\" src=\"https:\/\/vapestornado.com\/wp-content\/uploads\/2024\/12\/Waspe-DOUBLE-FLAVOUR-40k-Vape-Discount-Price-300x234.jpg\" alt=\"Waspe DOUBLE FLAVOUR 40k Vape Ak\u010dn\u00ed cena\" width=\"300\" height=\"234\" srcset=\"https:\/\/vapestornado.com\/wp-content\/uploads\/2024\/12\/Waspe-DOUBLE-FLAVOUR-40k-Vape-Discount-Price-300x234.jpg 300w, https:\/\/vapestornado.com\/wp-content\/uploads\/2024\/12\/Waspe-DOUBLE-FLAVOUR-40k-Vape-Discount-Price-1024x799.jpg 1024w, https:\/\/vapestornado.com\/wp-content\/uploads\/2024\/12\/Waspe-DOUBLE-FLAVOUR-40k-Vape-Discount-Price-768x600.jpg 768w, https:\/\/vapestornado.com\/wp-content\/uploads\/2024\/12\/Waspe-DOUBLE-FLAVOUR-40k-Vape-Discount-Price-15x12.jpg 15w, https:\/\/vapestornado.com\/wp-content\/uploads\/2024\/12\/Waspe-DOUBLE-FLAVOUR-40k-Vape-Discount-Price-600x468.jpg 600w, https:\/\/vapestornado.com\/wp-content\/uploads\/2024\/12\/Waspe-DOUBLE-FLAVOUR-40k-Vape-Discount-Price.jpg 1500w\" sizes=\"(max-width: 300px) 100vw, 300px\" \/><\/p>\n<h3>Detail produktu<\/h3>\n<p>Pot\u00e1hnut\u00ed: 40000 pot\u00e1hnut\u00ed<br \/>\nDvojit\u00e1 p\u0159\u00edchu\u0165<br \/>\nMesh spir\u00e1lka: 0,9ohmu+0,9ohmu<br \/>\nE-liquid: 36ml<br \/>\nNikotin: 0%\/2%\/5%<br \/>\nBaterie: 850 mAh<br \/>\nDob\u00edjec\u00ed: Typ-C<br \/>\nLED displej<br \/>\nHmotnost produktu: 120 g\/ks Rozm\u011bry produktu: 61*31*115mm<br \/>\nMNO\u017dSTV\u00cd: 160ks\/ctn, 10ks\/krabice<br \/>\nHmotnost brutto: 20 kg<\/p>\n<h3><strong>Waspe 40000 Puffs Dvojit\u00e1 P\u0159\u00edchu\u0165<\/strong> Funkce<\/h3>\n<ol>\n<li><strong>Syst\u00e9m du\u00e1ln\u00ed p\u0159\u00edchut\u011b:<\/strong> U\u017eijte si dv\u011b odli\u0161n\u00e9 p\u0159\u00edchut\u011b v jednom za\u0159\u00edzen\u00ed pro jedine\u010dn\u00fd z\u00e1\u017eitek z vapov\u00e1n\u00ed.<\/li>\n<li><strong>Masivn\u00ed po\u010det pot\u00e1hnut\u00ed:<\/strong> Poskytuje a\u017e 40 000 pot\u00e1hnut\u00ed na za\u0159\u00edzen\u00ed pro del\u0161\u00ed pou\u017e\u00edv\u00e1n\u00ed.<\/li>\n<li><strong>Dob\u00edjec\u00ed baterie:<\/strong> Kapacita 850 mAh s rychl\u00fdm nab\u00edjen\u00edm Type-C.<\/li>\n<li><strong>Vysok\u00e1 kapacita e-liquidu:<\/strong> 36 ml e-liquidu zaji\u0161\u0165uje nep\u0159etr\u017eit\u00e9 vapov\u00e1n\u00ed.<\/li>\n<li><strong>Technologie mesh spir\u00e1lky:<\/strong> 0,9ohmov\u00e9 spir\u00e1lky pro zv\u00fdrazn\u011bnou chu\u0165 a hladkou produkci p\u00e1ry.<\/li>\n<\/ol>\n<h3>Seznam p\u0159\u00edchut\u00ed<\/h3>\n<ol start=\"1\" data-spread=\"false\" data-pm-slice=\"3 3 []\">\n<li>Melounov\u00fd led \/ Citron Limetka<\/li>\n<li>\u0160umiv\u00e1 t\u0159e\u0161e\u0148 s ledem \/ Bor\u016fvkov\u00e1 cukrov\u00e1 vata<\/li>\n<li>Jahodov\u00fd meloun \/ Bor\u016fvka Malina<\/li>\n<li>Red Bull s ledem \/ Jahoda Mango<\/li>\n<li>Broskvov\u00fd led \/ Ananas Mango Broskev<\/li>\n<li>Hroznov\u00fd led \/ Jahoda Kiwi<\/li>\n<li>M\u00edchan\u00e9 bobule \/ Dvojit\u00e9 jablko s ledem<\/li>\n<li>Modr\u00e1 malina limon\u00e1da \/ Melounov\u00e1 \u017ev\u00fdka\u010dka<\/li>\n<li>Jahoda Malina T\u0159e\u0161e\u0148 \/ Love 666<\/li>\n<li>Jahoda Ban\u00e1n \/ Ananas Kokosov\u00fd led<\/li>\n<li>Jahodov\u00fd meloun \u017ev\u00fdka\u010dka \/ M\u00edchan\u00e9 ovoce<\/li>\n<li>T\u0159e\u0161\u0148ov\u00e1 Cola s ledem \/ Jahoda Malina bonb\u00f3n<\/li>\n<li>Kysel\u00e9 jablko Malina \/ Jahodov\u00fd Big Bang<\/li>\n<li>Broskev Bobule \/ Meloun Mango Broskev<\/li>\n<li>Bor\u016fvkov\u00fd led \/ \u010cern\u00fd dra\u010d\u00ed led<\/li>\n<li>Jahoda T\u0159e\u0161e\u0148 \/ Kiwi Mu\u010denka Guava<\/li>\n<\/ol>\n<h4><strong>Top 5 p\u0159\u00edchut\u00ed<\/strong><\/h4>\n<ol start=\"1\" data-spread=\"false\">\n<li><strong>Melounov\u00fd led \/ Citron Limetka:<\/strong> Osv\u011b\u017euj\u00edc\u00ed v\u00fdbuch letn\u00edho ovoce s citrusov\u00fdm n\u00e1dechem.<\/li>\n<li><strong>\u0160umiv\u00fd t\u0159e\u0161\u0148ov\u00fd led \/ Bor\u016fvkov\u00e1 cukrov\u00e1 vata:<\/strong> Sladk\u00e1 a \u0161umiv\u00e1 dokonalost pro milovn\u00edky dezert\u016f.<\/li>\n<li><strong>Jahodov\u00fd meloun \/ Bor\u016fvka Malina:<\/strong> Ovocn\u00e1 sm\u011bs, kter\u00e1 je sladk\u00e1 i pikantn\u00ed.<\/li>\n<li><strong>Red Bull Ice \/ Jahoda Mango:<\/strong> Energizuj\u00edc\u00ed a tropick\u00e9, ide\u00e1ln\u00ed pro povzbuzen\u00ed.<\/li>\n<li><strong>Broskvov\u00fd led \/ Ananas Mango Broskev:<\/strong> Tropick\u00e9 trio s chladiv\u00fdm, ledov\u00fdm z\u00e1v\u011brem.<\/li>\n<\/ol>\n<h2 data-start=\"135\" data-end=\"179\">Porovn\u00e1n\u00ed \u0159ady WASPE (Velkoobchodn\u00ed pr\u016fvodce)<\/h2>\n<p data-start=\"181\" data-end=\"206\"><strong data-start=\"181\" data-end=\"204\">WASPE Torn\u00e1do 15000<\/strong><\/p>\n<ul data-start=\"207\" data-end=\"569\">\n<li data-start=\"207\" data-end=\"224\">\n<p data-start=\"209\" data-end=\"224\">\u0160luky: 15 000<\/p>\n<\/li>\n<li data-start=\"225\" data-end=\"257\">\n<p data-start=\"227\" data-end=\"257\">Baterie: 850mAh dob\u00edjec\u00ed<\/p>\n<\/li>\n<li data-start=\"258\" data-end=\"285\">\n<p data-start=\"260\" data-end=\"285\">Kapacita e-liquidu: 25 ml<\/p>\n<\/li>\n<li data-start=\"286\" data-end=\"310\">\n<p data-start=\"288\" data-end=\"310\">Typ spir\u00e1lky: Mesh 0.8\u03a9<\/p>\n<\/li>\n<li data-start=\"311\" data-end=\"382\">\n<p data-start=\"313\" data-end=\"382\">Kl\u00ed\u010dov\u00e9 vlastnosti: Digit\u00e1ln\u00ed displej, kompaktn\u00ed design, rychl\u00e9 nab\u00edjen\u00ed Type-C<\/p>\n<\/li>\n<li data-start=\"383\" data-end=\"419\">\n<p data-start=\"385\" data-end=\"419\">Mo\u017enosti nikotinu: 0%, 2%, 3%, 5%<\/p>\n<\/li>\n<li data-start=\"420\" data-end=\"499\">\n<p data-start=\"422\" data-end=\"499\">C\u00edlov\u00ed z\u00e1kazn\u00edci: Za\u010d\u00e1te\u010dn\u00edci, maloobchodn\u00edci hledaj\u00edc\u00ed cenov\u011b dostupn\u00e9 z\u00e1soby<\/p>\n<\/li>\n<li data-start=\"500\" data-end=\"569\">\n<p data-start=\"502\" data-end=\"569\">Velkoobchodn\u00ed kl\u00ed\u010dov\u00e1 slova: Jednor\u00e1zov\u00e1 vape Waspe 15K, velkoobchodn\u00ed vape pero<\/p>\n<\/li>\n<\/ul>\n<hr data-start=\"571\" data-end=\"574\" \/>\n<p data-start=\"576\" data-end=\"601\"><strong data-start=\"576\" data-end=\"599\">WASPE 25000 Digit\u00e1ln\u00ed<\/strong><\/p>\n<ul data-start=\"602\" data-end=\"1000\">\n<li data-start=\"602\" data-end=\"619\">\n<p data-start=\"604\" data-end=\"619\">\u0160luky: 25 000<\/p>\n<\/li>\n<li data-start=\"620\" data-end=\"652\">\n<p data-start=\"622\" data-end=\"652\">Baterie: 850mAh dob\u00edjec\u00ed<\/p>\n<\/li>\n<li data-start=\"653\" data-end=\"680\">\n<p data-start=\"655\" data-end=\"680\">Kapacita e-liquidu: 28 ml<\/p>\n<\/li>\n<li data-start=\"681\" data-end=\"705\">\n<p data-start=\"683\" data-end=\"705\">Typ spir\u00e1lky: Mesh 1.0\u03a9<\/p>\n<\/li>\n<li data-start=\"706\" data-end=\"794\">\n<p data-start=\"708\" data-end=\"794\">Kl\u00ed\u010dov\u00e9 vlastnosti: Chytr\u00e1 LED obrazovka, p\u0159ep\u00edna\u010d du\u00e1ln\u00ed chuti, ekologick\u00fd dob\u00edjec\u00ed design<\/p>\n<\/li>\n<li data-start=\"795\" data-end=\"831\">\n<p data-start=\"797\" data-end=\"831\">Mo\u017enosti nikotinu: 0%, 2%, 3%, 5%<\/p>\n<\/li>\n<li data-start=\"832\" data-end=\"919\">\n<p data-start=\"834\" data-end=\"919\">C\u00edlov\u00ed z\u00e1kazn\u00edci: Maloobchodn\u00edci zam\u011b\u0159en\u00ed na kupuj\u00edc\u00ed st\u0159edn\u00ed t\u0159\u00eddy, distributo\u0159i v Polsku<\/p>\n<\/li>\n<li data-start=\"920\" data-end=\"1000\">\n<p data-start=\"922\" data-end=\"1000\">Velkoobchodn\u00ed kl\u00ed\u010dov\u00e1 slova: Digit\u00e1ln\u00ed vape Waspe 25K, velkoobchod s jednor\u00e1zov\u00fdmi vapy s du\u00e1ln\u00ed p\u0159\u00edchut\u00ed<\/p>\n<\/li>\n<\/ul>\n<hr data-start=\"1002\" data-end=\"1005\" \/>\n<p data-start=\"1007\" data-end=\"1042\"><strong data-start=\"1007\" data-end=\"1040\">WASPE FIHP 30000 Chytr\u00e1 Obrazovka<\/strong><\/p>\n<ul data-start=\"1043\" data-end=\"1431\">\n<li data-start=\"1043\" data-end=\"1060\">\n<p data-start=\"1045\" data-end=\"1060\">\u0160luky: 30 000<\/p>\n<\/li>\n<li data-start=\"1061\" data-end=\"1093\">\n<p data-start=\"1063\" data-end=\"1093\">Baterie: 850mAh dob\u00edjec\u00ed<\/p>\n<\/li>\n<li data-start=\"1094\" data-end=\"1121\">\n<p data-start=\"1096\" data-end=\"1121\">Kapacita e-liquidu: 28 ml<\/p>\n<\/li>\n<li data-start=\"1122\" data-end=\"1158\">\n<p data-start=\"1124\" data-end=\"1158\">Typ spir\u00e1lky: Du\u00e1ln\u00ed Mesh 1.0\u03a9 + 1.0\u03a9<\/p>\n<\/li>\n<li data-start=\"1159\" data-end=\"1246\">\n<p data-start=\"1161\" data-end=\"1246\">Kl\u00ed\u010dov\u00e9 vlastnosti: Chytr\u00fd displej, dva re\u017eimy vapov\u00e1n\u00ed (Regular<\/p>\n<\/li>\n<li data-start=\"1247\" data-end=\"1275\">\n<p data-start=\"1249\" data-end=\"1275\">Mo\u017enosti nikotinu: 2%, 5%<\/p>\n<\/li>\n<li data-start=\"1276\" data-end=\"1352\">\n<p data-start=\"1278\" data-end=\"1352\">C\u00edlov\u00ed z\u00e1kazn\u00edci: Obchody zam\u011b\u0159en\u00e9 na pr\u00e9miov\u00e9 produkty, nad\u0161enci do chut\u00ed<\/p>\n<\/li>\n<li data-start=\"1353\" data-end=\"1431\">\n<p data-start=\"1355\" data-end=\"1431\">Velkoobchodn\u00ed kl\u00ed\u010dov\u00e1 slova: Waspe FIHP 30K vape, velkoobchod s jednor\u00e1zov\u00fdmi za\u0159\u00edzen\u00edmi s chytrou obrazovkou<\/p>\n<\/li>\n<\/ul>\n<hr data-start=\"1433\" data-end=\"1436\" \/>\n<p data-start=\"1438\" data-end=\"1467\"><strong data-start=\"1438\" data-end=\"1465\">WASPE 40000 Dvojit\u00e1 P\u0159\u00edchu\u0165<\/strong><\/p>\n<ul data-start=\"1468\" data-end=\"1847\">\n<li data-start=\"1468\" data-end=\"1485\">\n<p data-start=\"1470\" data-end=\"1485\">Po\u010det pot\u00e1hnut\u00ed: 40 000<\/p>\n<\/li>\n<li data-start=\"1486\" data-end=\"1518\">\n<p data-start=\"1488\" data-end=\"1518\">Baterie: 850mAh dob\u00edjec\u00ed<\/p>\n<\/li>\n<li data-start=\"1519\" data-end=\"1546\">\n<p data-start=\"1521\" data-end=\"1546\">Kapacita e-liquidu: 36 ml<\/p>\n<\/li>\n<li data-start=\"1547\" data-end=\"1576\">\n<p data-start=\"1549\" data-end=\"1576\">Typ spir\u00e1lky: Du\u00e1ln\u00ed Mesh 0,9 \u03a9<\/p>\n<\/li>\n<li data-start=\"1577\" data-end=\"1655\">\n<p data-start=\"1579\" data-end=\"1655\">Kl\u00ed\u010dov\u00e9 vlastnosti: Syst\u00e9m du\u00e1ln\u00ed chuti, LED chytr\u00fd displej, dlouhotrvaj\u00edc\u00ed kapacita<\/p>\n<\/li>\n<li data-start=\"1656\" data-end=\"1684\">\n<p data-start=\"1658\" data-end=\"1684\">Mo\u017enosti nikotinu: 2%, 5%<\/p>\n<\/li>\n<li data-start=\"1685\" data-end=\"1762\">\n<p data-start=\"1687\" data-end=\"1762\">C\u00edlov\u00ed z\u00e1kazn\u00edci: N\u00e1ro\u010dn\u00ed u\u017eivatel\u00e9, distributo\u0159i hledaj\u00edc\u00ed za\u0159\u00edzen\u00ed s dlouhou \u017eivotnost\u00ed<\/p>\n<\/li>\n<li data-start=\"1763\" data-end=\"1847\">\n<p data-start=\"1765\" data-end=\"1847\">Velkoobchodn\u00ed kl\u00ed\u010dov\u00e1 slova: Waspe 40K dual flavor vape, velkoobchod s jednor\u00e1zov\u00fdmi vape v Evrop\u011b<\/p>\n<\/li>\n<\/ul>\n<h3 data-pm-slice=\"1 3 []\"><strong>\u010casto kladen\u00e9 ot\u00e1zky<\/strong><\/h3>\n<ol start=\"1\" data-spread=\"true\">\n<li><strong>Jak dlouho vydr\u017e\u00ed jednor\u00e1zov\u00e1 e-cigareta Waspe 40000 Puffs?<\/strong> S a\u017e 40 000 pot\u00e1hnut\u00edmi m\u016f\u017ee vydr\u017eet t\u00fddny nebo dokonce m\u011bs\u00edce, v z\u00e1vislosti na pou\u017eit\u00ed.<\/li>\n<li><strong>Je jednor\u00e1zov\u00e1 e-cigareta Waspe 40000 Puffs dob\u00edjec\u00ed?<\/strong> Ano, je vybavena dob\u00edjec\u00ed bateri\u00ed s kapacitou 850 mAh s nab\u00edjec\u00edm portem Type-C.<\/li>\n<li><strong>Jak\u00e9 jsou dostupn\u00e9 \u00farovn\u011b nikotinu?<\/strong> Vyberte si mezi 0%, 2% nebo 5% nikotinem, aby odpov\u00eddal va\u0161im pot\u0159eb\u00e1m.<\/li>\n<li><strong>Podporuje za\u0159\u00edzen\u00ed du\u00e1ln\u00ed p\u0159\u00edchut\u011b?<\/strong> Ano, je dod\u00e1v\u00e1n se syst\u00e9mem du\u00e1ln\u00ed p\u0159\u00edchut\u011b pro vylep\u0161en\u00fd z\u00e1\u017eitek z vapingu.<\/li>\n<li><strong>\u010c\u00edm vynik\u00e1 Waspe 40000 Puffs?<\/strong> Jeho masivn\u00ed po\u010det pot\u00e1hnut\u00ed, du\u00e1ln\u00ed p\u0159\u00edchut\u011b, dob\u00edjec\u00ed baterie a vynikaj\u00edc\u00ed kvalita proveden\u00ed jej odli\u0161uj\u00ed.<\/li>\n<\/ol>\n<h4>WASPE 40000 Dual Flavor vapes velkoobchod Kontaktujte n\u00e1s a z\u00edskejte slevu!<a href=\"https:\/\/wa.me\/8618077105750\" target=\"_blank\" rel=\"noopener\">+8618077105750<\/a><\/h4>\n<p><img decoding=\"async\" class=\"size-large wp-image-2921\" src=\"https:\/\/vapestornado.com\/wp-content\/uploads\/2024\/11\/20062b3a285f900e79520aad496b94d-887x1024.jpg\" alt=\"vapestornado Vicky\" width=\"887\" height=\"1024\" srcset=\"https:\/\/vapestornado.com\/wp-content\/uploads\/2024\/11\/20062b3a285f900e79520aad496b94d-887x1024.jpg 887w, https:\/\/vapestornado.com\/wp-content\/uploads\/2024\/11\/20062b3a285f900e79520aad496b94d-260x300.jpg 260w, https:\/\/vapestornado.com\/wp-content\/uploads\/2024\/11\/20062b3a285f900e79520aad496b94d-768x887.jpg 768w, https:\/\/vapestornado.com\/wp-content\/uploads\/2024\/11\/20062b3a285f900e79520aad496b94d-600x693.jpg 600w, https:\/\/vapestornado.com\/wp-content\/uploads\/2024\/11\/20062b3a285f900e79520aad496b94d.jpg 1080w\" sizes=\"(max-width: 887px) 100vw, 887px\" \/><\/p>","protected":false},"excerpt":{"rendered":"<p data-start=\"1365\" data-end=\"1535\">Ten <strong data-start=\"1369\" data-end=\"1395\">Waspe 40000 pot\u00e1hnut\u00ed Vape<\/strong> nab\u00edz\u00ed du\u00e1ln\u00ed p\u0159\u00edchut\u011b, kapacitu 36 ml a chytrou LED obrazovku. Dlouhotrvaj\u00edc\u00ed, dob\u00edjec\u00ed volba pro <strong data-start=\"1496\" data-end=\"1532\">velkoobchodn\u00ed trhy s vape v Evrop\u011b<\/strong>.<\/p>\n<p><strong><span style=\"color: #ff0000;\">(cena na na\u0161em webu nezahrnuje n\u00e1klady na dopravu, kontaktujte m\u011b, abyste z\u00edskali celkovou cenu a va\u0161i slevu!)<\/span><\/strong><\/p>\n<p><img decoding=\"async\" class=\"size-medium wp-image-2921\" src=\"https:\/\/vapestornado.com\/wp-content\/uploads\/2024\/11\/20062b3a285f900e79520aad496b94d-260x300.jpg\" alt=\"vapestornado Vicky\" width=\"260\" height=\"300\" srcset=\"https:\/\/vapestornado.com\/wp-content\/uploads\/2024\/11\/20062b3a285f900e79520aad496b94d-260x300.jpg 260w, https:\/\/vapestornado.com\/wp-content\/uploads\/2024\/11\/20062b3a285f900e79520aad496b94d-887x1024.jpg 887w, https:\/\/vapestornado.com\/wp-content\/uploads\/2024\/11\/20062b3a285f900e79520aad496b94d-768x887.jpg 768w, https:\/\/vapestornado.com\/wp-content\/uploads\/2024\/11\/20062b3a285f900e79520aad496b94d-600x693.jpg 600w, https:\/\/vapestornado.com\/wp-content\/uploads\/2024\/11\/20062b3a285f900e79520aad496b94d.jpg 1080w\" sizes=\"(max-width: 260px) 100vw, 260px\" \/><\/p>","protected":false},"featured_media":4245,"comment_status":"open","ping_status":"closed","template":"","meta":{"_acf_changed":false,"_uag_custom_page_level_css":"","_lmt_disableupdate":"no","_lmt_disable":"","_monsterinsights_skip_tracking":false,"_monsterinsights_sitenote_active":false,"_monsterinsights_sitenote_note":"","_monsterinsights_sitenote_category":0,"site-sidebar-layout":"default","site-content-layout":"","ast-site-content-layout":"default","site-content-style":"default","site-sidebar-style":"default","ast-global-header-display":"","ast-banner-title-visibility":"","ast-main-header-display":"","ast-hfb-above-header-display":"","ast-hfb-below-header-display":"","ast-hfb-mobile-header-display":"","site-post-title":"","ast-breadcrumbs-content":"","ast-featured-img":"","footer-sml-layout":"","ast-disable-related-posts":"","theme-transparent-header-meta":"default","adv-header-id-meta":"","stick-header-meta":"","header-above-stick-meta":"","header-main-stick-meta":"","header-below-stick-meta":"","astra-migrate-meta-layouts":"set","ast-page-background-enabled":"default","ast-page-background-meta":{"desktop":{"background-color":"","background-image":"","background-repeat":"repeat","background-position":"center center","background-size":"auto","background-attachment":"scroll","background-type":"","background-media":"","overlay-type":"","overlay-color":"","overlay-opacity":"","overlay-gradient":""},"tablet":{"background-color":"","background-image":"","background-repeat":"repeat","background-position":"center center","background-size":"auto","background-attachment":"scroll","background-type":"","background-media":"","overlay-type":"","overlay-color":"","overlay-opacity":"","overlay-gradient":""},"mobile":{"background-color":"","background-image":"","background-repeat":"repeat","background-position":"center center","background-size":"auto","background-attachment":"scroll","background-type":"","background-media":"","overlay-type":"","overlay-color":"","overlay-opacity":"","overlay-gradient":""}},"ast-content-background-meta":{"desktop":{"background-color":"var(--ast-global-color-5)","background-image":"","background-repeat":"repeat","background-position":"center center","background-size":"auto","background-attachment":"scroll","background-type":"","background-media":"","overlay-type":"","overlay-color":"","overlay-opacity":"","overlay-gradient":""},"tablet":{"background-color":"var(--ast-global-color-5)","background-image":"","background-repeat":"repeat","background-position":"center center","background-size":"auto","background-attachment":"scroll","background-type":"","background-media":"","overlay-type":"","overlay-color":"","overlay-opacity":"","overlay-gradient":""},"mobile":{"background-color":"var(--ast-global-color-5)","background-image":"","background-repeat":"repeat","background-position":"center center","background-size":"auto","background-attachment":"scroll","background-type":"","background-media":"","overlay-type":"","overlay-color":"","overlay-opacity":"","overlay-gradient":""}},"_joinchat":{"telephone":"+8618077105750"}},"product_brand":[],"product_cat":[140,65,152,154,155,158,160,143,60],"product_tag":[],"class_list":{"0":"post-3668","1":"product","2":"type-product","3":"status-publish","4":"has-post-thumbnail","6":"product_cat-big-puffs-disposable-vapes","7":"product_cat-40000-puff","8":"product_cat-buy-disposable-vapes-in-cermany","9":"product_cat-buy-disposable-vapes-in-netherlands","10":"product_cat-buy-disposable-vapes-in-norway","11":"product_cat-buy-disposable-vapes-in-spain","12":"product_cat-buy-disposable-vapes-in-switzerland","13":"product_cat-dual-mesh-disposable-vapes","14":"product_cat-waspe-fihp-vape","15":"desktop-align-left","16":"tablet-align-left","17":"mobile-align-left","19":"first","20":"instock","21":"sale","22":"shipping-taxable","23":"purchasable","24":"product-type-simple"},"acf":[],"uagb_featured_image_src":{"full":["https:\/\/vapestornado.com\/wp-content\/uploads\/2024\/12\/Waspe-DOUBLE-FLAVOUR-40k-Vape-Cheap-Price.jpg",1500,1500,false],"thumbnail":["https:\/\/vapestornado.com\/wp-content\/uploads\/2024\/12\/Waspe-DOUBLE-FLAVOUR-40k-Vape-Cheap-Price-150x150.jpg",150,150,true],"medium":["https:\/\/vapestornado.com\/wp-content\/uploads\/2024\/12\/Waspe-DOUBLE-FLAVOUR-40k-Vape-Cheap-Price-300x300.jpg",300,300,true],"medium_large":["https:\/\/vapestornado.com\/wp-content\/uploads\/2024\/12\/Waspe-DOUBLE-FLAVOUR-40k-Vape-Cheap-Price-768x768.jpg",768,768,true],"large":["https:\/\/vapestornado.com\/wp-content\/uploads\/2024\/12\/Waspe-DOUBLE-FLAVOUR-40k-Vape-Cheap-Price-1024x1024.jpg",1024,1024,true],"1536x1536":["https:\/\/vapestornado.com\/wp-content\/uploads\/2024\/12\/Waspe-DOUBLE-FLAVOUR-40k-Vape-Cheap-Price.jpg",1500,1500,false],"2048x2048":["https:\/\/vapestornado.com\/wp-content\/uploads\/2024\/12\/Waspe-DOUBLE-FLAVOUR-40k-Vape-Cheap-Price.jpg",1500,1500,false],"trp-custom-language-flag":["https:\/\/vapestornado.com\/wp-content\/uploads\/2024\/12\/Waspe-DOUBLE-FLAVOUR-40k-Vape-Cheap-Price-12x12.jpg",12,12,true],"woocommerce_thumbnail":["https:\/\/vapestornado.com\/wp-content\/uploads\/2024\/12\/Waspe-DOUBLE-FLAVOUR-40k-Vape-Cheap-Price-300x300.jpg",300,300,true],"woocommerce_single":["https:\/\/vapestornado.com\/wp-content\/uploads\/2024\/12\/Waspe-DOUBLE-FLAVOUR-40k-Vape-Cheap-Price-600x600.jpg",600,600,true],"woocommerce_gallery_thumbnail":["https:\/\/vapestornado.com\/wp-content\/uploads\/2024\/12\/Waspe-DOUBLE-FLAVOUR-40k-Vape-Cheap-Price-100x100.jpg",100,100,true]},"uagb_author_info":{"display_name":"ESvicky","author_link":"https:\/\/vapestornado.com\/cs\/author\/"},"uagb_comment_info":0,"uagb_excerpt":"The Waspe 40000 Puffs Vape offers dual flavors, 36ml capacity, and a smart LED screen. A long-lasting, rechargeable choice for wholesale vape markets in Europe. (our website price not include shipping cost, please contact me to get whole price and your disccount!)","_links":{"self":[{"href":"https:\/\/vapestornado.com\/cs\/wp-json\/wp\/v2\/product\/3668","targetHints":{"allow":["GET"]}}],"collection":[{"href":"https:\/\/vapestornado.com\/cs\/wp-json\/wp\/v2\/product"}],"about":[{"href":"https:\/\/vapestornado.com\/cs\/wp-json\/wp\/v2\/types\/product"}],"replies":[{"embeddable":true,"href":"https:\/\/vapestornado.com\/cs\/wp-json\/wp\/v2\/comments?post=3668"}],"wp:featuredmedia":[{"embeddable":true,"href":"https:\/\/vapestornado.com\/cs\/wp-json\/wp\/v2\/media\/4245"}],"wp:attachment":[{"href":"https:\/\/vapestornado.com\/cs\/wp-json\/wp\/v2\/media?parent=3668"}],"wp:term":[{"taxonomy":"product_brand","embeddable":true,"href":"https:\/\/vapestornado.com\/cs\/wp-json\/wp\/v2\/product_brand?post=3668"},{"taxonomy":"product_cat","embeddable":true,"href":"https:\/\/vapestornado.com\/cs\/wp-json\/wp\/v2\/product_cat?post=3668"},{"taxonomy":"product_tag","embeddable":true,"href":"https:\/\/vapestornado.com\/cs\/wp-json\/wp\/v2\/product_tag?post=3668"}],"curies":[{"name":"wp","href":"https:\/\/api.w.org\/{rel}","templated":true}]}}