{"id":3661,"date":"2025-01-03T08:52:12","date_gmt":"2025-01-03T08:52:12","guid":{"rendered":"https:\/\/vapestornado.com\/?post_type=product&#038;p=3661"},"modified":"2025-08-23T09:37:36","modified_gmt":"2025-08-23T09:37:36","slug":"cheap-price-razz-bar-25000-puffs-wholesale-vape","status":"publish","type":"product","link":"https:\/\/vapestornado.com\/cs\/product\/cheap-price-razz-bar-25000-puffs-wholesale-vape\/","title":{"rendered":"Levn\u00e1 cena RAZZ BAR 25000 Puffs Velkoobchod s vapkami"},"content":{"rendered":"<h1>Levn\u00e1 cena RAZZ BAR 25000 Puffs Velkoobchod s vapkami<\/h1>\n<div role=\"article\" data-tabster=\"{&quot;groupper&quot;:{&quot;tabbability&quot;:2},&quot;focusable&quot;:{}}\" data-content=\"ai-message\" aria-labelledby=\"64JRvXrTnY7mRmPkEQLLT-author 64JRvXrTnY7mRmPkEQLLT-content\">\n<div id=\"64JRvXrTnY7mRmPkEQLLT-content\">\n<div role=\"article\" data-tabster=\"{&quot;groupper&quot;:{&quot;tabbability&quot;:2},&quot;focusable&quot;:{}}\" data-content=\"ai-message\" aria-labelledby=\"64JRvXrTnY7mRmPkEQLLT-author 64JRvXrTnY7mRmPkEQLLT-content\">\n<div id=\"64JRvXrTnY7mRmPkEQLLT-content\">\n<p>Ten <strong>RAZZ BAR 25000 Puffs Jednor\u00e1zov\u00fd vape<\/strong> m\u011bn\u00ed pravidla hry pro nad\u0161ence vapov\u00e1n\u00ed i velkoobchodn\u00edky. Toto za\u0159\u00edzen\u00ed s vysokou kapacitou, navr\u017een\u00e9 s inovac\u00ed ve sv\u00e9m j\u00e1dru, nab\u00edz\u00ed bezprobl\u00e9movou kombinaci kvality, stylu a cenov\u00e9 dostupnosti. S p\u016fsobiv\u00fdm <strong>po\u010dtem 25 000 pot\u00e1hnut\u00ed<\/strong>, zaru\u010duje prodlou\u017een\u00fd po\u017eitek, d\u00edky \u010demu\u017e je ide\u00e1ln\u00ed pro ty, kte\u0159\u00ed hledaj\u00ed dlouhodobou hodnotu.<\/p>\n<p>Ka\u017ed\u00e1 jednotka obsahuje <strong>650mAh dob\u00edjec\u00ed baterie<\/strong>, dopln\u011bno rychlou a spolehlivou <strong>nab\u00edjec\u00ed technologi\u00ed Type-C<\/strong>, kter\u00e1 zajist\u00ed, \u017ee budete m\u00edt energii, a\u0165 u\u017e jste kdekoli. Jeho <strong>technologie mesh spir\u00e1lky<\/strong> zesiluje ka\u017edou p\u0159\u00edchu\u0165 a dod\u00e1v\u00e1 hladk\u00e9, hust\u00e9 mraky, kter\u00e9 zvy\u0161uj\u00ed va\u0161i spokojenost s vapov\u00e1n\u00edm.<\/p>\n<p>Dostupn\u00e9 v <strong>16 neodolateln\u00fdch p\u0159\u00edchut\u00ed<\/strong> a napln\u011bno <strong>2% nebo 5% soln\u00fdm nikotinem<\/strong>, RAZZ BAR uspokoj\u00ed r\u016fzn\u00e9 chu\u0165ov\u00e9 preference. Jeho lehk\u00fd a p\u0159enosn\u00fd design jej \u010din\u00ed ide\u00e1ln\u00edm jak pro p\u0159\u00edle\u017eitostn\u00e9 u\u017eivatele, tak pro oddan\u00e9 vapery.<\/p>\n<p>Pro firmy je RAZZ BAR velkoobchodn\u00edm snem, balen\u00fd v <strong>200 kus\u016f v kartonu<\/strong> pro efektivn\u00ed hromadnou distribuci. S jeho konkurenceschopn\u00fdmi cenami a pr\u00e9miov\u00fdmi funkcemi je tento produkt nutnost\u00ed pro roz\u0161\u00ed\u0159en\u00ed va\u0161eho invent\u00e1\u0159e.<\/p>\n<p>Zvy\u0161te svou hru s vapov\u00e1n\u00edm nebo z\u00e1sobte sv\u00e9 police s <strong>RAZZ BAR 25000 potah\u016f<\/strong>, dokonalou rovnov\u00e1hou v\u00fdkonu a cenov\u00e9 dostupnosti. Nenechte si uj\u00edt p\u0159\u00edle\u017eitost nab\u00eddnout produkt, kter\u00fd nov\u011b definuje trh s jednor\u00e1zov\u00fdmi vapy!<\/p>\n<\/div>\n<\/div>\n<figure id=\"attachment_3686\" aria-describedby=\"caption-attachment-3686\" style=\"width: 531px\" class=\"wp-caption alignnone\"><img fetchpriority=\"high\" decoding=\"async\" class=\"wp-image-3686\" src=\"https:\/\/vapestornado.com\/wp-content\/uploads\/2025\/01\/RAZZ-BAR-25000-Puffs-Lemon-Lime.webp\" alt=\"RAZZ BAR 25000 Puffs Citron Limetka\" width=\"531\" height=\"531\" srcset=\"https:\/\/vapestornado.com\/wp-content\/uploads\/2025\/01\/RAZZ-BAR-25000-Puffs-Lemon-Lime.webp 800w, https:\/\/vapestornado.com\/wp-content\/uploads\/2025\/01\/RAZZ-BAR-25000-Puffs-Lemon-Lime-300x300.webp 300w, https:\/\/vapestornado.com\/wp-content\/uploads\/2025\/01\/RAZZ-BAR-25000-Puffs-Lemon-Lime-150x150.webp 150w, https:\/\/vapestornado.com\/wp-content\/uploads\/2025\/01\/RAZZ-BAR-25000-Puffs-Lemon-Lime-768x768.webp 768w, https:\/\/vapestornado.com\/wp-content\/uploads\/2025\/01\/RAZZ-BAR-25000-Puffs-Lemon-Lime-600x600.webp 600w, https:\/\/vapestornado.com\/wp-content\/uploads\/2025\/01\/RAZZ-BAR-25000-Puffs-Lemon-Lime-100x100.webp 100w\" sizes=\"(max-width: 531px) 100vw, 531px\" \/><figcaption id=\"caption-attachment-3686\" class=\"wp-caption-text\">RAZZ BAR 25000 Puffs Citron Limetka<\/figcaption><\/figure>\n<\/div>\n<\/div>\n<p><img decoding=\"async\" class=\"alignleft wp-image-2951 size-medium\" src=\"https:\/\/vapestornado.com\/wp-content\/uploads\/2024\/12\/Wholesale-Disposable-Vape-265x300.jpg\" alt=\"Velkoobchodn\u00ed jednor\u00e1zov\u00e9 Vape\" width=\"265\" height=\"300\" srcset=\"https:\/\/vapestornado.com\/wp-content\/uploads\/2024\/12\/Wholesale-Disposable-Vape-265x300.jpg 265w, https:\/\/vapestornado.com\/wp-content\/uploads\/2024\/12\/Wholesale-Disposable-Vape-768x871.jpg 768w, https:\/\/vapestornado.com\/wp-content\/uploads\/2024\/12\/Wholesale-Disposable-Vape-600x680.jpg 600w, https:\/\/vapestornado.com\/wp-content\/uploads\/2024\/12\/Wholesale-Disposable-Vape.jpg 823w\" sizes=\"(max-width: 265px) 100vw, 265px\" \/><\/p>\n<h5>Pro slevovou cenu kontaktujte Mandy na WhatsApp:<a href=\"https:\/\/wa.me\/8618077105796\" target=\"_blank\" rel=\"noopener\">+8618077105796<\/a><\/h5>\n<div class=\"flex max-w-full flex-col flex-grow\">\n<div class=\"min-h-8 text-message flex w-full flex-col items-end gap-2 whitespace-normal break-words text-start [.text-message+&amp;]:mt-5\" dir=\"auto\" data-message-author-role=\"assistant\" data-message-id=\"cdb991c0-f594-4bff-b2d5-fbbdd7ce9e54\" data-message-model-slug=\"gpt-4o-mini\">\n<div class=\"flex w-full flex-col gap-1 empty:hidden first:pt-[3px]\">\n<div class=\"markdown prose w-full break-words dark:prose-invert light\"><\/div>\n<\/div>\n<\/div>\n<\/div>\n<div class=\"mb-2 flex gap-3 empty:hidden -ml-2\">\n<h2>Kl\u00ed\u010dov\u00e9 vlastnosti vap\u016f Razz bar 25000puffs:<\/h2>\n<ul>\n<li><strong>S\u00edla nikotinu:<\/strong> K dispozici s 2 % a 5 % nikotinov\u00e9 soli pro z\u00e1\u017eitek z vapov\u00e1n\u00ed na m\u00edru.<\/li>\n<li><strong>Po\u010det pot\u00e1hnut\u00ed:<\/strong> A\u017e <strong>25 000 pot\u00e1hnut\u00ed<\/strong>zaji\u0161\u0165uje bezkonkuren\u010dn\u00ed \u017eivotnost.<\/li>\n<li><strong>P\u0159\u00edchut\u011b:<\/strong> Vyberte si z <strong>16 pr\u00e9miov\u00fdch p\u0159\u00edchut\u00ed<\/strong>ka\u017ed\u00e1 vytvo\u0159en\u00e1 pro maxim\u00e1ln\u00ed spokojenost.<\/li>\n<li><strong>Baterie:<\/strong> <strong>650mAh dob\u00edjec\u00ed baterie<\/strong> s \u00fa\u010dinn\u00fdm <strong>Rychl\u00e9 nab\u00edjen\u00ed Type-C<\/strong> pro nep\u0159etr\u017eit\u00e9 pou\u017e\u00edv\u00e1n\u00ed.<\/li>\n<li><strong>Technologie:<\/strong> Integrovan\u00e1 <strong>technologie mesh spir\u00e1lky<\/strong> poskytuje konzistentn\u00ed, hladkou p\u00e1ru a intenzivn\u011bj\u0161\u00ed chu\u0165.<\/li>\n<li><strong>Balen\u00ed:<\/strong> Pohodln\u011b baleno s <strong>200 kus\u016f v kartonu<\/strong> pro hromadn\u00e9 objedn\u00e1vky.<\/li>\n<\/ul>\n<\/div>\n<h2>RAZZBAR 25000 Puffs nejobl\u00edben\u011bj\u0161\u00ed p\u0159\u00edchut\u011b vape pod\u016f:<\/h2>\n<p>1. \u0160\u0165avnat\u00e1 broskev led<br \/>\n2. Jahoda ban\u00e1n<br \/>\n3. Red Bull hrozny<br \/>\n4.Bor\u016fvka led<br \/>\n5.Vodn\u00ed meloun led<br \/>\n6.Sv\u011b\u017e\u00ed led<br \/>\n7.Tropick\u00e9 ovoce<br \/>\n8.Jahoda kiwi<br \/>\n9.Jahoda led<br \/>\n10.Mix lesn\u00edch plod\u016f<br \/>\n11.Jahoda Malina T\u0159e\u0161e\u0148 led<br \/>\n12. L\u00e1ska 66<br \/>\n13.\u010cern\u00fd drak led<br \/>\n14.Citr\u00f3n limetka<br \/>\n15.Bor\u016fvka Kysel\u00e1 malina<br \/>\n16.\u017dv\u00fdka\u010dka s p\u0159\u00edchut\u00ed jahody a vodn\u00edho melounu<\/p>\n<div role=\"article\" data-tabster=\"{&quot;groupper&quot;:{&quot;tabbability&quot;:2},&quot;focusable&quot;:{}}\" data-content=\"ai-message\" aria-labelledby=\"dARUyEWDoEYhnSPXFwx5A-author dARUyEWDoEYhnSPXFwx5A-content\">\n<div id=\"dARUyEWDoEYhnSPXFwx5A-content\">\n<h2>Pro\u010d zvolit RAZZ BAR 25000 Puffs <strong>\u00a0<\/strong>at <a href=\"https:\/\/vapestornado.com\/cs\/product\/bang-box-35k-puffs-high-capacity-long-lasting-disposable-vape\/\">vapestornado.com?<\/a><\/h2>\n<h4><strong>*Nep\u0159ekonateln\u00e1 v\u00fddr\u017e<\/strong><\/h4>\n<p>Ten <strong>RAZZ BAR 25000 potah\u016f<\/strong> je navr\u017een pro dlouhou v\u00fddr\u017e a poskytuje a\u017e <strong>25 000 pot\u00e1hnut\u00ed<\/strong> na jedno za\u0159\u00edzen\u00ed. To z n\u011bj d\u011bl\u00e1 ide\u00e1ln\u00ed volbu pro vapery, kte\u0159\u00ed up\u0159ednost\u0148uj\u00ed dlouhotrvaj\u00edc\u00ed v\u00fdkon bez nutnosti neust\u00e1l\u00e9 v\u00fdm\u011bny.<\/p>\n<h4><strong>*\u0160pi\u010dkov\u00e1 kvalita za konkuren\u010dn\u00ed ceny<\/strong><\/h4>\n<p>At <strong>vapestornado.com<\/strong>, nab\u00edz\u00edme RAZZ BAR za bezkonkuren\u010dn\u00ed velkoobchodn\u00ed ceny, co\u017e z n\u011bj \u010din\u00ed cenov\u011b v\u00fdhodnou volbu jak pro maloobchodn\u00edky, tak pro jednotliv\u00e9 kupuj\u00edc\u00ed. U\u017eijte si prvot\u0159\u00eddn\u00ed vapingovou technologii, ani\u017e byste zruinovali va\u0161i pen\u011b\u017eenku.<\/p>\n<h4><strong>*Rozmanit\u00e9 p\u0159\u00edchut\u011b<\/strong><\/h4>\n<p>S <strong>16 \u017eiv\u00fdch p\u0159\u00edchut\u00ed<\/strong> k dispozici, tak\u017ee si ka\u017ed\u00fd najde to sv\u00e9. Od ovocn\u00fdch sm\u011bs\u00ed po osv\u011b\u017euj\u00edc\u00ed mentol, ka\u017ed\u00e1 p\u0159\u00edchu\u0165 je navr\u017eena tak, aby poskytovala bohat\u00fd a uspokojiv\u00fd z\u00e1\u017eitek.<\/p>\n<h4><strong>*Pokro\u010dil\u00e9 funkce<\/strong><\/h4>\n<p>Ten <strong>650mAh dob\u00edjec\u00ed baterie<\/strong>, v kombinaci s <strong>Rychl\u00e9 nab\u00edjen\u00ed Type-C<\/strong> a <strong>technologie mesh spir\u00e1lky<\/strong>, zaji\u0161\u0165uje konzistentn\u00ed v\u00fdkon, hladkou produkci p\u00e1ry a intenzivn\u00ed chu\u0165 s ka\u017ed\u00fdm pot\u00e1hnut\u00edm.<\/p>\n<h4><strong>*D\u016fv\u011bryhodn\u00fd velkoobchodn\u00ed partner<\/strong><\/h4>\n<p>vapestornado.com je d\u016fv\u011bryhodn\u00fdm dodavatelem ve vapingov\u00e9m pr\u016fmyslu, kter\u00fd nab\u00edz\u00ed <strong>bezpe\u010dn\u00fdm transakc\u00edm<\/strong>, <strong>rychl\u00e9 dod\u00e1n\u00ed<\/strong>a specializovanou z\u00e1kaznickou podporu. D\u00edky hromadn\u00e9mu balen\u00ed po <strong>200 kus\u016f v kartonu<\/strong>nebylo nasklad\u0148ov\u00e1n\u00ed va\u0161eho invent\u00e1\u0159e nikdy snaz\u0161\u00ed.<\/p>\n<h4><strong>*Ekologick\u00fd design<\/strong><\/h4>\n<p>RAZZ BAR disponuje dob\u00edjec\u00ed technologi\u00ed, co\u017e sni\u017euje odpad a podporuje udr\u017eiteln\u011bj\u0161\u00ed vapingov\u00fd \u017eivotn\u00ed styl.<\/p>\n<p>Vyberte si <strong>RAZZ BAR 25000 potah\u016f<\/strong> at <strong>vapestornado.com<\/strong> pro prvot\u0159\u00eddn\u00ed vapingov\u00e9 \u0159e\u0161en\u00ed, kter\u00e9 poskytuje v\u00fdjime\u010dnou hodnotu, inovaci a chu\u0165 v ka\u017ed\u00e9m pot\u00e1hnut\u00ed!<\/p>\n<\/div>\n<\/div>\n<h2>\u010cast\u00e9 dotazy k RAZZ BAR VAPE 25000 Puffs<\/h2>\n<p><strong>1. Jak dlouho vydr\u017e\u00ed RAZZ BAR 25000 Puffs?<\/strong><br \/>\nRAZZ BAR 25000 Puffs poskytuje a\u017e 25 000 pot\u00e1hnut\u00ed, co\u017e z n\u011bj \u010din\u00ed jeden z nejodoln\u011bj\u0161\u00edch jednor\u00e1zov\u00fdch vap\u016f na trhu. Jeho \u017eivotnost z\u00e1vis\u00ed na individu\u00e1ln\u00edch zvyklostech u\u017e\u00edv\u00e1n\u00ed, ale obvykle vydr\u017e\u00ed n\u011bkolik t\u00fddn\u016f nebo dokonce m\u011bs\u00edc\u016f pro m\u00edrn\u00e9 u\u017eivatele.<\/p>\n<p><strong>2. Mohu RAZZ BAR 25000 Puffs dob\u00edjet v\u00edcekr\u00e1t?<\/strong><br \/>\nAno, RAZZ BAR je vybaven 650mAh dob\u00edjec\u00ed bateri\u00ed, kterou lze dob\u00edjet opakovan\u011b. Je navr\u017een tak, aby zajistil konzistentn\u00ed v\u00fdkon po celou dobu sv\u00e9 \u017eivotnosti, tak\u017ee jej m\u016f\u017eete pou\u017e\u00edvat, dokud se e-liquid zcela nevy\u010derp\u00e1.<\/p>\n<p><strong>3. Je sou\u010d\u00e1st\u00ed balen\u00ed RAZZ BAR 25k Puffs nab\u00edjec\u00ed port Type-C?<\/strong><br \/>\nRAZZ BAR je dod\u00e1v\u00e1n s integrovan\u00fdm nab\u00edjec\u00edm portem Type-C, kter\u00fd umo\u017e\u0148uje pohodln\u00e9 a rychl\u00e9 dob\u00edjen\u00ed. Balen\u00ed v\u0161ak neobsahuje nab\u00edjec\u00ed kabel, tak\u017ee k dob\u00edjen\u00ed budete muset pou\u017e\u00edt standardn\u00ed kabel Type-C.<\/p>\n<p><strong>4. Jak\u00fd je nejlep\u0161\u00ed zp\u016fsob, jak udr\u017eet optim\u00e1ln\u00ed v\u00fdkon pro RAZZ BAR 25000 Puffs Vape?<\/strong><br \/>\nAby RAZZ BAR fungoval co nejl\u00e9pe, pravideln\u011b jej nab\u00edjejte pomoc\u00ed kabelu Type-C a vyhn\u011bte se p\u0159eb\u00edjen\u00ed baterie. Za\u0159\u00edzen\u00ed skladujte na chladn\u00e9m a such\u00e9m m\u00edst\u011b, mimo dosah tepla nebo p\u0159\u00edm\u00e9ho slune\u010dn\u00edho sv\u011btla. Ujist\u011bte se, \u017ee nab\u00edjec\u00ed port z\u016fst\u00e1v\u00e1 \u010dist\u00fd a bez prachu. Nav\u00edc, nechte za\u0159\u00edzen\u00ed odpo\u010dinout mezi dlouh\u00fdmi vapovac\u00edmi sezen\u00edmi, aby se zabr\u00e1nilo p\u0159eh\u0159\u00e1t\u00ed.<\/p>","protected":false},"excerpt":{"rendered":"<p><strong>RAZZ BAR 25000 Puffs velkoobchodn\u00ed vape<\/strong> za bezkonkuren\u010dn\u00ed ceny. Nab\u00edz\u00ed 16 pr\u00e9miov\u00fdch p\u0159\u00edchut\u00ed, 650mAh dob\u00edjec\u00ed baterii a 25 000 pot\u00e1hnut\u00ed pro dlouhotrvaj\u00edc\u00ed uspokojen\u00ed!<\/p>\n<figure id=\"attachment_2951\" aria-describedby=\"caption-attachment-2951\" style=\"width: 265px\" class=\"wp-caption alignnone\"><img decoding=\"async\" class=\"size-medium wp-image-2951\" src=\"https:\/\/vapestornado.com\/wp-content\/uploads\/2024\/12\/Wholesale-Disposable-Vape-265x300.jpg\" alt=\"Velkoobchodn\u00ed jednor\u00e1zov\u00e9 Vape\" width=\"265\" height=\"300\" srcset=\"https:\/\/vapestornado.com\/wp-content\/uploads\/2024\/12\/Wholesale-Disposable-Vape-265x300.jpg 265w, https:\/\/vapestornado.com\/wp-content\/uploads\/2024\/12\/Wholesale-Disposable-Vape-768x871.jpg 768w, https:\/\/vapestornado.com\/wp-content\/uploads\/2024\/12\/Wholesale-Disposable-Vape-600x680.jpg 600w, https:\/\/vapestornado.com\/wp-content\/uploads\/2024\/12\/Wholesale-Disposable-Vape.jpg 823w\" sizes=\"(max-width: 265px) 100vw, 265px\" \/><figcaption id=\"caption-attachment-2951\" class=\"wp-caption-text\">Pro slevovou cenu kontaktujte Mandy na WhatsApp\u00a0 <a href=\"https:\/\/wa.me\/8618077105796\">+8618077105796<\/a><\/figcaption><\/figure>\n<p>&nbsp;<\/p>","protected":false},"featured_media":3687,"comment_status":"open","ping_status":"closed","template":"","meta":{"_acf_changed":false,"_uag_custom_page_level_css":"","_lmt_disableupdate":"no","_lmt_disable":"","_monsterinsights_skip_tracking":false,"_monsterinsights_sitenote_active":false,"_monsterinsights_sitenote_note":"","_monsterinsights_sitenote_category":0,"site-sidebar-layout":"default","site-content-layout":"","ast-site-content-layout":"default","site-content-style":"default","site-sidebar-style":"default","ast-global-header-display":"","ast-banner-title-visibility":"","ast-main-header-display":"","ast-hfb-above-header-display":"","ast-hfb-below-header-display":"","ast-hfb-mobile-header-display":"","site-post-title":"","ast-breadcrumbs-content":"","ast-featured-img":"","footer-sml-layout":"","ast-disable-related-posts":"","theme-transparent-header-meta":"default","adv-header-id-meta":"","stick-header-meta":"","header-above-stick-meta":"","header-main-stick-meta":"","header-below-stick-meta":"","astra-migrate-meta-layouts":"set","ast-page-background-enabled":"default","ast-page-background-meta":{"desktop":{"background-color":"","background-image":"","background-repeat":"repeat","background-position":"center center","background-size":"auto","background-attachment":"scroll","background-type":"","background-media":"","overlay-type":"","overlay-color":"","overlay-opacity":"","overlay-gradient":""},"tablet":{"background-color":"","background-image":"","background-repeat":"repeat","background-position":"center center","background-size":"auto","background-attachment":"scroll","background-type":"","background-media":"","overlay-type":"","overlay-color":"","overlay-opacity":"","overlay-gradient":""},"mobile":{"background-color":"","background-image":"","background-repeat":"repeat","background-position":"center center","background-size":"auto","background-attachment":"scroll","background-type":"","background-media":"","overlay-type":"","overlay-color":"","overlay-opacity":"","overlay-gradient":""}},"ast-content-background-meta":{"desktop":{"background-color":"var(--ast-global-color-5)","background-image":"","background-repeat":"repeat","background-position":"center center","background-size":"auto","background-attachment":"scroll","background-type":"","background-media":"","overlay-type":"","overlay-color":"","overlay-opacity":"","overlay-gradient":""},"tablet":{"background-color":"var(--ast-global-color-5)","background-image":"","background-repeat":"repeat","background-position":"center center","background-size":"auto","background-attachment":"scroll","background-type":"","background-media":"","overlay-type":"","overlay-color":"","overlay-opacity":"","overlay-gradient":""},"mobile":{"background-color":"var(--ast-global-color-5)","background-image":"","background-repeat":"repeat","background-position":"center center","background-size":"auto","background-attachment":"scroll","background-type":"","background-media":"","overlay-type":"","overlay-color":"","overlay-opacity":"","overlay-gradient":""}},"_joinchat":{"telephone":"+8618077105796"}},"product_brand":[],"product_cat":[68,149,153,158,146],"product_tag":[97,228],"class_list":{"0":"post-3661","1":"product","2":"type-product","3":"status-publish","4":"has-post-thumbnail","6":"product_cat-25000-puff","7":"product_cat-buy-disposable-vapes-in-austria","8":"product_cat-buy-disposable-vapes-in-italy","9":"product_cat-buy-disposable-vapes-in-spain","10":"product_cat-rechargeable-disposable-vapes","11":"product_tag-hot-sale-disposable-vape","12":"product_tag-razz-bar-25000-puffs","13":"desktop-align-left","14":"tablet-align-left","15":"mobile-align-left","17":"first","18":"instock","19":"sale","20":"shipping-taxable","21":"purchasable","22":"product-type-simple"},"acf":[],"uagb_featured_image_src":{"full":["https:\/\/vapestornado.com\/wp-content\/uploads\/2025\/01\/RAZZ-BAR-25000-Puffs-Black-Dragon-ice-GEEK-BAR.webp",800,800,false],"thumbnail":["https:\/\/vapestornado.com\/wp-content\/uploads\/2025\/01\/RAZZ-BAR-25000-Puffs-Black-Dragon-ice-GEEK-BAR-150x150.webp",150,150,true],"medium":["https:\/\/vapestornado.com\/wp-content\/uploads\/2025\/01\/RAZZ-BAR-25000-Puffs-Black-Dragon-ice-GEEK-BAR-300x300.webp",300,300,true],"medium_large":["https:\/\/vapestornado.com\/wp-content\/uploads\/2025\/01\/RAZZ-BAR-25000-Puffs-Black-Dragon-ice-GEEK-BAR-768x768.webp",768,768,true],"large":["https:\/\/vapestornado.com\/wp-content\/uploads\/2025\/01\/RAZZ-BAR-25000-Puffs-Black-Dragon-ice-GEEK-BAR.webp",800,800,false],"1536x1536":["https:\/\/vapestornado.com\/wp-content\/uploads\/2025\/01\/RAZZ-BAR-25000-Puffs-Black-Dragon-ice-GEEK-BAR.webp",800,800,false],"2048x2048":["https:\/\/vapestornado.com\/wp-content\/uploads\/2025\/01\/RAZZ-BAR-25000-Puffs-Black-Dragon-ice-GEEK-BAR.webp",800,800,false],"trp-custom-language-flag":["https:\/\/vapestornado.com\/wp-content\/uploads\/2025\/01\/RAZZ-BAR-25000-Puffs-Black-Dragon-ice-GEEK-BAR.webp",12,12,false],"woocommerce_thumbnail":["https:\/\/vapestornado.com\/wp-content\/uploads\/2025\/01\/RAZZ-BAR-25000-Puffs-Black-Dragon-ice-GEEK-BAR-300x300.webp",300,300,true],"woocommerce_single":["https:\/\/vapestornado.com\/wp-content\/uploads\/2025\/01\/RAZZ-BAR-25000-Puffs-Black-Dragon-ice-GEEK-BAR-600x600.webp",600,600,true],"woocommerce_gallery_thumbnail":["https:\/\/vapestornado.com\/wp-content\/uploads\/2025\/01\/RAZZ-BAR-25000-Puffs-Black-Dragon-ice-GEEK-BAR-100x100.webp",100,100,true]},"uagb_author_info":{"display_name":"ESMANDY","author_link":"https:\/\/vapestornado.com\/cs\/author\/"},"uagb_comment_info":0,"uagb_excerpt":"RAZZ BAR 25000 Puffs Wholesale Vape at unbeatable prices. Offering 16 premium flavors, 650mAh rechargeable battery, and 25,000 puffs for long-lasting satisfaction! [caption id=\"attachment_2951\" align=\"alignnone\" width=\"265\"] Pls Contact Mandy's WhatsApp For Discount Price\u00a0 +8618077105796[\/caption] &nbsp;","_links":{"self":[{"href":"https:\/\/vapestornado.com\/cs\/wp-json\/wp\/v2\/product\/3661","targetHints":{"allow":["GET"]}}],"collection":[{"href":"https:\/\/vapestornado.com\/cs\/wp-json\/wp\/v2\/product"}],"about":[{"href":"https:\/\/vapestornado.com\/cs\/wp-json\/wp\/v2\/types\/product"}],"replies":[{"embeddable":true,"href":"https:\/\/vapestornado.com\/cs\/wp-json\/wp\/v2\/comments?post=3661"}],"wp:featuredmedia":[{"embeddable":true,"href":"https:\/\/vapestornado.com\/cs\/wp-json\/wp\/v2\/media\/3687"}],"wp:attachment":[{"href":"https:\/\/vapestornado.com\/cs\/wp-json\/wp\/v2\/media?parent=3661"}],"wp:term":[{"taxonomy":"product_brand","embeddable":true,"href":"https:\/\/vapestornado.com\/cs\/wp-json\/wp\/v2\/product_brand?post=3661"},{"taxonomy":"product_cat","embeddable":true,"href":"https:\/\/vapestornado.com\/cs\/wp-json\/wp\/v2\/product_cat?post=3661"},{"taxonomy":"product_tag","embeddable":true,"href":"https:\/\/vapestornado.com\/cs\/wp-json\/wp\/v2\/product_tag?post=3661"}],"curies":[{"name":"wp","href":"https:\/\/api.w.org\/{rel}","templated":true}]}}