{"id":3649,"date":"2025-01-03T07:00:39","date_gmt":"2025-01-03T07:00:39","guid":{"rendered":"https:\/\/vapestornado.com\/?post_type=product&#038;p=3649"},"modified":"2025-08-23T11:20:23","modified_gmt":"2025-08-23T11:20:23","slug":"jnr-mega-shisha-hookah-100000-puffs-disposable-vape-wholesale-price","status":"publish","type":"product","link":"https:\/\/vapestornado.com\/cs\/product\/jnr-mega-shisha-hookah-100000-puffs-disposable-vape-wholesale-price\/","title":{"rendered":"JNR Mega Shisha Hookah 100000 pot\u00e1hnut\u00ed Jednor\u00e1zov\u00fd Vape Velkoobchodn\u00ed cena"},"content":{"rendered":"<h1 class=\"product-title\">JNR Mega Shisha Hookah 100000 pot\u00e1hnut\u00ed Jednor\u00e1zov\u00fd Vape Velkoobchodn\u00ed cena<\/h1>\n<p data-start=\"194\" data-end=\"561\">Ten <strong data-start=\"198\" data-end=\"253\">JNR Mega Shisha Hookah 100000 pot\u00e1hnut\u00ed jednor\u00e1zov\u00e1 e-cigareta<\/strong> stanovuje nov\u00fd standard pro jednor\u00e1zov\u00e9 produkty s vysokou kapacitou, co\u017e z n\u011bj \u010din\u00ed nejlep\u0161\u00ed volbu pro <strong data-start=\"331\" data-end=\"371\">velkoobchodn\u00ed distributory a maloobchodn\u00edky<\/strong> kte\u0159\u00ed hledaj\u00ed vynikaj\u00edc\u00ed produkty v Evrop\u011b. S neuv\u011b\u0159itelnou <strong data-start=\"428\" data-end=\"453\">kapacitou 100 000 pot\u00e1hnut\u00ed<\/strong>tento model poskytuje bezkonkuren\u010dn\u00ed v\u00fddr\u017e, ide\u00e1ln\u00ed pro obchody zam\u011b\u0159en\u00e9 na n\u00e1ro\u010dn\u00e9 u\u017eivatele a nad\u0161ence vodn\u00edch d\u00fdmek.<\/p>\n<p data-start=\"563\" data-end=\"850\">Poh\u00e1n\u011bno <strong data-start=\"576\" data-end=\"608\">Dob\u00edjec\u00ed baterie s kapacitou 2200 mAh<\/strong> a je vybavena <strong data-start=\"627\" data-end=\"655\">rychl\u00e9 nab\u00edjen\u00ed USB-C<\/strong>JNR 100K zaji\u0161\u0165uje minim\u00e1ln\u00ed prostoje a maxim\u00e1ln\u00ed vyu\u017eit\u00ed. A <strong data-start=\"716\" data-end=\"743\">60ml z\u00e1sobn\u00edk e-liquidu<\/strong> sp\u00e1rovan\u00fd s <strong data-start=\"756\" data-end=\"780\">S\u00edla nikotinu 2%<\/strong> poskytuje dlouh\u00e9 a uspokojiv\u00e9 relace, d\u00edky kter\u00fdm se z\u00e1kazn\u00edci vracej\u00ed.<\/p>\n<p data-start=\"852\" data-end=\"1168\">Integrovan\u00fd <strong data-start=\"867\" data-end=\"883\">Chytr\u00e1 obrazovka<\/strong> zobrazuje po\u010det pot\u00e1hnut\u00ed, stav baterie a hladinu e-liquidu, zat\u00edmco <strong data-start=\"942\" data-end=\"968\">Design s d\u00fdchac\u00edm sv\u011btlem<\/strong> p\u0159id\u00e1v\u00e1 stylov\u00fd a poutav\u00fd prvek pro mlad\u0161\u00ed demografick\u00e9 skupiny. S <strong data-start=\"1037\" data-end=\"1063\">proud\u011bn\u00edm vzduchu Direct-to-Lung<\/strong> a nastaviteln\u00fdmi nastaven\u00edmi nab\u00edz\u00ed hustou p\u00e1ru, siln\u00e9 pod\u00e1n\u00ed chuti a p\u0159izp\u016fsobiteln\u00fd z\u00e1\u017eitek.<\/p>\n<p data-start=\"1170\" data-end=\"1361\">Pro velkoobchodn\u00edky <strong data-start=\"1191\" data-end=\"1215\">JNR Mega Shisha 100K<\/strong> kombinuje <strong data-start=\"1225\" data-end=\"1302\">rekordn\u00ed po\u010det pot\u00e1hnut\u00ed, pr\u00e9miov\u00e9 funkce a atraktivn\u00ed velkoobchodn\u00ed ceny<\/strong>co\u017e z n\u011bj \u010din\u00ed vysoce ziskov\u00fd dopln\u011bk do jak\u00e9hokoli invent\u00e1\u0159e vape.<\/p>\n<p><span style=\"color: #ff0000;\"><strong>P\u0159idejte si Amyin Whatsapp, z\u00edskejte okam\u017eitou odpov\u011b\u010f a kup\u00f3n na vape!<\/strong><\/span><\/p>\n<p><img fetchpriority=\"high\" decoding=\"async\" class=\"size-full wp-image-2932\" src=\"https:\/\/vapestornado.com\/wp-content\/uploads\/2024\/12\/Vape-Wholesale.jpg\" alt=\"Velkoobchod s vape\" width=\"229\" height=\"300\" \/><\/p>\n<h3><a href=\"https:\/\/wa.me\/8617776015835\" target=\"_blank\" rel=\"noopener\"><span style=\"color: #ff0000;\"><strong>WhatsApp: +86 17776015835<\/strong><\/span><\/a><\/h3>\n<p>&nbsp;<\/p>\n<h2 class=\"product-title\"><strong>Vlastnosti produktu JNR Shisha Hookah 100000<\/strong><\/h2>\n<div role=\"article\" data-tabster=\"{&quot;groupper&quot;:{&quot;tabbability&quot;:2},&quot;focusable&quot;:{}}\" data-content=\"ai-message\" aria-labelledby=\"juhNTJ6o7Gk1cgwZMJgv2-author juhNTJ6o7Gk1cgwZMJgv2-content\">\n<div id=\"juhNTJ6o7Gk1cgwZMJgv2-content\">\n<div role=\"article\" data-tabster=\"{&quot;groupper&quot;:{&quot;tabbability&quot;:2},&quot;focusable&quot;:{}}\" data-content=\"ai-message\" aria-labelledby=\"x4EZuCZWrTbh3weWUt7CU-author x4EZuCZWrTbh3weWUt7CU-content\">\n<div id=\"x4EZuCZWrTbh3weWUt7CU-content\">\n<div class=\"flex max-w-full flex-col flex-grow\">\n<div class=\"min-h-8 text-message flex w-full flex-col items-end gap-2 whitespace-normal break-words text-start [.text-message+&amp;]:mt-5\" dir=\"auto\" data-message-author-role=\"assistant\" data-message-id=\"52c6e00a-252f-4104-805d-2f1a84739c71\" data-message-model-slug=\"gpt-4o\">\n<div class=\"flex w-full flex-col gap-1 empty:hidden first:pt-[3px]\">\n<div class=\"markdown prose w-full break-words dark:prose-invert light\">\n<h4><\/h4>\n<ol>\n<li><strong>V\u00fdjime\u010dn\u00e1 dlouhov\u011bkost<\/strong>: U\u017eijte si a\u017e 100 000 pot\u00e1hnut\u00ed na jedno za\u0159\u00edzen\u00ed.<\/li>\n<li><strong>Chytr\u00e1 obrazovka<\/strong>: Z\u016fsta\u0148te informov\u00e1ni s daty v re\u00e1ln\u00e9m \u010dase a u\u017eijte si \u017eivou, dynamickou sv\u011btelnou show.<\/li>\n<li><strong>Masivn\u00ed kapacita e-liquidu<\/strong>: P\u0159edpln\u011bno 60 ml pro del\u0161\u00ed pou\u017e\u00edv\u00e1n\u00ed.<\/li>\n<li><strong>V\u00fdkonn\u00e1 baterie<\/strong>: Dob\u00edjec\u00ed 2200mAh baterie s podporou USB Type-C.<\/li>\n<li><strong>Nastaviteln\u00fd pr\u016ftok vzduchu<\/strong>: P\u0159izp\u016fsobte si potah pro dokonal\u00e9 DTL (Direct-To-Lung) vapov\u00e1n\u00ed.<\/li>\n<\/ol>\n<\/div>\n<\/div>\n<\/div>\n<\/div>\n<div class=\"mb-2 flex gap-3 empty:hidden -ml-2\"><\/div>\n<\/div>\n<\/div>\n<\/div>\n<\/div>\n<h2 class=\"product-title\"><strong>Popul\u00e1rn\u00ed p\u0159\u00edchu\u0165 pro <\/strong><strong>Vodn\u00ed d\u00fdmka Shisha<\/strong><strong> 100k <\/strong><strong>Jednor\u00e1zov\u00e9 vaporiz\u00e9ry<\/strong><\/h2>\n<h2 class=\"product-title\"><\/h2>\n<p>Objevte sv\u011bt chut\u00ed s JNR Mega Shisha Hookah. Od osv\u011b\u017euj\u00edc\u00ed m\u00e1ty po ovocn\u00e9 pot\u011b\u0161en\u00ed \u2013 \u0161irok\u00e1 \u0161k\u00e1la mo\u017enost\u00ed zajist\u00ed dokonalou shodu pro ka\u017edou n\u00e1ladu a chu\u0165. Nejobl\u00edben\u011bj\u0161\u00ed p\u0159\u00edchut\u011b, kter\u00e9 jsme zjistili z na\u0161ich prodejn\u00edch \u00fadaj\u016f a zp\u011btn\u00e9 vazby od z\u00e1kazn\u00edk\u016f.<\/p>\n<p>1. Two Apple (Dv\u011b jablka)<span style=\"color: #ff0000;\"><strong> &gt;&gt;&gt;&gt; \u017dhav\u00e9 !<\/strong><\/span><br \/>\n2. Blueberry Ice (Bor\u016fvkov\u00fd led) <span style=\"color: #ff0000;\"><strong>&gt;&gt;&gt;&gt; \u017dhav\u00e9 !<\/strong><\/span><br \/>\n3. Grape Mint (Hroznov\u00e1 m\u00e1ta)<br \/>\n4. Hawaii (Havaj)<br \/>\n5. Kiwi Passionfruit Guava (Kiwi, mu\u010denka, guava)<br \/>\n6. Lady Killa <span style=\"color: #ff0000;\"><strong>&gt;&gt;&gt;&gt; Nejlep\u0161\u00ed !<\/strong><\/span><br \/>\n7. Love 66<br \/>\n8. Lush Ice<br \/>\n9. Magic Love (Magick\u00e1 l\u00e1ska)<br \/>\n10. Mi Amor <span style=\"color: #ff0000;\"><strong>&gt;&gt;&gt;&gt; \u017dhav\u00e9 !<\/strong><\/span><br \/>\n11. Peach Ice (Broskvov\u00fd led)<br \/>\n12. Strawberry Punch (Jahodov\u00fd pun\u010d)<\/p>\n<p><img decoding=\"async\" class=\"wp-image-3647 size-full\" src=\"https:\/\/vapestornado.com\/wp-content\/uploads\/2025\/01\/Shisha-Hookah-100000-Puffs-Disposable-Vape-JNR.webp\" alt=\"Shisha Hookah 100000 pot\u00e1hnut\u00ed jednor\u00e1zov\u00e1 e-cigareta JNR\" width=\"800\" height=\"476\" srcset=\"https:\/\/vapestornado.com\/wp-content\/uploads\/2025\/01\/Shisha-Hookah-100000-Puffs-Disposable-Vape-JNR.webp 800w, https:\/\/vapestornado.com\/wp-content\/uploads\/2025\/01\/Shisha-Hookah-100000-Puffs-Disposable-Vape-JNR-300x179.webp 300w, https:\/\/vapestornado.com\/wp-content\/uploads\/2025\/01\/Shisha-Hookah-100000-Puffs-Disposable-Vape-JNR-768x457.webp 768w, https:\/\/vapestornado.com\/wp-content\/uploads\/2025\/01\/Shisha-Hookah-100000-Puffs-Disposable-Vape-JNR-600x357.webp 600w\" sizes=\"(max-width: 800px) 100vw, 800px\" \/><\/p>\n<div class=\"flex-shrink-0 flex flex-col relative items-end\">\n<div class=\"pt-0\">\n<div class=\"gizmo-bot-avatar flex h-8 w-8 items-center justify-center overflow-hidden rounded-full\">\n<div class=\"relative p-1 rounded-sm flex items-center justify-center bg-token-main-surface-primary text-token-text-primary h-8 w-8\">\n<h2>Nej\u010dast\u011bj\u0161\u00ed dotazy pro JNR Shisha Hookah 100000 Smart<strong>\u00a0<\/strong>Jednor\u00e1zov\u00e1 vapka<\/h2>\n<h4><\/h4>\n<ol>\n<li><strong>Jak dlouho vydr\u017e\u00ed JNR Mega Shisha Hookah 100k?<\/strong><br \/>\nKa\u017ed\u00e9 za\u0159\u00edzen\u00ed nab\u00edz\u00ed p\u016fsobiv\u00fdch 100 000 pot\u00e1hnut\u00ed, tak\u017ee je ide\u00e1ln\u00ed pro dlouhodob\u00e9 pou\u017e\u00edv\u00e1n\u00ed.<\/li>\n<li><strong>Jak nab\u00edj\u00edm za\u0159\u00edzen\u00ed JNR Mega Shisha Hookah?<\/strong><br \/>\nDod\u00e1v\u00e1 se s vestav\u011bnou 2200mAh bateri\u00ed, kter\u00e1 podporuje rychl\u00e9 nab\u00edjen\u00ed p\u0159es USB Type-C.<\/li>\n<li><strong>Jak\u00e1 je funkce inteligentn\u00ed obrazovky?<\/strong><br \/>\nInteligentn\u00ed obrazovka zobrazuje d\u016fle\u017eit\u00e9 \u00fadaje, jako je \u017eivotnost baterie a hladina \u0161\u0165\u00e1vy, a je spojena se stylov\u00fdm d\u00fdchac\u00edm sv\u011btlem pro jedine\u010dn\u00fd z\u00e1\u017eitek z vapingu.<\/li>\n<li><strong>Mohu to pou\u017e\u00edt se stoln\u00ed vodn\u00ed d\u00fdmkou?<\/strong><br \/>\nNaprosto! JNR Mega Shisha Hookah je pln\u011b kompatibiln\u00ed se sestavami stoln\u00edch vodn\u00edch d\u00fdmek pro v\u0161estrann\u00fd z\u00e1\u017eitek.<\/li>\n<li><strong>Kde to mohu koupit za velkoobchodn\u00ed cenu?<\/strong><br \/>\nJNR Mega Shisha Hookah m\u016f\u017eete zakoupit za nejlep\u0161\u00ed velkoobchodn\u00ed cenu od <strong>internetov\u00fd obchod s vape Tornado<\/strong>.<\/li>\n<\/ol>\n<div class=\"flex max-w-full flex-col flex-grow\">\n<div class=\"min-h-8 text-message flex w-full flex-col items-end gap-2 whitespace-normal break-words text-start [.text-message+&amp;]:mt-5\" dir=\"auto\" data-message-author-role=\"assistant\" data-message-id=\"4dc48248-df95-45bd-b800-6dedb43cf7f1\" data-message-model-slug=\"gpt-4o\">\n<div class=\"flex w-full flex-col gap-1 empty:hidden first:pt-[3px]\"><\/div>\n<\/div>\n<\/div>\n<\/div>\n<\/div>\n<\/div>\n<\/div>\n<div class=\"flex-shrink-0 flex flex-col relative items-end\">\n<div class=\"pt-0\">\n<div class=\"gizmo-bot-avatar flex h-8 w-8 items-center justify-center overflow-hidden rounded-full\">\n<div class=\"relative p-1 rounded-sm flex items-center justify-center bg-token-main-surface-primary text-token-text-primary h-8 w-8\">\n<div class=\"mb-2 flex gap-3 empty:hidden -ml-2\">\n<div role=\"article\" data-tabster=\"{&quot;groupper&quot;:{&quot;tabbability&quot;:2},&quot;focusable&quot;:{}}\" data-content=\"ai-message\" aria-labelledby=\"Vdt5ez4X7Tg813x6rFVha-author Vdt5ez4X7Tg813x6rFVha-content\">\n<div id=\"Vdt5ez4X7Tg813x6rFVha-content\">\n<div role=\"article\" data-tabster=\"{&quot;groupper&quot;:{&quot;tabbability&quot;:2},&quot;focusable&quot;:{}}\" data-content=\"ai-message\" aria-labelledby=\"o968oC7CEo2fGHsGdsRYC-author o968oC7CEo2fGHsGdsRYC-content\">\n<div id=\"o968oC7CEo2fGHsGdsRYC-content\">\n<h2>Pro\u010d si vybrat vapestornado pro velkoobchod s jednor\u00e1zov\u00fdmi vaporiz\u00e9ry JNR Shisha Hookah 100000 Puffs?<\/h2>\n<div class=\"flex-shrink-0 flex flex-col relative items-end\">\n<div class=\"pt-0\">\n<div class=\"gizmo-bot-avatar flex h-8 w-8 items-center justify-center overflow-hidden rounded-full\">\n<div class=\"relative p-1 rounded-sm flex items-center justify-center bg-token-main-surface-primary text-token-text-primary h-8 w-8\">\n<p>V\u00edtejte ve vapestornado, va\u0161em d\u016fv\u011bryhodn\u00e9m online obchod\u011b s vapovac\u00edmi pot\u0159ebami pro pr\u00e9miov\u00e9 jednor\u00e1zov\u00e9 vapy. S v\u00edce ne\u017e 5let\u00fdmi zku\u0161enostmi v\u00e1m p\u0159in\u00e1\u0161\u00edme obl\u00edben\u00e9 zna\u010dky jednor\u00e1zov\u00fdch vape, jako jsou Fumot RandM Vape, <a href=\"https:\/\/vapestornado.com\/cs\/product-category\/vapme-shisha\/\">Vapme<\/a>, Bang Vape, Waspe Vape a WGA Vape, atd.<\/p>\n<p>N\u00e1\u0161 sortiment zahrnuje \u017ehav\u00e9 vapy, jako je <a href=\"https:\/\/vapestornado.com\/cs\/product\/randm-12000-puffs-fumot-digital-disposable-vape-wholesale-price\/\">RandM Tornado 12000<\/a>, a chu\u0165ov\u011b bohat\u00e9 varianty jako <a href=\"https:\/\/vapestornado.com\/cs\/product\/wga-crystal-pro-max-extra-15000-puffs-rechargeable-disposable-vape-wholesale-bulk-buy\/\">\u00a0WGA Crystal 15k Potah\u016f<\/a> . Ka\u017ed\u00fd produkt je vyb\u00edr\u00e1n s d\u016frazem na kvalitu, hodnotu a rozmanitost, abychom zajistili, \u017ee najdete to prav\u00e9 pro va\u0161e pot\u0159eby. Objevte v\u00fdjime\u010dn\u00e9 slu\u017eby a \u0161irokou \u0161k\u00e1lu \u0161pi\u010dkov\u00fdch produkt\u016f za velkoobchodn\u00ed ceny na vapestornado.<\/p>\n<\/div>\n<p>&nbsp;<\/p>\n<p><strong>Dal\u0161\u00ed obl\u00edben\u00e9 jednor\u00e1zov\u00e9 vapes<\/strong><\/p>\n<p><a href=\"https:\/\/vapestornado.com\/cs\/product\/vozol-star-20000-puffs-disposable-vape-2-low-nicotine-bulk-buy-wholesale-cheap-price\/\">VOZOL Star 20000 potah\u016f <span style=\"color: #ff0000;\"><strong>&gt;&gt;&gt;&gt; J\u00edt !<\/strong><\/span><\/a><\/p>\n<p><a href=\"https:\/\/vapestornado.com\/cs\/product\/refillable-disposable-vape-bang-40000-puffs-with-smart-screen-display-wholesale\/\">Bang 40000 pot\u00e1hnut\u00ed<span style=\"color: #ff0000;\"><strong>&gt;&gt;&gt;&gt; J\u00edt !<\/strong><\/span><\/a><\/p>\n<p><a href=\"https:\/\/vapestornado.com\/cs\/product\/bang-king-vape-35000-puff-smart-digital-display-wholesale-disposable-electronic-cigarette-wholesale\/\">Bang King 35000 <span style=\"color: #ff0000;\"><strong>&gt;&gt;&gt;&gt; J\u00edt !<\/strong><\/span><\/a><\/p>\n<\/div>\n<\/div>\n<\/div>\n<p>&nbsp;<\/p>\n<\/div>\n<\/div>\n<\/div>\n<\/div>\n<\/div>\n<\/div>\n<\/div>\n<\/div>\n<\/div>","protected":false},"excerpt":{"rendered":"<p>Ten <strong data-start=\"1405\" data-end=\"1436\">JNR Mega Shisha D\u00fdmka 100K<\/strong> poskytuje bezkonkuren\u010dn\u00edch 100 000 pot\u00e1hnut\u00ed, chytrou obrazovku a 60ml n\u00e1dr\u017eku na e-liquid. Dob\u00edjec\u00ed jednor\u00e1zov\u00e9 za\u0159\u00edzen\u00ed vytvo\u0159en\u00e9 pro <strong data-start=\"1548\" data-end=\"1583\">velkoobchodn\u00ed odb\u011bratele v Evrop\u011b<\/strong>.<\/p>\n<p><strong>P\u0159idejte si Amy na WhatsApp pro rychlou odpov\u011b\u010f a kup\u00f3n na vapky!<\/strong><\/p>\n<p><img fetchpriority=\"high\" decoding=\"async\" class=\"size-full wp-image-2932\" src=\"https:\/\/vapestornado.com\/wp-content\/uploads\/2024\/12\/Vape-Wholesale.jpg\" alt=\"Velkoobchod s vape\" width=\"229\" height=\"300\" \/><\/p>\n<h3><a href=\"https:\/\/wa.me\/8617776015835\"><span style=\"color: #ff0000;\"><strong>WhatsApp: +86 17776015835<\/strong><\/span><\/a><\/h3>\n<p>&nbsp;<\/p>","protected":false},"featured_media":3648,"comment_status":"open","ping_status":"closed","template":"","meta":{"_acf_changed":false,"_uag_custom_page_level_css":"","_lmt_disableupdate":"no","_lmt_disable":"","_monsterinsights_skip_tracking":false,"_monsterinsights_sitenote_active":false,"_monsterinsights_sitenote_note":"","_monsterinsights_sitenote_category":0,"site-sidebar-layout":"default","site-content-layout":"","ast-site-content-layout":"default","site-content-style":"default","site-sidebar-style":"default","ast-global-header-display":"","ast-banner-title-visibility":"","ast-main-header-display":"","ast-hfb-above-header-display":"","ast-hfb-below-header-display":"","ast-hfb-mobile-header-display":"","site-post-title":"","ast-breadcrumbs-content":"","ast-featured-img":"","footer-sml-layout":"","ast-disable-related-posts":"","theme-transparent-header-meta":"default","adv-header-id-meta":"","stick-header-meta":"","header-above-stick-meta":"","header-main-stick-meta":"","header-below-stick-meta":"","astra-migrate-meta-layouts":"set","ast-page-background-enabled":"default","ast-page-background-meta":{"desktop":{"background-color":"","background-image":"","background-repeat":"repeat","background-position":"center center","background-size":"auto","background-attachment":"scroll","background-type":"","background-media":"","overlay-type":"","overlay-color":"","overlay-opacity":"","overlay-gradient":""},"tablet":{"background-color":"","background-image":"","background-repeat":"repeat","background-position":"center center","background-size":"auto","background-attachment":"scroll","background-type":"","background-media":"","overlay-type":"","overlay-color":"","overlay-opacity":"","overlay-gradient":""},"mobile":{"background-color":"","background-image":"","background-repeat":"repeat","background-position":"center center","background-size":"auto","background-attachment":"scroll","background-type":"","background-media":"","overlay-type":"","overlay-color":"","overlay-opacity":"","overlay-gradient":""}},"ast-content-background-meta":{"desktop":{"background-color":"var(--ast-global-color-5)","background-image":"","background-repeat":"repeat","background-position":"center center","background-size":"auto","background-attachment":"scroll","background-type":"","background-media":"","overlay-type":"","overlay-color":"","overlay-opacity":"","overlay-gradient":""},"tablet":{"background-color":"var(--ast-global-color-5)","background-image":"","background-repeat":"repeat","background-position":"center center","background-size":"auto","background-attachment":"scroll","background-type":"","background-media":"","overlay-type":"","overlay-color":"","overlay-opacity":"","overlay-gradient":""},"mobile":{"background-color":"var(--ast-global-color-5)","background-image":"","background-repeat":"repeat","background-position":"center center","background-size":"auto","background-attachment":"scroll","background-type":"","background-media":"","overlay-type":"","overlay-color":"","overlay-opacity":"","overlay-gradient":""}},"_joinchat":{"telephone":"+8617776015835"}},"product_brand":[],"product_cat":[140,154,142,76,147],"product_tag":[165,105,97,225,166,94,131,226],"class_list":{"0":"post-3649","1":"product","2":"type-product","3":"status-publish","4":"has-post-thumbnail","6":"product_cat-big-puffs-disposable-vapes","7":"product_cat-buy-disposable-vapes-in-netherlands","8":"product_cat-digital-box-disposable-vapes","9":"product_cat-jnr-vape","10":"product_cat-shisha-hookah-disposable-vapes","11":"product_tag-cheap-vapes","12":"product_tag-digital-disposable-vape","13":"product_tag-hot-sale-disposable-vape","14":"product_tag-jnr-shisha-hookah-100000","15":"product_tag-low-nicotine-vape","16":"product_tag-rechargeable-disposable-vape","17":"product_tag-shisha-hookah","18":"product_tag-shisha-hookah-disposable-vapes","19":"desktop-align-left","20":"tablet-align-left","21":"mobile-align-left","23":"first","24":"instock","25":"sale","26":"shipping-taxable","27":"purchasable","28":"product-type-simple"},"acf":[],"uagb_featured_image_src":{"full":["https:\/\/vapestornado.com\/wp-content\/uploads\/2025\/01\/Shisha-Hookah-Disposable-Vape-100000-JNR.jpg",800,800,false],"thumbnail":["https:\/\/vapestornado.com\/wp-content\/uploads\/2025\/01\/Shisha-Hookah-Disposable-Vape-100000-JNR-150x150.jpg",150,150,true],"medium":["https:\/\/vapestornado.com\/wp-content\/uploads\/2025\/01\/Shisha-Hookah-Disposable-Vape-100000-JNR-300x300.jpg",300,300,true],"medium_large":["https:\/\/vapestornado.com\/wp-content\/uploads\/2025\/01\/Shisha-Hookah-Disposable-Vape-100000-JNR-768x768.jpg",768,768,true],"large":["https:\/\/vapestornado.com\/wp-content\/uploads\/2025\/01\/Shisha-Hookah-Disposable-Vape-100000-JNR.jpg",800,800,false],"1536x1536":["https:\/\/vapestornado.com\/wp-content\/uploads\/2025\/01\/Shisha-Hookah-Disposable-Vape-100000-JNR.jpg",800,800,false],"2048x2048":["https:\/\/vapestornado.com\/wp-content\/uploads\/2025\/01\/Shisha-Hookah-Disposable-Vape-100000-JNR.jpg",800,800,false],"trp-custom-language-flag":["https:\/\/vapestornado.com\/wp-content\/uploads\/2025\/01\/Shisha-Hookah-Disposable-Vape-100000-JNR.jpg",12,12,false],"woocommerce_thumbnail":["https:\/\/vapestornado.com\/wp-content\/uploads\/2025\/01\/Shisha-Hookah-Disposable-Vape-100000-JNR-300x300.jpg",300,300,true],"woocommerce_single":["https:\/\/vapestornado.com\/wp-content\/uploads\/2025\/01\/Shisha-Hookah-Disposable-Vape-100000-JNR-600x600.jpg",600,600,true],"woocommerce_gallery_thumbnail":["https:\/\/vapestornado.com\/wp-content\/uploads\/2025\/01\/Shisha-Hookah-Disposable-Vape-100000-JNR-100x100.jpg",100,100,true]},"uagb_author_info":{"display_name":"ESAMY","author_link":"https:\/\/vapestornado.com\/cs\/author\/"},"uagb_comment_info":0,"uagb_excerpt":"The JNR Mega Shisha Hookah 100K delivers an unmatched 100,000 puffs, smart screen, and 60ml e-liquid tank. A rechargeable disposable built for wholesale bulk buyers in Europe. Add Amy's whatsapp get right reply and vape coupon! WhatsApp: +86 17776015835 &nbsp;","_links":{"self":[{"href":"https:\/\/vapestornado.com\/cs\/wp-json\/wp\/v2\/product\/3649","targetHints":{"allow":["GET"]}}],"collection":[{"href":"https:\/\/vapestornado.com\/cs\/wp-json\/wp\/v2\/product"}],"about":[{"href":"https:\/\/vapestornado.com\/cs\/wp-json\/wp\/v2\/types\/product"}],"replies":[{"embeddable":true,"href":"https:\/\/vapestornado.com\/cs\/wp-json\/wp\/v2\/comments?post=3649"}],"wp:featuredmedia":[{"embeddable":true,"href":"https:\/\/vapestornado.com\/cs\/wp-json\/wp\/v2\/media\/3648"}],"wp:attachment":[{"href":"https:\/\/vapestornado.com\/cs\/wp-json\/wp\/v2\/media?parent=3649"}],"wp:term":[{"taxonomy":"product_brand","embeddable":true,"href":"https:\/\/vapestornado.com\/cs\/wp-json\/wp\/v2\/product_brand?post=3649"},{"taxonomy":"product_cat","embeddable":true,"href":"https:\/\/vapestornado.com\/cs\/wp-json\/wp\/v2\/product_cat?post=3649"},{"taxonomy":"product_tag","embeddable":true,"href":"https:\/\/vapestornado.com\/cs\/wp-json\/wp\/v2\/product_tag?post=3649"}],"curies":[{"name":"wp","href":"https:\/\/api.w.org\/{rel}","templated":true}]}}