{"id":3639,"date":"2025-01-03T01:54:34","date_gmt":"2025-01-03T01:54:34","guid":{"rendered":"https:\/\/vapestornado.com\/?post_type=product&#038;p=3639"},"modified":"2025-08-28T07:39:36","modified_gmt":"2025-08-28T07:39:36","slug":"bang-king-vape-35000-puff-smart-digital-display-wholesale-disposable-electronic-cigarette-wholesale","status":"publish","type":"product","link":"https:\/\/vapestornado.com\/cs\/product\/bang-king-vape-35000-puff-smart-digital-display-wholesale-disposable-electronic-cigarette-wholesale\/","title":{"rendered":"Bang King Vape 35000 pot\u00e1hnut\u00ed Chytr\u00fd digit\u00e1ln\u00ed displej Velkoobchod Jednor\u00e1zov\u00e1 elektronick\u00e1 cigareta Velkoobchod"},"content":{"rendered":"<h1 class=\"product-title\">Bang King Vape 35000 pot\u00e1hnut\u00ed Chytr\u00fd digit\u00e1ln\u00ed displej Velkoobchod Jednor\u00e1zov\u00e1 elektronick\u00e1 cigareta Velkoobchod<\/h1>\n<p data-start=\"389\" data-end=\"758\">Pokud hled\u00e1te jednor\u00e1zovou vapovac\u00ed soupravu, kter\u00e1 vyva\u017euje dlouhotrvaj\u00edc\u00ed v\u00fdkon, modern\u00ed funkce a v\u00fdrazn\u00e9 chu\u0165ov\u00e9 varianty, pak <strong data-start=\"517\" data-end=\"546\">Bang King Vape 35000 potah\u016f<\/strong> je stvo\u0159ena k tomu, aby ud\u011blala dojem. Navr\u017eena s <strong data-start=\"584\" data-end=\"609\">chytr\u00fd digit\u00e1ln\u00ed displej<\/strong> a poh\u00e1n\u011bna <strong data-start=\"627\" data-end=\"659\">1000mAh dob\u00edjec\u00ed bateri\u00ed<\/strong>, toto za\u0159\u00edzen\u00ed posouv\u00e1 pohodl\u00ed vapov\u00e1n\u00ed na novou \u00farove\u0148 a z\u00e1rove\u0148 z\u016fst\u00e1v\u00e1 elegantn\u00ed a kapesn\u00ed.<\/p>\n<h4 data-start=\"760\" data-end=\"797\">35 000 pot\u00e1hnut\u00ed \u010dist\u00e9ho po\u017eitku<\/h4>\n<p data-start=\"798\" data-end=\"1171\">S jeho <strong data-start=\"807\" data-end=\"829\">23ml n\u00e1dr\u017ekou na e-liquid<\/strong> a pokro\u010dilou <strong data-start=\"843\" data-end=\"863\">syst\u00e9mem mesh spir\u00e1lky<\/strong>, Bang King Vape zaru\u010duje konzistenci od prvn\u00edho do posledn\u00edho pot\u00e1hnut\u00ed. Ka\u017ed\u00e9 pot\u00e1hnut\u00ed p\u0159in\u00e1\u0161\u00ed hladkou p\u00e1ru a bohatou chu\u0165 bez such\u00fdch pot\u00e1hnut\u00ed, kter\u00fdmi trp\u00ed mnoho jin\u00fdch jednor\u00e1zov\u00fdch za\u0159\u00edzen\u00ed. Nab\u00edz\u00ed a\u017e <strong data-start=\"1060\" data-end=\"1076\">35 000 pot\u00e1hnut\u00ed<\/strong>, je to ide\u00e1ln\u00ed volba pro mu\u017ee, kte\u0159\u00ed si cen\u00ed trvanlivosti a pr\u00e9miov\u00e9ho v\u00fdkonu v jednom za\u0159\u00edzen\u00ed.<\/p>\n<h4 data-start=\"1173\" data-end=\"1204\">Flexibiln\u00ed mo\u017enosti nikotinu<\/h4>\n<p data-start=\"1205\" data-end=\"1495\">Tato jednor\u00e1zov\u00e1 vapovac\u00ed souprava, kter\u00e1 uspokoj\u00ed r\u016fzn\u00e9 preference, je dod\u00e1v\u00e1na s <strong data-start=\"1272\" data-end=\"1312\">0%, 2%, 3% a 5%<\/strong>. A\u0165 u\u017e postupn\u011b sni\u017eujete d\u00e1vku, nebo preferujete siln\u011bj\u0161\u00ed z\u00e1sah, Bang King Vape se p\u0159izp\u016fsob\u00ed va\u0161im pot\u0159eb\u00e1m \u2013 co\u017e z n\u011bj \u010din\u00ed vynikaj\u00edc\u00ed velkoobchodn\u00ed variantu pro r\u016fzn\u00e9 trhy v cel\u00e9 Evrop\u011b.<\/p>\n<h4 data-start=\"1497\" data-end=\"1542\">Chytr\u00fd digit\u00e1ln\u00ed displej pro plnou kontrolu<\/h4>\n<p data-start=\"1543\" data-end=\"1881\">U\u017e \u017e\u00e1dn\u00e9 h\u00e1d\u00e1n\u00ed. Vestav\u011bn\u00e1 obrazovka zobrazuje va\u0161e <strong data-start=\"1593\" data-end=\"1632\">\u00farove\u0148 nabit\u00ed baterie a kapacitu e-liquidu<\/strong> v re\u00e1ln\u00e9m \u010dase, tak\u017ee v\u017edy v\u00edte, kdy je \u010das dob\u00edt nebo vym\u011bnit. Tato funkce jej odli\u0161uje od tradi\u010dn\u00edch jednor\u00e1zov\u00fdch vapovac\u00edch souprav a \u0159ad\u00ed jej do stejn\u00e9 pr\u00e9miov\u00e9 t\u0159\u00eddy jako obl\u00edben\u00e9 modely, jako je <strong data-start=\"1830\" data-end=\"1878\">Elf Bar GH23000 jednor\u00e1zov\u00e1 vape kapsle s nikotinem<\/strong>.<\/p>\n<h4 data-start=\"1883\" data-end=\"1915\">Rychl\u00e9 dob\u00edjen\u00ed pomoc\u00ed Type-C<\/h4>\n<p data-start=\"1916\" data-end=\"2180\">Vybaveno <strong data-start=\"1930\" data-end=\"1953\">rychl\u00e9 nab\u00edjen\u00ed p\u0159es USB-C<\/strong>, baterie s kapacitou 1000 mAh je p\u0159ipravena k pou\u017eit\u00ed b\u011bhem kr\u00e1tk\u00e9 doby. D\u00edky tomu je obzvl\u00e1\u0161t\u011b atraktivn\u00ed pro velkoobchodn\u00ed kupce, kte\u0159\u00ed hledaj\u00ed jednor\u00e1zovou vapovac\u00ed soupravu, kter\u00e1 kombinuje pohodl\u00ed opakovan\u00e9ho pou\u017eit\u00ed s jednoduchost\u00ed p\u0159edpln\u011bn\u00fdch pod\u016f.<\/p>\n<p>&nbsp;<\/p>\n<p><span style=\"color: #ff0000;\"><strong>P\u0159idejte si Amyin Whatsapp, z\u00edskejte okam\u017eitou odpov\u011b\u010f a kup\u00f3n na vape!<\/strong><\/span><\/p>\n<p><img fetchpriority=\"high\" decoding=\"async\" class=\"size-full wp-image-2932\" src=\"https:\/\/vapestornado.com\/wp-content\/uploads\/2024\/12\/Vape-Wholesale.jpg\" alt=\"Velkoobchod s vape\" width=\"229\" height=\"300\" \/><\/p>\n<h3><a href=\"https:\/\/wa.me\/8617776015835\" target=\"_blank\" rel=\"noopener\"><span style=\"color: #ff0000;\"><strong>WhatsApp: +86 17776015835<\/strong><\/span><\/a><\/h3>\n<p>&nbsp;<\/p>\n<h2 class=\"product-title\"><strong>Vlastnosti produktu Bang King Vape 35000<\/strong><\/h2>\n<div role=\"article\" data-tabster=\"{&quot;groupper&quot;:{&quot;tabbability&quot;:2},&quot;focusable&quot;:{}}\" data-content=\"ai-message\" aria-labelledby=\"juhNTJ6o7Gk1cgwZMJgv2-author juhNTJ6o7Gk1cgwZMJgv2-content\">\n<div id=\"juhNTJ6o7Gk1cgwZMJgv2-content\">\n<div role=\"article\" data-tabster=\"{&quot;groupper&quot;:{&quot;tabbability&quot;:2},&quot;focusable&quot;:{}}\" data-content=\"ai-message\" aria-labelledby=\"x4EZuCZWrTbh3weWUt7CU-author x4EZuCZWrTbh3weWUt7CU-content\">\n<div id=\"x4EZuCZWrTbh3weWUt7CU-content\">\n<div class=\"flex max-w-full flex-col flex-grow\">\n<div class=\"min-h-8 text-message flex w-full flex-col items-end gap-2 whitespace-normal break-words text-start [.text-message+&amp;]:mt-5\" dir=\"auto\" data-message-author-role=\"assistant\" data-message-id=\"52c6e00a-252f-4104-805d-2f1a84739c71\" data-message-model-slug=\"gpt-4o\">\n<div class=\"flex w-full flex-col gap-1 empty:hidden first:pt-[3px]\">\n<div class=\"markdown prose w-full break-words dark:prose-invert light\">\n<ol>\n<li><strong>35 000 potah\u016f<\/strong>: V\u00fdjime\u010dn\u00fd po\u010det potah\u016f pro dlouhotrvaj\u00edc\u00ed spokojenost.<\/li>\n<li><strong>Chytr\u00fd digit\u00e1ln\u00ed displej<\/strong>: Zobrazuje \u00farove\u0148 baterie a e-liquidu pro snadn\u00e9 pou\u017eit\u00ed.<\/li>\n<li><strong>Kapacita e-liquidu 23 ml<\/strong>: Velkorys\u00e1 kapacita pro del\u0161\u00ed vapovac\u00ed seance.<\/li>\n<li><strong>Technologie Mesh Coil<\/strong>: Zlep\u0161uje chu\u0165 a zaji\u0161\u0165uje konzistentn\u00ed v\u00fdkon.<\/li>\n<li><strong>1000mAh dob\u00edjec\u00ed baterie<\/strong>: Spolehliv\u00fd v\u00fdkon s rychl\u00fdm nab\u00edjen\u00edm p\u0159es USB-C.<\/li>\n<li><strong>Ochrana proti p\u0159ip\u00e1len\u00ed<\/strong>: Zaru\u010duje hladk\u00e9 a uspokojuj\u00edc\u00ed potahy.<\/li>\n<\/ol>\n<\/div>\n<\/div>\n<\/div>\n<\/div>\n<div class=\"mb-2 flex gap-3 empty:hidden -ml-2\"><img decoding=\"async\" class=\"wp-image-3635 size-full\" src=\"https:\/\/vapestornado.com\/wp-content\/uploads\/2025\/01\/Bang-King-35000-Puffs-Disposable-Vapes-Wholesale.jpg\" alt=\"Bang King 35000 Puffs Jednor\u00e1zov\u00e9 Vapes Velkoobchod\" width=\"800\" height=\"800\" srcset=\"https:\/\/vapestornado.com\/wp-content\/uploads\/2025\/01\/Bang-King-35000-Puffs-Disposable-Vapes-Wholesale.jpg 800w, https:\/\/vapestornado.com\/wp-content\/uploads\/2025\/01\/Bang-King-35000-Puffs-Disposable-Vapes-Wholesale-300x300.jpg 300w, https:\/\/vapestornado.com\/wp-content\/uploads\/2025\/01\/Bang-King-35000-Puffs-Disposable-Vapes-Wholesale-150x150.jpg 150w, https:\/\/vapestornado.com\/wp-content\/uploads\/2025\/01\/Bang-King-35000-Puffs-Disposable-Vapes-Wholesale-768x768.jpg 768w, https:\/\/vapestornado.com\/wp-content\/uploads\/2025\/01\/Bang-King-35000-Puffs-Disposable-Vapes-Wholesale-600x600.jpg 600w, https:\/\/vapestornado.com\/wp-content\/uploads\/2025\/01\/Bang-King-35000-Puffs-Disposable-Vapes-Wholesale-100x100.jpg 100w\" sizes=\"(max-width: 800px) 100vw, 800px\" \/><\/div>\n<\/div>\n<\/div>\n<\/div>\n<\/div>\n<h2 class=\"product-title\"><strong>Obl\u00edben\u00e1 p\u0159\u00edchu\u0165 pro Bang King Vape 35000<\/strong><strong>\u00a0<\/strong><strong>Jednor\u00e1zov\u00e9 vaporiz\u00e9ry<\/strong><\/h2>\n<p>Bang King Vape 35000 nab\u00edz\u00ed rozmanitou a vzru\u0161uj\u00edc\u00ed \u0161k\u00e1lu mo\u017enost\u00ed pro va\u0161i produktovou \u0159adu, kter\u00e1 uspokoj\u00ed r\u016fzn\u00e9 chu\u0165ov\u00e9 preference! N\u00ed\u017ee naleznete obl\u00edben\u00e9 p\u0159\u00edchut\u011b podle na\u0161ich prodejn\u00edch dat a zp\u011btn\u00e9 vazby od z\u00e1kazn\u00edk\u016f.<\/p>\n<p>1.Jahoda Mango <strong><span style=\"color: #ff0000;\">&gt;&gt;&gt; \u017dhav\u00e9!<\/span><\/strong><br \/>\nL\u00e1ska66<br \/>\n3. Modr\u00e1 malina led <strong><span style=\"color: #ff0000;\">&gt;&gt;&gt; \u017dhav\u00e9!<\/span><\/strong><br \/>\n4.Jahoda Meloun<br \/>\n5.Citron M\u00e1ta<br \/>\n6.Dvojit\u00e9 Jablko<br \/>\n7.Energetick\u00fd N\u00e1poj<br \/>\n8.Broskvov\u00e1 Ledov\u00e1 T\u0159\u00ed\u0161\u0165<br \/>\n9.Jahoda Kiwi <strong><span style=\"color: #ff0000;\">&gt;&gt;&gt; Nejlep\u0161\u00ed!<\/span><\/strong><br \/>\n10. Hroznov\u00fd led<br \/>\n11. Bor\u016fvka s ledem <strong><span style=\"color: #ff0000;\">&gt;&gt;&gt; \u017dhav\u00e9!<\/span><\/strong><br \/>\n12.Vodn\u00ed meloun<\/p>\n<div class=\"flex-shrink-0 flex flex-col relative items-end\">\n<div class=\"pt-0\">\n<div class=\"gizmo-bot-avatar flex h-8 w-8 items-center justify-center overflow-hidden rounded-full\">\n<div class=\"relative p-1 rounded-sm flex items-center justify-center bg-token-main-surface-primary text-token-text-primary h-8 w-8\">\n<h2>\u010casto kladen\u00e9 ot\u00e1zky pro BangKing Vape 35000 Smart<strong>\u00a0<\/strong>Jednor\u00e1zov\u00e1 vapka<\/h2>\n<h3><\/h3>\n<ol>\n<li><strong>Kolik potah\u016f poskytuje Bang King 35000?<\/strong><br \/>\nTen <strong>Bang King 35000<\/strong> nab\u00edz\u00ed ohromuj\u00edc\u00edch <strong>35 000 pot\u00e1hnut\u00ed<\/strong>, co\u017e z n\u011bj \u010din\u00ed jeden z nejd\u00e9le trvaj\u00edc\u00edch jednor\u00e1zov\u00fdch vap\u016f dostupn\u00fdch na trhu.<\/li>\n<li><strong>Jak\u00e1 je kapacita e-liquidu Bang King 35000 Vape?<\/strong><br \/>\nJe vybaven <strong>kapacitu e-liquidu 23 ml<\/strong>, co\u017e zaji\u0161\u0165uje del\u0161\u00ed pou\u017e\u00edv\u00e1n\u00ed bez \u010dast\u00e9ho dopl\u0148ov\u00e1n\u00ed.<\/li>\n<li><strong>M\u00e1 BangKing 35000 dob\u00edjec\u00ed baterii?<\/strong><br \/>\nAno, obsahuje <strong>1000mAh dob\u00edjec\u00ed bateri\u00ed<\/strong> s <strong>nab\u00edjen\u00ed p\u0159es USB-C<\/strong>, co\u017e nab\u00edz\u00ed udr\u017eiteln\u00e9 a pohodln\u00e9 pou\u017e\u00edv\u00e1n\u00ed.<\/li>\n<li><strong>\u010c\u00edm je chytr\u00fd digit\u00e1ln\u00ed displej jedine\u010dn\u00fd?<\/strong><br \/>\nTen <strong>digit\u00e1ln\u00ed displej<\/strong> zobrazuje d\u016fle\u017eit\u00e9 detaily jako <strong>procenta baterie<\/strong> a <strong>hladiny e-liquidu<\/strong>, co\u017e usnad\u0148uje sledov\u00e1n\u00ed va\u0161eho pou\u017e\u00edv\u00e1n\u00ed.<\/li>\n<li><strong>Kde mohu koupit Bang King Vape 35000 Puffs za velkoobchodn\u00ed ceny?<\/strong><br \/>\nPro nejlep\u0161\u00ed <strong>velkoobchodn\u00ed ceny<\/strong>, nav\u0161tivte <strong>Online obchod s vapem vapestornado<\/strong>, kter\u00fd nab\u00edz\u00ed skv\u011bl\u00e9 nab\u00eddky a \u0161irokou \u0161k\u00e1lu produkt\u016f.<\/li>\n<\/ol>\n<div class=\"flex max-w-full flex-col flex-grow\">\n<div class=\"min-h-8 text-message flex w-full flex-col items-end gap-2 whitespace-normal break-words text-start [.text-message+&amp;]:mt-5\" dir=\"auto\" data-message-author-role=\"assistant\" data-message-id=\"4dc48248-df95-45bd-b800-6dedb43cf7f1\" data-message-model-slug=\"gpt-4o\">\n<div class=\"flex w-full flex-col gap-1 empty:hidden first:pt-[3px]\"><\/div>\n<\/div>\n<\/div>\n<\/div>\n<\/div>\n<\/div>\n<\/div>\n<div class=\"flex-shrink-0 flex flex-col relative items-end\">\n<div class=\"pt-0\">\n<div class=\"gizmo-bot-avatar flex h-8 w-8 items-center justify-center overflow-hidden rounded-full\">\n<div class=\"relative p-1 rounded-sm flex items-center justify-center bg-token-main-surface-primary text-token-text-primary h-8 w-8\">\n<div class=\"mb-2 flex gap-3 empty:hidden -ml-2\">\n<div role=\"article\" data-tabster=\"{&quot;groupper&quot;:{&quot;tabbability&quot;:2},&quot;focusable&quot;:{}}\" data-content=\"ai-message\" aria-labelledby=\"Vdt5ez4X7Tg813x6rFVha-author Vdt5ez4X7Tg813x6rFVha-content\">\n<div id=\"Vdt5ez4X7Tg813x6rFVha-content\">\n<div role=\"article\" data-tabster=\"{&quot;groupper&quot;:{&quot;tabbability&quot;:2},&quot;focusable&quot;:{}}\" data-content=\"ai-message\" aria-labelledby=\"o968oC7CEo2fGHsGdsRYC-author o968oC7CEo2fGHsGdsRYC-content\">\n<div id=\"o968oC7CEo2fGHsGdsRYC-content\">\n<h2>Pro\u010d si vybrat vapestornado pro velkoobchodn\u00ed prodej Bang King Vape 35k Puffs?<\/h2>\n<div class=\"flex-shrink-0 flex flex-col relative items-end\">\n<div class=\"pt-0\">\n<div class=\"gizmo-bot-avatar flex h-8 w-8 items-center justify-center overflow-hidden rounded-full\">\n<div class=\"relative p-1 rounded-sm flex items-center justify-center bg-token-main-surface-primary text-token-text-primary h-8 w-8\">\n<p>V\u00edtejte ve vapestornado, va\u0161em d\u016fv\u011bryhodn\u00e9m online obchod\u011b s vapovac\u00edmi pot\u0159ebami pro pr\u00e9miov\u00e9 jednor\u00e1zov\u00e9 vapy. S v\u00edce ne\u017e 5let\u00fdmi zku\u0161enostmi v\u00e1m p\u0159in\u00e1\u0161\u00edme obl\u00edben\u00e9 zna\u010dky jednor\u00e1zov\u00fdch vape, jako jsou Fumot RandM Vape, <a href=\"https:\/\/vapestornado.com\/cs\/product-category\/vapme-shisha\/\">Vapme<\/a>, Bang Vape, Waspe Vape a WGA Vape, atd.<\/p>\n<p>N\u00e1\u0161 sortiment zahrnuje \u017ehav\u00e9 vapy, jako je <a href=\"https:\/\/vapestornado.com\/cs\/product\/randm-12000-puffs-fumot-digital-disposable-vape-wholesale-price\/\">RandM Tornado 12000<\/a>, a chu\u0165ov\u011b bohat\u00e9 varianty jako <a href=\"https:\/\/vapestornado.com\/cs\/product\/wga-crystal-pro-max-extra-15000-puffs-rechargeable-disposable-vape-wholesale-bulk-buy\/\">\u00a0WGA Crystal 15k Potah\u016f<\/a> . Ka\u017ed\u00fd produkt je vyb\u00edr\u00e1n s d\u016frazem na kvalitu, hodnotu a rozmanitost, abychom zajistili, \u017ee najdete to prav\u00e9 pro va\u0161e pot\u0159eby. Objevte v\u00fdjime\u010dn\u00e9 slu\u017eby a \u0161irokou \u0161k\u00e1lu \u0161pi\u010dkov\u00fdch produkt\u016f za velkoobchodn\u00ed ceny na vapestornado.<\/p>\n<\/div>\n<p>&nbsp;<\/p>\n<p><strong>Dal\u0161\u00ed obl\u00edben\u00e9 jednor\u00e1zov\u00e9 vapes<\/strong><\/p>\n<p><a href=\"https:\/\/vapestornado.com\/cs\/product\/vozol-star-20000-puffs-disposable-vape-2-low-nicotine-bulk-buy-wholesale-cheap-price\/\">VOZOL Star 20000 potah\u016f <span style=\"color: #ff0000;\"><strong>&gt;&gt;&gt;&gt; J\u00edt !<\/strong><\/span><\/a><\/p>\n<p><a href=\"https:\/\/vapestornado.com\/cs\/product\/refillable-disposable-vape-bang-40000-puffs-with-smart-screen-display-wholesale\/\">Bang 40000 pot\u00e1hnut\u00ed<span style=\"color: #ff0000;\"><strong>&gt;&gt;&gt;&gt; J\u00edt !<\/strong><\/span><\/a><\/p>\n<p><a href=\"https:\/\/vapestornado.com\/cs\/product\/puff-25k-bang-king-25000-puffs-rechargeable-disposable-vape-wholesale-bulk-buy\/\">Bang King 25000 <span style=\"color: #ff0000;\"><strong>&gt;&gt;&gt;&gt; J\u00edt !<\/strong><\/span><\/a><\/p>\n<\/div>\n<\/div>\n<\/div>\n<p>&nbsp;<\/p>\n<\/div>\n<\/div>\n<\/div>\n<\/div>\n<\/div>\n<\/div>\n<\/div>\n<\/div>\n<\/div>","protected":false},"excerpt":{"rendered":"<p>BangKing Vape 35000 Puffs 2% n\u00edzk\u00fd nikotin jednor\u00e1zov\u00fd vape velkoobchod<br \/>\nBang King 35000 pot\u00e1hnut\u00ed digit\u00e1ln\u00ed displej jednor\u00e1zov\u00fd vape hromadn\u00fd n\u00e1kup<br \/>\nBang King Vape 35k dob\u00edjec\u00ed jednor\u00e1zov\u00fd vape levn\u00e1 cena<\/p>\n<p><strong>P\u0159idejte si Amy na WhatsApp pro rychlou odpov\u011b\u010f a kup\u00f3n na vapky!<\/strong><\/p>\n<p><img fetchpriority=\"high\" decoding=\"async\" class=\"size-full wp-image-2932\" src=\"https:\/\/vapestornado.com\/wp-content\/uploads\/2024\/12\/Vape-Wholesale.jpg\" alt=\"Velkoobchod s vape\" width=\"229\" height=\"300\" \/><\/p>\n<h3><a href=\"https:\/\/wa.me\/8617776015835\"><span style=\"color: #ff0000;\"><strong>WhatsApp: +86 17776015835<\/strong><\/span><\/a><\/h3>\n<p>&nbsp;<\/p>","protected":false},"featured_media":3636,"comment_status":"open","ping_status":"closed","template":"","meta":{"_acf_changed":false,"_uag_custom_page_level_css":"","_lmt_disableupdate":"no","_lmt_disable":"","_monsterinsights_skip_tracking":false,"_monsterinsights_sitenote_active":false,"_monsterinsights_sitenote_note":"","_monsterinsights_sitenote_category":0,"site-sidebar-layout":"default","site-content-layout":"","ast-site-content-layout":"default","site-content-style":"default","site-sidebar-style":"default","ast-global-header-display":"","ast-banner-title-visibility":"","ast-main-header-display":"","ast-hfb-above-header-display":"","ast-hfb-below-header-display":"","ast-hfb-mobile-header-display":"","site-post-title":"","ast-breadcrumbs-content":"","ast-featured-img":"","footer-sml-layout":"","ast-disable-related-posts":"","theme-transparent-header-meta":"default","adv-header-id-meta":"","stick-header-meta":"","header-above-stick-meta":"","header-main-stick-meta":"","header-below-stick-meta":"","astra-migrate-meta-layouts":"set","ast-page-background-enabled":"default","ast-page-background-meta":{"desktop":{"background-color":"","background-image":"","background-repeat":"repeat","background-position":"center center","background-size":"auto","background-attachment":"scroll","background-type":"","background-media":"","overlay-type":"","overlay-color":"","overlay-opacity":"","overlay-gradient":""},"tablet":{"background-color":"","background-image":"","background-repeat":"repeat","background-position":"center center","background-size":"auto","background-attachment":"scroll","background-type":"","background-media":"","overlay-type":"","overlay-color":"","overlay-opacity":"","overlay-gradient":""},"mobile":{"background-color":"","background-image":"","background-repeat":"repeat","background-position":"center center","background-size":"auto","background-attachment":"scroll","background-type":"","background-media":"","overlay-type":"","overlay-color":"","overlay-opacity":"","overlay-gradient":""}},"ast-content-background-meta":{"desktop":{"background-color":"var(--ast-global-color-5)","background-image":"","background-repeat":"repeat","background-position":"center center","background-size":"auto","background-attachment":"scroll","background-type":"","background-media":"","overlay-type":"","overlay-color":"","overlay-opacity":"","overlay-gradient":""},"tablet":{"background-color":"var(--ast-global-color-5)","background-image":"","background-repeat":"repeat","background-position":"center center","background-size":"auto","background-attachment":"scroll","background-type":"","background-media":"","overlay-type":"","overlay-color":"","overlay-opacity":"","overlay-gradient":""},"mobile":{"background-color":"var(--ast-global-color-5)","background-image":"","background-repeat":"repeat","background-position":"center center","background-size":"auto","background-attachment":"scroll","background-type":"","background-media":"","overlay-type":"","overlay-color":"","overlay-opacity":"","overlay-gradient":""}},"_joinchat":{"telephone":"+8617776015835"}},"product_brand":[],"product_cat":[175,63,152,157,160,143,144],"product_tag":[224,223,165,105,97,166,94],"class_list":{"0":"post-3639","1":"product","2":"type-product","3":"status-publish","4":"has-post-thumbnail","6":"product_cat-35000-puff","7":"product_cat-bangking","8":"product_cat-buy-disposable-vapes-in-cermany","9":"product_cat-buy-disposable-vapes-in-portugal","10":"product_cat-buy-disposable-vapes-in-switzerland","11":"product_cat-dual-mesh-disposable-vapes","12":"product_cat-low-nicotine-disposable-vapes","13":"product_tag-bang-king-35000","14":"product_tag-bang-king-vape-35000","15":"product_tag-cheap-vapes","16":"product_tag-digital-disposable-vape","17":"product_tag-hot-sale-disposable-vape","18":"product_tag-low-nicotine-vape","19":"product_tag-rechargeable-disposable-vape","20":"desktop-align-left","21":"tablet-align-left","22":"mobile-align-left","24":"first","25":"instock","26":"sale","27":"shipping-taxable","28":"purchasable","29":"product-type-simple"},"acf":[],"uagb_featured_image_src":{"full":["https:\/\/vapestornado.com\/wp-content\/uploads\/2025\/01\/Bang-King-Vape-35000-Puffs-Wholesale.webp",800,800,false],"thumbnail":["https:\/\/vapestornado.com\/wp-content\/uploads\/2025\/01\/Bang-King-Vape-35000-Puffs-Wholesale-150x150.webp",150,150,true],"medium":["https:\/\/vapestornado.com\/wp-content\/uploads\/2025\/01\/Bang-King-Vape-35000-Puffs-Wholesale-300x300.webp",300,300,true],"medium_large":["https:\/\/vapestornado.com\/wp-content\/uploads\/2025\/01\/Bang-King-Vape-35000-Puffs-Wholesale-768x768.webp",768,768,true],"large":["https:\/\/vapestornado.com\/wp-content\/uploads\/2025\/01\/Bang-King-Vape-35000-Puffs-Wholesale.webp",800,800,false],"1536x1536":["https:\/\/vapestornado.com\/wp-content\/uploads\/2025\/01\/Bang-King-Vape-35000-Puffs-Wholesale.webp",800,800,false],"2048x2048":["https:\/\/vapestornado.com\/wp-content\/uploads\/2025\/01\/Bang-King-Vape-35000-Puffs-Wholesale.webp",800,800,false],"trp-custom-language-flag":["https:\/\/vapestornado.com\/wp-content\/uploads\/2025\/01\/Bang-King-Vape-35000-Puffs-Wholesale.webp",12,12,false],"woocommerce_thumbnail":["https:\/\/vapestornado.com\/wp-content\/uploads\/2025\/01\/Bang-King-Vape-35000-Puffs-Wholesale-300x300.webp",300,300,true],"woocommerce_single":["https:\/\/vapestornado.com\/wp-content\/uploads\/2025\/01\/Bang-King-Vape-35000-Puffs-Wholesale-600x600.webp",600,600,true],"woocommerce_gallery_thumbnail":["https:\/\/vapestornado.com\/wp-content\/uploads\/2025\/01\/Bang-King-Vape-35000-Puffs-Wholesale-100x100.webp",100,100,true]},"uagb_author_info":{"display_name":"ESAMY","author_link":"https:\/\/vapestornado.com\/cs\/author\/"},"uagb_comment_info":0,"uagb_excerpt":"BangKing Vape 35000 Puffs 2% Low Nicotine Disposable Vape Wholesale Bang King 35000 Puff \u00a0Digital Display Disposable Vape Bulk Buy Bang King Vape 35k Rechargeable Disposable Vape Cheap Price Add Amy's whatsapp get right reply and vape coupon! WhatsApp: +86 17776015835 &nbsp;","_links":{"self":[{"href":"https:\/\/vapestornado.com\/cs\/wp-json\/wp\/v2\/product\/3639","targetHints":{"allow":["GET"]}}],"collection":[{"href":"https:\/\/vapestornado.com\/cs\/wp-json\/wp\/v2\/product"}],"about":[{"href":"https:\/\/vapestornado.com\/cs\/wp-json\/wp\/v2\/types\/product"}],"replies":[{"embeddable":true,"href":"https:\/\/vapestornado.com\/cs\/wp-json\/wp\/v2\/comments?post=3639"}],"wp:featuredmedia":[{"embeddable":true,"href":"https:\/\/vapestornado.com\/cs\/wp-json\/wp\/v2\/media\/3636"}],"wp:attachment":[{"href":"https:\/\/vapestornado.com\/cs\/wp-json\/wp\/v2\/media?parent=3639"}],"wp:term":[{"taxonomy":"product_brand","embeddable":true,"href":"https:\/\/vapestornado.com\/cs\/wp-json\/wp\/v2\/product_brand?post=3639"},{"taxonomy":"product_cat","embeddable":true,"href":"https:\/\/vapestornado.com\/cs\/wp-json\/wp\/v2\/product_cat?post=3639"},{"taxonomy":"product_tag","embeddable":true,"href":"https:\/\/vapestornado.com\/cs\/wp-json\/wp\/v2\/product_tag?post=3639"}],"curies":[{"name":"wp","href":"https:\/\/api.w.org\/{rel}","templated":true}]}}