{"id":3631,"date":"2025-01-02T09:26:09","date_gmt":"2025-01-02T09:26:09","guid":{"rendered":"https:\/\/vapestornado.com\/?post_type=product&#038;p=3631"},"modified":"2025-08-23T09:38:46","modified_gmt":"2025-08-23T09:38:46","slug":"uwin-tornado-vape-music-35000-puffs-wholesale-price","status":"publish","type":"product","link":"https:\/\/vapestornado.com\/cs\/product\/uwin-tornado-vape-music-35000-puffs-wholesale-price\/","title":{"rendered":"UWIN Tornado Vape Music 35000 pot\u00e1hnut\u00ed Velkoobchodn\u00ed cena"},"content":{"rendered":"<h1>UWIN Tornado Vape Music 35000 pot\u00e1hnut\u00ed Velkoobchodn\u00ed cena<\/h1>\n<p>&nbsp;<\/p>\n<div role=\"article\" data-tabster=\"{&quot;groupper&quot;:{&quot;tabbability&quot;:2},&quot;focusable&quot;:{}}\" data-content=\"ai-message\" aria-labelledby=\"64JRvXrTnY7mRmPkEQLLT-author 64JRvXrTnY7mRmPkEQLLT-content\">\n<div id=\"64JRvXrTnY7mRmPkEQLLT-content\">\n<p data-start=\"318\" data-end=\"611\">Ten <strong data-start=\"322\" data-end=\"377\">UWIN Tornado Vape Music 35000 Puf\u016f Jednor\u00e1zov\u00e1 Vape<\/strong> kombinuje vysokou kapacitu, v\u00fdkon a jedine\u010dn\u00fd design jak pro individu\u00e1ln\u00ed u\u017eivatele, tak pro velkoobchodn\u00ed kupce. S a\u017e <strong data-start=\"492\" data-end=\"508\">35 000 pot\u00e1hnut\u00ed<\/strong> a <strong data-start=\"513\" data-end=\"535\">16 pr\u00e9miov\u00fdch p\u0159\u00edchut\u00ed<\/strong>, nab\u00edz\u00ed dlouhotrvaj\u00edc\u00ed pou\u017eit\u00ed a rozmanitost odpov\u00eddaj\u00edc\u00ed r\u016fzn\u00fdm preferenc\u00edm.<\/p>\n<p data-start=\"613\" data-end=\"882\">Dostupn\u00e9 v <strong data-start=\"626\" data-end=\"667\">0%, 2%, 3% a 5%<\/strong>, tato vape oslovuje \u0161irok\u00e9 publikum. The <strong data-start=\"710\" data-end=\"728\">1.0\u03a9 s\u00ed\u0165ov\u00e1 c\u00edvka<\/strong> zaji\u0161\u0165uje plynou produkci par, zat\u00edmco the <strong data-start=\"772\" data-end=\"803\">650mAh dob\u00edjec\u00ed baterie<\/strong> s <strong data-start=\"809\" data-end=\"833\">Rychl\u00e9 nab\u00edjen\u00ed Type-C<\/strong> poskytuje spolehlivou s\u00edlu pro prodlou\u017een\u00e9 sezen\u00ed.<\/p>\n<p data-start=\"884\" data-end=\"1179\">Jej\u00ed v\u00fdrazn\u00fd <strong data-start=\"897\" data-end=\"920\">RGB osv\u011btlen\u00ed syst\u00e9m<\/strong> se synchronizuje s rytmem hudby, nab\u00edz\u00ed interaktivn\u00ed z\u00e1\u017eitek spolu s konzistentn\u00ed chut\u00ed a v\u00fdkonem. Balen\u00e9 v <strong data-start=\"1037\" data-end=\"1058\">kartonech po 160 kusech<\/strong> (21kg na karton), the <strong data-start=\"1082\" data-end=\"1102\">UWIN Tornado 35K<\/strong> je navr\u017een pro efektivn\u00ed velkoobchodn\u00ed distribuci a siln\u00fd maloobchodn\u00ed z\u00e1jem.<\/p>\n<figure id=\"attachment_3652\" aria-describedby=\"caption-attachment-3652\" style=\"width: 669px\" class=\"wp-caption alignnone\"><img fetchpriority=\"high\" decoding=\"async\" class=\"wp-image-3652\" src=\"https:\/\/vapestornado.com\/wp-content\/uploads\/2025\/01\/Cheap-Price-Uwin-Tornado-35k-Puffs-Vape.jpg\" alt=\"N\u00edzk\u00e1 cena Uwin Tornado 35k Puffs Vape\" width=\"669\" height=\"669\" srcset=\"https:\/\/vapestornado.com\/wp-content\/uploads\/2025\/01\/Cheap-Price-Uwin-Tornado-35k-Puffs-Vape.jpg 800w, https:\/\/vapestornado.com\/wp-content\/uploads\/2025\/01\/Cheap-Price-Uwin-Tornado-35k-Puffs-Vape-300x300.jpg 300w, https:\/\/vapestornado.com\/wp-content\/uploads\/2025\/01\/Cheap-Price-Uwin-Tornado-35k-Puffs-Vape-150x150.jpg 150w, https:\/\/vapestornado.com\/wp-content\/uploads\/2025\/01\/Cheap-Price-Uwin-Tornado-35k-Puffs-Vape-768x768.jpg 768w, https:\/\/vapestornado.com\/wp-content\/uploads\/2025\/01\/Cheap-Price-Uwin-Tornado-35k-Puffs-Vape-600x600.jpg 600w, https:\/\/vapestornado.com\/wp-content\/uploads\/2025\/01\/Cheap-Price-Uwin-Tornado-35k-Puffs-Vape-100x100.jpg 100w\" sizes=\"(max-width: 669px) 100vw, 669px\" \/><figcaption id=\"caption-attachment-3652\" class=\"wp-caption-text\">N\u00edzk\u00e1 cena Uwin Tornado 35k Puffs Vape<\/figcaption><\/figure>\n<\/div>\n<\/div>\n<p><img decoding=\"async\" class=\"alignleft wp-image-2951 size-medium\" src=\"https:\/\/vapestornado.com\/wp-content\/uploads\/2024\/12\/Wholesale-Disposable-Vape-265x300.jpg\" alt=\"Velkoobchodn\u00ed jednor\u00e1zov\u00e9 Vape\" width=\"265\" height=\"300\" srcset=\"https:\/\/vapestornado.com\/wp-content\/uploads\/2024\/12\/Wholesale-Disposable-Vape-265x300.jpg 265w, https:\/\/vapestornado.com\/wp-content\/uploads\/2024\/12\/Wholesale-Disposable-Vape-768x871.jpg 768w, https:\/\/vapestornado.com\/wp-content\/uploads\/2024\/12\/Wholesale-Disposable-Vape-600x680.jpg 600w, https:\/\/vapestornado.com\/wp-content\/uploads\/2024\/12\/Wholesale-Disposable-Vape.jpg 823w\" sizes=\"(max-width: 265px) 100vw, 265px\" \/><\/p>\n<h5>Pro slevovou cenu kontaktujte Mandy na WhatsApp:<a href=\"https:\/\/wa.me\/8618077105796\" target=\"_blank\" rel=\"noopener\">+8618077105796<\/a><\/h5>\n<div class=\"flex max-w-full flex-col flex-grow\">\n<div class=\"min-h-8 text-message flex w-full flex-col items-end gap-2 whitespace-normal break-words text-start [.text-message+&amp;]:mt-5\" dir=\"auto\" data-message-author-role=\"assistant\" data-message-id=\"cdb991c0-f594-4bff-b2d5-fbbdd7ce9e54\" data-message-model-slug=\"gpt-4o-mini\">\n<div class=\"flex w-full flex-col gap-1 empty:hidden first:pt-[3px]\">\n<div class=\"markdown prose w-full break-words dark:prose-invert light\"><\/div>\n<\/div>\n<\/div>\n<\/div>\n<div class=\"mb-2 flex gap-3 empty:hidden -ml-2\">\n<h2>UWIN Tornado Vape Music 35000 Puffs Kl\u00ed\u010dov\u00e9 vlastnosti:<\/h2>\n<ul>\n<li><strong>Mo\u017enosti nikotinu<\/strong>: 0%, 2%, 3%, 5% \u2013 P\u0159izp\u016fsobeno pro spln\u011bn\u00ed r\u016fzn\u00fdch preferenc\u00ed.<\/li>\n<li><strong>Pot\u00e1hnut\u00ed<\/strong>: 35 000 \u2013 V\u00fdjime\u010dn\u00e1 \u017eivotnost pro nep\u0159eru\u0161ovan\u00fd z\u00e1\u017eitek z vapingu.<\/li>\n<li><strong>Mno\u017estv\u00ed v kartonu<\/strong>: 160 ks \u2013 Ide\u00e1ln\u00ed pro velkoobchodn\u00ed a rozs\u00e1hlou distribuci.<\/li>\n<li><strong>P\u0159\u00edchut\u011b<\/strong>: 16 \u2013 \u0160irok\u00fd v\u00fdb\u011br, kter\u00fd vyhovuje ka\u017ed\u00e9mu chu\u0165ov\u00e9mu profilu.<\/li>\n<li><strong>Baterie<\/strong>: 650mAh dob\u00edjec\u00ed s portem Type-C \u2013 Spolehliv\u00e9 nap\u00e1jen\u00ed s rychl\u00fdm nab\u00edjen\u00edm.<\/li>\n<li><strong>Spir\u00e1la<\/strong>: 1,0-ohmov\u00e1 Mesh Spir\u00e1la \u2013 Zaji\u0161\u0165uje hladkou a konzistentn\u00ed produkci p\u00e1ry.<\/li>\n<li><strong>Hmotnost kartonu<\/strong>: 21kg \u2013 Robustn\u00ed balen\u00ed pro snadnou manipulaci.<\/li>\n<li><strong>Rozm\u011bry kartonu<\/strong>: Kompaktn\u00ed a optimalizovan\u00e9 pro efektivn\u00ed skladov\u00e1n\u00ed a p\u0159epravu.<\/li>\n<li><strong>: Vylep\u0161en\u00e1 chu\u0165 a produkce p\u00e1ry.<\/strong>: \u017div\u00e9 osv\u011btlen\u00ed pro modern\u00ed estetiku.<\/li>\n<li><strong>Dynamick\u00e9 osv\u011btlen\u00ed<\/strong>: Sv\u011btla pulzuj\u00ed v rytmu hudby a vytv\u00e1\u0159ej\u00ed pohlcuj\u00edc\u00ed z\u00e1\u017eitek z vapov\u00e1n\u00ed.<\/li>\n<\/ul>\n<\/div>\n<h2>UWIN Tornado Music 35000 Puffs Jednor\u00e1zov\u00e9 Vapes P\u0159\u00edchu\u0165:<\/h2>\n<p>1.Bor\u016fvka Malina<br \/>\n2.Hroznov\u00e9 v\u00edno led<br \/>\n3. Jahoda vodn\u00ed meloun<br \/>\n4.Bor\u016fvka na ledu<br \/>\n5. Ledov\u00fd vodn\u00ed meloun<br \/>\n6. Ledov\u00e1 t\u0159e\u0161e\u0148<br \/>\n7. Ledov\u00e1 jahoda, malina, t\u0159e\u0161e\u0148<br \/>\n8. Kiwi, marakuja, guava<br \/>\n9. Ledov\u00e1 jahoda<br \/>\n10. Broskev, mango, ananas<br \/>\n11. Bor\u016fvka, t\u0159e\u0161e\u0148, brusinka<br \/>\n12. Broskvov\u00e9 bobule<br \/>\n13. T\u0159e\u0161\u0148ov\u00e1 cola<br \/>\n14. Sm\u00ed\u0161en\u00e9 bobule<br \/>\n15. Pan Modr\u00fd<br \/>\n16. Ledov\u00e1 letn\u00ed broskev<\/p>\n<div role=\"article\" data-tabster=\"{&quot;groupper&quot;:{&quot;tabbability&quot;:2},&quot;focusable&quot;:{}}\" data-content=\"ai-message\" aria-labelledby=\"dARUyEWDoEYhnSPXFwx5A-author dARUyEWDoEYhnSPXFwx5A-content\">\n<div id=\"dARUyEWDoEYhnSPXFwx5A-content\">\n<h2>Pro\u010d si vybrat UWIN Tornado Vapes Music 35000 Puffs <strong>\u00a0<\/strong>at <a href=\"https:\/\/vapestornado.com\/cs\/product\/bang-box-35k-puffs-high-capacity-long-lasting-disposable-vape\/\">vapestornado.com?<\/a><\/h2>\n<ul>\n<li><strong>Bezkonkuren\u010dn\u00ed kapacita pot\u00e1hnut\u00ed<\/strong>: 35 000 potah\u016f na jedno za\u0159\u00edzen\u00ed zaru\u010duje v\u00fdjime\u010dnou hodnotu a dlouhou \u017eivotnost, co\u017e p\u0159il\u00e1k\u00e1 v\u00edce z\u00e1kazn\u00edk\u016f.<\/li>\n<li><strong>Inovativn\u00ed design<\/strong>: Vybaveno RGB sv\u011btly, kter\u00e1 se synchronizuj\u00ed s hudbou, poskytuj\u00ed jedine\u010dn\u00fd a pohlcuj\u00edc\u00ed z\u00e1\u017eitek z vapov\u00e1n\u00ed, kter\u00fd vynik\u00e1 na trhu.<\/li>\n<li><strong>Vysoce kvalitn\u00ed komponenty<\/strong>: Obsahuje dob\u00edjec\u00ed baterii s kapacitou 650mAh, port Type-C a mesh c\u00edvku s odporem 1,0 ohmu pro konzistentn\u00ed a spolehliv\u00fd v\u00fdkon.<\/li>\n<li><strong>Rozmanitost p\u0159\u00edchut\u00ed<\/strong>: D\u00edky 16 r\u016fzn\u00fdm p\u0159\u00edchut\u00edm mohou z\u00e1kazn\u00edci prozkoumat \u0161irokou \u0161k\u00e1lu chut\u00ed, co\u017e zajist\u00ed opakovan\u00e9 n\u00e1kupy.<\/li>\n<li><strong>Balen\u00ed pro velkoodb\u011bratele<\/strong>: Ka\u017ed\u00fd karton obsahuje 160 kus\u016f, co\u017e je ide\u00e1ln\u00ed pro velkoobchodn\u00ed a maloobchodn\u00ed prodej.<\/li>\n<li><strong>Konkuren\u010dn\u00ed ceny<\/strong>: vapestornado.com nab\u00edz\u00ed bezkonkuren\u010dn\u00ed velkoobchodn\u00ed ceny pro maximalizaci va\u0161ich zisk\u016f.<\/li>\n<li><strong>Ov\u011b\u0159en\u00fd dodavatel<\/strong>: D\u00edky z\u00e1vazku ke kvalit\u011b a spolehliv\u00fdm dod\u00e1vk\u00e1m je vapestornado.com partnerem, kter\u00e9mu m\u016f\u017eete d\u016fv\u011b\u0159ovat pro r\u016fst va\u0161eho podnik\u00e1n\u00ed.<\/li>\n<\/ul>\n<\/div>\n<\/div>\n<h2>\u010casto kladen\u00e9 ot\u00e1zky o UWIN Tornado Vape Music 35000 Puffs Vape Pody<\/h2>\n<ul>\n<li><strong>\u010c\u00edm je UWIN 35k puffs Tornado Vape Music jedine\u010dn\u00fd?<\/strong><br \/>\nUWIN Tornado vynik\u00e1 sv\u00fdm <strong>kapacita 35 000 pot\u00e1hnut\u00ed<\/strong>, RGB sv\u011btly, kter\u00e1 se synchronizuj\u00ed s hudbou, a \u0161irokou \u0161k\u00e1lou <strong>16 pr\u00e9miov\u00fdch p\u0159\u00edchut\u00ed<\/strong>, co\u017e nab\u00edz\u00ed stylov\u00fd a pohlcuj\u00edc\u00ed z\u00e1\u017eitek z vapov\u00e1n\u00ed.<\/li>\n<li><strong>Jak\u00fd typ spir\u00e1ly pou\u017e\u00edv\u00e1 UWIN Tornado Vape Music 35k potah?<\/strong><br \/>\nUWIN Tornado obsahuje <strong>1,0-ohmov\u00e1 mesh c\u00edvka<\/strong>, co\u017e zaji\u0161\u0165uje hladkou, chutnou a konzistentn\u00ed produkci p\u00e1ry p\u0159i ka\u017ed\u00e9m potahu.<\/li>\n<li><strong>Jak funguj\u00ed RGB sv\u011btla?<\/strong><br \/>\nRGB sv\u011btla za\u0159\u00edzen\u00ed jsou dynamick\u00e1 a blikaj\u00ed do rytmu hudby, co\u017e vytv\u00e1\u0159\u00ed vizu\u00e1ln\u011b poutav\u00fd z\u00e1\u017eitek, kter\u00fd dopl\u0148uje jeho modern\u00ed design.<\/li>\n<li><strong>Pro\u010d bych m\u011bl zvolit UWIN Tornado Vapes 35000 Puffs oproti jin\u00fdm jednor\u00e1zov\u00fdm vap\u016fm?<\/strong><br \/>\nUWIN Tornado kombinuje pr\u00e9miovou kvalitu, inovativn\u00ed funkce a bezkonkuren\u010dn\u00ed kapacitu potah\u016f, co\u017e z n\u011bj \u010din\u00ed \u0161pi\u010dkovou volbu na trhu high-end vapov\u00e1n\u00ed.<\/li>\n<\/ul>","protected":false},"excerpt":{"rendered":"<p><strong>UWIN Tornado Vape Music 35000 pot\u00e1hnut\u00ed<\/strong>, m\u011bn\u00ed pravidla hry v jednor\u00e1zov\u00fdch vapovac\u00edch za\u0159\u00edzen\u00edch. D\u00edky sv\u00fdm dynamick\u00fdm LED sv\u011btl\u016fm synchronizovan\u00fdm s hudbou, obrovsk\u00e9 kapacit\u011b 35 000 pot\u00e1hnut\u00ed a dob\u00edjec\u00edmu designu s konektorem Type-C kombinuje tento vaporiz\u00e9r inovaci se stylem. Ide\u00e1ln\u00ed pro velkoobchody hledaj\u00edc\u00ed pr\u00e9miov\u00e1, vysoce v\u00fdkonn\u00e1 za\u0159\u00edzen\u00ed za konkuren\u010dn\u00ed ceny.<\/p>\n<figure id=\"attachment_2951\" aria-describedby=\"caption-attachment-2951\" style=\"width: 265px\" class=\"wp-caption alignnone\"><img decoding=\"async\" class=\"size-medium wp-image-2951\" src=\"https:\/\/vapestornado.com\/wp-content\/uploads\/2024\/12\/Wholesale-Disposable-Vape-265x300.jpg\" alt=\"Velkoobchodn\u00ed jednor\u00e1zov\u00e9 Vape\" width=\"265\" height=\"300\" srcset=\"https:\/\/vapestornado.com\/wp-content\/uploads\/2024\/12\/Wholesale-Disposable-Vape-265x300.jpg 265w, https:\/\/vapestornado.com\/wp-content\/uploads\/2024\/12\/Wholesale-Disposable-Vape-768x871.jpg 768w, https:\/\/vapestornado.com\/wp-content\/uploads\/2024\/12\/Wholesale-Disposable-Vape-600x680.jpg 600w, https:\/\/vapestornado.com\/wp-content\/uploads\/2024\/12\/Wholesale-Disposable-Vape.jpg 823w\" sizes=\"(max-width: 265px) 100vw, 265px\" \/><figcaption id=\"caption-attachment-2951\" class=\"wp-caption-text\">Pro slevovou cenu kontaktujte Mandy na WhatsApp\u00a0 <a href=\"https:\/\/wa.me\/8618077105796\">+8618077105796<\/a><\/figcaption><\/figure>\n<p>&nbsp;<\/p>","protected":false},"featured_media":3654,"comment_status":"open","ping_status":"closed","template":"","meta":{"_acf_changed":false,"_uag_custom_page_level_css":"","_lmt_disableupdate":"no","_lmt_disable":"","_monsterinsights_skip_tracking":false,"_monsterinsights_sitenote_active":false,"_monsterinsights_sitenote_note":"","_monsterinsights_sitenote_category":0,"site-sidebar-layout":"default","site-content-layout":"","ast-site-content-layout":"default","site-content-style":"default","site-sidebar-style":"default","ast-global-header-display":"","ast-banner-title-visibility":"","ast-main-header-display":"","ast-hfb-above-header-display":"","ast-hfb-below-header-display":"","ast-hfb-mobile-header-display":"","site-post-title":"","ast-breadcrumbs-content":"","ast-featured-img":"","footer-sml-layout":"","ast-disable-related-posts":"","theme-transparent-header-meta":"default","adv-header-id-meta":"","stick-header-meta":"","header-above-stick-meta":"","header-main-stick-meta":"","header-below-stick-meta":"","astra-migrate-meta-layouts":"set","ast-page-background-enabled":"default","ast-page-background-meta":{"desktop":{"background-color":"","background-image":"","background-repeat":"repeat","background-position":"center center","background-size":"auto","background-attachment":"scroll","background-type":"","background-media":"","overlay-type":"","overlay-color":"","overlay-opacity":"","overlay-gradient":""},"tablet":{"background-color":"","background-image":"","background-repeat":"repeat","background-position":"center center","background-size":"auto","background-attachment":"scroll","background-type":"","background-media":"","overlay-type":"","overlay-color":"","overlay-opacity":"","overlay-gradient":""},"mobile":{"background-color":"","background-image":"","background-repeat":"repeat","background-position":"center center","background-size":"auto","background-attachment":"scroll","background-type":"","background-media":"","overlay-type":"","overlay-color":"","overlay-opacity":"","overlay-gradient":""}},"ast-content-background-meta":{"desktop":{"background-color":"var(--ast-global-color-5)","background-image":"","background-repeat":"repeat","background-position":"center center","background-size":"auto","background-attachment":"scroll","background-type":"","background-media":"","overlay-type":"","overlay-color":"","overlay-opacity":"","overlay-gradient":""},"tablet":{"background-color":"var(--ast-global-color-5)","background-image":"","background-repeat":"repeat","background-position":"center center","background-size":"auto","background-attachment":"scroll","background-type":"","background-media":"","overlay-type":"","overlay-color":"","overlay-opacity":"","overlay-gradient":""},"mobile":{"background-color":"var(--ast-global-color-5)","background-image":"","background-repeat":"repeat","background-position":"center center","background-size":"auto","background-attachment":"scroll","background-type":"","background-media":"","overlay-type":"","overlay-color":"","overlay-opacity":"","overlay-gradient":""}},"_joinchat":{"telephone":"+8618077105796"}},"product_brand":[],"product_cat":[175,140,150,157,233],"product_tag":[97,133],"class_list":{"0":"post-3631","1":"product","2":"type-product","3":"status-publish","4":"has-post-thumbnail","6":"product_cat-35000-puff","7":"product_cat-big-puffs-disposable-vapes","8":"product_cat-buy-disposable-vapes-in-belgium","9":"product_cat-buy-disposable-vapes-in-portugal","10":"product_cat-uwin-vape","11":"product_tag-hot-sale-disposable-vape","12":"product_tag-uwin-tornado-35000","13":"desktop-align-left","14":"tablet-align-left","15":"mobile-align-left","17":"first","18":"instock","19":"sale","20":"shipping-taxable","21":"purchasable","22":"product-type-simple"},"acf":[],"uagb_featured_image_src":{"full":["https:\/\/vapestornado.com\/wp-content\/uploads\/2025\/01\/Good-Sale-Uwin-Tornado-35k-Puffs-Disposable-Vape.jpg",800,800,false],"thumbnail":["https:\/\/vapestornado.com\/wp-content\/uploads\/2025\/01\/Good-Sale-Uwin-Tornado-35k-Puffs-Disposable-Vape-150x150.jpg",150,150,true],"medium":["https:\/\/vapestornado.com\/wp-content\/uploads\/2025\/01\/Good-Sale-Uwin-Tornado-35k-Puffs-Disposable-Vape-300x300.jpg",300,300,true],"medium_large":["https:\/\/vapestornado.com\/wp-content\/uploads\/2025\/01\/Good-Sale-Uwin-Tornado-35k-Puffs-Disposable-Vape-768x768.jpg",768,768,true],"large":["https:\/\/vapestornado.com\/wp-content\/uploads\/2025\/01\/Good-Sale-Uwin-Tornado-35k-Puffs-Disposable-Vape.jpg",800,800,false],"1536x1536":["https:\/\/vapestornado.com\/wp-content\/uploads\/2025\/01\/Good-Sale-Uwin-Tornado-35k-Puffs-Disposable-Vape.jpg",800,800,false],"2048x2048":["https:\/\/vapestornado.com\/wp-content\/uploads\/2025\/01\/Good-Sale-Uwin-Tornado-35k-Puffs-Disposable-Vape.jpg",800,800,false],"trp-custom-language-flag":["https:\/\/vapestornado.com\/wp-content\/uploads\/2025\/01\/Good-Sale-Uwin-Tornado-35k-Puffs-Disposable-Vape.jpg",12,12,false],"woocommerce_thumbnail":["https:\/\/vapestornado.com\/wp-content\/uploads\/2025\/01\/Good-Sale-Uwin-Tornado-35k-Puffs-Disposable-Vape-300x300.jpg",300,300,true],"woocommerce_single":["https:\/\/vapestornado.com\/wp-content\/uploads\/2025\/01\/Good-Sale-Uwin-Tornado-35k-Puffs-Disposable-Vape-600x600.jpg",600,600,true],"woocommerce_gallery_thumbnail":["https:\/\/vapestornado.com\/wp-content\/uploads\/2025\/01\/Good-Sale-Uwin-Tornado-35k-Puffs-Disposable-Vape-100x100.jpg",100,100,true]},"uagb_author_info":{"display_name":"ESMANDY","author_link":"https:\/\/vapestornado.com\/cs\/author\/"},"uagb_comment_info":0,"uagb_excerpt":"UWIN Tornado Vape Music 35000 Puffs, a game-changer in disposable vaping. With its dynamic music-synced LED lights, massive 35,000 puffs capacity, and rechargeable Type-C design, this vape blends innovation with style. Perfect for wholesalers seeking premium, high-performance devices at competitive prices. [caption id=\"attachment_2951\" align=\"alignnone\" width=\"265\"] Pls Contact Mandy's WhatsApp For Discount Price\u00a0 +8618077105796[\/caption] &nbsp;","_links":{"self":[{"href":"https:\/\/vapestornado.com\/cs\/wp-json\/wp\/v2\/product\/3631","targetHints":{"allow":["GET"]}}],"collection":[{"href":"https:\/\/vapestornado.com\/cs\/wp-json\/wp\/v2\/product"}],"about":[{"href":"https:\/\/vapestornado.com\/cs\/wp-json\/wp\/v2\/types\/product"}],"replies":[{"embeddable":true,"href":"https:\/\/vapestornado.com\/cs\/wp-json\/wp\/v2\/comments?post=3631"}],"wp:featuredmedia":[{"embeddable":true,"href":"https:\/\/vapestornado.com\/cs\/wp-json\/wp\/v2\/media\/3654"}],"wp:attachment":[{"href":"https:\/\/vapestornado.com\/cs\/wp-json\/wp\/v2\/media?parent=3631"}],"wp:term":[{"taxonomy":"product_brand","embeddable":true,"href":"https:\/\/vapestornado.com\/cs\/wp-json\/wp\/v2\/product_brand?post=3631"},{"taxonomy":"product_cat","embeddable":true,"href":"https:\/\/vapestornado.com\/cs\/wp-json\/wp\/v2\/product_cat?post=3631"},{"taxonomy":"product_tag","embeddable":true,"href":"https:\/\/vapestornado.com\/cs\/wp-json\/wp\/v2\/product_tag?post=3631"}],"curies":[{"name":"wp","href":"https:\/\/api.w.org\/{rel}","templated":true}]}}