{"id":3624,"date":"2025-01-02T07:15:34","date_gmt":"2025-01-02T07:15:34","guid":{"rendered":"https:\/\/vapestornado.com\/?post_type=product&#038;p=3624"},"modified":"2025-08-23T11:39:50","modified_gmt":"2025-08-23T11:39:50","slug":"vozol-star-20000-puffs-disposable-vape-2-low-nicotine-bulk-buy-wholesale-cheap-price","status":"publish","type":"product","link":"https:\/\/vapestornado.com\/cs\/product\/vozol-star-20000-puffs-disposable-vape-2-low-nicotine-bulk-buy-wholesale-cheap-price\/","title":{"rendered":"VOZOL Star 20000 \u0160luk\u016f jednor\u00e1zov\u00fd vape 21% n\u00edzk\u00fd nikotin hromadn\u00fd n\u00e1kup velkoobchod levn\u00e1 cena"},"content":{"rendered":"<h1 class=\"product-title\">VOZOL Star 20000 \u0160luk\u016f jednor\u00e1zov\u00fd vape 21% n\u00edzk\u00fd nikotin hromadn\u00fd n\u00e1kup velkoobchod levn\u00e1 cena<\/h1>\n<p data-start=\"197\" data-end=\"530\">Ten <strong data-start=\"201\" data-end=\"243\">VOZOL Star 20000 pot\u00e1hnut\u00ed jednor\u00e1zov\u00e1 e-cigareta<\/strong> je inovativn\u00ed za\u0159\u00edzen\u00ed vytvo\u0159en\u00e9 pro vapery a <strong data-start=\"289\" data-end=\"315\">velkoobchodn\u00ed distributory<\/strong> kte\u0159\u00ed cht\u011bj\u00ed m\u00edt na pultech n\u011bco jedine\u010dn\u00e9ho. Jako prvn\u00ed jednor\u00e1zov\u00e9 za\u0159\u00edzen\u00ed na sv\u011bt\u011b s <strong data-start=\"395\" data-end=\"421\">2,2\u201d HD zrcadlov\u00fdm displejem<\/strong>nab\u00edz\u00ed futuristick\u00fd design i praktickou funk\u010dnost, d\u00edky \u010demu\u017e vynik\u00e1 v jak\u00e9koli maloobchodn\u00ed nab\u00eddce.<\/p>\n<p data-start=\"532\" data-end=\"840\">S a\u017e <strong data-start=\"543\" data-end=\"559\">20 000 pot\u00e1hnut\u00ed<\/strong>Star je poh\u00e1n\u011bn <strong data-start=\"586\" data-end=\"617\">650mAh dob\u00edjec\u00ed baterie<\/strong> a <strong data-start=\"624\" data-end=\"657\">24ml p\u0159edpln\u011bnou n\u00e1dr\u017ekou na e-liquid<\/strong>zaji\u0161\u0165uj\u00edc\u00ed prodlou\u017een\u00fd v\u00fdkon. Za\u0159\u00edzen\u00ed <strong data-start=\"694\" data-end=\"719\">syst\u00e9mu du\u00e1ln\u00ed mesh spir\u00e1lky<\/strong> produkuje bohatou chu\u0165 a hust\u00e9 mraky, zat\u00edmco nastaviteln\u00e1 nastaven\u00ed umo\u017e\u0148uj\u00ed u\u017eivatel\u016fm p\u0159izp\u016fsobit si vapov\u00e1n\u00ed.<\/p>\n<p data-start=\"842\" data-end=\"1136\">Ten <strong data-start=\"846\" data-end=\"874\">Interaktivn\u00ed barevn\u00e1 obrazovka<\/strong> zobrazuje po\u010det pot\u00e1hnut\u00ed, \u00farove\u0148 nabit\u00ed baterie a zb\u00fdvaj\u00edc\u00ed e-liquid v re\u00e1ln\u00e9m \u010dase, co\u017e z\u00e1kazn\u00edk\u016fm d\u00e1v\u00e1 plnou kontrolu nad jejich z\u00e1\u017eitkem. D\u00edky elegantn\u00edmu a modern\u00edmu proveden\u00ed je obzvl\u00e1\u0161t\u011b atraktivn\u00ed pro mlad\u0161\u00ed demografick\u00e9 skupiny v N\u011bmecku, Francii, \u0160pan\u011blsku a na dal\u0161\u00edch trz\u00edch EU.<\/p>\n<p data-start=\"1138\" data-end=\"1324\">Pro velkoobchodn\u00edky <strong data-start=\"1159\" data-end=\"1177\">VOZOL Star 20K<\/strong> kombinuje pokro\u010dil\u00e9 funkce, dlouhodob\u00e9 pou\u017e\u00edv\u00e1n\u00ed a konkurenceschopn\u00e9 velkoobchodn\u00ed ceny \u2013 co\u017e z n\u011bj \u010din\u00ed siln\u011b prodejnou jednor\u00e1zovou vapovac\u00ed sadu pro distribuci v Evrop\u011b.<\/p>\n<p><strong>Objednejte jednor\u00e1zov\u00fd vape VOZOL Star 20000<\/strong> online z <strong>vape shopu vapestornado<\/strong>\u00a0a u\u017eijte si jedine\u010dn\u00e9 doru\u010dovac\u00ed slu\u017eby po cel\u00e9 <strong>N\u011bmecka<\/strong>, <strong>Nizozemsko<\/strong>, <strong>Francie<\/strong>, <strong>It\u00e1lie<\/strong>, <strong>\u0160pan\u011blska<\/strong>, <strong>\u010cesk\u00e9 republice<\/strong>, <strong>\u0160v\u00e9dska<\/strong>, <strong>Polska<\/strong>, <strong>Belgie<\/strong>, <strong>Rakousko<\/strong>, <strong>\u010cesk\u00e9 republice<\/strong>, <strong>D\u00e1nsko<\/strong>, <strong>Finska<\/strong>, <strong>Portugalsko<\/strong>, <strong>Ma\u010farsko<\/strong>, a dal\u0161\u00ed.<\/p>\n<p>&nbsp;<\/p>\n<p><span style=\"color: #ff0000;\"><strong>P\u0159idejte si Amyin Whatsapp, z\u00edskejte okam\u017eitou odpov\u011b\u010f a kup\u00f3n na vape!<\/strong><\/span><\/p>\n<p><img fetchpriority=\"high\" decoding=\"async\" class=\"size-full wp-image-2932\" src=\"https:\/\/vapestornado.com\/wp-content\/uploads\/2024\/12\/Vape-Wholesale.jpg\" alt=\"Velkoobchod s vape\" width=\"229\" height=\"300\" \/><\/p>\n<h3><a href=\"https:\/\/wa.me\/8617776015835\" target=\"_blank\" rel=\"noopener\"><span style=\"color: #ff0000;\"><strong>WhatsApp: +86 17776015835<\/strong><\/span><\/a><\/h3>\n<p>&nbsp;<\/p>\n<h2 class=\"product-title\"><strong>Vlastnosti produktu VOZOL Star 20000<\/strong><\/h2>\n<div role=\"article\" data-tabster=\"{&quot;groupper&quot;:{&quot;tabbability&quot;:2},&quot;focusable&quot;:{}}\" data-content=\"ai-message\" aria-labelledby=\"juhNTJ6o7Gk1cgwZMJgv2-author juhNTJ6o7Gk1cgwZMJgv2-content\">\n<div id=\"juhNTJ6o7Gk1cgwZMJgv2-content\">\n<div role=\"article\" data-tabster=\"{&quot;groupper&quot;:{&quot;tabbability&quot;:2},&quot;focusable&quot;:{}}\" data-content=\"ai-message\" aria-labelledby=\"x4EZuCZWrTbh3weWUt7CU-author x4EZuCZWrTbh3weWUt7CU-content\">\n<div id=\"x4EZuCZWrTbh3weWUt7CU-content\">\n<div class=\"flex max-w-full flex-col flex-grow\">\n<div class=\"min-h-8 text-message flex w-full flex-col items-end gap-2 whitespace-normal break-words text-start [.text-message+&amp;]:mt-5\" dir=\"auto\" data-message-author-role=\"assistant\" data-message-id=\"52c6e00a-252f-4104-805d-2f1a84739c71\" data-message-model-slug=\"gpt-4o\">\n<div class=\"flex w-full flex-col gap-1 empty:hidden first:pt-[3px]\">\n<div class=\"markdown prose w-full break-words dark:prose-invert light\">\n<p>&nbsp;<\/p>\n<ol>\n<li><strong>2.2\u2033 HD Zrcadlov\u00fd displej<\/strong>: Jasn\u00fd, interaktivn\u00ed displej pro snadn\u00e9 sledov\u00e1n\u00ed statistik vapov\u00e1n\u00ed.<\/li>\n<li><strong>Technologie Twin Mesh Coil<\/strong>: Zvy\u0161uje intenzitu chuti a zaji\u0161\u0165uje konzistentn\u00ed produkci p\u00e1ry.<\/li>\n<li><strong>A\u017e 20 000 pot\u00e1hnut\u00ed<\/strong>: Dlouhotrvaj\u00edc\u00ed z\u00e1\u017eitek z vapov\u00e1n\u00ed s p\u0159izp\u016fsobiteln\u00fdm v\u00fdkonem.<\/li>\n<li><strong>Dob\u00edjec\u00ed baterie 650 mAh<\/strong>: Rychl\u00e9 nab\u00edjen\u00ed pro del\u0161\u00ed pou\u017e\u00edv\u00e1n\u00ed s minim\u00e1ln\u00edmi prostoji.<\/li>\n<li><strong>Kapacita e-liquidu 24 ml<\/strong>: Poskytuje dostatek e-liquidu pro del\u0161\u00ed seance bez \u010dast\u00e9ho dopl\u0148ov\u00e1n\u00ed.<\/li>\n<li><strong>Pr\u016fhledn\u00fd design<\/strong>: Zobrazte zb\u00fdvaj\u00edc\u00ed e-liquid pro v\u011bt\u0161\u00ed pohodl\u00ed a snadn\u00e9 pou\u017eit\u00ed.<\/li>\n<\/ol>\n<figure id=\"attachment_3630\" aria-describedby=\"caption-attachment-3630\" style=\"width: 800px\" class=\"wp-caption alignnone\"><img decoding=\"async\" class=\"wp-image-3630 size-full\" src=\"https:\/\/vapestornado.com\/wp-content\/uploads\/2025\/01\/Vozol-Star-20000-Puff-Rechargeable-Disposable-Vape.webp\" alt=\"Vozol Star 20000 potah\u016f Dob\u00edjec\u00ed jednor\u00e1zov\u00e1 e-cigareta\" width=\"800\" height=\"800\" srcset=\"https:\/\/vapestornado.com\/wp-content\/uploads\/2025\/01\/Vozol-Star-20000-Puff-Rechargeable-Disposable-Vape.webp 800w, https:\/\/vapestornado.com\/wp-content\/uploads\/2025\/01\/Vozol-Star-20000-Puff-Rechargeable-Disposable-Vape-300x300.webp 300w, https:\/\/vapestornado.com\/wp-content\/uploads\/2025\/01\/Vozol-Star-20000-Puff-Rechargeable-Disposable-Vape-150x150.webp 150w, https:\/\/vapestornado.com\/wp-content\/uploads\/2025\/01\/Vozol-Star-20000-Puff-Rechargeable-Disposable-Vape-768x768.webp 768w, https:\/\/vapestornado.com\/wp-content\/uploads\/2025\/01\/Vozol-Star-20000-Puff-Rechargeable-Disposable-Vape-600x600.webp 600w, https:\/\/vapestornado.com\/wp-content\/uploads\/2025\/01\/Vozol-Star-20000-Puff-Rechargeable-Disposable-Vape-100x100.webp 100w\" sizes=\"(max-width: 800px) 100vw, 800px\" \/><figcaption id=\"caption-attachment-3630\" class=\"wp-caption-text\">Vozol Star 20000 potah\u016f Dob\u00edjec\u00ed jednor\u00e1zov\u00e1 e-cigareta<\/figcaption><\/figure>\n<\/div>\n<\/div>\n<\/div>\n<\/div>\n<div class=\"mb-2 flex gap-3 empty:hidden -ml-2\"><\/div>\n<\/div>\n<\/div>\n<\/div>\n<\/div>\n<h2 class=\"product-title\"><strong>Obl\u00edben\u00e1 p\u0159\u00edchu\u0165 pro VOZOL Star 20000<\/strong><strong>\u00a0<\/strong><strong>Jednor\u00e1zov\u00e9 vaporiz\u00e9ry<\/strong><\/h2>\n<p>Vozol Vista 20000 poskytuje rozmanitou a vzru\u0161uj\u00edc\u00ed \u0161k\u00e1lu mo\u017enost\u00ed pro va\u0161i produktovou \u0159adu, kter\u00e9 uspokoj\u00ed r\u016fzn\u00e9 chu\u0165ov\u00e9 preference! N\u00ed\u017ee naleznete obl\u00edben\u00e9 p\u0159\u00edchut\u011b podle na\u0161ich prodejn\u00edch dat a zp\u011btn\u00e9 vazby od z\u00e1kazn\u00edk\u016f.<\/p>\n<p>1.Citron a M\u00e1ta<br \/>\n2. M\u00edchan\u00e9 bobule<span style=\"color: #ff0000;\"> <strong>&gt;&gt;&gt; \u017dhav\u00e9!<\/strong><\/span><br \/>\n3.Jahoda a Mango<br \/>\n4.Mangov\u00e1 ledov\u00e1<br \/>\n5.Mango Ananas a Grapefruit<br \/>\n6.Hroznov\u00e1 ledov\u00e1<span style=\"color: #ff0000;\"><strong>&gt;&gt;&gt; \u017dhav\u00e9!<\/strong><\/span><br \/>\n7. Broskvov\u00fd led<br \/>\n8.Citron a Limetka<br \/>\n9.Meloun ledov\u00fd <span style=\"color: #ff0000;\"><strong>&gt;&gt;&gt; \u017dhav\u00e9!<\/strong><\/span><br \/>\n10.Dra\u010d\u00ed ovoce, ban\u00e1n a t\u0159e\u0161e\u0148<br \/>\n11.Dvojit\u00e9 jablko ledov\u00e9<br \/>\n12.T\u0159e\u0161\u0148ov\u00e1 limon\u00e1da<br \/>\n13.Jahoda a meloun<br \/>\n14.Modr\u00e1 malina ledov\u00e1 <span style=\"color: #ff0000;\"><strong>&gt;&gt;&gt; \u017dhav\u00e9!<\/strong><\/span><br \/>\n15.Bor\u016fvkov\u00e1 bou\u0159e<br \/>\n16.Modr\u00e9 mojito <span style=\"color: #ff0000;\"><strong>&gt;&gt;&gt; Nejlep\u0161\u00ed !<\/strong><\/span><br \/>\n17.Malina a meloun<br \/>\n18.Lavafire<\/p>\n<p>&nbsp;<\/p>\n<div class=\"flex-shrink-0 flex flex-col relative items-end\">\n<div class=\"pt-0\">\n<div class=\"gizmo-bot-avatar flex h-8 w-8 items-center justify-center overflow-hidden rounded-full\">\n<div class=\"relative p-1 rounded-sm flex items-center justify-center bg-token-main-surface-primary text-token-text-primary h-8 w-8\">\n<h2>\u010casto kladen\u00e9 ot\u00e1zky k VOZOL Star 20k<strong>\u00a0<\/strong>Jednor\u00e1zov\u00e1 vapka<\/h2>\n<p>&nbsp;<\/p>\n<ol>\n<li><strong>Jak dlouho vydr\u017e\u00ed VOZOL Star 20000?<\/strong><br \/>\nVOZOL Star poskytuje a\u017e <strong>20 000 pot\u00e1hnut\u00ed<\/strong>, co\u017e nab\u00edz\u00ed dlouhotrvaj\u00edc\u00ed z\u00e1\u017eitek pro n\u00e1ru\u017eiv\u00e9 vapery.<\/li>\n<li><strong>Jak\u00fd je \u00fa\u010del 2.2\u2033 HD zrcadlov\u00e9ho displeje?<\/strong><br \/>\nTen <strong>2.2\u2033 HD zrcadlov\u00fd displej<\/strong> zobrazuje d\u016fle\u017eit\u00e9 informace, jako je po\u010det potah\u016f, \u017eivotnost baterie a hladina e-liquidu, pro interaktivn\u00ed a u\u017eivatelsky p\u0159\u00edv\u011btiv\u00fd z\u00e1\u017eitek.<\/li>\n<li><strong>Jak technologie dvojit\u00e9 mesh spir\u00e1lky zlep\u0161uje z\u00e1\u017eitek z vapov\u00e1n\u00ed?<\/strong><br \/>\nTen <strong>technologii dvojit\u00e9 mesh spir\u00e1lky<\/strong> zvy\u0161uje intenzitu chuti a zaji\u0161\u0165uje konzistentn\u00ed produkci p\u00e1ry, co\u017e u\u017eivatel\u016fm poskytuje hlad\u0161\u00ed a bohat\u0161\u00ed z\u00e1\u017eitek.<\/li>\n<li><strong>Je VOZOL Star dob\u00edjec\u00ed?<\/strong><br \/>\nAno, za\u0159\u00edzen\u00ed je dod\u00e1v\u00e1no s <strong>650mAh dob\u00edjec\u00ed baterie<\/strong> a lze jej rychle nab\u00edt, aby se minimalizovaly prostoje.<\/li>\n<li><strong>Kolik e-liquidu se vejde do VOZOL Star?<\/strong><br \/>\nTen <strong>VOZOL Hv\u011bzda<\/strong> m\u00e1 <strong>objem e-liquidu 24ml<\/strong>, co\u017e je ide\u00e1ln\u00ed pro del\u0161\u00ed vapovac\u00ed seance.<\/li>\n<li><strong>Kde si mohu koupit VOZOL Star 20000 Puffs?<\/strong><br \/>\nTen <strong>VOZOL Star 20000 potah\u016f<\/strong> je k dispozici k zakoupen\u00ed online na <strong>vapestornado<\/strong>, s doru\u010dovac\u00edmi slu\u017ebami do r\u016fzn\u00fdch evropsk\u00fdch zem\u00ed, v\u010detn\u011b <strong>N\u011bmecka<\/strong>, <strong>Francie<\/strong>, <strong>It\u00e1lie<\/strong>, a dal\u0161\u00ed.<\/li>\n<\/ol>\n<div class=\"flex max-w-full flex-col flex-grow\"><\/div>\n<\/div>\n<\/div>\n<\/div>\n<\/div>\n<div class=\"flex-shrink-0 flex flex-col relative items-end\">\n<div class=\"pt-0\">\n<div class=\"gizmo-bot-avatar flex h-8 w-8 items-center justify-center overflow-hidden rounded-full\">\n<div class=\"relative p-1 rounded-sm flex items-center justify-center bg-token-main-surface-primary text-token-text-primary h-8 w-8\">\n<div class=\"mb-2 flex gap-3 empty:hidden -ml-2\">\n<div role=\"article\" data-tabster=\"{&quot;groupper&quot;:{&quot;tabbability&quot;:2},&quot;focusable&quot;:{}}\" data-content=\"ai-message\" aria-labelledby=\"Vdt5ez4X7Tg813x6rFVha-author Vdt5ez4X7Tg813x6rFVha-content\">\n<div id=\"Vdt5ez4X7Tg813x6rFVha-content\">\n<div role=\"article\" data-tabster=\"{&quot;groupper&quot;:{&quot;tabbability&quot;:2},&quot;focusable&quot;:{}}\" data-content=\"ai-message\" aria-labelledby=\"o968oC7CEo2fGHsGdsRYC-author o968oC7CEo2fGHsGdsRYC-content\">\n<div id=\"o968oC7CEo2fGHsGdsRYC-content\">\n<h2>Pro\u010d si vybrat vapestornado pro velkoobchod s vape pery VOZOL Star 20k Puffs?<\/h2>\n<div class=\"flex-shrink-0 flex flex-col relative items-end\">\n<div class=\"pt-0\">\n<div class=\"gizmo-bot-avatar flex h-8 w-8 items-center justify-center overflow-hidden rounded-full\">\n<div class=\"relative p-1 rounded-sm flex items-center justify-center bg-token-main-surface-primary text-token-text-primary h-8 w-8\">\n<p>V\u00edtejte ve vapestornado, va\u0161em d\u016fv\u011bryhodn\u00e9m online obchod\u011b s vapovac\u00edmi pot\u0159ebami pro pr\u00e9miov\u00e9 jednor\u00e1zov\u00e9 vapy. S v\u00edce ne\u017e 5let\u00fdmi zku\u0161enostmi v\u00e1m p\u0159in\u00e1\u0161\u00edme obl\u00edben\u00e9 zna\u010dky jednor\u00e1zov\u00fdch vape, jako jsou Fumot RandM Vape, <a href=\"https:\/\/vapestornado.com\/cs\/product-category\/vapme-shisha\/\">Vapme<\/a>, Bang Vape, Waspe Vape a WGA Vape, atd.<\/p>\n<p>N\u00e1\u0161 sortiment zahrnuje \u017ehav\u00e9 vapy, jako je <a href=\"https:\/\/vapestornado.com\/cs\/product\/randm-12000-puffs-fumot-digital-disposable-vape-wholesale-price\/\">RandM Tornado 12000<\/a>, a chu\u0165ov\u011b bohat\u00e9 varianty jako <a href=\"https:\/\/vapestornado.com\/cs\/product\/wga-crystal-pro-max-extra-15000-puffs-rechargeable-disposable-vape-wholesale-bulk-buy\/\">\u00a0WGA Crystal 15k Potah\u016f<\/a> . Ka\u017ed\u00fd produkt je vyb\u00edr\u00e1n s d\u016frazem na kvalitu, hodnotu a rozmanitost, abychom zajistili, \u017ee najdete to prav\u00e9 pro va\u0161e pot\u0159eby. Objevte v\u00fdjime\u010dn\u00e9 slu\u017eby a \u0161irokou \u0161k\u00e1lu \u0161pi\u010dkov\u00fdch produkt\u016f za velkoobchodn\u00ed ceny na vapestornado.<\/p>\n<\/div>\n<p>&nbsp;<\/p>\n<p><strong>Dal\u0161\u00ed obl\u00edben\u00e9 jednor\u00e1zov\u00e9 vapes<\/strong><\/p>\n<p><a href=\"https:\/\/vapestornado.com\/cs\/product\/vozol-vista-20000-vape-rechargeable-disposable-vape-wholesale-cheap-price\/\">VOZOL VISTA 20000 potah\u016f <span style=\"color: #ff0000;\"><strong>&gt;&gt;&gt;&gt; J\u00edt !<\/strong><\/span><\/a><\/p>\n<p><a href=\"https:\/\/vapestornado.com\/cs\/product\/vozol-gear-power-20k-20000-puffs-vape-rechargeable-disposable-box-bulk-buy-cheap-price\/\">VOZOL Hv\u011bzda 20000<span style=\"color: #ff0000;\"><strong>&gt;&gt;&gt;&gt; J\u00edt !<\/strong><\/span><\/a><\/p>\n<p><a href=\"https:\/\/vapestornado.com\/cs\/product\/puff-25k-bang-king-25000-puffs-rechargeable-disposable-vape-wholesale-bulk-buy\/\">Bang King 25000 <span style=\"color: #ff0000;\"><strong>&gt;&gt;&gt;&gt; J\u00edt !<\/strong><\/span><\/a><\/p>\n<\/div>\n<\/div>\n<\/div>\n<p>&nbsp;<\/p>\n<\/div>\n<\/div>\n<\/div>\n<\/div>\n<\/div>\n<\/div>\n<\/div>\n<\/div>\n<\/div>","protected":false},"excerpt":{"rendered":"<p>VOZOL Star 20000 pot\u00e1hnut\u00ed n\u00edzko nikotinov\u00e1 jednor\u00e1zov\u00e1 e-cigareta velkoobchod<br \/>\nVOZOL Star 20000 pot\u00e1hnut\u00ed digit\u00e1ln\u00ed displej jednor\u00e1zov\u00e1 e-cigareta hromadn\u00fd n\u00e1kup<br \/>\nVOZOL Star 20k dob\u00edjec\u00ed jednor\u00e1zov\u00e1 e-cigareta n\u00edzk\u00e1 cena<\/p>\n<p><strong>P\u0159idejte si Amy na WhatsApp pro rychlou odpov\u011b\u010f a kup\u00f3n na vapky!<\/strong><\/p>\n<p><img fetchpriority=\"high\" decoding=\"async\" class=\"size-full wp-image-2932\" src=\"https:\/\/vapestornado.com\/wp-content\/uploads\/2024\/12\/Vape-Wholesale.jpg\" alt=\"Velkoobchod s vape\" width=\"229\" height=\"300\" \/><\/p>\n<h3><a href=\"https:\/\/wa.me\/8617776015835\"><span style=\"color: #ff0000;\"><strong>WhatsApp: +86 17776015835<\/strong><\/span><\/a><\/h3>\n<p>&nbsp;<\/p>","protected":false},"featured_media":3625,"comment_status":"open","ping_status":"closed","template":"","meta":{"_acf_changed":false,"_uag_custom_page_level_css":"","_lmt_disableupdate":"no","_lmt_disable":"","_monsterinsights_skip_tracking":false,"_monsterinsights_sitenote_active":false,"_monsterinsights_sitenote_note":"","_monsterinsights_sitenote_category":0,"site-sidebar-layout":"default","site-content-layout":"","ast-site-content-layout":"default","site-content-style":"default","site-sidebar-style":"default","ast-global-header-display":"","ast-banner-title-visibility":"","ast-main-header-display":"","ast-hfb-above-header-display":"","ast-hfb-below-header-display":"","ast-hfb-mobile-header-display":"","site-post-title":"","ast-breadcrumbs-content":"","ast-featured-img":"","footer-sml-layout":"","ast-disable-related-posts":"","theme-transparent-header-meta":"default","adv-header-id-meta":"","stick-header-meta":"","header-above-stick-meta":"","header-main-stick-meta":"","header-below-stick-meta":"","astra-migrate-meta-layouts":"set","ast-page-background-enabled":"default","ast-page-background-meta":{"desktop":{"background-color":"","background-image":"","background-repeat":"repeat","background-position":"center center","background-size":"auto","background-attachment":"scroll","background-type":"","background-media":"","overlay-type":"","overlay-color":"","overlay-opacity":"","overlay-gradient":""},"tablet":{"background-color":"","background-image":"","background-repeat":"repeat","background-position":"center center","background-size":"auto","background-attachment":"scroll","background-type":"","background-media":"","overlay-type":"","overlay-color":"","overlay-opacity":"","overlay-gradient":""},"mobile":{"background-color":"","background-image":"","background-repeat":"repeat","background-position":"center center","background-size":"auto","background-attachment":"scroll","background-type":"","background-media":"","overlay-type":"","overlay-color":"","overlay-opacity":"","overlay-gradient":""}},"ast-content-background-meta":{"desktop":{"background-color":"var(--ast-global-color-5)","background-image":"","background-repeat":"repeat","background-position":"center center","background-size":"auto","background-attachment":"scroll","background-type":"","background-media":"","overlay-type":"","overlay-color":"","overlay-opacity":"","overlay-gradient":""},"tablet":{"background-color":"var(--ast-global-color-5)","background-image":"","background-repeat":"repeat","background-position":"center center","background-size":"auto","background-attachment":"scroll","background-type":"","background-media":"","overlay-type":"","overlay-color":"","overlay-opacity":"","overlay-gradient":""},"mobile":{"background-color":"var(--ast-global-color-5)","background-image":"","background-repeat":"repeat","background-position":"center center","background-size":"auto","background-attachment":"scroll","background-type":"","background-media":"","overlay-type":"","overlay-color":"","overlay-opacity":"","overlay-gradient":""}},"_joinchat":{"telephone":"+8617776015835"}},"product_brand":[],"product_cat":[69,154,155,157,160,142,146,57],"product_tag":[165,105,97,166,94,222,221,220],"class_list":{"0":"post-3624","1":"product","2":"type-product","3":"status-publish","4":"has-post-thumbnail","6":"product_cat-20000-puff","7":"product_cat-buy-disposable-vapes-in-netherlands","8":"product_cat-buy-disposable-vapes-in-norway","9":"product_cat-buy-disposable-vapes-in-portugal","10":"product_cat-buy-disposable-vapes-in-switzerland","11":"product_cat-digital-box-disposable-vapes","12":"product_cat-rechargeable-disposable-vapes","13":"product_cat-vozol-vape","14":"product_tag-cheap-vapes","15":"product_tag-digital-disposable-vape","16":"product_tag-hot-sale-disposable-vape","17":"product_tag-low-nicotine-vape","18":"product_tag-rechargeable-disposable-vape","19":"product_tag-vozol-gear-power-20000","20":"product_tag-vozol-gear-power-20k","21":"product_tag-vozol-vape","22":"desktop-align-left","23":"tablet-align-left","24":"mobile-align-left","26":"first","27":"instock","28":"sale","29":"shipping-taxable","30":"purchasable","31":"product-type-simple"},"acf":[],"uagb_featured_image_src":{"full":["https:\/\/vapestornado.com\/wp-content\/uploads\/2025\/01\/Vozol-Star-20000-Puff-Disposable-Vape-Love-777-Flavor.webp",800,800,false],"thumbnail":["https:\/\/vapestornado.com\/wp-content\/uploads\/2025\/01\/Vozol-Star-20000-Puff-Disposable-Vape-Love-777-Flavor-150x150.webp",150,150,true],"medium":["https:\/\/vapestornado.com\/wp-content\/uploads\/2025\/01\/Vozol-Star-20000-Puff-Disposable-Vape-Love-777-Flavor-300x300.webp",300,300,true],"medium_large":["https:\/\/vapestornado.com\/wp-content\/uploads\/2025\/01\/Vozol-Star-20000-Puff-Disposable-Vape-Love-777-Flavor-768x768.webp",768,768,true],"large":["https:\/\/vapestornado.com\/wp-content\/uploads\/2025\/01\/Vozol-Star-20000-Puff-Disposable-Vape-Love-777-Flavor.webp",800,800,false],"1536x1536":["https:\/\/vapestornado.com\/wp-content\/uploads\/2025\/01\/Vozol-Star-20000-Puff-Disposable-Vape-Love-777-Flavor.webp",800,800,false],"2048x2048":["https:\/\/vapestornado.com\/wp-content\/uploads\/2025\/01\/Vozol-Star-20000-Puff-Disposable-Vape-Love-777-Flavor.webp",800,800,false],"trp-custom-language-flag":["https:\/\/vapestornado.com\/wp-content\/uploads\/2025\/01\/Vozol-Star-20000-Puff-Disposable-Vape-Love-777-Flavor.webp",12,12,false],"woocommerce_thumbnail":["https:\/\/vapestornado.com\/wp-content\/uploads\/2025\/01\/Vozol-Star-20000-Puff-Disposable-Vape-Love-777-Flavor-300x300.webp",300,300,true],"woocommerce_single":["https:\/\/vapestornado.com\/wp-content\/uploads\/2025\/01\/Vozol-Star-20000-Puff-Disposable-Vape-Love-777-Flavor-600x600.webp",600,600,true],"woocommerce_gallery_thumbnail":["https:\/\/vapestornado.com\/wp-content\/uploads\/2025\/01\/Vozol-Star-20000-Puff-Disposable-Vape-Love-777-Flavor-100x100.webp",100,100,true]},"uagb_author_info":{"display_name":"ESAMY","author_link":"https:\/\/vapestornado.com\/cs\/author\/"},"uagb_comment_info":0,"uagb_excerpt":"VOZOL Star 20000 Puffs 2% Low Nicotine Disposable Vape Wholesale VOZOL Star 20000 Puff \u00a0Digital Display Disposable Vape Bulk Buy VOZOL Star 20k Rechargeable Disposable Vape Cheap Price Add Amy's whatsapp get right reply and vape coupon! WhatsApp: +86 17776015835 &nbsp;","_links":{"self":[{"href":"https:\/\/vapestornado.com\/cs\/wp-json\/wp\/v2\/product\/3624","targetHints":{"allow":["GET"]}}],"collection":[{"href":"https:\/\/vapestornado.com\/cs\/wp-json\/wp\/v2\/product"}],"about":[{"href":"https:\/\/vapestornado.com\/cs\/wp-json\/wp\/v2\/types\/product"}],"replies":[{"embeddable":true,"href":"https:\/\/vapestornado.com\/cs\/wp-json\/wp\/v2\/comments?post=3624"}],"wp:featuredmedia":[{"embeddable":true,"href":"https:\/\/vapestornado.com\/cs\/wp-json\/wp\/v2\/media\/3625"}],"wp:attachment":[{"href":"https:\/\/vapestornado.com\/cs\/wp-json\/wp\/v2\/media?parent=3624"}],"wp:term":[{"taxonomy":"product_brand","embeddable":true,"href":"https:\/\/vapestornado.com\/cs\/wp-json\/wp\/v2\/product_brand?post=3624"},{"taxonomy":"product_cat","embeddable":true,"href":"https:\/\/vapestornado.com\/cs\/wp-json\/wp\/v2\/product_cat?post=3624"},{"taxonomy":"product_tag","embeddable":true,"href":"https:\/\/vapestornado.com\/cs\/wp-json\/wp\/v2\/product_tag?post=3624"}],"curies":[{"name":"wp","href":"https:\/\/api.w.org\/{rel}","templated":true}]}}