{"id":3614,"date":"2025-01-02T03:10:17","date_gmt":"2025-01-02T03:10:17","guid":{"rendered":"https:\/\/vapestornado.com\/?post_type=product&#038;p=3614"},"modified":"2025-08-23T12:23:25","modified_gmt":"2025-08-23T12:23:25","slug":"vozol-gear-power-20k-20000-puffs-vape-rechargeable-disposable-box-bulk-buy-cheap-price","status":"publish","type":"product","link":"https:\/\/vapestornado.com\/cs\/product\/vozol-gear-power-20k-20000-puffs-vape-rechargeable-disposable-box-bulk-buy-cheap-price\/","title":{"rendered":"VOZOL Gear Power 20K 20000 \u0160luk\u016f vape dob\u00edjec\u00ed jednor\u00e1zov\u00fd box hromadn\u00fd n\u00e1kup levn\u00e1 cena"},"content":{"rendered":"<h1 class=\"product-title\">VOZOL Gear Power 20K 20000 \u0160luk\u016f vape dob\u00edjec\u00ed jednor\u00e1zov\u00fd box hromadn\u00fd n\u00e1kup levn\u00e1 cena<\/h1>\n<p>VOZOL GEAR POWER 20k se dod\u00e1v\u00e1 s p\u016fsobiv\u00fdm objemem <strong>20 ml e-liquidu<\/strong>, co\u017e ho \u010din\u00ed ide\u00e1ln\u00edm i pro ty nejn\u00e1ru\u017eiv\u011bj\u0161\u00ed u\u017eivatele, vydr\u017e\u00ed d\u00e9le ne\u017e t\u00fdden. Nab\u00edz\u00ed <strong>t\u0159i mo\u017enosti s\u00edly nikotinu<\/strong>\u20140 mg, 20 mg a 50 mg\u2014a je k dispozici ve <strong>20 jedine\u010dn\u00fdch p\u0159\u00edchut\u00edch<\/strong>, vyhovuj\u00edc\u00ed \u0161irok\u00e9 \u0161k\u00e1le preferenc\u00ed.<\/p>\n<p>Za\u0159\u00edzen\u00ed je vybaveno <strong>650 mAh dob\u00edjec\u00ed baterie<\/strong>, zaji\u0161\u0165uj\u00edc\u00ed st\u00e1l\u00fd v\u00fdkon. Nab\u00edj\u00ed se rychle p\u0159es USB-C a obsahuje <strong>du\u00e1ln\u00ed mesh spir\u00e1lky s technologi\u00ed S.i.L.C (hladk\u00e9, identick\u00e9, dlouhotrvaj\u00edc\u00ed, \u010dist\u00e9)<\/strong>, co\u017e p\u0159in\u00e1\u0161\u00ed hladk\u00fd a konzistentn\u00ed z\u00e1\u017eitek z vapov\u00e1n\u00ed se zes\u00edlenou chut\u00ed a produkc\u00ed p\u00e1ry.<\/p>\n<p>Model GEAR POWER, navr\u017een\u00fd pro v\u0161estrannost, nab\u00edz\u00ed dva re\u017eimy v\u00fdkonu. <strong>Re\u017eim ECO<\/strong> poskytuje a\u017e <strong>20 000 pot\u00e1hnut\u00ed<\/strong>, ide\u00e1ln\u00ed pro dlouhodob\u00e9 pou\u017eit\u00ed, zat\u00edmco <strong>Re\u017eim POWER<\/strong> up\u0159ednost\u0148uje bohat\u0161\u00ed chu\u0165 a hust\u0161\u00ed p\u00e1ru, poskytuj\u00edc\u00ed p\u0159ibli\u017en\u011b <strong>12 000 pot\u00e1hnut\u00ed<\/strong>.<\/p>\n<p>U\u017eivatelsky p\u0159\u00edv\u011btiv\u00fd <strong>LED displej<\/strong> ukazuje aktu\u00e1ln\u00ed re\u017eim, zb\u00fdvaj\u00edc\u00ed procento baterie a hladinu e-liquidu, co\u017e usnad\u0148uje sledov\u00e1n\u00ed pou\u017e\u00edv\u00e1n\u00ed. Pro lep\u0161\u00ed hygienu se za\u0159\u00edzen\u00ed dod\u00e1v\u00e1 s <strong>silikonov\u00e1 krytka<\/strong> pro ochranu n\u00e1ustku, kdy\u017e se nepou\u017e\u00edv\u00e1.<\/p>\n<p>VOZOL GEAR POWER kombinuje v\u00fdjime\u010dn\u00fd v\u00fdkon, pohodl\u00ed a stylov\u00fd design, a je tak perfektn\u00ed volbou pro vapery, kte\u0159\u00ed hledaj\u00ed spolehliv\u00e9 a vysoce kvalitn\u00ed jednor\u00e1zov\u00e9 za\u0159\u00edzen\u00ed.<\/p>\n<p>&nbsp;<\/p>\n<p><span style=\"color: #ff0000;\"><strong>P\u0159idejte si Amyin Whatsapp, z\u00edskejte okam\u017eitou odpov\u011b\u010f a kup\u00f3n na vape!<\/strong><\/span><\/p>\n<p><img fetchpriority=\"high\" decoding=\"async\" class=\"size-full wp-image-2932\" src=\"https:\/\/vapestornado.com\/wp-content\/uploads\/2024\/12\/Vape-Wholesale.jpg\" alt=\"Velkoobchod s vape\" width=\"229\" height=\"300\" \/><\/p>\n<h3><a href=\"https:\/\/wa.me\/8617776015835\" target=\"_blank\" rel=\"noopener\"><span style=\"color: #ff0000;\"><strong>WhatsApp: +86 17776015835<\/strong><\/span><\/a><\/h3>\n<p>&nbsp;<\/p>\n<h2 class=\"product-title\"><strong>Vlastnosti produktu VOZOL Gear Power 20K<\/strong><\/h2>\n<div role=\"article\" data-tabster=\"{&quot;groupper&quot;:{&quot;tabbability&quot;:2},&quot;focusable&quot;:{}}\" data-content=\"ai-message\" aria-labelledby=\"juhNTJ6o7Gk1cgwZMJgv2-author juhNTJ6o7Gk1cgwZMJgv2-content\">\n<div id=\"juhNTJ6o7Gk1cgwZMJgv2-content\">\n<div role=\"article\" data-tabster=\"{&quot;groupper&quot;:{&quot;tabbability&quot;:2},&quot;focusable&quot;:{}}\" data-content=\"ai-message\" aria-labelledby=\"x4EZuCZWrTbh3weWUt7CU-author x4EZuCZWrTbh3weWUt7CU-content\">\n<div id=\"x4EZuCZWrTbh3weWUt7CU-content\">\n<div class=\"flex max-w-full flex-col flex-grow\">\n<div class=\"min-h-8 text-message flex w-full flex-col items-end gap-2 whitespace-normal break-words text-start [.text-message+&amp;]:mt-5\" dir=\"auto\" data-message-author-role=\"assistant\" data-message-id=\"52c6e00a-252f-4104-805d-2f1a84739c71\" data-message-model-slug=\"gpt-4o\">\n<div class=\"flex w-full flex-col gap-1 empty:hidden first:pt-[3px]\">\n<div class=\"markdown prose w-full break-words dark:prose-invert light\">\n<p>&nbsp;<\/p>\n<ul>\n<li><strong>Masivn\u00ed kapacita e-liquidu<\/strong>: P\u0159edpln\u011bno 20 ml e-liquidu, vydr\u017e\u00ed d\u00e9le ne\u017e t\u00fdden i pro siln\u00e9 u\u017eivatele.<\/li>\n<li><strong>Mo\u017enosti nikotinu<\/strong>: K dispozici v <strong>0, 20 a 50 mg<\/strong> siln\u00e9 varianty ve 20 jedine\u010dn\u00fdch p\u0159\u00edchut\u00edch.<\/li>\n<li><strong>Dob\u00edjec\u00ed baterie<\/strong>: Obsahuje baterii o kapacit\u011b 650 mAh, dob\u00edjec\u00ed p\u0159es USB-C.<\/li>\n<li><strong>Pokro\u010dil\u00e9 c\u00edvky<\/strong>: Du\u00e1ln\u00ed mesh c\u00edvky s <strong>technologi\u00ed S.i.L.C<\/strong> zaji\u0161\u0165uj\u00ed jemn\u00e9 a konzistentn\u00ed potahy.<\/li>\n<\/ul>\n<p><strong>Du\u00e1ln\u00ed re\u017eimy v\u00fdkonu pro v\u0161estrannost<\/strong><\/p>\n<ul>\n<li><strong>Re\u017eim ECO<\/strong>: Nab\u00edz\u00ed a\u017e <strong>20 000 pot\u00e1hnut\u00ed<\/strong> pro dlouhodob\u00e9 pou\u017e\u00edv\u00e1n\u00ed.<\/li>\n<li><strong>Re\u017eim POWER<\/strong>: Poskytuje bohat\u0161\u00ed chu\u0165 a hust\u0161\u00ed p\u00e1ru, s p\u0159ibli\u017en\u011b <strong>12 000 pot\u00e1hnut\u00ed<\/strong>.<\/li>\n<\/ul>\n<\/div>\n<\/div>\n<\/div>\n<\/div>\n<div class=\"mb-2 flex gap-3 empty:hidden -ml-2\">\n<figure id=\"attachment_3610\" aria-describedby=\"caption-attachment-3610\" style=\"width: 1000px\" class=\"wp-caption alignnone\"><img decoding=\"async\" class=\"wp-image-3610 size-full\" src=\"https:\/\/vapestornado.com\/wp-content\/uploads\/2025\/01\/VOZOL-Gear-Power-20000-Disposable-Bulk-Buy.jpg\" alt=\"Jednor\u00e1zov\u00e9 za\u0159\u00edzen\u00ed VOZOL Gear Power 20000 Hromadn\u00fd n\u00e1kup\" width=\"1000\" height=\"1000\" srcset=\"https:\/\/vapestornado.com\/wp-content\/uploads\/2025\/01\/VOZOL-Gear-Power-20000-Disposable-Bulk-Buy.jpg 1000w, https:\/\/vapestornado.com\/wp-content\/uploads\/2025\/01\/VOZOL-Gear-Power-20000-Disposable-Bulk-Buy-300x300.jpg 300w, https:\/\/vapestornado.com\/wp-content\/uploads\/2025\/01\/VOZOL-Gear-Power-20000-Disposable-Bulk-Buy-150x150.jpg 150w, https:\/\/vapestornado.com\/wp-content\/uploads\/2025\/01\/VOZOL-Gear-Power-20000-Disposable-Bulk-Buy-768x768.jpg 768w, https:\/\/vapestornado.com\/wp-content\/uploads\/2025\/01\/VOZOL-Gear-Power-20000-Disposable-Bulk-Buy-600x600.jpg 600w, https:\/\/vapestornado.com\/wp-content\/uploads\/2025\/01\/VOZOL-Gear-Power-20000-Disposable-Bulk-Buy-100x100.jpg 100w\" sizes=\"(max-width: 1000px) 100vw, 1000px\" \/><figcaption id=\"caption-attachment-3610\" class=\"wp-caption-text\">Jednor\u00e1zov\u00e9 za\u0159\u00edzen\u00ed VOZOL Gear Power 20000 Hromadn\u00fd n\u00e1kup<\/figcaption><\/figure>\n<\/div>\n<\/div>\n<\/div>\n<\/div>\n<\/div>\n<h2 class=\"product-title\"><strong>Obl\u00edben\u00e9 p\u0159\u00edchut\u011b pro VOZOL Gear Power 20000<\/strong><strong>\u00a0<\/strong><strong>Jednor\u00e1zov\u00e9 vaporiz\u00e9ry<\/strong><\/h2>\n<p>Vozol Vista 20000 poskytuje rozmanitou a vzru\u0161uj\u00edc\u00ed \u0161k\u00e1lu mo\u017enost\u00ed pro va\u0161i produktovou \u0159adu, kter\u00e9 uspokoj\u00ed r\u016fzn\u00e9 chu\u0165ov\u00e9 preference! N\u00ed\u017ee naleznete obl\u00edben\u00e9 p\u0159\u00edchut\u011b podle na\u0161ich prodejn\u00edch dat a zp\u011btn\u00e9 vazby od z\u00e1kazn\u00edk\u016f.<\/p>\n<p>1.Citron a M\u00e1ta<br \/>\n2. M\u00edchan\u00e9 bobule <span style=\"color: #ff0000;\"><strong>&gt;&gt;&gt; \u017dhav\u00e9!<\/strong><\/span><br \/>\n3.Jahoda a Mango<br \/>\n4.Mangov\u00e1 ledov\u00e1<br \/>\n5.Mango Ananas a Grapefruit<br \/>\n6.Hroznov\u00e1 ledov\u00e1<span style=\"color: #ff0000;\"><strong>&gt;&gt;&gt; \u017dhav\u00e9!<\/strong><\/span><br \/>\n7. Broskvov\u00fd led<br \/>\n8.Citron a Limetka<br \/>\n9.Meloun ledov\u00fd<br \/>\n10.Dra\u010d\u00ed ovoce, ban\u00e1n a t\u0159e\u0161e\u0148 <span style=\"color: #ff0000;\"><strong>&gt;&gt;&gt; \u017dhav\u00e9!<\/strong><\/span><br \/>\n11.Dvojit\u00e9 jablko ledov\u00e9<br \/>\n12.T\u0159e\u0161\u0148ov\u00e1 limon\u00e1da<br \/>\n13.Jahoda a meloun<br \/>\n14.Modr\u00e1 malina ledov\u00e1 <span style=\"color: #ff0000;\"><strong>&gt;&gt;&gt; Nejlep\u0161\u00ed !<\/strong><\/span><br \/>\n15.Bor\u016fvkov\u00e1 bou\u0159e<br \/>\n16.Modr\u00e9 mojito <span style=\"color: #ff0000;\"><strong>&gt;&gt;&gt; \u017dhav\u00e9!<\/strong><\/span><br \/>\n17.Malina a meloun<br \/>\n18.Lavafire<\/p>\n<div class=\"flex-shrink-0 flex flex-col relative items-end\">\n<div class=\"pt-0\">\n<div class=\"gizmo-bot-avatar flex h-8 w-8 items-center justify-center overflow-hidden rounded-full\">\n<div class=\"relative p-1 rounded-sm flex items-center justify-center bg-token-main-surface-primary text-token-text-primary h-8 w-8\">\n<h2>\u010casto kladen\u00e9 dotazy k VOZOL Gear Power 20K<strong>\u00a0<\/strong>Jednor\u00e1zov\u00e1 vapka<\/h2>\n<p>&nbsp;<\/p>\n<div class=\"flex max-w-full flex-col flex-grow\">\n<div class=\"min-h-8 text-message flex w-full flex-col items-end gap-2 whitespace-normal break-words text-start [.text-message+&amp;]:mt-5\" dir=\"auto\" data-message-author-role=\"assistant\" data-message-id=\"4dc48248-df95-45bd-b800-6dedb43cf7f1\" data-message-model-slug=\"gpt-4o\">\n<div class=\"flex w-full flex-col gap-1 empty:hidden first:pt-[3px]\">\n<div class=\"markdown prose w-full break-words dark:prose-invert light\">\n<ol>\n<li><strong>Jak dlouho vydr\u017e\u00ed VOZOL GEAR POWER?<\/strong><br \/>\nVOZOL GEAR POWER nab\u00edz\u00ed a\u017e <strong>20 000 pot\u00e1hnut\u00ed<\/strong> v re\u017eimu ECO a kolem <strong>12 000 pot\u00e1hnut\u00ed<\/strong> v re\u017eimu POWER, v z\u00e1vislosti na zvyklostech u\u017eivatele. D\u00edky kapacit\u011b e-liquidu 20 ml vydr\u017e\u00ed i n\u00e1ro\u010dn\u00fdm u\u017eivatel\u016fm d\u00e9le ne\u017e t\u00fdden.<\/li>\n<li><strong>Jak\u00e9 jsou dostupn\u00e9 s\u00edly nikotinu pro VOZOL GEAR POWER 20k?<\/strong><br \/>\nGEAR POWER 20k je dostupn\u00fd v sil\u00e1ch nikotinu <strong>0 mg, 20 mg a 50 mg<\/strong>, co\u017e ho \u010din\u00ed vhodn\u00fdm pro r\u016fzn\u00e9 preference a pot\u0159eby nikotinu.<\/li>\n<li><strong>Mohu nab\u00edt GEAR POWER a jak to ud\u011bl\u00e1m?<\/strong><br \/>\nAno, za\u0159\u00edzen\u00ed je vybaveno <strong>650 mAh dob\u00edjec\u00ed baterie<\/strong>. Lze ho snadno nab\u00edt pomoc\u00ed <strong>kabelu USB-C<\/strong>, co\u017e zaji\u0161\u0165uje nep\u0159etr\u017eit\u00e9 pou\u017e\u00edv\u00e1n\u00ed.<\/li>\n<li><strong>Jak\u00e9 p\u0159\u00edchut\u011b jsou k dispozici pro VOZOL GEAR POWER 20000?<\/strong><br \/>\nGEAR POWER se dod\u00e1v\u00e1 v <strong>20 jedine\u010dn\u00fdch p\u0159\u00edchut\u00edch<\/strong>, od ovocn\u00fdch a sladk\u00fdch po klasick\u00e9 a v\u00fdrazn\u00e9, co\u017e vyhovuje \u0161irok\u00e9 \u0161k\u00e1le chu\u0165ov\u00fdch preferenc\u00ed.<\/li>\n<li><strong>Jak VOZOL 20000 zaji\u0161\u0165uje konzistentn\u00ed chu\u0165 a produkci p\u00e1ry?<\/strong><br \/>\nZa\u0159\u00edzen\u00ed je vybaveno <strong>dvojit\u00fdmi spir\u00e1lkami s pletivem a technologi\u00ed S.i.L.C (Smooth, Identical, Long-lasting, Clean)<\/strong>, kter\u00e9 zaji\u0161\u0165uj\u00ed hladk\u00e9 a konzistentn\u00ed tahy se zlep\u0161enou chut\u00ed a produkc\u00ed p\u00e1ry.<\/li>\n<li><strong>Jak\u00e9 funkce d\u011blaj\u00ed GEAR POWER u\u017eivatelsky p\u0159\u00edv\u011btiv\u00fdm?<\/strong><br \/>\nGEAR POWER obsahuje <strong>jasn\u00fd LED displej<\/strong> zobrazuj\u00edc\u00ed re\u017eim nap\u00e1jen\u00ed, procento baterie a hladinu e-liquidu. Dod\u00e1v\u00e1 se tak\u00e9 s <strong>silikonov\u00e1 krytka<\/strong> aby byl n\u00e1ustek \u010dist\u00fd, kdy\u017e se nepou\u017e\u00edv\u00e1, co\u017e p\u0159id\u00e1v\u00e1 pohodl\u00ed a hygienu.<\/li>\n<\/ol>\n<\/div>\n<\/div>\n<\/div>\n<\/div>\n<\/div>\n<\/div>\n<\/div>\n<\/div>\n<div class=\"flex-shrink-0 flex flex-col relative items-end\">\n<div class=\"pt-0\">\n<div class=\"gizmo-bot-avatar flex h-8 w-8 items-center justify-center overflow-hidden rounded-full\">\n<div class=\"relative p-1 rounded-sm flex items-center justify-center bg-token-main-surface-primary text-token-text-primary h-8 w-8\">\n<div class=\"mb-2 flex gap-3 empty:hidden -ml-2\">\n<div role=\"article\" data-tabster=\"{&quot;groupper&quot;:{&quot;tabbability&quot;:2},&quot;focusable&quot;:{}}\" data-content=\"ai-message\" aria-labelledby=\"Vdt5ez4X7Tg813x6rFVha-author Vdt5ez4X7Tg813x6rFVha-content\">\n<div id=\"Vdt5ez4X7Tg813x6rFVha-content\">\n<div role=\"article\" data-tabster=\"{&quot;groupper&quot;:{&quot;tabbability&quot;:2},&quot;focusable&quot;:{}}\" data-content=\"ai-message\" aria-labelledby=\"o968oC7CEo2fGHsGdsRYC-author o968oC7CEo2fGHsGdsRYC-content\">\n<div id=\"o968oC7CEo2fGHsGdsRYC-content\">\n<h2>Pro\u010d si vybrat vapestornado pro velkoobchodn\u00ed prodej jednor\u00e1zov\u00fdch vap\u016f VOZOL 20K Puffs?<\/h2>\n<div class=\"flex-shrink-0 flex flex-col relative items-end\">\n<div class=\"pt-0\">\n<div class=\"gizmo-bot-avatar flex h-8 w-8 items-center justify-center overflow-hidden rounded-full\">\n<div class=\"relative p-1 rounded-sm flex items-center justify-center bg-token-main-surface-primary text-token-text-primary h-8 w-8\">\n<p>V\u00edtejte ve vapestornado, va\u0161em d\u016fv\u011bryhodn\u00e9m online obchod\u011b s vapovac\u00edmi pot\u0159ebami pro pr\u00e9miov\u00e9 jednor\u00e1zov\u00e9 vapy. S v\u00edce ne\u017e 5let\u00fdmi zku\u0161enostmi v\u00e1m p\u0159in\u00e1\u0161\u00edme obl\u00edben\u00e9 zna\u010dky jednor\u00e1zov\u00fdch vape, jako jsou Fumot RandM Vape, <a href=\"https:\/\/vapestornado.com\/cs\/product-category\/vapme-shisha\/\">Vapme<\/a>, Bang Vape, Waspe Vape a WGA Vape, atd.<\/p>\n<p>N\u00e1\u0161 sortiment zahrnuje \u017ehav\u00e9 vapy, jako je <a href=\"https:\/\/vapestornado.com\/cs\/product\/randm-12000-puffs-fumot-digital-disposable-vape-wholesale-price\/\">RandM Tornado 12000<\/a>, a chu\u0165ov\u011b bohat\u00e9 varianty jako <a href=\"https:\/\/vapestornado.com\/cs\/product\/wga-crystal-pro-max-extra-15000-puffs-rechargeable-disposable-vape-wholesale-bulk-buy\/\">\u00a0WGA Crystal 15k Potah\u016f<\/a> . Ka\u017ed\u00fd produkt je vyb\u00edr\u00e1n s d\u016frazem na kvalitu, hodnotu a rozmanitost, abychom zajistili, \u017ee najdete to prav\u00e9 pro va\u0161e pot\u0159eby. Objevte v\u00fdjime\u010dn\u00e9 slu\u017eby a \u0161irokou \u0161k\u00e1lu \u0161pi\u010dkov\u00fdch produkt\u016f za velkoobchodn\u00ed ceny na vapestornado.<\/p>\n<\/div>\n<p>&nbsp;<\/p>\n<p><strong>Dal\u0161\u00ed obl\u00edben\u00e9 jednor\u00e1zov\u00e9 vapes<\/strong><\/p>\n<p><a href=\"https:\/\/vapestornado.com\/cs\/product\/vozol-vista-20000-vape-rechargeable-disposable-vape-wholesale-cheap-price\/\">VOZOL VISTA 20000 potah\u016f <span style=\"color: #ff0000;\"><strong>&gt;&gt;&gt;&gt; J\u00edt !<\/strong><\/span><\/a><\/p>\n<p><a href=\"https:\/\/vapestornado.com\/cs\/product\/vopk-ultra-40000-puffs-2-in-1-digital-screen-rechargeable-disposable-vape\/\">VOPK 40000 Dvojit\u00e1 Chu\u0165<span style=\"color: #ff0000;\"><strong>&gt;&gt;&gt;&gt; J\u00edt !<\/strong><\/span><\/a><\/p>\n<p><a href=\"https:\/\/vapestornado.com\/cs\/product\/puff-25k-bang-king-25000-puffs-rechargeable-disposable-vape-wholesale-bulk-buy\/\">Bang King 25000 <span style=\"color: #ff0000;\"><strong>&gt;&gt;&gt;&gt; J\u00edt !<\/strong><\/span><\/a><\/p>\n<\/div>\n<\/div>\n<\/div>\n<p>&nbsp;<\/p>\n<\/div>\n<\/div>\n<\/div>\n<\/div>\n<\/div>\n<\/div>\n<\/div>\n<\/div>\n<\/div>","protected":false},"excerpt":{"rendered":"<p>VOZOL Gear Power 20K Puffs Velkoobchod s jednor\u00e1zov\u00fdmi vaporiz\u00e9ry s n\u00edzk\u00fdm obsahem nikotinu<br \/>\nVOZOL Gear Power 20000 Puffs Digit\u00e1ln\u00ed displej Jednor\u00e1zov\u00fd vape Hromadn\u00fd n\u00e1kup<br \/>\nVOZOL Gear Power 20k Dob\u00edjec\u00ed jednor\u00e1zov\u00fd vape Levn\u00e1 cena<\/p>\n<p><strong>P\u0159idejte si Amy na WhatsApp pro rychlou odpov\u011b\u010f a kup\u00f3n na vapky!<\/strong><\/p>\n<p><img fetchpriority=\"high\" decoding=\"async\" class=\"size-full wp-image-2932\" src=\"https:\/\/vapestornado.com\/wp-content\/uploads\/2024\/12\/Vape-Wholesale.jpg\" alt=\"Velkoobchod s vape\" width=\"229\" height=\"300\" \/><\/p>\n<h3><a href=\"https:\/\/wa.me\/8617776015835\"><span style=\"color: #ff0000;\"><strong>WhatsApp: +86 17776015835<\/strong><\/span><\/a><\/h3>\n<p>&nbsp;<\/p>","protected":false},"featured_media":3611,"comment_status":"open","ping_status":"closed","template":"","meta":{"_acf_changed":false,"_uag_custom_page_level_css":"","_lmt_disableupdate":"no","_lmt_disable":"","_monsterinsights_skip_tracking":false,"_monsterinsights_sitenote_active":false,"_monsterinsights_sitenote_note":"","_monsterinsights_sitenote_category":0,"site-sidebar-layout":"default","site-content-layout":"","ast-site-content-layout":"default","site-content-style":"default","site-sidebar-style":"default","ast-global-header-display":"","ast-banner-title-visibility":"","ast-main-header-display":"","ast-hfb-above-header-display":"","ast-hfb-below-header-display":"","ast-hfb-mobile-header-display":"","site-post-title":"","ast-breadcrumbs-content":"","ast-featured-img":"","footer-sml-layout":"","ast-disable-related-posts":"","theme-transparent-header-meta":"default","adv-header-id-meta":"","stick-header-meta":"","header-above-stick-meta":"","header-main-stick-meta":"","header-below-stick-meta":"","astra-migrate-meta-layouts":"set","ast-page-background-enabled":"default","ast-page-background-meta":{"desktop":{"background-color":"","background-image":"","background-repeat":"repeat","background-position":"center center","background-size":"auto","background-attachment":"scroll","background-type":"","background-media":"","overlay-type":"","overlay-color":"","overlay-opacity":"","overlay-gradient":""},"tablet":{"background-color":"","background-image":"","background-repeat":"repeat","background-position":"center center","background-size":"auto","background-attachment":"scroll","background-type":"","background-media":"","overlay-type":"","overlay-color":"","overlay-opacity":"","overlay-gradient":""},"mobile":{"background-color":"","background-image":"","background-repeat":"repeat","background-position":"center center","background-size":"auto","background-attachment":"scroll","background-type":"","background-media":"","overlay-type":"","overlay-color":"","overlay-opacity":"","overlay-gradient":""}},"ast-content-background-meta":{"desktop":{"background-color":"var(--ast-global-color-5)","background-image":"","background-repeat":"repeat","background-position":"center center","background-size":"auto","background-attachment":"scroll","background-type":"","background-media":"","overlay-type":"","overlay-color":"","overlay-opacity":"","overlay-gradient":""},"tablet":{"background-color":"var(--ast-global-color-5)","background-image":"","background-repeat":"repeat","background-position":"center center","background-size":"auto","background-attachment":"scroll","background-type":"","background-media":"","overlay-type":"","overlay-color":"","overlay-opacity":"","overlay-gradient":""},"mobile":{"background-color":"var(--ast-global-color-5)","background-image":"","background-repeat":"repeat","background-position":"center center","background-size":"auto","background-attachment":"scroll","background-type":"","background-media":"","overlay-type":"","overlay-color":"","overlay-opacity":"","overlay-gradient":""}},"_joinchat":{"telephone":"+8617776015835"}},"product_brand":[],"product_cat":[69,140,150,154,158,143,144,146,57],"product_tag":[165,105,97,166,94,222,221,220],"class_list":{"0":"post-3614","1":"product","2":"type-product","3":"status-publish","4":"has-post-thumbnail","6":"product_cat-20000-puff","7":"product_cat-big-puffs-disposable-vapes","8":"product_cat-buy-disposable-vapes-in-belgium","9":"product_cat-buy-disposable-vapes-in-netherlands","10":"product_cat-buy-disposable-vapes-in-spain","11":"product_cat-dual-mesh-disposable-vapes","12":"product_cat-low-nicotine-disposable-vapes","13":"product_cat-rechargeable-disposable-vapes","14":"product_cat-vozol-vape","15":"product_tag-cheap-vapes","16":"product_tag-digital-disposable-vape","17":"product_tag-hot-sale-disposable-vape","18":"product_tag-low-nicotine-vape","19":"product_tag-rechargeable-disposable-vape","20":"product_tag-vozol-gear-power-20000","21":"product_tag-vozol-gear-power-20k","22":"product_tag-vozol-vape","23":"desktop-align-left","24":"tablet-align-left","25":"mobile-align-left","27":"first","28":"instock","29":"sale","30":"shipping-taxable","31":"purchasable","32":"product-type-simple"},"acf":[],"uagb_featured_image_src":{"full":["https:\/\/vapestornado.com\/wp-content\/uploads\/2025\/01\/VOZOL-Gear-Power-20000-Disposable-Wholesale-Price.jpg",1000,1000,false],"thumbnail":["https:\/\/vapestornado.com\/wp-content\/uploads\/2025\/01\/VOZOL-Gear-Power-20000-Disposable-Wholesale-Price-150x150.jpg",150,150,true],"medium":["https:\/\/vapestornado.com\/wp-content\/uploads\/2025\/01\/VOZOL-Gear-Power-20000-Disposable-Wholesale-Price-300x300.jpg",300,300,true],"medium_large":["https:\/\/vapestornado.com\/wp-content\/uploads\/2025\/01\/VOZOL-Gear-Power-20000-Disposable-Wholesale-Price-768x768.jpg",768,768,true],"large":["https:\/\/vapestornado.com\/wp-content\/uploads\/2025\/01\/VOZOL-Gear-Power-20000-Disposable-Wholesale-Price.jpg",1000,1000,false],"1536x1536":["https:\/\/vapestornado.com\/wp-content\/uploads\/2025\/01\/VOZOL-Gear-Power-20000-Disposable-Wholesale-Price.jpg",1000,1000,false],"2048x2048":["https:\/\/vapestornado.com\/wp-content\/uploads\/2025\/01\/VOZOL-Gear-Power-20000-Disposable-Wholesale-Price.jpg",1000,1000,false],"trp-custom-language-flag":["https:\/\/vapestornado.com\/wp-content\/uploads\/2025\/01\/VOZOL-Gear-Power-20000-Disposable-Wholesale-Price.jpg",12,12,false],"woocommerce_thumbnail":["https:\/\/vapestornado.com\/wp-content\/uploads\/2025\/01\/VOZOL-Gear-Power-20000-Disposable-Wholesale-Price-300x300.jpg",300,300,true],"woocommerce_single":["https:\/\/vapestornado.com\/wp-content\/uploads\/2025\/01\/VOZOL-Gear-Power-20000-Disposable-Wholesale-Price-600x600.jpg",600,600,true],"woocommerce_gallery_thumbnail":["https:\/\/vapestornado.com\/wp-content\/uploads\/2025\/01\/VOZOL-Gear-Power-20000-Disposable-Wholesale-Price-100x100.jpg",100,100,true]},"uagb_author_info":{"display_name":"ESAMY","author_link":"https:\/\/vapestornado.com\/cs\/author\/"},"uagb_comment_info":0,"uagb_excerpt":"VOZOL Gear Power 20K\u00a0 Puffs 2% Low Nicotine Disposable Vape Wholesale VOZOL Gear Power 20000 Puff \u00a0Digital Display Disposable Vape Bulk Buy VOZOL Gear Power 20k Rechargeable Disposable Vape Cheap Price Add Amy's whatsapp get right reply and vape coupon! WhatsApp: +86 17776015835 &nbsp;","_links":{"self":[{"href":"https:\/\/vapestornado.com\/cs\/wp-json\/wp\/v2\/product\/3614","targetHints":{"allow":["GET"]}}],"collection":[{"href":"https:\/\/vapestornado.com\/cs\/wp-json\/wp\/v2\/product"}],"about":[{"href":"https:\/\/vapestornado.com\/cs\/wp-json\/wp\/v2\/types\/product"}],"replies":[{"embeddable":true,"href":"https:\/\/vapestornado.com\/cs\/wp-json\/wp\/v2\/comments?post=3614"}],"wp:featuredmedia":[{"embeddable":true,"href":"https:\/\/vapestornado.com\/cs\/wp-json\/wp\/v2\/media\/3611"}],"wp:attachment":[{"href":"https:\/\/vapestornado.com\/cs\/wp-json\/wp\/v2\/media?parent=3614"}],"wp:term":[{"taxonomy":"product_brand","embeddable":true,"href":"https:\/\/vapestornado.com\/cs\/wp-json\/wp\/v2\/product_brand?post=3614"},{"taxonomy":"product_cat","embeddable":true,"href":"https:\/\/vapestornado.com\/cs\/wp-json\/wp\/v2\/product_cat?post=3614"},{"taxonomy":"product_tag","embeddable":true,"href":"https:\/\/vapestornado.com\/cs\/wp-json\/wp\/v2\/product_tag?post=3614"}],"curies":[{"name":"wp","href":"https:\/\/api.w.org\/{rel}","templated":true}]}}