{"id":3599,"date":"2024-12-31T09:42:44","date_gmt":"2024-12-31T09:42:44","guid":{"rendered":"https:\/\/vapestornado.com\/?post_type=product&#038;p=3599"},"modified":"2025-08-23T09:39:43","modified_gmt":"2025-08-23T09:39:43","slug":"hayati-pro-ultra-bang-box-30k-puffs-dual-flavor-vape","status":"publish","type":"product","link":"https:\/\/vapestornado.com\/cs\/product\/hayati-pro-ultra-bang-box-30k-puffs-dual-flavor-vape\/","title":{"rendered":"Hayati Pro ULTRA Bang Box 30k \u0160luk\u016f Vape s Dvojitou P\u0159\u00edchut\u00ed"},"content":{"rendered":"<h1>Co je Hayati Pro ULTRA Bang Box 30000 Puffs Dual Flavor?<\/h1>\n<p data-start=\"398\" data-end=\"668\">Ten <strong data-start=\"402\" data-end=\"454\">Bang Box 30000 pot\u00e1hnut\u00ed Jednor\u00e1zov\u00e1 vape s du\u00e1ln\u00ed p\u0159\u00edchut\u00ed<\/strong> je navr\u017een pro kapacitu, rozmanitost a konzistentn\u00ed v\u00fdkon. S <strong data-start=\"522\" data-end=\"549\">35ml z\u00e1sobn\u00edkem e-liquidu<\/strong> a <strong data-start=\"557\" data-end=\"595\">850mAh dob\u00edjec\u00ed kobaltov\u00e1 baterie<\/strong>, poskytuje v\u00edce ne\u017e <strong data-start=\"614\" data-end=\"630\">30 000 potah\u016f<\/strong>\u2014daleko p\u0159esahuje standardn\u00ed jednor\u00e1zov\u00e9 vapy.<\/p>\n<p data-start=\"670\" data-end=\"960\">Jeho <strong data-start=\"674\" data-end=\"696\">syst\u00e9m dvou p\u0159\u00edchut\u00ed<\/strong> umo\u017e\u0148uje u\u017eivatel\u016fm p\u0159ep\u00ednat mezi dv\u011bma mo\u017enostmi chuti v jednom za\u0159\u00edzen\u00ed, nab\u00edz\u00ed flexibilitu a sv\u011b\u017eest bez no\u0161en\u00ed v\u00edce vap\u016f. The <strong data-start=\"828\" data-end=\"846\">0,8\u03a9 mesh spir\u00e1lka<\/strong> zvy\u0161uje produkci p\u00e1ry a intenzitu chuti, zat\u00edmco <strong data-start=\"905\" data-end=\"929\">Rychl\u00e9 nab\u00edjen\u00ed Type-C<\/strong> udr\u017euje prostoje na minimu.<\/p>\n<p data-start=\"962\" data-end=\"1207\">Kompaktn\u00ed a snadno pou\u017eiteln\u00fd, <strong data-start=\"991\" data-end=\"1012\">Bang Box 30K Vaporiz\u00e9r<\/strong> kombinuje dlouhotrvaj\u00edc\u00ed v\u00fdkon s pr\u00e9miov\u00fdmi funkcemi, co\u017e z n\u011bj \u010din\u00ed silnou volbu pro velkoobchodn\u00edky, maloobchodn\u00edky a ka\u017edodenn\u00ed u\u017eivatele, kte\u0159\u00ed hledaj\u00ed pohodl\u00ed du\u00e1ln\u00ed p\u0159\u00edchut\u011b ve velkokapacitn\u00edm jednor\u00e1zov\u00e9m za\u0159\u00edzen\u00ed.<\/p>\n<figure id=\"attachment_3601\" aria-describedby=\"caption-attachment-3601\" style=\"width: 1024px\" class=\"wp-caption alignnone\"><img fetchpriority=\"high\" decoding=\"async\" class=\"size-large wp-image-3601\" src=\"https:\/\/vapestornado.com\/wp-content\/uploads\/2024\/12\/Bang-Box-30000-Puffs-Dual-Flavor-Cheap-Price-Dual-Flavor-Satisfaction-at-an-Affordable-1024x576.jpg\" alt=\"Bang Box 30000 Puffs Dual Flavor Levn\u00e1 cena, spokojenost s dvojitou p\u0159\u00edchut\u00ed za p\u0159ijatelnou cenu\" width=\"1024\" height=\"576\" srcset=\"https:\/\/vapestornado.com\/wp-content\/uploads\/2024\/12\/Bang-Box-30000-Puffs-Dual-Flavor-Cheap-Price-Dual-Flavor-Satisfaction-at-an-Affordable-1024x576.jpg 1024w, https:\/\/vapestornado.com\/wp-content\/uploads\/2024\/12\/Bang-Box-30000-Puffs-Dual-Flavor-Cheap-Price-Dual-Flavor-Satisfaction-at-an-Affordable-300x169.jpg 300w, https:\/\/vapestornado.com\/wp-content\/uploads\/2024\/12\/Bang-Box-30000-Puffs-Dual-Flavor-Cheap-Price-Dual-Flavor-Satisfaction-at-an-Affordable-768x432.jpg 768w, https:\/\/vapestornado.com\/wp-content\/uploads\/2024\/12\/Bang-Box-30000-Puffs-Dual-Flavor-Cheap-Price-Dual-Flavor-Satisfaction-at-an-Affordable-1536x864.jpg 1536w, https:\/\/vapestornado.com\/wp-content\/uploads\/2024\/12\/Bang-Box-30000-Puffs-Dual-Flavor-Cheap-Price-Dual-Flavor-Satisfaction-at-an-Affordable-2048x1152.jpg 2048w, https:\/\/vapestornado.com\/wp-content\/uploads\/2024\/12\/Bang-Box-30000-Puffs-Dual-Flavor-Cheap-Price-Dual-Flavor-Satisfaction-at-an-Affordable-600x338.jpg 600w\" sizes=\"(max-width: 1024px) 100vw, 1024px\" \/><figcaption id=\"caption-attachment-3601\" class=\"wp-caption-text\">Bang Box 30000 Puffs Dual Flavor Levn\u00e1 cena, spokojenost s dvojitou p\u0159\u00edchut\u00ed za p\u0159ijatelnou cenu<\/figcaption><\/figure>\n<p>&nbsp;<\/p>\n<h3>Vlastnosti produktu<\/h3>\n<ol>\n<li>Masivn\u00edch 30 000+ potah\u016f s funkc\u00ed dvojit\u00e9 p\u0159\u00edchut\u011b pro maxim\u00e1ln\u00ed rozmanitost.<\/li>\n<li>Kapacita e-liquidu 35 ml pro del\u0161\u00ed pou\u017e\u00edv\u00e1n\u00ed bez \u010dast\u00fdch v\u00fdm\u011bn.<\/li>\n<li>Dob\u00edjec\u00ed baterie 850 mAh s rychl\u00fdm nab\u00edjen\u00edm Type-C.<\/li>\n<li>Pokro\u010dil\u00e1 0,8\u03a9 mesh spir\u00e1lka pro intenzivn\u00ed p\u0159\u00edchut\u011b a hladkou produkci p\u00e1ry.<\/li>\n<li>Elegantn\u00ed, p\u0159enosn\u00fd design ide\u00e1ln\u00ed pro vapov\u00e1n\u00ed na cest\u00e1ch.<\/li>\n<\/ol>\n<h3>Seznam p\u0159\u00edchut\u00ed<\/h3>\n<ol>\n<li>Jahoda Kiwi\/Vodn\u00ed meloun led<\/li>\n<li>Jahoda Kiwi\/Jahodov\u00fd vodn\u00ed meloun<\/li>\n<li>Broskvov\u00e1 \u0161\u0165\u00e1va\/Bor\u016fvka led<\/li>\n<li>Bor\u016fvka led\/Kiwi Mu\u010denka Guava<\/li>\n<li>Bor\u016fvka kysel\u00e1 Malina led\/Sm\u00ed\u0161en\u00e9 ovoce<\/li>\n<li>Trojit\u00e9 bobule led\/Jahodov\u00e9 mango<\/li>\n<li>Vodn\u00ed meloun \u017ev\u00fdka\u010dka\/Jahodov\u00fd vodn\u00ed meloun<\/li>\n<li>Bor\u016fvka led\/Vodn\u00ed meloun led<\/li>\n<li>Jahodov\u00fd vodn\u00ed meloun\/Kiwi Mu\u010denka Guava<\/li>\n<li>\u010cern\u00fd drak led\/Mango Broskev Vodn\u00ed meloun<\/li>\n<li>Modr\u00e1 malina led\/Dvojit\u00e9 hrozny<\/li>\n<li>Modr\u00fd malinov\u00fd led \/ Jahodov\u00e9 mango<\/li>\n<li><\/li>\n<\/ol>\n<h4><strong>Nejlep\u0161\u00edch 5 p\u0159\u00edchut\u00ed Bang box 30k<\/strong><\/h4>\n<ol>\n<li><strong>Jahoda Kiwi\/Vodn\u00ed meloun led<\/strong>: Osv\u011b\u017euj\u00edc\u00ed mix tropick\u00e9ho ovoce a ledov\u00e9 sladkosti.<\/li>\n<li><strong>Broskvov\u00e1 \u0161\u0165\u00e1va\/Bor\u016fvka led<\/strong>: Sladk\u00e1 broskev se snoub\u00ed s chladivou bor\u016fvkou pro vyv\u00e1\u017een\u00fd z\u00e1\u017eitek.<\/li>\n<li><strong>Bor\u016fvka kysel\u00e1 Malina led\/Sm\u00ed\u0161en\u00e9 ovoce<\/strong>: \u0160tiplav\u00e9, sladk\u00e9 a ledov\u00e9 v ka\u017ed\u00e9m pota\u017een\u00ed.<\/li>\n<li><strong>Trojit\u00e9 bobule led\/Jahodov\u00e9 mango<\/strong>: Lesn\u00ed plody a mango se m\u00eds\u00ed pro ovocnou explozi.<\/li>\n<li><strong>Modr\u00e1 malina led\/Dvojit\u00e9 hrozny<\/strong>: V\u00fdrazn\u00e1 hroznov\u00e1 p\u0159\u00edchu\u0165 ve spojen\u00ed s ledovou modrou malinou.<\/li>\n<\/ol>\n<h4><strong>Pro\u010d si vybrat Bang Box 30k Puffs se dv\u011bma p\u0159\u00edchut\u011bmi?<\/strong><\/h4>\n<p>Bang Box 30000 Puffs se dv\u011bma p\u0159\u00edchut\u011bmi nab\u00edz\u00ed v\u00fdjime\u010dnou hodnotu a v\u0161estrannost pro vapery. Jeho syst\u00e9m dvou p\u0159\u00edchut\u00ed umo\u017e\u0148uje u\u017eivatel\u016fm p\u0159ep\u00ednat mezi dv\u011bma jedine\u010dn\u00fdmi chu\u0165ov\u00fdmi profily v jednom za\u0159\u00edzen\u00ed, co\u017e zaji\u0161\u0165uje p\u0159\u00edjemn\u00fd a rozmanit\u00fd z\u00e1\u017eitek z vapov\u00e1n\u00ed. S vysokou kapacitou 35ml e-liquidu a 850mAh dob\u00edjec\u00ed bateri\u00ed je toto za\u0159\u00edzen\u00ed navr\u017eeno pro dlouhou \u017eivotnost, co\u017e ho \u010din\u00ed ide\u00e1ln\u00edm pro n\u00e1ro\u010dn\u00e9 u\u017eivatele nebo ty, kte\u0159\u00ed neradi \u010dasto m\u011bn\u00ed za\u0159\u00edzen\u00ed. Pokro\u010dil\u00e1 technologie 0,8\u03a9 mesh coil zaru\u010duje hladk\u00e9, chutn\u00e9 a hust\u00e9 mraky p\u00e1ry, co\u017e povzn\u00e1\u0161\u00ed va\u0161e vapovac\u00ed seance. Nav\u00edc, jeho stylov\u00fd design a kompaktn\u00ed velikost usnad\u0148uj\u00ed no\u0161en\u00ed kamkoliv, zat\u00edmco nab\u00edjec\u00ed port typu C zaji\u0161\u0165uje rychl\u00e9 dob\u00edjen\u00ed. A\u0165 u\u017e jste nad\u0161enec do p\u0159\u00edchut\u00ed nebo hled\u00e1te odolnost, tento produkt spln\u00ed va\u0161e o\u010dek\u00e1v\u00e1n\u00ed na v\u0161ech \u00farovn\u00edch.<\/p>\n<h2><strong>Bang Box 30k Puffs se dv\u011bma p\u0159\u00edchut\u011bmi \u2013 \u010casto kladen\u00e9 dotazy<\/strong><\/h2>\n<ol>\n<li><strong>Kolik potah\u016f poskytuje Bang Box 30000 Puffs se dv\u011bma p\u0159\u00edchut\u011bmi?<\/strong><br \/>\nPoskytuje v\u00edce ne\u017e 30 000 potah\u016f s funkc\u00ed dvou p\u0159\u00edchut\u00ed.<\/li>\n<li><strong>Je Bang Box 30000 Puffs se dv\u011bma p\u0159\u00edchut\u011bmi dob\u00edjec\u00ed?<\/strong><br \/>\nAno, je vybavena dob\u00edjec\u00ed bateri\u00ed s kapacitou 850 mAh s nab\u00edjec\u00edm portem Type-C.<\/li>\n<li><strong>\u010c\u00edm je syst\u00e9m dvou p\u0159\u00edchut\u00ed jedine\u010dn\u00fd?<\/strong><br \/>\nZa\u0159\u00edzen\u00ed umo\u017e\u0148uje plynul\u00e9 p\u0159ep\u00edn\u00e1n\u00ed mezi dv\u011bma p\u0159\u00edchut\u011bmi, co\u017e nab\u00edz\u00ed rozmanitost v jedin\u00e9 vapce.<\/li>\n<li><strong>Jakou technologii coilu toto za\u0159\u00edzen\u00ed pou\u017e\u00edv\u00e1?<\/strong><br \/>\nPou\u017e\u00edv\u00e1 0,8\u03a9 mesh coil pro vylep\u0161enou chu\u0165 a produkci p\u00e1ry.<\/li>\n<li><strong>Kolik kombinac\u00ed p\u0159\u00edchut\u00ed je k dispozici?<\/strong><br \/>\nNa v\u00fdb\u011br je 12 vzru\u0161uj\u00edc\u00edch kombinac\u00ed dvou p\u0159\u00edchut\u00ed.<\/li>\n<\/ol>\n<h4>Velkoobchod s vapy Bang Box Dual Flavor 30000 Kontaktujte n\u00e1s a z\u00edskejte slevu!<a href=\"https:\/\/wa.me\/8618077105750\" target=\"_blank\" rel=\"noopener\">+8618077105750<\/a><\/h4>\n<p><img decoding=\"async\" class=\"size-large wp-image-2921\" src=\"https:\/\/vapestornado.com\/wp-content\/uploads\/2024\/11\/20062b3a285f900e79520aad496b94d-887x1024.jpg\" alt=\"vapestornado Vicky\" width=\"887\" height=\"1024\" srcset=\"https:\/\/vapestornado.com\/wp-content\/uploads\/2024\/11\/20062b3a285f900e79520aad496b94d-887x1024.jpg 887w, https:\/\/vapestornado.com\/wp-content\/uploads\/2024\/11\/20062b3a285f900e79520aad496b94d-260x300.jpg 260w, https:\/\/vapestornado.com\/wp-content\/uploads\/2024\/11\/20062b3a285f900e79520aad496b94d-768x887.jpg 768w, https:\/\/vapestornado.com\/wp-content\/uploads\/2024\/11\/20062b3a285f900e79520aad496b94d-600x693.jpg 600w, https:\/\/vapestornado.com\/wp-content\/uploads\/2024\/11\/20062b3a285f900e79520aad496b94d.jpg 1080w\" sizes=\"(max-width: 887px) 100vw, 887px\" \/><\/p>","protected":false},"excerpt":{"rendered":"<p>Bang Box 30000 Puffs Dual Flavor nab\u00edz\u00ed 30 000+ potah\u016f, dvojit\u00e9 p\u0159\u00edchut\u011b, dob\u00edjec\u00ed baterii a 0,8\u03a9 mesh spir\u00e1lku pro intenzivn\u00ed chu\u0165.<\/p>\n<p><strong><span style=\"color: #ff0000;\">(cena na na\u0161em webu nezahrnuje n\u00e1klady na dopravu, kontaktujte m\u011b, abyste z\u00edskali celkovou cenu a va\u0161i slevu!)<\/span><\/strong><\/p>\n<p><img decoding=\"async\" class=\"size-medium wp-image-2921\" src=\"https:\/\/vapestornado.com\/wp-content\/uploads\/2024\/11\/20062b3a285f900e79520aad496b94d-260x300.jpg\" alt=\"vapestornado Vicky\" width=\"260\" height=\"300\" srcset=\"https:\/\/vapestornado.com\/wp-content\/uploads\/2024\/11\/20062b3a285f900e79520aad496b94d-260x300.jpg 260w, https:\/\/vapestornado.com\/wp-content\/uploads\/2024\/11\/20062b3a285f900e79520aad496b94d-887x1024.jpg 887w, https:\/\/vapestornado.com\/wp-content\/uploads\/2024\/11\/20062b3a285f900e79520aad496b94d-768x887.jpg 768w, https:\/\/vapestornado.com\/wp-content\/uploads\/2024\/11\/20062b3a285f900e79520aad496b94d-600x693.jpg 600w, https:\/\/vapestornado.com\/wp-content\/uploads\/2024\/11\/20062b3a285f900e79520aad496b94d.jpg 1080w\" sizes=\"(max-width: 260px) 100vw, 260px\" \/><\/p>","protected":false},"featured_media":3605,"comment_status":"open","ping_status":"closed","template":"","meta":{"_acf_changed":false,"_uag_custom_page_level_css":"","_lmt_disableupdate":"no","_lmt_disable":"","_monsterinsights_skip_tracking":false,"_monsterinsights_sitenote_active":false,"_monsterinsights_sitenote_note":"","_monsterinsights_sitenote_category":0,"site-sidebar-layout":"default","site-content-layout":"","ast-site-content-layout":"default","site-content-style":"default","site-sidebar-style":"default","ast-global-header-display":"","ast-banner-title-visibility":"","ast-main-header-display":"","ast-hfb-above-header-display":"","ast-hfb-below-header-display":"","ast-hfb-mobile-header-display":"","site-post-title":"","ast-breadcrumbs-content":"","ast-featured-img":"","footer-sml-layout":"","ast-disable-related-posts":"","theme-transparent-header-meta":"default","adv-header-id-meta":"","stick-header-meta":"","header-above-stick-meta":"","header-main-stick-meta":"","header-below-stick-meta":"","astra-migrate-meta-layouts":"set","ast-page-background-enabled":"default","ast-page-background-meta":{"desktop":{"background-color":"","background-image":"","background-repeat":"repeat","background-position":"center center","background-size":"auto","background-attachment":"scroll","background-type":"","background-media":"","overlay-type":"","overlay-color":"","overlay-opacity":"","overlay-gradient":""},"tablet":{"background-color":"","background-image":"","background-repeat":"repeat","background-position":"center center","background-size":"auto","background-attachment":"scroll","background-type":"","background-media":"","overlay-type":"","overlay-color":"","overlay-opacity":"","overlay-gradient":""},"mobile":{"background-color":"","background-image":"","background-repeat":"repeat","background-position":"center center","background-size":"auto","background-attachment":"scroll","background-type":"","background-media":"","overlay-type":"","overlay-color":"","overlay-opacity":"","overlay-gradient":""}},"ast-content-background-meta":{"desktop":{"background-color":"var(--ast-global-color-5)","background-image":"","background-repeat":"repeat","background-position":"center center","background-size":"auto","background-attachment":"scroll","background-type":"","background-media":"","overlay-type":"","overlay-color":"","overlay-opacity":"","overlay-gradient":""},"tablet":{"background-color":"var(--ast-global-color-5)","background-image":"","background-repeat":"repeat","background-position":"center center","background-size":"auto","background-attachment":"scroll","background-type":"","background-media":"","overlay-type":"","overlay-color":"","overlay-opacity":"","overlay-gradient":""},"mobile":{"background-color":"var(--ast-global-color-5)","background-image":"","background-repeat":"repeat","background-position":"center center","background-size":"auto","background-attachment":"scroll","background-type":"","background-media":"","overlay-type":"","overlay-color":"","overlay-opacity":"","overlay-gradient":""}},"_joinchat":{"telephone":"+8618077105750"}},"product_brand":[],"product_cat":[67,64,153,154,159,143,144,146],"product_tag":[],"class_list":{"0":"post-3599","1":"product","2":"type-product","3":"status-publish","4":"has-post-thumbnail","6":"product_cat-30000-puff","7":"product_cat-bangbox-vape","8":"product_cat-buy-disposable-vapes-in-italy","9":"product_cat-buy-disposable-vapes-in-netherlands","10":"product_cat-buy-disposable-vapes-in-sweden","11":"product_cat-dual-mesh-disposable-vapes","12":"product_cat-low-nicotine-disposable-vapes","13":"product_cat-rechargeable-disposable-vapes","14":"desktop-align-left","15":"tablet-align-left","16":"mobile-align-left","18":"first","19":"instock","20":"sale","21":"shipping-taxable","22":"purchasable","23":"product-type-simple"},"acf":[],"uagb_featured_image_src":{"full":["https:\/\/vapestornado.com\/wp-content\/uploads\/2024\/12\/Bang-Box-30000-Puffs-Dual-Flavor-Review-Explore-Its-Unique-Dual-Flavor-Technology.jpg",939,935,false],"thumbnail":["https:\/\/vapestornado.com\/wp-content\/uploads\/2024\/12\/Bang-Box-30000-Puffs-Dual-Flavor-Review-Explore-Its-Unique-Dual-Flavor-Technology-150x150.jpg",150,150,true],"medium":["https:\/\/vapestornado.com\/wp-content\/uploads\/2024\/12\/Bang-Box-30000-Puffs-Dual-Flavor-Review-Explore-Its-Unique-Dual-Flavor-Technology-300x300.jpg",300,300,true],"medium_large":["https:\/\/vapestornado.com\/wp-content\/uploads\/2024\/12\/Bang-Box-30000-Puffs-Dual-Flavor-Review-Explore-Its-Unique-Dual-Flavor-Technology-768x765.jpg",768,765,true],"large":["https:\/\/vapestornado.com\/wp-content\/uploads\/2024\/12\/Bang-Box-30000-Puffs-Dual-Flavor-Review-Explore-Its-Unique-Dual-Flavor-Technology.jpg",939,935,false],"1536x1536":["https:\/\/vapestornado.com\/wp-content\/uploads\/2024\/12\/Bang-Box-30000-Puffs-Dual-Flavor-Review-Explore-Its-Unique-Dual-Flavor-Technology.jpg",939,935,false],"2048x2048":["https:\/\/vapestornado.com\/wp-content\/uploads\/2024\/12\/Bang-Box-30000-Puffs-Dual-Flavor-Review-Explore-Its-Unique-Dual-Flavor-Technology.jpg",939,935,false],"trp-custom-language-flag":["https:\/\/vapestornado.com\/wp-content\/uploads\/2024\/12\/Bang-Box-30000-Puffs-Dual-Flavor-Review-Explore-Its-Unique-Dual-Flavor-Technology.jpg",12,12,false],"woocommerce_thumbnail":["https:\/\/vapestornado.com\/wp-content\/uploads\/2024\/12\/Bang-Box-30000-Puffs-Dual-Flavor-Review-Explore-Its-Unique-Dual-Flavor-Technology-300x300.jpg",300,300,true],"woocommerce_single":["https:\/\/vapestornado.com\/wp-content\/uploads\/2024\/12\/Bang-Box-30000-Puffs-Dual-Flavor-Review-Explore-Its-Unique-Dual-Flavor-Technology-600x597.jpg",600,597,true],"woocommerce_gallery_thumbnail":["https:\/\/vapestornado.com\/wp-content\/uploads\/2024\/12\/Bang-Box-30000-Puffs-Dual-Flavor-Review-Explore-Its-Unique-Dual-Flavor-Technology-100x100.jpg",100,100,true]},"uagb_author_info":{"display_name":"ESvicky","author_link":"https:\/\/vapestornado.com\/cs\/author\/"},"uagb_comment_info":0,"uagb_excerpt":"Bang Box 30000 Puffs Dual Flavor delivers 30,000+ puffs, dual flavors, rechargeable battery, and 0.8\u03a9 mesh coil for intense flavor. (our website price not include shipping cost, please contact me to get whole price and your disccount!)","_links":{"self":[{"href":"https:\/\/vapestornado.com\/cs\/wp-json\/wp\/v2\/product\/3599","targetHints":{"allow":["GET"]}}],"collection":[{"href":"https:\/\/vapestornado.com\/cs\/wp-json\/wp\/v2\/product"}],"about":[{"href":"https:\/\/vapestornado.com\/cs\/wp-json\/wp\/v2\/types\/product"}],"replies":[{"embeddable":true,"href":"https:\/\/vapestornado.com\/cs\/wp-json\/wp\/v2\/comments?post=3599"}],"wp:featuredmedia":[{"embeddable":true,"href":"https:\/\/vapestornado.com\/cs\/wp-json\/wp\/v2\/media\/3605"}],"wp:attachment":[{"href":"https:\/\/vapestornado.com\/cs\/wp-json\/wp\/v2\/media?parent=3599"}],"wp:term":[{"taxonomy":"product_brand","embeddable":true,"href":"https:\/\/vapestornado.com\/cs\/wp-json\/wp\/v2\/product_brand?post=3599"},{"taxonomy":"product_cat","embeddable":true,"href":"https:\/\/vapestornado.com\/cs\/wp-json\/wp\/v2\/product_cat?post=3599"},{"taxonomy":"product_tag","embeddable":true,"href":"https:\/\/vapestornado.com\/cs\/wp-json\/wp\/v2\/product_tag?post=3599"}],"curies":[{"name":"wp","href":"https:\/\/api.w.org\/{rel}","templated":true}]}}