{"id":3568,"date":"2024-12-31T08:17:50","date_gmt":"2024-12-31T08:17:50","guid":{"rendered":"https:\/\/vapestornado.com\/?post_type=product&#038;p=3568"},"modified":"2025-08-23T09:40:26","modified_gmt":"2025-08-23T09:40:26","slug":"vookbar-cyber-pro-3000-puffs-wholesale-e-cigarette-hookah-vape","status":"publish","type":"product","link":"https:\/\/vapestornado.com\/cs\/product\/vookbar-cyber-pro-3000-puffs-wholesale-e-cigarette-hookah-vape\/","title":{"rendered":"Vookbar Cyber PRO 30000 pot\u00e1hnut\u00ed Velkoobchodn\u00ed elektronick\u00e1 cigareta Hookah Vape"},"content":{"rendered":"<h1>Velkoobchodn\u00ed e-cigareta Vookbar Cyber PRO 3000 Puffs ve stylu vodn\u00ed d\u00fdmky<\/h1>\n<p>&nbsp;<\/p>\n<div role=\"article\" data-tabster=\"{&quot;groupper&quot;:{&quot;tabbability&quot;:2},&quot;focusable&quot;:{}}\" data-content=\"ai-message\" aria-labelledby=\"64JRvXrTnY7mRmPkEQLLT-author 64JRvXrTnY7mRmPkEQLLT-content\">\n<div id=\"64JRvXrTnY7mRmPkEQLLT-content\">\n<p data-start=\"513\" data-end=\"779\">Ten <strong data-start=\"517\" data-end=\"565\">Vookbar Cyber PRO 3000 Puffs jednor\u00e1zov\u00e1 e-cigareta<\/strong> je navr\u017eena pro hladk\u00fd v\u00fdkon, stylov\u00fd design a velkoobchodn\u00ed hodnotu. S a\u017e <strong data-start=\"650\" data-end=\"665\">3 000 potahy<\/strong> na jedno za\u0159\u00edzen\u00ed, poskytuje spolehlivou volbu pro vapery, kte\u0159\u00ed cht\u011bj\u00ed pohodl\u00ed i kvalitu v kompaktn\u00edm form\u00e1tu.<\/p>\n<p data-start=\"781\" data-end=\"1194\">Je vybaveno <strong data-start=\"798\" data-end=\"829\">850mAh dob\u00edjec\u00ed bateri\u00ed<\/strong> a <strong data-start=\"834\" data-end=\"858\">Rychl\u00e9 nab\u00edjen\u00ed Type-C<\/strong>, Cyber PRO zaji\u0161\u0165uje konzistentn\u00ed v\u00fdkon. Jeho <strong data-start=\"904\" data-end=\"932\">22ml p\u0159edpln\u011bn\u00e9ho e-liquidu<\/strong> s <strong data-start=\"938\" data-end=\"962\">5% s\u00edla nikotinu<\/strong> poskytuje uspokojiv\u00e9 p\u0159\u00edm\u00e9 potahy do plic (DTL) a v\u00fdraznou intenzitu chuti. Vyrobeno z pr\u00e9miov\u00fdch slo\u017eek v\u010detn\u011b rostlinn\u00e9ho glycerinu, propylenglykolu a p\u0159\u00edrodn\u00edch aromat, zaru\u010duje bohatou, hladkou p\u00e1ru od za\u010d\u00e1tku do konce.<\/p>\n<p data-start=\"1196\" data-end=\"1407\">Kombinace elegantn\u00ed estetiky s pokro\u010dilou technologi\u00ed c\u00edvky, je <strong data-start=\"1258\" data-end=\"1290\">Vookbar Cyber PRO 3000 potah\u016f<\/strong> ide\u00e1ln\u00ed pro obchody s e-cigaretami, distributory a spot\u0159ebitele, kte\u0159\u00ed hledaj\u00ed kompaktn\u00ed, ale v\u00fdkonnou <strong data-start=\"1379\" data-end=\"1404\">velkoobchodn\u00ed vodn\u00ed d\u00fdmku<\/strong>.<\/p>\n<figure id=\"attachment_3596\" aria-describedby=\"caption-attachment-3596\" style=\"width: 572px\" class=\"wp-caption alignnone\"><img fetchpriority=\"high\" decoding=\"async\" class=\"wp-image-3596\" src=\"https:\/\/vapestornado.com\/wp-content\/uploads\/2024\/12\/Vookbar-3000-Puffs-Hot-Sale-Disposable-Vapes-Germany.jpg\" alt=\"Vookbar 3000 Puffs Hot Sale Jednor\u00e1zov\u00e9 E-Cigarety \u010cesk\u00e1 republika\" width=\"572\" height=\"572\" srcset=\"https:\/\/vapestornado.com\/wp-content\/uploads\/2024\/12\/Vookbar-3000-Puffs-Hot-Sale-Disposable-Vapes-Germany.jpg 800w, https:\/\/vapestornado.com\/wp-content\/uploads\/2024\/12\/Vookbar-3000-Puffs-Hot-Sale-Disposable-Vapes-Germany-300x300.jpg 300w, https:\/\/vapestornado.com\/wp-content\/uploads\/2024\/12\/Vookbar-3000-Puffs-Hot-Sale-Disposable-Vapes-Germany-150x150.jpg 150w, https:\/\/vapestornado.com\/wp-content\/uploads\/2024\/12\/Vookbar-3000-Puffs-Hot-Sale-Disposable-Vapes-Germany-768x768.jpg 768w, https:\/\/vapestornado.com\/wp-content\/uploads\/2024\/12\/Vookbar-3000-Puffs-Hot-Sale-Disposable-Vapes-Germany-600x600.jpg 600w, https:\/\/vapestornado.com\/wp-content\/uploads\/2024\/12\/Vookbar-3000-Puffs-Hot-Sale-Disposable-Vapes-Germany-100x100.jpg 100w\" sizes=\"(max-width: 572px) 100vw, 572px\" \/><figcaption id=\"caption-attachment-3596\" class=\"wp-caption-text\">Vookbar 3000 Puffs Hot Sale Jednor\u00e1zov\u00e9 E-Cigarety \u010cesk\u00e1 republika<\/figcaption><\/figure>\n<\/div>\n<\/div>\n<p><img decoding=\"async\" class=\"alignleft wp-image-2951 size-medium\" src=\"https:\/\/vapestornado.com\/wp-content\/uploads\/2024\/12\/Wholesale-Disposable-Vape-265x300.jpg\" alt=\"Velkoobchodn\u00ed jednor\u00e1zov\u00e9 Vape\" width=\"265\" height=\"300\" srcset=\"https:\/\/vapestornado.com\/wp-content\/uploads\/2024\/12\/Wholesale-Disposable-Vape-265x300.jpg 265w, https:\/\/vapestornado.com\/wp-content\/uploads\/2024\/12\/Wholesale-Disposable-Vape-768x871.jpg 768w, https:\/\/vapestornado.com\/wp-content\/uploads\/2024\/12\/Wholesale-Disposable-Vape-600x680.jpg 600w, https:\/\/vapestornado.com\/wp-content\/uploads\/2024\/12\/Wholesale-Disposable-Vape.jpg 823w\" sizes=\"(max-width: 265px) 100vw, 265px\" \/><\/p>\n<h6>Pro slevovou cenu kontaktujte Mandy na WhatsApp:<a href=\"https:\/\/wa.me\/8618077105796\" target=\"_blank\" rel=\"noopener\">+8618077105796<\/a><\/h6>\n<div class=\"flex max-w-full flex-col flex-grow\">\n<div class=\"min-h-8 text-message flex w-full flex-col items-end gap-2 whitespace-normal break-words text-start [.text-message+&amp;]:mt-5\" dir=\"auto\" data-message-author-role=\"assistant\" data-message-id=\"cdb991c0-f594-4bff-b2d5-fbbdd7ce9e54\" data-message-model-slug=\"gpt-4o-mini\">\n<div class=\"flex w-full flex-col gap-1 empty:hidden first:pt-[3px]\">\n<div class=\"markdown prose w-full break-words dark:prose-invert light\"><\/div>\n<\/div>\n<\/div>\n<\/div>\n<div class=\"mb-2 flex gap-3 empty:hidden -ml-2\">\n<h2><strong>Vookbar Cyber PRO 30000 potah\u016f <\/strong>Vynikaj\u00edc\u00ed vlastnosti:<\/h2>\n<ul>\n<li><strong>P\u016fsobiv\u00fd po\u010det potah\u016f<\/strong>: A\u017e 30 000 potah\u016f na za\u0159\u00edzen\u00ed pro prodlou\u017een\u00e9 vapovac\u00ed seance.<\/li>\n<li><strong>Baterie<\/strong>: 850mAh dob\u00edjec\u00ed baterie zaji\u0161\u0165uje konzistentn\u00ed v\u00fdkon.<\/li>\n<li><strong>Objem e-liquidu<\/strong>: 22ml pr\u00e9miov\u00e9ho e-liquidu.<\/li>\n<li><strong>S\u00edla nikotinu<\/strong>: 2% nikotinu pro jemn\u00fd a uspokojiv\u00fd hit.<\/li>\n<li><strong>Pr\u00e9miov\u00e9 ingredience<\/strong>: Obsahuje rostlinn\u00fd glycerin, propylenglykol, nikotin a p\u0159\u00edrodn\u00ed l\u00e1tky<\/li>\n<li><strong>Styl vapov\u00e1n\u00ed<\/strong>: Navr\u017eeno pro nad\u0161ence, kte\u0159\u00ed preferuj\u00ed styl p\u0159\u00edm\u00e9ho potahov\u00e1n\u00ed do plic (DTL), a tou\u017e\u00ed po bohat\u00fdch mrac\u00edch a intenzivn\u00ed chuti.<\/li>\n<li><strong>U\u017eivatelsky p\u0159\u00edv\u011btiv\u00fd design<\/strong>: Kompaktn\u00ed, elegantn\u00ed a p\u0159ipraveno k pou\u017eit\u00ed ihned po vybalen\u00ed.<\/li>\n<\/ul>\n<\/div>\n<h2>Seznam p\u0159\u00edchut\u00ed Vookbar Cyber PRO 3000 pot\u00e1hnut\u00ed:<\/h2>\n<p>1. Modr\u00e1 malina s ledem<br \/>\n2. Broskev s ledem<br \/>\n3. Hrozny s ledem<br \/>\n4. Jahoda s melounem<br \/>\n5. Jahoda s ban\u00e1nem<br \/>\n6. T\u0159e\u0161e\u0148 s melounem<br \/>\n7. Meloun s ledem<br \/>\n8. Broskev s mangem<br \/>\n9. Jahoda s kiwi<br \/>\n10. B\u00edl\u00e1 jahoda s ledem<br \/>\n11. B\u00edl\u00e9 gumov\u00e9 bonb\u00f3ny s ledem<br \/>\n12. Mra\u017een\u00e1 pinacolada<br \/>\n13. Fcking fab<br \/>\n14. Mojito m\u00edchan\u00e9 bobule<\/p>\n<div role=\"article\" data-tabster=\"{&quot;groupper&quot;:{&quot;tabbability&quot;:2},&quot;focusable&quot;:{}}\" data-content=\"ai-message\" aria-labelledby=\"dARUyEWDoEYhnSPXFwx5A-author dARUyEWDoEYhnSPXFwx5A-content\">\n<div id=\"dARUyEWDoEYhnSPXFwx5A-content\">\n<h2>Pro\u010d si vybrat Vookbar Cyber PRO 3000 pot\u00e1hnut\u00ed <strong>\u00a0<\/strong>at <a href=\"https:\/\/vapestornado.com\/cs\/product\/bang-box-35k-puffs-high-capacity-long-lasting-disposable-vape\/\">vapestornado.com?<\/a><\/h2>\n<ul>\n<li><strong>Vysok\u00e1 kapacita pot\u00e1hnut\u00ed<\/strong>: S vynikaj\u00edc\u00ed \u017eivotnost\u00ed baterie <strong>30 000 potah\u016f<\/strong>Vookbar Cyber PRO 3000 pot\u00e1hnut\u00ed zaji\u0161\u0165uje dlouhotrvaj\u00edc\u00ed pou\u017e\u00edv\u00e1n\u00ed, co\u017e z n\u011bj \u010din\u00ed obl\u00edbenou volbu mezi z\u00e1kazn\u00edky, kte\u0159\u00ed hledaj\u00ed hodnotu a pohodl\u00ed.<\/li>\n<li><strong>Pr\u00e9miov\u00e1 kvalita<\/strong>: S kapacitou <strong>kapacitou 22 ml e-liquidu<\/strong> a 2<strong>% s\u00edlou nikotinu<\/strong>, toto za\u0159\u00edzen\u00ed poskytuje bohatou chu\u0165 a uspokojiv\u00e9 potahy, vytvo\u0159en\u00e9 z vysoce kvalitn\u00edch ingredienc\u00ed, jako je <strong>rostlinn\u00fd glycerin, propylenglykol a p\u0159\u00edrodn\u00ed p\u0159\u00edchut\u011b<\/strong>.<\/li>\n<li><strong>Pokro\u010dil\u00e1 technologie<\/strong>: Poh\u00e1n\u011bno <strong>850mAh dob\u00edjec\u00ed bateri\u00ed<\/strong>co\u017e zaru\u010duje konzistentn\u00ed v\u00fdkon a podporuje prodlou\u017een\u00e9 vapovac\u00ed seance, ide\u00e1ln\u00ed pro nad\u0161ence stylu p\u0159\u00edm\u00e9ho potahov\u00e1n\u00ed do plic (DTL).<\/li>\n<li><strong>Elegantn\u00ed a kompaktn\u00ed design<\/strong>: Vookbar Cyber PRO kombinuje modern\u00ed estetiku s u\u017eivatelsky p\u0159\u00edv\u011btivou funk\u010dnost\u00ed, d\u00edky \u010demu\u017e je atraktivn\u00ed pro \u0161irokou \u0161k\u00e1lu z\u00e1kazn\u00edk\u016f.<\/li>\n<li><strong>Vhodn\u00e9 pro velkoobchod<\/strong>: K dispozici za konkurenceschopn\u00e9 ceny na <strong>vapestornado.com<\/strong>, tento produkt je ide\u00e1ln\u00ed pro hromadn\u00e9 n\u00e1kupy a zaji\u0161\u0165uje vynikaj\u00edc\u00ed ziskov\u00e9 mar\u017ee pro va\u0161e podnik\u00e1n\u00ed.<\/li>\n<li><strong>Popt\u00e1vka na trhu<\/strong>: D\u00edky sv\u00fdm pr\u00e9miov\u00fdm funkc\u00edm a vysok\u00e9mu po\u010dtu potah\u016f Vookbar Cyber PRO uspokojuje rostouc\u00ed trh spot\u0159ebitel\u016f high-end vapingu, co\u017e zvy\u0161uje atraktivitu va\u0161eho podnik\u00e1n\u00ed.<\/li>\n<\/ul>\n<\/div>\n<\/div>\n<h2>\u010casto kladen\u00e9 dotazy o Vookbar Cyber PRO 3000 Puffs Vape Pods<\/h2>\n<p><strong>1. Kolik potah\u016f Vookbar Cyber PRO 30000 poskytuje?<\/strong><br \/>\nVookbar Cyber PRO nab\u00edz\u00ed p\u016fsobiv\u00fdch <strong>30 000 potah\u016f<\/strong>, co\u017e z n\u011bj \u010din\u00ed jednu z nejd\u00e9le trvaj\u00edc\u00edch jednor\u00e1zov\u00fdch vapek na trhu.<\/p>\n<p><strong>2. Jak\u00e1 je kapacita e-liquidu tohoto za\u0159\u00edzen\u00ed?<\/strong><br \/>\nKa\u017ed\u00fd pod Vookbar Cyber PRO obsahuje <strong>22 ml e-liquidu<\/strong>, co\u017e zaji\u0161\u0165uje konzistentn\u00ed a bohatou chu\u0165 po celou dobu jeho \u017eivotnosti.<\/p>\n<p><strong>3. Jak\u00e1 je s\u00edla nikotinu ve Vookbar Vape Cyber PRO 30k PUFFS?<\/strong><br \/>\nZa\u0159\u00edzen\u00ed je vybaveno <strong>5% s\u00edla nikotinu<\/strong>, ide\u00e1ln\u00ed pro vapery, kte\u0159\u00ed hledaj\u00ed hladk\u00fd a uspokojiv\u00fd tah.<\/p>\n<p><strong>4. Je Vookbar Cyber PRO dob\u00edjec\u00ed?<\/strong><br \/>\nAno, je nap\u00e1jen <strong>850mAh dob\u00edjec\u00ed bateri\u00ed<\/strong> s konzistentn\u00edm v\u00fdkonem pro del\u0161\u00ed vapingov\u00e9 sezen\u00ed.<\/p>\n<p><strong>5. Jak p\u0159enosn\u00fd je Vookbar Cyber PRO?<\/strong><br \/>\nElegantn\u00ed a kompaktn\u00ed design ho \u010din\u00ed ide\u00e1ln\u00edm pro pou\u017eit\u00ed na cest\u00e1ch, kombinuje pohodl\u00ed s prvot\u0159\u00eddn\u00edm v\u00fdkonem.<\/p>","protected":false},"excerpt":{"rendered":"<p>Vookbar Cyber PRO 3000 Puffs je pr\u00e9miov\u00e1 velkoobchodn\u00ed e-cigareta ve stylu vodn\u00ed d\u00fdmky, kter\u00e1 nab\u00edz\u00ed dlouhotrvaj\u00edc\u00ed potahov\u00e1n\u00ed, jemnou chu\u0165 a elegantn\u00ed design. Ide\u00e1ln\u00ed pro hromadn\u00fd n\u00e1kup.<\/p>\n<figure id=\"attachment_2951\" aria-describedby=\"caption-attachment-2951\" style=\"width: 265px\" class=\"wp-caption alignnone\"><img decoding=\"async\" class=\"size-medium wp-image-2951\" src=\"https:\/\/vapestornado.com\/wp-content\/uploads\/2024\/12\/Wholesale-Disposable-Vape-265x300.jpg\" alt=\"Velkoobchodn\u00ed jednor\u00e1zov\u00e9 Vape\" width=\"265\" height=\"300\" srcset=\"https:\/\/vapestornado.com\/wp-content\/uploads\/2024\/12\/Wholesale-Disposable-Vape-265x300.jpg 265w, https:\/\/vapestornado.com\/wp-content\/uploads\/2024\/12\/Wholesale-Disposable-Vape-768x871.jpg 768w, https:\/\/vapestornado.com\/wp-content\/uploads\/2024\/12\/Wholesale-Disposable-Vape-600x680.jpg 600w, https:\/\/vapestornado.com\/wp-content\/uploads\/2024\/12\/Wholesale-Disposable-Vape.jpg 823w\" sizes=\"(max-width: 265px) 100vw, 265px\" \/><figcaption id=\"caption-attachment-2951\" class=\"wp-caption-text\">Pro slevovou cenu kontaktujte Mandy na WhatsApp\u00a0 <a href=\"https:\/\/wa.me\/8618077105796\">+8618077105796<\/a><\/figcaption><\/figure>\n<p>&nbsp;<\/p>","protected":false},"featured_media":3592,"comment_status":"open","ping_status":"closed","template":"","meta":{"_acf_changed":false,"_uag_custom_page_level_css":"","_lmt_disableupdate":"no","_lmt_disable":"","_monsterinsights_skip_tracking":false,"_monsterinsights_sitenote_active":false,"_monsterinsights_sitenote_note":"","_monsterinsights_sitenote_category":0,"site-sidebar-layout":"default","site-content-layout":"","ast-site-content-layout":"default","site-content-style":"default","site-sidebar-style":"default","ast-global-header-display":"","ast-banner-title-visibility":"","ast-main-header-display":"","ast-hfb-above-header-display":"","ast-hfb-below-header-display":"","ast-hfb-mobile-header-display":"","site-post-title":"","ast-breadcrumbs-content":"","ast-featured-img":"","footer-sml-layout":"","ast-disable-related-posts":"","theme-transparent-header-meta":"default","adv-header-id-meta":"","stick-header-meta":"","header-above-stick-meta":"","header-main-stick-meta":"","header-below-stick-meta":"","astra-migrate-meta-layouts":"set","ast-page-background-enabled":"default","ast-page-background-meta":{"desktop":{"background-color":"","background-image":"","background-repeat":"repeat","background-position":"center center","background-size":"auto","background-attachment":"scroll","background-type":"","background-media":"","overlay-type":"","overlay-color":"","overlay-opacity":"","overlay-gradient":""},"tablet":{"background-color":"","background-image":"","background-repeat":"repeat","background-position":"center center","background-size":"auto","background-attachment":"scroll","background-type":"","background-media":"","overlay-type":"","overlay-color":"","overlay-opacity":"","overlay-gradient":""},"mobile":{"background-color":"","background-image":"","background-repeat":"repeat","background-position":"center center","background-size":"auto","background-attachment":"scroll","background-type":"","background-media":"","overlay-type":"","overlay-color":"","overlay-opacity":"","overlay-gradient":""}},"ast-content-background-meta":{"desktop":{"background-color":"var(--ast-global-color-5)","background-image":"","background-repeat":"repeat","background-position":"center center","background-size":"auto","background-attachment":"scroll","background-type":"","background-media":"","overlay-type":"","overlay-color":"","overlay-opacity":"","overlay-gradient":""},"tablet":{"background-color":"var(--ast-global-color-5)","background-image":"","background-repeat":"repeat","background-position":"center center","background-size":"auto","background-attachment":"scroll","background-type":"","background-media":"","overlay-type":"","overlay-color":"","overlay-opacity":"","overlay-gradient":""},"mobile":{"background-color":"var(--ast-global-color-5)","background-image":"","background-repeat":"repeat","background-position":"center center","background-size":"auto","background-attachment":"scroll","background-type":"","background-media":"","overlay-type":"","overlay-color":"","overlay-opacity":"","overlay-gradient":""}},"_joinchat":{"telephone":"+8618077105796"}},"product_brand":[],"product_cat":[67,140,153,157],"product_tag":[97,188],"class_list":{"0":"post-3568","1":"product","2":"type-product","3":"status-publish","4":"has-post-thumbnail","6":"product_cat-30000-puff","7":"product_cat-big-puffs-disposable-vapes","8":"product_cat-buy-disposable-vapes-in-italy","9":"product_cat-buy-disposable-vapes-in-portugal","10":"product_tag-hot-sale-disposable-vape","11":"product_tag-vookbar-cyber-pro-30000-puffs","12":"desktop-align-left","13":"tablet-align-left","14":"mobile-align-left","16":"first","17":"instock","18":"sale","19":"shipping-taxable","20":"purchasable","21":"product-type-simple"},"acf":[],"uagb_featured_image_src":{"full":["https:\/\/vapestornado.com\/wp-content\/uploads\/2024\/12\/Vookbar-3000-Puff-Vapes-Cheap-Price.jpg",800,800,false],"thumbnail":["https:\/\/vapestornado.com\/wp-content\/uploads\/2024\/12\/Vookbar-3000-Puff-Vapes-Cheap-Price-150x150.jpg",150,150,true],"medium":["https:\/\/vapestornado.com\/wp-content\/uploads\/2024\/12\/Vookbar-3000-Puff-Vapes-Cheap-Price-300x300.jpg",300,300,true],"medium_large":["https:\/\/vapestornado.com\/wp-content\/uploads\/2024\/12\/Vookbar-3000-Puff-Vapes-Cheap-Price-768x768.jpg",768,768,true],"large":["https:\/\/vapestornado.com\/wp-content\/uploads\/2024\/12\/Vookbar-3000-Puff-Vapes-Cheap-Price.jpg",800,800,false],"1536x1536":["https:\/\/vapestornado.com\/wp-content\/uploads\/2024\/12\/Vookbar-3000-Puff-Vapes-Cheap-Price.jpg",800,800,false],"2048x2048":["https:\/\/vapestornado.com\/wp-content\/uploads\/2024\/12\/Vookbar-3000-Puff-Vapes-Cheap-Price.jpg",800,800,false],"trp-custom-language-flag":["https:\/\/vapestornado.com\/wp-content\/uploads\/2024\/12\/Vookbar-3000-Puff-Vapes-Cheap-Price.jpg",12,12,false],"woocommerce_thumbnail":["https:\/\/vapestornado.com\/wp-content\/uploads\/2024\/12\/Vookbar-3000-Puff-Vapes-Cheap-Price-300x300.jpg",300,300,true],"woocommerce_single":["https:\/\/vapestornado.com\/wp-content\/uploads\/2024\/12\/Vookbar-3000-Puff-Vapes-Cheap-Price-600x600.jpg",600,600,true],"woocommerce_gallery_thumbnail":["https:\/\/vapestornado.com\/wp-content\/uploads\/2024\/12\/Vookbar-3000-Puff-Vapes-Cheap-Price-100x100.jpg",100,100,true]},"uagb_author_info":{"display_name":"ESMANDY","author_link":"https:\/\/vapestornado.com\/cs\/author\/"},"uagb_comment_info":0,"uagb_excerpt":"Vookbar Cyber PRO 3000 Puffs is a premium wholesale e-cigarette hookah vape, offering long-lasting puffs, smooth flavor, and a sleek design. Ideal for bulk purchases. [caption id=\"attachment_2951\" align=\"alignnone\" width=\"265\"] Pls Contact Mandy's WhatsApp For Discount Price\u00a0 +8618077105796[\/caption] &nbsp;","_links":{"self":[{"href":"https:\/\/vapestornado.com\/cs\/wp-json\/wp\/v2\/product\/3568","targetHints":{"allow":["GET"]}}],"collection":[{"href":"https:\/\/vapestornado.com\/cs\/wp-json\/wp\/v2\/product"}],"about":[{"href":"https:\/\/vapestornado.com\/cs\/wp-json\/wp\/v2\/types\/product"}],"replies":[{"embeddable":true,"href":"https:\/\/vapestornado.com\/cs\/wp-json\/wp\/v2\/comments?post=3568"}],"wp:featuredmedia":[{"embeddable":true,"href":"https:\/\/vapestornado.com\/cs\/wp-json\/wp\/v2\/media\/3592"}],"wp:attachment":[{"href":"https:\/\/vapestornado.com\/cs\/wp-json\/wp\/v2\/media?parent=3568"}],"wp:term":[{"taxonomy":"product_brand","embeddable":true,"href":"https:\/\/vapestornado.com\/cs\/wp-json\/wp\/v2\/product_brand?post=3568"},{"taxonomy":"product_cat","embeddable":true,"href":"https:\/\/vapestornado.com\/cs\/wp-json\/wp\/v2\/product_cat?post=3568"},{"taxonomy":"product_tag","embeddable":true,"href":"https:\/\/vapestornado.com\/cs\/wp-json\/wp\/v2\/product_tag?post=3568"}],"curies":[{"name":"wp","href":"https:\/\/api.w.org\/{rel}","templated":true}]}}