{"id":3567,"date":"2024-12-31T08:11:45","date_gmt":"2024-12-31T08:11:45","guid":{"rendered":"https:\/\/vapestornado.com\/?post_type=product&#038;p=3567"},"modified":"2025-08-23T09:41:24","modified_gmt":"2025-08-23T09:41:24","slug":"vapme-crystal-7000-puffs-disposable-vape","status":"publish","type":"product","link":"https:\/\/vapestornado.com\/cs\/product\/vapme-crystal-7000-puffs-disposable-vape\/","title":{"rendered":"Vapme Crystal 7000 pot\u00e1hnut\u00ed jednor\u00e1zov\u00fd vape RGB sv\u011btlo"},"content":{"rendered":"<h1>Vapme Crystal 7000 pot\u00e1hnut\u00ed jednor\u00e1zov\u00fd vape RGB sv\u011btlo<\/h1>\n<p data-start=\"359\" data-end=\"637\">Ten <strong data-start=\"363\" data-end=\"407\">Vapme Crystal 7000 Puffs Jednor\u00e1zov\u00e1 vaporizace<\/strong> spojuje kapacitu, v\u00fdkon a styl v kompaktn\u00edm za\u0159\u00edzen\u00ed. S <strong data-start=\"478\" data-end=\"500\">14ml n\u00e1dr\u017ekou na e-liquid<\/strong> a\u017e do <strong data-start=\"511\" data-end=\"526\">7 000 potah\u016f<\/strong>, poskytuje dlouhotrvaj\u00edc\u00ed pou\u017eit\u00ed, co\u017e z n\u011bj \u010din\u00ed praktickou volbu jak pro ka\u017edodenn\u00ed vapery, tak pro velkoobchodn\u00ed kupce.<\/p>\n<p data-start=\"639\" data-end=\"892\">Poh\u00e1n\u011bno <strong data-start=\"652\" data-end=\"683\">650mAh dob\u00edjec\u00ed baterie<\/strong> s <strong data-start=\"689\" data-end=\"713\">Rychl\u00e9 nab\u00edjen\u00ed Type-C<\/strong>, Vapme Crystal 7K minimalizuje prostoje a zaji\u0161\u0165uje konzistentn\u00ed v\u00fdkon. Jeho <strong data-start=\"795\" data-end=\"813\">1.0\u03a9 s\u00ed\u0165ov\u00e1 c\u00edvka<\/strong> zlep\u0161uje chu\u0165 a produkci par, poskytuj\u00edc\u00ed hladk\u00e9 a uspokojiv\u00e9 tahy.<\/p>\n<p data-start=\"894\" data-end=\"1237\">Za\u0159\u00edzen\u00ed tak\u00e9 obsahuje <strong data-start=\"919\" data-end=\"935\">RGB osv\u011btlen\u00ed<\/strong>, co\u017e p\u0159id\u00e1v\u00e1 stylov\u00fd dotek k pr\u016fhledn\u00e9mu t\u011blu. S <strong data-start=\"992\" data-end=\"1013\">30 mo\u017enostmi p\u0159\u00edchut\u00ed<\/strong>\u2014 od ovocn\u00fdch a ledov\u00fdch po cukrovinkov\u00e9 profily \u2014 <strong data-start=\"1073\" data-end=\"1106\">Vapme Crystal 7000 Puf\u016f Vaporiz\u00e9r<\/strong> nab\u00edz\u00ed n\u011bco pro ka\u017ed\u00e9 preference. Kompaktn\u00ed, snadno pou\u017eiteln\u00e9 a spolehliv\u00e9, je ide\u00e1ln\u00ed jak pro za\u010d\u00e1te\u010dn\u00edky, tak pro zku\u0161en\u00e9 vapery.<\/p>\n<p><img fetchpriority=\"high\" decoding=\"async\" class=\"size-full wp-image-3585\" src=\"https:\/\/vapestornado.com\/wp-content\/uploads\/2024\/12\/Vapme-Crystal-7000-Puffs-Wholesale-Supplier-Affordable-Bulk-Vape-Solutions.jpg\" alt=\"Velkoobchodn\u00ed dodavatel Vapme Crystal 7000 Puffs Cenov\u011b dostupn\u00e1 \u0159e\u0161en\u00ed pro velkoobjemov\u00e9 vapy\" width=\"1000\" height=\"666\" srcset=\"https:\/\/vapestornado.com\/wp-content\/uploads\/2024\/12\/Vapme-Crystal-7000-Puffs-Wholesale-Supplier-Affordable-Bulk-Vape-Solutions.jpg 1000w, https:\/\/vapestornado.com\/wp-content\/uploads\/2024\/12\/Vapme-Crystal-7000-Puffs-Wholesale-Supplier-Affordable-Bulk-Vape-Solutions-300x200.jpg 300w, https:\/\/vapestornado.com\/wp-content\/uploads\/2024\/12\/Vapme-Crystal-7000-Puffs-Wholesale-Supplier-Affordable-Bulk-Vape-Solutions-768x511.jpg 768w, https:\/\/vapestornado.com\/wp-content\/uploads\/2024\/12\/Vapme-Crystal-7000-Puffs-Wholesale-Supplier-Affordable-Bulk-Vape-Solutions-600x400.jpg 600w\" sizes=\"(max-width: 1000px) 100vw, 1000px\" \/><\/p>\n<h3>Vlastnosti produktu<\/h3>\n<ol>\n<li>Dlouhotrvaj\u00edc\u00edch 7 000+ potah\u016f s kapacitou 14 ml e-liquidu.<\/li>\n<li>Dob\u00edjec\u00ed baterie 650 mAh s rychl\u00fdm nab\u00edjen\u00edm p\u0159es Type-C.<\/li>\n<li>1,0\u03a9 mesh spir\u00e1lka pro bohatou chu\u0165 a hustou p\u00e1ru.<\/li>\n<li>Stylov\u00e9 RGB osv\u011btlen\u00ed pro pr\u00e9miov\u00fd z\u00e1\u017eitek z vapov\u00e1n\u00ed.<\/li>\n<li>K dispozici ve 30 jedine\u010dn\u00fdch a lahodn\u00fdch p\u0159\u00edchut\u00edch.<\/li>\n<\/ol>\n<h3>Seznam p\u0159\u00edchut\u00ed<\/h3>\n<ol>\n<li>Bor\u016fvka Malina<\/li>\n<li>Hroznov\u00e1 bobule<\/li>\n<li>Jahodov\u00e1 melounov\u00e1 \u017ev\u00fdka\u010dka<\/li>\n<li>Jahoda Malina Bonb\u00f3n<\/li>\n<li>Jahoda Ban\u00e1n<\/li>\n<li>Jahoda Mango<\/li>\n<li>Broskev Mango Ananas<\/li>\n<li>Vodn\u00ed meloun s ledem<\/li>\n<li>Trojit\u00e9 mango<\/li>\n<li>T\u0159e\u0161\u0148ov\u00e1 Led<\/li>\n<li>Mu\u010denka meloun led<\/li>\n<li>Kiwi mu\u010denka guava<\/li>\n<li>Jahodov\u00fd led<\/li>\n<li>Broskvov\u00fd led<\/li>\n<li>Blue Razz limon\u00e1da<\/li>\n<li>Jahoda a kiwi<\/li>\n<li>Energetick\u00fd n\u00e1poj<\/li>\n<li>T\u0159e\u0161\u0148ov\u00e1 Cola<\/li>\n<li>Mix lesn\u00edch plod\u016f led<\/li>\n<li>Citr\u00f3n<\/li>\n<li>Jahoda Hroznov\u00e9 v\u00edno<\/li>\n<li>\u010cern\u00fd ryb\u00edz s ledem<\/li>\n<li>Bor\u016fvka brusinka t\u0159e\u0161e\u0148<\/li>\n<li>Meloun kiwi led<\/li>\n<li>T\u0159e\u0161e\u0148 a lesn\u00ed plody<\/li>\n<li>M\u00e1ta<\/li>\n<li>Tropick\u00fd ovocn\u00fd pun\u010d<\/li>\n<li>Pan modr\u00fd<\/li>\n<li>Dvojit\u00e1 Jablko<\/li>\n<li>Ban\u00e1nov\u00e1 Led<\/li>\n<\/ol>\n<h4><strong>Vapme 7000 Puffs Nejlep\u0161\u00ed p\u0159\u00edchut\u011b<\/strong><\/h4>\n<ol>\n<li><strong>Bor\u016fvka Malina<\/strong>: Dokonale vyv\u00e1\u017een\u00e1 sm\u011bs sladk\u00fdch bor\u016fvek a pikantn\u00edch malin.<\/li>\n<li><strong>Hroznov\u00e1 bobule<\/strong>: V\u00fdrazn\u00e1 hroznov\u00e1 p\u0159\u00edchu\u0165 sm\u00edchan\u00e1 se \u0161\u0165avnat\u00fdmi lesn\u00edmi plody pro osv\u011b\u017euj\u00edc\u00ed z\u00e1\u017eitek z vapov\u00e1n\u00ed.<\/li>\n<li><strong>Jahodov\u00e1 melounov\u00e1 \u017ev\u00fdka\u010dka<\/strong>: \u0160\u0165avnat\u00e9 jahody a meloun v kombinaci s nostalgickou sladkost\u00ed \u017ev\u00fdka\u010dky.<\/li>\n<li><strong>Broskev Mango Ananas<\/strong>: Tropick\u00e1 sm\u011bs sladk\u00e9 broskve, manga a pikantn\u00edho ananasu.<\/li>\n<li><strong>Vodn\u00ed meloun s ledem<\/strong>: Sladk\u00fd, osv\u011b\u017euj\u00edc\u00ed meloun s chladiv\u00fdm mentolov\u00fdm n\u00e1dechem.<\/li>\n<\/ol>\n<h4><strong>Pro\u010d si vybrat Vapme Crystal 7000 Puffs?<\/strong><\/h4>\n<p>Vapme Crystal 7000 Puffs vynik\u00e1 sv\u00fdm v\u00fdjime\u010dn\u00fdm v\u00fdkonem, elegantn\u00edm designem a rozs\u00e1hl\u00fdm v\u00fdb\u011brem p\u0159\u00edchut\u00ed. S masivn\u00ed kapacitou 7 000+ potah\u016f p\u0159ekon\u00e1v\u00e1 v\u011bt\u0161inu jednor\u00e1zov\u00fdch vapovac\u00edch per, co\u017e z n\u011bj \u010din\u00ed cenov\u011b v\u00fdhodnou volbu pro n\u00e1ro\u010dn\u00e9 u\u017eivatele. Dob\u00edjec\u00ed baterie s kapacitou 650mAh a nab\u00edjen\u00ed pomoc\u00ed Type-C zaji\u0161\u0165uj\u00ed pohodl\u00ed a sn\u00ed\u017een\u00fd odpad ve srovn\u00e1n\u00ed s jednor\u00e1zov\u00fdmi za\u0159\u00edzen\u00edmi. D\u00edky pokro\u010dil\u00e9 technologii mesh spir\u00e1ly 1.0\u03a9 poskytuje tento vape bezkonkuren\u010dn\u00ed intenzitu chuti a hladkou produkci p\u00e1ry. Jeho lehk\u00fd, kompaktn\u00ed design a RGB sv\u011btlo z n\u011bj d\u011blaj\u00ed perfektn\u00edho spole\u010dn\u00edka pro vapov\u00e1n\u00ed na cest\u00e1ch. A\u0165 u\u017e jste nad\u0161enec do p\u0159\u00edchut\u00ed nebo n\u011bkdo, kdo hled\u00e1 odolnost a styl, Vapme Crystal 7000 Puffs je tou nejlep\u0161\u00ed volbou.<\/p>\n<h3><strong>\u010casto kladen\u00e9 ot\u00e1zky<\/strong><\/h3>\n<ol>\n<li><strong>Kolik potah\u016f poskytuje Vapme Crystal 7k Puff?<\/strong><br \/>\nNab\u00edz\u00ed v\u00edce ne\u017e 7 000 potah\u016f, co\u017e zaji\u0161\u0165uje dlouhou dobu pou\u017e\u00edv\u00e1n\u00ed.<\/li>\n<li><strong>Je Vapme Crystal 7000 Puffs dob\u00edjec\u00ed?<\/strong><br \/>\nAno, je vybaven dob\u00edjec\u00ed bateri\u00ed s kapacitou 650mAh s portem Type-C.<\/li>\n<li><strong>Jak\u00e9 p\u0159\u00edchut\u011b jsou k dispozici pro vapy Vapme Crystal 7k?<\/strong><br \/>\nExistuje 30 jedine\u010dn\u00fdch p\u0159\u00edchut\u00ed, v\u010detn\u011b ovocn\u00fdch, ledov\u00fdch a cukrovinkov\u00fdch variant.<\/li>\n<li><strong>Jakou technologii spir\u00e1ly pou\u017e\u00edv\u00e1 tento vape Vapme 7k crystal?<\/strong><br \/>\nJe vybaven 1.0\u03a9 mesh spir\u00e1lou pro lep\u0161\u00ed chu\u0165 a produkci p\u00e1ry.<\/li>\n<li><strong>M\u00e1 Vapme Crystal 7k Puffs RGB osv\u011btlen\u00ed?<\/strong><br \/>\nAno, je vybaven stylov\u00fdm RGB osv\u011btlen\u00edm pro lep\u0161\u00ed z\u00e1\u017eitek z vapov\u00e1n\u00ed.<\/li>\n<\/ol>\n<h4>Velkoobchod Vapme Crystal 7k vape Kontaktujte a z\u00edskejte slevu hned te\u010f!<a href=\"https:\/\/wa.me\/8618077105750\" target=\"_blank\" rel=\"noopener\">+8618077105750<\/a><\/h4>\n<p><img decoding=\"async\" class=\"size-large wp-image-2921\" src=\"https:\/\/vapestornado.com\/wp-content\/uploads\/2024\/11\/20062b3a285f900e79520aad496b94d-887x1024.jpg\" alt=\"vapestornado Vicky\" width=\"887\" height=\"1024\" srcset=\"https:\/\/vapestornado.com\/wp-content\/uploads\/2024\/11\/20062b3a285f900e79520aad496b94d-887x1024.jpg 887w, https:\/\/vapestornado.com\/wp-content\/uploads\/2024\/11\/20062b3a285f900e79520aad496b94d-260x300.jpg 260w, https:\/\/vapestornado.com\/wp-content\/uploads\/2024\/11\/20062b3a285f900e79520aad496b94d-768x887.jpg 768w, https:\/\/vapestornado.com\/wp-content\/uploads\/2024\/11\/20062b3a285f900e79520aad496b94d-600x693.jpg 600w, https:\/\/vapestornado.com\/wp-content\/uploads\/2024\/11\/20062b3a285f900e79520aad496b94d.jpg 1080w\" sizes=\"(max-width: 887px) 100vw, 887px\" \/><\/p>","protected":false},"excerpt":{"rendered":"<p>Vapme Crystal 7000 Puffs nab\u00edz\u00ed 7 000+ potah\u016f, 30 p\u0159\u00edchut\u00ed, dob\u00edjec\u00ed baterii a 1,0\u03a9 mesh spir\u00e1lku pro vynikaj\u00edc\u00ed chu\u0165.<\/p>\n<p><strong><span style=\"color: #ff0000;\">(cena na na\u0161em webu nezahrnuje n\u00e1klady na dopravu, kontaktujte m\u011b, abyste z\u00edskali celkovou cenu a va\u0161i slevu!)<\/span><\/strong><\/p>\n<p><img decoding=\"async\" class=\"size-medium wp-image-2921\" src=\"https:\/\/vapestornado.com\/wp-content\/uploads\/2024\/11\/20062b3a285f900e79520aad496b94d-260x300.jpg\" alt=\"vapestornado Vicky\" width=\"260\" height=\"300\" srcset=\"https:\/\/vapestornado.com\/wp-content\/uploads\/2024\/11\/20062b3a285f900e79520aad496b94d-260x300.jpg 260w, https:\/\/vapestornado.com\/wp-content\/uploads\/2024\/11\/20062b3a285f900e79520aad496b94d-887x1024.jpg 887w, https:\/\/vapestornado.com\/wp-content\/uploads\/2024\/11\/20062b3a285f900e79520aad496b94d-768x887.jpg 768w, https:\/\/vapestornado.com\/wp-content\/uploads\/2024\/11\/20062b3a285f900e79520aad496b94d-600x693.jpg 600w, https:\/\/vapestornado.com\/wp-content\/uploads\/2024\/11\/20062b3a285f900e79520aad496b94d.jpg 1080w\" sizes=\"(max-width: 260px) 100vw, 260px\" \/><\/p>","protected":false},"featured_media":3579,"comment_status":"open","ping_status":"closed","template":"","meta":{"_acf_changed":false,"_uag_custom_page_level_css":"","_lmt_disableupdate":"no","_lmt_disable":"","_monsterinsights_skip_tracking":false,"_monsterinsights_sitenote_active":false,"_monsterinsights_sitenote_note":"","_monsterinsights_sitenote_category":0,"site-sidebar-layout":"default","site-content-layout":"","ast-site-content-layout":"default","site-content-style":"default","site-sidebar-style":"default","ast-global-header-display":"","ast-banner-title-visibility":"","ast-main-header-display":"","ast-hfb-above-header-display":"","ast-hfb-below-header-display":"","ast-hfb-mobile-header-display":"","site-post-title":"","ast-breadcrumbs-content":"","ast-featured-img":"","footer-sml-layout":"","ast-disable-related-posts":"","theme-transparent-header-meta":"default","adv-header-id-meta":"","stick-header-meta":"","header-above-stick-meta":"","header-main-stick-meta":"","header-below-stick-meta":"","astra-migrate-meta-layouts":"set","ast-page-background-enabled":"default","ast-page-background-meta":{"desktop":{"background-color":"","background-image":"","background-repeat":"repeat","background-position":"center center","background-size":"auto","background-attachment":"scroll","background-type":"","background-media":"","overlay-type":"","overlay-color":"","overlay-opacity":"","overlay-gradient":""},"tablet":{"background-color":"","background-image":"","background-repeat":"repeat","background-position":"center center","background-size":"auto","background-attachment":"scroll","background-type":"","background-media":"","overlay-type":"","overlay-color":"","overlay-opacity":"","overlay-gradient":""},"mobile":{"background-color":"","background-image":"","background-repeat":"repeat","background-position":"center center","background-size":"auto","background-attachment":"scroll","background-type":"","background-media":"","overlay-type":"","overlay-color":"","overlay-opacity":"","overlay-gradient":""}},"ast-content-background-meta":{"desktop":{"background-color":"var(--ast-global-color-5)","background-image":"","background-repeat":"repeat","background-position":"center center","background-size":"auto","background-attachment":"scroll","background-type":"","background-media":"","overlay-type":"","overlay-color":"","overlay-opacity":"","overlay-gradient":""},"tablet":{"background-color":"var(--ast-global-color-5)","background-image":"","background-repeat":"repeat","background-position":"center center","background-size":"auto","background-attachment":"scroll","background-type":"","background-media":"","overlay-type":"","overlay-color":"","overlay-opacity":"","overlay-gradient":""},"mobile":{"background-color":"var(--ast-global-color-5)","background-image":"","background-repeat":"repeat","background-position":"center center","background-size":"auto","background-attachment":"scroll","background-type":"","background-media":"","overlay-type":"","overlay-color":"","overlay-opacity":"","overlay-gradient":""}},"_joinchat":{"telephone":"+8618077105750"}},"product_brand":[],"product_cat":[74,154,159,143,144,61],"product_tag":[],"class_list":{"0":"post-3567","1":"product","2":"type-product","3":"status-publish","4":"has-post-thumbnail","6":"product_cat-7000-puff","7":"product_cat-buy-disposable-vapes-in-netherlands","8":"product_cat-buy-disposable-vapes-in-sweden","9":"product_cat-dual-mesh-disposable-vapes","10":"product_cat-low-nicotine-disposable-vapes","11":"product_cat-vapme-shisha","12":"desktop-align-left","13":"tablet-align-left","14":"mobile-align-left","16":"first","17":"instock","18":"sale","19":"shipping-taxable","20":"purchasable","21":"product-type-simple"},"acf":[],"uagb_featured_image_src":{"full":["https:\/\/vapestornado.com\/wp-content\/uploads\/2024\/12\/Vapme-Crystal-7000-Puffs-Price-Best-Value-for-High-Performance-Disposable-Vapes.jpg",1000,1000,false],"thumbnail":["https:\/\/vapestornado.com\/wp-content\/uploads\/2024\/12\/Vapme-Crystal-7000-Puffs-Price-Best-Value-for-High-Performance-Disposable-Vapes-150x150.jpg",150,150,true],"medium":["https:\/\/vapestornado.com\/wp-content\/uploads\/2024\/12\/Vapme-Crystal-7000-Puffs-Price-Best-Value-for-High-Performance-Disposable-Vapes-300x300.jpg",300,300,true],"medium_large":["https:\/\/vapestornado.com\/wp-content\/uploads\/2024\/12\/Vapme-Crystal-7000-Puffs-Price-Best-Value-for-High-Performance-Disposable-Vapes-768x768.jpg",768,768,true],"large":["https:\/\/vapestornado.com\/wp-content\/uploads\/2024\/12\/Vapme-Crystal-7000-Puffs-Price-Best-Value-for-High-Performance-Disposable-Vapes.jpg",1000,1000,false],"1536x1536":["https:\/\/vapestornado.com\/wp-content\/uploads\/2024\/12\/Vapme-Crystal-7000-Puffs-Price-Best-Value-for-High-Performance-Disposable-Vapes.jpg",1000,1000,false],"2048x2048":["https:\/\/vapestornado.com\/wp-content\/uploads\/2024\/12\/Vapme-Crystal-7000-Puffs-Price-Best-Value-for-High-Performance-Disposable-Vapes.jpg",1000,1000,false],"trp-custom-language-flag":["https:\/\/vapestornado.com\/wp-content\/uploads\/2024\/12\/Vapme-Crystal-7000-Puffs-Price-Best-Value-for-High-Performance-Disposable-Vapes.jpg",12,12,false],"woocommerce_thumbnail":["https:\/\/vapestornado.com\/wp-content\/uploads\/2024\/12\/Vapme-Crystal-7000-Puffs-Price-Best-Value-for-High-Performance-Disposable-Vapes-300x300.jpg",300,300,true],"woocommerce_single":["https:\/\/vapestornado.com\/wp-content\/uploads\/2024\/12\/Vapme-Crystal-7000-Puffs-Price-Best-Value-for-High-Performance-Disposable-Vapes-600x600.jpg",600,600,true],"woocommerce_gallery_thumbnail":["https:\/\/vapestornado.com\/wp-content\/uploads\/2024\/12\/Vapme-Crystal-7000-Puffs-Price-Best-Value-for-High-Performance-Disposable-Vapes-100x100.jpg",100,100,true]},"uagb_author_info":{"display_name":"ESvicky","author_link":"https:\/\/vapestornado.com\/cs\/author\/"},"uagb_comment_info":0,"uagb_excerpt":"Vapme Crystal 7000 Puffs offers 7,000+ puffs, 30 flavors, rechargeable battery, and 1.0\u03a9 mesh coil for superior flavor. (our website price not include shipping cost, please contact me to get whole price and your disccount!)","_links":{"self":[{"href":"https:\/\/vapestornado.com\/cs\/wp-json\/wp\/v2\/product\/3567","targetHints":{"allow":["GET"]}}],"collection":[{"href":"https:\/\/vapestornado.com\/cs\/wp-json\/wp\/v2\/product"}],"about":[{"href":"https:\/\/vapestornado.com\/cs\/wp-json\/wp\/v2\/types\/product"}],"replies":[{"embeddable":true,"href":"https:\/\/vapestornado.com\/cs\/wp-json\/wp\/v2\/comments?post=3567"}],"wp:featuredmedia":[{"embeddable":true,"href":"https:\/\/vapestornado.com\/cs\/wp-json\/wp\/v2\/media\/3579"}],"wp:attachment":[{"href":"https:\/\/vapestornado.com\/cs\/wp-json\/wp\/v2\/media?parent=3567"}],"wp:term":[{"taxonomy":"product_brand","embeddable":true,"href":"https:\/\/vapestornado.com\/cs\/wp-json\/wp\/v2\/product_brand?post=3567"},{"taxonomy":"product_cat","embeddable":true,"href":"https:\/\/vapestornado.com\/cs\/wp-json\/wp\/v2\/product_cat?post=3567"},{"taxonomy":"product_tag","embeddable":true,"href":"https:\/\/vapestornado.com\/cs\/wp-json\/wp\/v2\/product_tag?post=3567"}],"curies":[{"name":"wp","href":"https:\/\/api.w.org\/{rel}","templated":true}]}}