{"id":3533,"date":"2024-12-28T09:56:42","date_gmt":"2024-12-28T09:56:42","guid":{"rendered":"https:\/\/vapestornado.com\/?post_type=product&#038;p=3533"},"modified":"2025-08-23T09:46:04","modified_gmt":"2025-08-23T09:46:04","slug":"vapme-spacex-22000-puffs-disposable-vape","status":"publish","type":"product","link":"https:\/\/vapestornado.com\/cs\/product\/vapme-spacex-22000-puffs-disposable-vape\/","title":{"rendered":"Vapme Spacex 22000 pot\u00e1hnut\u00ed Jednor\u00e1zov\u00e1 vapa"},"content":{"rendered":"<h1>Vapme Spacex 22000 pot\u00e1hnut\u00ed Jednor\u00e1zov\u00e1 vapa<\/h1>\n<p data-start=\"397\" data-end=\"648\">Ten <strong data-start=\"401\" data-end=\"445\">Vapme Spacex 22000 pot\u00e1hnut\u00ed Jednor\u00e1zov\u00e1 vapa<\/strong> poskytuje kapacitu, v\u00fdkon a u\u017eivatelsky p\u0159\u00edv\u011btiv\u00fd design v jednom za\u0159\u00edzen\u00ed. S a\u017e <strong data-start=\"529\" data-end=\"545\">22 000 pot\u00e1hnut\u00ed<\/strong> a <strong data-start=\"552\" data-end=\"585\">28ml p\u0159edpln\u011bnou e-liquid n\u00e1dr\u017ekou<\/strong>poskytuje dlouhodob\u00e9 pou\u017e\u00edv\u00e1n\u00ed bez \u010dast\u00fdch v\u00fdm\u011bn.<\/p>\n<p data-start=\"650\" data-end=\"962\">Nap\u00e1jen\u00fd <strong data-start=\"664\" data-end=\"695\">850mAh dob\u00edjec\u00ed bateri\u00ed<\/strong> s <strong data-start=\"701\" data-end=\"725\">Rychl\u00e9 nab\u00edjen\u00ed Type-C<\/strong>Vapme Spacex 22K zaji\u0161\u0165uje konzistentn\u00ed v\u00fdkon pro del\u0161\u00ed pou\u017e\u00edv\u00e1n\u00ed. Jeho <strong data-start=\"806\" data-end=\"824\">du\u00e1ln\u00ed mesh c\u00edvka<\/strong> zlep\u0161uje pod\u00e1n\u00ed chuti a hustotu p\u00e1ry, zat\u00edmco <strong data-start=\"879\" data-end=\"908\">nastaviteln\u00fd syst\u00e9m proud\u011bn\u00ed vzduchu<\/strong> umo\u017e\u0148uje u\u017eivatel\u016fm p\u0159izp\u016fsobit si ka\u017ed\u00e9 pot\u00e1hnut\u00ed podle sv\u00fdch preferenc\u00ed.<\/p>\n<p data-start=\"964\" data-end=\"1368\">Dostupn\u00e9 v <strong data-start=\"977\" data-end=\"1009\">S\u00edly nikotinu 2% a 5%<\/strong>Tato jednor\u00e1zov\u00e1 vapka je vhodn\u00e1 pro m\u00edrn\u00e9 i siln\u00e9 u\u017eivatele. Vestav\u011bn\u00fd <strong data-start=\"1084\" data-end=\"1099\">LED displej<\/strong> zobrazuje stav baterie a hladinu e-liquidu v re\u00e1ln\u00e9m \u010dase, co\u017e zvy\u0161uje pohodl\u00ed a kontrolu. Kompaktn\u00ed a spolehliv\u00fd <strong data-start=\"1211\" data-end=\"1244\">Vapme Spacex 22000 potah\u016f vape<\/strong> je vhodn\u00fd jak pro za\u010d\u00e1te\u010dn\u00edky, tak pro zku\u0161en\u00e9 vapery, stejn\u011b jako pro velkoobchodn\u00edky hledaj\u00edc\u00ed vysoce \u017e\u00e1dan\u00e1 za\u0159\u00edzen\u00ed s velkou kapacitou.<\/p>\n<h1><img fetchpriority=\"high\" decoding=\"async\" class=\"alignnone size-large wp-image-3536\" style=\"font-size: 16px; font-style: inherit; font-weight: inherit;\" src=\"https:\/\/vapestornado.com\/wp-content\/uploads\/2024\/12\/Real-Pictures-of-Vapme-Spacex-22000-Puffs-Disposable-Vape-Authentic-Product-Gallery-1024x576.jpg\" alt=\"Skute\u010dn\u00e9 obr\u00e1zky Vapme Spacex 22000 pot\u00e1hnut\u00ed jednor\u00e1zov\u00e1 e-cigareta Galerie origin\u00e1ln\u00edch produkt\u016f\" width=\"1024\" height=\"576\" srcset=\"https:\/\/vapestornado.com\/wp-content\/uploads\/2024\/12\/Real-Pictures-of-Vapme-Spacex-22000-Puffs-Disposable-Vape-Authentic-Product-Gallery-1024x576.jpg 1024w, https:\/\/vapestornado.com\/wp-content\/uploads\/2024\/12\/Real-Pictures-of-Vapme-Spacex-22000-Puffs-Disposable-Vape-Authentic-Product-Gallery-300x169.jpg 300w, https:\/\/vapestornado.com\/wp-content\/uploads\/2024\/12\/Real-Pictures-of-Vapme-Spacex-22000-Puffs-Disposable-Vape-Authentic-Product-Gallery-768x432.jpg 768w, https:\/\/vapestornado.com\/wp-content\/uploads\/2024\/12\/Real-Pictures-of-Vapme-Spacex-22000-Puffs-Disposable-Vape-Authentic-Product-Gallery-1536x864.jpg 1536w, https:\/\/vapestornado.com\/wp-content\/uploads\/2024\/12\/Real-Pictures-of-Vapme-Spacex-22000-Puffs-Disposable-Vape-Authentic-Product-Gallery-2048x1152.jpg 2048w, https:\/\/vapestornado.com\/wp-content\/uploads\/2024\/12\/Real-Pictures-of-Vapme-Spacex-22000-Puffs-Disposable-Vape-Authentic-Product-Gallery-600x338.jpg 600w\" sizes=\"(max-width: 1024px) 100vw, 1024px\" \/><\/h1>\n<h3>Vlastnosti produktu<\/h3>\n<ol>\n<li><strong>Kapacita 22 000 pot\u00e1hnut\u00ed<\/strong> pro dlouhotrvaj\u00edc\u00ed vapov\u00e1n\u00ed bez \u010dast\u00fdch v\u00fdm\u011bn.<\/li>\n<li><strong>Du\u00e1ln\u00ed Mesh spir\u00e1lka<\/strong> zaji\u0161\u0165uje plynulou produkci p\u00e1ry a vylep\u0161enou chu\u0165.<\/li>\n<li><strong>Dob\u00edjec\u00ed baterie 850mAh<\/strong> s portem Type-C pro rychl\u00e9 a efektivn\u00ed nab\u00edjen\u00ed.<\/li>\n<li><strong>Nastaviteln\u00fd syst\u00e9m proud\u011bn\u00ed vzduchu<\/strong> umo\u017e\u0148uje p\u0159izp\u016fsobit si preference vdechov\u00e1n\u00ed.<\/li>\n<li><strong>LED displej<\/strong> sleduje pot\u00e1hnut\u00ed a \u017eivotnost baterie pro pohodl\u00ed u\u017eivatele<\/li>\n<\/ol>\n<p><img decoding=\"async\" class=\"alignnone size-large wp-image-3535\" src=\"https:\/\/vapestornado.com\/wp-content\/uploads\/2024\/12\/Bulk-Buy-Vapme-Spacex-22000-Puffs-Save-Big-on-Large-Quantities-1024x576.jpg\" alt=\"Velkoobchodn\u00ed n\u00e1kup Vapme Spacex 22000 pot\u00e1hnut\u00ed U\u0161et\u0159ete hodn\u011b na velk\u00fdch mno\u017estv\u00edch\" width=\"1024\" height=\"576\" srcset=\"https:\/\/vapestornado.com\/wp-content\/uploads\/2024\/12\/Bulk-Buy-Vapme-Spacex-22000-Puffs-Save-Big-on-Large-Quantities-1024x576.jpg 1024w, https:\/\/vapestornado.com\/wp-content\/uploads\/2024\/12\/Bulk-Buy-Vapme-Spacex-22000-Puffs-Save-Big-on-Large-Quantities-300x169.jpg 300w, https:\/\/vapestornado.com\/wp-content\/uploads\/2024\/12\/Bulk-Buy-Vapme-Spacex-22000-Puffs-Save-Big-on-Large-Quantities-768x432.jpg 768w, https:\/\/vapestornado.com\/wp-content\/uploads\/2024\/12\/Bulk-Buy-Vapme-Spacex-22000-Puffs-Save-Big-on-Large-Quantities-1536x864.jpg 1536w, https:\/\/vapestornado.com\/wp-content\/uploads\/2024\/12\/Bulk-Buy-Vapme-Spacex-22000-Puffs-Save-Big-on-Large-Quantities-2048x1152.jpg 2048w, https:\/\/vapestornado.com\/wp-content\/uploads\/2024\/12\/Bulk-Buy-Vapme-Spacex-22000-Puffs-Save-Big-on-Large-Quantities-600x338.jpg 600w\" sizes=\"(max-width: 1024px) 100vw, 1024px\" \/><\/p>\n<p><img decoding=\"async\" class=\"size-large wp-image-3541\" src=\"https:\/\/vapestornado.com\/wp-content\/uploads\/2024\/12\/Vapme-Spacex-22000-Puffs-Disposable-Vape-Review-Honest-Feedback-and-Real-Insights-1024x576.jpg\" alt=\"Recenze Vapme Spacex 22000 pot\u00e1hnut\u00ed jednor\u00e1zov\u00e1 e-cigareta Up\u0159\u00edmn\u00e1 zp\u011btn\u00e1 vazba a skute\u010dn\u00e9 poznatky\" width=\"1024\" height=\"576\" srcset=\"https:\/\/vapestornado.com\/wp-content\/uploads\/2024\/12\/Vapme-Spacex-22000-Puffs-Disposable-Vape-Review-Honest-Feedback-and-Real-Insights-1024x576.jpg 1024w, https:\/\/vapestornado.com\/wp-content\/uploads\/2024\/12\/Vapme-Spacex-22000-Puffs-Disposable-Vape-Review-Honest-Feedback-and-Real-Insights-300x169.jpg 300w, https:\/\/vapestornado.com\/wp-content\/uploads\/2024\/12\/Vapme-Spacex-22000-Puffs-Disposable-Vape-Review-Honest-Feedback-and-Real-Insights-768x432.jpg 768w, https:\/\/vapestornado.com\/wp-content\/uploads\/2024\/12\/Vapme-Spacex-22000-Puffs-Disposable-Vape-Review-Honest-Feedback-and-Real-Insights-1536x864.jpg 1536w, https:\/\/vapestornado.com\/wp-content\/uploads\/2024\/12\/Vapme-Spacex-22000-Puffs-Disposable-Vape-Review-Honest-Feedback-and-Real-Insights-2048x1152.jpg 2048w, https:\/\/vapestornado.com\/wp-content\/uploads\/2024\/12\/Vapme-Spacex-22000-Puffs-Disposable-Vape-Review-Honest-Feedback-and-Real-Insights-600x338.jpg 600w\" sizes=\"(max-width: 1024px) 100vw, 1024px\" \/><\/p>\n<p><img loading=\"lazy\" decoding=\"async\" class=\"size-large wp-image-3542\" src=\"https:\/\/vapestornado.com\/wp-content\/uploads\/2024\/12\/Vapme-Spacex-22000-Puffs-Flavor-List-Explore-16-Unique-and-Delicious-Flavors-1024x576.jpg\" alt=\"Seznam p\u0159\u00edchut\u00ed Vapme Spacex 22000 pot\u00e1hnut\u00ed Prozkoumejte 16 jedine\u010dn\u00fdch a lahodn\u00fdch p\u0159\u00edchut\u00ed\" width=\"1024\" height=\"576\" srcset=\"https:\/\/vapestornado.com\/wp-content\/uploads\/2024\/12\/Vapme-Spacex-22000-Puffs-Flavor-List-Explore-16-Unique-and-Delicious-Flavors-1024x576.jpg 1024w, https:\/\/vapestornado.com\/wp-content\/uploads\/2024\/12\/Vapme-Spacex-22000-Puffs-Flavor-List-Explore-16-Unique-and-Delicious-Flavors-300x169.jpg 300w, https:\/\/vapestornado.com\/wp-content\/uploads\/2024\/12\/Vapme-Spacex-22000-Puffs-Flavor-List-Explore-16-Unique-and-Delicious-Flavors-768x432.jpg 768w, https:\/\/vapestornado.com\/wp-content\/uploads\/2024\/12\/Vapme-Spacex-22000-Puffs-Flavor-List-Explore-16-Unique-and-Delicious-Flavors-1536x864.jpg 1536w, https:\/\/vapestornado.com\/wp-content\/uploads\/2024\/12\/Vapme-Spacex-22000-Puffs-Flavor-List-Explore-16-Unique-and-Delicious-Flavors-2048x1152.jpg 2048w, https:\/\/vapestornado.com\/wp-content\/uploads\/2024\/12\/Vapme-Spacex-22000-Puffs-Flavor-List-Explore-16-Unique-and-Delicious-Flavors-600x338.jpg 600w\" sizes=\"(max-width: 1024px) 100vw, 1024px\" \/><\/p>\n<p><img loading=\"lazy\" decoding=\"async\" class=\"size-large wp-image-3543\" src=\"https:\/\/vapestornado.com\/wp-content\/uploads\/2024\/12\/Vapme-Spacex-22000-Puffs-Price-Comparison-Affordable-Premium-Disposable-Vape-1024x576.jpg\" alt=\"Srovn\u00e1n\u00ed cen Vapme Spacex 22000 pot\u00e1hnut\u00ed Cenov\u011b dostupn\u00e1 pr\u00e9miov\u00e1 jednor\u00e1zov\u00e1 e-cigareta\" width=\"1024\" height=\"576\" srcset=\"https:\/\/vapestornado.com\/wp-content\/uploads\/2024\/12\/Vapme-Spacex-22000-Puffs-Price-Comparison-Affordable-Premium-Disposable-Vape-1024x576.jpg 1024w, https:\/\/vapestornado.com\/wp-content\/uploads\/2024\/12\/Vapme-Spacex-22000-Puffs-Price-Comparison-Affordable-Premium-Disposable-Vape-300x169.jpg 300w, https:\/\/vapestornado.com\/wp-content\/uploads\/2024\/12\/Vapme-Spacex-22000-Puffs-Price-Comparison-Affordable-Premium-Disposable-Vape-768x432.jpg 768w, https:\/\/vapestornado.com\/wp-content\/uploads\/2024\/12\/Vapme-Spacex-22000-Puffs-Price-Comparison-Affordable-Premium-Disposable-Vape-1536x864.jpg 1536w, https:\/\/vapestornado.com\/wp-content\/uploads\/2024\/12\/Vapme-Spacex-22000-Puffs-Price-Comparison-Affordable-Premium-Disposable-Vape-2048x1152.jpg 2048w, https:\/\/vapestornado.com\/wp-content\/uploads\/2024\/12\/Vapme-Spacex-22000-Puffs-Price-Comparison-Affordable-Premium-Disposable-Vape-600x338.jpg 600w\" sizes=\"(max-width: 1024px) 100vw, 1024px\" \/><\/p>\n<p><img loading=\"lazy\" decoding=\"async\" class=\"size-large wp-image-3544\" src=\"https:\/\/vapestornado.com\/wp-content\/uploads\/2024\/12\/Wholesale-Vapme-Spacex-22000-Puffs-Best-Bulk-Deals-for-Retailers-1024x576.jpg\" alt=\"Velkoobchod Vapme Spacex 22000 pot\u00e1hnut\u00ed Nejlep\u0161\u00ed velkoobchodn\u00ed nab\u00eddky pro maloobchodn\u00edky\" width=\"1024\" height=\"576\" srcset=\"https:\/\/vapestornado.com\/wp-content\/uploads\/2024\/12\/Wholesale-Vapme-Spacex-22000-Puffs-Best-Bulk-Deals-for-Retailers-1024x576.jpg 1024w, https:\/\/vapestornado.com\/wp-content\/uploads\/2024\/12\/Wholesale-Vapme-Spacex-22000-Puffs-Best-Bulk-Deals-for-Retailers-300x169.jpg 300w, https:\/\/vapestornado.com\/wp-content\/uploads\/2024\/12\/Wholesale-Vapme-Spacex-22000-Puffs-Best-Bulk-Deals-for-Retailers-768x432.jpg 768w, https:\/\/vapestornado.com\/wp-content\/uploads\/2024\/12\/Wholesale-Vapme-Spacex-22000-Puffs-Best-Bulk-Deals-for-Retailers-1536x864.jpg 1536w, https:\/\/vapestornado.com\/wp-content\/uploads\/2024\/12\/Wholesale-Vapme-Spacex-22000-Puffs-Best-Bulk-Deals-for-Retailers-2048x1152.jpg 2048w, https:\/\/vapestornado.com\/wp-content\/uploads\/2024\/12\/Wholesale-Vapme-Spacex-22000-Puffs-Best-Bulk-Deals-for-Retailers-600x338.jpg 600w\" sizes=\"(max-width: 1024px) 100vw, 1024px\" \/><\/p>\n<h3>Seznam p\u0159\u00edchut\u00ed<\/h3>\n<ol>\n<li>Jahoda Mango<\/li>\n<li>Mix lesn\u00edch plod\u016f<\/li>\n<li>Vodn\u00ed meloun s ledem<\/li>\n<li>Jahoda Vodn\u00ed meloun<\/li>\n<li>Jahodov\u00fd Red Bull<\/li>\n<li>Kiwi Marakuja Guava<\/li>\n<li>Hroznov\u00e9 v\u00edno s ledem<\/li>\n<li>Dvojit\u00e9 jablko s ledem<\/li>\n<li>Bor\u016fvka Malina<\/li>\n<li>Ledov\u00fd vodn\u00ed meloun s mangem<\/li>\n<li>Bor\u016fvkov\u00fd led<\/li>\n<li>Broskev bobule<\/li>\n<li>Jahoda a kiwi<\/li>\n<li>T\u0159e\u0161\u0148ov\u00e1 Led<\/li>\n<li>Jahodov\u00e1 supert\u0159e\u0161e\u0148<\/li>\n<li>Melounov\u00e9 \u017ev\u00fdka\u010dky<\/li>\n<\/ol>\n<h3>Vapme Spacex 22000 Puffs Top 10 p\u0159\u00edchut\u00ed<\/h3>\n<ol>\n<li style=\"list-style-type: none;\">\n<ol>\n<li><strong>Jahoda Mango<\/strong>: Tropick\u00e1 sm\u011bs zral\u00e9ho manga a \u010derstv\u00fdch jahod.<\/li>\n<li><strong>Mix lesn\u00edch plod\u016f<\/strong>: \u0160\u0165avnat\u00e1 sm\u011bs bor\u016fvek, ostru\u017ein a malin.<\/li>\n<li><strong>Vodn\u00ed meloun s ledem<\/strong>: Sladk\u00fd vodn\u00ed meloun s osv\u011b\u017euj\u00edc\u00edm ledov\u00fdm n\u00e1dechem.<\/li>\n<li><strong>Jahoda Vodn\u00ed meloun<\/strong>: Spojen\u00ed \u0161\u0165avnat\u00fdch jahod a chladiv\u00e9ho vodn\u00edho melounu.<\/li>\n<li><strong>Jahodov\u00fd Red Bull<\/strong>: V\u00fdrazn\u00e1 jahodov\u00e1 p\u0159\u00edchu\u0165 s p\u0159\u00edchut\u00ed energetick\u00e9ho n\u00e1poje.<\/li>\n<li><strong>Kiwi Marakuja Guava<\/strong>: Exotick\u00e9 kiwi, marakuja a guava pro tropick\u00fd \u00fanik.<\/li>\n<li><strong>Hroznov\u00e9 v\u00edno s ledem<\/strong>: Sv\u011b\u017e\u00ed a \u0161\u0165avnat\u00e9 hrozny s chladiv\u00fdm mentolov\u00fdm z\u00e1v\u011brem.<\/li>\n<li><strong>Dvojit\u00e9 jablko s ledem<\/strong>: Sladk\u00e1 \u010derven\u00e1 a zelen\u00e1 jablka s mraziv\u00fdm pocitem.<\/li>\n<li><strong>Bor\u016fvka Malina<\/strong>: Kysel\u00e9 maliny a sladk\u00e9 bor\u016fvky dokonale zkombinovan\u00e9.<\/li>\n<li><strong>Ledov\u00fd vodn\u00ed meloun s mangem<\/strong>: \u0160\u0165avnat\u00e9 mango a vodn\u00ed meloun s mraziv\u00fdm n\u00e1dechem.<\/li>\n<\/ol>\n<\/li>\n<\/ol>\n<h3><strong>Pro\u010d zvolit Vapme Spacex 22000 Puffs?<\/strong><\/h3>\n<p>Jednor\u00e1zov\u00e1 e-cigareta Vapme Spacex 22000 Puffs vynik\u00e1 svou pohodlnost\u00ed, spolehlivost\u00ed a v\u00fdjime\u010dnou chut\u00ed. Jej\u00ed obrovsk\u00e1 kapacita 22 000 pot\u00e1hnut\u00ed zaji\u0161\u0165uje dlouh\u00e9 pou\u017e\u00edv\u00e1n\u00ed a \u0161et\u0159\u00ed va\u0161e pen\u00edze za \u010dast\u00e9 v\u00fdm\u011bny. Technologie Dual Mesh Coil zlep\u0161uje produkci p\u00e1ry i chu\u0165, tak\u017ee ka\u017ed\u00e9 pot\u00e1hnut\u00ed je uspokojiv\u00e9. D\u00edky nastaviteln\u00e9mu syst\u00e9mu proud\u011bn\u00ed vzduchu si m\u016f\u017eete p\u0159izp\u016fsobit z\u00e1\u017eitek z vapov\u00e1n\u00ed sv\u00fdm preferenc\u00edm. Za\u0159\u00edzen\u00ed je dob\u00edjec\u00ed p\u0159es port Type-C, co\u017e zaji\u0161\u0165uje rychl\u00e9 a efektivn\u00ed dob\u00edjen\u00ed, zat\u00edmco LED displej v\u00e1s informuje o stavu baterie a po\u010dtu pot\u00e1hnut\u00ed. \u0160irok\u00e1 \u0161k\u00e1la p\u0159\u00edchut\u00ed uspokoj\u00ed r\u016fzn\u00e9 chut\u011b, co\u017e z n\u00ed d\u011bl\u00e1 v\u0161estrannou volbu pro v\u0161echny vapery.<\/p>\n<h3><strong>\u010casto kladen\u00e9 ot\u00e1zky<\/strong><\/h3>\n<ol>\n<li><strong>Jak dlouho vydr\u017e\u00ed Vapme Spacex 22000 Puffs?<\/strong><br \/>\nPoskytuje a\u017e 22 000 pot\u00e1hnut\u00ed, tak\u017ee je ide\u00e1ln\u00ed pro dlouhodob\u00e9 pou\u017eit\u00ed.<\/li>\n<li><strong>Je Vapme Spacex dob\u00edjec\u00ed?<\/strong><br \/>\nAno, m\u00e1 dob\u00edjec\u00ed baterii 850mAh s nab\u00edjen\u00edm p\u0159es Type-C.<\/li>\n<li><strong>Jak\u00e9 s\u00edly nikotinu jsou k dispozici?<\/strong><br \/>\nVyberte si z 2 % nebo 5 % nikotinu podle sv\u00fdch preferenc\u00ed.<\/li>\n<li><strong>M\u00e1 nastaviteln\u00fd proud vzduchu?<\/strong><br \/>\nAno, syst\u00e9m nastaviteln\u00e9ho proud\u011bn\u00ed vzduchu v\u00e1m umo\u017en\u00ed p\u0159izp\u016fsobit si z\u00e1\u017eitek z potahov\u00e1n\u00ed.<\/li>\n<li><strong>Jak zjist\u00edm stav baterie?<\/strong><br \/>\nVestav\u011bn\u00fd LED displej ukazuje stav baterie a po\u010det pot\u00e1hnut\u00ed v re\u00e1ln\u00e9m \u010dase.<\/li>\n<\/ol>\n<h4>Velkoobchod Vapme vape Kontaktujte n\u00e1s a z\u00edskejte slevu hned!<\/h4>\n<p><img loading=\"lazy\" decoding=\"async\" class=\"size-large wp-image-2921\" src=\"https:\/\/vapestornado.com\/wp-content\/uploads\/2024\/11\/20062b3a285f900e79520aad496b94d-887x1024.jpg\" alt=\"vapestornado Vicky\" width=\"887\" height=\"1024\" srcset=\"https:\/\/vapestornado.com\/wp-content\/uploads\/2024\/11\/20062b3a285f900e79520aad496b94d-887x1024.jpg 887w, https:\/\/vapestornado.com\/wp-content\/uploads\/2024\/11\/20062b3a285f900e79520aad496b94d-260x300.jpg 260w, https:\/\/vapestornado.com\/wp-content\/uploads\/2024\/11\/20062b3a285f900e79520aad496b94d-768x887.jpg 768w, https:\/\/vapestornado.com\/wp-content\/uploads\/2024\/11\/20062b3a285f900e79520aad496b94d-600x693.jpg 600w, https:\/\/vapestornado.com\/wp-content\/uploads\/2024\/11\/20062b3a285f900e79520aad496b94d.jpg 1080w\" sizes=\"(max-width: 887px) 100vw, 887px\" \/><\/p>","protected":false},"excerpt":{"rendered":"<p>Jednor\u00e1zov\u00fd vaporiz\u00e9r Vapme Spacex 22000 Puffs nab\u00edz\u00ed bezkonkuren\u010dn\u00ed v\u00fdkon s 22 000 pot\u00e1hnut\u00edmi, du\u00e1ln\u00ed mesh spir\u00e1lkou, nastaviteln\u00fdm proud\u011bn\u00edm vzduchu a dob\u00edjec\u00ed bateri\u00ed Type-C.<\/p>\n<p><strong><span style=\"color: #ff0000;\">(cena na na\u0161em webu nezahrnuje n\u00e1klady na dopravu, kontaktujte m\u011b, abyste z\u00edskali celkovou cenu a va\u0161i slevu!)<\/span><\/strong><\/p>\n<p><img loading=\"lazy\" decoding=\"async\" class=\"size-medium wp-image-2921\" src=\"https:\/\/vapestornado.com\/wp-content\/uploads\/2024\/11\/20062b3a285f900e79520aad496b94d-260x300.jpg\" alt=\"vapestornado Vicky\" width=\"260\" height=\"300\" srcset=\"https:\/\/vapestornado.com\/wp-content\/uploads\/2024\/11\/20062b3a285f900e79520aad496b94d-260x300.jpg 260w, https:\/\/vapestornado.com\/wp-content\/uploads\/2024\/11\/20062b3a285f900e79520aad496b94d-887x1024.jpg 887w, https:\/\/vapestornado.com\/wp-content\/uploads\/2024\/11\/20062b3a285f900e79520aad496b94d-768x887.jpg 768w, https:\/\/vapestornado.com\/wp-content\/uploads\/2024\/11\/20062b3a285f900e79520aad496b94d-600x693.jpg 600w, https:\/\/vapestornado.com\/wp-content\/uploads\/2024\/11\/20062b3a285f900e79520aad496b94d.jpg 1080w\" sizes=\"(max-width: 260px) 100vw, 260px\" \/><\/p>","protected":false},"featured_media":3534,"comment_status":"open","ping_status":"closed","template":"","meta":{"_acf_changed":false,"_uag_custom_page_level_css":"","_lmt_disableupdate":"no","_lmt_disable":"","_monsterinsights_skip_tracking":false,"_monsterinsights_sitenote_active":false,"_monsterinsights_sitenote_note":"","_monsterinsights_sitenote_category":0,"site-sidebar-layout":"default","site-content-layout":"","ast-site-content-layout":"default","site-content-style":"default","site-sidebar-style":"default","ast-global-header-display":"","ast-banner-title-visibility":"","ast-main-header-display":"","ast-hfb-above-header-display":"","ast-hfb-below-header-display":"","ast-hfb-mobile-header-display":"","site-post-title":"","ast-breadcrumbs-content":"","ast-featured-img":"","footer-sml-layout":"","ast-disable-related-posts":"","theme-transparent-header-meta":"default","adv-header-id-meta":"","stick-header-meta":"","header-above-stick-meta":"","header-main-stick-meta":"","header-below-stick-meta":"","astra-migrate-meta-layouts":"set","ast-page-background-enabled":"default","ast-page-background-meta":{"desktop":{"background-color":"","background-image":"","background-repeat":"repeat","background-position":"center center","background-size":"auto","background-attachment":"scroll","background-type":"","background-media":"","overlay-type":"","overlay-color":"","overlay-opacity":"","overlay-gradient":""},"tablet":{"background-color":"","background-image":"","background-repeat":"repeat","background-position":"center center","background-size":"auto","background-attachment":"scroll","background-type":"","background-media":"","overlay-type":"","overlay-color":"","overlay-opacity":"","overlay-gradient":""},"mobile":{"background-color":"","background-image":"","background-repeat":"repeat","background-position":"center center","background-size":"auto","background-attachment":"scroll","background-type":"","background-media":"","overlay-type":"","overlay-color":"","overlay-opacity":"","overlay-gradient":""}},"ast-content-background-meta":{"desktop":{"background-color":"var(--ast-global-color-5)","background-image":"","background-repeat":"repeat","background-position":"center center","background-size":"auto","background-attachment":"scroll","background-type":"","background-media":"","overlay-type":"","overlay-color":"","overlay-opacity":"","overlay-gradient":""},"tablet":{"background-color":"var(--ast-global-color-5)","background-image":"","background-repeat":"repeat","background-position":"center center","background-size":"auto","background-attachment":"scroll","background-type":"","background-media":"","overlay-type":"","overlay-color":"","overlay-opacity":"","overlay-gradient":""},"mobile":{"background-color":"var(--ast-global-color-5)","background-image":"","background-repeat":"repeat","background-position":"center center","background-size":"auto","background-attachment":"scroll","background-type":"","background-media":"","overlay-type":"","overlay-color":"","overlay-opacity":"","overlay-gradient":""}},"_joinchat":{"telephone":"+8618077105750"}},"product_brand":[],"product_cat":[149,152,153,157,142,146],"product_tag":[],"class_list":{"0":"post-3533","1":"product","2":"type-product","3":"status-publish","4":"has-post-thumbnail","6":"product_cat-buy-disposable-vapes-in-austria","7":"product_cat-buy-disposable-vapes-in-cermany","8":"product_cat-buy-disposable-vapes-in-italy","9":"product_cat-buy-disposable-vapes-in-portugal","10":"product_cat-digital-box-disposable-vapes","11":"product_cat-rechargeable-disposable-vapes","12":"desktop-align-left","13":"tablet-align-left","14":"mobile-align-left","16":"first","17":"instock","18":"sale","19":"shipping-taxable","20":"purchasable","21":"product-type-simple"},"acf":[],"uagb_featured_image_src":{"full":["https:\/\/vapestornado.com\/wp-content\/uploads\/2024\/12\/Affordable-VAPME-Disposable-Vape-SPACEX-22k.jpg",900,1125,false],"thumbnail":["https:\/\/vapestornado.com\/wp-content\/uploads\/2024\/12\/Affordable-VAPME-Disposable-Vape-SPACEX-22k-150x150.jpg",150,150,true],"medium":["https:\/\/vapestornado.com\/wp-content\/uploads\/2024\/12\/Affordable-VAPME-Disposable-Vape-SPACEX-22k-240x300.jpg",240,300,true],"medium_large":["https:\/\/vapestornado.com\/wp-content\/uploads\/2024\/12\/Affordable-VAPME-Disposable-Vape-SPACEX-22k-768x960.jpg",768,960,true],"large":["https:\/\/vapestornado.com\/wp-content\/uploads\/2024\/12\/Affordable-VAPME-Disposable-Vape-SPACEX-22k-819x1024.jpg",819,1024,true],"1536x1536":["https:\/\/vapestornado.com\/wp-content\/uploads\/2024\/12\/Affordable-VAPME-Disposable-Vape-SPACEX-22k.jpg",900,1125,false],"2048x2048":["https:\/\/vapestornado.com\/wp-content\/uploads\/2024\/12\/Affordable-VAPME-Disposable-Vape-SPACEX-22k.jpg",900,1125,false],"trp-custom-language-flag":["https:\/\/vapestornado.com\/wp-content\/uploads\/2024\/12\/Affordable-VAPME-Disposable-Vape-SPACEX-22k.jpg",10,12,false],"woocommerce_thumbnail":["https:\/\/vapestornado.com\/wp-content\/uploads\/2024\/12\/Affordable-VAPME-Disposable-Vape-SPACEX-22k-300x300.jpg",300,300,true],"woocommerce_single":["https:\/\/vapestornado.com\/wp-content\/uploads\/2024\/12\/Affordable-VAPME-Disposable-Vape-SPACEX-22k-600x750.jpg",600,750,true],"woocommerce_gallery_thumbnail":["https:\/\/vapestornado.com\/wp-content\/uploads\/2024\/12\/Affordable-VAPME-Disposable-Vape-SPACEX-22k-100x100.jpg",100,100,true]},"uagb_author_info":{"display_name":"ESvicky","author_link":"https:\/\/vapestornado.com\/cs\/author\/"},"uagb_comment_info":0,"uagb_excerpt":"Vapme Spacex 22000 Puffs Disposable Vape offers unmatched performance with 22,000 puffs, Dual Mesh Coil, adjustable airflow, and rechargeable Type-C battery. (our website price not include shipping cost, please contact me to get whole price and your disccount!)","_links":{"self":[{"href":"https:\/\/vapestornado.com\/cs\/wp-json\/wp\/v2\/product\/3533","targetHints":{"allow":["GET"]}}],"collection":[{"href":"https:\/\/vapestornado.com\/cs\/wp-json\/wp\/v2\/product"}],"about":[{"href":"https:\/\/vapestornado.com\/cs\/wp-json\/wp\/v2\/types\/product"}],"replies":[{"embeddable":true,"href":"https:\/\/vapestornado.com\/cs\/wp-json\/wp\/v2\/comments?post=3533"}],"wp:featuredmedia":[{"embeddable":true,"href":"https:\/\/vapestornado.com\/cs\/wp-json\/wp\/v2\/media\/3534"}],"wp:attachment":[{"href":"https:\/\/vapestornado.com\/cs\/wp-json\/wp\/v2\/media?parent=3533"}],"wp:term":[{"taxonomy":"product_brand","embeddable":true,"href":"https:\/\/vapestornado.com\/cs\/wp-json\/wp\/v2\/product_brand?post=3533"},{"taxonomy":"product_cat","embeddable":true,"href":"https:\/\/vapestornado.com\/cs\/wp-json\/wp\/v2\/product_cat?post=3533"},{"taxonomy":"product_tag","embeddable":true,"href":"https:\/\/vapestornado.com\/cs\/wp-json\/wp\/v2\/product_tag?post=3533"}],"curies":[{"name":"wp","href":"https:\/\/api.w.org\/{rel}","templated":true}]}}