{"id":3515,"date":"2024-12-28T08:19:21","date_gmt":"2024-12-28T08:19:21","guid":{"rendered":"https:\/\/vapestornado.com\/?post_type=product&#038;p=3515"},"modified":"2025-08-23T12:19:13","modified_gmt":"2025-08-23T12:19:13","slug":"uwin-shisha-hookah-crystal-20000-puffs-new-vape-bulk-price","status":"publish","type":"product","link":"https:\/\/vapestornado.com\/cs\/product\/uwin-shisha-hookah-crystal-20000-puffs-new-vape-bulk-price\/","title":{"rendered":"Uwin SHISHA HOOKAH K\u0159i\u0161\u0165\u00e1l 20000 \u0160luk\u016f nov\u00e1 vape hromadn\u00e1 cena"},"content":{"rendered":"<h1>Uwin SHISHA HOOKAH K\u0159i\u0161\u0165\u00e1l 20000 \u0160luk\u016f nov\u00e1 vape hromadn\u00e1 cena<\/h1>\n<p>Ten <strong data-start=\"291\" data-end=\"333\">Uwin Shisha Hookah Crystal 20000 pot\u00e1hnut\u00ed<\/strong> je pr\u00e9miov\u00e1 jednor\u00e1zov\u00e1 vapka ur\u010den\u00e1 pro maloobchodn\u00edky a distributory, kte\u0159\u00ed hledaj\u00ed <strong data-start=\"415\" data-end=\"438\">\u0159e\u0161en\u00ed pro hromadn\u00fd prodej vape<\/strong> se silnou popt\u00e1vkou v cel\u00e9 Evrop\u011b. Ka\u017ed\u00e9 za\u0159\u00edzen\u00ed poskytuje a\u017e <strong data-start=\"500\" data-end=\"523\">20 000 hladk\u00fdch pot\u00e1hnut\u00ed<\/strong>, p\u0159edem napln\u011bno <strong data-start=\"541\" data-end=\"561\">25ml e-liquidu<\/strong> a poh\u00e1n\u011bno <strong data-start=\"580\" data-end=\"618\">850mAh dob\u00edjec\u00ed kobaltov\u00e1 baterie<\/strong> s rychl\u00fdm <strong data-start=\"629\" data-end=\"648\">Nab\u00edjen\u00ed typu C<\/strong>.<\/p>\n<p>Dostupn\u00e9 v <strong data-start=\"672\" data-end=\"713\">0%, 2%, 3% a 5%<\/strong>, nab\u00edz\u00ed flexibilitu pro ka\u017ed\u00fd typ z\u00e1kazn\u00edka. The <strong data-start=\"769\" data-end=\"793\">technologie mesh spir\u00e1lky<\/strong> zaji\u0161\u0165uje bohatou chu\u0165 a hust\u00e9 mraky, zat\u00edmco <strong data-start=\"842\" data-end=\"867\">k\u0159i\u0161\u0165\u00e1lov\u00fd design shisha<\/strong> dod\u00e1v\u00e1 modern\u00ed a stylov\u00fd vzhled.<\/p>\n<p>S <strong data-start=\"913\" data-end=\"940\">12 nejprod\u00e1van\u011bj\u0161\u00edch p\u0159\u00edchut\u00ed<\/strong> a praktick\u00e9 velkoobchodn\u00ed balen\u00ed (<strong data-start=\"976\" data-end=\"1019\">10 ks\/krabice, 200 ks\/karton, 20,3 kg\/karton<\/strong>), Uwin Crystal 20K je ur\u010den jak pro <strong data-start=\"1061\" data-end=\"1109\">maloobchodn\u00ed reg\u00e1ly, tak pro velk\u00e9 distribu\u010dn\u00ed objedn\u00e1vky<\/strong>. Kompaktn\u00ed, ale v\u00fdkonn\u00fd, kombinuje <strong data-start=\"1145\" data-end=\"1192\">spolehlivost, v\u00fdkon a cenovou dostupnost<\/strong>, co\u017e z n\u011bj \u010din\u00ed jednu z nejkonkurenceschopn\u011bj\u0161\u00edch velkoobchodn\u00edch vape v kategorii 20 000 pot\u00e1hnut\u00ed.<img fetchpriority=\"high\" decoding=\"async\" class=\"wp-image-3531\" style=\"font-style: inherit; font-weight: 600;\" src=\"https:\/\/vapestornado.com\/wp-content\/uploads\/2024\/12\/UWIN-VAPES-HOOKAH-Crystal-20000-Puffs-Grape-ice.jpg\" alt=\"UWIN VAPES HOOKAH Krystal 20000 Puf\u016f Hroznov\u00e9 ledov\u00e9\" width=\"473\" height=\"473\" srcset=\"https:\/\/vapestornado.com\/wp-content\/uploads\/2024\/12\/UWIN-VAPES-HOOKAH-Crystal-20000-Puffs-Grape-ice.jpg 800w, https:\/\/vapestornado.com\/wp-content\/uploads\/2024\/12\/UWIN-VAPES-HOOKAH-Crystal-20000-Puffs-Grape-ice-300x300.jpg 300w, https:\/\/vapestornado.com\/wp-content\/uploads\/2024\/12\/UWIN-VAPES-HOOKAH-Crystal-20000-Puffs-Grape-ice-150x150.jpg 150w, https:\/\/vapestornado.com\/wp-content\/uploads\/2024\/12\/UWIN-VAPES-HOOKAH-Crystal-20000-Puffs-Grape-ice-768x768.jpg 768w, https:\/\/vapestornado.com\/wp-content\/uploads\/2024\/12\/UWIN-VAPES-HOOKAH-Crystal-20000-Puffs-Grape-ice-600x600.jpg 600w, https:\/\/vapestornado.com\/wp-content\/uploads\/2024\/12\/UWIN-VAPES-HOOKAH-Crystal-20000-Puffs-Grape-ice-100x100.jpg 100w\" sizes=\"(max-width: 473px) 100vw, 473px\" \/><\/p>\n<div role=\"article\" data-tabster=\"{&quot;groupper&quot;:{&quot;tabbability&quot;:2},&quot;focusable&quot;:{}}\" data-content=\"ai-message\" aria-labelledby=\"64JRvXrTnY7mRmPkEQLLT-author 64JRvXrTnY7mRmPkEQLLT-content\">\n<div id=\"64JRvXrTnY7mRmPkEQLLT-content\">UWIN VAPES HOOKAH Krystal 20000 Puf\u016f Hroznov\u00e9 ledov\u00e9<\/div>\n<\/div>\n<p><img decoding=\"async\" class=\"alignleft wp-image-2951 size-medium\" src=\"https:\/\/vapestornado.com\/wp-content\/uploads\/2024\/12\/Wholesale-Disposable-Vape-265x300.jpg\" alt=\"Velkoobchodn\u00ed jednor\u00e1zov\u00e9 Vape\" width=\"265\" height=\"300\" srcset=\"https:\/\/vapestornado.com\/wp-content\/uploads\/2024\/12\/Wholesale-Disposable-Vape-265x300.jpg 265w, https:\/\/vapestornado.com\/wp-content\/uploads\/2024\/12\/Wholesale-Disposable-Vape-768x871.jpg 768w, https:\/\/vapestornado.com\/wp-content\/uploads\/2024\/12\/Wholesale-Disposable-Vape-600x680.jpg 600w, https:\/\/vapestornado.com\/wp-content\/uploads\/2024\/12\/Wholesale-Disposable-Vape.jpg 823w\" sizes=\"(max-width: 265px) 100vw, 265px\" \/><\/p>\n<h6>Pro slevovou cenu kontaktujte Mandy na WhatsApp:<a href=\"https:\/\/wa.me\/8618077105796\" target=\"_blank\" rel=\"noopener\">+8618077105796<\/a><\/h6>\n<div class=\"flex max-w-full flex-col flex-grow\">\n<div class=\"min-h-8 text-message flex w-full flex-col items-end gap-2 whitespace-normal break-words text-start [.text-message+&amp;]:mt-5\" dir=\"auto\" data-message-author-role=\"assistant\" data-message-id=\"cdb991c0-f594-4bff-b2d5-fbbdd7ce9e54\" data-message-model-slug=\"gpt-4o-mini\">\n<div class=\"flex w-full flex-col gap-1 empty:hidden first:pt-[3px]\">\n<div class=\"markdown prose w-full break-words dark:prose-invert light\"><\/div>\n<\/div>\n<\/div>\n<\/div>\n<div class=\"mb-2 flex gap-3 empty:hidden -ml-2\">\n<h2><strong>Uwin SHISHA VAPE Crystal 20000 potah\u016f <\/strong>Vynikaj\u00edc\u00ed vlastnosti:<\/h2>\n<ul>\n<li><strong>\u00darovn\u011b nikotinu<\/strong>: 0%, 2%, 3%, 5%<\/li>\n<li><strong>Pot\u00e1hnut\u00ed<\/strong>: A\u017e 20 000<\/li>\n<li><strong>E-Liquid<\/strong>: Kapacita 25 ml<\/li>\n<li><strong>Baterie<\/strong>: Dob\u00edjec\u00ed 850mAh, port Type-C<\/li>\n<li><strong>Spir\u00e1la<\/strong>: S\u00ed\u0165ovan\u00e1 spir\u00e1lka pro bohatou chu\u0165<\/li>\n<li><strong>P\u0159\u00edchut\u011b<\/strong>: 12 mo\u017enost\u00ed<\/li>\n<li><strong>Balen\u00ed<\/strong>: 10 ks\/krabice, 200 ks\/karton<\/li>\n<li><strong>Specifikace kartonu<\/strong>: 20,3 kg, 39,5 \u00d7 39 \u00d7 30,5 cm<\/li>\n<li><strong>Styl vapov\u00e1n\u00ed<\/strong>: P\u0159\u00edmo do plic (DTL)<\/li>\n<\/ul>\n<\/div>\n<h2><strong>Uwin SHISHA HOOKAH Crystal VAPES 20k potah\u016f<\/strong> Seznam p\u0159\u00edchut\u00ed:<\/h2>\n<p>1. Bor\u016fvka s ledem<br \/>\n2. Kiwi, marakuja, guava<br \/>\n3. Jahoda, kiwi<br \/>\n4. Sm\u011bs bobul\u00ed<br \/>\n5. Jahoda, meloun<br \/>\n6. Hroznov\u00e9 v\u00edno, led<br \/>\n7. Meloun s ledem<br \/>\n8. T\u0159e\u0161n\u011b, led<br \/>\n9.Jahoda led<br \/>\n10.Broskvov\u00e1 ledov\u00e1<br \/>\n11.Bor\u016fvka malina<br \/>\n12. L\u00e1ska 66<\/p>\n<div role=\"article\" data-tabster=\"{&quot;groupper&quot;:{&quot;tabbability&quot;:2},&quot;focusable&quot;:{}}\" data-content=\"ai-message\" aria-labelledby=\"dARUyEWDoEYhnSPXFwx5A-author dARUyEWDoEYhnSPXFwx5A-content\">\n<div id=\"dARUyEWDoEYhnSPXFwx5A-content\">\n<h2>Pro\u010d zvolit <strong>Uwin SHISHA HOOKAH Crystal 20000 pot\u00e1hnut\u00ed <\/strong>at <a href=\"https:\/\/vapestornado.com\/cs\/product\/bang-box-35k-puffs-high-capacity-long-lasting-disposable-vape\/\">vapestornado.com?<\/a><\/h2>\n<p>Pokud hled\u00e1te pr\u00e9miov\u00e9 jednor\u00e1zov\u00e9 vapy za konkurenceschopn\u00e9 ceny, vapestornado.com je v\u00e1\u0161 d\u016fv\u011bryhodn\u00fd zdroj pro <strong>Uwin Shisha Crystal 20000 pot\u00e1hnut\u00ed<\/strong>. Zde je d\u016fvod, pro\u010d tento produkt a platforma vynikaj\u00ed:<\/p>\n<ul>\n<li><strong>V\u00fdjime\u010dn\u00e1 dlouhov\u011bkost<\/strong><br \/>\nUwin Shisha Hookah Crystal poskytuje a\u017e <strong>20 000 pot\u00e1hnut\u00ed<\/strong>, co\u017e z n\u011bj \u010din\u00ed jeden z nejd\u00e9le trvaj\u00edc\u00edch jednor\u00e1zov\u00fdch vap\u016f na trhu. Ide\u00e1ln\u00ed pro v\u00e1\u0161niv\u00e9 vapery a ty, kte\u0159\u00ed hledaj\u00ed prodlou\u017een\u00e9 pou\u017e\u00edv\u00e1n\u00ed.<\/li>\n<li><strong>R\u016fzn\u00e9 mo\u017enosti nikotinu<\/strong><br \/>\nTento vape, kter\u00fd uspokoj\u00ed v\u0161echny preference, je k dispozici v <strong>0%, 2%, 3% a 5%<\/strong>, co\u017e ho \u010din\u00ed ide\u00e1ln\u00edm pro p\u0159\u00edle\u017eitostn\u00e9 i pravideln\u00e9 u\u017eivatele.<\/li>\n<li><strong>Rozmanitost p\u0159\u00edchut\u00ed<\/strong><br \/>\nVyberte si z <strong>12 pr\u00e9miov\u00fdch p\u0159\u00edchut\u00ed<\/strong>, pe\u010dliv\u011b vytvo\u0159en\u00e9, aby uspokojily \u0161irokou \u0161k\u00e1lu chut\u00ed, od ovocn\u00fdch obl\u00edben\u00fdch a\u017e po chladiv\u00e9 mentolov\u00e9 sm\u011bsi.<\/li>\n<li><strong>Pokro\u010dil\u00e1 technologie<\/strong><br \/>\nVybaveno <strong>mesh spir\u00e1lka<\/strong> a <strong>850mAh dob\u00edjec\u00ed kobaltov\u00e1 baterie<\/strong>, za\u0159\u00edzen\u00ed nab\u00edz\u00ed hladkou p\u00e1ru, bohatou chu\u0165 a rychl\u00e9, pohodln\u00e9 nab\u00edjen\u00ed p\u0159es <strong>portem typu C<\/strong>.<\/li>\n<li><strong>Velkoobchodn\u00ed pohodl\u00ed<\/strong><br \/>\nNa vapestornado.com si u\u017eijte mo\u017enosti hromadn\u00e9ho balen\u00ed s <strong>10 kusy v krabici<\/strong> a <strong>200 kus\u016f v kartonu<\/strong>, ide\u00e1ln\u00ed pro maloobchodn\u00edky a distributory.<\/li>\n<li><strong>Ov\u011b\u0159en\u00fd dodavatel<\/strong><br \/>\nvapestornado.com je zn\u00e1m\u00fd sv\u00fdmi spolehliv\u00fdmi slu\u017ebami, origin\u00e1ln\u00edmi produkty a konkurenceschopn\u00fdmi cenami, co\u017e z n\u011bj d\u011bl\u00e1 platformu pro vysoce kvalitn\u00ed vapes.<\/li>\n<\/ul>\n<\/div>\n<\/div>\n<h2>\u010casto kladen\u00e9 dotazy o <strong>Uwin SHISHA HOOKAH Crystal 20000 pot\u00e1hnut\u00ed <\/strong>Vape podech<\/h2>\n<p>&nbsp;<\/p>\n<p><strong>1. Kolik potah\u016f mohu z\u00edskat z Uwin Shisha Hookah Vapes 20k potah\u016f?<\/strong><br \/>\nKa\u017ed\u00fd pod nab\u00edz\u00ed a\u017e <strong>20 000 pot\u00e1hnut\u00ed<\/strong>, co\u017e z n\u011bj \u010din\u00ed dlouhotrvaj\u00edc\u00ed mo\u017enost pro pravideln\u00e9 vapov\u00e1n\u00ed.<\/p>\n<p><strong>2. Jak\u00e9 s\u00edly nikotinu jsou k dispozici pro Uwin Crystal 20000 Puffs?<\/strong><br \/>\nUwin Shisha Hookah Crystal je k dispozici v <strong>0%, 2%, 3% a 5% nikotinu<\/strong> aby vyhovovalo r\u016fzn\u00fdm preferenc\u00edm.<\/p>\n<p><strong>3. Kolik e-liquidu obsahuje Uwin Crystal Vapes 20k Puffs?<\/strong><br \/>\nKa\u017ed\u00fd pod je p\u0159edpln\u011bn s <strong>25 ml pr\u00e9miov\u00e9ho e-liquidu<\/strong> pro del\u0161\u00ed pou\u017e\u00edv\u00e1n\u00ed.<\/p>\n<p><strong>4. Jak dlouho trv\u00e1 doru\u010den\u00ed Uwin Shisha Hookah Crystal 20000 Puffs Vape Pods do m\u00e9 zem\u011b?<\/strong><br \/>\nDodac\u00ed lh\u016fty se li\u0161\u00ed v z\u00e1vislosti na va\u0161\u00ed poloze a zvolen\u00e9m zp\u016fsobu dopravy. Pro evropsk\u00e9 zem\u011b standardn\u00ed doprava obvykle trv\u00e1 10<strong>\u201315 pracovn\u00edch dn\u016f.<\/strong> Pokud jsou sv\u00e1tky, doba doru\u010den\u00ed z\u00e1silky bude zpo\u017ed\u011bna.<\/p>\n<p><strong>5. Jak mohu sledovat svou objedn\u00e1vku?<\/strong><br \/>\nJakmile bude va\u0161e objedn\u00e1vka odesl\u00e1na, obdr\u017e\u00edte od dodavatele nebo prodejce sledovac\u00ed \u010d\u00edslo. Pou\u017eijte jej ke sledov\u00e1n\u00ed pr\u016fb\u011bhu doru\u010den\u00ed.<\/p>","protected":false},"excerpt":{"rendered":"<p>Uwin Shisha Hookah Crystal 20000 Puffs Vape, velkoobchodn\u00ed ceny, pr\u00e9miov\u00e9 p\u0159\u00edchut\u011b, dob\u00edjec\u00ed, 2% nebo 5% nikotinu, ekologick\u00e9. Ide\u00e1ln\u00ed pro velkoobchodn\u00edky v Evrop\u011b.<\/p>\n<figure id=\"attachment_2951\" aria-describedby=\"caption-attachment-2951\" style=\"width: 265px\" class=\"wp-caption alignnone\"><img decoding=\"async\" class=\"size-medium wp-image-2951\" src=\"https:\/\/vapestornado.com\/wp-content\/uploads\/2024\/12\/Wholesale-Disposable-Vape-265x300.jpg\" alt=\"Velkoobchodn\u00ed jednor\u00e1zov\u00e9 Vape\" width=\"265\" height=\"300\" srcset=\"https:\/\/vapestornado.com\/wp-content\/uploads\/2024\/12\/Wholesale-Disposable-Vape-265x300.jpg 265w, https:\/\/vapestornado.com\/wp-content\/uploads\/2024\/12\/Wholesale-Disposable-Vape-768x871.jpg 768w, https:\/\/vapestornado.com\/wp-content\/uploads\/2024\/12\/Wholesale-Disposable-Vape-600x680.jpg 600w, https:\/\/vapestornado.com\/wp-content\/uploads\/2024\/12\/Wholesale-Disposable-Vape.jpg 823w\" sizes=\"(max-width: 265px) 100vw, 265px\" \/><figcaption id=\"caption-attachment-2951\" class=\"wp-caption-text\">Pro slevovou cenu kontaktujte Mandy na WhatsApp\u00a0 <a href=\"https:\/\/wa.me\/8618077105796\">+8618077105796<\/a><\/figcaption><\/figure>\n<p>&nbsp;<\/p>","protected":false},"featured_media":3520,"comment_status":"open","ping_status":"closed","template":"","meta":{"_acf_changed":false,"_uag_custom_page_level_css":"","_lmt_disableupdate":"no","_lmt_disable":"","_monsterinsights_skip_tracking":false,"_monsterinsights_sitenote_active":false,"_monsterinsights_sitenote_note":"","_monsterinsights_sitenote_category":0,"site-sidebar-layout":"default","site-content-layout":"","ast-site-content-layout":"default","site-content-style":"default","site-sidebar-style":"default","ast-global-header-display":"","ast-banner-title-visibility":"","ast-main-header-display":"","ast-hfb-above-header-display":"","ast-hfb-below-header-display":"","ast-hfb-mobile-header-display":"","site-post-title":"","ast-breadcrumbs-content":"","ast-featured-img":"","footer-sml-layout":"","ast-disable-related-posts":"","theme-transparent-header-meta":"default","adv-header-id-meta":"","stick-header-meta":"","header-above-stick-meta":"","header-main-stick-meta":"","header-below-stick-meta":"","astra-migrate-meta-layouts":"set","ast-page-background-enabled":"default","ast-page-background-meta":{"desktop":{"background-color":"","background-image":"","background-repeat":"repeat","background-position":"center center","background-size":"auto","background-attachment":"scroll","background-type":"","background-media":"","overlay-type":"","overlay-color":"","overlay-opacity":"","overlay-gradient":""},"tablet":{"background-color":"","background-image":"","background-repeat":"repeat","background-position":"center center","background-size":"auto","background-attachment":"scroll","background-type":"","background-media":"","overlay-type":"","overlay-color":"","overlay-opacity":"","overlay-gradient":""},"mobile":{"background-color":"","background-image":"","background-repeat":"repeat","background-position":"center center","background-size":"auto","background-attachment":"scroll","background-type":"","background-media":"","overlay-type":"","overlay-color":"","overlay-opacity":"","overlay-gradient":""}},"ast-content-background-meta":{"desktop":{"background-color":"var(--ast-global-color-5)","background-image":"","background-repeat":"repeat","background-position":"center center","background-size":"auto","background-attachment":"scroll","background-type":"","background-media":"","overlay-type":"","overlay-color":"","overlay-opacity":"","overlay-gradient":""},"tablet":{"background-color":"var(--ast-global-color-5)","background-image":"","background-repeat":"repeat","background-position":"center center","background-size":"auto","background-attachment":"scroll","background-type":"","background-media":"","overlay-type":"","overlay-color":"","overlay-opacity":"","overlay-gradient":""},"mobile":{"background-color":"var(--ast-global-color-5)","background-image":"","background-repeat":"repeat","background-position":"center center","background-size":"auto","background-attachment":"scroll","background-type":"","background-media":"","overlay-type":"","overlay-color":"","overlay-opacity":"","overlay-gradient":""}},"_joinchat":{"telephone":"+8618077105796"}},"product_brand":[],"product_cat":[69,150,151,153,157,141],"product_tag":[97,217],"class_list":{"0":"post-3515","1":"product","2":"type-product","3":"status-publish","4":"has-post-thumbnail","6":"product_cat-20000-puff","7":"product_cat-buy-disposable-vapes-in-belgium","8":"product_cat-buy-disposable-vapes-in-france","9":"product_cat-buy-disposable-vapes-in-italy","10":"product_cat-buy-disposable-vapes-in-portugal","11":"product_cat-crystal-disposable-vapes","12":"product_tag-hot-sale-disposable-vape","13":"product_tag-uwin-shisha-hookah-crystal-20000-puffs","14":"desktop-align-left","15":"tablet-align-left","16":"mobile-align-left","18":"first","19":"instock","20":"sale","21":"shipping-taxable","22":"purchasable","23":"product-type-simple"},"acf":[],"uagb_featured_image_src":{"full":["https:\/\/vapestornado.com\/wp-content\/uploads\/2024\/12\/Good-Sale-UWIN-HOOKAH-Crystal-20000-Puffs-Watermelon-ice.jpg",800,800,false],"thumbnail":["https:\/\/vapestornado.com\/wp-content\/uploads\/2024\/12\/Good-Sale-UWIN-HOOKAH-Crystal-20000-Puffs-Watermelon-ice-150x150.jpg",150,150,true],"medium":["https:\/\/vapestornado.com\/wp-content\/uploads\/2024\/12\/Good-Sale-UWIN-HOOKAH-Crystal-20000-Puffs-Watermelon-ice-300x300.jpg",300,300,true],"medium_large":["https:\/\/vapestornado.com\/wp-content\/uploads\/2024\/12\/Good-Sale-UWIN-HOOKAH-Crystal-20000-Puffs-Watermelon-ice-768x768.jpg",768,768,true],"large":["https:\/\/vapestornado.com\/wp-content\/uploads\/2024\/12\/Good-Sale-UWIN-HOOKAH-Crystal-20000-Puffs-Watermelon-ice.jpg",800,800,false],"1536x1536":["https:\/\/vapestornado.com\/wp-content\/uploads\/2024\/12\/Good-Sale-UWIN-HOOKAH-Crystal-20000-Puffs-Watermelon-ice.jpg",800,800,false],"2048x2048":["https:\/\/vapestornado.com\/wp-content\/uploads\/2024\/12\/Good-Sale-UWIN-HOOKAH-Crystal-20000-Puffs-Watermelon-ice.jpg",800,800,false],"trp-custom-language-flag":["https:\/\/vapestornado.com\/wp-content\/uploads\/2024\/12\/Good-Sale-UWIN-HOOKAH-Crystal-20000-Puffs-Watermelon-ice.jpg",12,12,false],"woocommerce_thumbnail":["https:\/\/vapestornado.com\/wp-content\/uploads\/2024\/12\/Good-Sale-UWIN-HOOKAH-Crystal-20000-Puffs-Watermelon-ice-300x300.jpg",300,300,true],"woocommerce_single":["https:\/\/vapestornado.com\/wp-content\/uploads\/2024\/12\/Good-Sale-UWIN-HOOKAH-Crystal-20000-Puffs-Watermelon-ice-600x600.jpg",600,600,true],"woocommerce_gallery_thumbnail":["https:\/\/vapestornado.com\/wp-content\/uploads\/2024\/12\/Good-Sale-UWIN-HOOKAH-Crystal-20000-Puffs-Watermelon-ice-100x100.jpg",100,100,true]},"uagb_author_info":{"display_name":"ESMANDY","author_link":"https:\/\/vapestornado.com\/cs\/author\/"},"uagb_comment_info":0,"uagb_excerpt":"Uwin Shisha Hookah Crystal 20000 Puffs Vape, bulk prices, premium flavors, rechargeable, 2%5% nicotine, eco-friendly. Perfect for wholesale buyers in Europe. [caption id=\"attachment_2951\" align=\"alignnone\" width=\"265\"] Pls Contact Mandy's WhatsApp For Discount Price\u00a0 +8618077105796[\/caption] &nbsp;","_links":{"self":[{"href":"https:\/\/vapestornado.com\/cs\/wp-json\/wp\/v2\/product\/3515","targetHints":{"allow":["GET"]}}],"collection":[{"href":"https:\/\/vapestornado.com\/cs\/wp-json\/wp\/v2\/product"}],"about":[{"href":"https:\/\/vapestornado.com\/cs\/wp-json\/wp\/v2\/types\/product"}],"replies":[{"embeddable":true,"href":"https:\/\/vapestornado.com\/cs\/wp-json\/wp\/v2\/comments?post=3515"}],"wp:featuredmedia":[{"embeddable":true,"href":"https:\/\/vapestornado.com\/cs\/wp-json\/wp\/v2\/media\/3520"}],"wp:attachment":[{"href":"https:\/\/vapestornado.com\/cs\/wp-json\/wp\/v2\/media?parent=3515"}],"wp:term":[{"taxonomy":"product_brand","embeddable":true,"href":"https:\/\/vapestornado.com\/cs\/wp-json\/wp\/v2\/product_brand?post=3515"},{"taxonomy":"product_cat","embeddable":true,"href":"https:\/\/vapestornado.com\/cs\/wp-json\/wp\/v2\/product_cat?post=3515"},{"taxonomy":"product_tag","embeddable":true,"href":"https:\/\/vapestornado.com\/cs\/wp-json\/wp\/v2\/product_tag?post=3515"}],"curies":[{"name":"wp","href":"https:\/\/api.w.org\/{rel}","templated":true}]}}