{"id":3445,"date":"2024-12-27T09:09:56","date_gmt":"2024-12-27T09:09:56","guid":{"rendered":"https:\/\/vapestornado.com\/?post_type=product&#038;p=3445"},"modified":"2025-08-23T10:50:44","modified_gmt":"2025-08-23T10:50:44","slug":"bood-pulse-pro-25k-50k-puffs-geek-bar-new-vape-bulk-price","status":"publish","type":"product","link":"https:\/\/vapestornado.com\/cs\/product\/bood-pulse-pro-25k-50k-puffs-geek-bar-new-vape-bulk-price\/","title":{"rendered":"Bood Pulse Pro 25k 50k pot\u00e1hnut\u00ed Geek Bar Nov\u00fd Vape Hromadn\u00e1 cena"},"content":{"rendered":"<h1>Bood Pulse Pro 25k 50k pot\u00e1hnut\u00ed Geek Bar Nov\u00fd Vape Hromadn\u00e1 cena<\/h1>\n<p>&nbsp;<\/p>\n<div role=\"article\" data-tabster=\"{&quot;groupper&quot;:{&quot;tabbability&quot;:2},&quot;focusable&quot;:{}}\" data-content=\"ai-message\" aria-labelledby=\"64JRvXrTnY7mRmPkEQLLT-author 64JRvXrTnY7mRmPkEQLLT-content\">\n<div id=\"64JRvXrTnY7mRmPkEQLLT-content\">\n<p data-start=\"210\" data-end=\"488\">Ten <strong data-start=\"214\" data-end=\"268\">Bood Pulse Pro 25K \/ 50K Puffs Jednor\u00e1zov\u00e1 Vape Bar<\/strong> je ur\u010den pro velkoobchodn\u00edky a maloobchodn\u00edky, kte\u0159\u00ed cht\u011bj\u00ed z\u00e1kazn\u00edk\u016fm nab\u00eddnout mo\u017enost volby mezi za\u0159\u00edzen\u00edmi se st\u0159edn\u00ed a ultra vysokou kapacitou. S <strong data-start=\"404\" data-end=\"437\">mo\u017enostmi 25 000 nebo 50 000 pot\u00e1hnut\u00ed<\/strong>, tento vape vyhovuje jak p\u0159\u00edle\u017eitostn\u00fdm, tak i n\u00e1ro\u010dn\u00fdm u\u017eivatel\u016fm.<\/p>\n<p data-start=\"490\" data-end=\"798\">Ka\u017ed\u00e1 jednotka je nap\u00e1jena <strong data-start=\"517\" data-end=\"548\">850mAh dob\u00edjec\u00ed bateri\u00ed<\/strong> s <strong data-start=\"554\" data-end=\"578\">Rychl\u00e9 nab\u00edjen\u00ed Type-C<\/strong>, co\u017e zaji\u0161\u0165uje spolehliv\u00fd v\u00fdkon a minim\u00e1ln\u00ed prostoje. The <strong data-start=\"636\" data-end=\"669\">38ml p\u0159edpln\u011bn\u00e1 n\u00e1dr\u017eka na e-liquid<\/strong> poskytuje prodlou\u017een\u00e9 pou\u017e\u00edv\u00e1n\u00ed, zat\u00edmco <strong data-start=\"701\" data-end=\"734\">pokro\u010dil\u00e1 technologie mesh coil<\/strong> zaru\u010duje bohatou chu\u0165 a hladkou p\u00e1ru od za\u010d\u00e1tku do konce.<\/p>\n<p data-start=\"800\" data-end=\"1124\">Dostupn\u00e9 v <strong data-start=\"813\" data-end=\"835\">bez nikotinu (0%)<\/strong>, stejn\u011b jako <strong data-start=\"848\" data-end=\"880\">S\u00edly nikotinu 2% a 5%<\/strong>, <strong data-start=\"886\" data-end=\"912\">Bood Pulse Pro 25K\/50K<\/strong> vyhovuje \u0161irok\u00e9 \u0161k\u00e1le z\u00e1kazn\u00edk\u016f v \u010cesk\u00e9 republice. Jeho <strong data-start=\"959\" data-end=\"1027\">elegantn\u00ed design, siln\u00e1 produkce p\u00e1ry a cenov\u011b v\u00fdhodn\u00e9 velkoobchodn\u00ed ceny<\/strong> z n\u011bj \u010din\u00ed atraktivn\u00ed volbu pro vape shopy a distributory, kte\u0159\u00ed hledaj\u00ed spolehliv\u00e9 velkoobchodn\u00ed z\u00e1soby.<\/p>\n<p>&nbsp;<\/p>\n<\/div>\n<\/div>\n<p><img fetchpriority=\"high\" decoding=\"async\" class=\"alignleft wp-image-2951 size-medium\" src=\"https:\/\/vapestornado.com\/wp-content\/uploads\/2024\/12\/Wholesale-Disposable-Vape-265x300.jpg\" alt=\"Velkoobchodn\u00ed jednor\u00e1zov\u00e9 Vape\" width=\"265\" height=\"300\" srcset=\"https:\/\/vapestornado.com\/wp-content\/uploads\/2024\/12\/Wholesale-Disposable-Vape-265x300.jpg 265w, https:\/\/vapestornado.com\/wp-content\/uploads\/2024\/12\/Wholesale-Disposable-Vape-768x871.jpg 768w, https:\/\/vapestornado.com\/wp-content\/uploads\/2024\/12\/Wholesale-Disposable-Vape-600x680.jpg 600w, https:\/\/vapestornado.com\/wp-content\/uploads\/2024\/12\/Wholesale-Disposable-Vape.jpg 823w\" sizes=\"(max-width: 265px) 100vw, 265px\" \/><\/p>\n<h6>Pro slevovou cenu kontaktujte Mandy na WhatsApp:<a href=\"https:\/\/wa.me\/8618077105796\" target=\"_blank\" rel=\"noopener\">+8618077105796<\/a><\/h6>\n<div class=\"flex max-w-full flex-col flex-grow\">\n<div class=\"min-h-8 text-message flex w-full flex-col items-end gap-2 whitespace-normal break-words text-start [.text-message+&amp;]:mt-5\" dir=\"auto\" data-message-author-role=\"assistant\" data-message-id=\"cdb991c0-f594-4bff-b2d5-fbbdd7ce9e54\" data-message-model-slug=\"gpt-4o-mini\">\n<div class=\"flex w-full flex-col gap-1 empty:hidden first:pt-[3px]\">\n<div class=\"markdown prose w-full break-words dark:prose-invert light\"><\/div>\n<\/div>\n<\/div>\n<\/div>\n<div class=\"mb-2 flex gap-3 empty:hidden -ml-2\">\n<h2><strong>Bood Pulse Pro 50k pot\u00e1hnut\u00ed <\/strong>Vynikaj\u00edc\u00ed vlastnosti:<\/h2>\n<ul>\n<li><strong>50 000 pot\u00e1hnut\u00ed<\/strong>: V\u00fdjime\u010dn\u00e1 \u017eivotnost pro prodlou\u017een\u00e9 vapovac\u00ed sezen\u00ed<\/li>\n<li><strong>Kapacita e-liquidu<\/strong>: Velkorys\u00fdch 38 ml pro m\u00e9n\u011b dopl\u0148ov\u00e1n\u00ed<\/li>\n<li><strong>\u017divotnost baterie<\/strong>: Odoln\u00e1 850mAh dob\u00edjec\u00ed baterie pro konzistentn\u00ed v\u00fdkon<\/li>\n<li><strong>Mo\u017enosti nikotinu<\/strong>: Varianty 0%, 2% a 5% pro uspokojen\u00ed individu\u00e1ln\u00edch preferenc\u00ed<\/li>\n<li><strong>Mesh spir\u00e1lka<\/strong>: Vylep\u0161en\u00e1 chu\u0165 a produkce p\u00e1ry<\/li>\n<\/ul>\n<\/div>\n<h2>Seznam p\u0159\u00edchut\u00ed Bood Pulse Pro 50000 pot\u00e1hnut\u00ed:<\/h2>\n<p>1.MELOUN ANANAS POMERAN\u010c<br \/>\n2.BOR\u016eVKA KYSEL\u00c1 MALINA<br \/>\n3.VODN\u00cd MELOUN KIWI<br \/>\n4.BOR\u016eVKA VODN\u00cd MELOUN<br \/>\n5.OSTRU\u017dINA LED<br \/>\n6.TROPICK\u00dd MELOUN<br \/>\n7.JAHODA LED<br \/>\n8.JAHODA VODN\u00cd MELOUN LED<br \/>\n9.DVOJIT\u00c1 LIMON\u00c1DA<br \/>\n10.HROZEN BRUSINKA BOR\u016eVKA MALINA<\/p>\n<div role=\"article\" data-tabster=\"{&quot;groupper&quot;:{&quot;tabbability&quot;:2},&quot;focusable&quot;:{}}\" data-content=\"ai-message\" aria-labelledby=\"dARUyEWDoEYhnSPXFwx5A-author dARUyEWDoEYhnSPXFwx5A-content\">\n<div id=\"dARUyEWDoEYhnSPXFwx5A-content\">\n<h2>Pro\u010d si vybrat Bood Pulse Pro 25k\/50k pot\u00e1hnut\u00ed na vapestornado.com?<\/h2>\n<p>Ten <strong>Bood Pulse Pro 25k\/50k pot\u00e1hnut\u00ed<\/strong> jednor\u00e1zov\u00e1 vapka je ide\u00e1ln\u00ed volbou pro vapery, kte\u0159\u00ed hledaj\u00ed v\u00fdkon, pohodl\u00ed a kvalitu. K dispozici exkluzivn\u011b na <strong>vapestornado.com<\/strong>, toto za\u0159\u00edzen\u00ed nab\u00edz\u00ed \u0159adu funkc\u00ed navr\u017een\u00fdch pro zlep\u0161en\u00ed va\u0161eho vapovac\u00edho z\u00e1\u017eitku. Zde je d\u016fvod, pro\u010d byste si m\u011bli vybrat Bood Pulse Pro:<\/p>\n<ul>\n<li><strong>Bezkonkuren\u010dn\u00ed \u017eivotnost<\/strong><\/li>\n<\/ul>\n<p>S p\u016fsobivou <strong>25 000 a\u017e 50 000 pot\u00e1hnut\u00ed<\/strong>, Bood Pulse Pro nab\u00edz\u00ed jednu z nejd\u00e9le vydr\u017e\u00edc\u00edch jednor\u00e1zov\u00fdch vapovac\u00edch per na trhu. Nebudete se muset starat o \u010dast\u00e9 v\u00fdm\u011bny, tak\u017ee je ide\u00e1ln\u00ed pro ka\u017edodenn\u00ed pou\u017eit\u00ed a dlouhodobou spokojenost.<\/p>\n<ul>\n<li><strong>V\u0161estrann\u00e9 mo\u017enosti nikotinu<\/strong><\/li>\n<\/ul>\n<p>Bood Pulse Pro se dod\u00e1v\u00e1 s <strong>bez nikotinu<\/strong>, <strong>2%<\/strong>, a <strong>5%<\/strong> mo\u017enostmi nikotinu, co\u017e v\u00e1m d\u00e1v\u00e1 flexibilitu p\u0159i v\u00fdb\u011bru preferovan\u00e9 \u00farovn\u011b nikotinu. A\u0165 u\u017e chcete p\u0159estat s nikotinem, nebo si u\u017e\u00edt siln\u00fd z\u00e1sah, je tu pro v\u00e1s ide\u00e1ln\u00ed volba.<\/p>\n<ul>\n<li><strong>Velk\u00e1 kapacita e-liquidu<\/strong><\/li>\n<\/ul>\n<p>Baleno s <strong>38 ml e-liquidu<\/strong>, Bood Pulse Pro nab\u00edz\u00ed v\u00edce ne\u017e dostatek \u0161\u0165\u00e1vy pro prodlou\u017een\u00e9 vapov\u00e1n\u00ed bez nutnosti \u010dast\u00e9ho dopl\u0148ov\u00e1n\u00ed. D\u00edky tomu je pohodlnou a spolehlivou volbou pro u\u017eivatele na cest\u00e1ch.<\/p>\n<ul>\n<li><strong>V\u00fdkonn\u00fd v\u00fdkon<\/strong><\/li>\n<\/ul>\n<p>Vybaveno robustn\u00edm <strong>850mAh dob\u00edjec\u00ed bateri\u00ed<\/strong>, Bood Pulse Pro zaji\u0161\u0165uje konzistentn\u00ed v\u00fdkon po celou dobu sv\u00e9 dlouh\u00e9 \u017eivotnosti. S <strong>mesh spir\u00e1lka<\/strong> pro optim\u00e1ln\u00ed chu\u0165 a hladkou produkci p\u00e1ry je ka\u017ed\u00e9 pot\u00e1hnut\u00ed pr\u00e9miov\u00fdm z\u00e1\u017eitkem.<\/p>\n<ul>\n<li><strong>Kvalita, kter\u00e9 m\u016f\u017eete v\u011b\u0159it<\/strong><\/li>\n<\/ul>\n<p>vapestornado.com nab\u00edz\u00ed vybran\u00fd v\u00fdb\u011br nejlep\u0161\u00edch produkt\u016f pro vaping a <strong>Bood Pulse Pro 25k\/50k pot\u00e1hnut\u00ed<\/strong> nen\u00ed v\u00fdjimkou. Kdy\u017e u n\u00e1s nakupujete, m\u00e1te zaru\u010deny autentick\u00e9 produkty, konkurenceschopn\u00e9 ceny a rychl\u00e9 a spolehliv\u00e9 doru\u010den\u00ed.<\/p>\n<ul>\n<li><strong>Spokojenost z\u00e1kazn\u00edk\u016f<\/strong><\/li>\n<\/ul>\n<p>Na vapestornado.com je spokojenost z\u00e1kazn\u00edk\u016f na\u0161\u00ed nejvy\u0161\u0161\u00ed prioritou. Nab\u00edz\u00edme vynikaj\u00edc\u00ed z\u00e1kaznick\u00fd servis, abychom zajistili bezprobl\u00e9mov\u00e9 nakupov\u00e1n\u00ed, v\u010detn\u011b snadn\u00fdch vratek, podrobn\u00fdch informac\u00ed o produktech a personalizovan\u00e9 podpory.<\/p>\n<p>&nbsp;<\/p>\n<\/div>\n<\/div>\n<h2>\u010casto kladen\u00e9 ot\u00e1zky o Bood Pulse Pro 25k\/50k Puffs Vape Pody<\/h2>\n<p>Zde jsou n\u011bkter\u00e9 \u010dasto kladen\u00e9 ot\u00e1zky, kter\u00e9 v\u00e1m pomohou l\u00e9pe porozum\u011bt <strong>Bood Pulse Pro 25k\/50k Puffs Vape Pody<\/strong>:<\/p>\n<h4>1. <strong>Jak dlouho vydr\u017e\u00ed Bood Pulse Pro 50000 Puff vape?<\/strong><\/h4>\n<p>Ten <strong>Bood Pulse Pro<\/strong> nab\u00edz\u00ed p\u016fsobivou \u017eivotnost a\u017e <strong>25 000 a\u017e 50 000 pot\u00e1hnut\u00ed<\/strong>, v z\u00e1vislosti na va\u0161em pou\u017e\u00edv\u00e1n\u00ed. Tento design s dlouhou \u017eivotnost\u00ed zaji\u0161\u0165uje, \u017ee nebudete muset za\u0159\u00edzen\u00ed \u010dasto vym\u011b\u0148ovat, co\u017e z n\u011bj \u010din\u00ed vynikaj\u00edc\u00ed volbu pro ka\u017edodenn\u00ed pou\u017eit\u00ed.<\/p>\n<h4>2. <strong>Jak\u00e9 mo\u017enosti s\u00edly nikotinu jsou k dispozici v Bood 50000 puffs vapor?<\/strong><\/h4>\n<p>Bood Pulse Pro se dod\u00e1v\u00e1 v <strong>bez nikotinu<\/strong>, <strong>2%<\/strong>, a <strong>5%<\/strong> mo\u017enostech nikotinu. A\u0165 u\u017e chcete m\u00edrn\u00fd nebo siln\u011bj\u0161\u00ed nikotinov\u00fd z\u00e1sah, existuje mo\u017enost pro ka\u017ed\u00e9ho. Verze bez nikotinu je ide\u00e1ln\u00ed pro ty, kte\u0159\u00ed preferuj\u00ed vaping bez nikotinu.<\/p>\n<h4>3. <strong>Jak\u00e1 je kapacita e-liquidu Bood Pulse Pro 50000 puff?<\/strong><\/h4>\n<p>Za\u0159\u00edzen\u00ed je p\u0159edem napln\u011bno <strong>38 ml e-liquidu<\/strong>, poskytuj\u00edc\u00ed dostatek \u0161\u0165\u00e1vy pro prodlou\u017een\u00e9 vapov\u00e1n\u00ed. To znamen\u00e1 m\u00e9n\u011b dopl\u0148ov\u00e1n\u00ed a v\u00edce pohodl\u00ed pro vapery.<\/p>\n<h4>4. <strong>Kde si mohu zakoupit Bood Pulse Pro 25000 50000 Puffs?<\/strong><\/h4>\n<p>M\u016f\u017eete si zakoupit <strong>Bood Pulse Pro 25k\/50k Puffs Vape Pody<\/strong> p\u0159\u00edmo od <strong>vapestornado.com<\/strong>. Nab\u00edz\u00edme rychl\u00e9 dod\u00e1n\u00ed, konkuren\u010dn\u00ed ceny a v\u00fdjime\u010dn\u00fd z\u00e1kaznick\u00fd servis, abychom zajistili hladk\u00fd pr\u016fb\u011bh n\u00e1kupu.<\/p>\n<p>Pro v\u00edce informac\u00ed nebo konkr\u00e9tn\u00ed dotazy nev\u00e1hejte kontaktovat n\u00e1\u0161 t\u00fdm z\u00e1kaznick\u00e9 podpory!<\/p>","protected":false},"excerpt":{"rendered":"<p>Ten <strong data-start=\"1168\" data-end=\"1205\">Bood Pulse Pro 25K\/50K Pot\u00e1\u010dek Vaporiz\u00e9r<\/strong> nab\u00edz\u00ed mo\u017enosti du\u00e1ln\u00ed kapacity, v\u00fdkon s\u00ed\u0165ov\u00e9 spir\u00e1lky a dob\u00edjec\u00ed nap\u00e1jen\u00ed. Univerz\u00e1ln\u00ed jednor\u00e1zov\u00e9 za\u0159\u00edzen\u00ed ur\u010den\u00e9 pro <strong data-start=\"1319\" data-end=\"1354\">velkoobchodn\u00ed odb\u011bratele v Evrop\u011b<\/strong>.<\/p>\n<figure id=\"attachment_2951\" aria-describedby=\"caption-attachment-2951\" style=\"width: 265px\" class=\"wp-caption alignnone\"><img decoding=\"async\" class=\"size-medium wp-image-2951\" src=\"https:\/\/vapestornado.com\/wp-content\/uploads\/2024\/12\/Wholesale-Disposable-Vape-265x300.jpg\" alt=\"Velkoobchodn\u00ed jednor\u00e1zov\u00e9 Vape\" width=\"265\" height=\"300\" srcset=\"https:\/\/vapestornado.com\/wp-content\/uploads\/2024\/12\/Wholesale-Disposable-Vape-265x300.jpg 265w, https:\/\/vapestornado.com\/wp-content\/uploads\/2024\/12\/Wholesale-Disposable-Vape-768x871.jpg 768w, https:\/\/vapestornado.com\/wp-content\/uploads\/2024\/12\/Wholesale-Disposable-Vape-600x680.jpg 600w, https:\/\/vapestornado.com\/wp-content\/uploads\/2024\/12\/Wholesale-Disposable-Vape.jpg 823w\" sizes=\"(max-width: 265px) 100vw, 265px\" \/><figcaption id=\"caption-attachment-2951\" class=\"wp-caption-text\">Pro slevovou cenu kontaktujte Mandy na WhatsApp\u00a0 <a href=\"https:\/\/wa.me\/8618077105796\">+8618077105796<\/a><\/figcaption><\/figure>\n<p>&nbsp;<\/p>","protected":false},"featured_media":3504,"comment_status":"open","ping_status":"closed","template":"","meta":{"_acf_changed":false,"_uag_custom_page_level_css":"","_lmt_disableupdate":"no","_lmt_disable":"","_monsterinsights_skip_tracking":false,"_monsterinsights_sitenote_active":false,"_monsterinsights_sitenote_note":"","_monsterinsights_sitenote_category":0,"site-sidebar-layout":"default","site-content-layout":"","ast-site-content-layout":"default","site-content-style":"default","site-sidebar-style":"default","ast-global-header-display":"","ast-banner-title-visibility":"","ast-main-header-display":"","ast-hfb-above-header-display":"","ast-hfb-below-header-display":"","ast-hfb-mobile-header-display":"","site-post-title":"","ast-breadcrumbs-content":"","ast-featured-img":"","footer-sml-layout":"","ast-disable-related-posts":"","theme-transparent-header-meta":"default","adv-header-id-meta":"","stick-header-meta":"","header-above-stick-meta":"","header-main-stick-meta":"","header-below-stick-meta":"","astra-migrate-meta-layouts":"set","ast-page-background-enabled":"default","ast-page-background-meta":{"desktop":{"background-color":"","background-image":"","background-repeat":"repeat","background-position":"center center","background-size":"auto","background-attachment":"scroll","background-type":"","background-media":"","overlay-type":"","overlay-color":"","overlay-opacity":"","overlay-gradient":""},"tablet":{"background-color":"","background-image":"","background-repeat":"repeat","background-position":"center center","background-size":"auto","background-attachment":"scroll","background-type":"","background-media":"","overlay-type":"","overlay-color":"","overlay-opacity":"","overlay-gradient":""},"mobile":{"background-color":"","background-image":"","background-repeat":"repeat","background-position":"center center","background-size":"auto","background-attachment":"scroll","background-type":"","background-media":"","overlay-type":"","overlay-color":"","overlay-opacity":"","overlay-gradient":""}},"ast-content-background-meta":{"desktop":{"background-color":"var(--ast-global-color-5)","background-image":"","background-repeat":"repeat","background-position":"center center","background-size":"auto","background-attachment":"scroll","background-type":"","background-media":"","overlay-type":"","overlay-color":"","overlay-opacity":"","overlay-gradient":""},"tablet":{"background-color":"var(--ast-global-color-5)","background-image":"","background-repeat":"repeat","background-position":"center center","background-size":"auto","background-attachment":"scroll","background-type":"","background-media":"","overlay-type":"","overlay-color":"","overlay-opacity":"","overlay-gradient":""},"mobile":{"background-color":"var(--ast-global-color-5)","background-image":"","background-repeat":"repeat","background-position":"center center","background-size":"auto","background-attachment":"scroll","background-type":"","background-media":"","overlay-type":"","overlay-color":"","overlay-opacity":"","overlay-gradient":""}},"_joinchat":{"telephone":"+8618077105796"}},"product_brand":[],"product_cat":[192,140,193,155,156],"product_tag":[190,97],"class_list":{"0":"post-3445","1":"product","2":"type-product","3":"status-publish","4":"has-post-thumbnail","6":"product_cat-50000-puff","7":"product_cat-big-puffs-disposable-vapes","8":"product_cat-bood-disposable-vapes","9":"product_cat-buy-disposable-vapes-in-norway","10":"product_cat-buy-disposable-vapes-in-poland","11":"product_tag-bood-pulse-pro-50000","12":"product_tag-hot-sale-disposable-vape","13":"desktop-align-left","14":"tablet-align-left","15":"mobile-align-left","17":"first","18":"instock","19":"sale","20":"shipping-taxable","21":"purchasable","22":"product-type-simple"},"acf":[],"uagb_featured_image_src":{"full":["https:\/\/vapestornado.com\/wp-content\/uploads\/2024\/12\/Bood-vape-pulse-pro-25000-Puffs-50000-Puffs.jpg",800,800,false],"thumbnail":["https:\/\/vapestornado.com\/wp-content\/uploads\/2024\/12\/Bood-vape-pulse-pro-25000-Puffs-50000-Puffs-150x150.jpg",150,150,true],"medium":["https:\/\/vapestornado.com\/wp-content\/uploads\/2024\/12\/Bood-vape-pulse-pro-25000-Puffs-50000-Puffs-300x300.jpg",300,300,true],"medium_large":["https:\/\/vapestornado.com\/wp-content\/uploads\/2024\/12\/Bood-vape-pulse-pro-25000-Puffs-50000-Puffs-768x768.jpg",768,768,true],"large":["https:\/\/vapestornado.com\/wp-content\/uploads\/2024\/12\/Bood-vape-pulse-pro-25000-Puffs-50000-Puffs.jpg",800,800,false],"1536x1536":["https:\/\/vapestornado.com\/wp-content\/uploads\/2024\/12\/Bood-vape-pulse-pro-25000-Puffs-50000-Puffs.jpg",800,800,false],"2048x2048":["https:\/\/vapestornado.com\/wp-content\/uploads\/2024\/12\/Bood-vape-pulse-pro-25000-Puffs-50000-Puffs.jpg",800,800,false],"trp-custom-language-flag":["https:\/\/vapestornado.com\/wp-content\/uploads\/2024\/12\/Bood-vape-pulse-pro-25000-Puffs-50000-Puffs.jpg",12,12,false],"woocommerce_thumbnail":["https:\/\/vapestornado.com\/wp-content\/uploads\/2024\/12\/Bood-vape-pulse-pro-25000-Puffs-50000-Puffs-300x300.jpg",300,300,true],"woocommerce_single":["https:\/\/vapestornado.com\/wp-content\/uploads\/2024\/12\/Bood-vape-pulse-pro-25000-Puffs-50000-Puffs-600x600.jpg",600,600,true],"woocommerce_gallery_thumbnail":["https:\/\/vapestornado.com\/wp-content\/uploads\/2024\/12\/Bood-vape-pulse-pro-25000-Puffs-50000-Puffs-100x100.jpg",100,100,true]},"uagb_author_info":{"display_name":"ESMANDY","author_link":"https:\/\/vapestornado.com\/cs\/author\/"},"uagb_comment_info":0,"uagb_excerpt":"The Bood Pulse Pro 25K\/50K Puffs Vape offers dual capacity options, mesh coil performance, and rechargeable power. A versatile disposable designed for wholesale bulk buyers in Europe. [caption id=\"attachment_2951\" align=\"alignnone\" width=\"265\"] Pls Contact Mandy's WhatsApp For Discount Price\u00a0 +8618077105796[\/caption] &nbsp;","_links":{"self":[{"href":"https:\/\/vapestornado.com\/cs\/wp-json\/wp\/v2\/product\/3445","targetHints":{"allow":["GET"]}}],"collection":[{"href":"https:\/\/vapestornado.com\/cs\/wp-json\/wp\/v2\/product"}],"about":[{"href":"https:\/\/vapestornado.com\/cs\/wp-json\/wp\/v2\/types\/product"}],"replies":[{"embeddable":true,"href":"https:\/\/vapestornado.com\/cs\/wp-json\/wp\/v2\/comments?post=3445"}],"wp:featuredmedia":[{"embeddable":true,"href":"https:\/\/vapestornado.com\/cs\/wp-json\/wp\/v2\/media\/3504"}],"wp:attachment":[{"href":"https:\/\/vapestornado.com\/cs\/wp-json\/wp\/v2\/media?parent=3445"}],"wp:term":[{"taxonomy":"product_brand","embeddable":true,"href":"https:\/\/vapestornado.com\/cs\/wp-json\/wp\/v2\/product_brand?post=3445"},{"taxonomy":"product_cat","embeddable":true,"href":"https:\/\/vapestornado.com\/cs\/wp-json\/wp\/v2\/product_cat?post=3445"},{"taxonomy":"product_tag","embeddable":true,"href":"https:\/\/vapestornado.com\/cs\/wp-json\/wp\/v2\/product_tag?post=3445"}],"curies":[{"name":"wp","href":"https:\/\/api.w.org\/{rel}","templated":true}]}}