{"id":3421,"date":"2024-12-27T07:57:48","date_gmt":"2024-12-27T07:57:48","guid":{"rendered":"https:\/\/vapestornado.com\/?post_type=product&#038;p=3421"},"modified":"2025-08-23T12:05:35","modified_gmt":"2025-08-23T12:05:35","slug":"fumot-randm-tornado-15000-puffs-disposable-vape","status":"publish","type":"product","link":"https:\/\/vapestornado.com\/cs\/product\/fumot-randm-tornado-15000-puffs-disposable-vape\/","title":{"rendered":"Fumot RandM Tornado 15000 Puffs jednor\u00e1zov\u00e1 vapa"},"content":{"rendered":"<h1>Fumot RandM Tornado 15000 Puffs jednor\u00e1zov\u00e1 vapa<\/h1>\n<p>Ten <strong data-start=\"332\" data-end=\"383\">Fumot RandM Tornado 15000 Puffs jednor\u00e1zov\u00e1 vapa<\/strong> je ur\u010den pro maloobchodn\u00edky a distributory, kte\u0159\u00ed cht\u011bj\u00ed nab\u00edzet za\u0159\u00edzen\u00ed s vysokou kapacitou a mnoha funkcemi za konkurenceschopn\u00e9 velkoobchodn\u00ed ceny. Poskytuje a\u017e <strong data-start=\"534\" data-end=\"550\">15 000 pot\u00e1hnut\u00ed<\/strong>, tato vapka kombinuje <strong data-start=\"571\" data-end=\"599\">25ml p\u0159edpln\u011bn\u00e9ho e-liquidu<\/strong> s <strong data-start=\"605\" data-end=\"634\">technologie du\u00e1ln\u00ed mesh spir\u00e1lky<\/strong>, co\u017e zaji\u0161\u0165uje hladkou p\u00e1ru a konzistentn\u00ed chu\u0165 p\u0159i ka\u017ed\u00e9m pot\u00e1hnut\u00ed.<\/p>\n<p>Poh\u00e1n\u011bno <strong data-start=\"714\" data-end=\"752\">robustn\u00ed 850mAh dob\u00edjec\u00ed baterii<\/strong> a je vybavena <strong data-start=\"771\" data-end=\"795\">Rychl\u00e9 nab\u00edjen\u00ed Type-C<\/strong>, Tornado 15K zaru\u010duje minim\u00e1ln\u00ed prostoje a spolehliv\u00fd v\u00fdkon. Jeho <strong data-start=\"871\" data-end=\"894\">LED digit\u00e1ln\u00ed displej<\/strong> umo\u017e\u0148uje u\u017eivatel\u016fm okam\u017eit\u011b zkontrolovat po\u010det pot\u00e1hnut\u00ed a \u017eivotnost baterie, co\u017e p\u0159id\u00e1v\u00e1 modern\u00ed a u\u017eivatelsky p\u0159\u00edv\u011btiv\u00fd prvek.<\/p>\n<p>Dostupn\u00e9 v <strong data-start=\"1016\" data-end=\"1037\">51 jedine\u010dn\u00fdch p\u0159\u00edchut\u00ed<\/strong> a s\u00edly nikotinu <strong data-start=\"1064\" data-end=\"1076\">2% nebo 5%<\/strong>, RandM Tornado 15000 nab\u00edz\u00ed rozmanitost a uspokojen\u00ed pro \u0161irokou z\u00e1kaznickou z\u00e1kladnu. Stylov\u00fd, odoln\u00fd a efektivn\u00ed, je to ide\u00e1ln\u00ed volba pro hromadn\u00e9 n\u00e1kup\u010d\u00ed a obchody, kter\u00e9 cht\u011bj\u00ed roz\u0161\u00ed\u0159it sv\u016fj v\u00fdb\u011br jednor\u00e1zov\u00fdch vap\u016f o osv\u011bd\u010den\u00fd bestseller.<\/p>\n<p><img fetchpriority=\"high\" decoding=\"async\" class=\"alignnone size-large wp-image-3428\" src=\"https:\/\/vapestornado.com\/wp-content\/uploads\/2024\/12\/LED-Screen-Disposable-Vape-RandM-Tornado-15000-Puffs-1024x657.jpg\" alt=\"Jednor\u00e1zov\u00e1 elektronick\u00e1 cigareta s LED obrazovkou RandM Tornado 15000 Puffs\" width=\"1024\" height=\"657\" srcset=\"https:\/\/vapestornado.com\/wp-content\/uploads\/2024\/12\/LED-Screen-Disposable-Vape-RandM-Tornado-15000-Puffs-1024x657.jpg 1024w, https:\/\/vapestornado.com\/wp-content\/uploads\/2024\/12\/LED-Screen-Disposable-Vape-RandM-Tornado-15000-Puffs-300x192.jpg 300w, https:\/\/vapestornado.com\/wp-content\/uploads\/2024\/12\/LED-Screen-Disposable-Vape-RandM-Tornado-15000-Puffs-768x492.jpg 768w, https:\/\/vapestornado.com\/wp-content\/uploads\/2024\/12\/LED-Screen-Disposable-Vape-RandM-Tornado-15000-Puffs-1536x985.jpg 1536w, https:\/\/vapestornado.com\/wp-content\/uploads\/2024\/12\/LED-Screen-Disposable-Vape-RandM-Tornado-15000-Puffs-600x385.jpg 600w, https:\/\/vapestornado.com\/wp-content\/uploads\/2024\/12\/LED-Screen-Disposable-Vape-RandM-Tornado-15000-Puffs.jpg 2048w\" sizes=\"(max-width: 1024px) 100vw, 1024px\" \/><\/p>\n<hr \/>\n<h3>Vlastnosti produktu<\/h3>\n<ol>\n<li><strong>Prodlou\u017een\u00e9 pou\u017e\u00edv\u00e1n\u00ed<\/strong>: <strong>15,000<\/strong> pot\u00e1hnut\u00ed s <strong>25 ml<\/strong> e-liquidu pro dlouhotrvaj\u00edc\u00ed v\u00fdkon.<\/li>\n<li><strong>Dob\u00edjec\u00ed baterie<\/strong>: Integrovan\u00e1 <strong>850mAh<\/strong> baterie s <strong>Typ-C<\/strong> rychl\u00fdm nab\u00edjen\u00edm.<\/li>\n<li><strong>Du\u00e1ln\u00ed Mesh spir\u00e1lka<\/strong>: Vylep\u0161en\u00e1 produkce p\u00e1ry a pod\u00e1n\u00ed chuti.<\/li>\n<li><strong>LED Displej<\/strong>: Monitorov\u00e1n\u00ed pot\u00e1hnut\u00ed a baterie v re\u00e1ln\u00e9m \u010dase.<\/li>\n<li><strong>K dispozici 41 p\u0159\u00edchut\u00ed<\/strong>: \u0160irok\u00e1 \u0161k\u00e1la vzru\u0161uj\u00edc\u00edch mo\u017enost\u00ed pro ka\u017edou preferenci.<\/li>\n<\/ol>\n<hr \/>\n<h3>Seznam p\u0159\u00edchut\u00ed<\/h3>\n<ol>\n<li>Blue Razz limon\u00e1da<\/li>\n<li>Broskvov\u00fd led<\/li>\n<li>Kysel\u00e9 jablko<\/li>\n<li>Vodn\u00ed meloun s ledem<\/li>\n<li>Bor\u016fvka s ledem<\/li>\n<li>Bor\u016fvka Malina<\/li>\n<li>Ananasov\u00fd led<\/li>\n<li>T\u0159e\u0161e\u0148<\/li>\n<li>Jahodov\u00fd led<\/li>\n<li>Vimto<\/li>\n<li>Hroznov\u00e9 v\u00edno s ledem<\/li>\n<li>Cola Led<\/li>\n<li>Jahoda Vodn\u00ed meloun<\/li>\n<li>R\u016f\u017eov\u00e1 limon\u00e1da<\/li>\n<li>Mix lesn\u00edch plod\u016f<\/li>\n<li>Broskev Mango<\/li>\n<li>Dra\u010d\u00ed ovoce<\/li>\n<li>Jahoda Hroznov\u00e9 v\u00edno<\/li>\n<li>P\u00e1n Modr\u00fd<\/li>\n<li>Ledov\u00e1 sv\u011b\u017eest<\/li>\n<li>Ledov\u00e1 l\u00edz\u00e1tko<\/li>\n<li>Jahoda a kiwi<\/li>\n<li>Kiwi Marakuja Guava<\/li>\n<li>Trojit\u00e9 bobule<\/li>\n<li>Ban\u00e1nov\u00e1 Led<\/li>\n<li>Meru\u0148kov\u00fd bor\u016fvkov\u00fd bonb\u00f3n<\/li>\n<li>Jablko Broskev Hru\u0161ka<\/li>\n<li>Bobulov\u00e1 limon\u00e1da<\/li>\n<li>Modr\u00fd Razz t\u0159e\u0161e\u0148<\/li>\n<li>Bor\u016fvkov\u00e1 \u017ev\u00fdka\u010dka<\/li>\n<li>Bor\u016fvka t\u0159e\u0161e\u0148 brusinka<\/li>\n<li>Bor\u016fvka gran\u00e1tov\u00e9 jablko<\/li>\n<li>Kysel\u00e1 bor\u016fvka s malinov\u00fdm n\u00e1dechem<\/li>\n<li>T\u0159e\u0161\u0148ov\u00e1 Cola<\/li>\n<li>Medv\u00eddek<\/li>\n<li>Citr\u00f3n<\/li>\n<li>Mango na ledu<\/li>\n<li>\u010cerven\u00e1 energetick\u00e1 ledov\u00e1<\/li>\n<li>Jahoda Ban\u00e1n<\/li>\n<li>Jahodov\u00fd Red Bull<\/li>\n<li>Jahodovo-malinov\u00e1 limon\u00e1da s melounem<\/li>\n<\/ol>\n<hr \/>\n<h3>RandM Tornado 15000 pot\u00e1hnut\u00ed \u2013 Top 5 p\u0159\u00edchut\u00ed<\/h3>\n<ol>\n<li><strong>Blue Razz limon\u00e1da<\/strong>: Osv\u011b\u017euj\u00edc\u00ed bor\u016fvka s pikantn\u00edm n\u00e1dechem limon\u00e1dy.<\/li>\n<li><strong>Broskev Mango<\/strong>: Sladk\u00e1 broskev sm\u00edchan\u00e1 s tropick\u00fdm mangem.<\/li>\n<li><strong>Ledov\u00e1 sv\u011b\u017eest<\/strong>: Vodn\u00ed meloun s ledov\u00fdm, mentolov\u00fdm z\u00e1v\u011brem.<\/li>\n<li><strong>Medv\u00eddek<\/strong>: Nostalgick\u00e1 bonb\u00f3nov\u00e1 p\u0159\u00edchu\u0165 s ovocn\u00fdm n\u00e1dechem.<\/li>\n<li><strong>Jahoda a kiwi<\/strong>: \u0160\u0165avnat\u00e1 jahoda sp\u00e1rovan\u00e1 s pikantn\u00edm kiwi.<\/li>\n<\/ol>\n<hr \/>\n<h3>Pro\u010d si vybrat RandM Tornado 15000 pot\u00e1hnut\u00ed?<\/h3>\n<ul>\n<li><strong>Obrovsk\u00fd po\u010det pot\u00e1hnut\u00ed<\/strong>: Nab\u00edz\u00ed 15 000 pot\u00e1hnut\u00ed pro dlouhotrvaj\u00edc\u00ed uspokojen\u00ed.<\/li>\n<li><strong>Pr\u00e9miov\u00e9 doru\u010den\u00ed chuti<\/strong>: Du\u00e1ln\u00ed mesh spir\u00e1lka zaji\u0161\u0165uje konzistentn\u00ed a bohatou chu\u0165.<\/li>\n<li><strong>Praktick\u00fd design<\/strong>: Dob\u00edjec\u00ed pomoc\u00ed portu Type-C a LED obrazovky pro sledov\u00e1n\u00ed.<\/li>\n<li><strong>Bezkonkuren\u010dn\u00ed rozmanitost<\/strong>: 41 p\u0159\u00edchut\u00ed, kter\u00e9 vyhov\u00ed ka\u017ed\u00e9 preferenci.<\/li>\n<li><strong>P\u0159enosn\u00fd a stylov\u00fd<\/strong>: Kompaktn\u00ed design s elegantn\u00edm LED displejem.<\/li>\n<\/ul>\n<hr \/>\n<h3>\u010casto kladen\u00e9 ot\u00e1zky<\/h3>\n<p><strong>Q1: Jak dlouho vydr\u017e\u00ed baterie na jedno nabit\u00ed?<\/strong><br \/>\nJednor\u00e1zov\u00e1 e-cigareta RandM 15000 puffs obsahuje dob\u00edjec\u00ed baterii 850mAh, kter\u00e1 poskytuje hodiny nep\u0159etr\u017eit\u00e9ho vapov\u00e1n\u00ed a lze ji snadno dob\u00edt pomoc\u00ed kabelu Type-C.<\/p>\n<p><strong>Q2: Jsou v\u0161ech 41 p\u0159\u00edchut\u00ed dostupn\u00fdch ve v\u0161ech regionech?<\/strong><br \/>\nAno, cel\u00e1 \u0161k\u00e1la 41 p\u0159\u00edchut\u00ed je k dispozici glob\u00e1ln\u011b, tak\u017ee si svou obl\u00edbenou najdete, a\u0165 jste kdekoli.<\/p>\n<p><strong>Ot\u00e1zka 3: Jak\u00e9 jsou dostupn\u00e9 s\u00edly nikotinu?<\/strong><br \/>\nFumot RandM Tornado 15000 Puffs se dod\u00e1v\u00e1 s 2% a 5% mo\u017enostmi nikotinov\u00e9 soli.<\/p>\n<h4>Velkoobchod s Fumot Vape 9k. Kontaktujte n\u00e1s a z\u00edskejte slevu!<\/h4>\n<p><img decoding=\"async\" class=\"size-large wp-image-2921\" src=\"https:\/\/vapestornado.com\/wp-content\/uploads\/2024\/11\/20062b3a285f900e79520aad496b94d-887x1024.jpg\" alt=\"vapestornado Vicky\" width=\"887\" height=\"1024\" srcset=\"https:\/\/vapestornado.com\/wp-content\/uploads\/2024\/11\/20062b3a285f900e79520aad496b94d-887x1024.jpg 887w, https:\/\/vapestornado.com\/wp-content\/uploads\/2024\/11\/20062b3a285f900e79520aad496b94d-260x300.jpg 260w, https:\/\/vapestornado.com\/wp-content\/uploads\/2024\/11\/20062b3a285f900e79520aad496b94d-768x887.jpg 768w, https:\/\/vapestornado.com\/wp-content\/uploads\/2024\/11\/20062b3a285f900e79520aad496b94d-600x693.jpg 600w, https:\/\/vapestornado.com\/wp-content\/uploads\/2024\/11\/20062b3a285f900e79520aad496b94d.jpg 1080w\" sizes=\"(max-width: 887px) 100vw, 887px\" \/><\/p>","protected":false},"excerpt":{"rendered":"<p><strong>Jednor\u00e1zov\u00e1 elektronick\u00e1 cigareta RandM Tornado 15000 Puffs<\/strong> nab\u00edz\u00ed 51 p\u0159\u00edchut\u00ed, 850mAh dob\u00edjec\u00ed baterii, LED displej, du\u00e1ln\u00ed mesh spir\u00e1lku a 15 000 pot\u00e1hnut\u00ed pro prodlou\u017een\u00fd po\u017eitek.<\/p>\n<p><strong><span style=\"color: #ff0000;\">(cena na na\u0161em webu nezahrnuje n\u00e1klady na dopravu, kontaktujte m\u011b, abyste z\u00edskali celkovou cenu a va\u0161i slevu!)<\/span><\/strong><\/p>\n<p><img decoding=\"async\" class=\"size-medium wp-image-2921\" src=\"https:\/\/vapestornado.com\/wp-content\/uploads\/2024\/11\/20062b3a285f900e79520aad496b94d-260x300.jpg\" alt=\"vapestornado Vicky\" width=\"260\" height=\"300\" srcset=\"https:\/\/vapestornado.com\/wp-content\/uploads\/2024\/11\/20062b3a285f900e79520aad496b94d-260x300.jpg 260w, https:\/\/vapestornado.com\/wp-content\/uploads\/2024\/11\/20062b3a285f900e79520aad496b94d-887x1024.jpg 887w, https:\/\/vapestornado.com\/wp-content\/uploads\/2024\/11\/20062b3a285f900e79520aad496b94d-768x887.jpg 768w, https:\/\/vapestornado.com\/wp-content\/uploads\/2024\/11\/20062b3a285f900e79520aad496b94d-600x693.jpg 600w, https:\/\/vapestornado.com\/wp-content\/uploads\/2024\/11\/20062b3a285f900e79520aad496b94d.jpg 1080w\" sizes=\"(max-width: 260px) 100vw, 260px\" \/><\/p>","protected":false},"featured_media":3425,"comment_status":"open","ping_status":"closed","template":"","meta":{"_acf_changed":false,"_uag_custom_page_level_css":"","_lmt_disableupdate":"no","_lmt_disable":"","_monsterinsights_skip_tracking":false,"_monsterinsights_sitenote_active":false,"_monsterinsights_sitenote_note":"","_monsterinsights_sitenote_category":0,"site-sidebar-layout":"default","site-content-layout":"","ast-site-content-layout":"default","site-content-style":"default","site-sidebar-style":"default","ast-global-header-display":"","ast-banner-title-visibility":"","ast-main-header-display":"","ast-hfb-above-header-display":"","ast-hfb-below-header-display":"","ast-hfb-mobile-header-display":"","site-post-title":"","ast-breadcrumbs-content":"","ast-featured-img":"","footer-sml-layout":"","ast-disable-related-posts":"","theme-transparent-header-meta":"default","adv-header-id-meta":"","stick-header-meta":"","header-above-stick-meta":"","header-main-stick-meta":"","header-below-stick-meta":"","astra-migrate-meta-layouts":"set","ast-page-background-enabled":"default","ast-page-background-meta":{"desktop":{"background-color":"","background-image":"","background-repeat":"repeat","background-position":"center center","background-size":"auto","background-attachment":"scroll","background-type":"","background-media":"","overlay-type":"","overlay-color":"","overlay-opacity":"","overlay-gradient":""},"tablet":{"background-color":"","background-image":"","background-repeat":"repeat","background-position":"center center","background-size":"auto","background-attachment":"scroll","background-type":"","background-media":"","overlay-type":"","overlay-color":"","overlay-opacity":"","overlay-gradient":""},"mobile":{"background-color":"","background-image":"","background-repeat":"repeat","background-position":"center center","background-size":"auto","background-attachment":"scroll","background-type":"","background-media":"","overlay-type":"","overlay-color":"","overlay-opacity":"","overlay-gradient":""}},"ast-content-background-meta":{"desktop":{"background-color":"var(--ast-global-color-5)","background-image":"","background-repeat":"repeat","background-position":"center center","background-size":"auto","background-attachment":"scroll","background-type":"","background-media":"","overlay-type":"","overlay-color":"","overlay-opacity":"","overlay-gradient":""},"tablet":{"background-color":"var(--ast-global-color-5)","background-image":"","background-repeat":"repeat","background-position":"center center","background-size":"auto","background-attachment":"scroll","background-type":"","background-media":"","overlay-type":"","overlay-color":"","overlay-opacity":"","overlay-gradient":""},"mobile":{"background-color":"var(--ast-global-color-5)","background-image":"","background-repeat":"repeat","background-position":"center center","background-size":"auto","background-attachment":"scroll","background-type":"","background-media":"","overlay-type":"","overlay-color":"","overlay-opacity":"","overlay-gradient":""}},"_joinchat":{"telephone":"+8618077105750"}},"product_brand":[],"product_cat":[71,150,152,159,142,58,144,148,19],"product_tag":[],"class_list":{"0":"post-3421","1":"product","2":"type-product","3":"status-publish","4":"has-post-thumbnail","6":"product_cat-15000-puff","7":"product_cat-buy-disposable-vapes-in-belgium","8":"product_cat-buy-disposable-vapes-in-cermany","9":"product_cat-buy-disposable-vapes-in-sweden","10":"product_cat-digital-box-disposable-vapes","11":"product_cat-fumot-vape","12":"product_cat-low-nicotine-disposable-vapes","13":"product_cat-tornado-disposable-vapes","14":"product_cat-vapes","15":"desktop-align-left","16":"tablet-align-left","17":"mobile-align-left","19":"first","20":"instock","21":"sale","22":"shipping-taxable","23":"purchasable","24":"product-type-simple"},"acf":[],"uagb_featured_image_src":{"full":["https:\/\/vapestornado.com\/wp-content\/uploads\/2024\/12\/Fumot-RandM-Tornado-15000-Puffs-Review.jpg",1080,1350,false],"thumbnail":["https:\/\/vapestornado.com\/wp-content\/uploads\/2024\/12\/Fumot-RandM-Tornado-15000-Puffs-Review-150x150.jpg",150,150,true],"medium":["https:\/\/vapestornado.com\/wp-content\/uploads\/2024\/12\/Fumot-RandM-Tornado-15000-Puffs-Review-240x300.jpg",240,300,true],"medium_large":["https:\/\/vapestornado.com\/wp-content\/uploads\/2024\/12\/Fumot-RandM-Tornado-15000-Puffs-Review-768x960.jpg",768,960,true],"large":["https:\/\/vapestornado.com\/wp-content\/uploads\/2024\/12\/Fumot-RandM-Tornado-15000-Puffs-Review-819x1024.jpg",819,1024,true],"1536x1536":["https:\/\/vapestornado.com\/wp-content\/uploads\/2024\/12\/Fumot-RandM-Tornado-15000-Puffs-Review.jpg",1080,1350,false],"2048x2048":["https:\/\/vapestornado.com\/wp-content\/uploads\/2024\/12\/Fumot-RandM-Tornado-15000-Puffs-Review.jpg",1080,1350,false],"trp-custom-language-flag":["https:\/\/vapestornado.com\/wp-content\/uploads\/2024\/12\/Fumot-RandM-Tornado-15000-Puffs-Review.jpg",10,12,false],"woocommerce_thumbnail":["https:\/\/vapestornado.com\/wp-content\/uploads\/2024\/12\/Fumot-RandM-Tornado-15000-Puffs-Review-300x300.jpg",300,300,true],"woocommerce_single":["https:\/\/vapestornado.com\/wp-content\/uploads\/2024\/12\/Fumot-RandM-Tornado-15000-Puffs-Review-600x750.jpg",600,750,true],"woocommerce_gallery_thumbnail":["https:\/\/vapestornado.com\/wp-content\/uploads\/2024\/12\/Fumot-RandM-Tornado-15000-Puffs-Review-100x100.jpg",100,100,true]},"uagb_author_info":{"display_name":"ESvicky","author_link":"https:\/\/vapestornado.com\/cs\/author\/"},"uagb_comment_info":0,"uagb_excerpt":"RandM Tornado 15000 Puffs Disposable Vape features 51 flavors, 850mAh rechargeable battery, LED display, dual mesh coil, and 15,000 puffs for extended enjoyment. (our website price not include shipping cost, please contact me to get whole price and your disccount!)","_links":{"self":[{"href":"https:\/\/vapestornado.com\/cs\/wp-json\/wp\/v2\/product\/3421","targetHints":{"allow":["GET"]}}],"collection":[{"href":"https:\/\/vapestornado.com\/cs\/wp-json\/wp\/v2\/product"}],"about":[{"href":"https:\/\/vapestornado.com\/cs\/wp-json\/wp\/v2\/types\/product"}],"replies":[{"embeddable":true,"href":"https:\/\/vapestornado.com\/cs\/wp-json\/wp\/v2\/comments?post=3421"}],"wp:featuredmedia":[{"embeddable":true,"href":"https:\/\/vapestornado.com\/cs\/wp-json\/wp\/v2\/media\/3425"}],"wp:attachment":[{"href":"https:\/\/vapestornado.com\/cs\/wp-json\/wp\/v2\/media?parent=3421"}],"wp:term":[{"taxonomy":"product_brand","embeddable":true,"href":"https:\/\/vapestornado.com\/cs\/wp-json\/wp\/v2\/product_brand?post=3421"},{"taxonomy":"product_cat","embeddable":true,"href":"https:\/\/vapestornado.com\/cs\/wp-json\/wp\/v2\/product_cat?post=3421"},{"taxonomy":"product_tag","embeddable":true,"href":"https:\/\/vapestornado.com\/cs\/wp-json\/wp\/v2\/product_tag?post=3421"}],"curies":[{"name":"wp","href":"https:\/\/api.w.org\/{rel}","templated":true}]}}