{"id":3394,"date":"2024-12-26T07:40:36","date_gmt":"2024-12-26T07:40:36","guid":{"rendered":"https:\/\/vapestornado.com\/?post_type=product&#038;p=3394"},"modified":"2025-08-23T12:25:34","modified_gmt":"2025-08-23T12:25:34","slug":"vookbar-cyber-pro-30000-puffs-touch-screen-2-low-nicotine-rechargeable-disposable-vapes-pen-bulk-buy-wholesale","status":"publish","type":"product","link":"https:\/\/vapestornado.com\/cs\/product\/vookbar-cyber-pro-30000-puffs-touch-screen-2-low-nicotine-rechargeable-disposable-vapes-pen-bulk-buy-wholesale\/","title":{"rendered":"Vookbar Cyber Pro 30000 pot\u00e1hnut\u00ed dotykov\u00fd displej 2% N\u00edzk\u00fd obsah nikotinu Dob\u00edjec\u00ed jednor\u00e1zov\u00e1 vapovac\u00ed tu\u017eka Hromadn\u00fd n\u00e1kup Velkoobchod"},"content":{"rendered":"<h1 class=\"product-title\">Vookbar Cyber Pro 30000 pot\u00e1hnut\u00ed dotykov\u00fd displej 2% N\u00edzk\u00fd obsah nikotinu Dob\u00edjec\u00ed jednor\u00e1zov\u00e1 vapovac\u00ed tu\u017eka Hromadn\u00fd n\u00e1kup Velkoobchod<\/h1>\n<p>Ten <strong>Vookbar Cyber Pro 30000 Potah\u016f<\/strong> je tu, aby nov\u011b definoval jednor\u00e1zov\u00e9 vapov\u00e1n\u00ed. D\u00edky sv\u00e9mu elegantn\u00edmu designu, pokro\u010dil\u00e9 technologii a u\u017eivatelsky p\u0159\u00edv\u011btiv\u00fdm funkc\u00edm je tato e-cigareta ide\u00e1ln\u00ed pro p\u0159\u00edle\u017eitostn\u00e9 u\u017eivatele i zku\u0161en\u00e9 vapery, kte\u0159\u00ed hledaj\u00ed pr\u00e9miov\u00fd z\u00e1\u017eitek.<\/p>\n<h4><strong>Bezkonkuren\u010dn\u00ed \u017eivotnost<\/strong><\/h4>\n<p>Vybaven neuv\u011b\u0159itelnou <strong>30 000 potah\u016f<\/strong> kapacitou, Vookbar Cyber Pro eliminuje pot\u0159ebu \u010dast\u00fdch v\u00fdm\u011bn a zaji\u0161\u0165uje dlouhotrvaj\u00edc\u00ed spokojenost. <strong>22ml z\u00e1sobn\u00edk e-liquidu<\/strong> v\u00e1m umo\u017en\u00ed vychutnat si neru\u0161en\u00e9 vapov\u00e1n\u00ed s va\u0161imi obl\u00edben\u00fdmi p\u0159\u00edchut\u011bmi.<\/p>\n<h4><strong>V\u00fdkonn\u00fd a dob\u00edjec\u00ed<\/strong><\/h4>\n<p>Poh\u00e1n\u011bno <strong>650mAh dob\u00edjec\u00ed baterie<\/strong>, Vookbar Cyber Pro v\u00e1s udr\u017e\u00ed v chodu po cel\u00fd den. <strong>Rychlonab\u00edjec\u00ed port typu C<\/strong> zaji\u0161\u0165uje, \u017ee se m\u016f\u017eete rychle dob\u00edt a bez prodlen\u00ed se vr\u00e1tit k vapov\u00e1n\u00ed.<\/p>\n<h4><strong>Vylep\u0161en\u00e1 chu\u0165 a p\u00e1ra<\/strong><\/h4>\n<p>D\u00edky <strong>syst\u00e9mu du\u00e1ln\u00ed mesh spir\u00e1lky<\/strong>poskytuje toto za\u0159\u00edzen\u00ed bohat\u00e9, konzistentn\u00ed chut\u011b a p\u016fsobivou produkci p\u00e1ry. Nastaviteln\u00fd design proud\u011bn\u00ed vzduchu v\u00e1m d\u00e1v\u00e1 kontrolu nad intenzitou a uspokoj\u00ed jak hladk\u00e9, tak v\u00fdrazn\u00e9 preference vapov\u00e1n\u00ed.<\/p>\n<h4><strong>Technologie chytr\u00e9 dotykov\u00e9 obrazovky<\/strong><\/h4>\n<p>Vookbar Cyber Pro vynik\u00e1 sv\u00fdm <strong>2,1palcov\u00fdm dotykov\u00fdm displejem<\/strong>, kter\u00fd nab\u00edz\u00ed plynulou navigaci mezi jeho funkcemi. D\u00edky Bluetooth konektivit\u011b jej m\u016f\u017eete sp\u00e1rovat s aplikac\u00ed Wearinos a p\u0159izp\u016fsobit si tak sv\u016fj z\u00e1\u017eitek \u2013 upravit nastaven\u00ed, nastavit vlastn\u00ed tapety a dokonce z\u00edskat p\u0159\u00edstup k jedine\u010dn\u00fdm mo\u017enostem, jako jsou vzd\u00e1len\u00e9 selfie a upozorn\u011bn\u00ed.<\/p>\n<h4><strong>Bezpe\u010dnost a pohodl\u00ed<\/strong><\/h4>\n<p>Vookbar Cyber Pro obsahuje <strong>funkci d\u011btsk\u00e9ho z\u00e1mku<\/strong>, d\u00edky \u010demu\u017e je bezpe\u010dn\u011bj\u0161\u00ed volbou pro dom\u00e1cnosti. Je ur\u010den pro u\u017eivatele s n\u00edzk\u00fdm obsahem nikotinu, se silami <strong>0%, 2%, 3% a 5%<\/strong>, kter\u00e9 uspokoj\u00ed r\u016fzn\u00e9 preference.<\/p>\n<h4><strong>V\u00edce ne\u017e jen vapov\u00e1n\u00ed<\/strong><\/h4>\n<p>Posu\u0148te sv\u016fj z\u00e1\u017eitek na vy\u0161\u0161\u00ed \u00farove\u0148 s dal\u0161\u00edmi funkcemi, jako jsou mini-hry a upozorn\u011bn\u00ed ze soci\u00e1ln\u00edch m\u00e9di\u00ed, kter\u00e9 hladce integruj\u00ed vapov\u00e1n\u00ed do va\u0161eho \u017eivotn\u00edho stylu. Toto je v\u00edc ne\u017e jen vape \u2013 je to chytr\u00e9 za\u0159\u00edzen\u00ed pro modern\u00edho u\u017eivatele.<\/p>\n<h3><strong>Pozvedn\u011bte sv\u016fj z\u00e1\u017eitek z vapov\u00e1n\u00ed<\/strong><\/h3>\n<p>A\u0165 u\u017e nakupujete ve velk\u00e9m pro velkoobchod nebo hled\u00e1te vynikaj\u00edc\u00ed jednor\u00e1zov\u00e9 vape pero, <strong>Vookbar Cyber Pro 30000 Potah\u016f<\/strong> nab\u00edz\u00ed dokonalou kombinaci inovace, v\u00fdkonu a stylu. Za\u017eijte budoucnost vapov\u00e1n\u00ed je\u0161t\u011b dnes!<\/p>\n<p><span style=\"color: #ff0000;\"><strong>P\u0159idejte si Amyin Whatsapp, z\u00edskejte okam\u017eitou odpov\u011b\u010f a kup\u00f3n na vape!<\/strong><\/span><\/p>\n<p><img fetchpriority=\"high\" decoding=\"async\" class=\"size-full wp-image-2932\" src=\"https:\/\/vapestornado.com\/wp-content\/uploads\/2024\/12\/Vape-Wholesale.jpg\" alt=\"Velkoobchod s vape\" width=\"229\" height=\"300\" \/><\/p>\n<h3><a href=\"https:\/\/wa.me\/8617776015835\" target=\"_blank\" rel=\"noopener\"><span style=\"color: #ff0000;\"><strong>WhatsApp: +86 17776015835<\/strong><\/span><\/a><\/h3>\n<p>&nbsp;<\/p>\n<h2 class=\"product-title\">Vookbar Cyber Pro 30000 Jednor\u00e1zov\u00e1 Vape<strong> Vlastnosti produktu<\/strong><\/h2>\n<div role=\"article\" data-tabster=\"{&quot;groupper&quot;:{&quot;tabbability&quot;:2},&quot;focusable&quot;:{}}\" data-content=\"ai-message\" aria-labelledby=\"juhNTJ6o7Gk1cgwZMJgv2-author juhNTJ6o7Gk1cgwZMJgv2-content\">\n<div id=\"juhNTJ6o7Gk1cgwZMJgv2-content\">\n<div role=\"article\" data-tabster=\"{&quot;groupper&quot;:{&quot;tabbability&quot;:2},&quot;focusable&quot;:{}}\" data-content=\"ai-message\" aria-labelledby=\"x4EZuCZWrTbh3weWUt7CU-author x4EZuCZWrTbh3weWUt7CU-content\">\n<div id=\"x4EZuCZWrTbh3weWUt7CU-content\">\n<div class=\"flex max-w-full flex-col flex-grow\">\n<div class=\"min-h-8 text-message flex w-full flex-col items-end gap-2 whitespace-normal break-words text-start [.text-message+&amp;]:mt-5\" dir=\"auto\" data-message-author-role=\"assistant\" data-message-id=\"52c6e00a-252f-4104-805d-2f1a84739c71\" data-message-model-slug=\"gpt-4o\">\n<div class=\"flex w-full flex-col gap-1 empty:hidden first:pt-[3px]\">\n<div class=\"markdown prose w-full break-words dark:prose-invert light\">\n<div class=\"flex max-w-full flex-col flex-grow\">\n<div class=\"min-h-8 text-message flex w-full flex-col items-end gap-2 whitespace-normal break-words text-start [.text-message+&amp;]:mt-5\" dir=\"auto\" data-message-author-role=\"assistant\" data-message-id=\"d3382d71-de90-4719-8ad8-700b383ac952\" data-message-model-slug=\"gpt-4o\">\n<div class=\"flex w-full flex-col gap-1 empty:hidden first:pt-[3px]\">\n<div class=\"markdown prose w-full break-words dark:prose-invert light\">\n<h3><\/h3>\n<ol>\n<li><strong>Vysok\u00e1 kapacita pot\u00e1hnut\u00ed<\/strong>: 30 000 pot\u00e1hnut\u00ed pro del\u0161\u00ed pou\u017e\u00edv\u00e1n\u00ed bez v\u00fdm\u011bny.<\/li>\n<li><strong>Velk\u00fd objem e-liquidu<\/strong>: Kapacita 22 ml pro dlouhotrvaj\u00edc\u00ed po\u017eitek z chuti.<\/li>\n<li><strong>V\u00fdkonn\u00e1 baterie<\/strong>: 650mAh dob\u00edjec\u00ed baterie s rychl\u00fdm nab\u00edjen\u00edm Type-C.<\/li>\n<li><strong>Du\u00e1ln\u00ed Mesh spir\u00e1lka<\/strong>: Poskytuje hustou p\u00e1ru a hladk\u00e9, chutn\u00e9 potahy.<\/li>\n<li><strong>Chytr\u00e9 dotykov\u00e9 ovl\u00e1d\u00e1n\u00ed<\/strong>: 2,1palcov\u00fd dotykov\u00fd displej s Bluetooth p\u0159ipojen\u00edm a p\u0159izp\u016fsobiteln\u00fdmi nastaven\u00edmi.<\/li>\n<li><strong>Multifunk\u010dn\u00ed za\u0159\u00edzen\u00ed<\/strong>: Podporuje mini-hry, upozorn\u011bn\u00ed ze soci\u00e1ln\u00edch m\u00e9di\u00ed a dal\u0161\u00ed.<\/li>\n<li><strong>Rozmanitost nikotinu<\/strong>: K dispozici v sil\u00e1ch nikotinu 0%, 2%, 3% a 5%.<\/li>\n<li><strong>Bezpe\u010dnostn\u00ed prvky<\/strong>: Vestav\u011bn\u00fd d\u011btsk\u00fd z\u00e1mek pro spolehlivou ochranu.<\/li>\n<\/ol>\n<\/div>\n<\/div>\n<\/div>\n<\/div>\n<div class=\"mb-2 flex gap-3 empty:hidden -ml-2\">\n<div class=\"items-center justify-start rounded-xl p-1 flex\"><\/div>\n<\/div>\n<\/div>\n<\/div>\n<\/div>\n<\/div>\n<\/div>\n<\/div>\n<\/div>\n<\/div>\n<h2 class=\"product-title\"><strong>Obl\u00edben\u00e1 p\u0159\u00edchu\u0165 pro jednor\u00e1zov\u00e9 e-cigarety Vookbar Cyber Pro 30000<\/strong><\/h2>\n<p>Kolekce nab\u00edz\u00ed rozmanitou \u0161k\u00e1lu p\u0159\u00edchut\u00ed, kombinuj\u00edc\u00ed klasick\u00e9 ovoce, tropick\u00e9 pochoutky a ledov\u00e9 zakon\u010den\u00ed. Od sladk\u00fdch a pikantn\u00edch kombinac\u00ed jako <strong>Broskev Mango<\/strong> a <strong>Jahoda a kiwi<\/strong> a\u017e po osv\u011b\u017euj\u00edc\u00ed mentolov\u00e9 variace, jako je <strong>Vodn\u00ed meloun s ledem<\/strong> a <strong>Ledov\u00e1 modr\u00e1 malina<\/strong>, pro ka\u017ed\u00e9ho n\u011bco.<\/p>\n<p>1. Modr\u00e1 malina s ledem <span style=\"color: #ff0000;\"><strong>&gt;&gt;&gt;&gt; \u017dhav\u00e9 !<\/strong><\/span><br \/>\n2. Broskev s ledem<br \/>\n3. Hrozny s ledem<br \/>\n4. Jahoda s melounem <span style=\"color: #ff0000;\"><strong>&gt;&gt;&gt;&gt; \u017dhav\u00e9 !<\/strong><\/span><br \/>\n5. Jahoda s ban\u00e1nem<br \/>\n6. T\u0159e\u0161e\u0148 s melounem<br \/>\n7. Meloun s ledem<br \/>\n8. Broskev s mangem<br \/>\n9. Jahoda s kiwi<br \/>\n10. B\u00edl\u00e1 jahoda s ledem<br \/>\n11. B\u00edl\u00e9 gumov\u00e9 bonb\u00f3ny s ledem<br \/>\n12. Mra\u017een\u00e1 pinacolada<br \/>\n13. Fcking fab<br \/>\n14. Mojito m\u00edchan\u00e9 bobule <span style=\"color: #ff0000;\"><strong>&gt;&gt;&gt;&gt; Nejlep\u0161\u00ed !<\/strong><\/span><\/p>\n<figure id=\"attachment_3554\" aria-describedby=\"caption-attachment-3554\" style=\"width: 1000px\" class=\"wp-caption alignnone\"><img decoding=\"async\" class=\"wp-image-3554 size-full\" src=\"https:\/\/vapestornado.com\/wp-content\/uploads\/2024\/12\/Bluetooth-Vape-Vookbar-Cyber-\u200b\u200bPro-30000-Puffs-Disposable-Vape-Wholesale.webp\" alt=\"Velkoobchod s jednor\u00e1zov\u00fdmi elektronick\u00fdmi cigaretami Bluetooth Vape Vookbar Cyber \u200b\u200bPro 30000 pot\u00e1hnut\u00ed\" width=\"1000\" height=\"1000\" srcset=\"https:\/\/vapestornado.com\/wp-content\/uploads\/2024\/12\/Bluetooth-Vape-Vookbar-Cyber-\u200b\u200bPro-30000-Puffs-Disposable-Vape-Wholesale.webp 1000w, https:\/\/vapestornado.com\/wp-content\/uploads\/2024\/12\/Bluetooth-Vape-Vookbar-Cyber-\u200b\u200bPro-30000-Puffs-Disposable-Vape-Wholesale-300x300.webp 300w, https:\/\/vapestornado.com\/wp-content\/uploads\/2024\/12\/Bluetooth-Vape-Vookbar-Cyber-\u200b\u200bPro-30000-Puffs-Disposable-Vape-Wholesale-150x150.webp 150w, https:\/\/vapestornado.com\/wp-content\/uploads\/2024\/12\/Bluetooth-Vape-Vookbar-Cyber-\u200b\u200bPro-30000-Puffs-Disposable-Vape-Wholesale-768x768.webp 768w, https:\/\/vapestornado.com\/wp-content\/uploads\/2024\/12\/Bluetooth-Vape-Vookbar-Cyber-\u200b\u200bPro-30000-Puffs-Disposable-Vape-Wholesale-600x600.webp 600w, https:\/\/vapestornado.com\/wp-content\/uploads\/2024\/12\/Bluetooth-Vape-Vookbar-Cyber-\u200b\u200bPro-30000-Puffs-Disposable-Vape-Wholesale-100x100.webp 100w\" sizes=\"(max-width: 1000px) 100vw, 1000px\" \/><figcaption id=\"caption-attachment-3554\" class=\"wp-caption-text\">Velkoobchod s jednor\u00e1zov\u00fdmi elektronick\u00fdmi cigaretami Bluetooth Vape Vookbar Cyber \u200b\u200bPro 30000 pot\u00e1hnut\u00ed<\/figcaption><\/figure>\n<div class=\"flex-shrink-0 flex flex-col relative items-end\">\n<div class=\"pt-0\">\n<div class=\"gizmo-bot-avatar flex h-8 w-8 items-center justify-center overflow-hidden rounded-full\">\n<div class=\"relative p-1 rounded-sm flex items-center justify-center bg-token-main-surface-primary text-token-text-primary h-8 w-8\">\n<h3>\u010cast\u00e9 dotazy k jednor\u00e1zov\u00fdm elektronick\u00fdm cigaret\u00e1m Vookbar Cyber Pro 30000<\/h3>\n<div class=\"flex max-w-full flex-col flex-grow\">\n<div class=\"min-h-8 text-message flex w-full flex-col items-end gap-2 whitespace-normal break-words text-start [.text-message+&amp;]:mt-5\" dir=\"auto\" data-message-author-role=\"assistant\" data-message-id=\"4dc48248-df95-45bd-b800-6dedb43cf7f1\" data-message-model-slug=\"gpt-4o\">\n<div class=\"flex w-full flex-col gap-1 empty:hidden first:pt-[3px]\">\n<div class=\"markdown prose w-full break-words dark:prose-invert light\">\n<ol>\n<li><strong>Jak dlouho vydr\u017e\u00ed Vookbar Cyber Pro 30000 pot\u00e1hnut\u00ed?<\/strong><br \/>\nZa\u0159\u00edzen\u00ed nab\u00edz\u00ed a\u017e 30 000 pot\u00e1hnut\u00ed, co\u017e zaji\u0161\u0165uje prodlou\u017een\u00e9 pou\u017e\u00edv\u00e1n\u00ed bez \u010dast\u00e9 v\u00fdm\u011bny.<\/li>\n<li><strong>Mohu si nastavit proud vzduchu na jednor\u00e1zov\u00e9 vapce Vookbar 30000?<\/strong><br \/>\nAno, nastaviteln\u00e1 funkce proud\u011bn\u00ed vzduchu v\u00e1m umo\u017e\u0148uje p\u0159izp\u016fsobit si inhalaci pro osobn\u00ed z\u00e1\u017eitek z vapingu.<\/li>\n<li><strong>Podporuje jednor\u00e1zov\u00e1 vapka Vookbar Cyber Pro 30k Touch rychl\u00e9 nab\u00edjen\u00ed?<\/strong><br \/>\nAbsolutn\u011b! Je vybavena nab\u00edjec\u00edm portem typu C pro rychl\u00e9 a efektivn\u00ed nab\u00edjen\u00ed.<\/li>\n<li><strong>Jak\u00e9 jsou dostupn\u00e9 s\u00edly nikotinu pro dob\u00edjec\u00ed vapku Vookbar 30000?<\/strong><br \/>\nZa\u0159\u00edzen\u00ed se dod\u00e1v\u00e1 v koncentrac\u00edch nikotinu 0%, 2%, 3% a 5%, kter\u00e9 uspokoj\u00ed r\u016fzn\u00e9 preference.<\/li>\n<li><strong>Jak\u00e9 dal\u0161\u00ed funkce poskytuje dotykov\u00e1 obrazovka?<\/strong><br \/>\n2,1palcov\u00e1 dotykov\u00e1 obrazovka v\u00e1m umo\u017e\u0148uje sledovat nastaven\u00ed, p\u0159ipojovat se p\u0159es Bluetooth, p\u0159izp\u016fsobovat tapety a dokonce d\u00e1lkov\u011b ovl\u00e1dat selfie.<\/li>\n<\/ol>\n<\/div>\n<\/div>\n<\/div>\n<\/div>\n<\/div>\n<\/div>\n<\/div>\n<\/div>\n<div class=\"flex-shrink-0 flex flex-col relative items-end\">\n<div class=\"pt-0\">\n<div class=\"gizmo-bot-avatar flex h-8 w-8 items-center justify-center overflow-hidden rounded-full\">\n<div class=\"relative p-1 rounded-sm flex items-center justify-center bg-token-main-surface-primary text-token-text-primary h-8 w-8\">\n<div class=\"mb-2 flex gap-3 empty:hidden -ml-2\">\n<div role=\"article\" data-tabster=\"{&quot;groupper&quot;:{&quot;tabbability&quot;:2},&quot;focusable&quot;:{}}\" data-content=\"ai-message\" aria-labelledby=\"Vdt5ez4X7Tg813x6rFVha-author Vdt5ez4X7Tg813x6rFVha-content\">\n<div id=\"Vdt5ez4X7Tg813x6rFVha-content\">\n<div role=\"article\" data-tabster=\"{&quot;groupper&quot;:{&quot;tabbability&quot;:2},&quot;focusable&quot;:{}}\" data-content=\"ai-message\" aria-labelledby=\"o968oC7CEo2fGHsGdsRYC-author o968oC7CEo2fGHsGdsRYC-content\">\n<div id=\"o968oC7CEo2fGHsGdsRYC-content\">\n<h3>Pro\u010d si vybrat vapestornado pro velkoobchod s jednor\u00e1zovou vapkou Vookbar 30000 Touch?<\/h3>\n<div class=\"flex-shrink-0 flex flex-col relative items-end\">\n<div class=\"pt-0\">\n<div class=\"gizmo-bot-avatar flex h-8 w-8 items-center justify-center overflow-hidden rounded-full\">\n<div class=\"relative p-1 rounded-sm flex items-center justify-center bg-token-main-surface-primary text-token-text-primary h-8 w-8\">\n<p>V\u00edtejte ve vapestornado, va\u0161em d\u016fv\u011bryhodn\u00e9m online obchod\u011b s vapovac\u00edmi pot\u0159ebami pro pr\u00e9miov\u00e9 jednor\u00e1zov\u00e9 vapy. S v\u00edce ne\u017e 5let\u00fdmi zku\u0161enostmi v\u00e1m p\u0159in\u00e1\u0161\u00edme obl\u00edben\u00e9 zna\u010dky jednor\u00e1zov\u00fdch vape, jako jsou Fumot RandM Vape, <a href=\"https:\/\/vapestornado.com\/cs\/product-category\/vapme-shisha\/\">Vapme<\/a>, Bang Vape, Waspe Vape a WGA Vape, atd.<\/p>\n<p>N\u00e1\u0161 sortiment zahrnuje \u017ehav\u00e9 vapy, jako je <a href=\"https:\/\/vapestornado.com\/cs\/product\/randm-12000-puffs-fumot-digital-disposable-vape-wholesale-price\/\">RandM Tornado 12000<\/a>, a chu\u0165ov\u011b bohat\u00e9 varianty jako <a href=\"https:\/\/vapestornado.com\/cs\/product\/wga-crystal-pro-max-extra-15000-puffs-rechargeable-disposable-vape-wholesale-bulk-buy\/\">\u00a0WGA Crystal 15k Potah\u016f<\/a> . Ka\u017ed\u00fd produkt je vyb\u00edr\u00e1n s d\u016frazem na kvalitu, hodnotu a rozmanitost, abychom zajistili, \u017ee najdete to prav\u00e9 pro va\u0161e pot\u0159eby. Objevte v\u00fdjime\u010dn\u00e9 slu\u017eby a \u0161irokou \u0161k\u00e1lu \u0161pi\u010dkov\u00fdch produkt\u016f za velkoobchodn\u00ed ceny na vapestornado.<\/p>\n<\/div>\n<p>&nbsp;<\/p>\n<p><strong>Dal\u0161\u00ed obl\u00edben\u00e9 jednor\u00e1zov\u00e9 vapes<\/strong><\/p>\n<p><a href=\"https:\/\/vapestornado.com\/cs\/product\/bang-vape-35000-puffs-low-nicotine-bulk-buy-rechargeable-disposable-vapes-box-wholesale-price\/\">Bang Vape 35000 Potah\u016f <span style=\"color: #ff0000;\"><strong>&gt;&gt;&gt;&gt; J\u00edt !<\/strong><\/span><\/a><\/p>\n<p><a href=\"https:\/\/vapestornado.com\/cs\/product\/vopk-ultra-40000-puffs-2-in-1-digital-screen-rechargeable-disposable-vape\/\">VOPK 40000 Dvojit\u00e1 Chu\u0165<span style=\"color: #ff0000;\"><strong>&gt;&gt;&gt;&gt; J\u00edt !<\/strong><\/span><\/a><\/p>\n<p><a href=\"https:\/\/vapestornado.com\/cs\/product\/bood-twins-46000-puff-double-flavour-low-nicotine-disposable-vape-wholesale-bulk-buy-price\/\">Bood Twins 46000<span style=\"color: #ff0000;\"><strong>&gt;&gt;&gt;&gt; J\u00edt !<\/strong><\/span><\/a><\/p>\n<\/div>\n<\/div>\n<\/div>\n<p>&nbsp;<\/p>\n<\/div>\n<\/div>\n<\/div>\n<\/div>\n<\/div>\n<\/div>\n<\/div>\n<\/div>\n<\/div>","protected":false},"excerpt":{"rendered":"<p>Jednor\u00e1zov\u00e1 e-cigareta Hot Vookbar Cyber Pro 30000 Puffs 2% s n\u00edzk\u00fdm obsahem nikotinu<br \/>\nVookbar Vape Cyber Pro 30000 Puffs Digit\u00e1ln\u00ed displej Jednor\u00e1zov\u00e1 e-cigareta Velkoobchodn\u00ed n\u00e1kup<br \/>\nVookbar Cyber Pro 30k Dotykov\u00e1 dob\u00edjec\u00ed jednor\u00e1zov\u00e1 e-cigareta Velkoobchod<\/p>\n<p><strong>P\u0159idejte si Amy na WhatsApp pro rychlou odpov\u011b\u010f a kup\u00f3n na vapky!<\/strong><\/p>\n<p><img fetchpriority=\"high\" decoding=\"async\" class=\"size-full wp-image-2932\" src=\"https:\/\/vapestornado.com\/wp-content\/uploads\/2024\/12\/Vape-Wholesale.jpg\" alt=\"Velkoobchod s vape\" width=\"229\" height=\"300\" \/><\/p>\n<h3><a href=\"https:\/\/wa.me\/8617776015835\"><span style=\"color: #ff0000;\"><strong>WhatsApp: +86 17776015835<\/strong><\/span><\/a><\/h3>\n<p>&nbsp;<\/p>","protected":false},"featured_media":3388,"comment_status":"open","ping_status":"closed","template":"","meta":{"_acf_changed":false,"_uag_custom_page_level_css":"","_lmt_disableupdate":"no","_lmt_disable":"","_monsterinsights_skip_tracking":false,"_monsterinsights_sitenote_active":false,"_monsterinsights_sitenote_note":"","_monsterinsights_sitenote_category":0,"site-sidebar-layout":"default","site-content-layout":"","ast-site-content-layout":"default","site-content-style":"default","site-sidebar-style":"default","ast-global-header-display":"","ast-banner-title-visibility":"","ast-main-header-display":"","ast-hfb-above-header-display":"","ast-hfb-below-header-display":"","ast-hfb-mobile-header-display":"","site-post-title":"","ast-breadcrumbs-content":"","ast-featured-img":"","footer-sml-layout":"","ast-disable-related-posts":"","theme-transparent-header-meta":"default","adv-header-id-meta":"","stick-header-meta":"","header-above-stick-meta":"","header-main-stick-meta":"","header-below-stick-meta":"","astra-migrate-meta-layouts":"set","ast-page-background-enabled":"default","ast-page-background-meta":{"desktop":{"background-color":"","background-image":"","background-repeat":"repeat","background-position":"center center","background-size":"auto","background-attachment":"scroll","background-type":"","background-media":"","overlay-type":"","overlay-color":"","overlay-opacity":"","overlay-gradient":""},"tablet":{"background-color":"","background-image":"","background-repeat":"repeat","background-position":"center center","background-size":"auto","background-attachment":"scroll","background-type":"","background-media":"","overlay-type":"","overlay-color":"","overlay-opacity":"","overlay-gradient":""},"mobile":{"background-color":"","background-image":"","background-repeat":"repeat","background-position":"center center","background-size":"auto","background-attachment":"scroll","background-type":"","background-media":"","overlay-type":"","overlay-color":"","overlay-opacity":"","overlay-gradient":""}},"ast-content-background-meta":{"desktop":{"background-color":"var(--ast-global-color-5)","background-image":"","background-repeat":"repeat","background-position":"center center","background-size":"auto","background-attachment":"scroll","background-type":"","background-media":"","overlay-type":"","overlay-color":"","overlay-opacity":"","overlay-gradient":""},"tablet":{"background-color":"var(--ast-global-color-5)","background-image":"","background-repeat":"repeat","background-position":"center center","background-size":"auto","background-attachment":"scroll","background-type":"","background-media":"","overlay-type":"","overlay-color":"","overlay-opacity":"","overlay-gradient":""},"mobile":{"background-color":"var(--ast-global-color-5)","background-image":"","background-repeat":"repeat","background-position":"center center","background-size":"auto","background-attachment":"scroll","background-type":"","background-media":"","overlay-type":"","overlay-color":"","overlay-opacity":"","overlay-gradient":""}},"_joinchat":{"telephone":"+8617776015835"}},"product_brand":[],"product_cat":[140,67,150,154,160,142,146],"product_tag":[165,105,97,166,94,207,208],"class_list":{"0":"post-3394","1":"product","2":"type-product","3":"status-publish","4":"has-post-thumbnail","6":"product_cat-big-puffs-disposable-vapes","7":"product_cat-30000-puff","8":"product_cat-buy-disposable-vapes-in-belgium","9":"product_cat-buy-disposable-vapes-in-netherlands","10":"product_cat-buy-disposable-vapes-in-switzerland","11":"product_cat-digital-box-disposable-vapes","12":"product_cat-rechargeable-disposable-vapes","13":"product_tag-cheap-vapes","14":"product_tag-digital-disposable-vape","15":"product_tag-hot-sale-disposable-vape","16":"product_tag-low-nicotine-vape","17":"product_tag-rechargeable-disposable-vape","18":"product_tag-vookbar-cyber-pro-30000","19":"product_tag-vookbar-vape","20":"desktop-align-left","21":"tablet-align-left","22":"mobile-align-left","24":"first","25":"instock","26":"sale","27":"shipping-taxable","28":"purchasable","29":"product-type-simple"},"acf":[],"uagb_featured_image_src":{"full":["https:\/\/vapestornado.com\/wp-content\/uploads\/2024\/12\/Vookbar-Cyber-\u200b\u200bPro-30k-Vape-Wholesale.jpg",1000,1000,false],"thumbnail":["https:\/\/vapestornado.com\/wp-content\/uploads\/2024\/12\/Vookbar-Cyber-\u200b\u200bPro-30k-Vape-Wholesale-150x150.jpg",150,150,true],"medium":["https:\/\/vapestornado.com\/wp-content\/uploads\/2024\/12\/Vookbar-Cyber-\u200b\u200bPro-30k-Vape-Wholesale-300x300.jpg",300,300,true],"medium_large":["https:\/\/vapestornado.com\/wp-content\/uploads\/2024\/12\/Vookbar-Cyber-\u200b\u200bPro-30k-Vape-Wholesale-768x768.jpg",768,768,true],"large":["https:\/\/vapestornado.com\/wp-content\/uploads\/2024\/12\/Vookbar-Cyber-\u200b\u200bPro-30k-Vape-Wholesale.jpg",1000,1000,false],"1536x1536":["https:\/\/vapestornado.com\/wp-content\/uploads\/2024\/12\/Vookbar-Cyber-\u200b\u200bPro-30k-Vape-Wholesale.jpg",1000,1000,false],"2048x2048":["https:\/\/vapestornado.com\/wp-content\/uploads\/2024\/12\/Vookbar-Cyber-\u200b\u200bPro-30k-Vape-Wholesale.jpg",1000,1000,false],"trp-custom-language-flag":["https:\/\/vapestornado.com\/wp-content\/uploads\/2024\/12\/Vookbar-Cyber-\u200b\u200bPro-30k-Vape-Wholesale.jpg",12,12,false],"woocommerce_thumbnail":["https:\/\/vapestornado.com\/wp-content\/uploads\/2024\/12\/Vookbar-Cyber-\u200b\u200bPro-30k-Vape-Wholesale-300x300.jpg",300,300,true],"woocommerce_single":["https:\/\/vapestornado.com\/wp-content\/uploads\/2024\/12\/Vookbar-Cyber-\u200b\u200bPro-30k-Vape-Wholesale-600x600.jpg",600,600,true],"woocommerce_gallery_thumbnail":["https:\/\/vapestornado.com\/wp-content\/uploads\/2024\/12\/Vookbar-Cyber-\u200b\u200bPro-30k-Vape-Wholesale-100x100.jpg",100,100,true]},"uagb_author_info":{"display_name":"ESAMY","author_link":"https:\/\/vapestornado.com\/cs\/author\/"},"uagb_comment_info":0,"uagb_excerpt":"Hot Vookbar Cyber Pro 30000 Puffs 2% Low Nicotine Disposable Vape Vookbar Vape Cyber Pro 30000 Puffs Digital Display Disposable Vape Bulk Buy Vookbar Cyber Pro 30k Touch Rechargeable Disposable Vape Wholesale Add Amy's whatsapp get right reply and vape coupon! WhatsApp: +86 17776015835 &nbsp;","_links":{"self":[{"href":"https:\/\/vapestornado.com\/cs\/wp-json\/wp\/v2\/product\/3394","targetHints":{"allow":["GET"]}}],"collection":[{"href":"https:\/\/vapestornado.com\/cs\/wp-json\/wp\/v2\/product"}],"about":[{"href":"https:\/\/vapestornado.com\/cs\/wp-json\/wp\/v2\/types\/product"}],"replies":[{"embeddable":true,"href":"https:\/\/vapestornado.com\/cs\/wp-json\/wp\/v2\/comments?post=3394"}],"wp:featuredmedia":[{"embeddable":true,"href":"https:\/\/vapestornado.com\/cs\/wp-json\/wp\/v2\/media\/3388"}],"wp:attachment":[{"href":"https:\/\/vapestornado.com\/cs\/wp-json\/wp\/v2\/media?parent=3394"}],"wp:term":[{"taxonomy":"product_brand","embeddable":true,"href":"https:\/\/vapestornado.com\/cs\/wp-json\/wp\/v2\/product_brand?post=3394"},{"taxonomy":"product_cat","embeddable":true,"href":"https:\/\/vapestornado.com\/cs\/wp-json\/wp\/v2\/product_cat?post=3394"},{"taxonomy":"product_tag","embeddable":true,"href":"https:\/\/vapestornado.com\/cs\/wp-json\/wp\/v2\/product_tag?post=3394"}],"curies":[{"name":"wp","href":"https:\/\/api.w.org\/{rel}","templated":true}]}}