{"id":3386,"date":"2024-12-26T06:35:55","date_gmt":"2024-12-26T06:35:55","guid":{"rendered":"https:\/\/vapestornado.com\/?post_type=product&#038;p=3386"},"modified":"2025-08-23T08:57:06","modified_gmt":"2025-08-23T08:57:06","slug":"bood-30k-puffs-geek-bar-cheap-price-rechargeable-vape","status":"publish","type":"product","link":"https:\/\/vapestornado.com\/cs\/product\/bood-30k-puffs-geek-bar-cheap-price-rechargeable-vape\/","title":{"rendered":"BOOD 30k Puffs Geek Bar levn\u00e1 cena dob\u00edjec\u00ed Vape"},"content":{"rendered":"<h1>BOOD INFINITY 30k Puffs Geek Bar Levn\u00e1 cena Dob\u00edjec\u00ed vapka<\/h1>\n<p>&nbsp;<\/p>\n<div role=\"article\" data-tabster=\"{&quot;groupper&quot;:{&quot;tabbability&quot;:2},&quot;focusable&quot;:{}}\" data-content=\"ai-message\" aria-labelledby=\"64JRvXrTnY7mRmPkEQLLT-author 64JRvXrTnY7mRmPkEQLLT-content\">\n<div id=\"64JRvXrTnY7mRmPkEQLLT-content\">\n<p data-start=\"300\" data-end=\"543\">Ten <strong data-start=\"304\" data-end=\"358\">BOOD INFINITY 30000 pot\u00e1hnut\u00ed Jednor\u00e1zov\u00e1 vape Geek Bar<\/strong> kombinuje kapacitu, styl a v\u00fdkon v jednom v\u00fdkonn\u00e9m za\u0159\u00edzen\u00ed. S a\u017e <strong data-start=\"436\" data-end=\"452\">30 000 potah\u016f<\/strong> a <strong data-start=\"459\" data-end=\"490\">650mAh dob\u00edjec\u00ed baterie<\/strong>zaji\u0161\u0165uje dlouhodob\u00e9 pou\u017e\u00edv\u00e1n\u00ed a z\u00e1rove\u0148 sni\u017euje mno\u017estv\u00ed odpadu.<\/p>\n<p data-start=\"545\" data-end=\"844\">Je vybaveno <strong data-start=\"562\" data-end=\"600\">E-liquid<\/strong>u\u017eivatel\u00e9 mohou kontrolovat stav baterie a hladinu e-liquidu v re\u00e1ln\u00e9m \u010dase pro bezprobl\u00e9mov\u00fd z\u00e1\u017eitek. The <strong data-start=\"693\" data-end=\"718\">syst\u00e9mu du\u00e1ln\u00ed mesh spir\u00e1lky<\/strong> zvy\u0161uje hustotu p\u00e1ry a konzistenci chuti, zat\u00edmco <strong data-start=\"776\" data-end=\"798\">Nastaviteln\u00fd pr\u016ftok vzduchu<\/strong> umo\u017e\u0148uje ka\u017ed\u00e9mu u\u017eivateli p\u0159izp\u016fsobit si potah.<\/p>\n<p data-start=\"846\" data-end=\"1065\">Kompaktn\u00ed a odoln\u00fd, <strong data-start=\"871\" data-end=\"908\">BOOD INFINITY 30K Jednor\u00e1zov\u00e1 Vape<\/strong> poskytuje hladk\u00e1 oblaka a bohatou chu\u0165, co\u017e z n\u011bj \u010din\u00ed praktickou volbu pro velkoobchodn\u00edky, maloobchodn\u00edky a jednotliv\u00e9 u\u017eivatele, kte\u0159\u00ed hledaj\u00ed spolehliv\u00e9 velkokapacitn\u00ed vapes.<\/p>\n<\/div>\n<\/div>\n<p><img fetchpriority=\"high\" decoding=\"async\" class=\"alignleft wp-image-2951 size-medium\" src=\"https:\/\/vapestornado.com\/wp-content\/uploads\/2024\/12\/Wholesale-Disposable-Vape-265x300.jpg\" alt=\"Velkoobchodn\u00ed jednor\u00e1zov\u00e9 Vape\" width=\"265\" height=\"300\" srcset=\"https:\/\/vapestornado.com\/wp-content\/uploads\/2024\/12\/Wholesale-Disposable-Vape-265x300.jpg 265w, https:\/\/vapestornado.com\/wp-content\/uploads\/2024\/12\/Wholesale-Disposable-Vape-768x871.jpg 768w, https:\/\/vapestornado.com\/wp-content\/uploads\/2024\/12\/Wholesale-Disposable-Vape-600x680.jpg 600w, https:\/\/vapestornado.com\/wp-content\/uploads\/2024\/12\/Wholesale-Disposable-Vape.jpg 823w\" sizes=\"(max-width: 265px) 100vw, 265px\" \/><\/p>\n<h6>Pro slevovou cenu kontaktujte Mandy na WhatsApp:<a href=\"https:\/\/wa.me\/8618077105796\" target=\"_blank\" rel=\"noopener\">+8618077105796<\/a><\/h6>\n<div class=\"flex max-w-full flex-col flex-grow\">\n<div class=\"min-h-8 text-message flex w-full flex-col items-end gap-2 whitespace-normal break-words text-start [.text-message+&amp;]:mt-5\" dir=\"auto\" data-message-author-role=\"assistant\" data-message-id=\"cdb991c0-f594-4bff-b2d5-fbbdd7ce9e54\" data-message-model-slug=\"gpt-4o-mini\">\n<div class=\"flex w-full flex-col gap-1 empty:hidden first:pt-[3px]\">\n<div class=\"markdown prose w-full break-words dark:prose-invert light\"><\/div>\n<\/div>\n<\/div>\n<\/div>\n<div class=\"mb-2 flex gap-3 empty:hidden -ml-2\">\n<h2><strong>Specifikace hork\u00fdch vapek BOOD INFINITY 30K PUFF<\/strong><\/h2>\n<ul>\n<li><strong>Masivn\u00ed kapacita 30 tis\u00edc potah\u016f<\/strong>: Navr\u017eeno pro del\u0161\u00ed vapovac\u00ed seance, nab\u00edz\u00ed a\u017e 30 000 potah\u016f pro skute\u010dn\u011b dlouhotrvaj\u00edc\u00ed z\u00e1\u017eitek.<\/li>\n<li><strong>E-liquid<\/strong>: Obsahuje integrovan\u00fd displej pro sledov\u00e1n\u00ed hladiny e-liquidu a \u017eivotnosti baterie, co\u017e zaji\u0161\u0165uje plynul\u00e9 pou\u017e\u00edv\u00e1n\u00ed bez p\u0159eru\u0161en\u00ed.<\/li>\n<li><strong>Pokro\u010dil\u00e1 technologie dvojit\u00e9 mesh c\u00edvky<\/strong>: Poskytuje zv\u00fd\u0161enou intenzitu chuti, hladkou produkci p\u00e1ry a uspokojiv\u00fd tah s ka\u017ed\u00fdm potahem.<\/li>\n<li><strong>Dob\u00edjec\u00ed design s kompatibilitou USB<\/strong>: Vyrobeno s ekologick\u00fdm dob\u00edjec\u00edm syst\u00e9mem, kter\u00fd eliminuje pot\u0159ebu \u010dast\u00fdch v\u00fdm\u011bn.<\/li>\n<li><strong>Vysokokapacitn\u00ed baterie 650 mAh<\/strong>: Nab\u00edz\u00ed spolehliv\u00fd a konzistentn\u00ed v\u00fdkon, sp\u00e1rovan\u00fd s rychl\u00fdm nab\u00edjen\u00edm pro maxim\u00e1ln\u00ed pohodl\u00ed.<\/li>\n<\/ul>\n<\/div>\n<h2>Seznam p\u0159\u00edchut\u00ed hromadn\u00e9ho n\u00e1kupu vape bood 30k Puffs:<\/h2>\n<p>1 JAHODOV\u00dd VODN\u00cd MELOUN<br \/>\n2 BROSKEV MANGO ANANAS<br \/>\n3 SVIE\u017dI LED<br \/>\n4 OVOCN\u00c1 EXPLOZE<br \/>\n5 JAHODA KIWI<br \/>\n6 HAVAJ<br \/>\n7 MODR\u00c1 RAZZ LED<br \/>\n8 BOR\u016eVKOV\u00c1 LIMON\u00c1DA<br \/>\n9 \u010cERN\u00dd LED<br \/>\n10 TIFFANY<\/p>\n<div role=\"article\" data-tabster=\"{&quot;groupper&quot;:{&quot;tabbability&quot;:2},&quot;focusable&quot;:{}}\" data-content=\"ai-message\" aria-labelledby=\"dARUyEWDoEYhnSPXFwx5A-author dARUyEWDoEYhnSPXFwx5A-content\">\n<div id=\"dARUyEWDoEYhnSPXFwx5A-content\">\n<h3>Pro\u010d si vybrat BOOD INFINITY 30K Puffs na vapestornado.com?<\/h3>\n<p>BOOD INFINITY 30K Puffs vynik\u00e1 jako z\u00e1sadn\u00ed zm\u011bna ve sv\u011bt\u011b vapov\u00e1n\u00ed a vapestornado.com je va\u0161e c\u00edlov\u00e1 destinace, kde si m\u016f\u017eete vychutnat jeho pln\u00fd potenci\u00e1l. Zde je pro\u010d:<\/p>\n<ol>\n<li><strong>Obrovsk\u00e1 kapacita potah\u016f:<\/strong> S neuv\u011b\u0159itelnou <strong>\u017eivotnost\u00ed 30 000 pot\u00e1hnut\u00ed<\/strong>, je BOOD INFINITY navr\u017eeno pro dlouhodob\u00e9 pou\u017e\u00edv\u00e1n\u00ed, sni\u017euje pot\u0159ebu \u010dast\u00fdch v\u00fdm\u011bn a nab\u00edz\u00ed v\u00fdjime\u010dnou hodnotu.<\/li>\n<li><strong>Pokro\u010dil\u00e1 technologie:<\/strong> D\u00edky <strong>Dvojit\u00e1 Mesh C\u00edvka<\/strong>, toto za\u0159\u00edzen\u00ed zaji\u0161\u0165uje hustou produkci p\u00e1ry a bohat\u00e9, konzistentn\u00ed chut\u011b, co\u017e zlep\u0161uje ka\u017ed\u00e9 pot\u00e1hnut\u00ed pro prvot\u0159\u00eddn\u00ed z\u00e1\u017eitek z vapov\u00e1n\u00ed.<\/li>\n<li><strong>Chytr\u00e9 monitorov\u00e1n\u00ed:<\/strong> Ten <strong>E-liquid<\/strong> poskytuje aktu\u00e1ln\u00ed informace o hladin\u011b e-liquidu a stavu baterie, co\u017e v\u00e1m zajist\u00ed neust\u00e1lou kontrolu nad va\u0161\u00edm vapov\u00e1n\u00edm.<\/li>\n<li><strong>P\u0159izp\u016fsobiteln\u00fd z\u00e1\u017eitek:<\/strong> D\u00edky <strong>nastaviteln\u00fd syst\u00e9m proud\u011bn\u00ed vzduchu<\/strong>, m\u016f\u017eete si p\u0159izp\u016fsobit sv\u016fj styl vapov\u00e1n\u00ed tak, aby vyhovoval va\u0161im preferenc\u00edm, a\u0165 u\u017e d\u00e1v\u00e1te p\u0159ednost t\u011bsn\u011bj\u0161\u00edmu nebo voln\u011bj\u0161\u00edmu potahu.<\/li>\n<li><strong>Ekologick\u00fd design:<\/strong> Vybaveno <strong>dob\u00edjec\u00ed baterie 650 mAh<\/strong>, BOOD INFINITY podporuje udr\u017eiteln\u00e9 vapov\u00e1n\u00ed minimalizac\u00ed odpadu.<\/li>\n<li><strong>Konkurenceschopn\u00e9 ceny:<\/strong> Na vapestornado.com nab\u00edz\u00edme toto vysoce v\u00fdkonn\u00e9 za\u0159\u00edzen\u00ed za <strong>n\u00edzk\u00e1 cena<\/strong>, co\u017e v\u00e1m zajist\u00ed pr\u00e9miovou kvalitu, ani\u017e byste zat\u00ed\u017eili sv\u016fj rozpo\u010det.<\/li>\n<li><strong>Rychl\u00e9 a spolehliv\u00e9 doru\u010den\u00ed:<\/strong> V\u0161echny objedn\u00e1vky jsou odes\u00edl\u00e1ny rychle a bezpe\u010dn\u011b, s mo\u017enostmi doru\u010den\u00ed, kter\u00e9 spln\u00ed va\u0161e pot\u0159eby.<\/li>\n<\/ol>\n<p>vapestornado.com se zavazuje poskytovat \u0161pi\u010dkov\u00e9 produkty pro vapov\u00e1n\u00ed a v\u00fdjime\u010dn\u00fd z\u00e1kaznick\u00fd servis. Nakupujte je\u0161t\u011b dnes a zjist\u011bte, pro\u010d je BOOD INFINITY 30K Puffs ide\u00e1ln\u00ed volbou pro dlouhotrvaj\u00edc\u00ed, funkcemi nabit\u00fd a cenov\u011b dostupn\u00fd z\u00e1\u017eitek z vapov\u00e1n\u00ed!<\/p>\n<\/div>\n<\/div>\n<h3>\u010casto kladen\u00e9 dotazy o BOOD INFINITY 30k Puffs<\/h3>\n<p><strong>1. Jak dlouho vydr\u017e\u00ed BOOD INFINITY 30K Puffs?<\/strong><br \/>\nBOOD INFINITY je navr\u017een tak, aby poskytoval a\u017e 30 000 pot\u00e1hnut\u00ed, co\u017e z n\u011bj \u010din\u00ed vynikaj\u00edc\u00ed volbu pro dlouhodob\u00e9 pou\u017e\u00edv\u00e1n\u00ed bez \u010dast\u00fdch v\u00fdm\u011bn. Skute\u010dn\u00e1 doba pou\u017e\u00edv\u00e1n\u00ed se m\u016f\u017ee li\u0161it v z\u00e1vislosti na individu\u00e1ln\u00edch zvyklostech vapov\u00e1n\u00ed.<\/p>\n<p><strong>2. Vy\u017eaduje bood vapes 30000 puffs nab\u00edjen\u00ed?<\/strong><br \/>\nAno, BOOD INFINITY disponuje dob\u00edjec\u00ed <strong>Baterie 650 mAh<\/strong> bateri\u00ed, kter\u00e1 zaji\u0161\u0165uje konzistentn\u00ed v\u00fdkon. Jednodu\u0161e pou\u017eijte kompatibiln\u00ed nab\u00edjec\u00ed kabel k dobit\u00ed za\u0159\u00edzen\u00ed, kdy\u017e je to pot\u0159eba.<\/p>\n<p><strong>3. \u010c\u00edm se BOOD INFINITY 30k Puffs li\u0161\u00ed od ostatn\u00edch jednor\u00e1zov\u00fdch vap\u016f?<\/strong><br \/>\nTento vape vynik\u00e1 d\u00edky sv\u00e9mu <strong>E-liquid<\/strong>displeji, kter\u00fd umo\u017e\u0148uje u\u017eivatel\u016fm snadno sledovat hladinu e-liquidu i \u017eivotnost baterie. Nav\u00edc jeho <strong>technologie Double Mesh Coil<\/strong> zaji\u0161\u0165uje hlad\u0161\u00ed p\u00e1ru a bohat\u00e9 chut\u011b s ka\u017ed\u00fdm pot\u00e1hnut\u00edm.<\/p>\n<p>4.<strong>Jak dlouho trv\u00e1 doru\u010den\u00ed m\u00e9 objedn\u00e1vky a odkud je odes\u00edl\u00e1na?<\/strong><br \/>\nV\u00fdroba BOOD INFINITY trv\u00e1 <strong>3-5 pracovn\u00edch dn\u016f<\/strong>a po odesl\u00e1n\u00ed trv\u00e1 <strong>10-15 pracovn\u00edch dn\u016f<\/strong> ne\u017e bal\u00ed\u010dek doraz\u00ed. V\u0161echny produkty jsou odes\u00edl\u00e1ny p\u0159\u00edmo z <strong>\u010c\u00edny<\/strong>.<\/p>\n<p>dal\u0161\u00ed vapes, kter\u00e9 by se v\u00e1m mohly l\u00edbit:<a href=\"https:\/\/vapestornado.com\/cs\/product-category\/bood-disposable-vapes\/\">BOOD VAPE JEDNOR\u00c1ZOV\u00c9<\/a>\u00a0 \u00a0<a href=\"https:\/\/vapestornado.com\/cs\/product-category\/30000-puff\/\">30000 pot\u00e1hnut\u00ed vape hork\u00fd prodej\u00a0<\/a><\/p>","protected":false},"excerpt":{"rendered":"<p>BOOD 30k Puffs Geek Bar Vape: Cenov\u011b dostupn\u00e1, dob\u00edjec\u00ed vapka s 30 000 potahy. Nakupujte nyn\u00ed pr\u00e9miovou kvalitu za nejlep\u0161\u00ed cenu!<\/p>\n<figure id=\"attachment_2951\" aria-describedby=\"caption-attachment-2951\" style=\"width: 265px\" class=\"wp-caption alignnone\"><img decoding=\"async\" class=\"size-medium wp-image-2951\" src=\"https:\/\/vapestornado.com\/wp-content\/uploads\/2024\/12\/Wholesale-Disposable-Vape-265x300.jpg\" alt=\"Velkoobchodn\u00ed jednor\u00e1zov\u00e9 Vape\" width=\"265\" height=\"300\" srcset=\"https:\/\/vapestornado.com\/wp-content\/uploads\/2024\/12\/Wholesale-Disposable-Vape-265x300.jpg 265w, https:\/\/vapestornado.com\/wp-content\/uploads\/2024\/12\/Wholesale-Disposable-Vape-768x871.jpg 768w, https:\/\/vapestornado.com\/wp-content\/uploads\/2024\/12\/Wholesale-Disposable-Vape-600x680.jpg 600w, https:\/\/vapestornado.com\/wp-content\/uploads\/2024\/12\/Wholesale-Disposable-Vape.jpg 823w\" sizes=\"(max-width: 265px) 100vw, 265px\" \/><figcaption id=\"caption-attachment-2951\" class=\"wp-caption-text\">Pro slevovou cenu kontaktujte Mandy na WhatsApp\u00a0 <a href=\"https:\/\/wa.me\/8618077105796\">+8618077105796<\/a><\/figcaption><\/figure>\n<p>&nbsp;<\/p>","protected":false},"featured_media":3495,"comment_status":"open","ping_status":"closed","template":"","meta":{"_acf_changed":false,"_uag_custom_page_level_css":"","_lmt_disableupdate":"no","_lmt_disable":"","_monsterinsights_skip_tracking":false,"_monsterinsights_sitenote_active":false,"_monsterinsights_sitenote_note":"","_monsterinsights_sitenote_category":0,"site-sidebar-layout":"default","site-content-layout":"","ast-site-content-layout":"default","site-content-style":"default","site-sidebar-style":"default","ast-global-header-display":"","ast-banner-title-visibility":"","ast-main-header-display":"","ast-hfb-above-header-display":"","ast-hfb-below-header-display":"","ast-hfb-mobile-header-display":"","site-post-title":"","ast-breadcrumbs-content":"","ast-featured-img":"","footer-sml-layout":"","ast-disable-related-posts":"","theme-transparent-header-meta":"default","adv-header-id-meta":"","stick-header-meta":"","header-above-stick-meta":"","header-main-stick-meta":"","header-below-stick-meta":"","astra-migrate-meta-layouts":"set","ast-page-background-enabled":"default","ast-page-background-meta":{"desktop":{"background-color":"","background-image":"","background-repeat":"repeat","background-position":"center center","background-size":"auto","background-attachment":"scroll","background-type":"","background-media":"","overlay-type":"","overlay-color":"","overlay-opacity":"","overlay-gradient":""},"tablet":{"background-color":"","background-image":"","background-repeat":"repeat","background-position":"center center","background-size":"auto","background-attachment":"scroll","background-type":"","background-media":"","overlay-type":"","overlay-color":"","overlay-opacity":"","overlay-gradient":""},"mobile":{"background-color":"","background-image":"","background-repeat":"repeat","background-position":"center center","background-size":"auto","background-attachment":"scroll","background-type":"","background-media":"","overlay-type":"","overlay-color":"","overlay-opacity":"","overlay-gradient":""}},"ast-content-background-meta":{"desktop":{"background-color":"var(--ast-global-color-5)","background-image":"","background-repeat":"repeat","background-position":"center center","background-size":"auto","background-attachment":"scroll","background-type":"","background-media":"","overlay-type":"","overlay-color":"","overlay-opacity":"","overlay-gradient":""},"tablet":{"background-color":"var(--ast-global-color-5)","background-image":"","background-repeat":"repeat","background-position":"center center","background-size":"auto","background-attachment":"scroll","background-type":"","background-media":"","overlay-type":"","overlay-color":"","overlay-opacity":"","overlay-gradient":""},"mobile":{"background-color":"var(--ast-global-color-5)","background-image":"","background-repeat":"repeat","background-position":"center center","background-size":"auto","background-attachment":"scroll","background-type":"","background-media":"","overlay-type":"","overlay-color":"","overlay-opacity":"","overlay-gradient":""}},"_joinchat":{"telephone":"+8618077105796"}},"product_brand":[],"product_cat":[67,64,140,193,149,150,151,152,153,154,155,156,157,158,58],"product_tag":[209,97],"class_list":{"0":"post-3386","1":"product","2":"type-product","3":"status-publish","4":"has-post-thumbnail","6":"product_cat-30000-puff","7":"product_cat-bangbox-vape","8":"product_cat-big-puffs-disposable-vapes","9":"product_cat-bood-disposable-vapes","10":"product_cat-buy-disposable-vapes-in-austria","11":"product_cat-buy-disposable-vapes-in-belgium","12":"product_cat-buy-disposable-vapes-in-france","13":"product_cat-buy-disposable-vapes-in-cermany","14":"product_cat-buy-disposable-vapes-in-italy","15":"product_cat-buy-disposable-vapes-in-netherlands","16":"product_cat-buy-disposable-vapes-in-norway","17":"product_cat-buy-disposable-vapes-in-poland","18":"product_cat-buy-disposable-vapes-in-portugal","19":"product_cat-buy-disposable-vapes-in-spain","20":"product_cat-fumot-vape","21":"product_tag-bood-infinity-30k-puffs","22":"product_tag-hot-sale-disposable-vape","23":"desktop-align-left","24":"tablet-align-left","25":"mobile-align-left","27":"first","28":"instock","29":"sale","30":"shipping-taxable","31":"purchasable","32":"product-type-simple"},"acf":[],"uagb_featured_image_src":{"full":["https:\/\/vapestornado.com\/wp-content\/uploads\/2024\/12\/bood-infinity-30k-blue-razz-ice-cheap-price.jpg",800,800,false],"thumbnail":["https:\/\/vapestornado.com\/wp-content\/uploads\/2024\/12\/bood-infinity-30k-blue-razz-ice-cheap-price-150x150.jpg",150,150,true],"medium":["https:\/\/vapestornado.com\/wp-content\/uploads\/2024\/12\/bood-infinity-30k-blue-razz-ice-cheap-price-300x300.jpg",300,300,true],"medium_large":["https:\/\/vapestornado.com\/wp-content\/uploads\/2024\/12\/bood-infinity-30k-blue-razz-ice-cheap-price-768x768.jpg",768,768,true],"large":["https:\/\/vapestornado.com\/wp-content\/uploads\/2024\/12\/bood-infinity-30k-blue-razz-ice-cheap-price.jpg",800,800,false],"1536x1536":["https:\/\/vapestornado.com\/wp-content\/uploads\/2024\/12\/bood-infinity-30k-blue-razz-ice-cheap-price.jpg",800,800,false],"2048x2048":["https:\/\/vapestornado.com\/wp-content\/uploads\/2024\/12\/bood-infinity-30k-blue-razz-ice-cheap-price.jpg",800,800,false],"trp-custom-language-flag":["https:\/\/vapestornado.com\/wp-content\/uploads\/2024\/12\/bood-infinity-30k-blue-razz-ice-cheap-price.jpg",12,12,false],"woocommerce_thumbnail":["https:\/\/vapestornado.com\/wp-content\/uploads\/2024\/12\/bood-infinity-30k-blue-razz-ice-cheap-price-300x300.jpg",300,300,true],"woocommerce_single":["https:\/\/vapestornado.com\/wp-content\/uploads\/2024\/12\/bood-infinity-30k-blue-razz-ice-cheap-price-600x600.jpg",600,600,true],"woocommerce_gallery_thumbnail":["https:\/\/vapestornado.com\/wp-content\/uploads\/2024\/12\/bood-infinity-30k-blue-razz-ice-cheap-price-100x100.jpg",100,100,true]},"uagb_author_info":{"display_name":"ESMANDY","author_link":"https:\/\/vapestornado.com\/cs\/author\/"},"uagb_comment_info":0,"uagb_excerpt":"BOOD 30k Puffs Geek Bar Vape: Rechargeable, affordable vape with 30,000 puffs. Shop now for premium quality at the best price! [caption id=\"attachment_2951\" align=\"alignnone\" width=\"265\"] Pls Contact Mandy's WhatsApp For Discount Price\u00a0 +8618077105796[\/caption] &nbsp;","_links":{"self":[{"href":"https:\/\/vapestornado.com\/cs\/wp-json\/wp\/v2\/product\/3386","targetHints":{"allow":["GET"]}}],"collection":[{"href":"https:\/\/vapestornado.com\/cs\/wp-json\/wp\/v2\/product"}],"about":[{"href":"https:\/\/vapestornado.com\/cs\/wp-json\/wp\/v2\/types\/product"}],"replies":[{"embeddable":true,"href":"https:\/\/vapestornado.com\/cs\/wp-json\/wp\/v2\/comments?post=3386"}],"wp:featuredmedia":[{"embeddable":true,"href":"https:\/\/vapestornado.com\/cs\/wp-json\/wp\/v2\/media\/3495"}],"wp:attachment":[{"href":"https:\/\/vapestornado.com\/cs\/wp-json\/wp\/v2\/media?parent=3386"}],"wp:term":[{"taxonomy":"product_brand","embeddable":true,"href":"https:\/\/vapestornado.com\/cs\/wp-json\/wp\/v2\/product_brand?post=3386"},{"taxonomy":"product_cat","embeddable":true,"href":"https:\/\/vapestornado.com\/cs\/wp-json\/wp\/v2\/product_cat?post=3386"},{"taxonomy":"product_tag","embeddable":true,"href":"https:\/\/vapestornado.com\/cs\/wp-json\/wp\/v2\/product_tag?post=3386"}],"curies":[{"name":"wp","href":"https:\/\/api.w.org\/{rel}","templated":true}]}}