{"id":3385,"date":"2024-12-26T03:09:17","date_gmt":"2024-12-26T03:09:17","guid":{"rendered":"https:\/\/vapestornado.com\/?post_type=product&#038;p=3385"},"modified":"2025-08-23T11:12:32","modified_gmt":"2025-08-23T11:12:32","slug":"wga-crystal-plus-20000-puff-vape-2-in-1-rechargeable-disposable-vape-wholesale-bulk-buy","status":"publish","type":"product","link":"https:\/\/vapestornado.com\/cs\/product\/wga-crystal-plus-20000-puff-vape-2-in-1-rechargeable-disposable-vape-wholesale-bulk-buy\/","title":{"rendered":"WGA Crystal Plus 20000 pot\u00e1hnut\u00ed Vape 2 v 1 dob\u00edjec\u00ed jednor\u00e1zov\u00fd vape velkoobchodn\u00ed hromadn\u00fd n\u00e1kup"},"content":{"rendered":"<h1 class=\"product-title\">WGA Crystal Plus 20000 pot\u00e1hnut\u00ed Vape 2 v 1 dob\u00edjec\u00ed jednor\u00e1zov\u00fd vape velkoobchodn\u00ed hromadn\u00fd n\u00e1kup<\/h1>\n<p data-start=\"239\" data-end=\"582\">Ten <strong data-start=\"243\" data-end=\"275\">WGA Crystal Plus 20000 potah\u016f<\/strong> je praktick\u00e1 2v1 volba pro <strong data-start=\"309\" data-end=\"360\">prodejce, distributory a B2B hromadn\u00e9 odb\u011bratele v \u010cesk\u00e9 republice<\/strong> kte\u0159\u00ed cht\u011bj\u00ed rozmanitost bez nutnosti dr\u017eet dal\u0161\u00ed SKU. Ka\u017ed\u00e9 za\u0159\u00edzen\u00ed poskytuje a\u017e <strong data-start=\"433\" data-end=\"449\">20 000 pot\u00e1hnut\u00ed<\/strong> a umo\u017e\u0148uje z\u00e1kazn\u00edk\u016fm <strong data-start=\"469\" data-end=\"511\">okam\u017eit\u011b p\u0159ep\u00ednat mezi dv\u011bma p\u0159ednapln\u011bn\u00fdmi p\u0159\u00edchut\u011bmi<\/strong> \u2014 ide\u00e1ln\u00ed pro obchody nab\u00edzej\u00edc\u00ed sm\u00ed\u0161en\u00e9 chu\u0165ov\u00e9 profily v jednom produktu.<\/p>\n<p data-start=\"584\" data-end=\"988\">A <strong data-start=\"586\" data-end=\"616\">dob\u00edjec\u00ed design Type\u2011C<\/strong> pom\u00e1h\u00e1 zajistit pln\u00e9 vyu\u017eit\u00ed podu, sni\u017euje pl\u00fdtv\u00e1n\u00ed e-liquidem a vr\u00e1cen\u00ed zbo\u017e\u00ed. Krystalov\u00e9 t\u011blo je kompaktn\u00ed pro vystaven\u00ed na pultu i no\u0161en\u00ed v kapse, zat\u00edmco \u010dist\u00fd v\u00fdstup p\u0159\u00edchut\u011b podporuje opakovan\u00fd prodej v prodejn\u00e1ch s ob\u010derstven\u00edm a specializovan\u00fdch vape kan\u00e1lech. <strong data-start=\"850\" data-end=\"881\">R\u016fzn\u00e9 s\u00edly nikotinu<\/strong> (dostupnost se li\u0161\u00ed podle trhu) \u010din\u00ed \u0159adu vhodnou jak pro lehk\u00e9 u\u017eivatele, tak pro pravideln\u00e9 u\u017eivatele po cel\u00e9 \u010cesk\u00e9 republice.<\/p>\n<p data-start=\"990\" data-end=\"1021\"><strong data-start=\"990\" data-end=\"1021\">Pro\u010d to funguje pro velkoobchod:<\/strong><\/p>\n<ul data-start=\"1022\" data-end=\"1325\">\n<li data-start=\"1022\" data-end=\"1079\">\n<p data-start=\"1024\" data-end=\"1079\"><strong data-start=\"1024\" data-end=\"1037\">20 000 potah\u016f<\/strong> za jednotku pro del\u0161\u00ed cykly prodeje<\/p>\n<\/li>\n<li data-start=\"1080\" data-end=\"1157\">\n<p data-start=\"1082\" data-end=\"1157\"><strong data-start=\"1082\" data-end=\"1105\">2\u2011v\u20111 du\u00e1ln\u00ed p\u0159\u00edchu\u0165<\/strong> p\u0159ep\u00edn\u00e1n\u00ed = \u0161ir\u0161\u00ed atraktivita, m\u00e9n\u011b variant na sklad\u011b<\/p>\n<\/li>\n<li data-start=\"1158\" data-end=\"1238\">\n<p data-start=\"1160\" data-end=\"1238\"><strong data-start=\"1160\" data-end=\"1187\">Dob\u00edjec\u00ed p\u0159es Type\u2011C<\/strong> pro lep\u0161\u00ed vyu\u017eit\u00ed a spokojenost z\u00e1kazn\u00edk\u016f<\/p>\n<\/li>\n<li data-start=\"1239\" data-end=\"1325\">\n<p data-start=\"1241\" data-end=\"1325\"><strong data-start=\"1241\" data-end=\"1284\">Bulk\u2011friendly packaging<\/strong>, zam\u011b\u0159eno na maloobchodn\u00edky a distributory v \u010cR<\/p>\n<\/li>\n<\/ul>\n<p><span style=\"color: #ff0000;\"><strong>P\u0159idejte si Amyin Whatsapp, z\u00edskejte okam\u017eitou odpov\u011b\u010f a kup\u00f3n na vape!<\/strong><\/span><\/p>\n<p><img fetchpriority=\"high\" decoding=\"async\" class=\"size-full wp-image-2932\" src=\"https:\/\/vapestornado.com\/wp-content\/uploads\/2024\/12\/Vape-Wholesale.jpg\" alt=\"Velkoobchod s vape\" width=\"229\" height=\"300\" \/><\/p>\n<h3><a href=\"https:\/\/wa.me\/8617776015835\" target=\"_blank\" rel=\"noopener\"><span style=\"color: #ff0000;\"><strong>WhatsApp: +86 17776015835<\/strong><\/span><\/a><\/h3>\n<p>&nbsp;<\/p>\n<h2 class=\"product-title\">WGA Crystal Plus 20000 Jednor\u00e1zov\u00e1 Vape<strong> Vlastnosti produktu<\/strong><\/h2>\n<div role=\"article\" data-tabster=\"{&quot;groupper&quot;:{&quot;tabbability&quot;:2},&quot;focusable&quot;:{}}\" data-content=\"ai-message\" aria-labelledby=\"juhNTJ6o7Gk1cgwZMJgv2-author juhNTJ6o7Gk1cgwZMJgv2-content\">\n<div id=\"juhNTJ6o7Gk1cgwZMJgv2-content\">\n<div role=\"article\" data-tabster=\"{&quot;groupper&quot;:{&quot;tabbability&quot;:2},&quot;focusable&quot;:{}}\" data-content=\"ai-message\" aria-labelledby=\"x4EZuCZWrTbh3weWUt7CU-author x4EZuCZWrTbh3weWUt7CU-content\">\n<div id=\"x4EZuCZWrTbh3weWUt7CU-content\">\n<div class=\"flex max-w-full flex-col flex-grow\">\n<div class=\"min-h-8 text-message flex w-full flex-col items-end gap-2 whitespace-normal break-words text-start [.text-message+&amp;]:mt-5\" dir=\"auto\" data-message-author-role=\"assistant\" data-message-id=\"52c6e00a-252f-4104-805d-2f1a84739c71\" data-message-model-slug=\"gpt-4o\">\n<div class=\"flex w-full flex-col gap-1 empty:hidden first:pt-[3px]\">\n<div class=\"markdown prose w-full break-words dark:prose-invert light\">\n<h4><\/h4>\n<h4><strong>Bezkonkuren\u010dn\u00ed kapacita pot\u00e1hnut\u00ed<\/strong><\/h4>\n<p>S <strong>20 000 pot\u00e1hnut\u00ed<\/strong>, Crystal Plus zaji\u0161\u0165uje dlouhodob\u00e9 pou\u017e\u00edv\u00e1n\u00ed, co\u017e z n\u011bj \u010din\u00ed spolehliv\u00e9ho spole\u010dn\u00edka pro prodlou\u017een\u00e9 vapovac\u00ed sezen\u00ed.<\/p>\n<h4><strong>\u010cir\u00fd LCD displej<\/strong><\/h4>\n<p>Za\u0159\u00edzen\u00ed je vybaveno <strong>k\u0159i\u0161\u0165\u00e1lov\u011b \u010distou LCD obrazovkou<\/strong> kter\u00e1 v\u00e1s informuje o stavu baterie a hladin\u011b e-liquidu, \u010d\u00edm\u017e eliminuje dohady.<\/p>\n<h4><strong>Dob\u00edjec\u00ed baterie 650 mAh<\/strong><\/h4>\n<p>Poh\u00e1n\u011bno <strong>650mAh dob\u00edjec\u00ed baterie<\/strong>, tato vapka je navr\u017eena pro dlouhou \u017eivotnost a pohodl\u00ed. Ten <strong>Nab\u00edjec\u00ed port USB typu C<\/strong> zaji\u0161\u0165uje rychl\u00e9 a efektivn\u00ed dob\u00edjen\u00ed, tak\u017ee m\u016f\u017eete tr\u00e1vit v\u00edce \u010dasu vapov\u00e1n\u00edm a m\u00e9n\u011b \u010dek\u00e1n\u00edm.<\/p>\n<h4><strong>Technologie du\u00e1ln\u00ed mesh spir\u00e1lky<\/strong><\/h4>\n<p>Vybaveno pokro\u010dilou <strong>dvojit\u00e9 mesh spir\u00e1lky<\/strong>, Crystal Plus poskytuje hladkou, konzistentn\u00ed p\u00e1ru a bohatou chu\u0165 s ka\u017ed\u00fdm potahem. Tato technologie zvy\u0161uje efektivitu e-liquidu a zaji\u0161\u0165uje uspokojiv\u00fd z\u00e1\u017eitek z vapov\u00e1n\u00ed Mouth-to-Lung (MTL).<\/p>\n<h4><strong>18 Vynikaj\u00edc\u00edch p\u0159\u00edchut\u00ed<\/strong><\/h4>\n<p>Vyberte si z r\u016fzn\u00fdch <strong>18 pe\u010dliv\u011b vytvo\u0159en\u00fdch p\u0159\u00edchut\u00ed<\/strong>, z nich\u017e ka\u017ed\u00e1 je navr\u017eena tak, aby pot\u011b\u0161ila va\u0161e chu\u0165ov\u00e9 poh\u00e1rky. Od ovocn\u00fdch po m\u00e1tov\u00e9 a dal\u0161\u00ed, pro ka\u017ed\u00e9ho se n\u011bco najde.<\/p>\n<h4><strong>Baleno pro pohodl\u00ed<\/strong><\/h4>\n<p>Dostupn\u00e9 v <strong>Hromadn\u00e9 balen\u00ed po 10 kusech<\/strong>, WGA Crystal Plus je vynikaj\u00edc\u00ed volbou pro velkoobchodn\u00edky, maloobchodn\u00edky nebo kohokoli, kdo si chce z\u00e1sobit vysoce v\u00fdkonnou jednor\u00e1zovou vapku.<\/p>\n<\/div>\n<\/div>\n<\/div>\n<\/div>\n<div class=\"mb-2 flex gap-3 empty:hidden -ml-2\">\n<p>&nbsp;<\/p>\n<\/div>\n<\/div>\n<\/div>\n<\/div>\n<\/div>\n<h2 class=\"product-title\"><strong>Obl\u00edben\u00e1 p\u0159\u00edchu\u0165 pro jednor\u00e1zov\u00e9 vapky WGA Crystal Plus 20000 pot\u00e1hnut\u00ed<\/strong><\/h2>\n<p>1.MODR\u00c1 MALINA T\u0158E\u0160E\u0147\/\u0160UMIV\u00c1 T\u0158E\u0160E\u0147<br \/>\n2.MODR\u00c1 MALINA \u017dV\u00ddKA\u010cKA\/MODR\u00c1 MALINA\u00a0 <span style=\"color: #ff0000;\"><strong>&gt;&gt;&gt;&gt; \u017dhav\u00e9 !<\/strong><\/span><br \/>\n3.MODR\u00c1 MALINA LIMON\u00c1DA\/COLA CITRON<br \/>\n4.SV\u011a\u017d\u00cd M\u00c1TA\/DVOJIT\u00dd MENTOL<br \/>\n5.GUMOV\u00dd MEDV\u00cdDEK\/SKITTLES <span style=\"color: #ff0000;\"><strong>&gt;&gt;&gt;&gt; Nejlep\u0161\u00ed !<\/strong><\/span><br \/>\n6.HEISENBERG\/R\u016e\u017dOV\u00dd MU\u017d<br \/>\n7. CITRON<br \/>\n8. ANANASOV\u00dd LED \/ ANANAS BROSKVOV\u00c9 MANGO<br \/>\n9. ANANASOV\u00dd CITRON \/ HROZNOV\u00dd LED<br \/>\n10. LETN\u00cd SEN \/ T\u0158E\u0160\u0147OV\u00c1 COLA S LEDEM<br \/>\n11. JAHODOV\u00c1 ZMRZLINA \/ JAHODOV\u00dd BAN\u00c1N<br \/>\n12. JAHODOV\u00c1 MALINOV\u00c1 LED \/ BOR\u016eVKOV\u00c1 T\u0158E\u0160E\u0147 BRUSINKA <span style=\"color: #ff0000;\"><strong>&gt;&gt;&gt;&gt; \u017dhav\u00e9 !<\/strong><\/span><br \/>\n13. TROJIT\u00c9 MANGO \/ KIWI MARAKUJA GUAVA<br \/>\n14. MELOUNOV\u00dd LED \/ DVOJIT\u00c9 JABLKO<br \/>\n15. MELOUNOV\u00c1 HUBBA BUBBA \/ BOR\u016eVKOV\u00c1 HUBBA BUBBA<br \/>\n16. BAN\u00c1NOV\u00dd LED \/ GUAVA LED<br \/>\n17. BOR\u016eVKOV\u00dd LED\/JAHODOV\u00dd LED <span style=\"color: #ff0000;\"><strong>&gt;&gt;&gt;&gt; \u017dhav\u00e9 !<\/strong><\/span><br \/>\n18. BOR\u016eVKOV\u00c1 LEDOV\u00c1 L\u00cdZ\u00c1TKO\/JAHODOV\u00c1 LEDOV\u00c1 L\u00cdZ\u00c1TKO<br \/>\n19. T\u0158E\u0160\u0147OV\u00dd LED\/POMERAN\u010cOV\u00dd LED<br \/>\n20. \u0160\u0164AVNAT\u00c1 BROSKEV\/BROSKEV JABLKO LED <span style=\"color: #ff0000;\"><strong>&gt;&gt;&gt;&gt; \u017dhav\u00e9 !<\/strong><\/span><\/p>\n<div class=\"flex-shrink-0 flex flex-col relative items-end\">\n<div class=\"pt-0\">\n<div class=\"gizmo-bot-avatar flex h-8 w-8 items-center justify-center overflow-hidden rounded-full\">\n<div class=\"relative p-1 rounded-sm flex items-center justify-center bg-token-main-surface-primary text-token-text-primary h-8 w-8\">\n<figure id=\"attachment_3374\" aria-describedby=\"caption-attachment-3374\" style=\"width: 1000px\" class=\"wp-caption alignnone\"><img decoding=\"async\" class=\"wp-image-3374 size-full\" src=\"https:\/\/vapestornado.com\/wp-content\/uploads\/2024\/12\/WGA-Crystal-20K-Puffs-Disposable-Vape-Bulk-Buy.jpg\" alt=\"WGA Crystal 20K Puffs Jednor\u00e1zov\u00e1 Vape Velkoobchodn\u00ed N\u00e1kup\" width=\"1000\" height=\"520\" srcset=\"https:\/\/vapestornado.com\/wp-content\/uploads\/2024\/12\/WGA-Crystal-20K-Puffs-Disposable-Vape-Bulk-Buy.jpg 1000w, https:\/\/vapestornado.com\/wp-content\/uploads\/2024\/12\/WGA-Crystal-20K-Puffs-Disposable-Vape-Bulk-Buy-300x156.jpg 300w, https:\/\/vapestornado.com\/wp-content\/uploads\/2024\/12\/WGA-Crystal-20K-Puffs-Disposable-Vape-Bulk-Buy-768x399.jpg 768w, https:\/\/vapestornado.com\/wp-content\/uploads\/2024\/12\/WGA-Crystal-20K-Puffs-Disposable-Vape-Bulk-Buy-600x312.jpg 600w\" sizes=\"(max-width: 1000px) 100vw, 1000px\" \/><figcaption id=\"caption-attachment-3374\" class=\"wp-caption-text\">WGA Crystal 20K Puffs Jednor\u00e1zov\u00e1 Vape Velkoobchodn\u00ed N\u00e1kup<\/figcaption><\/figure>\n<h2>\u010casto kladen\u00e9 ot\u00e1zky pro WGA Crystal Plus 20000 Jednor\u00e1zov\u00e1 Vape<\/h2>\n<div class=\"flex max-w-full flex-col flex-grow\">\n<div class=\"min-h-8 text-message flex w-full flex-col items-end gap-2 whitespace-normal break-words text-start [.text-message+&amp;]:mt-5\" dir=\"auto\" data-message-author-role=\"assistant\" data-message-id=\"4dc48248-df95-45bd-b800-6dedb43cf7f1\" data-message-model-slug=\"gpt-4o\">\n<div class=\"flex w-full flex-col gap-1 empty:hidden first:pt-[3px]\">\n<div class=\"markdown prose w-full break-words dark:prose-invert light\">\n<h3><\/h3>\n<ol>\n<li><strong>\u010c\u00edm je WGA Crystal Plus 20000 Puffs jedine\u010dn\u00fd?<\/strong><br \/>\nTen <strong>WGA Crystal Plus 20000 potah\u016f<\/strong> obsahuje <strong>syst\u00e9m dvou p\u0159\u00edchut\u00ed<\/strong>, kter\u00fd v\u00e1m umo\u017e\u0148uje p\u0159ep\u00ednat mezi dv\u011bma p\u0159edpln\u011bn\u00fdmi p\u0159\u00edchut\u011bmi v jednom za\u0159\u00edzen\u00ed a nab\u00edz\u00ed bezkonkuren\u010dn\u00ed v\u0161estrannost a pohodl\u00ed.<\/li>\n<li><strong>Jak zkontroluji stav baterie a hladinu e-liquidu na WGA Crystal Plus 20k?<\/strong><br \/>\nToto za\u0159\u00edzen\u00ed obsahuje <strong>k\u0159i\u0161\u0165\u00e1lov\u011b \u010dist\u00fd LCD displej<\/strong>, kter\u00fd zobrazuje jak \u017eivotnost baterie, tak hladinu e-liquidu, tak\u017ee jste v\u017edy informov\u00e1ni o stavu va\u0161\u00ed vape.<\/li>\n<li><strong>Jak\u00e9 p\u0159\u00edchut\u011b jsou k dispozici pro WGA Crystal 20000 Dual Flavor Vape?<\/strong><br \/>\nNa v\u00fdb\u011br je <strong>18 vzru\u0161uj\u00edc\u00edch kombinac\u00ed p\u0159\u00edchut\u00ed<\/strong>, jako nap\u0159\u00edklad <strong>Blue Razz Cherry<\/strong> a <strong>Melounov\u00fd led<\/strong>, kter\u00e9 uspokoj\u00ed r\u016fzn\u00e9 chu\u0165ov\u00e9 preference.<\/li>\n<li><strong>Mohu dob\u00edt jednor\u00e1zovou vapovac\u00ed sadu WGA Crystal 20k Puff?<\/strong><br \/>\nAno, je dod\u00e1v\u00e1no s <strong>dob\u00edjec\u00ed baterie 650 mAh<\/strong> a <strong>nab\u00edjec\u00edm portem typu C<\/strong>, co\u017e umo\u017e\u0148uje rychl\u00e9 a pohodln\u00e9 dob\u00edjen\u00ed pro del\u0161\u00ed pou\u017e\u00edv\u00e1n\u00ed.<\/li>\n<li><strong>Je WGA Crystal Plus 20000 vhodn\u00fd pro vapov\u00e1n\u00ed stylem Mouth-to-Lung (MTL)?<\/strong><br \/>\nAbsolutn\u011b! Jeho <strong>technologie du\u00e1ln\u00ed mesh spir\u00e1lky<\/strong> zaji\u0161\u0165uje hladkou produkci p\u00e1ry, tak\u017ee je ide\u00e1ln\u00ed pro MTL vapery, kte\u0159\u00ed si u\u017e\u00edvaj\u00ed kontrolovan\u00e9 a chutn\u00e9 potahy.<\/li>\n<\/ol>\n<\/div>\n<\/div>\n<\/div>\n<\/div>\n<div class=\"mb-2 flex gap-3 empty:hidden -ml-2\">\n<div class=\"items-center justify-start rounded-xl p-1 flex\"><\/div>\n<\/div>\n<\/div>\n<\/div>\n<\/div>\n<\/div>\n<div class=\"flex-shrink-0 flex flex-col relative items-end\">\n<div class=\"pt-0\">\n<div class=\"gizmo-bot-avatar flex h-8 w-8 items-center justify-center overflow-hidden rounded-full\">\n<div class=\"relative p-1 rounded-sm flex items-center justify-center bg-token-main-surface-primary text-token-text-primary h-8 w-8\">\n<div class=\"mb-2 flex gap-3 empty:hidden -ml-2\">\n<div role=\"article\" data-tabster=\"{&quot;groupper&quot;:{&quot;tabbability&quot;:2},&quot;focusable&quot;:{}}\" data-content=\"ai-message\" aria-labelledby=\"Vdt5ez4X7Tg813x6rFVha-author Vdt5ez4X7Tg813x6rFVha-content\">\n<div id=\"Vdt5ez4X7Tg813x6rFVha-content\">\n<div role=\"article\" data-tabster=\"{&quot;groupper&quot;:{&quot;tabbability&quot;:2},&quot;focusable&quot;:{}}\" data-content=\"ai-message\" aria-labelledby=\"o968oC7CEo2fGHsGdsRYC-author o968oC7CEo2fGHsGdsRYC-content\">\n<div id=\"o968oC7CEo2fGHsGdsRYC-content\">\n<p>&nbsp;<\/p>\n<h2>Pro\u010d si vybrat vapestornado pro velkoobchodn\u00ed prodej vapovac\u00edch sad WGA Crystal 15000 Puffs?<\/h2>\n<div class=\"flex-shrink-0 flex flex-col relative items-end\">\n<div class=\"pt-0\">\n<div class=\"gizmo-bot-avatar flex h-8 w-8 items-center justify-center overflow-hidden rounded-full\">\n<div class=\"relative p-1 rounded-sm flex items-center justify-center bg-token-main-surface-primary text-token-text-primary h-8 w-8\">\n<p>V\u00edtejte ve vapestornado, va\u0161em d\u016fv\u011bryhodn\u00e9m online obchod\u011b s vapovac\u00edmi pot\u0159ebami pro pr\u00e9miov\u00e9 jednor\u00e1zov\u00e9 vapy. S v\u00edce ne\u017e 5let\u00fdmi zku\u0161enostmi v\u00e1m p\u0159in\u00e1\u0161\u00edme obl\u00edben\u00e9 zna\u010dky jednor\u00e1zov\u00fdch vape, jako jsou Fumot RandM Vape, <a href=\"https:\/\/vapestornado.com\/cs\/product-category\/vapme-shisha\/\">Vapme<\/a>, Bang Vape, Waspe Vape a WGA Vape, atd.<\/p>\n<p>N\u00e1\u0161 sortiment zahrnuje \u017ehav\u00e9 vapy, jako je <a href=\"https:\/\/vapestornado.com\/cs\/product\/randm-12000-puffs-fumot-digital-disposable-vape-wholesale-price\/\">RandM Tornado 12000<\/a>, a chu\u0165ov\u011b bohat\u00e9 varianty jako <a href=\"https:\/\/vapestornado.com\/cs\/product\/wga-crystal-pro-max-extra-15000-puffs-rechargeable-disposable-vape-wholesale-bulk-buy\/\">\u00a0WGA Crystal 15k Potah\u016f<\/a> . Ka\u017ed\u00fd produkt je vyb\u00edr\u00e1n s d\u016frazem na kvalitu, hodnotu a rozmanitost, abychom zajistili, \u017ee najdete to prav\u00e9 pro va\u0161e pot\u0159eby. Objevte v\u00fdjime\u010dn\u00e9 slu\u017eby a \u0161irokou \u0161k\u00e1lu \u0161pi\u010dkov\u00fdch produkt\u016f za velkoobchodn\u00ed ceny na vapestornado.<\/p>\n<\/div>\n<p>&nbsp;<\/p>\n<p><strong>Dal\u0161\u00ed obl\u00edben\u00e9 jednor\u00e1zov\u00e9 vapes<\/strong><\/p>\n<p><a href=\"https:\/\/vapestornado.com\/cs\/product\/bang-vape-35000-puffs-low-nicotine-bulk-buy-rechargeable-disposable-vapes-box-wholesale-price\/\">Bang Vape 35000 Potah\u016f <span style=\"color: #ff0000;\"><strong>&gt;&gt;&gt;&gt; J\u00edt !<\/strong><\/span><\/a><\/p>\n<p><a href=\"https:\/\/vapestornado.com\/cs\/product\/vopk-ultra-40000-puffs-2-in-1-digital-screen-rechargeable-disposable-vape\/\">VOPK 40000 Dvojit\u00e1 Chu\u0165<span style=\"color: #ff0000;\"><strong>&gt;&gt;&gt;&gt; J\u00edt !<\/strong><\/span><\/a><\/p>\n<p><a href=\"https:\/\/vapestornado.com\/cs\/product\/bood-twins-46000-puff-double-flavour-low-nicotine-disposable-vape-wholesale-bulk-buy-price\/\">Bood Twins 46000<span style=\"color: #ff0000;\"><strong>&gt;&gt;&gt;&gt; J\u00edt !<\/strong><\/span><\/a><\/p>\n<\/div>\n<\/div>\n<\/div>\n<p>&nbsp;<\/p>\n<\/div>\n<\/div>\n<\/div>\n<\/div>\n<\/div>\n<\/div>\n<\/div>\n<\/div>\n<\/div>","protected":false},"excerpt":{"rendered":"<p><strong data-start=\"1473\" data-end=\"1505\">WGA Crystal Plus 20000 potah\u016f<\/strong>\u2014a <strong data-start=\"1508\" data-end=\"1552\">2v1 s dvoj\u00ed p\u0159\u00edchut\u00ed, dob\u00edjec\u00ed Type\u2011C<\/strong> jednor\u00e1zov\u00e9 za\u0159\u00edzen\u00ed ur\u010den\u00e9 pro <strong data-start=\"1574\" data-end=\"1606\">velkoobchodn\u00ed a hromadn\u00e9 objedn\u00e1vky v \u010cesk\u00e9 republice<\/strong>. Vysok\u00e1 kapacita, snadn\u00e1 zm\u011bna p\u0159\u00edchut\u011b a balen\u00ed p\u0159\u00e1telsk\u00e9 k prodejc\u016fm pro siln\u00fd a opakovan\u00fd prodej.<\/p>\n<p><strong>P\u0159idejte si Amy na WhatsApp pro rychlou odpov\u011b\u010f a kup\u00f3n na vapky!<\/strong><\/p>\n<p><img fetchpriority=\"high\" decoding=\"async\" class=\"size-full wp-image-2932\" src=\"https:\/\/vapestornado.com\/wp-content\/uploads\/2024\/12\/Vape-Wholesale.jpg\" alt=\"Velkoobchod s vape\" width=\"229\" height=\"300\" \/><\/p>\n<h3><a href=\"https:\/\/wa.me\/8617776015835\"><span style=\"color: #ff0000;\"><strong>WhatsApp: +86 17776015835<\/strong><\/span><\/a><\/h3>\n<p>&nbsp;<\/p>","protected":false},"featured_media":3370,"comment_status":"open","ping_status":"closed","template":"","meta":{"_acf_changed":false,"_uag_custom_page_level_css":"","_lmt_disableupdate":"no","_lmt_disable":"","_monsterinsights_skip_tracking":false,"_monsterinsights_sitenote_active":false,"_monsterinsights_sitenote_note":"","_monsterinsights_sitenote_category":0,"site-sidebar-layout":"default","site-content-layout":"","ast-site-content-layout":"default","site-content-style":"default","site-sidebar-style":"default","ast-global-header-display":"","ast-banner-title-visibility":"","ast-main-header-display":"","ast-hfb-above-header-display":"","ast-hfb-below-header-display":"","ast-hfb-mobile-header-display":"","site-post-title":"","ast-breadcrumbs-content":"","ast-featured-img":"","footer-sml-layout":"","ast-disable-related-posts":"","theme-transparent-header-meta":"default","adv-header-id-meta":"","stick-header-meta":"","header-above-stick-meta":"","header-main-stick-meta":"","header-below-stick-meta":"","astra-migrate-meta-layouts":"set","ast-page-background-enabled":"default","ast-page-background-meta":{"desktop":{"background-color":"","background-image":"","background-repeat":"repeat","background-position":"center center","background-size":"auto","background-attachment":"scroll","background-type":"","background-media":"","overlay-type":"","overlay-color":"","overlay-opacity":"","overlay-gradient":""},"tablet":{"background-color":"","background-image":"","background-repeat":"repeat","background-position":"center center","background-size":"auto","background-attachment":"scroll","background-type":"","background-media":"","overlay-type":"","overlay-color":"","overlay-opacity":"","overlay-gradient":""},"mobile":{"background-color":"","background-image":"","background-repeat":"repeat","background-position":"center center","background-size":"auto","background-attachment":"scroll","background-type":"","background-media":"","overlay-type":"","overlay-color":"","overlay-opacity":"","overlay-gradient":""}},"ast-content-background-meta":{"desktop":{"background-color":"var(--ast-global-color-5)","background-image":"","background-repeat":"repeat","background-position":"center center","background-size":"auto","background-attachment":"scroll","background-type":"","background-media":"","overlay-type":"","overlay-color":"","overlay-opacity":"","overlay-gradient":""},"tablet":{"background-color":"var(--ast-global-color-5)","background-image":"","background-repeat":"repeat","background-position":"center center","background-size":"auto","background-attachment":"scroll","background-type":"","background-media":"","overlay-type":"","overlay-color":"","overlay-opacity":"","overlay-gradient":""},"mobile":{"background-color":"var(--ast-global-color-5)","background-image":"","background-repeat":"repeat","background-position":"center center","background-size":"auto","background-attachment":"scroll","background-type":"","background-media":"","overlay-type":"","overlay-color":"","overlay-opacity":"","overlay-gradient":""}},"_joinchat":{"telephone":"+8617776015835"}},"product_brand":[],"product_cat":[69,151,155,142,146,59],"product_tag":[165,105,97,166,94,205,206,204],"class_list":{"0":"post-3385","1":"product","2":"type-product","3":"status-publish","4":"has-post-thumbnail","6":"product_cat-20000-puff","7":"product_cat-buy-disposable-vapes-in-france","8":"product_cat-buy-disposable-vapes-in-norway","9":"product_cat-digital-box-disposable-vapes","10":"product_cat-rechargeable-disposable-vapes","11":"product_cat-wga-crystal-vape","12":"product_tag-cheap-vapes","13":"product_tag-digital-disposable-vape","14":"product_tag-hot-sale-disposable-vape","15":"product_tag-low-nicotine-vape","16":"product_tag-rechargeable-disposable-vape","17":"product_tag-wga-crystal-20k","18":"product_tag-wga-crystal-plus-20000","19":"product_tag-wga-vape","20":"desktop-align-left","21":"tablet-align-left","22":"mobile-align-left","24":"first","25":"instock","26":"sale","27":"shipping-taxable","28":"purchasable","29":"product-type-simple"},"acf":[],"uagb_featured_image_src":{"full":["https:\/\/vapestornado.com\/wp-content\/uploads\/2024\/12\/WGA-Crystal-Plus-20000-Disposable-Vape-Wholesale.jpg",1000,992,false],"thumbnail":["https:\/\/vapestornado.com\/wp-content\/uploads\/2024\/12\/WGA-Crystal-Plus-20000-Disposable-Vape-Wholesale-150x150.jpg",150,150,true],"medium":["https:\/\/vapestornado.com\/wp-content\/uploads\/2024\/12\/WGA-Crystal-Plus-20000-Disposable-Vape-Wholesale-300x298.jpg",300,298,true],"medium_large":["https:\/\/vapestornado.com\/wp-content\/uploads\/2024\/12\/WGA-Crystal-Plus-20000-Disposable-Vape-Wholesale-768x762.jpg",768,762,true],"large":["https:\/\/vapestornado.com\/wp-content\/uploads\/2024\/12\/WGA-Crystal-Plus-20000-Disposable-Vape-Wholesale.jpg",1000,992,false],"1536x1536":["https:\/\/vapestornado.com\/wp-content\/uploads\/2024\/12\/WGA-Crystal-Plus-20000-Disposable-Vape-Wholesale.jpg",1000,992,false],"2048x2048":["https:\/\/vapestornado.com\/wp-content\/uploads\/2024\/12\/WGA-Crystal-Plus-20000-Disposable-Vape-Wholesale.jpg",1000,992,false],"trp-custom-language-flag":["https:\/\/vapestornado.com\/wp-content\/uploads\/2024\/12\/WGA-Crystal-Plus-20000-Disposable-Vape-Wholesale.jpg",12,12,false],"woocommerce_thumbnail":["https:\/\/vapestornado.com\/wp-content\/uploads\/2024\/12\/WGA-Crystal-Plus-20000-Disposable-Vape-Wholesale-300x300.jpg",300,300,true],"woocommerce_single":["https:\/\/vapestornado.com\/wp-content\/uploads\/2024\/12\/WGA-Crystal-Plus-20000-Disposable-Vape-Wholesale-600x595.jpg",600,595,true],"woocommerce_gallery_thumbnail":["https:\/\/vapestornado.com\/wp-content\/uploads\/2024\/12\/WGA-Crystal-Plus-20000-Disposable-Vape-Wholesale-100x100.jpg",100,100,true]},"uagb_author_info":{"display_name":"ESAMY","author_link":"https:\/\/vapestornado.com\/cs\/author\/"},"uagb_comment_info":0,"uagb_excerpt":"WGA Crystal Plus 20000 Puffs\u2014a 2\u2011in\u20111 dual\u2011flavour, Type\u2011C rechargeable disposable built for EU wholesale and bulk orders. High capacity, easy flavour switch, and retailer\u2011friendly packaging for strong, repeatable sales. Add Amy's whatsapp get right reply and vape coupon! WhatsApp: +86 17776015835 &nbsp;","_links":{"self":[{"href":"https:\/\/vapestornado.com\/cs\/wp-json\/wp\/v2\/product\/3385","targetHints":{"allow":["GET"]}}],"collection":[{"href":"https:\/\/vapestornado.com\/cs\/wp-json\/wp\/v2\/product"}],"about":[{"href":"https:\/\/vapestornado.com\/cs\/wp-json\/wp\/v2\/types\/product"}],"replies":[{"embeddable":true,"href":"https:\/\/vapestornado.com\/cs\/wp-json\/wp\/v2\/comments?post=3385"}],"wp:featuredmedia":[{"embeddable":true,"href":"https:\/\/vapestornado.com\/cs\/wp-json\/wp\/v2\/media\/3370"}],"wp:attachment":[{"href":"https:\/\/vapestornado.com\/cs\/wp-json\/wp\/v2\/media?parent=3385"}],"wp:term":[{"taxonomy":"product_brand","embeddable":true,"href":"https:\/\/vapestornado.com\/cs\/wp-json\/wp\/v2\/product_brand?post=3385"},{"taxonomy":"product_cat","embeddable":true,"href":"https:\/\/vapestornado.com\/cs\/wp-json\/wp\/v2\/product_cat?post=3385"},{"taxonomy":"product_tag","embeddable":true,"href":"https:\/\/vapestornado.com\/cs\/wp-json\/wp\/v2\/product_tag?post=3385"}],"curies":[{"name":"wp","href":"https:\/\/api.w.org\/{rel}","templated":true}]}}