{"id":3383,"date":"2024-12-26T02:33:15","date_gmt":"2024-12-26T02:33:15","guid":{"rendered":"https:\/\/vapestornado.com\/?post_type=product&#038;p=3383"},"modified":"2025-12-09T09:06:34","modified_gmt":"2025-12-09T09:06:34","slug":"wga-crystal-pro-max-extra-15000-puffs-rechargeable-disposable-vape-wholesale-bulk-buy","status":"publish","type":"product","link":"https:\/\/vapestornado.com\/cs\/product\/wga-crystal-pro-max-extra-15000-puffs-rechargeable-disposable-vape-wholesale-bulk-buy\/","title":{"rendered":"WGA Crystal Pro Max Extra 15000 pot\u00e1hnut\u00ed dob\u00edjec\u00ed jednor\u00e1zov\u00fd vape velkoobchodn\u00ed hromadn\u00fd n\u00e1kup"},"content":{"rendered":"<h1 class=\"product-title\">WGA Crystal Pro Max Extra 15000 Puffs Jednor\u00e1zov\u00e1 vape s displejem a hladkost\u00ed s\u00ed\u0165ov\u00e9 c\u00edvky<\/h1>\n<p>WGA Crystal Pro Max Extra 15000 Puffs je velmi prod\u00e1van\u00e1 dob\u00edjec\u00ed jednor\u00e1zov\u00e1 vape, kter\u00e1 m\u00e1 krystalov\u00fd design, 15000 pot\u00e1hnut\u00ed, dob\u00edjec\u00ed jednor\u00e1zov\u00e1 s chut\u00ed d\u00edky s\u00ed\u0165ov\u00e9 c\u00edvce, rychl\u00e9 nab\u00edjen\u00ed Type-C, navr\u017eena pro plynul\u00e9 denn\u00ed vapov\u00e1n\u00ed s nikotinem 2% a 5%.<\/p>\n<p data-start=\"904\" data-end=\"1140\"><strong data-start=\"904\" data-end=\"938\">Vyv\u00e1\u017een\u00fd v\u00fdkon pro dlouhodob\u00e9 pou\u017e\u00edv\u00e1n\u00ed.<\/strong> Ten <strong data-start=\"943\" data-end=\"1013\">WGA Crystal Pro Max Extra 15000 Puffs dob\u00edjec\u00ed jednor\u00e1zov\u00e1 vape<\/strong> je ur\u010dena pro b\u011b\u017en\u00e9 u\u017eivatele, kte\u0159\u00ed cht\u011bj\u00ed za\u0159\u00edzen\u00ed, je\u017e vydr\u017e\u00ed d\u00e9le ne\u017e standardn\u00ed jednor\u00e1zov\u00e9, ani\u017e by bylo objemn\u00e9 v kapse.<\/p>\n<p data-start=\"1144\" data-end=\"1344\"><strong data-start=\"1144\" data-end=\"1181\">V\u0161imn\u011bte si konzistence s\u00ed\u0165ov\u00e9 c\u00edvky.<\/strong> Ten <strong data-start=\"1186\" data-end=\"1236\">WGA 15K s\u00ed\u0165ov\u00e1 c\u00edvka jednor\u00e1zov\u00e1 vape<\/strong> zaji\u0161\u0165uje rovnom\u011brn\u00e9 zah\u0159\u00edv\u00e1n\u00ed, co\u017e znamen\u00e1 hlad\u0161\u00ed tahy a m\u00e9n\u011b drsn\u00fdch pozdn\u00edch tah\u016f, jak po\u010det pot\u00e1hnut\u00ed roste.<\/p>\n<p data-start=\"1348\" data-end=\"1566\"><strong data-start=\"1348\" data-end=\"1382\">Nikotinov\u00e1 s\u00edla p\u0159\u00e1telsk\u00e1 k EU.<\/strong> S pevn\u011b stanoven\u00fdm <strong data-start=\"1396\" data-end=\"1427\">nikotinov\u00fdm jednor\u00e1zov\u00fdm vape 2% a 5%<\/strong> nastaven\u00edm, z\u016fst\u00e1v\u00e1 tah lehk\u00fd a\u017e st\u0159edn\u00ed a p\u0159edv\u00eddateln\u00fd\u2014obl\u00edben\u00fd na trz\u00edch jako <strong data-start=\"1510\" data-end=\"1565\">\u010cesk\u00e1 republika, N\u011bmecko, Nizozemsko, \u0160pan\u011blsko, Francie a Polsko<\/strong>.<\/p>\n<p data-start=\"1570\" data-end=\"1784\"><strong data-start=\"1570\" data-end=\"1616\">Rychl\u00e9 nab\u00edjen\u00ed s ka\u017edodenn\u00ed kompatibilitou.<\/strong> Ten <strong data-start=\"1621\" data-end=\"1676\">Type-C dob\u00edjec\u00ed WGA Crystal Pro Max Extra 15000<\/strong> udr\u017euje dobu ne\u010dinnosti na minimu pomoc\u00ed modern\u00edch EU kabel\u016f, kter\u00e9 ji\u017e vlastn\u00edte, co\u017e je praktick\u00e9 na cest\u00e1ch nebo p\u0159i dlouh\u00fdch pracovn\u00edch dnech.<\/p>\n<p data-start=\"1788\" data-end=\"1988\"><strong data-start=\"1788\" data-end=\"1823\">\u010cist\u00fd design, kter\u00fd se prod\u00e1v\u00e1 s\u00e1m.<\/strong> T\u011blo ve stylu krystalu dod\u00e1v\u00e1 <strong data-start=\"1857\" data-end=\"1895\">WGA Crystal 15K vaporiz\u00e9r<\/strong> pr\u00e9miov\u00fd vzhled, kter\u00fd dob\u0159e vypad\u00e1 na maloobchodn\u00edch displej\u00edch a p\u0159\u00edjemn\u011b se dr\u017e\u00ed v ruce pro ka\u017edodenn\u00ed no\u0161en\u00ed.<\/p>\n<p><span style=\"color: #ff0000;\"><strong>P\u0159idejte si Amyin Whatsapp, z\u00edskejte okam\u017eitou odpov\u011b\u010f a kup\u00f3n na vape!<\/strong><\/span><\/p>\n<p><img fetchpriority=\"high\" decoding=\"async\" class=\"size-full wp-image-2932\" src=\"https:\/\/vapestornado.com\/wp-content\/uploads\/2024\/12\/Vape-Wholesale.jpg\" alt=\"Velkoobchod s vape\" width=\"229\" height=\"300\" \/><\/p>\n<h3><a href=\"https:\/\/wa.me\/8617776015835\" target=\"_blank\" rel=\"noopener\"><span style=\"color: #ff0000;\"><strong>WhatsApp: +86 17776015835<\/strong><\/span><\/a><\/h3>\n<p>&nbsp;<\/p>\n<h2 class=\"product-title\">WGA Crystal 15k Jednor\u00e1zov\u00fd Vape<strong> Vlastnosti produktu<\/strong><\/h2>\n<div role=\"article\" data-tabster=\"{&quot;groupper&quot;:{&quot;tabbability&quot;:2},&quot;focusable&quot;:{}}\" data-content=\"ai-message\" aria-labelledby=\"juhNTJ6o7Gk1cgwZMJgv2-author juhNTJ6o7Gk1cgwZMJgv2-content\">\n<div id=\"juhNTJ6o7Gk1cgwZMJgv2-content\">\n<div role=\"article\" data-tabster=\"{&quot;groupper&quot;:{&quot;tabbability&quot;:2},&quot;focusable&quot;:{}}\" data-content=\"ai-message\" aria-labelledby=\"x4EZuCZWrTbh3weWUt7CU-author x4EZuCZWrTbh3weWUt7CU-content\">\n<div id=\"x4EZuCZWrTbh3weWUt7CU-content\">\n<div class=\"flex max-w-full flex-col flex-grow\">\n<div class=\"min-h-8 text-message flex w-full flex-col items-end gap-2 whitespace-normal break-words text-start [.text-message+&amp;]:mt-5\" dir=\"auto\" data-message-author-role=\"assistant\" data-message-id=\"52c6e00a-252f-4104-805d-2f1a84739c71\" data-message-model-slug=\"gpt-4o\">\n<div class=\"flex w-full flex-col gap-1 empty:hidden first:pt-[3px]\">\n<div class=\"markdown prose w-full break-words dark:prose-invert light\"><\/div>\n<\/div>\n<\/div>\n<\/div>\n<div class=\"mb-2 flex gap-3 empty:hidden -ml-2\">\n<table>\n<thead>\n<tr>\n<th>Funkce<\/th>\n<th>Specifikace<\/th>\n<th>Detaily<\/th>\n<\/tr>\n<\/thead>\n<tbody>\n<tr>\n<td>N\u00e1zev produktu<\/td>\n<td>WGA Crystal Pro Max Extra 15000<\/td>\n<td>Pr\u00e9miov\u00fd dob\u00edjec\u00ed jednor\u00e1zov\u00fd vaporiz\u00e9r.<\/td>\n<\/tr>\n<tr>\n<td>Kapacita pot\u00e1hnut\u00ed<\/td>\n<td>A\u017e 15 000 pota\u017een\u00ed<\/td>\n<td>Prodlou\u017een\u00e1 \u017eivotnost pro pravideln\u00e9 denn\u00ed pou\u017eit\u00ed.<\/td>\n<\/tr>\n<tr>\n<td>Typ spir\u00e1lky<\/td>\n<td>Mesh spir\u00e1lka<\/td>\n<td>Rovnom\u011brn\u00e9 zah\u0159\u00edv\u00e1n\u00ed pro hladk\u00fd vapour a stabiln\u00ed chu\u0165.<\/td>\n<\/tr>\n<tr>\n<td>S\u00edla nikotinu<\/td>\n<td>2% s\u016fl nikotin<\/td>\n<td>Lehk\u00fd a\u017e st\u0159edn\u00ed tah odpov\u00eddaj\u00edc\u00ed preferenc\u00edm EU.<\/td>\n<\/tr>\n<tr>\n<td>Nab\u00edjen\u00ed<\/td>\n<td>rychl\u00e9 nab\u00edjen\u00ed Type-C<\/td>\n<td>Rychl\u00e9 nab\u00edjen\u00ed pomoc\u00ed b\u011b\u017en\u00fdch modern\u00edch kabel\u016f.<\/td>\n<\/tr>\n<tr>\n<td>Baterie<\/td>\n<td>Dlouhotrvaj\u00edc\u00ed dob\u00edjec\u00ed baterie<\/td>\n<td>Navr\u017eeno tak, aby podporovalo pln\u00e9 vyu\u017eit\u00ed za\u0159\u00edzen\u00ed; nab\u00edjejte podle pot\u0159eby.<\/td>\n<\/tr>\n<tr>\n<td>Design t\u011bla<\/td>\n<td>Pr\u016fhledn\u00e1 sko\u0159epina ve stylu Crystal<\/td>\n<td>Elegantn\u00ed, modern\u00ed vzhled; snadno p\u0159enosn\u00fd a vhodn\u00fd k vystaven\u00ed.<\/td>\n<\/tr>\n<tr>\n<td>C\u00edlov\u00e9 pou\u017eit\u00ed<\/td>\n<td>Jednor\u00e1zov\u00e9, vysoce \u017e\u00e1dan\u00e9 maloobchodn\u00ed\/velkoobchodn\u00ed produkty v EU<\/td>\n<td>Jednoduch\u00e1 obsluha s pr\u00e9miov\u00fdm pocitem.<\/td>\n<\/tr>\n<\/tbody>\n<\/table>\n<\/div>\n<\/div>\n<\/div>\n<\/div>\n<\/div>\n<h2><\/h2>\n<h2 class=\"product-title\"><strong>Obl\u00edben\u00e1 p\u0159\u00edchu\u0165 pro jednor\u00e1zov\u00e9 e-cigarety WGA Crystal 15000 Puffs<\/strong><\/h2>\n<p>1. Meloun s ledem<span style=\"color: #ff0000;\"> <strong>&gt;&gt;&gt;&gt; \u017dhav\u00e9!<\/strong><\/span><br \/>\n2.Bor\u016fvka Malina <span style=\"color: #ff0000;\"><strong>&gt;&gt;&gt;&gt; \u017dhav\u00e9!<\/strong><\/span><br \/>\n3.\u0160umiv\u00e1 T\u0159e\u0161e\u0148<br \/>\n4.\u017del\u00e9 Medv\u00eddek<br \/>\n5.Citron Limetka<br \/>\n6.Jahodov\u00fd Led<br \/>\n7.Bor\u016fvka Kysel\u00e1 Malina <span style=\"color: #ff0000;\"><strong>&gt;&gt;&gt;&gt; \u017dhav\u00e9!<\/strong><\/span><br \/>\n8.Modr\u00fd Razz Led<br \/>\n9.Pan Modr\u00fd<br \/>\n10. Skittles<br \/>\n11. Bor\u016fvka, t\u0159e\u0161e\u0148, brusinka<br \/>\n12.\u0160\u0165avnat\u00e1 Broskev<br \/>\n13.Jahoda Malina T\u0159e\u0161e\u0148 Led <span style=\"color: #ff0000;\"><strong>&gt;&gt;&gt;&gt; Nejlep\u0161\u00ed!<\/strong><\/span><br \/>\n14. Hubba Bubba<br \/>\n15.Ostru\u017eina Bor\u016fvka Malina<br \/>\n16.Jahodov\u00e1 Nanuk<br \/>\n17.Bor\u016fvkov\u00e1 Nanuk<br \/>\n18. Prime Jahoda Meloun<br \/>\n19. Jahoda T\u0159e\u0161e\u0148 \u017dv\u00fdka\u010dka<br \/>\n20. Malina T\u0159e\u0161e\u0148 Led <span style=\"color: #ff0000;\"><strong>&gt;&gt;&gt;&gt; \u017dhav\u00e9!<\/strong><\/span><br \/>\n21. Ananas Led<br \/>\n22. Letn\u00ed Sen<br \/>\n23. Wga R\u016f\u017eov\u00e1<br \/>\n24. \u010cerstv\u00e1 M\u00e1ta<br \/>\n25. Dvojit\u00e9 Jablko<br \/>\n26. Trojit\u00e9 Mango<br \/>\n27. \u010cern\u00fd Drak Led<br \/>\n28. Cola Ice<br \/>\n29. Ananas Citron <span style=\"color: #ff0000;\"><strong>&gt;&gt;&gt;&gt; \u017dhav\u00e9!<\/strong><\/span><br \/>\n30. Mr Black<br \/>\n31. Kiwi Marakuja Guava<\/p>\n<div class=\"flex-shrink-0 flex flex-col relative items-end\">\n<div class=\"pt-0\">\n<div class=\"gizmo-bot-avatar flex h-8 w-8 items-center justify-center overflow-hidden rounded-full\">\n<div class=\"relative p-1 rounded-sm flex items-center justify-center bg-token-main-surface-primary text-token-text-primary h-8 w-8\">\n<figure id=\"attachment_3375\" aria-describedby=\"caption-attachment-3375\" style=\"width: 1000px\" class=\"wp-caption alignnone\"><img decoding=\"async\" class=\"wp-image-3375 size-full\" src=\"https:\/\/vapestornado.com\/wp-content\/uploads\/2024\/12\/WGA-Crystal-15k-Disposable-Vape.jpg\" alt=\"WGA Crystal 15k Jednor\u00e1zov\u00fd Vape\" width=\"1000\" height=\"1000\" srcset=\"https:\/\/vapestornado.com\/wp-content\/uploads\/2024\/12\/WGA-Crystal-15k-Disposable-Vape.jpg 1000w, https:\/\/vapestornado.com\/wp-content\/uploads\/2024\/12\/WGA-Crystal-15k-Disposable-Vape-300x300.jpg 300w, https:\/\/vapestornado.com\/wp-content\/uploads\/2024\/12\/WGA-Crystal-15k-Disposable-Vape-150x150.jpg 150w, https:\/\/vapestornado.com\/wp-content\/uploads\/2024\/12\/WGA-Crystal-15k-Disposable-Vape-768x768.jpg 768w, https:\/\/vapestornado.com\/wp-content\/uploads\/2024\/12\/WGA-Crystal-15k-Disposable-Vape-600x600.jpg 600w, https:\/\/vapestornado.com\/wp-content\/uploads\/2024\/12\/WGA-Crystal-15k-Disposable-Vape-100x100.jpg 100w\" sizes=\"(max-width: 1000px) 100vw, 1000px\" \/><figcaption id=\"caption-attachment-3375\" class=\"wp-caption-text\">WGA Crystal 15k Jednor\u00e1zov\u00fd Vape<\/figcaption><\/figure>\n<h3>\u010cASTO KLADEN\u00c9 DOTAZY pro jednor\u00e1zovou vapovac\u00ed sadu WGA Crystal 15000<\/h3>\n<ol data-start=\"2830\" data-end=\"4028\">\n<li data-start=\"2830\" data-end=\"3071\">\n<p data-start=\"2833\" data-end=\"3071\"><strong data-start=\"2833\" data-end=\"2923\">Jak ovliv\u0148uje tkaninov\u00e1 c\u00edvka WGA Crystal Pro Max Extra 15000 Puffs chu\u0165 v pr\u016fb\u011bhu \u010dasu?<\/strong><br data-start=\"2923\" data-end=\"2926\" \/>Tkaninov\u00e9 c\u00edvky se rovnom\u011brn\u011b zah\u0159\u00edvaj\u00ed po cel\u00e9 d\u00e9lce knotu, tak\u017ee chu\u0165 z\u016fst\u00e1v\u00e1 pln\u011bj\u0161\u00ed a hlad\u0161\u00ed hloub\u011bji v \u017eivotnosti za\u0159\u00edzen\u00ed ve srovn\u00e1n\u00ed se standardn\u00edmi dr\u00e1t\u011bn\u00fdmi c\u00edvkami.<\/p>\n<\/li>\n<li data-start=\"3073\" data-end=\"3301\">\n<p data-start=\"3076\" data-end=\"3301\"><strong data-start=\"3076\" data-end=\"3181\">Je dob\u00edjec\u00ed jednor\u00e1zov\u00fd vaporiz\u00e9r WGA Crystal Pro Max Extra 15K vhodn\u00fd pro ka\u017edodenn\u00ed doj\u00ed\u017ed\u011bn\u00ed a cestov\u00e1n\u00ed?<\/strong><br data-start=\"3181\" data-end=\"3184\" \/>Ano. T\u011blo z krystalu z\u016fst\u00e1v\u00e1 kompaktn\u00ed a <strong data-start=\"3225\" data-end=\"3244\">Nab\u00edjen\u00ed typu C<\/strong> usnad\u0148uje dob\u00edjen\u00ed b\u011bhem dlouh\u00fdch dn\u016f mimo domov.<\/p>\n<\/li>\n<li data-start=\"3303\" data-end=\"3532\">\n<p data-start=\"3306\" data-end=\"3532\"><strong data-start=\"3306\" data-end=\"3412\">Jak\u00fd typ vaporizace by m\u011bli u\u017eivatel\u00e9 o\u010dek\u00e1vat od jednor\u00e1zov\u00e9ho vaporiz\u00e9ru WGA Crystal Pro Max Extra 15000?<\/strong><br data-start=\"3412\" data-end=\"3415\" \/>O\u010dek\u00e1vejte hladk\u00e9, stabiln\u00ed ta\u017een\u00ed s konzistentn\u00ed hustotou par\u2014design s mesh c\u00edvkou pom\u00e1h\u00e1 vyhnout se ostr\u00fdm, such\u00fdm z\u00e1blesk\u016fm na konci pou\u017e\u00edv\u00e1n\u00ed.<\/p>\n<\/li>\n<li data-start=\"3534\" data-end=\"3772\">\n<p data-start=\"3537\" data-end=\"3772\"><strong data-start=\"3537\" data-end=\"3632\">Pro\u010d je nikotin 2% vhodnou volbou pro WGA Crystal Pro Max Extra 15000 Puffs EU verzi?<\/strong><br data-start=\"3632\" data-end=\"3635\" \/>2% nab\u00edz\u00ed kontrolovan\u00fd, m\u00edrn\u00fd z\u00e1b\u011br, kter\u00fd vyhovuje mnoha u\u017eivatel\u016fm v \u010cesk\u00e9 republice, kte\u0159\u00ed preferuj\u00ed leh\u010d\u00ed denn\u00ed s\u00edlu bez ztr\u00e1ty uspokojen\u00ed.<\/p>\n<\/li>\n<li data-start=\"3774\" data-end=\"4028\">\n<p data-start=\"3777\" data-end=\"4028\"><strong data-start=\"3777\" data-end=\"3878\">Zabr\u00e1n\u00ed nab\u00edjec\u00ed verze WGA Crystal Pro Max Extra 15000 Type-C p\u0159ed p\u0159ed\u010dasn\u00fdm vybit\u00edm baterie?<\/strong><br data-start=\"3878\" data-end=\"3881\" \/>Nab\u00edjec\u00ed funkce tento probl\u00e9m \u0159e\u0161\u00ed. Pokud baterie klesne d\u0159\u00edve, ne\u017e jsou vaporizace dokon\u010deny, rychl\u00e9 dopln\u011bn\u00ed p\u0159es Type-C udr\u017e\u00ed za\u0159\u00edzen\u00ed v chodu, dokud nen\u00ed hotovo.<\/p>\n<\/li>\n<\/ol>\n<\/div>\n<\/div>\n<\/div>\n<\/div>\n<div class=\"flex-shrink-0 flex flex-col relative items-end\">\n<div class=\"pt-0\">\n<div class=\"gizmo-bot-avatar flex h-8 w-8 items-center justify-center overflow-hidden rounded-full\">\n<div class=\"relative p-1 rounded-sm flex items-center justify-center bg-token-main-surface-primary text-token-text-primary h-8 w-8\">\n<div class=\"mb-2 flex gap-3 empty:hidden -ml-2\">\n<div role=\"article\" data-tabster=\"{&quot;groupper&quot;:{&quot;tabbability&quot;:2},&quot;focusable&quot;:{}}\" data-content=\"ai-message\" aria-labelledby=\"Vdt5ez4X7Tg813x6rFVha-author Vdt5ez4X7Tg813x6rFVha-content\">\n<div id=\"Vdt5ez4X7Tg813x6rFVha-content\">\n<div role=\"article\" data-tabster=\"{&quot;groupper&quot;:{&quot;tabbability&quot;:2},&quot;focusable&quot;:{}}\" data-content=\"ai-message\" aria-labelledby=\"o968oC7CEo2fGHsGdsRYC-author o968oC7CEo2fGHsGdsRYC-content\">\n<div id=\"o968oC7CEo2fGHsGdsRYC-content\">\n<p>&nbsp;<\/p>\n<h3>Pro\u010d si vybrat vapestornado pro velkoobchodn\u00ed prodej vapovac\u00edch sad WGA Crystal 15000 Puffs?<\/h3>\n<div class=\"flex-shrink-0 flex flex-col relative items-end\">\n<div class=\"pt-0\">\n<div class=\"gizmo-bot-avatar flex h-8 w-8 items-center justify-center overflow-hidden rounded-full\">\n<div class=\"relative p-1 rounded-sm flex items-center justify-center bg-token-main-surface-primary text-token-text-primary h-8 w-8\">\n<p>V\u00edtejte ve vapestornado, va\u0161em d\u016fv\u011bryhodn\u00e9m online obchod\u011b s vapovac\u00edmi pot\u0159ebami pro pr\u00e9miov\u00e9 jednor\u00e1zov\u00e9 vapy. S v\u00edce ne\u017e 5let\u00fdmi zku\u0161enostmi v\u00e1m p\u0159in\u00e1\u0161\u00edme obl\u00edben\u00e9 zna\u010dky jednor\u00e1zov\u00fdch vape, jako jsou Fumot RandM Vape, <a href=\"https:\/\/vapestornado.com\/cs\/product-category\/vapme-shisha\/\">Vapme<\/a>, Bang Vape, Waspe Vape a WGA Vape, atd.<\/p>\n<p>N\u00e1\u0161 sortiment zahrnuje \u017ehav\u00e9 vapy, jako je <a href=\"https:\/\/vapestornado.com\/cs\/product\/fumot-randm-tornado-15000-puffs-rechargeable-disposable-vape-wholesale\/\">RandM Tornado 15000<\/a>, a chu\u0165ov\u011b bohat\u00e9 varianty jako <a href=\"https:\/\/vapestornado.com\/cs\/product\/vapsolo-dg-18000-puffs-smart-screen-wholesale-disposable-cheap-vapes\/\">\u00a0Vapsolo DG18000 potah\u016f<\/a> . Ka\u017ed\u00fd produkt je vyb\u00edr\u00e1n s d\u016frazem na kvalitu, hodnotu a rozmanitost, abychom zajistili, \u017ee najdete to prav\u00e9 pro va\u0161e pot\u0159eby. Objevte v\u00fdjime\u010dn\u00e9 slu\u017eby a \u0161irokou \u0161k\u00e1lu \u0161pi\u010dkov\u00fdch produkt\u016f za velkoobchodn\u00ed ceny na vapestornado.<\/p>\n<\/div>\n<p>&nbsp;<\/p>\n<p><strong>Dal\u0161\u00ed obl\u00edben\u00e9 jednor\u00e1zov\u00e9 vapes<\/strong><\/p>\n<p><a href=\"https:\/\/vapestornado.com\/cs\/product\/bang-vape-35000-puffs-low-nicotine-bulk-buy-rechargeable-disposable-vapes-box-wholesale-price\/\">Bang Vape 35000 Potah\u016f <span style=\"color: #ff0000;\"><strong>&gt;&gt;&gt;&gt; J\u00edt !<\/strong><\/span><\/a><\/p>\n<p><a href=\"https:\/\/vapestornado.com\/cs\/product\/bang-box-30000-30k-puffs-low-nicotine-bulk-buy-rechargeable-digital-display-disposable-vapes-pen-wholesale\/\">V\u00fdbuchov\u00e1 krabice 30000 <span style=\"color: #ff0000;\"><strong>&gt;&gt;&gt;&gt; J\u00edt !<\/strong><\/span><\/a><\/p>\n<p><a href=\"https:\/\/vapestornado.com\/cs\/product\/bood-twins-46000-puff-double-flavour-low-nicotine-disposable-vape-wholesale-bulk-buy-price\/\">Bood Twins 46000<span style=\"color: #ff0000;\"><strong>&gt;&gt;&gt;&gt; J\u00edt !<\/strong><\/span><\/a><\/p>\n<\/div>\n<\/div>\n<\/div>\n<p>&nbsp;<\/p>\n<\/div>\n<\/div>\n<\/div>\n<\/div>\n<\/div>\n<\/div>\n<\/div>\n<\/div>\n<\/div>","protected":false},"excerpt":{"rendered":"<p>WGA Crystal Pro Max Extra 15000 Puffs dob\u00edjec\u00ed jednor\u00e1zov\u00e1 vape s krystalov\u00fdm designem, technologi\u00ed s\u00ed\u0165ov\u00e9 c\u00edvky, nikotinovou s\u00edlou 2% a rychl\u00fdm nab\u00edjen\u00edm Type-C. Kompaktn\u00ed pr\u00e9miov\u00fd design pro plynulou chu\u0165, stabiln\u00ed p\u00e1ru a siln\u00fd z\u00e1jem na maloobchodn\u00edm trhu v \u010cesk\u00e9 republice.<\/p>\n<p><strong>P\u0159idejte si Amy na WhatsApp pro rychlou odpov\u011b\u010f a kup\u00f3n na vapky!<\/strong><\/p>\n<p><img fetchpriority=\"high\" decoding=\"async\" class=\"size-full wp-image-2932\" src=\"https:\/\/vapestornado.com\/wp-content\/uploads\/2024\/12\/Vape-Wholesale.jpg\" alt=\"Velkoobchod s vape\" width=\"229\" height=\"300\" \/><\/p>\n<h3><a href=\"https:\/\/wa.me\/8617776015835\"><span style=\"color: #ff0000;\"><strong>WhatsApp: +86 17776015835<\/strong><\/span><\/a><\/h3>\n<p>&nbsp;<\/p>","protected":false},"featured_media":3378,"comment_status":"open","ping_status":"closed","template":"","meta":{"_acf_changed":false,"_uag_custom_page_level_css":"","_lmt_disableupdate":"no","_lmt_disable":"","_monsterinsights_skip_tracking":false,"_monsterinsights_sitenote_active":false,"_monsterinsights_sitenote_note":"","_monsterinsights_sitenote_category":0,"site-sidebar-layout":"default","site-content-layout":"","ast-site-content-layout":"default","site-content-style":"default","site-sidebar-style":"default","ast-global-header-display":"","ast-banner-title-visibility":"","ast-main-header-display":"","ast-hfb-above-header-display":"","ast-hfb-below-header-display":"","ast-hfb-mobile-header-display":"","site-post-title":"","ast-breadcrumbs-content":"","ast-featured-img":"","footer-sml-layout":"","ast-disable-related-posts":"","theme-transparent-header-meta":"default","adv-header-id-meta":"","stick-header-meta":"","header-above-stick-meta":"","header-main-stick-meta":"","header-below-stick-meta":"","astra-migrate-meta-layouts":"set","ast-page-background-enabled":"default","ast-page-background-meta":{"desktop":{"background-color":"","background-image":"","background-repeat":"repeat","background-position":"center center","background-size":"auto","background-attachment":"scroll","background-type":"","background-media":"","overlay-type":"","overlay-color":"","overlay-opacity":"","overlay-gradient":""},"tablet":{"background-color":"","background-image":"","background-repeat":"repeat","background-position":"center center","background-size":"auto","background-attachment":"scroll","background-type":"","background-media":"","overlay-type":"","overlay-color":"","overlay-opacity":"","overlay-gradient":""},"mobile":{"background-color":"","background-image":"","background-repeat":"repeat","background-position":"center center","background-size":"auto","background-attachment":"scroll","background-type":"","background-media":"","overlay-type":"","overlay-color":"","overlay-opacity":"","overlay-gradient":""}},"ast-content-background-meta":{"desktop":{"background-color":"var(--ast-global-color-5)","background-image":"","background-repeat":"repeat","background-position":"center center","background-size":"auto","background-attachment":"scroll","background-type":"","background-media":"","overlay-type":"","overlay-color":"","overlay-opacity":"","overlay-gradient":""},"tablet":{"background-color":"var(--ast-global-color-5)","background-image":"","background-repeat":"repeat","background-position":"center center","background-size":"auto","background-attachment":"scroll","background-type":"","background-media":"","overlay-type":"","overlay-color":"","overlay-opacity":"","overlay-gradient":""},"mobile":{"background-color":"var(--ast-global-color-5)","background-image":"","background-repeat":"repeat","background-position":"center center","background-size":"auto","background-attachment":"scroll","background-type":"","background-media":"","overlay-type":"","overlay-color":"","overlay-opacity":"","overlay-gradient":""}},"_joinchat":{"telephone":"+8617776015835"}},"product_brand":[],"product_cat":[71,153,154,155,141,142,143,59],"product_tag":[165,105,97,166,94,485,202,203,204],"class_list":{"0":"post-3383","1":"product","2":"type-product","3":"status-publish","4":"has-post-thumbnail","6":"product_cat-15000-puff","7":"product_cat-buy-disposable-vapes-in-italy","8":"product_cat-buy-disposable-vapes-in-netherlands","9":"product_cat-buy-disposable-vapes-in-norway","10":"product_cat-crystal-disposable-vapes","11":"product_cat-digital-box-disposable-vapes","12":"product_cat-dual-mesh-disposable-vapes","13":"product_cat-wga-crystal-vape","14":"product_tag-cheap-vapes","15":"product_tag-digital-disposable-vape","16":"product_tag-hot-sale-disposable-vape","17":"product_tag-low-nicotine-vape","18":"product_tag-rechargeable-disposable-vape","19":"product_tag-wga-15k","20":"product_tag-wga-crystal-15000","21":"product_tag-wga-crystal-15k","22":"product_tag-wga-vape","23":"desktop-align-left","24":"tablet-align-left","25":"mobile-align-left","27":"first","28":"instock","29":"sale","30":"shipping-taxable","31":"purchasable","32":"product-type-simple"},"acf":[],"uagb_featured_image_src":{"full":["https:\/\/vapestornado.com\/wp-content\/uploads\/2024\/12\/WGA-Crystal-15000-Rechargeable-Vape.jpg",1000,1000,false],"thumbnail":["https:\/\/vapestornado.com\/wp-content\/uploads\/2024\/12\/WGA-Crystal-15000-Rechargeable-Vape-150x150.jpg",150,150,true],"medium":["https:\/\/vapestornado.com\/wp-content\/uploads\/2024\/12\/WGA-Crystal-15000-Rechargeable-Vape-300x300.jpg",300,300,true],"medium_large":["https:\/\/vapestornado.com\/wp-content\/uploads\/2024\/12\/WGA-Crystal-15000-Rechargeable-Vape-768x768.jpg",768,768,true],"large":["https:\/\/vapestornado.com\/wp-content\/uploads\/2024\/12\/WGA-Crystal-15000-Rechargeable-Vape.jpg",1000,1000,false],"1536x1536":["https:\/\/vapestornado.com\/wp-content\/uploads\/2024\/12\/WGA-Crystal-15000-Rechargeable-Vape.jpg",1000,1000,false],"2048x2048":["https:\/\/vapestornado.com\/wp-content\/uploads\/2024\/12\/WGA-Crystal-15000-Rechargeable-Vape.jpg",1000,1000,false],"trp-custom-language-flag":["https:\/\/vapestornado.com\/wp-content\/uploads\/2024\/12\/WGA-Crystal-15000-Rechargeable-Vape.jpg",12,12,false],"woocommerce_thumbnail":["https:\/\/vapestornado.com\/wp-content\/uploads\/2024\/12\/WGA-Crystal-15000-Rechargeable-Vape-300x300.jpg",300,300,true],"woocommerce_single":["https:\/\/vapestornado.com\/wp-content\/uploads\/2024\/12\/WGA-Crystal-15000-Rechargeable-Vape-600x600.jpg",600,600,true],"woocommerce_gallery_thumbnail":["https:\/\/vapestornado.com\/wp-content\/uploads\/2024\/12\/WGA-Crystal-15000-Rechargeable-Vape-100x100.jpg",100,100,true]},"uagb_author_info":{"display_name":"ESAMY","author_link":"https:\/\/vapestornado.com\/cs\/author\/"},"uagb_comment_info":1,"uagb_excerpt":"WGA Crystal Pro Max Extra 15000 Puffs rechargeable disposable vape with crystal design, mesh coil technology, 2% nicotine strength, and Type-C fast charging. Compact premium design for smooth flavour-stable vapour and strong EU retail demand. Add Amy's whatsapp get right reply and vape coupon! WhatsApp: +86 17776015835 &nbsp;","_links":{"self":[{"href":"https:\/\/vapestornado.com\/cs\/wp-json\/wp\/v2\/product\/3383","targetHints":{"allow":["GET"]}}],"collection":[{"href":"https:\/\/vapestornado.com\/cs\/wp-json\/wp\/v2\/product"}],"about":[{"href":"https:\/\/vapestornado.com\/cs\/wp-json\/wp\/v2\/types\/product"}],"replies":[{"embeddable":true,"href":"https:\/\/vapestornado.com\/cs\/wp-json\/wp\/v2\/comments?post=3383"}],"wp:featuredmedia":[{"embeddable":true,"href":"https:\/\/vapestornado.com\/cs\/wp-json\/wp\/v2\/media\/3378"}],"wp:attachment":[{"href":"https:\/\/vapestornado.com\/cs\/wp-json\/wp\/v2\/media?parent=3383"}],"wp:term":[{"taxonomy":"product_brand","embeddable":true,"href":"https:\/\/vapestornado.com\/cs\/wp-json\/wp\/v2\/product_brand?post=3383"},{"taxonomy":"product_cat","embeddable":true,"href":"https:\/\/vapestornado.com\/cs\/wp-json\/wp\/v2\/product_cat?post=3383"},{"taxonomy":"product_tag","embeddable":true,"href":"https:\/\/vapestornado.com\/cs\/wp-json\/wp\/v2\/product_tag?post=3383"}],"curies":[{"name":"wp","href":"https:\/\/api.w.org\/{rel}","templated":true}]}}