{"id":3367,"date":"2024-12-25T07:28:34","date_gmt":"2024-12-25T07:28:34","guid":{"rendered":"https:\/\/vapestornado.com\/?post_type=product&#038;p=3367"},"modified":"2025-08-23T12:20:25","modified_gmt":"2025-08-23T12:20:25","slug":"bang-box-20000-puffs-0-2-5-low-nicotine-rechargeable-digital-display-disposable-vape-pen-wholesale-bulk-buy","status":"publish","type":"product","link":"https:\/\/vapestornado.com\/cs\/product\/bang-box-20000-puffs-0-2-5-low-nicotine-rechargeable-digital-display-disposable-vape-pen-wholesale-bulk-buy\/","title":{"rendered":"Bang Box 20000 Puffs 0% 2% 5% N\u00edzk\u00fd obsah nikotinu Dob\u00edjec\u00ed jednor\u00e1zov\u00e1 elektronick\u00e1 cigareta s digit\u00e1ln\u00edm displejem Velkoobchodn\u00ed n\u00e1kup"},"content":{"rendered":"<h1 class=\"product-title\">Bang Box 20000 Puffs 0% 2% 5% N\u00edzk\u00fd obsah nikotinu Dob\u00edjec\u00ed jednor\u00e1zov\u00e1 elektronick\u00e1 cigareta s digit\u00e1ln\u00edm displejem Velkoobchodn\u00ed n\u00e1kup<\/h1>\n<p>Ten <strong>Jednor\u00e1zov\u00fd vape Bang Box 20000 pot\u00e1hnut\u00ed<\/strong>, nyn\u00ed k dispozici na <strong>vapestornado<\/strong>\u2014 v\u00e1\u0161 d\u016fv\u011bryhodn\u00fd partner v oblasti pr\u00e9miov\u00fdch vapingov\u00fdch \u0159e\u0161en\u00ed. Toto \u0161pi\u010dkov\u00e9 za\u0159\u00edzen\u00ed je navr\u017eeno tak, aby vyhovovalo jak p\u0159\u00edle\u017eitostn\u00fdm u\u017eivatel\u016fm, tak zku\u0161en\u00fdm vaper\u016fm, a poskytuje v\u00fdjime\u010dn\u00fd z\u00e1\u017eitek d\u00edky pokro\u010dil\u00fdm funkc\u00edm a bezkonkuren\u010dn\u00edmu v\u00fdkonu. S p\u016fsobiv\u00fdmi <strong>20 000 pot\u00e1hnut\u00ed na jednotku<\/strong>, Bang Box zaji\u0161\u0165uje dlouhotrvaj\u00edc\u00ed pot\u011b\u0161en\u00ed bez nepohodl\u00ed \u010dast\u00fdch v\u00fdm\u011bn.<\/p>\n<p>K dispozici v s\u00edle nikotinu <strong>0 %, 2 % a 5 %<\/strong>, tento vape pen je ide\u00e1ln\u00ed pro ty, kte\u0159\u00ed hledaj\u00ed mo\u017enosti s n\u00edzk\u00fdm nebo \u017e\u00e1dn\u00fdm obsahem nikotinu. A\u0165 u\u017e jste p\u0159\u00edle\u017eitostn\u00fd u\u017eivatel nebo \u010dast\u00fd vaper, Bang Box nab\u00edz\u00ed uspokojen\u00ed p\u0159izp\u016fsoben\u00e9 va\u0161im preferenc\u00edm.<\/p>\n<h4><strong>Inovativn\u00ed funkce pro vynikaj\u00edc\u00ed vaping<\/strong><\/h4>\n<p>Ten <strong>Bang Box 20000 pot\u00e1hnut\u00ed<\/strong> se py\u0161n\u00ed \u0159adou vynikaj\u00edc\u00edch funkc\u00ed, kter\u00e9 jej povy\u0161uj\u00ed nad standardn\u00ed jednor\u00e1zov\u00e9 vape peny. Zahrnuje podstatn\u00e9 <strong>35ml kapacitou e-liquidu<\/strong>, co\u017e sni\u017euje pot\u0159ebu \u010dast\u00e9ho dopl\u0148ov\u00e1n\u00ed. Poh\u00e1n\u011bno <strong>850mAh dob\u00edjec\u00ed bateri\u00ed<\/strong>, toto za\u0159\u00edzen\u00ed zaji\u0161\u0165uje konzistentn\u00ed v\u00fdkon b\u011bhem del\u0161\u00edch vapingov\u00fdch sezen\u00ed.<\/p>\n<p>A <strong>modern\u00ed nab\u00edjec\u00ed port Type-C<\/strong> umo\u017e\u0148uje rychl\u00e9 a efektivn\u00ed dob\u00edjen\u00ed, co\u017e zaji\u0161\u0165uje, \u017ee jste v\u017edy p\u0159ipraveni vapovat. The <strong>digit\u00e1ln\u00ed displej<\/strong> p\u0159id\u00e1v\u00e1 vrstvu pohodl\u00ed, co\u017e u\u017eivatel\u016fm umo\u017e\u0148uje snadno sledovat \u017eivotnost baterie a po\u010det potah\u016f.<\/p>\n<p>Ten <strong>odpor pletivov\u00e9 spir\u00e1lky 0,8\u03a9<\/strong> zaru\u010duje hladkou produkci p\u00e1ry a bohatou chu\u0165, d\u00edky \u010demu\u017e je ka\u017ed\u00fd potah p\u0159\u00edjemn\u00fd. Nav\u00edc, <strong>vapestornado<\/strong> nab\u00edz\u00ed mo\u017enosti p\u0159izp\u016fsoben\u00ed OEM\/ODM, ide\u00e1ln\u00ed pro zna\u010dky, kter\u00e9 cht\u011bj\u00ed personalizovat balen\u00ed nebo vyhov\u011bt specifick\u00fdm po\u017eadavk\u016fm trhu.<\/p>\n<h4><strong>Pro\u010d si vybrat Bang Box 20000 Puffs?<\/strong><\/h4>\n<p>Toto za\u0159\u00edzen\u00ed se vyzna\u010duje odolnost\u00ed, \u0161irokou \u0161k\u00e1lou p\u0159\u00edchut\u00ed a v\u0161estrannost\u00ed. D\u00edky elegantn\u00edmu, p\u0159enosn\u00e9mu designu je ide\u00e1ln\u00ed pro u\u017eivatele na cest\u00e1ch, zat\u00edmco velkokapacitn\u00ed z\u00e1sobn\u00edk na e-liquid a dob\u00edjec\u00ed baterie nab\u00edzej\u00ed pohodl\u00ed pro pravideln\u00e9 vapery. Bang Box je k dispozici ve velk\u00e9m, co\u017e z n\u011bj \u010din\u00ed obl\u00edbenou volbu pro velkoobchody a maloobchody, kter\u00e9 hledaj\u00ed spolehliv\u00e9 produkty s vysokou popt\u00e1vkou.<\/p>\n<p>&nbsp;<\/p>\n<p><span style=\"color: #ff0000;\"><strong>P\u0159idejte si Amyin Whatsapp, z\u00edskejte okam\u017eitou odpov\u011b\u010f a kup\u00f3n na vape!<\/strong><\/span><\/p>\n<p><img fetchpriority=\"high\" decoding=\"async\" class=\"size-full wp-image-2932\" src=\"https:\/\/vapestornado.com\/wp-content\/uploads\/2024\/12\/Vape-Wholesale.jpg\" alt=\"Velkoobchod s vape\" width=\"229\" height=\"300\" \/><\/p>\n<h3><a href=\"https:\/\/wa.me\/8617776015835\" target=\"_blank\" rel=\"noopener\"><span style=\"color: #ff0000;\"><strong>WhatsApp: +86 17776015835<\/strong><\/span><\/a><\/h3>\n<p>&nbsp;<\/p>\n<h2 class=\"product-title\">Bang Box 30000 Jednor\u00e1zov\u00fd Vape<strong> Vlastnosti produktu<\/strong><\/h2>\n<div role=\"article\" data-tabster=\"{&quot;groupper&quot;:{&quot;tabbability&quot;:2},&quot;focusable&quot;:{}}\" data-content=\"ai-message\" aria-labelledby=\"juhNTJ6o7Gk1cgwZMJgv2-author juhNTJ6o7Gk1cgwZMJgv2-content\">\n<div id=\"juhNTJ6o7Gk1cgwZMJgv2-content\">\n<div role=\"article\" data-tabster=\"{&quot;groupper&quot;:{&quot;tabbability&quot;:2},&quot;focusable&quot;:{}}\" data-content=\"ai-message\" aria-labelledby=\"x4EZuCZWrTbh3weWUt7CU-author x4EZuCZWrTbh3weWUt7CU-content\">\n<div id=\"x4EZuCZWrTbh3weWUt7CU-content\">\n<div class=\"flex max-w-full flex-col flex-grow\">\n<div class=\"min-h-8 text-message flex w-full flex-col items-end gap-2 whitespace-normal break-words text-start [.text-message+&amp;]:mt-5\" dir=\"auto\" data-message-author-role=\"assistant\" data-message-id=\"52c6e00a-252f-4104-805d-2f1a84739c71\" data-message-model-slug=\"gpt-4o\">\n<div class=\"flex w-full flex-col gap-1 empty:hidden first:pt-[3px]\">\n<div class=\"markdown prose w-full break-words dark:prose-invert light\"><\/div>\n<\/div>\n<\/div>\n<\/div>\n<div class=\"mb-2 flex gap-3 empty:hidden -ml-2\">\n<h3><\/h3>\n<ol>\n<li><strong>Dlouhodob\u00e9 pou\u017eit\u00ed: <\/strong>Poskytuje a\u017e 20 000 potah\u016f, co\u017e minimalizuje pot\u0159ebu v\u00fdm\u011bny.<\/li>\n<li><strong>Mo\u017enosti s n\u00edzk\u00fdm obsahem nikotinu: <\/strong>K dispozici v s\u00edle nikotinu 0%, 2% a 5%, vyhovuj\u00edc\u00ed r\u016fzn\u00fdm preferenc\u00edm.<\/li>\n<li><strong>Velk\u00e1 kapacita E-Liquidu: <\/strong>35ml n\u00e1dr\u017eka na e-liquid sni\u017euje frekvenci dopl\u0148ov\u00e1n\u00ed, ide\u00e1ln\u00ed pro del\u0161\u00ed pou\u017e\u00edv\u00e1n\u00ed.<\/li>\n<li><strong>Dob\u00edjec\u00ed baterie: <\/strong>850mAh baterie s nab\u00edjen\u00edm p\u0159es USB-C zaji\u0161\u0165uje konzistentn\u00ed v\u00fdkon.<\/li>\n<li><strong>Digit\u00e1ln\u00ed displej: <\/strong>Sleduje \u017eivotnost baterie a po\u010det potah\u016f pro v\u011bt\u0161\u00ed pohodl\u00ed.<\/li>\n<li><strong>Hladk\u00e1 produkce p\u00e1ry: <\/strong>Pletivov\u00e1 spir\u00e1lka 0,8\u03a9 poka\u017ed\u00e9 dod\u00e1 bohat\u00e9 a uspokojiv\u00e9 p\u0159\u00edchut\u011b.<\/li>\n<\/ol>\n<\/div>\n<\/div>\n<\/div>\n<\/div>\n<\/div>\n<h2 class=\"product-title\"><strong>Popul\u00e1rn\u00ed p\u0159\u00edchut\u011b pro jednor\u00e1zov\u00e9 vapy Bang Box 30k Puffs<\/strong><\/h2>\n<p>&nbsp;<\/p>\n<p>1. Jahoda kiwi<br \/>\n2.kiwi mu\u010denka guava<br \/>\n3. Jahoda vodn\u00ed meloun <strong><span style=\"color: #ff0000;\">&gt;&gt;&gt;&gt; \u017dhav\u00e9!<\/span><\/strong><br \/>\n4.Malina meloun<br \/>\n5.Bor\u016fvka kysel\u00e1 malina led <strong><span style=\"color: #ff0000;\">&gt;&gt;&gt;&gt; \u017dhav\u00e9!<\/span><\/strong><br \/>\n6.meloun s ledem<br \/>\n7.ban\u00e1n led<br \/>\n8.mango broskev<br \/>\n9. Modr\u00fd ledov\u00fd razz <strong><span style=\"color: #ff0000;\">&gt;&gt;&gt;&gt; Nejlep\u0161\u00ed!<\/span><\/strong><br \/>\n10. Mr. Blue<br \/>\n11. Ledov\u00e9 hrozny<br \/>\n12. Ledov\u00e9 mango<\/p>\n<figure id=\"attachment_3344\" aria-describedby=\"caption-attachment-3344\" style=\"width: 1126px\" class=\"wp-caption alignnone\"><img decoding=\"async\" class=\"wp-image-3344 size-full\" src=\"https:\/\/vapestornado.com\/wp-content\/uploads\/2024\/12\/Bang-Box-Vape-Disposable-20000-Puffs-20k-Wholesale.jpg\" alt=\"Velkoobchodn\u00ed jednor\u00e1zov\u00fd vape Bang Box 20000 pot\u00e1hnut\u00ed 20k\" width=\"1126\" height=\"1126\" srcset=\"https:\/\/vapestornado.com\/wp-content\/uploads\/2024\/12\/Bang-Box-Vape-Disposable-20000-Puffs-20k-Wholesale.jpg 1126w, https:\/\/vapestornado.com\/wp-content\/uploads\/2024\/12\/Bang-Box-Vape-Disposable-20000-Puffs-20k-Wholesale-300x300.jpg 300w, https:\/\/vapestornado.com\/wp-content\/uploads\/2024\/12\/Bang-Box-Vape-Disposable-20000-Puffs-20k-Wholesale-1024x1024.jpg 1024w, https:\/\/vapestornado.com\/wp-content\/uploads\/2024\/12\/Bang-Box-Vape-Disposable-20000-Puffs-20k-Wholesale-150x150.jpg 150w, https:\/\/vapestornado.com\/wp-content\/uploads\/2024\/12\/Bang-Box-Vape-Disposable-20000-Puffs-20k-Wholesale-768x768.jpg 768w, https:\/\/vapestornado.com\/wp-content\/uploads\/2024\/12\/Bang-Box-Vape-Disposable-20000-Puffs-20k-Wholesale-600x600.jpg 600w, https:\/\/vapestornado.com\/wp-content\/uploads\/2024\/12\/Bang-Box-Vape-Disposable-20000-Puffs-20k-Wholesale-100x100.jpg 100w\" sizes=\"(max-width: 1126px) 100vw, 1126px\" \/><figcaption id=\"caption-attachment-3344\" class=\"wp-caption-text\">Velkoobchodn\u00ed jednor\u00e1zov\u00fd vape Bang Box 20000 pot\u00e1hnut\u00ed 20k<\/figcaption><\/figure>\n<div class=\"flex-shrink-0 flex flex-col relative items-end\">\n<div class=\"pt-0\">\n<div class=\"gizmo-bot-avatar flex h-8 w-8 items-center justify-center overflow-hidden rounded-full\">\n<div class=\"relative p-1 rounded-sm flex items-center justify-center bg-token-main-surface-primary text-token-text-primary h-8 w-8\">\n<h3>\u010casto kladen\u00e9 ot\u00e1zky pro jednor\u00e1zov\u00fd vape Bang Box 20000<\/h3>\n<h3><\/h3>\n<h4>1. <strong>M\u016f\u017eete si vz\u00edt jednor\u00e1zov\u00e9 e-cigarety do letadla?<\/strong><\/h4>\n<p>Ano, jednor\u00e1zov\u00e9 vapy, jako je Bang Box, lze p\u0159epravovat v p\u0159\u00edru\u010dn\u00edm zavazadle, ale ujist\u011bte se, \u017ee je za\u0159\u00edzen\u00ed vypnut\u00e9 a dodr\u017eujte leteck\u00e9 p\u0159edpisy t\u00fdkaj\u00edc\u00ed se bateri\u00ed a e-liquid\u016f.<\/p>\n<h4>2. <strong>Jak nab\u00edj\u00edm Bang Box 20000 pot\u00e1hnut\u00ed?<\/strong><\/h4>\n<p>Za\u0159\u00edzen\u00ed nabijete pomoc\u00ed p\u0159ilo\u017een\u00e9ho nab\u00edjec\u00edho portu typu C. Zapojte jej do kompatibiln\u00ed nab\u00edje\u010dky a sledujte stav baterie na digit\u00e1ln\u00edm displeji.<\/p>\n<h4>3. <strong>Jak poznat, kdy je Bang Box pr\u00e1zdn\u00fd?<\/strong><\/h4>\n<p>Digit\u00e1ln\u00ed displej na Bang Boxu ukazuje zb\u00fdvaj\u00edc\u00ed po\u010det potah\u016f. Krom\u011b toho m\u016f\u017ee slab\u00e1 chu\u0165 nebo produkce p\u00e1ry nazna\u010dovat, \u017ee v za\u0159\u00edzen\u00ed ji\u017e nen\u00ed e-liquid.<\/p>\n<h4>4. <strong>Jak digit\u00e1ln\u00ed displej zlep\u0161uje z\u00e1\u017eitek z vapov\u00e1n\u00ed?<\/strong><\/h4>\n<p>Displej pom\u00e1h\u00e1 u\u017eivatel\u016fm sledovat \u017eivotnost baterie a po\u010det potah\u016f, co\u017e zaji\u0161\u0165uje, \u017ee si jsou v\u017edy v\u011bdomi stavu za\u0159\u00edzen\u00ed pro bezprobl\u00e9mov\u00fd z\u00e1\u017eitek.<\/p>\n<h4>5. <strong>Jak\u00e9 jsou v\u00fdhody slu\u017eeb OEM\/ODM pro Bang Box?<\/strong><\/h4>\n<p>Mo\u017enosti OEM\/ODM od vapestornado umo\u017e\u0148uj\u00ed firm\u00e1m p\u0159izp\u016fsobit branding, balen\u00ed a design produktu tak, aby l\u00e9pe odpov\u00eddaly pot\u0159eb\u00e1m trhu, a vytvo\u0159it tak jedine\u010dnou nab\u00eddku pro z\u00e1kazn\u00edky.<\/p>\n<\/div>\n<\/div>\n<\/div>\n<\/div>\n<div class=\"flex-shrink-0 flex flex-col relative items-end\">\n<div class=\"pt-0\">\n<div class=\"gizmo-bot-avatar flex h-8 w-8 items-center justify-center overflow-hidden rounded-full\">\n<div class=\"relative p-1 rounded-sm flex items-center justify-center bg-token-main-surface-primary text-token-text-primary h-8 w-8\">\n<div class=\"mb-2 flex gap-3 empty:hidden -ml-2\">\n<div role=\"article\" data-tabster=\"{&quot;groupper&quot;:{&quot;tabbability&quot;:2},&quot;focusable&quot;:{}}\" data-content=\"ai-message\" aria-labelledby=\"Vdt5ez4X7Tg813x6rFVha-author Vdt5ez4X7Tg813x6rFVha-content\">\n<div id=\"Vdt5ez4X7Tg813x6rFVha-content\">\n<div role=\"article\" data-tabster=\"{&quot;groupper&quot;:{&quot;tabbability&quot;:2},&quot;focusable&quot;:{}}\" data-content=\"ai-message\" aria-labelledby=\"o968oC7CEo2fGHsGdsRYC-author o968oC7CEo2fGHsGdsRYC-content\">\n<div id=\"o968oC7CEo2fGHsGdsRYC-content\">\n<p>&nbsp;<\/p>\n<h3>Pro\u010d zvolit vapestornado pro velkoobchod s Bang Box 20000 Puffs Vape?<\/h3>\n<div class=\"flex-shrink-0 flex flex-col relative items-end\">\n<div class=\"pt-0\">\n<div class=\"gizmo-bot-avatar flex h-8 w-8 items-center justify-center overflow-hidden rounded-full\">\n<div class=\"relative p-1 rounded-sm flex items-center justify-center bg-token-main-surface-primary text-token-text-primary h-8 w-8\">\n<p>V\u00edtejte ve vapestornado, va\u0161em d\u016fv\u011bryhodn\u00e9m online obchod\u011b s vapovac\u00edmi pot\u0159ebami pro pr\u00e9miov\u00e9 jednor\u00e1zov\u00e9 vapy. S v\u00edce ne\u017e 5let\u00fdmi zku\u0161enostmi v\u00e1m p\u0159in\u00e1\u0161\u00edme obl\u00edben\u00e9 zna\u010dky jednor\u00e1zov\u00fdch vape, jako jsou Fumot RandM Vape, <a href=\"https:\/\/vapestornado.com\/cs\/product\/vapme-crystal-7000-puffs-rechargeable-disposable-vape-wholesale-cheap-price\/\">Vapme<\/a>, Bang Vape, Waspe Vape a WGA Vape, atd.<\/p>\n<p>N\u00e1\u0161 sortiment zahrnuje \u017ehav\u00e9 vapy, jako je <a href=\"https:\/\/vapestornado.com\/cs\/product\/fumot-randm-tornado-15000-puffs-rechargeable-disposable-vape-wholesale\/\">RandM Tornado 15000<\/a>, a chu\u0165ov\u011b bohat\u00e9 varianty jako <a href=\"https:\/\/vapestornado.com\/cs\/product\/vapsolo-dg-18000-puffs-smart-screen-wholesale-disposable-cheap-vapes\/\">\u00a0Vapsolo DG18000 potah\u016f<\/a> . Ka\u017ed\u00fd produkt je vyb\u00edr\u00e1n s d\u016frazem na kvalitu, hodnotu a rozmanitost, abychom zajistili, \u017ee najdete to prav\u00e9 pro va\u0161e pot\u0159eby. Objevte v\u00fdjime\u010dn\u00e9 slu\u017eby a \u0161irokou \u0161k\u00e1lu \u0161pi\u010dkov\u00fdch produkt\u016f za velkoobchodn\u00ed ceny na vapestornado.<\/p>\n<\/div>\n<p>&nbsp;<\/p>\n<p><strong>Dal\u0161\u00ed obl\u00edben\u00e9 jednor\u00e1zov\u00e9 vapes<\/strong><\/p>\n<p><a href=\"https:\/\/vapestornado.com\/cs\/product\/aivono-flash-35000-puffs-rechargeable-disposable-vape-bulk-buy\/\">Aivono Flash 35000 potah\u016f <span style=\"color: #ff0000;\"><strong>&gt;&gt;&gt;&gt; J\u00edt !<\/strong><\/span><\/a><\/p>\n<p><a href=\"https:\/\/vapestornado.com\/cs\/product\/vapme-crystal-7000-puffs-rechargeable-disposable-vape-wholesale-cheap-price\/\">Vape Krystaly 7000 <span style=\"color: #ff0000;\"><strong>&gt;&gt;&gt;&gt; J\u00edt !<\/strong><\/span><\/a><\/p>\n<p><a href=\"https:\/\/vapestornado.com\/cs\/product\/bood-twins-46000-puff-double-flavour-low-nicotine-disposable-vape-wholesale-bulk-buy-price\/\">Bood Twins 46000<span style=\"color: #ff0000;\"><strong>&gt;&gt;&gt;&gt; J\u00edt !<\/strong><\/span><\/a><\/p>\n<\/div>\n<\/div>\n<\/div>\n<p>&nbsp;<\/p>\n<\/div>\n<\/div>\n<\/div>\n<\/div>\n<\/div>\n<\/div>\n<\/div>\n<\/div>\n<\/div>","protected":false},"excerpt":{"rendered":"<p>Origin\u00e1ln\u00ed jednor\u00e1zov\u00e9 vapy Bang Box 20000 pot\u00e1hnut\u00ed Puff 20K Vape Pen<br \/>\nBang Box 20K 20000 pot\u00e1hnut\u00ed Dob\u00edjec\u00ed jednor\u00e1zov\u00fd vape N\u00edzk\u00e1 cena<br \/>\nJednor\u00e1zov\u00fd vape Bang Box 20K 20000 pot\u00e1hnut\u00ed s chytr\u00fdm digit\u00e1ln\u00edm displejem<\/p>\n<p><strong>P\u0159idejte si Amy na WhatsApp pro rychlou odpov\u011b\u010f a kup\u00f3n na vapky!<\/strong><\/p>\n<p><img fetchpriority=\"high\" decoding=\"async\" class=\"size-full wp-image-2932\" src=\"https:\/\/vapestornado.com\/wp-content\/uploads\/2024\/12\/Vape-Wholesale.jpg\" alt=\"Velkoobchod s vape\" width=\"229\" height=\"300\" \/><\/p>\n<h3><a href=\"https:\/\/wa.me\/8617776015835\"><span style=\"color: #ff0000;\"><strong>WhatsApp: +86 17776015835<\/strong><\/span><\/a><\/h3>\n<p>&nbsp;<\/p>","protected":false},"featured_media":3346,"comment_status":"open","ping_status":"closed","template":"","meta":{"_acf_changed":false,"_uag_custom_page_level_css":"","_lmt_disableupdate":"no","_lmt_disable":"","_monsterinsights_skip_tracking":false,"_monsterinsights_sitenote_active":false,"_monsterinsights_sitenote_note":"","_monsterinsights_sitenote_category":0,"site-sidebar-layout":"default","site-content-layout":"","ast-site-content-layout":"default","site-content-style":"default","site-sidebar-style":"default","ast-global-header-display":"","ast-banner-title-visibility":"","ast-main-header-display":"","ast-hfb-above-header-display":"","ast-hfb-below-header-display":"","ast-hfb-mobile-header-display":"","site-post-title":"","ast-breadcrumbs-content":"","ast-featured-img":"","footer-sml-layout":"","ast-disable-related-posts":"","theme-transparent-header-meta":"default","adv-header-id-meta":"","stick-header-meta":"","header-above-stick-meta":"","header-main-stick-meta":"","header-below-stick-meta":"","astra-migrate-meta-layouts":"set","ast-page-background-enabled":"default","ast-page-background-meta":{"desktop":{"background-color":"","background-image":"","background-repeat":"repeat","background-position":"center center","background-size":"auto","background-attachment":"scroll","background-type":"","background-media":"","overlay-type":"","overlay-color":"","overlay-opacity":"","overlay-gradient":""},"tablet":{"background-color":"","background-image":"","background-repeat":"repeat","background-position":"center center","background-size":"auto","background-attachment":"scroll","background-type":"","background-media":"","overlay-type":"","overlay-color":"","overlay-opacity":"","overlay-gradient":""},"mobile":{"background-color":"","background-image":"","background-repeat":"repeat","background-position":"center center","background-size":"auto","background-attachment":"scroll","background-type":"","background-media":"","overlay-type":"","overlay-color":"","overlay-opacity":"","overlay-gradient":""}},"ast-content-background-meta":{"desktop":{"background-color":"var(--ast-global-color-5)","background-image":"","background-repeat":"repeat","background-position":"center center","background-size":"auto","background-attachment":"scroll","background-type":"","background-media":"","overlay-type":"","overlay-color":"","overlay-opacity":"","overlay-gradient":""},"tablet":{"background-color":"var(--ast-global-color-5)","background-image":"","background-repeat":"repeat","background-position":"center center","background-size":"auto","background-attachment":"scroll","background-type":"","background-media":"","overlay-type":"","overlay-color":"","overlay-opacity":"","overlay-gradient":""},"mobile":{"background-color":"var(--ast-global-color-5)","background-image":"","background-repeat":"repeat","background-position":"center center","background-size":"auto","background-attachment":"scroll","background-type":"","background-media":"","overlay-type":"","overlay-color":"","overlay-opacity":"","overlay-gradient":""}},"_joinchat":{"telephone":"+8617776015835"}},"product_brand":[],"product_cat":[69,64,152,156,160,142,144,19],"product_tag":[200,201,196,165,105,97,166,94],"class_list":{"0":"post-3367","1":"product","2":"type-product","3":"status-publish","4":"has-post-thumbnail","6":"product_cat-20000-puff","7":"product_cat-bangbox-vape","8":"product_cat-buy-disposable-vapes-in-cermany","9":"product_cat-buy-disposable-vapes-in-poland","10":"product_cat-buy-disposable-vapes-in-switzerland","11":"product_cat-digital-box-disposable-vapes","12":"product_cat-low-nicotine-disposable-vapes","13":"product_cat-vapes","14":"product_tag-bang-box-20000","15":"product_tag-bang-box-20k","16":"product_tag-bang-vape","17":"product_tag-cheap-vapes","18":"product_tag-digital-disposable-vape","19":"product_tag-hot-sale-disposable-vape","20":"product_tag-low-nicotine-vape","21":"product_tag-rechargeable-disposable-vape","22":"desktop-align-left","23":"tablet-align-left","24":"mobile-align-left","26":"first","27":"instock","28":"sale","29":"shipping-taxable","30":"purchasable","31":"product-type-simple"},"acf":[],"uagb_featured_image_src":{"full":["https:\/\/vapestornado.com\/wp-content\/uploads\/2024\/12\/Bang-Box-Vape-Disposable-Wholesale-20000-Puffs.jpg",1126,1126,false],"thumbnail":["https:\/\/vapestornado.com\/wp-content\/uploads\/2024\/12\/Bang-Box-Vape-Disposable-Wholesale-20000-Puffs-150x150.jpg",150,150,true],"medium":["https:\/\/vapestornado.com\/wp-content\/uploads\/2024\/12\/Bang-Box-Vape-Disposable-Wholesale-20000-Puffs-300x300.jpg",300,300,true],"medium_large":["https:\/\/vapestornado.com\/wp-content\/uploads\/2024\/12\/Bang-Box-Vape-Disposable-Wholesale-20000-Puffs-768x768.jpg",768,768,true],"large":["https:\/\/vapestornado.com\/wp-content\/uploads\/2024\/12\/Bang-Box-Vape-Disposable-Wholesale-20000-Puffs-1024x1024.jpg",1024,1024,true],"1536x1536":["https:\/\/vapestornado.com\/wp-content\/uploads\/2024\/12\/Bang-Box-Vape-Disposable-Wholesale-20000-Puffs.jpg",1126,1126,false],"2048x2048":["https:\/\/vapestornado.com\/wp-content\/uploads\/2024\/12\/Bang-Box-Vape-Disposable-Wholesale-20000-Puffs.jpg",1126,1126,false],"trp-custom-language-flag":["https:\/\/vapestornado.com\/wp-content\/uploads\/2024\/12\/Bang-Box-Vape-Disposable-Wholesale-20000-Puffs.jpg",12,12,false],"woocommerce_thumbnail":["https:\/\/vapestornado.com\/wp-content\/uploads\/2024\/12\/Bang-Box-Vape-Disposable-Wholesale-20000-Puffs-300x300.jpg",300,300,true],"woocommerce_single":["https:\/\/vapestornado.com\/wp-content\/uploads\/2024\/12\/Bang-Box-Vape-Disposable-Wholesale-20000-Puffs-600x600.jpg",600,600,true],"woocommerce_gallery_thumbnail":["https:\/\/vapestornado.com\/wp-content\/uploads\/2024\/12\/Bang-Box-Vape-Disposable-Wholesale-20000-Puffs-100x100.jpg",100,100,true]},"uagb_author_info":{"display_name":"ESAMY","author_link":"https:\/\/vapestornado.com\/cs\/author\/"},"uagb_comment_info":0,"uagb_excerpt":"Original Bang Box 20000 Puffs Disposable Vapes Puff 20K Vape Pen Bang Box 20K 20000 Puff Rechargeable Disposable Vape Cheap Price Bang Box 20K 20000 Puff Disposable Vape with Smart Screen Digital Display Add Amy's whatsapp get right reply and vape coupon! WhatsApp: +86 17776015835 &nbsp;","_links":{"self":[{"href":"https:\/\/vapestornado.com\/cs\/wp-json\/wp\/v2\/product\/3367","targetHints":{"allow":["GET"]}}],"collection":[{"href":"https:\/\/vapestornado.com\/cs\/wp-json\/wp\/v2\/product"}],"about":[{"href":"https:\/\/vapestornado.com\/cs\/wp-json\/wp\/v2\/types\/product"}],"replies":[{"embeddable":true,"href":"https:\/\/vapestornado.com\/cs\/wp-json\/wp\/v2\/comments?post=3367"}],"wp:featuredmedia":[{"embeddable":true,"href":"https:\/\/vapestornado.com\/cs\/wp-json\/wp\/v2\/media\/3346"}],"wp:attachment":[{"href":"https:\/\/vapestornado.com\/cs\/wp-json\/wp\/v2\/media?parent=3367"}],"wp:term":[{"taxonomy":"product_brand","embeddable":true,"href":"https:\/\/vapestornado.com\/cs\/wp-json\/wp\/v2\/product_brand?post=3367"},{"taxonomy":"product_cat","embeddable":true,"href":"https:\/\/vapestornado.com\/cs\/wp-json\/wp\/v2\/product_cat?post=3367"},{"taxonomy":"product_tag","embeddable":true,"href":"https:\/\/vapestornado.com\/cs\/wp-json\/wp\/v2\/product_tag?post=3367"}],"curies":[{"name":"wp","href":"https:\/\/api.w.org\/{rel}","templated":true}]}}