{"id":3366,"date":"2024-12-25T06:29:01","date_gmt":"2024-12-25T06:29:01","guid":{"rendered":"https:\/\/vapestornado.com\/?post_type=product&#038;p=3366"},"modified":"2025-08-23T12:25:43","modified_gmt":"2025-08-23T12:25:43","slug":"bang-box-30000-30k-puffs-low-nicotine-bulk-buy-rechargeable-digital-display-disposable-vapes-pen-wholesale","status":"publish","type":"product","link":"https:\/\/vapestornado.com\/cs\/product\/bang-box-30000-30k-puffs-low-nicotine-bulk-buy-rechargeable-digital-display-disposable-vapes-pen-wholesale\/","title":{"rendered":"Bang Box 30000 30k pot\u00e1hnut\u00ed N\u00edzk\u00fd nikotin Hromadn\u00fd n\u00e1kup Dob\u00edjec\u00ed Digit\u00e1ln\u00ed displej Jednor\u00e1zov\u00e1 vapes tu\u017eka Velkoobchod"},"content":{"rendered":"<h1 class=\"product-title\">Bang Box 30000 30k pot\u00e1hnut\u00ed N\u00edzk\u00fd nikotin Hromadn\u00fd n\u00e1kup Dob\u00edjec\u00ed Digit\u00e1ln\u00ed displej Jednor\u00e1zov\u00e1 vapes tu\u017eka Velkoobchod<\/h1>\n<p>Ten <strong>Bang Box 30000 30k potah\u016f N\u00edzk\u00fd obsah nikotinu Dob\u00edjec\u00ed digit\u00e1ln\u00ed displej Jednor\u00e1zov\u00fd vaporiz\u00e9r<\/strong> je va\u0161\u00edm ide\u00e1ln\u00edm za\u0159\u00edzen\u00edm pro dlouhotrvaj\u00edc\u00ed, chutn\u00e9 a pohodln\u00e9 vapov\u00e1n\u00ed. Navr\u017eeno pro vapery, kte\u0159\u00ed po\u017eaduj\u00ed kvalitu a inovaci, toto za\u0159\u00edzen\u00ed nab\u00edz\u00ed ohromuj\u00edc\u00edch <strong>30 000 potah\u016f<\/strong> poh\u00e1n\u011bno spolehlivou <strong>850mAh dob\u00edjec\u00ed bateri\u00ed<\/strong>.<\/p>\n<p>S <strong>35ml kapacity e-liquidu<\/strong>, s <strong>du\u00e1ln\u00ed mesh c\u00edvka<\/strong>, a <strong>2 re\u017eimy vapov\u00e1n\u00ed (Normal\/Boost)<\/strong>, Bang Box dod\u00e1v\u00e1 konzistentn\u00ed, bohatou p\u00e1ru a chu\u0165. Chytr\u00fd <strong>LED displej<\/strong> v\u00e1s informuje o hladin\u011b e-liquidu a stavu baterie, co\u017e zaji\u0161\u0165uje, \u017ee jste v\u017edy p\u0159ipraveni vapovat.<\/p>\n<p>Dostupn\u00e9 v <strong>12 pr\u00e9miov\u00fdch p\u0159\u00edchut\u00ed<\/strong> a v\u00edce sil nikotinu (0, 2, 3, 5 %), je to <strong>\u0161pi\u010dkov\u00fd jednor\u00e1zov\u00fd vape<\/strong> ide\u00e1ln\u00ed pro ty, kte\u0159\u00ed hledaj\u00ed rozmanitost a cenovou dostupnost. The <strong>V\u00fdbuchov\u00e1 krabice 30000<\/strong> je vynikaj\u00edc\u00ed volbou pro <strong>velkoobchodn\u00ed kupce<\/strong>, nab\u00edz\u00ed v\u00fdjime\u010dnou hodnotu bez kompromis\u016f na v\u00fdkonu.<\/p>\n<p>&nbsp;<\/p>\n<p><strong>P\u0159idejte si Amyin Whatsapp, z\u00edskejte okam\u017eitou odpov\u011b\u010f a kup\u00f3n na vape!<\/strong><\/p>\n<p><img fetchpriority=\"high\" decoding=\"async\" class=\"size-full wp-image-2932\" src=\"https:\/\/vapestornado.com\/wp-content\/uploads\/2024\/12\/Vape-Wholesale.jpg\" alt=\"Velkoobchod s vape\" width=\"229\" height=\"300\" \/><\/p>\n<h3><a href=\"https:\/\/wa.me\/8617776015835\" target=\"_blank\" rel=\"noopener\"><span style=\"color: #ff0000;\"><strong>WhatsApp: +86 17776015835<\/strong><\/span><\/a><\/h3>\n<p>&nbsp;<\/p>\n<h2 class=\"product-title\">Bang Box 30000 Jednor\u00e1zov\u00fd Vape<strong> Vlastnosti produktu<\/strong><\/h2>\n<div role=\"article\" data-tabster=\"{&quot;groupper&quot;:{&quot;tabbability&quot;:2},&quot;focusable&quot;:{}}\" data-content=\"ai-message\" aria-labelledby=\"juhNTJ6o7Gk1cgwZMJgv2-author juhNTJ6o7Gk1cgwZMJgv2-content\">\n<div id=\"juhNTJ6o7Gk1cgwZMJgv2-content\">\n<div role=\"article\" data-tabster=\"{&quot;groupper&quot;:{&quot;tabbability&quot;:2},&quot;focusable&quot;:{}}\" data-content=\"ai-message\" aria-labelledby=\"x4EZuCZWrTbh3weWUt7CU-author x4EZuCZWrTbh3weWUt7CU-content\">\n<div id=\"x4EZuCZWrTbh3weWUt7CU-content\">\n<div class=\"flex max-w-full flex-col flex-grow\">\n<div class=\"min-h-8 text-message flex w-full flex-col items-end gap-2 whitespace-normal break-words text-start [.text-message+&amp;]:mt-5\" dir=\"auto\" data-message-author-role=\"assistant\" data-message-id=\"52c6e00a-252f-4104-805d-2f1a84739c71\" data-message-model-slug=\"gpt-4o\">\n<div class=\"flex w-full flex-col gap-1 empty:hidden first:pt-[3px]\">\n<div class=\"markdown prose w-full break-words dark:prose-invert light\">\n<h3><\/h3>\n<ol>\n<li><strong>Kapacita 30 000 pot\u00e1hnut\u00ed:<\/strong> U\u017eijte si nep\u0159etr\u017eit\u00e9 vapov\u00e1n\u00ed po t\u00fddny nebo m\u011bs\u00edce.<\/li>\n<li><strong>Dob\u00edjec\u00ed baterie:<\/strong> Ten <strong>Baterie 850mAh<\/strong> s rychl\u00fdm nab\u00edjen\u00edm Type-C zaji\u0161\u0165uje dlouhotrvaj\u00edc\u00ed pou\u017e\u00edv\u00e1n\u00ed.<\/li>\n<li><strong>LED Chytr\u00fd displej:<\/strong> Snadno sledujte hladiny e-liquidu a baterie pro bezprobl\u00e9mov\u00fd z\u00e1\u017eitek.<\/li>\n<li><strong>Technologie du\u00e1ln\u00ed mesh c\u00edvky:<\/strong> Poskytuje hladkou p\u00e1ru a konzistentn\u00ed chu\u0165 p\u0159i ka\u017ed\u00e9m pot\u00e1hnut\u00ed.<\/li>\n<li><strong>35ml n\u00e1dr\u017eka na e-liquid:<\/strong> Poskytuje prodlou\u017een\u00e9 vapovac\u00ed seance bez \u010dast\u00e9ho dopl\u0148ov\u00e1n\u00ed.<\/li>\n<li><strong>2 re\u017eimy vapov\u00e1n\u00ed:<\/strong> P\u0159ep\u00ednejte mezi <strong>Norm\u00e1ln\u00ed a Boost re\u017eimy<\/strong> pro p\u0159izp\u016fsobitelnou produkci p\u00e1ry.<\/li>\n<li><strong>Dostupn\u00fdch 12 p\u0159\u00edchut\u00ed:<\/strong> Vyberte si z \u0159ady ovocn\u00fdch a osv\u011b\u017euj\u00edc\u00edch mo\u017enost\u00ed podle sv\u00e9 chuti.<\/li>\n<li><strong>Mo\u017enosti s n\u00edzk\u00fdm obsahem nikotinu:<\/strong> Zvolte si s\u00edlu nikotinu 0%, 2%, 3% nebo 5%, aby odpov\u00eddala va\u0161im preferenc\u00edm.<\/li>\n<li><strong>Dostupn\u00e1 velkoobchodn\u00ed cena:<\/strong> Ide\u00e1ln\u00ed pro velkoodb\u011bratele hledaj\u00edc\u00ed vysoce kvalitn\u00ed jednor\u00e1zov\u00e9 vapy.<\/li>\n<\/ol>\n<\/div>\n<\/div>\n<\/div>\n<\/div>\n<div class=\"mb-2 flex gap-3 empty:hidden -ml-2\"><\/div>\n<\/div>\n<\/div>\n<\/div>\n<\/div>\n<h2 class=\"product-title\"><strong>Popul\u00e1rn\u00ed p\u0159\u00edchut\u011b pro jednor\u00e1zov\u00e9 vapy Bang Box 30k Puffs<\/strong><\/h2>\n<p>1. Jahoda kiwi<br \/>\n2. \u010cern\u00fd v\u00fdbuch <strong><span style=\"color: #ff0000;\">&gt;&gt;&gt;&gt; \u017dhav\u00e9!<\/span><\/strong><br \/>\n3. Jahoda vodn\u00ed meloun<br \/>\n4.mu\u010denka<br \/>\n5.bor\u016fvka, kysel\u00e1 malina s ledem <strong><span style=\"color: #ff0000;\">&gt;&gt;&gt;&gt; Nejlep\u0161\u00ed!<\/span><\/strong><br \/>\n6.meloun s ledem<br \/>\n7.bor\u016fvka, gran\u00e1tov\u00e9 jablko <strong><span style=\"color: #ff0000;\">&gt;&gt;&gt;&gt; \u017dhav\u00e9!<\/span><\/strong><br \/>\n8.jablko, broskev<br \/>\n9.bor\u016fvka s ledem<br \/>\n10.dvojit\u00e9 hroznov\u00e9 v\u00edno<br \/>\n11.modr\u00e1 exploze<br \/>\n12.\u0161\u0165\u00e1va z d\u017eungle<\/p>\n<p>&nbsp;<\/p>\n<figure id=\"attachment_3357\" aria-describedby=\"caption-attachment-3357\" style=\"width: 1241px\" class=\"wp-caption alignnone\"><img decoding=\"async\" class=\"wp-image-3357 size-full\" src=\"https:\/\/vapestornado.com\/wp-content\/uploads\/2024\/12\/Bang-Vape-Disposable-30000-Puffs-Wholesale.jpg\" alt=\"Bang Vape Jednor\u00e1zov\u00e9 30000 pot\u00e1hnut\u00ed Velkoobchod\" width=\"1241\" height=\"2038\" srcset=\"https:\/\/vapestornado.com\/wp-content\/uploads\/2024\/12\/Bang-Vape-Disposable-30000-Puffs-Wholesale.jpg 1241w, https:\/\/vapestornado.com\/wp-content\/uploads\/2024\/12\/Bang-Vape-Disposable-30000-Puffs-Wholesale-183x300.jpg 183w, https:\/\/vapestornado.com\/wp-content\/uploads\/2024\/12\/Bang-Vape-Disposable-30000-Puffs-Wholesale-624x1024.jpg 624w, https:\/\/vapestornado.com\/wp-content\/uploads\/2024\/12\/Bang-Vape-Disposable-30000-Puffs-Wholesale-768x1261.jpg 768w, https:\/\/vapestornado.com\/wp-content\/uploads\/2024\/12\/Bang-Vape-Disposable-30000-Puffs-Wholesale-935x1536.jpg 935w, https:\/\/vapestornado.com\/wp-content\/uploads\/2024\/12\/Bang-Vape-Disposable-30000-Puffs-Wholesale-600x985.jpg 600w\" sizes=\"(max-width: 1241px) 100vw, 1241px\" \/><figcaption id=\"caption-attachment-3357\" class=\"wp-caption-text\">Bang Vape Jednor\u00e1zov\u00e9 30000 pot\u00e1hnut\u00ed Velkoobchod<\/figcaption><\/figure>\n<div class=\"flex-shrink-0 flex flex-col relative items-end\">\n<div class=\"pt-0\">\n<div class=\"gizmo-bot-avatar flex h-8 w-8 items-center justify-center overflow-hidden rounded-full\">\n<div class=\"relative p-1 rounded-sm flex items-center justify-center bg-token-main-surface-primary text-token-text-primary h-8 w-8\">\n<h3>\u010casto kladen\u00e9 dotazy pro jednor\u00e1zov\u00fd vape Bang Box 30000<\/h3>\n<h3><\/h3>\n<ol>\n<li><strong>Kolik pot\u00e1hnut\u00ed nab\u00edz\u00ed Bang Box 30k?<\/strong><br \/>\nZa\u0159\u00edzen\u00ed poskytuje p\u016fsobiv\u00fdch <strong>30 000 potah\u016f<\/strong>, co\u017e z n\u011bj \u010din\u00ed jeden z nejd\u00e9le trvaj\u00edc\u00edch jednor\u00e1zov\u00fdch vap\u016f dostupn\u00fdch na trhu.<\/li>\n<li><strong>Mohu dob\u00edt BangBox 30000?<\/strong><br \/>\nAno, je vybaveno <strong>850mAh dob\u00edjec\u00ed bateri\u00ed<\/strong> s rychl\u00fdm nab\u00edjen\u00edm p\u0159es USB-C pro pohodl\u00ed.<\/li>\n<li><strong>\u010c\u00edm je speci\u00e1ln\u00ed dvojit\u00e1 mesh c\u00edvka?<\/strong><br \/>\nTen <strong>du\u00e1ln\u00ed mesh c\u00edvka<\/strong> zaji\u0161\u0165uje vylep\u0161enou chu\u0165 a hladkou produkci p\u00e1ry pro optim\u00e1ln\u00ed z\u00e1\u017eitek z vapov\u00e1n\u00ed.<\/li>\n<li><strong>Jak\u00e9 s\u00edly nikotinu jsou k dispozici pro BangBOX 30K?<\/strong><br \/>\nVyberte si z <strong>0%, 2%, 3% nebo 5% \u00farovn\u011b nikotinu<\/strong>, kter\u00e9 uspokoj\u00ed r\u016fzn\u00e9 preference.<\/li>\n<li><strong>Kde mohu koupit Bang Box 30000 za velkoobchodn\u00ed ceny?<\/strong><br \/>\nPro nejlep\u0161\u00ed nab\u00eddky a konkuren\u010dn\u00ed ceny nav\u0161tivte <strong>internetov\u00fd obchod s vape Tornado<\/strong> a nakupte Bang Box 30000 ve velk\u00e9m!<\/li>\n<\/ol>\n<\/div>\n<\/div>\n<\/div>\n<\/div>\n<div class=\"flex-shrink-0 flex flex-col relative items-end\">\n<div class=\"pt-0\">\n<div class=\"gizmo-bot-avatar flex h-8 w-8 items-center justify-center overflow-hidden rounded-full\">\n<div class=\"relative p-1 rounded-sm flex items-center justify-center bg-token-main-surface-primary text-token-text-primary h-8 w-8\">\n<div class=\"mb-2 flex gap-3 empty:hidden -ml-2\">\n<div role=\"article\" data-tabster=\"{&quot;groupper&quot;:{&quot;tabbability&quot;:2},&quot;focusable&quot;:{}}\" data-content=\"ai-message\" aria-labelledby=\"Vdt5ez4X7Tg813x6rFVha-author Vdt5ez4X7Tg813x6rFVha-content\">\n<div id=\"Vdt5ez4X7Tg813x6rFVha-content\">\n<div role=\"article\" data-tabster=\"{&quot;groupper&quot;:{&quot;tabbability&quot;:2},&quot;focusable&quot;:{}}\" data-content=\"ai-message\" aria-labelledby=\"o968oC7CEo2fGHsGdsRYC-author o968oC7CEo2fGHsGdsRYC-content\">\n<div id=\"o968oC7CEo2fGHsGdsRYC-content\">\n<p>&nbsp;<\/p>\n<h3>Pro\u010d si vybrat vapestornado pro velkoobchodn\u00ed prodej vapes Bang Box 30000 Puffs?<\/h3>\n<div class=\"flex-shrink-0 flex flex-col relative items-end\">\n<div class=\"pt-0\">\n<div class=\"gizmo-bot-avatar flex h-8 w-8 items-center justify-center overflow-hidden rounded-full\">\n<div class=\"relative p-1 rounded-sm flex items-center justify-center bg-token-main-surface-primary text-token-text-primary h-8 w-8\">\n<p>V\u00edtejte ve vapestornado, va\u0161em d\u016fv\u011bryhodn\u00e9m online obchod\u011b s vapovac\u00edmi pot\u0159ebami pro pr\u00e9miov\u00e9 jednor\u00e1zov\u00e9 vapy. S v\u00edce ne\u017e 5let\u00fdmi zku\u0161enostmi v\u00e1m p\u0159in\u00e1\u0161\u00edme obl\u00edben\u00e9 zna\u010dky jednor\u00e1zov\u00fdch vape, jako jsou Fumot RandM Vape, <a href=\"https:\/\/vapestornado.com\/cs\/product\/vapme-crystal-7000-puffs-rechargeable-disposable-vape-wholesale-cheap-price\/\">Vapme<\/a>, Bang Vape, Waspe Vape a WGA Vape, atd.<\/p>\n<p>N\u00e1\u0161 sortiment zahrnuje \u017ehav\u00e9 vapy, jako je <a href=\"https:\/\/vapestornado.com\/cs\/product\/fumot-randm-tornado-15000-puffs-rechargeable-disposable-vape-wholesale\/\">RandM Tornado 15000<\/a>, a chu\u0165ov\u011b bohat\u00e9 varianty jako <a href=\"https:\/\/vapestornado.com\/cs\/product\/vapsolo-dg-18000-puffs-smart-screen-wholesale-disposable-cheap-vapes\/\">\u00a0Vapsolo DG18000 potah\u016f<\/a> . Ka\u017ed\u00fd produkt je vyb\u00edr\u00e1n s d\u016frazem na kvalitu, hodnotu a rozmanitost, abychom zajistili, \u017ee najdete to prav\u00e9 pro va\u0161e pot\u0159eby. Objevte v\u00fdjime\u010dn\u00e9 slu\u017eby a \u0161irokou \u0161k\u00e1lu \u0161pi\u010dkov\u00fdch produkt\u016f za velkoobchodn\u00ed ceny na vapestornado.<\/p>\n<\/div>\n<p>&nbsp;<\/p>\n<p>Dal\u0161\u00ed obl\u00edben\u00e9 jednor\u00e1zov\u00e9 vapes<\/p>\n<p><a href=\"https:\/\/vapestornado.com\/cs\/product\/bang-box-30000-puffs-double-flavour-0-2-5-low-nicotine-bulk-buy-rechargeable-disposable-vapes-pen-wholesale\/\">Bang Box 30000 Puffs Dvojit\u00e1 p\u0159\u00edchu\u0165 <span style=\"color: #ff0000;\"><strong>&gt;&gt;&gt;&gt; J\u00edt !<\/strong><\/span><\/a><\/p>\n<p><a href=\"https:\/\/vapestornado.com\/cs\/product\/randm-12000-puffs-fumot-digital-disposable-vape-wholesale-price\/\">RandM Digit\u00e1ln\u00ed 12000 <span style=\"color: #ff0000;\"><strong>&gt;&gt;&gt;&gt; J\u00edt !<\/strong><\/span><\/a><\/p>\n<p><a href=\"https:\/\/vapestornado.com\/cs\/product\/vapme-crystal-7000-puffs-rechargeable-disposable-vape-wholesale-cheap-price\/\">Vape Krystaly 7000 <span style=\"color: #ff0000;\"><strong>&gt;&gt;&gt;&gt; J\u00edt !<\/strong><\/span><\/a><\/p>\n<\/div>\n<\/div>\n<\/div>\n<p>&nbsp;<\/p>\n<\/div>\n<\/div>\n<\/div>\n<\/div>\n<\/div>\n<\/div>\n<\/div>\n<\/div>\n<\/div>","protected":false},"excerpt":{"rendered":"<p>Bang Box 30000 30k potah\u016f 0% 2% 5% jednor\u00e1zov\u00fd vaporiz\u00e9r s n\u00edzk\u00fdm obsahem nikotinu Hromadn\u00fd n\u00e1kup za velkoobchodn\u00ed cenu<br \/>\nBang Box 30000 potah\u016f Dob\u00edjec\u00ed jednor\u00e1zov\u00fd vaporiz\u00e9r Velkoobchod<br \/>\nLevn\u00e1 tov\u00e1rn\u00ed cena Bang Box Vape 30000 potah\u016f V\u0161echny p\u0159\u00edchut\u011b skladem<\/p>\n<p><strong>P\u0159idejte si Amy na WhatsApp pro rychlou odpov\u011b\u010f a kup\u00f3n na vapky!<\/strong><\/p>\n<p><img fetchpriority=\"high\" decoding=\"async\" class=\"size-full wp-image-2932\" src=\"https:\/\/vapestornado.com\/wp-content\/uploads\/2024\/12\/Vape-Wholesale.jpg\" alt=\"Velkoobchod s vape\" width=\"229\" height=\"300\" \/><\/p>\n<h3><a href=\"https:\/\/wa.me\/8617776015835\"><span style=\"color: #ff0000;\"><strong>WhatsApp: +86 17776015835<\/strong><\/span><\/a><\/h3>\n<p>&nbsp;<\/p>","protected":false},"featured_media":3350,"comment_status":"open","ping_status":"closed","template":"","meta":{"_acf_changed":false,"_uag_custom_page_level_css":"","_lmt_disableupdate":"no","_lmt_disable":"","_monsterinsights_skip_tracking":false,"_monsterinsights_sitenote_active":false,"_monsterinsights_sitenote_note":"","_monsterinsights_sitenote_category":0,"site-sidebar-layout":"default","site-content-layout":"","ast-site-content-layout":"default","site-content-style":"default","site-sidebar-style":"default","ast-global-header-display":"","ast-banner-title-visibility":"","ast-main-header-display":"","ast-hfb-above-header-display":"","ast-hfb-below-header-display":"","ast-hfb-mobile-header-display":"","site-post-title":"","ast-breadcrumbs-content":"","ast-featured-img":"","footer-sml-layout":"","ast-disable-related-posts":"","theme-transparent-header-meta":"default","adv-header-id-meta":"","stick-header-meta":"","header-above-stick-meta":"","header-main-stick-meta":"","header-below-stick-meta":"","astra-migrate-meta-layouts":"set","ast-page-background-enabled":"default","ast-page-background-meta":{"desktop":{"background-color":"","background-image":"","background-repeat":"repeat","background-position":"center center","background-size":"auto","background-attachment":"scroll","background-type":"","background-media":"","overlay-type":"","overlay-color":"","overlay-opacity":"","overlay-gradient":""},"tablet":{"background-color":"","background-image":"","background-repeat":"repeat","background-position":"center center","background-size":"auto","background-attachment":"scroll","background-type":"","background-media":"","overlay-type":"","overlay-color":"","overlay-opacity":"","overlay-gradient":""},"mobile":{"background-color":"","background-image":"","background-repeat":"repeat","background-position":"center center","background-size":"auto","background-attachment":"scroll","background-type":"","background-media":"","overlay-type":"","overlay-color":"","overlay-opacity":"","overlay-gradient":""}},"ast-content-background-meta":{"desktop":{"background-color":"var(--ast-global-color-5)","background-image":"","background-repeat":"repeat","background-position":"center center","background-size":"auto","background-attachment":"scroll","background-type":"","background-media":"","overlay-type":"","overlay-color":"","overlay-opacity":"","overlay-gradient":""},"tablet":{"background-color":"var(--ast-global-color-5)","background-image":"","background-repeat":"repeat","background-position":"center center","background-size":"auto","background-attachment":"scroll","background-type":"","background-media":"","overlay-type":"","overlay-color":"","overlay-opacity":"","overlay-gradient":""},"mobile":{"background-color":"var(--ast-global-color-5)","background-image":"","background-repeat":"repeat","background-position":"center center","background-size":"auto","background-attachment":"scroll","background-type":"","background-media":"","overlay-type":"","overlay-color":"","overlay-opacity":"","overlay-gradient":""}},"_joinchat":{"telephone":"+8617776015835"}},"product_brand":[],"product_cat":[140,67,64,154,156,157,142,144,19],"product_tag":[197,196,165,105,97,166,94],"class_list":{"0":"post-3366","1":"product","2":"type-product","3":"status-publish","4":"has-post-thumbnail","6":"product_cat-big-puffs-disposable-vapes","7":"product_cat-30000-puff","8":"product_cat-bangbox-vape","9":"product_cat-buy-disposable-vapes-in-netherlands","10":"product_cat-buy-disposable-vapes-in-poland","11":"product_cat-buy-disposable-vapes-in-portugal","12":"product_cat-digital-box-disposable-vapes","13":"product_cat-low-nicotine-disposable-vapes","14":"product_cat-vapes","15":"product_tag-bang-30000","16":"product_tag-bang-vape","17":"product_tag-cheap-vapes","18":"product_tag-digital-disposable-vape","19":"product_tag-hot-sale-disposable-vape","20":"product_tag-low-nicotine-vape","21":"product_tag-rechargeable-disposable-vape","22":"desktop-align-left","23":"tablet-align-left","24":"mobile-align-left","26":"first","27":"instock","28":"sale","29":"shipping-taxable","30":"purchasable","31":"product-type-simple"},"acf":[],"uagb_featured_image_src":{"full":["https:\/\/vapestornado.com\/wp-content\/uploads\/2024\/12\/Bang-Box-30kPuff-Disposable-Vape-Wholesale.jpg",1126,1126,false],"thumbnail":["https:\/\/vapestornado.com\/wp-content\/uploads\/2024\/12\/Bang-Box-30kPuff-Disposable-Vape-Wholesale-150x150.jpg",150,150,true],"medium":["https:\/\/vapestornado.com\/wp-content\/uploads\/2024\/12\/Bang-Box-30kPuff-Disposable-Vape-Wholesale-300x300.jpg",300,300,true],"medium_large":["https:\/\/vapestornado.com\/wp-content\/uploads\/2024\/12\/Bang-Box-30kPuff-Disposable-Vape-Wholesale-768x768.jpg",768,768,true],"large":["https:\/\/vapestornado.com\/wp-content\/uploads\/2024\/12\/Bang-Box-30kPuff-Disposable-Vape-Wholesale-1024x1024.jpg",1024,1024,true],"1536x1536":["https:\/\/vapestornado.com\/wp-content\/uploads\/2024\/12\/Bang-Box-30kPuff-Disposable-Vape-Wholesale.jpg",1126,1126,false],"2048x2048":["https:\/\/vapestornado.com\/wp-content\/uploads\/2024\/12\/Bang-Box-30kPuff-Disposable-Vape-Wholesale.jpg",1126,1126,false],"trp-custom-language-flag":["https:\/\/vapestornado.com\/wp-content\/uploads\/2024\/12\/Bang-Box-30kPuff-Disposable-Vape-Wholesale.jpg",12,12,false],"woocommerce_thumbnail":["https:\/\/vapestornado.com\/wp-content\/uploads\/2024\/12\/Bang-Box-30kPuff-Disposable-Vape-Wholesale-300x300.jpg",300,300,true],"woocommerce_single":["https:\/\/vapestornado.com\/wp-content\/uploads\/2024\/12\/Bang-Box-30kPuff-Disposable-Vape-Wholesale-600x600.jpg",600,600,true],"woocommerce_gallery_thumbnail":["https:\/\/vapestornado.com\/wp-content\/uploads\/2024\/12\/Bang-Box-30kPuff-Disposable-Vape-Wholesale-100x100.jpg",100,100,true]},"uagb_author_info":{"display_name":"ESAMY","author_link":"https:\/\/vapestornado.com\/cs\/author\/"},"uagb_comment_info":0,"uagb_excerpt":"Bang Box 30000 30k Puffs 0% 2% 5% Low Nicotine Disposable Vape Bulk Buy Price Bang Box 30000 Puffs Rechargeable Disposable Vape Wholesale Cheap Factory Price Bang Box Vape 30000 Puffs All Flavour in Stock Add Amy's whatsapp get right reply and vape coupon! WhatsApp: +86 17776015835 &nbsp;","_links":{"self":[{"href":"https:\/\/vapestornado.com\/cs\/wp-json\/wp\/v2\/product\/3366","targetHints":{"allow":["GET"]}}],"collection":[{"href":"https:\/\/vapestornado.com\/cs\/wp-json\/wp\/v2\/product"}],"about":[{"href":"https:\/\/vapestornado.com\/cs\/wp-json\/wp\/v2\/types\/product"}],"replies":[{"embeddable":true,"href":"https:\/\/vapestornado.com\/cs\/wp-json\/wp\/v2\/comments?post=3366"}],"wp:featuredmedia":[{"embeddable":true,"href":"https:\/\/vapestornado.com\/cs\/wp-json\/wp\/v2\/media\/3350"}],"wp:attachment":[{"href":"https:\/\/vapestornado.com\/cs\/wp-json\/wp\/v2\/media?parent=3366"}],"wp:term":[{"taxonomy":"product_brand","embeddable":true,"href":"https:\/\/vapestornado.com\/cs\/wp-json\/wp\/v2\/product_brand?post=3366"},{"taxonomy":"product_cat","embeddable":true,"href":"https:\/\/vapestornado.com\/cs\/wp-json\/wp\/v2\/product_cat?post=3366"},{"taxonomy":"product_tag","embeddable":true,"href":"https:\/\/vapestornado.com\/cs\/wp-json\/wp\/v2\/product_tag?post=3366"}],"curies":[{"name":"wp","href":"https:\/\/api.w.org\/{rel}","templated":true}]}}