{"id":3303,"date":"2024-12-20T09:07:38","date_gmt":"2024-12-20T09:07:38","guid":{"rendered":"https:\/\/vapestornado.com\/?post_type=product&#038;p=3303"},"modified":"2025-08-23T12:21:46","modified_gmt":"2025-08-23T12:21:46","slug":"bood-infinity-30000-30k-puff-low-nicotine-disposable-vape-cheap-price","status":"publish","type":"product","link":"https:\/\/vapestornado.com\/cs\/product\/bood-infinity-30000-30k-puff-low-nicotine-disposable-vape-cheap-price\/","title":{"rendered":"Bood Infinity 30000 30k potah\u016f, n\u00edzk\u00fd obsah nikotinu, jednor\u00e1zov\u00e1 e-cigareta, levn\u00e1 cena"},"content":{"rendered":"<h1 class=\"product-title\">Bood Infinity 30000 30k potah\u016f, n\u00edzk\u00fd obsah nikotinu, jednor\u00e1zov\u00e1 e-cigareta, levn\u00e1 cena<\/h1>\n<p>Ten <strong data-start=\"288\" data-end=\"333\">Bood Infinity 30000 pot\u00e1hnut\u00ed jednor\u00e1zov\u00e1 e-cigareta<\/strong> je ur\u010den pro vapery, kte\u0159\u00ed po\u017eaduj\u00ed dlouhotrvaj\u00edc\u00ed v\u00fdkon za konkurenceschopnou velkoobchodn\u00ed cenu. Poskytuje a\u017e <strong data-start=\"444\" data-end=\"467\">30 000 hladk\u00fdch potah\u016f<\/strong>, kombinuje pohodl\u00ed s pokro\u010dil\u00fdmi funkcemi, d\u00edky \u010demu\u017e vynik\u00e1 v kategorii <strong data-start=\"557\" data-end=\"590\">jednor\u00e1zov\u00e9 vape s n\u00edzk\u00fdm obsahem nikotinu<\/strong>.<\/p>\n<p>Poh\u00e1n\u011bno <strong data-start=\"614\" data-end=\"645\">650mAh dob\u00edjec\u00ed baterie<\/strong> s <strong data-start=\"651\" data-end=\"675\">Rychl\u00e9 nab\u00edjen\u00ed Type-C<\/strong>, toto za\u0159\u00edzen\u00ed zaji\u0161\u0165uje spolehlivost pro del\u0161\u00ed pou\u017e\u00edv\u00e1n\u00ed. Displej <strong data-start=\"736\" data-end=\"757\">LED chytr\u00fd displej<\/strong> poskytuje aktualizace v re\u00e1ln\u00e9m \u010dase o po\u010dtu pot\u00e1hnut\u00ed a stavu baterie, zat\u00edmco <strong data-start=\"829\" data-end=\"858\">nastaviteln\u00fd syst\u00e9m proud\u011bn\u00ed vzduchu<\/strong> umo\u017e\u0148uje u\u017eivatel\u016fm p\u0159izp\u016fsobit si potah \u2013 a\u0165 u\u017e preferuj\u00ed t\u011bsn\u00fd hit nebo hlad\u0161\u00ed vdechov\u00e1n\u00ed.<\/p>\n<p>P\u0159edpln\u011bn\u00fd vysoce kvalitn\u00edm e-liquidem, Bood Infinity 30K nab\u00edz\u00ed oboj\u00ed <strong data-start=\"1029\" data-end=\"1064\">2% a 5% varianty nikotinov\u00e9 soli<\/strong>, uspokojuj\u00edc\u00ed p\u0159\u00edle\u017eitostn\u00e9 i zku\u0161en\u00e9 vapery. Jeho kompaktn\u00ed, stylov\u00fd design je ide\u00e1ln\u00ed na cesty, zat\u00edmco hromadn\u00e9 balen\u00ed zaji\u0161\u0165uje vynikaj\u00edc\u00ed hodnotu pro maloobchodn\u00edky a distributory po cel\u00e9 Evrop\u011b.<\/p>\n<p>Ide\u00e1ln\u00ed pro ty, kte\u0159\u00ed hledaj\u00ed <strong data-start=\"1295\" data-end=\"1334\">levn\u00e9 jednor\u00e1zov\u00e9 vapy ve velkoobchod\u011b<\/strong>, Bood Infinity 30K vyva\u017euje cenu, v\u00fdkon a rozmanitost chut\u00ed, co\u017e z n\u011bj \u010din\u00ed nezbytnost pro jak\u00fdkoli invent\u00e1\u0159 vap\u016f.<\/p>\n<p>&nbsp;<\/p>\n<p><strong>P\u0159idejte si Amyin Whatsapp, z\u00edskejte okam\u017eitou odpov\u011b\u010f a kup\u00f3n na vape!<\/strong><\/p>\n<p><img fetchpriority=\"high\" decoding=\"async\" class=\"size-full wp-image-2932\" src=\"https:\/\/vapestornado.com\/wp-content\/uploads\/2024\/12\/Vape-Wholesale.jpg\" alt=\"Velkoobchod s vape\" width=\"229\" height=\"300\" \/><\/p>\n<h3><a href=\"https:\/\/wa.me\/8617776015835\" target=\"_blank\" rel=\"noopener\"><span style=\"color: #ff0000;\"><strong>WhatsApp: +86 17776015835<\/strong><\/span><\/a><\/h3>\n<p>&nbsp;<\/p>\n<p><span style=\"font-size: 1.5em; font-weight: bold;\">Bood Infinity 30000 Kl\u00ed\u010dov\u00e9 vlastnosti produktu\u00a0<\/span><\/p>\n<div role=\"article\" data-tabster=\"{&quot;groupper&quot;:{&quot;tabbability&quot;:2},&quot;focusable&quot;:{}}\" data-content=\"ai-message\" aria-labelledby=\"juhNTJ6o7Gk1cgwZMJgv2-author juhNTJ6o7Gk1cgwZMJgv2-content\">\n<div id=\"juhNTJ6o7Gk1cgwZMJgv2-content\">\n<div role=\"article\" data-tabster=\"{&quot;groupper&quot;:{&quot;tabbability&quot;:2},&quot;focusable&quot;:{}}\" data-content=\"ai-message\" aria-labelledby=\"x4EZuCZWrTbh3weWUt7CU-author x4EZuCZWrTbh3weWUt7CU-content\">\n<div id=\"x4EZuCZWrTbh3weWUt7CU-content\">\n<ol start=\"1\">\n<li><strong>30000 pot\u00e1hnut\u00ed, nekone\u010dn\u00e9 uspokojen\u00ed<\/strong><\/li>\n<li><strong>650mAh dob\u00edjec\u00ed baterie<\/strong><\/li>\n<li><strong>LED displej<\/strong><\/li>\n<li><strong>Nastaviteln\u00fd pr\u016ftok vzduchu pro vlastn\u00ed vapov\u00e1n\u00ed<\/strong><\/li>\n<li><strong>Vysok\u00e1 kvalita za n\u00edzk\u00e9 velkoobchodn\u00ed ceny<\/strong><\/li>\n<\/ol>\n<\/div>\n<\/div>\n<\/div>\n<\/div>\n<h2 class=\"product-title\"><strong>Obl\u00edben\u00e1 p\u0159\u00edchu\u0165 pro Bood Infinity 30k pot\u00e1hnut\u00ed<\/strong><\/h2>\n<p>1 JAHODOV\u00dd VODN\u00cd MELOUN<strong><span style=\"color: #ff0000;\">&gt;&gt;&gt;&gt;&gt; \u017dhav\u00e9 !<\/span><\/strong><br \/>\n2 BROSKEV MANGO ANANAS<br \/>\n3 SVIE\u017dI LED<br \/>\n4 OVOCN\u00c1 EXPLOZE<br \/>\n5 JAHODA KIWI<br \/>\n6 HAVAJ<br \/>\n8 BOR\u016eVKOV\u00c1 LIMON\u00c1DA<br \/>\n9 \u010cERN\u00dd LED<br \/>\n10 TIFFANY <strong><span style=\"color: #ff0000;\">&gt;&gt;&gt;&gt; Nejlep\u0161\u00ed !<\/span><\/strong><\/p>\n<p>&nbsp;<\/p>\n<figure id=\"attachment_3290\" aria-describedby=\"caption-attachment-3290\" style=\"width: 300px\" class=\"wp-caption alignnone\"><img decoding=\"async\" class=\"size-medium wp-image-3290\" src=\"https:\/\/vapestornado.com\/wp-content\/uploads\/2024\/12\/Bood-Infinity-30000-Puff-Disposable-Vape-Wholesale-300x300.jpg\" alt=\"Bood Infinity 30000 pot\u00e1hnut\u00ed Jednor\u00e1zov\u00e9 vapy Velkoobchod\" width=\"300\" height=\"300\" srcset=\"https:\/\/vapestornado.com\/wp-content\/uploads\/2024\/12\/Bood-Infinity-30000-Puff-Disposable-Vape-Wholesale-300x300.jpg 300w, https:\/\/vapestornado.com\/wp-content\/uploads\/2024\/12\/Bood-Infinity-30000-Puff-Disposable-Vape-Wholesale-150x150.jpg 150w, https:\/\/vapestornado.com\/wp-content\/uploads\/2024\/12\/Bood-Infinity-30000-Puff-Disposable-Vape-Wholesale-768x768.jpg 768w, https:\/\/vapestornado.com\/wp-content\/uploads\/2024\/12\/Bood-Infinity-30000-Puff-Disposable-Vape-Wholesale-600x600.jpg 600w, https:\/\/vapestornado.com\/wp-content\/uploads\/2024\/12\/Bood-Infinity-30000-Puff-Disposable-Vape-Wholesale-100x100.jpg 100w, https:\/\/vapestornado.com\/wp-content\/uploads\/2024\/12\/Bood-Infinity-30000-Puff-Disposable-Vape-Wholesale.jpg 800w\" sizes=\"(max-width: 300px) 100vw, 300px\" \/><figcaption id=\"caption-attachment-3290\" class=\"wp-caption-text\">Bood Infinity 30000 pot\u00e1hnut\u00ed Jednor\u00e1zov\u00e9 vapy Velkoobchod<\/figcaption><\/figure>\n<h3>Pro\u010d zvolit vapestornado pro velkoobchodn\u00ed prodej vapes Bood Infinity 30000 30k Puffs?<\/h3>\n<div class=\"flex-shrink-0 flex flex-col relative items-end\">\n<div class=\"pt-0\">\n<div class=\"gizmo-bot-avatar flex h-8 w-8 items-center justify-center overflow-hidden rounded-full\">\n<div class=\"relative p-1 rounded-sm flex items-center justify-center bg-token-main-surface-primary text-token-text-primary h-8 w-8\">\n<p>V\u00edtejte ve vapestornado, va\u0161em d\u016fv\u011bryhodn\u00e9m online obchod\u011b s vapovac\u00edmi pot\u0159ebami pro pr\u00e9miov\u00e9 jednor\u00e1zov\u00e9 vapy. S v\u00edce ne\u017e 5let\u00fdmi zku\u0161enostmi v\u00e1m p\u0159in\u00e1\u0161\u00edme obl\u00edben\u00e9 zna\u010dky jednor\u00e1zov\u00fdch vape, jako jsou Fumot RandM Vape, <a href=\"https:\/\/vapestornado.com\/cs\/product\/vapme-crystal-7000-puffs-rechargeable-disposable-vape-wholesale-cheap-price\/\">Vapme<\/a>, Bang Vape, Waspe Vape a WGA Vape, atd.<\/p>\n<p>N\u00e1\u0161 sortiment zahrnuje \u017ehav\u00e9 vapy, jako je <a href=\"https:\/\/vapestornado.com\/cs\/product\/fumot-randm-tornado-15000-puffs-rechargeable-disposable-vape-wholesale\/\">RandM Tornado 15000<\/a>, a chu\u0165ov\u011b bohat\u00e9 varianty jako <a href=\"https:\/\/vapestornado.com\/cs\/product\/vapsolo-dg-18000-puffs-smart-screen-wholesale-disposable-cheap-vapes\/\">\u00a0Vapsolo DG18000 potah\u016f<\/a> . Ka\u017ed\u00fd produkt je vyb\u00edr\u00e1n s d\u016frazem na kvalitu, hodnotu a rozmanitost, abychom zajistili, \u017ee najdete to prav\u00e9 pro va\u0161e pot\u0159eby. Objevte v\u00fdjime\u010dn\u00e9 slu\u017eby a \u0161irokou \u0161k\u00e1lu \u0161pi\u010dkov\u00fdch produkt\u016f za velkoobchodn\u00ed ceny na vapestornado.<\/p>\n<\/div>\n<h3><\/h3>\n<div class=\"relative p-1 rounded-sm flex items-center justify-center bg-token-main-surface-primary text-token-text-primary h-8 w-8\">\n<h3>\u010casto kladen\u00e9 dotazy k jednor\u00e1zov\u00e9mu vapu Bood Infinity 30k<\/h3>\n<\/div>\n<\/div>\n<\/div>\n<\/div>\n<div class=\"flex-shrink-0 flex flex-col relative items-end\">\n<div class=\"pt-0\">\n<div class=\"gizmo-bot-avatar flex h-8 w-8 items-center justify-center overflow-hidden rounded-full\">\n<div class=\"relative p-1 rounded-sm flex items-center justify-center bg-token-main-surface-primary text-token-text-primary h-8 w-8\">\n<div class=\"mb-2 flex gap-3 empty:hidden -ml-2\">\n<div role=\"article\" data-tabster=\"{&quot;groupper&quot;:{&quot;tabbability&quot;:2},&quot;focusable&quot;:{}}\" data-content=\"ai-message\" aria-labelledby=\"Vdt5ez4X7Tg813x6rFVha-author Vdt5ez4X7Tg813x6rFVha-content\">\n<div id=\"Vdt5ez4X7Tg813x6rFVha-content\">\n<div role=\"article\" data-tabster=\"{&quot;groupper&quot;:{&quot;tabbability&quot;:2},&quot;focusable&quot;:{}}\" data-content=\"ai-message\" aria-labelledby=\"o968oC7CEo2fGHsGdsRYC-author o968oC7CEo2fGHsGdsRYC-content\">\n<div id=\"o968oC7CEo2fGHsGdsRYC-content\">\n<div class=\"flex max-w-full flex-col flex-grow\">\n<div class=\"min-h-8 text-message flex w-full flex-col items-end gap-2 whitespace-normal break-words text-start [.text-message+&amp;]:mt-5\" dir=\"auto\" data-message-author-role=\"assistant\" data-message-id=\"b080906d-586a-45a5-bbed-ade28bd7e809\" data-message-model-slug=\"gpt-4o\">\n<div class=\"flex w-full flex-col gap-1 empty:hidden first:pt-[3px]\">\n<div class=\"markdown prose w-full break-words dark:prose-invert light\">\n<h3><\/h3>\n<div role=\"article\" data-tabster=\"{&quot;groupper&quot;:{&quot;tabbability&quot;:2},&quot;focusable&quot;:{}}\" data-content=\"ai-message\" aria-labelledby=\"56SXh4AMWhyZudHYw72d2-author} 56SXh4AMWhyZudHYw72d2-content-0\">\n<div id=\"56SXh4AMWhyZudHYw72d2-content-0\">\n<ol start=\"1\">\n<li><strong>Kolik potah\u016f nab\u00edz\u00ed Bood Infinity 30k?<\/strong> Bood Infinity 30000 nab\u00edz\u00ed a\u017e 30000 potah\u016f pro dlouhotrvaj\u00edc\u00ed po\u017eitek.<\/li>\n<li><strong>Jak\u00e9 funkce poskytuje LED chytr\u00fd displej?<\/strong> LED chytr\u00fd displej zobrazuje \u00farove\u0148 baterie a po\u010det potah\u016f, tak\u017ee budete v\u017edy informov\u00e1ni.<\/li>\n<li><strong>Je Bood Infinity 30k dob\u00edjec\u00ed?<\/strong> Ano, dod\u00e1v\u00e1 se s dob\u00edjec\u00ed bateri\u00ed 650mAh pro nep\u0159etr\u017eit\u00e9 pou\u017e\u00edv\u00e1n\u00ed.<\/li>\n<li><strong>Jak mohu nastavit proud\u011bn\u00ed vzduchu na Bood 30000?<\/strong> Bood Infinity 30000 m\u00e1 nastaviteln\u00fd syst\u00e9m proud\u011bn\u00ed vzduchu, kter\u00fd v\u00e1m umo\u017en\u00ed p\u0159izp\u016fsobit si z\u00e1\u017eitek z vapov\u00e1n\u00ed.<\/li>\n<li><strong>Kde mohu koupit Bood Infinity 30k za velkoobchodn\u00ed cenu?<\/strong> Bood Infinity 30000 m\u016f\u017eete zakoupit za velkoobchodn\u00ed ceny od <strong>internetov\u00fd obchod s vape Tornado<\/strong>.<\/li>\n<\/ol>\n<\/div>\n<\/div>\n<\/div>\n<\/div>\n<\/div>\n<\/div>\n<div class=\"mb-2 flex gap-3 empty:hidden -ml-2\">\n<div class=\"items-center justify-start rounded-xl p-1 flex\"><\/div>\n<\/div>\n<\/div>\n<\/div>\n<\/div>\n<\/div>\n<\/div>\n<\/div>\n<\/div>\n<\/div>\n<\/div>","protected":false},"excerpt":{"rendered":"<p>Bood Infinity 30000 pot\u00e1hnut\u00ed 2%\/5% n\u00edzk\u00fd obsah nikotinu jednor\u00e1zov\u00e1 e-cigareta velkoobchodn\u00ed cena<br \/>\nBood Infinity 30000 pot\u00e1hnut\u00ed dob\u00edjec\u00ed jednor\u00e1zov\u00e1 e-cigareta velkoobchod<br \/>\nLevn\u00e1 tov\u00e1rn\u00ed Bood Infinity 30000 pot\u00e1hnut\u00ed 2%\/5% n\u00edzk\u00fd obsah nikotinu jednor\u00e1zov\u00e1 e-cigareta<\/p>\n<p><strong>P\u0159idejte si Amy na WhatsApp pro rychlou odpov\u011b\u010f a kup\u00f3n na vapky!<\/strong><\/p>\n<p><img fetchpriority=\"high\" decoding=\"async\" class=\"size-full wp-image-2932\" src=\"https:\/\/vapestornado.com\/wp-content\/uploads\/2024\/12\/Vape-Wholesale.jpg\" alt=\"Velkoobchod s vape\" width=\"229\" height=\"300\" \/><\/p>\n<h3><a href=\"https:\/\/wa.me\/8617776015835\"><span style=\"color: #ff0000;\"><strong>WhatsApp: +86 17776015835<\/strong><\/span><\/a><\/h3>\n<p>&nbsp;<\/p>","protected":false},"featured_media":3292,"comment_status":"open","ping_status":"closed","template":"","meta":{"_acf_changed":false,"_uag_custom_page_level_css":"","_lmt_disableupdate":"no","_lmt_disable":"","_monsterinsights_skip_tracking":false,"_monsterinsights_sitenote_active":false,"_monsterinsights_sitenote_note":"","_monsterinsights_sitenote_category":0,"site-sidebar-layout":"default","site-content-layout":"","ast-site-content-layout":"default","site-content-style":"default","site-sidebar-style":"default","ast-global-header-display":"","ast-banner-title-visibility":"","ast-main-header-display":"","ast-hfb-above-header-display":"","ast-hfb-below-header-display":"","ast-hfb-mobile-header-display":"","site-post-title":"","ast-breadcrumbs-content":"","ast-featured-img":"","footer-sml-layout":"","ast-disable-related-posts":"","theme-transparent-header-meta":"default","adv-header-id-meta":"","stick-header-meta":"","header-above-stick-meta":"","header-main-stick-meta":"","header-below-stick-meta":"","astra-migrate-meta-layouts":"set","ast-page-background-enabled":"default","ast-page-background-meta":{"desktop":{"background-color":"","background-image":"","background-repeat":"repeat","background-position":"center center","background-size":"auto","background-attachment":"scroll","background-type":"","background-media":"","overlay-type":"","overlay-color":"","overlay-opacity":"","overlay-gradient":""},"tablet":{"background-color":"","background-image":"","background-repeat":"repeat","background-position":"center center","background-size":"auto","background-attachment":"scroll","background-type":"","background-media":"","overlay-type":"","overlay-color":"","overlay-opacity":"","overlay-gradient":""},"mobile":{"background-color":"","background-image":"","background-repeat":"repeat","background-position":"center center","background-size":"auto","background-attachment":"scroll","background-type":"","background-media":"","overlay-type":"","overlay-color":"","overlay-opacity":"","overlay-gradient":""}},"ast-content-background-meta":{"desktop":{"background-color":"var(--ast-global-color-5)","background-image":"","background-repeat":"repeat","background-position":"center center","background-size":"auto","background-attachment":"scroll","background-type":"","background-media":"","overlay-type":"","overlay-color":"","overlay-opacity":"","overlay-gradient":""},"tablet":{"background-color":"var(--ast-global-color-5)","background-image":"","background-repeat":"repeat","background-position":"center center","background-size":"auto","background-attachment":"scroll","background-type":"","background-media":"","overlay-type":"","overlay-color":"","overlay-opacity":"","overlay-gradient":""},"mobile":{"background-color":"var(--ast-global-color-5)","background-image":"","background-repeat":"repeat","background-position":"center center","background-size":"auto","background-attachment":"scroll","background-type":"","background-media":"","overlay-type":"","overlay-color":"","overlay-opacity":"","overlay-gradient":""}},"_joinchat":{"telephone":"+8617776015835"}},"product_brand":[],"product_cat":[140,67,193,152,157,160,143,144],"product_tag":[187,165,97,166,184,94],"class_list":{"0":"post-3303","1":"product","2":"type-product","3":"status-publish","4":"has-post-thumbnail","6":"product_cat-big-puffs-disposable-vapes","7":"product_cat-30000-puff","8":"product_cat-bood-disposable-vapes","9":"product_cat-buy-disposable-vapes-in-cermany","10":"product_cat-buy-disposable-vapes-in-portugal","11":"product_cat-buy-disposable-vapes-in-switzerland","12":"product_cat-dual-mesh-disposable-vapes","13":"product_cat-low-nicotine-disposable-vapes","14":"product_tag-bood-infinity-30000","15":"product_tag-cheap-vapes","16":"product_tag-hot-sale-disposable-vape","17":"product_tag-low-nicotine-vape","18":"product_tag-puff-35k","19":"product_tag-rechargeable-disposable-vape","20":"desktop-align-left","21":"tablet-align-left","22":"mobile-align-left","24":"first","25":"instock","26":"sale","27":"shipping-taxable","28":"purchasable","29":"product-type-simple"},"acf":[],"uagb_featured_image_src":{"full":["https:\/\/vapestornado.com\/wp-content\/uploads\/2024\/12\/Bood-Infinity-30000-Puff-Vape.jpg",800,800,false],"thumbnail":["https:\/\/vapestornado.com\/wp-content\/uploads\/2024\/12\/Bood-Infinity-30000-Puff-Vape-150x150.jpg",150,150,true],"medium":["https:\/\/vapestornado.com\/wp-content\/uploads\/2024\/12\/Bood-Infinity-30000-Puff-Vape-300x300.jpg",300,300,true],"medium_large":["https:\/\/vapestornado.com\/wp-content\/uploads\/2024\/12\/Bood-Infinity-30000-Puff-Vape-768x768.jpg",768,768,true],"large":["https:\/\/vapestornado.com\/wp-content\/uploads\/2024\/12\/Bood-Infinity-30000-Puff-Vape.jpg",800,800,false],"1536x1536":["https:\/\/vapestornado.com\/wp-content\/uploads\/2024\/12\/Bood-Infinity-30000-Puff-Vape.jpg",800,800,false],"2048x2048":["https:\/\/vapestornado.com\/wp-content\/uploads\/2024\/12\/Bood-Infinity-30000-Puff-Vape.jpg",800,800,false],"trp-custom-language-flag":["https:\/\/vapestornado.com\/wp-content\/uploads\/2024\/12\/Bood-Infinity-30000-Puff-Vape.jpg",12,12,false],"woocommerce_thumbnail":["https:\/\/vapestornado.com\/wp-content\/uploads\/2024\/12\/Bood-Infinity-30000-Puff-Vape-300x300.jpg",300,300,true],"woocommerce_single":["https:\/\/vapestornado.com\/wp-content\/uploads\/2024\/12\/Bood-Infinity-30000-Puff-Vape-600x600.jpg",600,600,true],"woocommerce_gallery_thumbnail":["https:\/\/vapestornado.com\/wp-content\/uploads\/2024\/12\/Bood-Infinity-30000-Puff-Vape-100x100.jpg",100,100,true]},"uagb_author_info":{"display_name":"ESAMY","author_link":"https:\/\/vapestornado.com\/cs\/author\/"},"uagb_comment_info":1,"uagb_excerpt":"Bood Infinity 30000 Puffs 2% 5% Low Nicotine Disposable Vape Bulk Buy Price Bood Infinity 30000 Puffs Rechargeable Disposable Vape Wholesale Cheap Factory Bood Infinity 30000 Puffs 2% 5% Low Nicotine Disposable Vape Add Amy's whatsapp get right reply and vape vape coupon! WhatsApp: +86 17776015835 &nbsp;","_links":{"self":[{"href":"https:\/\/vapestornado.com\/cs\/wp-json\/wp\/v2\/product\/3303","targetHints":{"allow":["GET"]}}],"collection":[{"href":"https:\/\/vapestornado.com\/cs\/wp-json\/wp\/v2\/product"}],"about":[{"href":"https:\/\/vapestornado.com\/cs\/wp-json\/wp\/v2\/types\/product"}],"replies":[{"embeddable":true,"href":"https:\/\/vapestornado.com\/cs\/wp-json\/wp\/v2\/comments?post=3303"}],"wp:featuredmedia":[{"embeddable":true,"href":"https:\/\/vapestornado.com\/cs\/wp-json\/wp\/v2\/media\/3292"}],"wp:attachment":[{"href":"https:\/\/vapestornado.com\/cs\/wp-json\/wp\/v2\/media?parent=3303"}],"wp:term":[{"taxonomy":"product_brand","embeddable":true,"href":"https:\/\/vapestornado.com\/cs\/wp-json\/wp\/v2\/product_brand?post=3303"},{"taxonomy":"product_cat","embeddable":true,"href":"https:\/\/vapestornado.com\/cs\/wp-json\/wp\/v2\/product_cat?post=3303"},{"taxonomy":"product_tag","embeddable":true,"href":"https:\/\/vapestornado.com\/cs\/wp-json\/wp\/v2\/product_tag?post=3303"}],"curies":[{"name":"wp","href":"https:\/\/api.w.org\/{rel}","templated":true}]}}