{"id":3302,"date":"2024-12-20T09:00:58","date_gmt":"2024-12-20T09:00:58","guid":{"rendered":"https:\/\/vapestornado.com\/?post_type=product&#038;p=3302"},"modified":"2025-08-23T10:40:53","modified_gmt":"2025-08-23T10:40:53","slug":"fumot-digital-box-12000-puffs-disposable-vape","status":"publish","type":"product","link":"https:\/\/vapestornado.com\/cs\/product\/fumot-digital-box-12000-puffs-disposable-vape\/","title":{"rendered":"Fumot Digital Box 12000 Puffs jednor\u00e1zov\u00e1 vapa"},"content":{"rendered":"<h1>Fumot Digital Box 12000 Puffs jednor\u00e1zov\u00e1 vapa<\/h1>\n<p data-start=\"283\" data-end=\"581\">Ten <strong data-start=\"287\" data-end=\"336\">Fumot Digital Box 12000 Puffs jednor\u00e1zov\u00e1 vapa<\/strong> je ur\u010den pro maloobchodn\u00edky a distributory, kte\u0159\u00ed hledaj\u00ed spolehliv\u00e9 za\u0159\u00edzen\u00ed s mnoha funkcemi. S a\u017e <strong data-start=\"437\" data-end=\"453\">12 000 pot\u00e1hnut\u00ed<\/strong> na jednotku a <strong data-start=\"469\" data-end=\"502\">20ml p\u0159edpln\u011bnou n\u00e1dr\u017ekou na e-liquid<\/strong>nab\u00edz\u00ed vynikaj\u00edc\u00ed hodnotu a dlouhodob\u00e9 pou\u017e\u00edv\u00e1n\u00ed pro z\u00e1kazn\u00edky po cel\u00e9 Evrop\u011b.<\/p>\n<p data-start=\"583\" data-end=\"889\">Poh\u00e1n\u011bno <strong data-start=\"596\" data-end=\"627\">550mAh dob\u00edjec\u00ed baterie<\/strong> s <strong data-start=\"633\" data-end=\"652\">Nab\u00edjen\u00ed typu C<\/strong>Fumot 12K zaji\u0161\u0165uje konzistentn\u00ed v\u00fdkon a minim\u00e1ln\u00ed prostoje. Jeho <strong data-start=\"720\" data-end=\"744\">technologie mesh spir\u00e1lky<\/strong> poskytuje hladkou p\u00e1ru a plnou chu\u0165, zat\u00edmco <strong data-start=\"794\" data-end=\"823\">digit\u00e1ln\u00ed indik\u00e1tory na obrazovce<\/strong> jasn\u011b ukazuj\u00ed hladinu e-liquidu a baterie pro v\u011bt\u0161\u00ed pohodl\u00ed.<\/p>\n<p data-start=\"891\" data-end=\"1195\">Kompaktn\u00ed a stylov\u00e9 za\u0159\u00edzen\u00ed je ur\u010deno pro za\u010d\u00e1te\u010dn\u00edky i zku\u0161en\u00e9 vapery, kte\u0159\u00ed cht\u011bj\u00ed spolehliv\u00fd v\u00fdkon v p\u0159enosn\u00e9 form\u011b. Pro velkoobchodn\u00edky <strong data-start=\"1049\" data-end=\"1074\">Fumot Digit\u00e1ln\u00ed Box 12K<\/strong> kombinuje kapacitu, modern\u00ed design a <strong data-start=\"1113\" data-end=\"1146\">konkuren\u010dn\u00ed velkoobchodn\u00ed ceny<\/strong>, co\u017e z n\u011bj \u010din\u00ed ziskovou volbu pro hromadn\u00fd prodej.<\/p>\n<p><img fetchpriority=\"high\" decoding=\"async\" class=\"alignnone size-full wp-image-3415\" src=\"https:\/\/vapestornado.com\/wp-content\/uploads\/2024\/12\/RandM-Fumot-Vape-Distributor-Best-Price.jpg\" alt=\"Distributor vap\u016f RandM Fumot nejlep\u0161\u00ed cena\" width=\"1684\" height=\"1080\" srcset=\"https:\/\/vapestornado.com\/wp-content\/uploads\/2024\/12\/RandM-Fumot-Vape-Distributor-Best-Price.jpg 1684w, https:\/\/vapestornado.com\/wp-content\/uploads\/2024\/12\/RandM-Fumot-Vape-Distributor-Best-Price-300x192.jpg 300w, https:\/\/vapestornado.com\/wp-content\/uploads\/2024\/12\/RandM-Fumot-Vape-Distributor-Best-Price-1024x657.jpg 1024w, https:\/\/vapestornado.com\/wp-content\/uploads\/2024\/12\/RandM-Fumot-Vape-Distributor-Best-Price-768x493.jpg 768w, https:\/\/vapestornado.com\/wp-content\/uploads\/2024\/12\/RandM-Fumot-Vape-Distributor-Best-Price-1536x985.jpg 1536w, https:\/\/vapestornado.com\/wp-content\/uploads\/2024\/12\/RandM-Fumot-Vape-Distributor-Best-Price-600x385.jpg 600w\" sizes=\"(max-width: 1684px) 100vw, 1684px\" \/><\/p>\n<h3><strong>Vlastnosti produktu:<\/strong><\/h3>\n<ul>\n<li><strong>Kapacita 12000 pot\u00e1hnut\u00ed<\/strong>: Dlouhotrvaj\u00edc\u00ed v\u00fdkon pro dny vapov\u00e1n\u00ed bez dopl\u0148ov\u00e1n\u00ed.<\/li>\n<li><strong>20ml E-liquid<\/strong>: P\u0159edpln\u011bn\u00fd pro va\u0161e pohodl\u00ed a dokonalou chu\u0165.<\/li>\n<li><strong>Technologie Mesh Coil<\/strong>Technologie Mesh Coil<\/li>\n<li><strong>550mAh dob\u00edjec\u00ed baterie<\/strong>: Hladk\u00e1 produkce p\u00e1ry a intenzivn\u00ed chu\u0165.<\/li>\n<li><strong>Dob\u00edjec\u00ed baterie 550mAh<\/strong>: Podporuje prodlou\u017een\u00e9 pou\u017e\u00edv\u00e1n\u00ed se spolehliv\u00fdm nap\u00e1jen\u00edm.<\/li>\n<\/ul>\n<p><img decoding=\"async\" class=\"alignnone size-full wp-image-3413\" src=\"https:\/\/vapestornado.com\/wp-content\/uploads\/2024\/12\/Mesh-Coil-12000-Puffs-Disposable-Vape.png\" alt=\"Jednor\u00e1zov\u00fd vape s mesh c\u00edvkou na 12000 pot\u00e1hnut\u00ed\" width=\"1033\" height=\"592\" srcset=\"https:\/\/vapestornado.com\/wp-content\/uploads\/2024\/12\/Mesh-Coil-12000-Puffs-Disposable-Vape.png 1033w, https:\/\/vapestornado.com\/wp-content\/uploads\/2024\/12\/Mesh-Coil-12000-Puffs-Disposable-Vape-300x172.png 300w, https:\/\/vapestornado.com\/wp-content\/uploads\/2024\/12\/Mesh-Coil-12000-Puffs-Disposable-Vape-1024x587.png 1024w, https:\/\/vapestornado.com\/wp-content\/uploads\/2024\/12\/Mesh-Coil-12000-Puffs-Disposable-Vape-768x440.png 768w, https:\/\/vapestornado.com\/wp-content\/uploads\/2024\/12\/Mesh-Coil-12000-Puffs-Disposable-Vape-600x344.png 600w\" sizes=\"(max-width: 1033px) 100vw, 1033px\" \/> <img decoding=\"async\" class=\"alignnone size-full wp-image-3414\" src=\"https:\/\/vapestornado.com\/wp-content\/uploads\/2024\/12\/RandM-Fumot-12000-Puffs-Vape-Hot-Sale.png\" alt=\"Jednor\u00e1zov\u00fd vape RandM Fumot 12000 pot\u00e1hnut\u00ed hork\u00fd prodej\" width=\"1067\" height=\"609\" srcset=\"https:\/\/vapestornado.com\/wp-content\/uploads\/2024\/12\/RandM-Fumot-12000-Puffs-Vape-Hot-Sale.png 1067w, https:\/\/vapestornado.com\/wp-content\/uploads\/2024\/12\/RandM-Fumot-12000-Puffs-Vape-Hot-Sale-300x171.png 300w, https:\/\/vapestornado.com\/wp-content\/uploads\/2024\/12\/RandM-Fumot-12000-Puffs-Vape-Hot-Sale-1024x584.png 1024w, https:\/\/vapestornado.com\/wp-content\/uploads\/2024\/12\/RandM-Fumot-12000-Puffs-Vape-Hot-Sale-768x438.png 768w, https:\/\/vapestornado.com\/wp-content\/uploads\/2024\/12\/RandM-Fumot-12000-Puffs-Vape-Hot-Sale-600x342.png 600w\" sizes=\"(max-width: 1067px) 100vw, 1067px\" \/> <img loading=\"lazy\" decoding=\"async\" class=\"alignnone size-full wp-image-3410\" src=\"https:\/\/vapestornado.com\/wp-content\/uploads\/2024\/12\/Fumot-Digital-box-12000-Puffs-Disposable-Vape-Wholesale.png\" alt=\"Velkoobchod s jednor\u00e1zov\u00fdmi vapy Fumot Digital box 12000 pot\u00e1hnut\u00ed\" width=\"1010\" height=\"659\" srcset=\"https:\/\/vapestornado.com\/wp-content\/uploads\/2024\/12\/Fumot-Digital-box-12000-Puffs-Disposable-Vape-Wholesale.png 1010w, https:\/\/vapestornado.com\/wp-content\/uploads\/2024\/12\/Fumot-Digital-box-12000-Puffs-Disposable-Vape-Wholesale-300x196.png 300w, https:\/\/vapestornado.com\/wp-content\/uploads\/2024\/12\/Fumot-Digital-box-12000-Puffs-Disposable-Vape-Wholesale-768x501.png 768w, https:\/\/vapestornado.com\/wp-content\/uploads\/2024\/12\/Fumot-Digital-box-12000-Puffs-Disposable-Vape-Wholesale-600x391.png 600w\" sizes=\"(max-width: 1010px) 100vw, 1010px\" \/> <img loading=\"lazy\" decoding=\"async\" class=\"alignnone size-full wp-image-3406\" src=\"https:\/\/vapestornado.com\/wp-content\/uploads\/2024\/12\/550mAh-Fumot-Digital-Box-Vape-Trader.png\" alt=\"550mAh obchodn\u00edk s vapy Fumot Digital Box\" width=\"1050\" height=\"659\" srcset=\"https:\/\/vapestornado.com\/wp-content\/uploads\/2024\/12\/550mAh-Fumot-Digital-Box-Vape-Trader.png 1050w, https:\/\/vapestornado.com\/wp-content\/uploads\/2024\/12\/550mAh-Fumot-Digital-Box-Vape-Trader-300x188.png 300w, https:\/\/vapestornado.com\/wp-content\/uploads\/2024\/12\/550mAh-Fumot-Digital-Box-Vape-Trader-1024x643.png 1024w, https:\/\/vapestornado.com\/wp-content\/uploads\/2024\/12\/550mAh-Fumot-Digital-Box-Vape-Trader-768x482.png 768w, https:\/\/vapestornado.com\/wp-content\/uploads\/2024\/12\/550mAh-Fumot-Digital-Box-Vape-Trader-600x377.png 600w\" sizes=\"(max-width: 1050px) 100vw, 1050px\" \/><\/p>\n<h2>Indik\u00e1tory E-liquidu a energie<strong> Seznam p\u0159\u00edchut\u00ed:<\/strong><\/h2>\n<ul>\n<li>Ban\u00e1nov\u00e1 Led<\/li>\n<li>\u010cern\u00fd led<\/li>\n<li>Ledov\u00e1 modr\u00e1 malina<\/li>\n<li>Bor\u016fvka s ledem<\/li>\n<li>Bor\u016fvka Malina<\/li>\n<li>Bor\u016fvka kysel\u00e1 malina<\/li>\n<li>T\u0159e\u0161\u0148ov\u00e1 Led<\/li>\n<li>T\u0159e\u0161\u0148ov\u00e1 Cola<\/li>\n<li>Cola Led<\/li>\n<li>Chladiv\u00e1 m\u00e1ta<\/li>\n<li>Dvojit\u00e1 Jablko<\/li>\n<li>Dr Blue<\/li>\n<li>Hroznov\u00e9 v\u00edno s ledem<\/li>\n<li>Ledov\u00e1 l\u00edz\u00e1tko<\/li>\n<li>Kiwi Marakuja Guava<\/li>\n<li>L\u00e1ska 66<\/li>\n<li>Ledov\u00e1 sv\u011b\u017eest<\/li>\n<li>Mix bobul\u00ed<\/li>\n<li>Broskev bobule<\/li>\n<li>Broskvov\u00fd led<\/li>\n<li>Broskev Mango Ananas<\/li>\n<li>Ananasov\u00fd led<\/li>\n<li>R\u016f\u017eov\u00e1 limon\u00e1da<\/li>\n<li>Skittles<\/li>\n<li>Jahoda Ban\u00e1n<\/li>\n<li>Jahoda Hroznov\u00e9 v\u00edno<\/li>\n<li>Jahodov\u00fd led<\/li>\n<li>Jahoda Vodn\u00ed meloun<\/li>\n<li>Trojit\u00e9 mango<\/li>\n<li>Vimto<\/li>\n<\/ul>\n<h3>RandM 12000 Top 5 p\u0159\u00edchut\u00ed<\/h3>\n<ol>\n<li><strong>Ban\u00e1nov\u00e1 Led<\/strong>: Sladk\u00fd ban\u00e1n s chladiv\u00fdm mentolov\u00fdm z\u00e1v\u011brem.<\/li>\n<li><strong>Bor\u016fvka kysel\u00e1 malina<\/strong>: Pikantn\u00ed bor\u016fvka s kysel\u00fdm malinov\u00fdm n\u00e1dechem.<\/li>\n<li><strong>Kiwi Marakuja Guava<\/strong>: Tropick\u00e1 sm\u011bs exotick\u00e9ho ovoce.<\/li>\n<li><strong>Broskev Mango Ananas<\/strong>: \u0160\u0165avnat\u00e1 f\u00faze broskve, manga a ananasu.<\/li>\n<li><strong>Cola Led<\/strong>: Klasick\u00e1 p\u0159\u00edchu\u0165 koly s osv\u011b\u017euj\u00edc\u00edm ledov\u00fdm dotekem.<\/li>\n<\/ol>\n<h2>Pro\u010d si vybrat vape Fumot digital box 12000 pot\u00e1hnut\u00ed?<\/h2>\n<p><strong>Vape Fumot 12000 digital box<\/strong> nab\u00edz\u00ed bezkonkuren\u010dn\u00ed hodnotu d\u00edky sv\u00e9 obrovsk\u00e9 kapacit\u011b, vysoce kvalitn\u00edm materi\u00e1l\u016fm a inovativn\u00edm funkc\u00edm. Ide\u00e1ln\u00ed pro ty, kte\u0159\u00ed up\u0159ednost\u0148uj\u00ed pohodl\u00ed, je p\u0159edpln\u011bn\u00fd, dob\u00edjec\u00ed a zaji\u0161\u0165uje vynikaj\u00edc\u00ed z\u00e1\u017eitek z vapov\u00e1n\u00ed. \u0160irok\u00e1 \u0161k\u00e1la p\u0159\u00edchut\u00ed uspokoj\u00ed ka\u017edou preferenci a stylov\u00fd design ho odli\u0161uje od konkurence.<\/p>\n<h4>Velkoobchod s Fumot Vape 9k. Kontaktujte n\u00e1s a z\u00edskejte slevu!<\/h4>\n<figure id=\"attachment_2921\" aria-describedby=\"caption-attachment-2921\" style=\"width: 887px\" class=\"wp-caption alignnone\"><img loading=\"lazy\" decoding=\"async\" class=\"size-large wp-image-2921\" src=\"https:\/\/vapestornado.com\/wp-content\/uploads\/2024\/11\/20062b3a285f900e79520aad496b94d-887x1024.jpg\" alt=\"vapestornado Vicky\" width=\"887\" height=\"1024\" srcset=\"https:\/\/vapestornado.com\/wp-content\/uploads\/2024\/11\/20062b3a285f900e79520aad496b94d-887x1024.jpg 887w, https:\/\/vapestornado.com\/wp-content\/uploads\/2024\/11\/20062b3a285f900e79520aad496b94d-260x300.jpg 260w, https:\/\/vapestornado.com\/wp-content\/uploads\/2024\/11\/20062b3a285f900e79520aad496b94d-768x887.jpg 768w, https:\/\/vapestornado.com\/wp-content\/uploads\/2024\/11\/20062b3a285f900e79520aad496b94d-600x693.jpg 600w, https:\/\/vapestornado.com\/wp-content\/uploads\/2024\/11\/20062b3a285f900e79520aad496b94d.jpg 1080w\" sizes=\"(max-width: 887px) 100vw, 887px\" \/><figcaption id=\"caption-attachment-2921\" class=\"wp-caption-text\">vapestornado Vicky<\/figcaption><\/figure>","protected":false},"excerpt":{"rendered":"<p><strong><span style=\"color: #ff0000;\"><span style=\"color: #000000;\">Fumot Digital Box 12000 Puffs nab\u00edz\u00ed 20 ml e-liquidu, mesh coil pro chu\u0165 a digit\u00e1ln\u00ed obrazovku. Kompaktn\u00ed, dob\u00edjec\u00ed vape ide\u00e1ln\u00ed pro velkoobchodn\u00ed odb\u011bratele v Evrop\u011b.<\/span>(cena na na\u0161em webu nezahrnuje n\u00e1klady na dopravu, kontaktujte m\u011b, abyste z\u00edskali celkovou cenu a va\u0161i slevu!)<\/span><\/strong><\/p>\n<p><img loading=\"lazy\" decoding=\"async\" class=\"size-medium wp-image-2921\" src=\"https:\/\/vapestornado.com\/wp-content\/uploads\/2024\/11\/20062b3a285f900e79520aad496b94d-260x300.jpg\" alt=\"vapestornado Vicky\" width=\"260\" height=\"300\" srcset=\"https:\/\/vapestornado.com\/wp-content\/uploads\/2024\/11\/20062b3a285f900e79520aad496b94d-260x300.jpg 260w, https:\/\/vapestornado.com\/wp-content\/uploads\/2024\/11\/20062b3a285f900e79520aad496b94d-887x1024.jpg 887w, https:\/\/vapestornado.com\/wp-content\/uploads\/2024\/11\/20062b3a285f900e79520aad496b94d-768x887.jpg 768w, https:\/\/vapestornado.com\/wp-content\/uploads\/2024\/11\/20062b3a285f900e79520aad496b94d-600x693.jpg 600w, https:\/\/vapestornado.com\/wp-content\/uploads\/2024\/11\/20062b3a285f900e79520aad496b94d.jpg 1080w\" sizes=\"(max-width: 260px) 100vw, 260px\" \/><\/p>","protected":false},"featured_media":3409,"comment_status":"open","ping_status":"closed","template":"","meta":{"_acf_changed":false,"_uag_custom_page_level_css":"","_lmt_disableupdate":"no","_lmt_disable":"","_monsterinsights_skip_tracking":false,"_monsterinsights_sitenote_active":false,"_monsterinsights_sitenote_note":"","_monsterinsights_sitenote_category":0,"site-sidebar-layout":"default","site-content-layout":"","ast-site-content-layout":"default","site-content-style":"default","site-sidebar-style":"default","ast-global-header-display":"","ast-banner-title-visibility":"","ast-main-header-display":"","ast-hfb-above-header-display":"","ast-hfb-below-header-display":"","ast-hfb-mobile-header-display":"","site-post-title":"","ast-breadcrumbs-content":"","ast-featured-img":"","footer-sml-layout":"","ast-disable-related-posts":"","theme-transparent-header-meta":"default","adv-header-id-meta":"","stick-header-meta":"","header-above-stick-meta":"","header-main-stick-meta":"","header-below-stick-meta":"","astra-migrate-meta-layouts":"set","ast-page-background-enabled":"default","ast-page-background-meta":{"desktop":{"background-color":"","background-image":"","background-repeat":"repeat","background-position":"center center","background-size":"auto","background-attachment":"scroll","background-type":"","background-media":"","overlay-type":"","overlay-color":"","overlay-opacity":"","overlay-gradient":""},"tablet":{"background-color":"","background-image":"","background-repeat":"repeat","background-position":"center center","background-size":"auto","background-attachment":"scroll","background-type":"","background-media":"","overlay-type":"","overlay-color":"","overlay-opacity":"","overlay-gradient":""},"mobile":{"background-color":"","background-image":"","background-repeat":"repeat","background-position":"center center","background-size":"auto","background-attachment":"scroll","background-type":"","background-media":"","overlay-type":"","overlay-color":"","overlay-opacity":"","overlay-gradient":""}},"ast-content-background-meta":{"desktop":{"background-color":"var(--ast-global-color-5)","background-image":"","background-repeat":"repeat","background-position":"center center","background-size":"auto","background-attachment":"scroll","background-type":"","background-media":"","overlay-type":"","overlay-color":"","overlay-opacity":"","overlay-gradient":""},"tablet":{"background-color":"var(--ast-global-color-5)","background-image":"","background-repeat":"repeat","background-position":"center center","background-size":"auto","background-attachment":"scroll","background-type":"","background-media":"","overlay-type":"","overlay-color":"","overlay-opacity":"","overlay-gradient":""},"mobile":{"background-color":"var(--ast-global-color-5)","background-image":"","background-repeat":"repeat","background-position":"center center","background-size":"auto","background-attachment":"scroll","background-type":"","background-media":"","overlay-type":"","overlay-color":"","overlay-opacity":"","overlay-gradient":""}},"_joinchat":{"telephone":"+8618077105750"}},"product_brand":[],"product_cat":[72,157,159,160,142,58,144,19],"product_tag":[],"class_list":{"0":"post-3302","1":"product","2":"type-product","3":"status-publish","4":"has-post-thumbnail","6":"product_cat-12000-puff","7":"product_cat-buy-disposable-vapes-in-portugal","8":"product_cat-buy-disposable-vapes-in-sweden","9":"product_cat-buy-disposable-vapes-in-switzerland","10":"product_cat-digital-box-disposable-vapes","11":"product_cat-fumot-vape","12":"product_cat-low-nicotine-disposable-vapes","13":"product_cat-vapes","14":"desktop-align-left","15":"tablet-align-left","16":"mobile-align-left","18":"first","19":"instock","20":"sale","21":"shipping-taxable","22":"purchasable","23":"product-type-simple"},"acf":[],"uagb_featured_image_src":{"full":["https:\/\/vapestornado.com\/wp-content\/uploads\/2024\/12\/Fumot-Digital-12000-Puffs-E-liquid-Indicator-Vape.png",900,900,false],"thumbnail":["https:\/\/vapestornado.com\/wp-content\/uploads\/2024\/12\/Fumot-Digital-12000-Puffs-E-liquid-Indicator-Vape-150x150.png",150,150,true],"medium":["https:\/\/vapestornado.com\/wp-content\/uploads\/2024\/12\/Fumot-Digital-12000-Puffs-E-liquid-Indicator-Vape-300x300.png",300,300,true],"medium_large":["https:\/\/vapestornado.com\/wp-content\/uploads\/2024\/12\/Fumot-Digital-12000-Puffs-E-liquid-Indicator-Vape-768x768.png",768,768,true],"large":["https:\/\/vapestornado.com\/wp-content\/uploads\/2024\/12\/Fumot-Digital-12000-Puffs-E-liquid-Indicator-Vape.png",900,900,false],"1536x1536":["https:\/\/vapestornado.com\/wp-content\/uploads\/2024\/12\/Fumot-Digital-12000-Puffs-E-liquid-Indicator-Vape.png",900,900,false],"2048x2048":["https:\/\/vapestornado.com\/wp-content\/uploads\/2024\/12\/Fumot-Digital-12000-Puffs-E-liquid-Indicator-Vape.png",900,900,false],"trp-custom-language-flag":["https:\/\/vapestornado.com\/wp-content\/uploads\/2024\/12\/Fumot-Digital-12000-Puffs-E-liquid-Indicator-Vape.png",12,12,false],"woocommerce_thumbnail":["https:\/\/vapestornado.com\/wp-content\/uploads\/2024\/12\/Fumot-Digital-12000-Puffs-E-liquid-Indicator-Vape-300x300.png",300,300,true],"woocommerce_single":["https:\/\/vapestornado.com\/wp-content\/uploads\/2024\/12\/Fumot-Digital-12000-Puffs-E-liquid-Indicator-Vape-600x600.png",600,600,true],"woocommerce_gallery_thumbnail":["https:\/\/vapestornado.com\/wp-content\/uploads\/2024\/12\/Fumot-Digital-12000-Puffs-E-liquid-Indicator-Vape-100x100.png",100,100,true]},"uagb_author_info":{"display_name":"ESvicky","author_link":"https:\/\/vapestornado.com\/cs\/author\/"},"uagb_comment_info":0,"uagb_excerpt":"The Fumot Digital Box 12000 Puffs offers 20ml e-liquid, mesh coil flavor, and a digital screen. A compact, rechargeable vape perfect for wholesale buyers in Europe.(our website price not include shipping cost, please contact me to get whole price and your disccount!)","_links":{"self":[{"href":"https:\/\/vapestornado.com\/cs\/wp-json\/wp\/v2\/product\/3302","targetHints":{"allow":["GET"]}}],"collection":[{"href":"https:\/\/vapestornado.com\/cs\/wp-json\/wp\/v2\/product"}],"about":[{"href":"https:\/\/vapestornado.com\/cs\/wp-json\/wp\/v2\/types\/product"}],"replies":[{"embeddable":true,"href":"https:\/\/vapestornado.com\/cs\/wp-json\/wp\/v2\/comments?post=3302"}],"wp:featuredmedia":[{"embeddable":true,"href":"https:\/\/vapestornado.com\/cs\/wp-json\/wp\/v2\/media\/3409"}],"wp:attachment":[{"href":"https:\/\/vapestornado.com\/cs\/wp-json\/wp\/v2\/media?parent=3302"}],"wp:term":[{"taxonomy":"product_brand","embeddable":true,"href":"https:\/\/vapestornado.com\/cs\/wp-json\/wp\/v2\/product_brand?post=3302"},{"taxonomy":"product_cat","embeddable":true,"href":"https:\/\/vapestornado.com\/cs\/wp-json\/wp\/v2\/product_cat?post=3302"},{"taxonomy":"product_tag","embeddable":true,"href":"https:\/\/vapestornado.com\/cs\/wp-json\/wp\/v2\/product_tag?post=3302"}],"curies":[{"name":"wp","href":"https:\/\/api.w.org\/{rel}","templated":true}]}}