{"id":3301,"date":"2024-12-20T08:43:41","date_gmt":"2024-12-20T08:43:41","guid":{"rendered":"https:\/\/vapestornado.com\/?post_type=product&#038;p=3301"},"modified":"2025-08-23T12:25:51","modified_gmt":"2025-08-23T12:25:51","slug":"vookbar-cyber-pro-30000-puffs-disposable-vape-5-wholesale-price","status":"publish","type":"product","link":"https:\/\/vapestornado.com\/cs\/product\/vookbar-cyber-pro-30000-puffs-disposable-vape-5-wholesale-price\/","title":{"rendered":"Vookbar Cyber PRO 30000 pot\u00e1hnut\u00ed Jednor\u00e1zov\u00e1 e-cigareta 5% Velkoobchodn\u00ed cena"},"content":{"rendered":"<h1>Vookbar Cyber PRO 30000 pot\u00e1hnut\u00ed Jednor\u00e1zov\u00e1 e-cigareta 5% Velkoobchodn\u00ed cena<\/h1>\n<p>&nbsp;<\/p>\n<div role=\"article\" data-tabster=\"{&quot;groupper&quot;:{&quot;tabbability&quot;:2},&quot;focusable&quot;:{}}\" data-content=\"ai-message\" aria-labelledby=\"64JRvXrTnY7mRmPkEQLLT-author 64JRvXrTnY7mRmPkEQLLT-content\">\n<div id=\"64JRvXrTnY7mRmPkEQLLT-content\">\n<p>Ten <strong>Vookbar Cyber PRO 30000 Puffs Jednor\u00e1zov\u00e1 e-cigareta<\/strong> nov\u011b definuje hranice modern\u00edho vapingu spojen\u00edm pokro\u010dil\u00e9 technologie s v\u00fdjime\u010dn\u00fdm v\u00fdkonem. Cyber PRO je navr\u017een pro vapery, kte\u0159\u00ed hledaj\u00ed v\u00edc ne\u017e jen oby\u010dejn\u00e9 za\u0159\u00edzen\u00ed, kombinuje inteligentn\u00ed funkce s elegantn\u00edm designem a vytv\u00e1\u0159\u00ed tak skute\u010dn\u011b futuristick\u00fd z\u00e1\u017eitek z vapingu.<\/p>\n<p><strong>Bezkonkuren\u010dn\u00ed v\u00fdkon<\/strong><\/p>\n<p>S p\u016fsobivou <strong>\u017eivotnost 30 tis\u00edc potah\u016f<\/strong>, Vookbar Cyber PRO nab\u00edz\u00ed bezkonkuren\u010dn\u00ed \u017eivotnost, co\u017e z n\u011bj \u010din\u00ed ide\u00e1ln\u00ed volbu pro dlouhodob\u00e9 pou\u017e\u00edv\u00e1n\u00ed. Za\u0159\u00edzen\u00ed je vybaveno <strong>kapacitou 22 ml e-liquidu<\/strong> a m\u00e1 s\u00edlu nikotinu <strong>20 mg\/ml<\/strong>, co\u017e p\u0159in\u00e1\u0161\u00ed konzistentn\u00ed a uspokojivou p\u00e1ru s ka\u017ed\u00fdm potahem. Poh\u00e1n\u011bno robustn\u00ed <strong>2 850mAh dob\u00edjec\u00ed bateri\u00ed<\/strong> a vyu\u017e\u00edvaj\u00edc\u00ed <strong>nab\u00edjec\u00edm portem typu C<\/strong>, Cyber PRO zaji\u0161\u0165uje rychl\u00e9 a spolehliv\u00e9 dob\u00edjen\u00ed pro nep\u0159eru\u0161ovan\u00e9 pou\u017e\u00edv\u00e1n\u00ed.<\/p>\n<p><strong>Integrace chytr\u00e9 technologie<\/strong><\/p>\n<p>Vookbar Cyber PRO p\u0159esahuje tradi\u010dn\u00ed vaping a slou\u017e\u00ed jako multifunk\u010dn\u00ed za\u0159\u00edzen\u00ed, kter\u00e9 se bezprobl\u00e9mov\u011b integruje s va\u0161\u00edm digit\u00e1ln\u00edm \u017eivotn\u00edm stylem. P\u0159ipojuje se p\u0159es <strong>Bluetooth<\/strong> nebo vlastn\u00ed aplikaci, co\u017e umo\u017e\u0148uje chytr\u00e9 funkce, jako jsou:<\/p>\n<ul>\n<li><strong>P\u0159izp\u016fsobiteln\u00e9 nastaven\u00ed vapingu<\/strong> pro p\u0159izp\u016fsoben\u00ed va\u0161eho z\u00e1\u017eitku va\u0161im preferenc\u00edm.<\/li>\n<li><strong>D\u00e1lkov\u00e9 ovl\u00e1d\u00e1n\u00ed fotoapar\u00e1tu<\/strong>, ide\u00e1ln\u00ed pro selfie a kreativn\u00ed fotografii.<\/li>\n<li><strong>Soci\u00e1ln\u00ed upozorn\u011bn\u00ed<\/strong> abyste byli st\u00e1le v obraze.<\/li>\n<li><strong>Mo\u017enosti vlastn\u00edho pozad\u00ed<\/strong>, kter\u00e9 umo\u017e\u0148uj\u00ed personalizaci dynamick\u00e9ho displeje va\u0161eho za\u0159\u00edzen\u00ed.<\/li>\n<li>Integrovan\u00e9 n\u00e1stroje jako <strong>kalkula\u010dka<\/strong>, <strong>mini-hry<\/strong>a dal\u0161\u00ed pro v\u011bt\u0161\u00ed pohodl\u00ed.<\/li>\n<\/ul>\n<figure id=\"attachment_3493\" aria-describedby=\"caption-attachment-3493\" style=\"width: 518px\" class=\"wp-caption alignnone\"><img fetchpriority=\"high\" decoding=\"async\" class=\"wp-image-3493\" src=\"https:\/\/vapestornado.com\/wp-content\/uploads\/2024\/12\/Vookbar-vape-30000-Puffs-Wholesale-Prcie-Disposable-Vapes.jpg\" alt=\"Velkoobchodn\u00ed cena Vookbar vape 30000 Puffs Jednor\u00e1zov\u00e9 Vape\" width=\"518\" height=\"518\" srcset=\"https:\/\/vapestornado.com\/wp-content\/uploads\/2024\/12\/Vookbar-vape-30000-Puffs-Wholesale-Prcie-Disposable-Vapes.jpg 800w, https:\/\/vapestornado.com\/wp-content\/uploads\/2024\/12\/Vookbar-vape-30000-Puffs-Wholesale-Prcie-Disposable-Vapes-300x300.jpg 300w, https:\/\/vapestornado.com\/wp-content\/uploads\/2024\/12\/Vookbar-vape-30000-Puffs-Wholesale-Prcie-Disposable-Vapes-150x150.jpg 150w, https:\/\/vapestornado.com\/wp-content\/uploads\/2024\/12\/Vookbar-vape-30000-Puffs-Wholesale-Prcie-Disposable-Vapes-768x768.jpg 768w, https:\/\/vapestornado.com\/wp-content\/uploads\/2024\/12\/Vookbar-vape-30000-Puffs-Wholesale-Prcie-Disposable-Vapes-600x600.jpg 600w, https:\/\/vapestornado.com\/wp-content\/uploads\/2024\/12\/Vookbar-vape-30000-Puffs-Wholesale-Prcie-Disposable-Vapes-100x100.jpg 100w\" sizes=\"(max-width: 518px) 100vw, 518px\" \/><figcaption id=\"caption-attachment-3493\" class=\"wp-caption-text\">Velkoobchodn\u00ed cena Vookbar vape 30000 Puffs Jednor\u00e1zov\u00e9 Vape<\/figcaption><\/figure>\n<h2><strong>Pro\u010d si vybrat Vookbar Cyber PRO 30000 Puffs vapes?<\/strong><\/h2>\n<ul>\n<li><strong>Inovace<\/strong> Spojuje \u0161pi\u010dkovou technologii s elegantn\u00edm designem.<\/li>\n<li><strong>Masivn\u00ed kapacita:<\/strong> Poskytuje hladk\u00fd, uspokojiv\u00fd z\u00e1\u017eitek z vapingu s kapacitou 30 000 pot\u00e1hnut\u00ed.<\/li>\n<li><strong>P\u0159izp\u016fsobiteln\u00e9 funkce:<\/strong> Upravte v\u00fdkon a vzhled, aby vyhovovaly va\u0161im jedine\u010dn\u00fdm preferenc\u00edm.<\/li>\n<li><strong>Odoln\u00e1 konstrukce:<\/strong> Vysoce kvalitn\u00ed materi\u00e1ly a spolehliv\u00e1 baterie zaji\u0161\u0165uj\u00ed dlouhodob\u00fd v\u00fdkon.<\/li>\n<\/ul>\n<p>A\u0165 u\u017e jste technicky zdatn\u00fd vaper nebo jednodu\u0161e hled\u00e1te v\u00fdkonn\u00e9 a stylov\u00e9 vapingov\u00e9 za\u0159\u00edzen\u00ed, <strong>Jednor\u00e1zov\u00e9 Vape Vookbar Cyber PRO 30000 Puffs<\/strong> nab\u00edz\u00ed kombinaci <strong>inovace<\/strong>, <strong>v\u00fdkonu<\/strong>, a <strong>personalizace<\/strong>. Posu\u0148te sv\u016fj z\u00e1\u017eitek z vapov\u00e1n\u00ed na vy\u0161\u0161\u00ed \u00farove\u0148 je\u0161t\u011b dnes!<\/p>\n<\/div>\n<\/div>\n<p><img decoding=\"async\" class=\"wp-image-2951\" src=\"https:\/\/vapestornado.com\/wp-content\/uploads\/2024\/12\/Wholesale-Disposable-Vape-265x300.jpg\" alt=\"Velkoobchodn\u00ed jednor\u00e1zov\u00e9 Vape\" width=\"295\" height=\"334\" srcset=\"https:\/\/vapestornado.com\/wp-content\/uploads\/2024\/12\/Wholesale-Disposable-Vape-265x300.jpg 265w, https:\/\/vapestornado.com\/wp-content\/uploads\/2024\/12\/Wholesale-Disposable-Vape-768x871.jpg 768w, https:\/\/vapestornado.com\/wp-content\/uploads\/2024\/12\/Wholesale-Disposable-Vape-600x680.jpg 600w, https:\/\/vapestornado.com\/wp-content\/uploads\/2024\/12\/Wholesale-Disposable-Vape.jpg 823w\" sizes=\"(max-width: 295px) 100vw, 295px\" \/><\/p>\n<h6>Pro slevovou cenu kontaktujte Mandy na WhatsApp<a href=\"https:\/\/wa.me\/8618077105796\" target=\"_blank\" rel=\"noopener\">+8618077105796<\/a><\/h6>\n<p>&nbsp;<\/p>\n<div class=\"flex max-w-full flex-col flex-grow\">\n<div class=\"min-h-8 text-message flex w-full flex-col items-end gap-2 whitespace-normal break-words text-start [.text-message+&amp;]:mt-5\" dir=\"auto\" data-message-author-role=\"assistant\" data-message-id=\"cdb991c0-f594-4bff-b2d5-fbbdd7ce9e54\" data-message-model-slug=\"gpt-4o-mini\">\n<div class=\"flex w-full flex-col gap-1 empty:hidden first:pt-[3px]\">\n<div class=\"markdown prose w-full break-words dark:prose-invert light\">\n<h3>Velkoobchodn\u00ed vape Vookbar Cyber PRO 30 000 potah\u016f \u2013 Specifikace<\/h3>\n<ul>\n<li><strong>Velikost:<\/strong> Kompaktn\u00ed a p\u0159enosn\u00fd, <strong>49x24x93mm<\/strong>.<\/li>\n<li><strong>Obrazovka:<\/strong> <strong>2,01palcov\u00fd HD displej<\/strong>, ide\u00e1ln\u00ed pro nastaven\u00ed a ozn\u00e1men\u00ed.<\/li>\n<li><strong>Typ c\u00edvky:<\/strong> <strong>Du\u00e1ln\u00ed mesh c\u00edvka<\/strong> pro bohatou chu\u0165 a hladk\u00e9 mraky.<\/li>\n<li><strong>Kapacita e-liquidu:<\/strong> P\u0159edpln\u011bno s <strong>22ML pr\u00e9miovou e-\u0161\u0165\u00e1vou<\/strong>.<\/li>\n<li><strong>S\u00edla nikotinu:<\/strong> Poskytuje uspokojiv\u00fd <strong>5% nikotinov\u00fd<\/strong> z\u00e1sah.<\/li>\n<li><strong>Baterie:<\/strong> Dlouhotrvaj\u00edc\u00ed <strong>850mAh dob\u00edjec\u00ed bateri\u00ed<\/strong> s rychl\u00fdm <strong>Nab\u00edjen\u00ed typu C<\/strong>.<\/li>\n<li><strong>Re\u017eimy potahu:<\/strong>\n<ul>\n<li><strong>Norm\u00e1ln\u00ed re\u017eim:<\/strong> A\u017e <strong>30 000 potah\u016f<\/strong> pro prodlou\u017een\u00e9 vapov\u00e1n\u00ed.<\/li>\n<li><strong>Re\u017eim v\u00fdkonu:<\/strong> A\u017e <strong>15 000 pot\u00e1hnut\u00ed<\/strong> pro siln\u011bj\u0161\u00ed v\u00fdkon.<\/li>\n<\/ul>\n<\/li>\n<li><strong>Provoz:<\/strong> Jednoduch\u00e9 <strong>ovl\u00e1d\u00e1n\u00ed bo\u010dn\u00edm tla\u010d\u00edtkem<\/strong> pro zapnut\u00ed\/vypnut\u00ed a nastaven\u00ed.<\/li>\n<li><strong>Funkce:<\/strong> Bluetooth p\u0159ipojen\u00ed, ekologick\u00e9 materi\u00e1ly a p\u0159izp\u016fsobiteln\u00e9 re\u017eimy vapov\u00e1n\u00ed.<\/li>\n<\/ul>\n<\/div>\n<\/div>\n<\/div>\n<\/div>\n<div class=\"mb-2 flex gap-3 empty:hidden -ml-2\">\n<h3 class=\"items-center justify-start rounded-xl p-1 flex\"><\/h3>\n<\/div>\n<h3><strong>Seznam p\u0159\u00edchut\u00ed Vookbar Cyber PRO 30k Puffs Vape Pods:<\/strong><\/h3>\n<p>1. Modr\u00e1 malina s ledem<br \/>\n2. Broskev s ledem<br \/>\n3. Hrozny s ledem<br \/>\n4. Jahoda s melounem<br \/>\n5. Jahoda s ban\u00e1nem<br \/>\n6. T\u0159e\u0161e\u0148 s melounem<br \/>\n7. Meloun s ledem<br \/>\n8. Broskev s mangem<br \/>\n9. Jahoda s kiwi<br \/>\n10. B\u00edl\u00e1 jahoda s ledem<br \/>\n11. B\u00edl\u00e9 gumov\u00e9 bonb\u00f3ny s ledem<br \/>\n12. Mra\u017een\u00e1 pinacolada<br \/>\n13. Fcking fab<br \/>\n14. Mojito m\u00edchan\u00e9 bobule<\/p>\n<div role=\"article\" data-tabster=\"{&quot;groupper&quot;:{&quot;tabbability&quot;:2},&quot;focusable&quot;:{}}\" data-content=\"ai-message\" aria-labelledby=\"dARUyEWDoEYhnSPXFwx5A-author dARUyEWDoEYhnSPXFwx5A-content\">\n<div id=\"dARUyEWDoEYhnSPXFwx5A-content\">\n<h4>Pro\u010d si vybrat jednor\u00e1zov\u00e9 vapy Vookbar Cyber PRO 30000 Puffs v <a href=\"https:\/\/vapestornado.com\/cs\/store\/\">vapestornado.com<\/a>?<\/h4>\n<p><strong>1. Obrovsk\u00e1 kapacita potah\u016f:<\/strong><br \/>\nNavr\u017eeno pro dlouhotrvaj\u00edc\u00ed po\u017eitek, <strong>Vookbar Cyber PRO<\/strong> nab\u00edz\u00ed a\u017e <strong>30 000 potah\u016f<\/strong> v Norm\u00e1ln\u00edm re\u017eimu a <strong>15 000 pot\u00e1hnut\u00ed<\/strong> v re\u017eimu Power.<\/p>\n<p><strong>2. \u0160pi\u010dkov\u00e9 funkce:<\/strong><br \/>\nVybaveno <strong>2,01palcov\u00fd HD displej<\/strong>, <strong>technologie du\u00e1ln\u00ed mesh spir\u00e1lky<\/strong>, a <strong>p\u0159izp\u016fsobiteln\u00e9 re\u017eimy vapov\u00e1n\u00ed<\/strong>, kombinuje v\u00fdkon se stylem.<\/p>\n<p><strong>3. Pr\u00e9miov\u00e9 e-liquidy a nikotinov\u00e9 mo\u017enosti:<\/strong><br \/>\nS <strong>22 ml p\u0159edpln\u011bn\u00e9ho e-liquidu<\/strong> a <strong>5% s\u00edla nikotinu<\/strong>, za\u017eijte poka\u017ed\u00e9 hladk\u00e9, chutn\u00e9 a uspokojiv\u00e9 potahy.<\/p>\n<p><strong>4. Inovativn\u00ed a u\u017eivatelsky p\u0159\u00edv\u011btiv\u00fd design:<\/strong><br \/>\nFunkce jako <strong>konektivita Bluetooth<\/strong>, <strong>ovl\u00e1d\u00e1n\u00ed bo\u010dn\u00edm tla\u010d\u00edtkem<\/strong>, a <strong>pohybov\u00fd re\u017eim<\/strong> d\u011blaj\u00ed za\u0159\u00edzen\u00ed snadno pou\u017eiteln\u00fdm a multifunk\u010dn\u00edm.<\/p>\n<p><strong>5. Nakupujte s d\u016fv\u011brou na vapestornado.com:<\/strong><\/p>\n<ul>\n<li>U\u017eijte si <strong>konkuren\u010dn\u00ed ceny<\/strong> na nejnov\u011bj\u0161\u00ed technologie vapingu.<\/li>\n<li>Vyu\u017eijte <strong>rychlou a spolehlivou dopravu<\/strong> po cel\u00e9 Evrop\u011b.<\/li>\n<li>Vyberte si z <strong>exkluzivn\u00ed velkoobchodn\u00ed nab\u00eddky<\/strong> pro hromadn\u00e9 n\u00e1kupy.<\/li>\n<li>Nakupujte bezpe\u010dn\u011b s d\u016fv\u011bryhodn\u00fdmi platebn\u00edmi metodami a vynikaj\u00edc\u00ed z\u00e1kaznickou podporou.<\/li>\n<\/ul>\n<p>Vylep\u0161ete svou vapingovou hru je\u0161t\u011b dnes s <strong>Vookbar Cyber PRO 30K potah\u016f<\/strong> k dispozici v \u010cesk\u00e9 republice <strong>vapestornado.com<\/strong>!<\/p>\n<\/div>\n<\/div>\n<h4>\u010casto kladen\u00e9 ot\u00e1zky o Vookbar Cyber PRO 30000 potah\u016f Dlouhotrvaj\u00edc\u00ed jednor\u00e1zov\u00e9 e-cigarety<\/h4>\n<p>&nbsp;<\/p>\n<h6><strong>1. \u010c\u00edm je jednor\u00e1zov\u00e1 e-cigareta Vookbar Cyber PRO 30 000 potah\u016f tak jedine\u010dn\u00e1?<\/strong><\/h6>\n<ul>\n<li>Za\u0159\u00edzen\u00ed kombinuje <strong>pokro\u010dilou technologii vapov\u00e1n\u00ed<\/strong> s funkcemi jako <strong>p\u0159izp\u016fsobiteln\u00e9 re\u017eimy vapov\u00e1n\u00ed<\/strong>, s <strong>2,01palcov\u00fd HD displej<\/strong>, a <strong>du\u00e1ln\u00ed re\u017eimy potah\u016f<\/strong> pro prodlou\u017een\u00fd nebo siln\u00fd v\u00fdkon.<\/li>\n<\/ul>\n<h6>2. <strong>Kolik potah\u016f mohu z\u00edskat s jednor\u00e1zovou e-cigaretou Vookbar Cyber PRO?<\/strong><\/h6>\n<ul>\n<li>In <strong>Norm\u00e1ln\u00ed re\u017eim<\/strong>, si m\u016f\u017eete u\u017e\u00edt a\u017e <strong>30 000 potah\u016f<\/strong>, zat\u00edmco <strong>V\u00fdkonn\u00fd re\u017eim<\/strong> nab\u00edz\u00ed <strong>15 000 pot\u00e1hnut\u00ed<\/strong> pro intenzivn\u011bj\u0161\u00ed z\u00e1\u017eitek z vapov\u00e1n\u00ed.<\/li>\n<\/ul>\n<h6>3. <strong>Jakou s\u00edlu nikotinu nab\u00edz\u00ed Vookbar 30000 potah\u016f?<\/strong><\/h6>\n<ul>\n<li>Vookbar Cyber PRO obsahuje <strong>5% s\u00edla nikotinu<\/strong>, kter\u00fd poskytuje hladk\u00fd a uspokojiv\u00fd potah.<\/li>\n<\/ul>\n<h6>4. <strong>Jsou Vookbar Cyber PRO dob\u00edjec\u00ed vapky?<\/strong><\/h6>\n<ul>\n<li>Ano, obsahuje <strong>850mAh dob\u00edjec\u00ed bateri\u00ed<\/strong> a podporuje <strong>rychl\u00fdm nab\u00edjen\u00edm typu C<\/strong>.<\/li>\n<\/ul>\n<h6>5. <strong>Pou\u017e\u00edv\u00e1 30k potah\u016f vape vookbar technologii mesh c\u00edvky?<\/strong><\/h6>\n<ul>\n<li>Ano, za\u0159\u00edzen\u00ed obsahuje <strong>technologie du\u00e1ln\u00ed mesh spir\u00e1lky<\/strong> pro konzistentn\u00ed chu\u0165 a hustou produkci p\u00e1ry.<\/li>\n<\/ul>","protected":false},"excerpt":{"rendered":"<div class=\"flex-shrink-0 flex flex-col relative items-end\">\n<div>\n<div class=\"pt-0\">\n<div class=\"gizmo-bot-avatar flex h-8 w-8 items-center justify-center overflow-hidden rounded-full\">\n<div class=\"relative p-1 rounded-sm flex items-center justify-center bg-token-main-surface-primary text-token-text-primary h-8 w-8\"><\/div>\n<\/div>\n<\/div>\n<\/div>\n<\/div>\n<div class=\"group\/conversation-turn relative flex w-full min-w-0 flex-col agent-turn\">\n<div class=\"flex-col gap-1 md:gap-3\">\n<div class=\"flex max-w-full flex-col flex-grow\">\n<div class=\"min-h-8 text-message flex w-full flex-col items-end gap-2 whitespace-normal break-words text-start [.text-message+&amp;]:mt-5\" dir=\"auto\" data-message-author-role=\"assistant\" data-message-id=\"cffa29e8-f112-46da-81c0-9ed74f60547a\" data-message-model-slug=\"gpt-4o\">\n<div class=\"flex w-full flex-col gap-1 empty:hidden first:pt-[3px]\">\n<div class=\"markdown prose w-full break-words dark:prose-invert light\">\n<p>Vookbar Cyber PRO 30000 Puffs Jednor\u00e1zov\u00e1 e-cigareta, 5% nikotinu, elegantn\u00ed design, vysok\u00e1 kapacita, ide\u00e1ln\u00ed pro velkoobchodn\u00ed a hromadn\u00e9 objedn\u00e1vky.<\/p>\n<\/div>\n<\/div>\n<\/div>\n<\/div>\n<\/div>\n<\/div>\n<figure id=\"attachment_2951\" aria-describedby=\"caption-attachment-2951\" style=\"width: 265px\" class=\"wp-caption alignnone\"><img decoding=\"async\" class=\"size-medium wp-image-2951\" src=\"https:\/\/vapestornado.com\/wp-content\/uploads\/2024\/12\/Wholesale-Disposable-Vape-265x300.jpg\" alt=\"Velkoobchodn\u00ed jednor\u00e1zov\u00e9 Vape\" width=\"265\" height=\"300\" srcset=\"https:\/\/vapestornado.com\/wp-content\/uploads\/2024\/12\/Wholesale-Disposable-Vape-265x300.jpg 265w, https:\/\/vapestornado.com\/wp-content\/uploads\/2024\/12\/Wholesale-Disposable-Vape-768x871.jpg 768w, https:\/\/vapestornado.com\/wp-content\/uploads\/2024\/12\/Wholesale-Disposable-Vape-600x680.jpg 600w, https:\/\/vapestornado.com\/wp-content\/uploads\/2024\/12\/Wholesale-Disposable-Vape.jpg 823w\" sizes=\"(max-width: 265px) 100vw, 265px\" \/><figcaption id=\"caption-attachment-2951\" class=\"wp-caption-text\">Pro slevovou cenu kontaktujte Mandy na WhatsApp\u00a0 <a href=\"https:\/\/wa.me\/8618077105796\">+8618077105796<\/a><\/figcaption><\/figure>\n<p>&nbsp;<\/p>","protected":false},"featured_media":3489,"comment_status":"open","ping_status":"closed","template":"","meta":{"_acf_changed":false,"_uag_custom_page_level_css":"","_lmt_disableupdate":"no","_lmt_disable":"","_monsterinsights_skip_tracking":false,"_monsterinsights_sitenote_active":false,"_monsterinsights_sitenote_note":"","_monsterinsights_sitenote_category":0,"site-sidebar-layout":"default","site-content-layout":"","ast-site-content-layout":"default","site-content-style":"default","site-sidebar-style":"default","ast-global-header-display":"","ast-banner-title-visibility":"","ast-main-header-display":"","ast-hfb-above-header-display":"","ast-hfb-below-header-display":"","ast-hfb-mobile-header-display":"","site-post-title":"","ast-breadcrumbs-content":"","ast-featured-img":"","footer-sml-layout":"","ast-disable-related-posts":"","theme-transparent-header-meta":"default","adv-header-id-meta":"","stick-header-meta":"","header-above-stick-meta":"","header-main-stick-meta":"","header-below-stick-meta":"","astra-migrate-meta-layouts":"set","ast-page-background-enabled":"default","ast-page-background-meta":{"desktop":{"background-color":"","background-image":"","background-repeat":"repeat","background-position":"center center","background-size":"auto","background-attachment":"scroll","background-type":"","background-media":"","overlay-type":"","overlay-color":"","overlay-opacity":"","overlay-gradient":""},"tablet":{"background-color":"","background-image":"","background-repeat":"repeat","background-position":"center center","background-size":"auto","background-attachment":"scroll","background-type":"","background-media":"","overlay-type":"","overlay-color":"","overlay-opacity":"","overlay-gradient":""},"mobile":{"background-color":"","background-image":"","background-repeat":"repeat","background-position":"center center","background-size":"auto","background-attachment":"scroll","background-type":"","background-media":"","overlay-type":"","overlay-color":"","overlay-opacity":"","overlay-gradient":""}},"ast-content-background-meta":{"desktop":{"background-color":"var(--ast-global-color-5)","background-image":"","background-repeat":"repeat","background-position":"center center","background-size":"auto","background-attachment":"scroll","background-type":"","background-media":"","overlay-type":"","overlay-color":"","overlay-opacity":"","overlay-gradient":""},"tablet":{"background-color":"var(--ast-global-color-5)","background-image":"","background-repeat":"repeat","background-position":"center center","background-size":"auto","background-attachment":"scroll","background-type":"","background-media":"","overlay-type":"","overlay-color":"","overlay-opacity":"","overlay-gradient":""},"mobile":{"background-color":"var(--ast-global-color-5)","background-image":"","background-repeat":"repeat","background-position":"center center","background-size":"auto","background-attachment":"scroll","background-type":"","background-media":"","overlay-type":"","overlay-color":"","overlay-opacity":"","overlay-gradient":""}},"_joinchat":{"telephone":"+8618077105796"}},"product_brand":[],"product_cat":[67,149,150,154,155],"product_tag":[97,188],"class_list":{"0":"post-3301","1":"product","2":"type-product","3":"status-publish","4":"has-post-thumbnail","6":"product_cat-30000-puff","7":"product_cat-buy-disposable-vapes-in-austria","8":"product_cat-buy-disposable-vapes-in-belgium","9":"product_cat-buy-disposable-vapes-in-netherlands","10":"product_cat-buy-disposable-vapes-in-norway","11":"product_tag-hot-sale-disposable-vape","12":"product_tag-vookbar-cyber-pro-30000-puffs","13":"desktop-align-left","14":"tablet-align-left","15":"mobile-align-left","17":"first","18":"instock","19":"sale","20":"shipping-taxable","21":"purchasable","22":"product-type-simple"},"acf":[],"uagb_featured_image_src":{"full":["https:\/\/vapestornado.com\/wp-content\/uploads\/2024\/12\/Best-Price-Vookbar-30000-Puff-Vapes.jpg",800,800,false],"thumbnail":["https:\/\/vapestornado.com\/wp-content\/uploads\/2024\/12\/Best-Price-Vookbar-30000-Puff-Vapes-150x150.jpg",150,150,true],"medium":["https:\/\/vapestornado.com\/wp-content\/uploads\/2024\/12\/Best-Price-Vookbar-30000-Puff-Vapes-300x300.jpg",300,300,true],"medium_large":["https:\/\/vapestornado.com\/wp-content\/uploads\/2024\/12\/Best-Price-Vookbar-30000-Puff-Vapes-768x768.jpg",768,768,true],"large":["https:\/\/vapestornado.com\/wp-content\/uploads\/2024\/12\/Best-Price-Vookbar-30000-Puff-Vapes.jpg",800,800,false],"1536x1536":["https:\/\/vapestornado.com\/wp-content\/uploads\/2024\/12\/Best-Price-Vookbar-30000-Puff-Vapes.jpg",800,800,false],"2048x2048":["https:\/\/vapestornado.com\/wp-content\/uploads\/2024\/12\/Best-Price-Vookbar-30000-Puff-Vapes.jpg",800,800,false],"trp-custom-language-flag":["https:\/\/vapestornado.com\/wp-content\/uploads\/2024\/12\/Best-Price-Vookbar-30000-Puff-Vapes.jpg",12,12,false],"woocommerce_thumbnail":["https:\/\/vapestornado.com\/wp-content\/uploads\/2024\/12\/Best-Price-Vookbar-30000-Puff-Vapes-300x300.jpg",300,300,true],"woocommerce_single":["https:\/\/vapestornado.com\/wp-content\/uploads\/2024\/12\/Best-Price-Vookbar-30000-Puff-Vapes-600x600.jpg",600,600,true],"woocommerce_gallery_thumbnail":["https:\/\/vapestornado.com\/wp-content\/uploads\/2024\/12\/Best-Price-Vookbar-30000-Puff-Vapes-100x100.jpg",100,100,true]},"uagb_author_info":{"display_name":"ESMANDY","author_link":"https:\/\/vapestornado.com\/cs\/author\/"},"uagb_comment_info":0,"uagb_excerpt":"Vookbar Cyber PRO 30000 Puffs Disposable Vape, 5% nicotine, sleek design, high capacity, ideal for wholesale and bulk orders. [caption id=\"attachment_2951\" align=\"alignnone\" width=\"265\"] Pls Contact Mandy's WhatsApp For Discount Price\u00a0 +8618077105796[\/caption] &nbsp;","_links":{"self":[{"href":"https:\/\/vapestornado.com\/cs\/wp-json\/wp\/v2\/product\/3301","targetHints":{"allow":["GET"]}}],"collection":[{"href":"https:\/\/vapestornado.com\/cs\/wp-json\/wp\/v2\/product"}],"about":[{"href":"https:\/\/vapestornado.com\/cs\/wp-json\/wp\/v2\/types\/product"}],"replies":[{"embeddable":true,"href":"https:\/\/vapestornado.com\/cs\/wp-json\/wp\/v2\/comments?post=3301"}],"wp:featuredmedia":[{"embeddable":true,"href":"https:\/\/vapestornado.com\/cs\/wp-json\/wp\/v2\/media\/3489"}],"wp:attachment":[{"href":"https:\/\/vapestornado.com\/cs\/wp-json\/wp\/v2\/media?parent=3301"}],"wp:term":[{"taxonomy":"product_brand","embeddable":true,"href":"https:\/\/vapestornado.com\/cs\/wp-json\/wp\/v2\/product_brand?post=3301"},{"taxonomy":"product_cat","embeddable":true,"href":"https:\/\/vapestornado.com\/cs\/wp-json\/wp\/v2\/product_cat?post=3301"},{"taxonomy":"product_tag","embeddable":true,"href":"https:\/\/vapestornado.com\/cs\/wp-json\/wp\/v2\/product_tag?post=3301"}],"curies":[{"name":"wp","href":"https:\/\/api.w.org\/{rel}","templated":true}]}}