{"id":3289,"date":"2024-12-20T06:26:27","date_gmt":"2024-12-20T06:26:27","guid":{"rendered":"https:\/\/vapestornado.com\/?post_type=product&#038;p=3289"},"modified":"2025-12-09T08:34:55","modified_gmt":"2025-12-09T08:34:55","slug":"aivono-flash-35000-puffs-rechargeable-disposable-vape-bulk-buy","status":"publish","type":"product","link":"https:\/\/vapestornado.com\/cs\/product\/aivono-flash-35000-puffs-rechargeable-disposable-vape-bulk-buy\/","title":{"rendered":"Aivono Flash 35000 pot\u00e1hnut\u00ed Dob\u00edjec\u00ed jednor\u00e1zov\u00fd vape Hromadn\u00fd n\u00e1kup"},"content":{"rendered":"<h2 class=\"sr-only\">Aivono Flash 35000 Puffs Dob\u00edjec\u00ed Jednor\u00e1zov\u00fd Vaporiz\u00e9r Nastaviteln\u00fd re\u017eim vapov\u00e1n\u00ed a Dvojit\u00e1 s\u00ed\u0165ov\u00e1 c\u00edvka<\/h2>\n<p><strong data-start=\"107\" data-end=\"135\">Aivono Flash 35000 potah\u016f<\/strong> je vysoce kapacitn\u00ed dob\u00edjec\u00ed jednor\u00e1zov\u00fd vaporiz\u00e9r pro vapery, kte\u0159\u00ed cht\u011bj\u00ed dlouhou v\u00fddr\u017e, jasnou kontrolu a tah, kter\u00fd lze p\u0159izp\u016fsobit osobn\u00edmu vkusu. S <strong data-start=\"281\" data-end=\"303\">a\u017e 35 000 potahy<\/strong> a <strong data-start=\"310\" data-end=\"334\">36ml p\u0159edpln\u011bn\u00e1 n\u00e1dr\u017e<\/strong>, je navr\u017een tak, aby vydr\u017eel t\u00fddny m\u00edsto dn\u016f. The <strong data-start=\"386\" data-end=\"404\">du\u00e1ln\u00ed mesh c\u00edvka<\/strong> dod\u00e1v\u00e1 hustou p\u00e1ru a stabiln\u00ed chu\u0165, zat\u00edmco <strong data-start=\"453\" data-end=\"487\">nastaviteln\u00fd pr\u016ftok vzduchu a v\u00fdkon<\/strong> v\u00e1m umo\u017en\u00ed nastavit za\u0159\u00edzen\u00ed podle vlastn\u00edch preferenc\u00ed, m\u00edsto aby jste p\u0159ij\u00edmali univerz\u00e1ln\u00ed tah. A <strong data-start=\"580\" data-end=\"603\">zak\u0159iven\u00fd chytr\u00fd displej<\/strong> v\u00e1s informuje o stavu baterie a kapaliny, a <strong data-start=\"652\" data-end=\"666\">d\u011btsk\u00e1 pojistka<\/strong> p\u0159id\u00e1v\u00e1 vrstvu praktick\u00e9 bezpe\u010dnosti.<\/p>\n<h3 data-start=\"921\" data-end=\"996\">Pro\u010d je Aivono Flash 35000 Puffs dobrou volbou pro vapery v \u010cR?<\/h3>\n<ul data-start=\"998\" data-end=\"1872\">\n<li data-start=\"998\" data-end=\"1192\">\n<p data-start=\"1000\" data-end=\"1192\"><strong data-start=\"1000\" data-end=\"1037\">Kapacita podporovan\u00e1 skute\u010dn\u00fdmi specifikacemi.<\/strong> Tvrzen\u00ed o 35K je podpo\u0159eno <strong data-start=\"1065\" data-end=\"1085\">36 ml e-liquidu<\/strong> a dob\u00edjec\u00ed bateri\u00ed, tak\u017ee za\u0159\u00edzen\u00ed m\u016f\u017ee re\u00e1ln\u011b poskytnout dlouhodob\u00e9 pou\u017eit\u00ed bez p\u0159ed\u010dasn\u00e9ho vysych\u00e1n\u00ed.<\/p>\n<\/li>\n<li data-start=\"1194\" data-end=\"1399\">\n<p data-start=\"1196\" data-end=\"1399\"><strong data-start=\"1196\" data-end=\"1237\">P\u0159izp\u016fsoben\u00ed, kter\u00e9 m\u011bn\u00ed ka\u017edodenn\u00ed pou\u017eit\u00ed.<\/strong> <strong data-start=\"1238\" data-end=\"1283\">Dvourychlostn\u00ed pr\u016ftok vzduchu plus nastaviteln\u00e9 watt\u00e1\u017ee<\/strong> v\u00e1m umo\u017en\u00ed nastavit tah a \u00farove\u0148 p\u00e1ry \u2014 t\u011bsn\u011bj\u0161\u00ed a klidn\u011bj\u0161\u00ed na denn\u00ed pou\u017eit\u00ed, otev\u0159en\u011bj\u0161\u00ed a siln\u011bj\u0161\u00ed, kdy\u017e to chcete.<\/p>\n<\/li>\n<li data-start=\"1401\" data-end=\"1580\">\n<p data-start=\"1403\" data-end=\"1580\"><strong data-start=\"1403\" data-end=\"1443\">Dvojit\u00e9 s\u00ed\u0165ov\u00e9 c\u00edvky udr\u017euj\u00ed chu\u0165 stabiln\u00ed.<\/strong> S\u00ed\u0165ov\u00e9 vyt\u00e1p\u011bn\u00ed rovnom\u011brn\u011b rozv\u00e1d\u00ed teplo. P\u0159i dlouhodob\u00e9m pou\u017e\u00edv\u00e1n\u00ed to znamen\u00e1 <strong data-start=\"1504\" data-end=\"1546\">m\u00e9n\u011b vyblednut\u00ed chuti a m\u00e9n\u011b drsn\u00fdch tah\u016f<\/strong> ve srovn\u00e1n\u00ed se standardn\u00edmi sadami c\u00edvek.<\/p>\n<\/li>\n<li data-start=\"1582\" data-end=\"1757\">\n<p data-start=\"1584\" data-end=\"1757\"><strong data-start=\"1584\" data-end=\"1641\">Dob\u00edjec\u00e1 kobaltov\u00e1 baterie je navr\u017eena pro konzistenci.<\/strong> Ten <strong data-start=\"1646\" data-end=\"1690\">Baterie 850mAh s rychl\u00fdm nab\u00edjen\u00edm Type-C<\/strong> udr\u017euje kr\u00e1tkou dobu odst\u00e1vky a stabiln\u00ed v\u00fdkon, dokud nen\u00ed n\u00e1dr\u017e vypr\u00e1zdn\u011bna.<\/p>\n<\/li>\n<li data-start=\"1759\" data-end=\"1872\">\n<p data-start=\"1761\" data-end=\"1872\"><strong data-start=\"1761\" data-end=\"1787\">Jednoduch\u00e9 bezpe\u010dnostn\u00ed vylep\u0161en\u00ed.<\/strong> Ten <strong data-start=\"1792\" data-end=\"1806\">d\u011btsk\u00e1 pojistka<\/strong> je skute\u010dn\u00fdm p\u0159\u00ednosem pro dom\u00e1cnosti a cestov\u00e1n\u00ed, nikoli trik.<\/p>\n<\/li>\n<\/ul>\n<p><strong>P\u0159idejte si Amyin Whatsapp, z\u00edskejte okam\u017eitou odpov\u011b\u010f a kup\u00f3n na vape!<\/strong><\/p>\n<p><img fetchpriority=\"high\" decoding=\"async\" class=\"size-full wp-image-2932\" src=\"https:\/\/vapestornado.com\/wp-content\/uploads\/2024\/12\/Vape-Wholesale.jpg\" alt=\"Velkoobchod s vape\" width=\"229\" height=\"300\" \/><\/p>\n<h3><a href=\"https:\/\/wa.me\/8617776015835\" target=\"_blank\" rel=\"noopener\"><span style=\"color: #ff0000;\"><strong>WhatsApp: +86 17776015835<\/strong><\/span><\/a><\/h3>\n<p>&nbsp;<\/p>\n<p><span style=\"font-size: 1.5em; font-weight: bold;\">Aivono Flash 35000 Kl\u00ed\u010dov\u00e9 vlastnosti produktu\u00a0<\/span><\/p>\n<div role=\"article\" data-tabster=\"{&quot;groupper&quot;:{&quot;tabbability&quot;:2},&quot;focusable&quot;:{}}\" data-content=\"ai-message\" aria-labelledby=\"juhNTJ6o7Gk1cgwZMJgv2-author juhNTJ6o7Gk1cgwZMJgv2-content\">\n<div id=\"juhNTJ6o7Gk1cgwZMJgv2-content\">\n<div role=\"article\" data-tabster=\"{&quot;groupper&quot;:{&quot;tabbability&quot;:2},&quot;focusable&quot;:{}}\" data-content=\"ai-message\" aria-labelledby=\"x4EZuCZWrTbh3weWUt7CU-author x4EZuCZWrTbh3weWUt7CU-content\">\n<div id=\"x4EZuCZWrTbh3weWUt7CU-content\">\n<table>\n<thead>\n<tr>\n<th>Funkce<\/th>\n<th>Specifikace<\/th>\n<th>Detaily<\/th>\n<\/tr>\n<\/thead>\n<tbody>\n<tr>\n<td>Kapacita pot\u00e1hnut\u00ed<\/td>\n<td>A\u017e 35 000 pot\u00e1hnut\u00ed<\/td>\n<td>Prodlou\u017een\u00e1 \u017eivotnost zam\u011b\u0159en\u00e1 na v\u00edcedenn\u00ed pou\u017eit\u00ed.<\/td>\n<\/tr>\n<tr>\n<td>Objem e-liquidu<\/td>\n<td>36 ml p\u0159ednapln\u011bno<\/td>\n<td>Velk\u00fd rezervo\u00e1r podporuje dlouh\u00e9 sezen\u00ed a stabiln\u00ed v\u00fdkon.<\/td>\n<\/tr>\n<tr>\n<td>Syst\u00e9m c\u00edvek<\/td>\n<td>Du\u00e1ln\u00ed mesh c\u00edvka<\/td>\n<td>Rovnom\u011brn\u00e9 vyt\u00e1p\u011bn\u00ed pro hustou p\u00e1ru a trvalou chu\u0165.<\/td>\n<\/tr>\n<tr>\n<td>Baterie<\/td>\n<td>850mAh dob\u00edjec\u00ed kobaltov\u00e1 baterie<\/td>\n<td>Spolehliv\u00e9 dod\u00e1v\u00e1n\u00ed energie; dob\u00edjejte pro pln\u00e9 vyu\u017eit\u00ed n\u00e1dr\u017ee.<\/td>\n<\/tr>\n<tr>\n<td>Nab\u00edjen\u00ed<\/td>\n<td>rychl\u00e9 nab\u00edjen\u00ed Type-C<\/td>\n<td>Rychl\u00e9 dopl\u0148ky s modern\u00edmi EU-standardn\u00edmi kabely.<\/td>\n<\/tr>\n<tr>\n<td>Pr\u016ftok vzduchu<\/td>\n<td>Nastaviteln\u00e9, dvourychlostn\u00ed<\/td>\n<td>P\u0159ep\u00edn\u00e1n\u00ed mezi t\u011bsn\u011bj\u0161\u00edm MTL a vzdu\u0161n\u011bj\u0161\u00edm DTL stylem.<\/td>\n<\/tr>\n<tr>\n<td>Watt\u00e1\u017e<\/td>\n<td>Nastaviteln\u00fd v\u00fdstup<\/td>\n<td>Personalizuje s\u00edlu a teplo p\u00e1ry.<\/td>\n<\/tr>\n<tr>\n<td>Displej<\/td>\n<td>Chytr\u00fd zak\u0159iven\u00fd displej<\/td>\n<td>\u017div\u00fd stav baterie + e-liquidu, snadno \u010diteln\u00fd.<\/td>\n<\/tr>\n<tr>\n<td>Bezpe\u010dnost<\/td>\n<td>D\u011btsk\u00e1 pojistka<\/td>\n<td>Sni\u017euje n\u00e1hodn\u00e9 aktivace a p\u0159in\u00e1\u0161\u00ed klid na du\u0161i.<\/td>\n<\/tr>\n<tr>\n<td>S\u00edly nikotinu<\/td>\n<td>0% \/ 2% \/ 5% nikotin soli<\/td>\n<td>Bez nikotinu, s n\u00edzk\u00fdmi a siln\u00fdmi mo\u017enostmi.<\/td>\n<\/tr>\n<tr>\n<td>P\u0159\u00edchut\u011b<\/td>\n<td>15 p\u0159\u00edchut\u00ed<\/td>\n<td>\u0160irok\u00e1 \u0161k\u00e1la, v\u010detn\u011b ovocn\u00fdch a chladiv\u00fdch profil\u016f.<\/td>\n<\/tr>\n<\/tbody>\n<\/table>\n<figure id=\"attachment_3284\" aria-describedby=\"caption-attachment-3284\" style=\"width: 800px\" class=\"wp-caption alignnone\"><img decoding=\"async\" class=\"wp-image-3284 size-full\" src=\"https:\/\/vapestornado.com\/wp-content\/uploads\/2024\/12\/AIVONO-FLASH-35000-Disposable-Vape-Wholesale.jpg\" alt=\"Velkoobchod jednor\u00e1zov\u00fdch vap\u016f AIVONO FLASH 35000\" width=\"800\" height=\"800\" srcset=\"https:\/\/vapestornado.com\/wp-content\/uploads\/2024\/12\/AIVONO-FLASH-35000-Disposable-Vape-Wholesale.jpg 800w, https:\/\/vapestornado.com\/wp-content\/uploads\/2024\/12\/AIVONO-FLASH-35000-Disposable-Vape-Wholesale-300x300.jpg 300w, https:\/\/vapestornado.com\/wp-content\/uploads\/2024\/12\/AIVONO-FLASH-35000-Disposable-Vape-Wholesale-150x150.jpg 150w, https:\/\/vapestornado.com\/wp-content\/uploads\/2024\/12\/AIVONO-FLASH-35000-Disposable-Vape-Wholesale-768x768.jpg 768w, https:\/\/vapestornado.com\/wp-content\/uploads\/2024\/12\/AIVONO-FLASH-35000-Disposable-Vape-Wholesale-600x600.jpg 600w, https:\/\/vapestornado.com\/wp-content\/uploads\/2024\/12\/AIVONO-FLASH-35000-Disposable-Vape-Wholesale-100x100.jpg 100w\" sizes=\"(max-width: 800px) 100vw, 800px\" \/><figcaption id=\"caption-attachment-3284\" class=\"wp-caption-text\">Velkoobchod jednor\u00e1zov\u00fdch vap\u016f AIVONO FLASH 35000<\/figcaption><\/figure>\n<\/div>\n<\/div>\n<\/div>\n<\/div>\n<h2 class=\"product-title\"><strong>Obl\u00edben\u00e1 p\u0159\u00edchu\u0165 pro Aivono Flash 35000 Puffs<\/strong><\/h2>\n<h3><\/h3>\n<ol>\n<li>Jahodov\u00fd led<\/li>\n<li>Jahoda Vodn\u00ed meloun<strong> <span style=\"color: #ff0000;\">&gt;&gt;&gt;&gt;&gt; \u017dhav\u00e9 !<\/span><\/strong><\/li>\n<li>Malina T\u0159e\u0161e\u0148<\/li>\n<li>Bor\u016fvka <strong><span style=\"color: #ff0000;\">&gt;&gt;&gt;&gt;&gt; \u017dhav\u00e9 !<\/span><\/strong><\/li>\n<li>Citr\u00f3n a m\u00e1ta<\/li>\n<li>Broskvov\u00e1 \u0161\u0165\u00e1va<\/li>\n<li>Bor\u016fvka a hroznov\u00e9 v\u00edno<\/li>\n<li>Vodn\u00ed meloun s ledem<\/li>\n<li>Jablko a lesn\u00ed plody<\/li>\n<li>Mango Ananas<\/li>\n<li>Modr\u00fd ran\u010d<\/li>\n<li>Jahodov\u00e1 zmrzlina<\/li>\n<li>Hroznov\u00e9 v\u00edno s ledem<\/li>\n<li>Mix lesn\u00edch plod\u016f <strong><span style=\"color: #ff0000;\">&gt;&gt;&gt;&gt;&gt; Nejlep\u0161\u00ed !<\/span><\/strong><\/li>\n<li>Jahoda a kiwi<\/li>\n<\/ol>\n<h3>Pro\u010d si vybrat vapestornado pro velkoobchod s vape Aivono Flash 35000 Puffs?<\/h3>\n<div class=\"flex-shrink-0 flex flex-col relative items-end\">\n<div class=\"pt-0\">\n<div class=\"gizmo-bot-avatar flex h-8 w-8 items-center justify-center overflow-hidden rounded-full\">\n<div class=\"relative p-1 rounded-sm flex items-center justify-center bg-token-main-surface-primary text-token-text-primary h-8 w-8\">\n<p>V\u00edtejte ve vapestornado, va\u0161em d\u016fv\u011bryhodn\u00e9m online obchod\u011b s vapovac\u00edmi pot\u0159ebami pro pr\u00e9miov\u00e9 jednor\u00e1zov\u00e9 vapy. S v\u00edce ne\u017e 5let\u00fdmi zku\u0161enostmi v\u00e1m p\u0159in\u00e1\u0161\u00edme obl\u00edben\u00e9 zna\u010dky jednor\u00e1zov\u00fdch vape, jako jsou Fumot RandM Vape, <a href=\"https:\/\/vapestornado.com\/cs\/product\/vapme-crystal-7000-puffs-rechargeable-disposable-vape-wholesale-cheap-price\/\">Vapme<\/a>, Bang Vape, Waspe Vape a WGA Vape, atd.<\/p>\n<p>N\u00e1\u0161 sortiment zahrnuje \u017ehav\u00e9 vapy, jako je <a href=\"https:\/\/vapestornado.com\/cs\/product\/fumot-randm-tornado-15000-puffs-rechargeable-disposable-vape-wholesale\/\">RandM Tornado 15000<\/a>, a chu\u0165ov\u011b bohat\u00e9 varianty jako <a href=\"https:\/\/vapestornado.com\/cs\/product\/vapsolo-dg-18000-puffs-smart-screen-wholesale-disposable-cheap-vapes\/\">\u00a0Vapsolo DG18000 potah\u016f<\/a> . Ka\u017ed\u00fd produkt je vyb\u00edr\u00e1n s d\u016frazem na kvalitu, hodnotu a rozmanitost, abychom zajistili, \u017ee najdete to prav\u00e9 pro va\u0161e pot\u0159eby. Objevte v\u00fdjime\u010dn\u00e9 slu\u017eby a \u0161irokou \u0161k\u00e1lu \u0161pi\u010dkov\u00fdch produkt\u016f za velkoobchodn\u00ed ceny na vapestornado.<\/p>\n<\/div>\n<h3><\/h3>\n<div class=\"relative p-1 rounded-sm flex items-center justify-center bg-token-main-surface-primary text-token-text-primary h-8 w-8\">\n<h3>\u010casto kladen\u00e9 dotazy k jednor\u00e1zov\u00e9mu vapu Aivono Flash 35k<\/h3>\n<\/div>\n<\/div>\n<\/div>\n<\/div>\n<div class=\"flex-shrink-0 flex flex-col relative items-end\">\n<div class=\"pt-0\">\n<div class=\"gizmo-bot-avatar flex h-8 w-8 items-center justify-center overflow-hidden rounded-full\">\n<div class=\"relative p-1 rounded-sm flex items-center justify-center bg-token-main-surface-primary text-token-text-primary h-8 w-8\">\n<div class=\"mb-2 flex gap-3 empty:hidden -ml-2\">\n<div role=\"article\" data-tabster=\"{&quot;groupper&quot;:{&quot;tabbability&quot;:2},&quot;focusable&quot;:{}}\" data-content=\"ai-message\" aria-labelledby=\"Vdt5ez4X7Tg813x6rFVha-author Vdt5ez4X7Tg813x6rFVha-content\">\n<div id=\"Vdt5ez4X7Tg813x6rFVha-content\">\n<div role=\"article\" data-tabster=\"{&quot;groupper&quot;:{&quot;tabbability&quot;:2},&quot;focusable&quot;:{}}\" data-content=\"ai-message\" aria-labelledby=\"o968oC7CEo2fGHsGdsRYC-author o968oC7CEo2fGHsGdsRYC-content\">\n<div id=\"o968oC7CEo2fGHsGdsRYC-content\">\n<div class=\"flex max-w-full flex-col flex-grow\">\n<div class=\"min-h-8 text-message flex w-full flex-col items-end gap-2 whitespace-normal break-words text-start [.text-message+&amp;]:mt-5\" dir=\"auto\" data-message-author-role=\"assistant\" data-message-id=\"b080906d-586a-45a5-bbed-ade28bd7e809\" data-message-model-slug=\"gpt-4o\">\n<div class=\"flex w-full flex-col gap-1 empty:hidden first:pt-[3px]\">\n<div class=\"markdown prose w-full break-words dark:prose-invert light\">\n<ol data-start=\"3738\" data-end=\"4924\">\n<li data-start=\"3738\" data-end=\"3959\">\n<p data-start=\"3741\" data-end=\"3959\"><strong data-start=\"3741\" data-end=\"3827\">Jak ovliv\u0148uje dvojit\u00e1 s\u00ed\u0165ov\u00e1 c\u00edvka Aivono Flash 35000 Puffs chu\u0165 p\u0159i dlouhodob\u00e9m pou\u017e\u00edv\u00e1n\u00ed?<\/strong><br data-start=\"3827\" data-end=\"3830\" \/>Dvojit\u00e9 s\u00ed\u0165ov\u00e9 c\u00edvky se oh\u0159\u00edvaj\u00ed rovnom\u011brn\u011bji ne\u017e jednovl\u00e1knov\u00e9 c\u00edvky, co\u017e pom\u00e1h\u00e1 udr\u017eet chu\u0165 konzistentn\u00ed i p\u0159i hlub\u0161\u00edm napln\u011bn\u00ed 36ml n\u00e1dr\u017ee.<\/p>\n<\/li>\n<li data-start=\"3961\" data-end=\"4212\">\n<p data-start=\"3964\" data-end=\"4212\"><strong data-start=\"3964\" data-end=\"4065\">Jak\u00fd je p\u0159\u00ednos nastaviteln\u00e9ho v\u00fdkonu u dob\u00edjec\u00edho jednor\u00e1zov\u00e9ho vaporiz\u00e9ru Aivono Flash 35000?<\/strong><br data-start=\"4065\" data-end=\"4068\" \/>Nastaviteln\u00fd v\u00fdkon v\u00e1m umo\u017e\u0148uje ovl\u00e1dat teplotu a intenzitu p\u00e1ry. Ni\u017e\u0161\u00ed nastaven\u00ed vyhovuje jemn\u011bj\u0161\u00edmu denn\u00edmu potahu, vy\u0161\u0161\u00ed nastaven\u00ed vytv\u00e1\u0159\u00ed siln\u011bj\u0161\u00ed oblaky.<\/p>\n<\/li>\n<li data-start=\"4214\" data-end=\"4429\">\n<p data-start=\"4217\" data-end=\"4429\"><strong data-start=\"4217\" data-end=\"4297\">Funguje dvoustup\u0148ov\u00e9 nastaven\u00ed pr\u016ftoku vzduchu Aivono Flash 35K pro u\u017eivatele MTL i DTL?<\/strong><br data-start=\"4297\" data-end=\"4300\" \/>Ano. T\u011bsn\u011bj\u0161\u00ed nastaven\u00ed pr\u016ftoku vzduchu podporuje tahy ve stylu MTL, zat\u00edmco otev\u0159en\u011bj\u0161\u00ed nastaven\u00ed umo\u017e\u0148uje DTL u\u017eivatel\u016fm voln\u011bj\u0161\u00ed a vy\u0161\u0161\u00ed tvorbu p\u00e1ry.<\/p>\n<\/li>\n<li data-start=\"4431\" data-end=\"4670\">\n<p data-start=\"4434\" data-end=\"4670\"><strong data-start=\"4434\" data-end=\"4533\">Dok\u00e1\u017ee dob\u00edjec\u00ed jednor\u00e1zov\u00fd vaporiz\u00e9r Aivono Flash 35000 Type-C vy\u010derpat celou 36ml n\u00e1dr\u017e s e-liquidem?<\/strong><br data-start=\"4533\" data-end=\"4536\" \/>To je \u00fa\u010del jeho dob\u00edjec\u00edho designu. Pokud se baterie vybije d\u0159\u00edve, ne\u017e dojde liquid, rychl\u00e9 dob\u00edjen\u00ed p\u0159es Type-C udr\u017e\u00ed za\u0159\u00edzen\u00ed v chodu.<\/p>\n<\/li>\n<li data-start=\"4672\" data-end=\"4924\">\n<p data-start=\"4675\" data-end=\"4924\"><strong data-start=\"4675\" data-end=\"4785\">Je vaporiz\u00e9r Aivono Flash 35000 Puffs s vysokou kapacitou vhodn\u00fd pro intenzivn\u00ed u\u017eivatele, kte\u0159\u00ed cht\u011bj\u00ed stabiln\u00ed v\u00fdstup p\u00e1ry?<\/strong><br data-start=\"4785\" data-end=\"4788\" \/>Je navr\u017een pro tento re\u017eim: velk\u00e9 mno\u017estv\u00ed liquidu, dvojit\u00e9 s\u00ed\u0165ov\u00e9 c\u00edvky a nastaviteln\u00e9 nap\u00e1jen\u00ed udr\u017euj\u00ed hustotu p\u00e1ry stabiln\u00ed b\u011bhem dlouh\u00fdch seanc\u00ed.<\/p>\n<\/li>\n<\/ol>\n<\/div>\n<\/div>\n<\/div>\n<\/div>\n<\/div>\n<\/div>\n<\/div>\n<\/div>\n<\/div>\n<\/div>\n<\/div>\n<\/div>\n<\/div>","protected":false},"excerpt":{"rendered":"<p>Aivono Aim Flash 35000 potah\u016f 21mg 51mg jednor\u00e1zov\u00e1 vapka s n\u00edzk\u00fdm obsahem nikotinu velkoobchodn\u00ed n\u00e1kup<br \/>\nAivono Flash 35000 potah\u016f dob\u00edjec\u00ed jednor\u00e1zov\u00e1 vapka velkoobchod<br \/>\nLevn\u00e1 tov\u00e1rn\u00ed Aivono Aim Flash 35000 potah\u016f 21mg 51mg jednor\u00e1zov\u00e1 vapka s n\u00edzk\u00fdm obsahem nikotinu<\/p>\n<p><strong>P\u0159idejte si Amy na WhatsApp pro rychlou odpov\u011b\u010f a kup\u00f3n na vapky!<\/strong><\/p>\n<p><img fetchpriority=\"high\" decoding=\"async\" class=\"size-full wp-image-2932\" src=\"https:\/\/vapestornado.com\/wp-content\/uploads\/2024\/12\/Vape-Wholesale.jpg\" alt=\"Velkoobchod s vape\" width=\"229\" height=\"300\" \/><\/p>\n<h3><a href=\"https:\/\/wa.me\/8617776015835\"><span style=\"color: #ff0000;\"><strong>WhatsApp: +86 17776015835<\/strong><\/span><\/a><\/h3>\n<p>&nbsp;<\/p>","protected":false},"featured_media":3283,"comment_status":"open","ping_status":"closed","template":"","meta":{"_acf_changed":false,"_uag_custom_page_level_css":"","_lmt_disableupdate":"no","_lmt_disable":"","_monsterinsights_skip_tracking":false,"_monsterinsights_sitenote_active":false,"_monsterinsights_sitenote_note":"","_monsterinsights_sitenote_category":0,"site-sidebar-layout":"default","site-content-layout":"","ast-site-content-layout":"default","site-content-style":"default","site-sidebar-style":"default","ast-global-header-display":"","ast-banner-title-visibility":"","ast-main-header-display":"","ast-hfb-above-header-display":"","ast-hfb-below-header-display":"","ast-hfb-mobile-header-display":"","site-post-title":"","ast-breadcrumbs-content":"","ast-featured-img":"","footer-sml-layout":"","ast-disable-related-posts":"","theme-transparent-header-meta":"default","adv-header-id-meta":"","stick-header-meta":"","header-above-stick-meta":"","header-main-stick-meta":"","header-below-stick-meta":"","astra-migrate-meta-layouts":"set","ast-page-background-enabled":"default","ast-page-background-meta":{"desktop":{"background-color":"","background-image":"","background-repeat":"repeat","background-position":"center center","background-size":"auto","background-attachment":"scroll","background-type":"","background-media":"","overlay-type":"","overlay-color":"","overlay-opacity":"","overlay-gradient":""},"tablet":{"background-color":"","background-image":"","background-repeat":"repeat","background-position":"center center","background-size":"auto","background-attachment":"scroll","background-type":"","background-media":"","overlay-type":"","overlay-color":"","overlay-opacity":"","overlay-gradient":""},"mobile":{"background-color":"","background-image":"","background-repeat":"repeat","background-position":"center center","background-size":"auto","background-attachment":"scroll","background-type":"","background-media":"","overlay-type":"","overlay-color":"","overlay-opacity":"","overlay-gradient":""}},"ast-content-background-meta":{"desktop":{"background-color":"var(--ast-global-color-5)","background-image":"","background-repeat":"repeat","background-position":"center center","background-size":"auto","background-attachment":"scroll","background-type":"","background-media":"","overlay-type":"","overlay-color":"","overlay-opacity":"","overlay-gradient":""},"tablet":{"background-color":"var(--ast-global-color-5)","background-image":"","background-repeat":"repeat","background-position":"center center","background-size":"auto","background-attachment":"scroll","background-type":"","background-media":"","overlay-type":"","overlay-color":"","overlay-opacity":"","overlay-gradient":""},"mobile":{"background-color":"var(--ast-global-color-5)","background-image":"","background-repeat":"repeat","background-position":"center center","background-size":"auto","background-attachment":"scroll","background-type":"","background-media":"","overlay-type":"","overlay-color":"","overlay-opacity":"","overlay-gradient":""}},"_joinchat":{"telephone":"+8617776015835"}},"product_brand":[],"product_cat":[175,176,151,157,158,142,144],"product_tag":[185,165,97,166,184,94],"class_list":{"0":"post-3289","1":"product","2":"type-product","3":"status-publish","4":"has-post-thumbnail","6":"product_cat-35000-puff","7":"product_cat-aivono-vape","8":"product_cat-buy-disposable-vapes-in-france","9":"product_cat-buy-disposable-vapes-in-portugal","10":"product_cat-buy-disposable-vapes-in-spain","11":"product_cat-digital-box-disposable-vapes","12":"product_cat-low-nicotine-disposable-vapes","13":"product_tag-aivono-flash-35000-puffs","14":"product_tag-cheap-vapes","15":"product_tag-hot-sale-disposable-vape","16":"product_tag-low-nicotine-vape","17":"product_tag-puff-35k","18":"product_tag-rechargeable-disposable-vape","19":"desktop-align-left","20":"tablet-align-left","21":"mobile-align-left","23":"first","24":"instock","25":"sale","26":"shipping-taxable","27":"purchasable","28":"product-type-simple"},"acf":[],"uagb_featured_image_src":{"full":["https:\/\/vapestornado.com\/wp-content\/uploads\/2024\/12\/Aivono-35000-Puffs-Disposable-Vape-Wholesale.jpg",800,800,false],"thumbnail":["https:\/\/vapestornado.com\/wp-content\/uploads\/2024\/12\/Aivono-35000-Puffs-Disposable-Vape-Wholesale-150x150.jpg",150,150,true],"medium":["https:\/\/vapestornado.com\/wp-content\/uploads\/2024\/12\/Aivono-35000-Puffs-Disposable-Vape-Wholesale-300x300.jpg",300,300,true],"medium_large":["https:\/\/vapestornado.com\/wp-content\/uploads\/2024\/12\/Aivono-35000-Puffs-Disposable-Vape-Wholesale-768x768.jpg",768,768,true],"large":["https:\/\/vapestornado.com\/wp-content\/uploads\/2024\/12\/Aivono-35000-Puffs-Disposable-Vape-Wholesale.jpg",800,800,false],"1536x1536":["https:\/\/vapestornado.com\/wp-content\/uploads\/2024\/12\/Aivono-35000-Puffs-Disposable-Vape-Wholesale.jpg",800,800,false],"2048x2048":["https:\/\/vapestornado.com\/wp-content\/uploads\/2024\/12\/Aivono-35000-Puffs-Disposable-Vape-Wholesale.jpg",800,800,false],"trp-custom-language-flag":["https:\/\/vapestornado.com\/wp-content\/uploads\/2024\/12\/Aivono-35000-Puffs-Disposable-Vape-Wholesale.jpg",12,12,false],"woocommerce_thumbnail":["https:\/\/vapestornado.com\/wp-content\/uploads\/2024\/12\/Aivono-35000-Puffs-Disposable-Vape-Wholesale-300x300.jpg",300,300,true],"woocommerce_single":["https:\/\/vapestornado.com\/wp-content\/uploads\/2024\/12\/Aivono-35000-Puffs-Disposable-Vape-Wholesale-600x600.jpg",600,600,true],"woocommerce_gallery_thumbnail":["https:\/\/vapestornado.com\/wp-content\/uploads\/2024\/12\/Aivono-35000-Puffs-Disposable-Vape-Wholesale-100x100.jpg",100,100,true]},"uagb_author_info":{"display_name":"ESAMY","author_link":"https:\/\/vapestornado.com\/cs\/author\/"},"uagb_comment_info":0,"uagb_excerpt":"Aivono Aim Flash 35000 Puffs 2% 5% Low Nicotine Disposable Vape Bulk Buy Price Aivono Flash 35000 Puffs Rechargeable Disposable Vape Wholesale Cheap Factory\u00a0Aivono Aim Flash 35000 Puffs 2% 5% Low Nicotine Disposable Vape Add Amy's whatsapp get right reply and vape vape coupon! WhatsApp: +86 17776015835 &nbsp;","_links":{"self":[{"href":"https:\/\/vapestornado.com\/cs\/wp-json\/wp\/v2\/product\/3289","targetHints":{"allow":["GET"]}}],"collection":[{"href":"https:\/\/vapestornado.com\/cs\/wp-json\/wp\/v2\/product"}],"about":[{"href":"https:\/\/vapestornado.com\/cs\/wp-json\/wp\/v2\/types\/product"}],"replies":[{"embeddable":true,"href":"https:\/\/vapestornado.com\/cs\/wp-json\/wp\/v2\/comments?post=3289"}],"wp:featuredmedia":[{"embeddable":true,"href":"https:\/\/vapestornado.com\/cs\/wp-json\/wp\/v2\/media\/3283"}],"wp:attachment":[{"href":"https:\/\/vapestornado.com\/cs\/wp-json\/wp\/v2\/media?parent=3289"}],"wp:term":[{"taxonomy":"product_brand","embeddable":true,"href":"https:\/\/vapestornado.com\/cs\/wp-json\/wp\/v2\/product_brand?post=3289"},{"taxonomy":"product_cat","embeddable":true,"href":"https:\/\/vapestornado.com\/cs\/wp-json\/wp\/v2\/product_cat?post=3289"},{"taxonomy":"product_tag","embeddable":true,"href":"https:\/\/vapestornado.com\/cs\/wp-json\/wp\/v2\/product_tag?post=3289"}],"curies":[{"name":"wp","href":"https:\/\/api.w.org\/{rel}","templated":true}]}}