{"id":3275,"date":"2024-12-19T09:37:17","date_gmt":"2024-12-19T09:37:17","guid":{"rendered":"https:\/\/vapestornado.com\/?post_type=product&#038;p=3275"},"modified":"2025-08-23T11:21:53","modified_gmt":"2025-08-23T11:21:53","slug":"fumot-tornado-30000-puffs-music-disposable-vape","status":"publish","type":"product","link":"https:\/\/vapestornado.com\/cs\/product\/fumot-tornado-30000-puffs-music-disposable-vape\/","title":{"rendered":"Fumot Tornado 30000 \u0160luk\u016f Hudebn\u00ed Jednor\u00e1zov\u00fd Vape"},"content":{"rendered":"<h1>Fumot Tornado 30000 \u0160luk\u016f Hudebn\u00ed Jednor\u00e1zov\u00fd Vape<\/h1>\n<h2>Co je Fumot Tornado 30000 Puffs Music Disposable Vape?<\/h2>\n<p data-start=\"206\" data-end=\"569\">Ten <strong data-start=\"210\" data-end=\"261\">Fumot Tornado 30000 \u0160luk\u016f Hudebn\u00ed Jednor\u00e1zov\u00fd Vape<\/strong> kombinuje z\u00e1bavu s v\u00fdkonem a nab\u00edz\u00ed velkoobchodn\u00edk\u016fm a maloobchodn\u00edk\u016fm za\u0159\u00edzen\u00ed, kter\u00e9 p\u0159esahuje r\u00e1mec standardn\u00edch jednor\u00e1zov\u00fdch produkt\u016f. S masivn\u00edm <strong data-start=\"399\" data-end=\"423\">Kapacita 30 000 pot\u00e1hnut\u00ed<\/strong> a <strong data-start=\"430\" data-end=\"461\">600mAh<\/strong>, poskytuje prodlou\u017een\u00e9 relace s konzistentn\u00edm v\u00fdstupem, ide\u00e1ln\u00ed pro hromadn\u00e9 n\u00e1kup\u010d\u00ed zam\u011b\u0159en\u00e9 na dlouhodobou hodnotu.<\/p>\n<p data-start=\"571\" data-end=\"885\">Jeho v\u00fdjime\u010dnou vlastnost\u00ed je <strong data-start=\"599\" data-end=\"628\">RGB osv\u011btlen\u00ed synchronizovan\u00e9 s hudbou<\/strong>, vytv\u00e1\u0159ej\u00edc\u00ed dynamickou atmosf\u00e9ru jako v klubu, kter\u00e1 rezonuje s mlad\u0161\u00edmi evropsk\u00fdmi spot\u0159ebiteli. Ve spojen\u00ed s <strong data-start=\"727\" data-end=\"745\">1.0\u03a9 s\u00ed\u0165ov\u00e1 c\u00edvka<\/strong>, Tornado 30K poskytuje hladkou p\u00e1ru, hust\u00e9 mraky a siln\u00e9 pod\u00e1n\u00ed chuti nap\u0159\u00ed\u010d <strong data-start=\"835\" data-end=\"856\">30 jedine\u010dn\u00fdmi mo\u017enostmi<\/strong>\u2014od ovocn\u00fdch po ledov\u00e9 sm\u011bsi.<\/p>\n<p data-start=\"887\" data-end=\"1306\">Ten <strong data-start=\"891\" data-end=\"920\">Rychlonab\u00edjec\u00ed port typu C<\/strong> minimalizuje prostoje, zat\u00edmco mo\u017enosti nikotinu <strong data-start=\"967\" data-end=\"980\">2% a 5%<\/strong> umo\u017e\u0148uj\u00ed flexibilitu pro r\u016fzn\u00e9 segmenty u\u017eivatel\u016f. Elegantn\u00ed, p\u0159enosn\u00fd a poutav\u00fd model je atraktivn\u00ed nejen jako vape, ale tak\u00e9 jako lifestylov\u00fd dopln\u011bk. Pro distributory je jeho <strong data-start=\"1158\" data-end=\"1215\">konkurenceschopn\u00e1 velkoobchodn\u00ed cena a siln\u00e1 p\u0159ita\u017elivost pro reg\u00e1ly<\/strong> z n\u011bj \u010din\u00ed vynikaj\u00edc\u00ed dopln\u011bk invent\u00e1\u0159e v N\u011bmecku, Polsku a \u0161ir\u0161\u00edch regionech EU.<\/p>\n<h3><strong>Vlastnosti produktu<\/strong><\/h3>\n<ul>\n<li><strong>Vysok\u00fd po\u010det potah\u016f<\/strong>: Poskytuje a\u017e 30 000 pot\u00e1hnut\u00ed pro del\u0161\u00ed pou\u017e\u00edv\u00e1n\u00ed.<\/li>\n<li><strong>Sv\u011btla synchronizovan\u00e1 s hudbou<\/strong>: LED sv\u011btla, kter\u00e1 se m\u011bn\u00ed s rytmem va\u0161\u00ed hudby.<\/li>\n<li><strong>Pr\u00e9miov\u00e1 mesh spir\u00e1lka<\/strong>: 1,0\u03a9 mesh spir\u00e1lka zaji\u0161\u0165uje hladkou p\u00e1ru a plnou chu\u0165.<\/li>\n<li><strong>Dob\u00edjec\u00ed baterie<\/strong>: 600mAh baterie s rychl\u00fdm nab\u00edjen\u00edm Type-C.<\/li>\n<li><strong>\u0160irok\u00fd v\u00fdb\u011br p\u0159\u00edchut\u00ed<\/strong>: 30 jedine\u010dn\u00fdch p\u0159\u00edchut\u00ed pro uspokojen\u00ed v\u0161ech preferenc\u00ed.<\/li>\n<\/ul>\n<p><img fetchpriority=\"high\" decoding=\"async\" class=\"alignnone size-full wp-image-3277\" src=\"https:\/\/vapestornado.com\/wp-content\/uploads\/2024\/12\/Fumot-Tornado-Vape-30000-Puffs-Wholesale-Store.png\" alt=\"Fumot Tornado Vape 30000 pot\u00e1hnut\u00ed Velkoobchodn\u00ed prodejna\" width=\"900\" height=\"416\" srcset=\"https:\/\/vapestornado.com\/wp-content\/uploads\/2024\/12\/Fumot-Tornado-Vape-30000-Puffs-Wholesale-Store.png 900w, https:\/\/vapestornado.com\/wp-content\/uploads\/2024\/12\/Fumot-Tornado-Vape-30000-Puffs-Wholesale-Store-300x139.png 300w, https:\/\/vapestornado.com\/wp-content\/uploads\/2024\/12\/Fumot-Tornado-Vape-30000-Puffs-Wholesale-Store-768x355.png 768w, https:\/\/vapestornado.com\/wp-content\/uploads\/2024\/12\/Fumot-Tornado-Vape-30000-Puffs-Wholesale-Store-600x277.png 600w\" sizes=\"(max-width: 900px) 100vw, 900px\" \/><img decoding=\"async\" class=\"alignnone size-full wp-image-3281\" src=\"https:\/\/vapestornado.com\/wp-content\/uploads\/2024\/12\/30000-Puffs-Fumot-Tornado-Disposable-Vape-Wholesale.png\" alt=\"30000 pot\u00e1hnut\u00ed Fumot Tornado Jednor\u00e1zov\u00e1 vapka Velkoobchod\" width=\"900\" height=\"393\" srcset=\"https:\/\/vapestornado.com\/wp-content\/uploads\/2024\/12\/30000-Puffs-Fumot-Tornado-Disposable-Vape-Wholesale.png 900w, https:\/\/vapestornado.com\/wp-content\/uploads\/2024\/12\/30000-Puffs-Fumot-Tornado-Disposable-Vape-Wholesale-300x131.png 300w, https:\/\/vapestornado.com\/wp-content\/uploads\/2024\/12\/30000-Puffs-Fumot-Tornado-Disposable-Vape-Wholesale-768x335.png 768w, https:\/\/vapestornado.com\/wp-content\/uploads\/2024\/12\/30000-Puffs-Fumot-Tornado-Disposable-Vape-Wholesale-600x262.png 600w\" sizes=\"(max-width: 900px) 100vw, 900px\" \/> <img decoding=\"async\" class=\"alignnone size-full wp-image-3282\" src=\"https:\/\/vapestornado.com\/wp-content\/uploads\/2024\/12\/Bulk-Fumot-Tornado-30K-Disposable-Vape-Music-Edition.png\" alt=\"\" width=\"900\" height=\"392\" srcset=\"https:\/\/vapestornado.com\/wp-content\/uploads\/2024\/12\/Bulk-Fumot-Tornado-30K-Disposable-Vape-Music-Edition.png 900w, https:\/\/vapestornado.com\/wp-content\/uploads\/2024\/12\/Bulk-Fumot-Tornado-30K-Disposable-Vape-Music-Edition-300x131.png 300w, https:\/\/vapestornado.com\/wp-content\/uploads\/2024\/12\/Bulk-Fumot-Tornado-30K-Disposable-Vape-Music-Edition-768x335.png 768w, https:\/\/vapestornado.com\/wp-content\/uploads\/2024\/12\/Bulk-Fumot-Tornado-30K-Disposable-Vape-Music-Edition-600x261.png 600w\" sizes=\"(max-width: 900px) 100vw, 900px\" \/> <img loading=\"lazy\" decoding=\"async\" class=\"alignnone size-full wp-image-3276\" src=\"https:\/\/vapestornado.com\/wp-content\/uploads\/2024\/12\/Fumot-Tornado-30K-Music-Vape-for-Sale.png\" alt=\"Fumot Tornado 30K Hudebn\u00ed vapka na prodej\" width=\"900\" height=\"439\" srcset=\"https:\/\/vapestornado.com\/wp-content\/uploads\/2024\/12\/Fumot-Tornado-30K-Music-Vape-for-Sale.png 900w, https:\/\/vapestornado.com\/wp-content\/uploads\/2024\/12\/Fumot-Tornado-30K-Music-Vape-for-Sale-300x146.png 300w, https:\/\/vapestornado.com\/wp-content\/uploads\/2024\/12\/Fumot-Tornado-30K-Music-Vape-for-Sale-768x375.png 768w, https:\/\/vapestornado.com\/wp-content\/uploads\/2024\/12\/Fumot-Tornado-30K-Music-Vape-for-Sale-600x293.png 600w\" sizes=\"(max-width: 900px) 100vw, 900px\" \/><\/p>\n<h2>Fumot Tornado 30000 Potah\u016f<strong> Seznam p\u0159\u00edchut\u00ed:<\/strong><\/h2>\n<ol>\n<li>Ban\u00e1nov\u00e1 Led<\/li>\n<li>\u010cern\u00fd led<\/li>\n<li>Ledov\u00e1 modr\u00e1 malina<\/li>\n<li>Bor\u016fvka s ledem<\/li>\n<li>Bor\u016fvka Malina<\/li>\n<li>Bor\u016fvka kysel\u00e1 malina<\/li>\n<li>T\u0159e\u0161\u0148ov\u00e1 Led<\/li>\n<li>T\u0159e\u0161\u0148ov\u00e1 Cola<\/li>\n<li>Cola Led<\/li>\n<li>Chladiv\u00e1 m\u00e1ta<\/li>\n<li>Dvojit\u00e1 Jablko<\/li>\n<li>Dr Blue<\/li>\n<li>Hroznov\u00e9 v\u00edno s ledem<\/li>\n<li>Ledov\u00e1 l\u00edz\u00e1tko<\/li>\n<li>Kiwi Marakuja Guava<\/li>\n<li>L\u00e1ska 66<\/li>\n<li>Ledov\u00e1 sv\u011b\u017eest<\/li>\n<li>Mix bobul\u00ed<\/li>\n<li>Broskev bobule<\/li>\n<li>Broskvov\u00fd led<\/li>\n<li>Broskev Mango Ananas<\/li>\n<li>Ananasov\u00fd led<\/li>\n<li>R\u016f\u017eov\u00e1 limon\u00e1da<\/li>\n<li>Skittles<\/li>\n<li>Jahoda Ban\u00e1n<\/li>\n<li>Jahoda Hroznov\u00e9 v\u00edno<\/li>\n<li>Jahodov\u00fd led<\/li>\n<li>Jahoda Vodn\u00ed meloun<\/li>\n<li>Trojit\u00e9 mango<\/li>\n<li>Vimto<\/li>\n<\/ol>\n<h3>Fumot Tornado 30000 pot\u00e1hnut\u00ed \u2013 5 nejlep\u0161\u00edch p\u0159\u00edchut\u00ed<\/h3>\n<ol>\n<li><strong>Ban\u00e1nov\u00e1 Led<\/strong>: Sladk\u00fd ban\u00e1n s chladiv\u00fdm mentolov\u00fdm z\u00e1v\u011brem.<\/li>\n<li><strong>Bor\u016fvka kysel\u00e1 malina<\/strong>: Pikantn\u00ed bor\u016fvka s kysel\u00fdm malinov\u00fdm n\u00e1dechem.<\/li>\n<li><strong>Kiwi Marakuja Guava<\/strong>: Tropick\u00e1 sm\u011bs exotick\u00e9ho ovoce.<\/li>\n<li><strong>Broskev Mango Ananas<\/strong>: \u0160\u0165avnat\u00e1 f\u00faze broskve, manga a ananasu.<\/li>\n<li><strong>Cola Led<\/strong>: Klasick\u00e1 p\u0159\u00edchu\u0165 koly s osv\u011b\u017euj\u00edc\u00edm ledov\u00fdm dotekem.<\/li>\n<\/ol>\n<h2>Pro\u010d si vybrat jednor\u00e1zovou e-cigaretu Fumot RandM 30000 pot\u00e1hnut\u00ed?<\/h2>\n<ul>\n<li><strong>Bezkonkuren\u010dn\u00ed \u017eivotnost<\/strong>: Obrovsk\u00e1 kapacita 30 000 pot\u00e1hnut\u00ed p\u0159ekon\u00e1v\u00e1 typick\u00e1 jednor\u00e1zov\u00e1 za\u0159\u00edzen\u00ed.<\/li>\n<li><strong>Pohlcuj\u00edc\u00ed z\u00e1\u017eitek<\/strong>: LED sv\u011btla se synchronizuj\u00ed s va\u0161\u00ed hudbou a vytv\u00e1\u0159ej\u00ed jedine\u010dnou atmosf\u00e9ru vapingu.<\/li>\n<li><strong>\u0160pi\u010dkov\u00fd v\u00fdkon<\/strong>: Pr\u00e9miov\u00e1 mesh spir\u00e1lka zaji\u0161\u0165uje konzistentn\u00ed p\u00e1ru a v\u00fdraznou chu\u0165.<\/li>\n<li><strong>Dob\u00edjec\u00ed pohodl\u00ed<\/strong>: Port typu C umo\u017e\u0148uje rychl\u00e9 a spolehliv\u00e9 nab\u00edjen\u00ed pro del\u0161\u00ed pou\u017e\u00edv\u00e1n\u00ed.<\/li>\n<li><strong>Rozmanitost chut\u00ed<\/strong>: 30 lahodn\u00fdch mo\u017enost\u00ed, kter\u00e9 uspokoj\u00ed ka\u017edou chu\u0165.<\/li>\n<\/ul>\n<h4>Fumot Tornado 30000 velkoobchod Kontaktujte n\u00e1s a z\u00edskejte slevu!<\/h4>\n<figure id=\"attachment_2921\" aria-describedby=\"caption-attachment-2921\" style=\"width: 887px\" class=\"wp-caption alignnone\"><img loading=\"lazy\" decoding=\"async\" class=\"size-large wp-image-2921\" src=\"https:\/\/vapestornado.com\/wp-content\/uploads\/2024\/11\/20062b3a285f900e79520aad496b94d-887x1024.jpg\" alt=\"vapestornado Vicky\" width=\"887\" height=\"1024\" srcset=\"https:\/\/vapestornado.com\/wp-content\/uploads\/2024\/11\/20062b3a285f900e79520aad496b94d-887x1024.jpg 887w, https:\/\/vapestornado.com\/wp-content\/uploads\/2024\/11\/20062b3a285f900e79520aad496b94d-260x300.jpg 260w, https:\/\/vapestornado.com\/wp-content\/uploads\/2024\/11\/20062b3a285f900e79520aad496b94d-768x887.jpg 768w, https:\/\/vapestornado.com\/wp-content\/uploads\/2024\/11\/20062b3a285f900e79520aad496b94d-600x693.jpg 600w, https:\/\/vapestornado.com\/wp-content\/uploads\/2024\/11\/20062b3a285f900e79520aad496b94d.jpg 1080w\" sizes=\"(max-width: 887px) 100vw, 887px\" \/><figcaption id=\"caption-attachment-2921\" class=\"wp-caption-text\">vapestornado Vicky<\/figcaption><\/figure>","protected":false},"excerpt":{"rendered":"<p data-start=\"1346\" data-end=\"1528\">Ten <strong data-start=\"1350\" data-end=\"1384\">Fumot Tornado 30000 Hudebn\u00ed Vape<\/strong> nab\u00edz\u00ed 30 tis\u00edc pot\u00e1hnut\u00ed, RGB hudebn\u00ed sv\u011btla a dob\u00edjec\u00ed 600mAh baterii. Stylov\u00e9 jednor\u00e1zov\u00e9 za\u0159\u00edzen\u00ed navr\u017een\u00e9 pro <strong data-start=\"1490\" data-end=\"1525\">velkoobchodn\u00ed odb\u011bratele v Evrop\u011b<\/strong>.<\/p>\n<p><strong><span style=\"color: #ff0000;\">(cena na na\u0161em webu nezahrnuje n\u00e1klady na dopravu, kontaktujte m\u011b, abyste z\u00edskali celkovou cenu a va\u0161i slevu!)<\/span><\/strong><\/p>\n<p><img loading=\"lazy\" decoding=\"async\" class=\"size-medium wp-image-2921\" src=\"https:\/\/vapestornado.com\/wp-content\/uploads\/2024\/11\/20062b3a285f900e79520aad496b94d-260x300.jpg\" alt=\"vapestornado Vicky\" width=\"260\" height=\"300\" srcset=\"https:\/\/vapestornado.com\/wp-content\/uploads\/2024\/11\/20062b3a285f900e79520aad496b94d-260x300.jpg 260w, https:\/\/vapestornado.com\/wp-content\/uploads\/2024\/11\/20062b3a285f900e79520aad496b94d-887x1024.jpg 887w, https:\/\/vapestornado.com\/wp-content\/uploads\/2024\/11\/20062b3a285f900e79520aad496b94d-768x887.jpg 768w, https:\/\/vapestornado.com\/wp-content\/uploads\/2024\/11\/20062b3a285f900e79520aad496b94d-600x693.jpg 600w, https:\/\/vapestornado.com\/wp-content\/uploads\/2024\/11\/20062b3a285f900e79520aad496b94d.jpg 1080w\" sizes=\"(max-width: 260px) 100vw, 260px\" \/><\/p>","protected":false},"featured_media":3278,"comment_status":"open","ping_status":"closed","template":"","meta":{"_acf_changed":false,"_uag_custom_page_level_css":"","_lmt_disableupdate":"no","_lmt_disable":"","_monsterinsights_skip_tracking":false,"_monsterinsights_sitenote_active":false,"_monsterinsights_sitenote_note":"","_monsterinsights_sitenote_category":0,"site-sidebar-layout":"default","site-content-layout":"","ast-site-content-layout":"default","site-content-style":"default","site-sidebar-style":"default","ast-global-header-display":"","ast-banner-title-visibility":"","ast-main-header-display":"","ast-hfb-above-header-display":"","ast-hfb-below-header-display":"","ast-hfb-mobile-header-display":"","site-post-title":"","ast-breadcrumbs-content":"","ast-featured-img":"","footer-sml-layout":"","ast-disable-related-posts":"","theme-transparent-header-meta":"default","adv-header-id-meta":"","stick-header-meta":"","header-above-stick-meta":"","header-main-stick-meta":"","header-below-stick-meta":"","astra-migrate-meta-layouts":"set","ast-page-background-enabled":"default","ast-page-background-meta":{"desktop":{"background-color":"","background-image":"","background-repeat":"repeat","background-position":"center center","background-size":"auto","background-attachment":"scroll","background-type":"","background-media":"","overlay-type":"","overlay-color":"","overlay-opacity":"","overlay-gradient":""},"tablet":{"background-color":"","background-image":"","background-repeat":"repeat","background-position":"center center","background-size":"auto","background-attachment":"scroll","background-type":"","background-media":"","overlay-type":"","overlay-color":"","overlay-opacity":"","overlay-gradient":""},"mobile":{"background-color":"","background-image":"","background-repeat":"repeat","background-position":"center center","background-size":"auto","background-attachment":"scroll","background-type":"","background-media":"","overlay-type":"","overlay-color":"","overlay-opacity":"","overlay-gradient":""}},"ast-content-background-meta":{"desktop":{"background-color":"var(--ast-global-color-5)","background-image":"","background-repeat":"repeat","background-position":"center center","background-size":"auto","background-attachment":"scroll","background-type":"","background-media":"","overlay-type":"","overlay-color":"","overlay-opacity":"","overlay-gradient":""},"tablet":{"background-color":"var(--ast-global-color-5)","background-image":"","background-repeat":"repeat","background-position":"center center","background-size":"auto","background-attachment":"scroll","background-type":"","background-media":"","overlay-type":"","overlay-color":"","overlay-opacity":"","overlay-gradient":""},"mobile":{"background-color":"var(--ast-global-color-5)","background-image":"","background-repeat":"repeat","background-position":"center center","background-size":"auto","background-attachment":"scroll","background-type":"","background-media":"","overlay-type":"","overlay-color":"","overlay-opacity":"","overlay-gradient":""}},"_joinchat":{"telephone":"+8618077105750"}},"product_brand":[],"product_cat":[67,152,158,159,142,58,144,148],"product_tag":[],"class_list":{"0":"post-3275","1":"product","2":"type-product","3":"status-publish","4":"has-post-thumbnail","6":"product_cat-30000-puff","7":"product_cat-buy-disposable-vapes-in-cermany","8":"product_cat-buy-disposable-vapes-in-spain","9":"product_cat-buy-disposable-vapes-in-sweden","10":"product_cat-digital-box-disposable-vapes","11":"product_cat-fumot-vape","12":"product_cat-low-nicotine-disposable-vapes","13":"product_cat-tornado-disposable-vapes","14":"desktop-align-left","15":"tablet-align-left","16":"mobile-align-left","18":"first","19":"instock","20":"sale","21":"shipping-taxable","22":"purchasable","23":"product-type-simple"},"acf":[],"uagb_featured_image_src":{"full":["https:\/\/vapestornado.com\/wp-content\/uploads\/2024\/12\/Fumot-Vape-Wholesale-Store-Best-Prices.jpg",900,900,false],"thumbnail":["https:\/\/vapestornado.com\/wp-content\/uploads\/2024\/12\/Fumot-Vape-Wholesale-Store-Best-Prices-150x150.jpg",150,150,true],"medium":["https:\/\/vapestornado.com\/wp-content\/uploads\/2024\/12\/Fumot-Vape-Wholesale-Store-Best-Prices-300x300.jpg",300,300,true],"medium_large":["https:\/\/vapestornado.com\/wp-content\/uploads\/2024\/12\/Fumot-Vape-Wholesale-Store-Best-Prices-768x768.jpg",768,768,true],"large":["https:\/\/vapestornado.com\/wp-content\/uploads\/2024\/12\/Fumot-Vape-Wholesale-Store-Best-Prices.jpg",900,900,false],"1536x1536":["https:\/\/vapestornado.com\/wp-content\/uploads\/2024\/12\/Fumot-Vape-Wholesale-Store-Best-Prices.jpg",900,900,false],"2048x2048":["https:\/\/vapestornado.com\/wp-content\/uploads\/2024\/12\/Fumot-Vape-Wholesale-Store-Best-Prices.jpg",900,900,false],"trp-custom-language-flag":["https:\/\/vapestornado.com\/wp-content\/uploads\/2024\/12\/Fumot-Vape-Wholesale-Store-Best-Prices.jpg",12,12,false],"woocommerce_thumbnail":["https:\/\/vapestornado.com\/wp-content\/uploads\/2024\/12\/Fumot-Vape-Wholesale-Store-Best-Prices-300x300.jpg",300,300,true],"woocommerce_single":["https:\/\/vapestornado.com\/wp-content\/uploads\/2024\/12\/Fumot-Vape-Wholesale-Store-Best-Prices-600x600.jpg",600,600,true],"woocommerce_gallery_thumbnail":["https:\/\/vapestornado.com\/wp-content\/uploads\/2024\/12\/Fumot-Vape-Wholesale-Store-Best-Prices-100x100.jpg",100,100,true]},"uagb_author_info":{"display_name":"ESvicky","author_link":"https:\/\/vapestornado.com\/cs\/author\/"},"uagb_comment_info":0,"uagb_excerpt":"The Fumot Tornado 30000 Music Vape offers 30K puffs, RGB music lights, and a rechargeable 600mAh battery. A stylish disposable designed for wholesale bulk buyers in Europe. (our website price not include shipping cost, please contact me to get whole price and your disccount!)","_links":{"self":[{"href":"https:\/\/vapestornado.com\/cs\/wp-json\/wp\/v2\/product\/3275","targetHints":{"allow":["GET"]}}],"collection":[{"href":"https:\/\/vapestornado.com\/cs\/wp-json\/wp\/v2\/product"}],"about":[{"href":"https:\/\/vapestornado.com\/cs\/wp-json\/wp\/v2\/types\/product"}],"replies":[{"embeddable":true,"href":"https:\/\/vapestornado.com\/cs\/wp-json\/wp\/v2\/comments?post=3275"}],"wp:featuredmedia":[{"embeddable":true,"href":"https:\/\/vapestornado.com\/cs\/wp-json\/wp\/v2\/media\/3278"}],"wp:attachment":[{"href":"https:\/\/vapestornado.com\/cs\/wp-json\/wp\/v2\/media?parent=3275"}],"wp:term":[{"taxonomy":"product_brand","embeddable":true,"href":"https:\/\/vapestornado.com\/cs\/wp-json\/wp\/v2\/product_brand?post=3275"},{"taxonomy":"product_cat","embeddable":true,"href":"https:\/\/vapestornado.com\/cs\/wp-json\/wp\/v2\/product_cat?post=3275"},{"taxonomy":"product_tag","embeddable":true,"href":"https:\/\/vapestornado.com\/cs\/wp-json\/wp\/v2\/product_tag?post=3275"}],"curies":[{"name":"wp","href":"https:\/\/api.w.org\/{rel}","templated":true}]}}